{"id":4544,"date":"2025-04-16T10:35:06","date_gmt":"2025-04-16T10:35:06","guid":{"rendered":"https:\/\/goldenclubcabanas.com\/como-chegar\/"},"modified":"2025-10-23T11:26:27","modified_gmt":"2025-10-23T11:26:27","slug":"getting-here","status":"publish","type":"page","link":"https:\/\/goldenclubcabanas.com\/en\/location\/getting-here\/","title":{"rendered":"How to get here"},"content":{"rendered":"\n<div class=\"dng-hero-section gb-element-ad5e12b0\">\n<div class=\"dng-content-section gb-element-f107ff14\">\n<h1 class=\"gb-text lg-font gb-text-cf0761bb\" data-aos=\"fade-up\" data-aos-anchor-placement=\"top-bottom\" data-aos-duration=\"1500\">How to get to Golden Club Cabanas<\/h1>\n\n\n\n<p class=\"gb-text gb-text-04aebd74 body1\" data-aos-anchor-placement=\"top-bottom\" data-aos=\"fade-up\" data-aos-duration=\"2000\">Find the best way to reach Golden Club Cabanas with ease and comfort.<\/p>\n<\/div>\n<\/div>\n\n\n\n<div class=\"dng-section-space\">\n<div class=\"dng-content-section no-overflow\">\n<h2 class=\"gb-text gb-text-1c5616bf title1\" data-aos=\"fade-up\" data-aos-duration=\"1600\">All roads lead to\u2026Golden!<\/h2>\n\n\n\n<p class=\"gb-text gb-text-68a3f148 body2\" data-aos=\"fade-up\" data-aos-duration=\"1800\">Golden Club Cabanas is only a few minutes from Tavira, with fast access by road, train, or plane. Regardless of your starting point, there is an ideal route to bring you to this seaside retreat.<\/p>\n\n\n\n<div class=\"gb-element-24d22c98\">\n<div class=\"gb-element-cfdae96b\">\n<figure class=\"wp-block-image size-full\"><img loading=\"lazy\" decoding=\"async\" width=\"546\" height=\"384\" src=\"https:\/\/goldenclubcabanas.com\/wp-content\/uploads\/2025\/07\/como-chegar-1.jpg\" alt=\"\" class=\"wp-image-3692\" srcset=\"https:\/\/goldenclubcabanas.com\/wp-content\/uploads\/2025\/07\/como-chegar-1.jpg 546w, https:\/\/goldenclubcabanas.com\/wp-content\/uploads\/2025\/07\/como-chegar-1-300x211.jpg 300w\" sizes=\"auto, (max-width: 546px) 100vw, 546px\" \/><\/figure>\n<\/div>\n\n\n\n<div class=\"gb-element-34f42c3b\">\n<figure class=\"wp-block-image size-full\"><img loading=\"lazy\" decoding=\"async\" width=\"546\" height=\"384\" src=\"https:\/\/goldenclubcabanas.com\/wp-content\/uploads\/2025\/07\/como-chegar-2.jpg\" alt=\"\" class=\"wp-image-3696\" srcset=\"https:\/\/goldenclubcabanas.com\/wp-content\/uploads\/2025\/07\/como-chegar-2.jpg 546w, https:\/\/goldenclubcabanas.com\/wp-content\/uploads\/2025\/07\/como-chegar-2-300x211.jpg 300w\" sizes=\"auto, (max-width: 546px) 100vw, 546px\" \/><\/figure>\n<\/div>\n<\/div>\n<\/div>\n<\/div>\n\n\n\n<div class=\"dng-section-space\">\n<div class=\"dng-content-section\">\n<div class=\"dng-faqs-wrap\">\n<div class=\"gb-accordion\">\n<div class=\"gb-accordion__item dng-map-accordion-Item gb-accordion__item-f3f838fe\">\n<div role=\"button\" tabindex=\"0\" class=\"gb-accordion__toggle gb-accordion__toggle-a9cb7544\" id=\"gb-accordion-toggle-a9cb7544\">\n<h3 class=\"gb-text gb-text-cb6e703e\">By Plane<\/h3>\n\n\n\n<span class=\"gb-accordion__toggle-icon gb-accordion__toggle-icon-92913945\"><span class=\"gb-accordion__toggle-icon-open\">\n<svg width=\"20\" height=\"10\" viewBox=\"0 0 20 10\" fill=\"none\" xmlns=\"http:\/\/www.w3.org\/2000\/svg\">\n<path d=\"M19.4794 0.519286L19.4795 0.519404C19.7173 0.75279 19.85 1.06772 19.85 1.3952C19.85 1.72259 19.7173 2.03743 19.4797 2.2708C19.4797 2.27086 19.4796 2.27093 19.4795 2.27099L12.9235 8.66947C12.1484 9.425 11.097 9.85 10 9.85C8.903 9.85 7.85157 9.425 7.07647 8.66947L0.520458 2.27099C0.520407 2.27094 0.520355 2.27089 0.520304 2.27084C0.282688 2.03747 0.15 1.72261 0.15 1.3952C0.15 1.06772 0.282745 0.752789 0.520458 0.519404L0.520578 0.519286C0.63926 0.402503 0.780657 0.309618 0.936708 0.246167C1.09276 0.182714 1.26027 0.15 1.42954 0.15C1.59881 0.15 1.76632 0.182714 1.92238 0.246167C2.07843 0.309618 2.21982 0.402503 2.3385 0.519287L2.33894 0.519716L8.88062 6.9042C8.8807 6.90428 8.88079 6.90436 8.88087 6.90445C9.02772 7.04888 9.2022 7.16333 9.39417 7.24139C9.58624 7.31949 9.79213 7.35965 10 7.35965C10.2079 7.35965 10.4138 7.31949 10.6058 7.24139C10.7978 7.16333 10.9723 7.04888 11.1191 6.90445C11.1192 6.90436 11.1193 6.90428 11.1194 6.9042L17.6611 0.519717L17.6615 0.519286C17.7802 0.402502 17.9216 0.309618 18.0776 0.246167C18.2337 0.182714 18.4012 0.15 18.5705 0.15C18.7397 0.15 18.9072 0.182714 19.0633 0.246167C19.2193 0.309618 19.3607 0.402502 19.4794 0.519286Z\" fill=\"#1E1E1E\" stroke=\"white\" stroke-width=\"0.3\"><\/path>\n<\/svg>\n<\/span><span class=\"gb-accordion__toggle-icon-close\">\n<svg width=\"20\" height=\"10\" viewBox=\"0 0 20 10\" fill=\"none\" xmlns=\"http:\/\/www.w3.org\/2000\/svg\">\n<path d=\"M0.52058 9.48071L0.52046 9.48059C0.282747 9.24721 0.15 8.93228 0.15 8.6048C0.15 8.27741 0.282671 7.96257 0.520258 7.7292C0.520325 7.72914 0.520394 7.72907 0.52046 7.729L7.07647 1.33053C7.85157 0.575 8.903 0.149999 10 0.149999C11.097 0.149999 12.1484 0.575 12.9235 1.33053L19.4795 7.72901C19.4796 7.72906 19.4796 7.72911 19.4797 7.72916C19.7173 7.96253 19.85 8.27739 19.85 8.6048C19.85 8.93228 19.7173 9.24721 19.4795 9.4806L19.4794 9.48071C19.3607 9.5975 19.2193 9.69038 19.0633 9.75383C18.9072 9.81729 18.7397 9.85 18.5705 9.85C18.4012 9.85 18.2337 9.81729 18.0776 9.75383C17.9216 9.69038 17.7802 9.5975 17.6615 9.48071L17.6611 9.48028L11.1194 3.0958C11.1193 3.09572 11.1192 3.09563 11.1191 3.09555C10.9723 2.95112 10.7978 2.83667 10.6058 2.75861C10.4138 2.68051 10.2079 2.64035 10 2.64035C9.79213 2.64035 9.58624 2.68051 9.39417 2.75861C9.2022 2.83667 9.02772 2.95112 8.88087 3.09555C8.88079 3.09563 8.88071 3.09572 8.88062 3.0958L2.33894 9.48028L2.3385 9.48071C2.21982 9.5975 2.07843 9.69038 1.92238 9.75383C1.76632 9.81728 1.59881 9.85 1.42954 9.85C1.26027 9.85 1.09276 9.81728 0.936708 9.75383C0.780659 9.69038 0.639263 9.5975 0.52058 9.48071Z\" fill=\"#99846A\" stroke=\"white\" stroke-width=\"0.3\"><\/path>\n<\/svg>\n<\/span><\/span>\n<\/div>\n\n\n\n<div class=\"gb-accordion__content gb-accordion__content-35188984\" id=\"gb-accordion-content-35188984\">\n<div class=\"gb-element-b85e9e3a\">\n<div class=\"gb-element-b8579ee4 dng-accord-content\">\n<div>\n<h5 class=\"wp-block-heading\" id=\"h-faro-airport-52-km-away-regular-connections-from-various-portuguese-and-european-cities\"><strong>Faro Airport (52 km away)<\/strong> \u2013 Regular connections from various Portuguese and European cities.<\/h5>\n\n\n\n<div>\n<div>\n<ul class=\"wp-block-list\">\n<li>Transport options: car rental, taxi, or bus.<\/li>\n\n\n\n<li>Routes: via A22\/IP1 (40 min, with tolls) or via N125 (50 min, without tolls).<\/li>\n<\/ul>\n\n\n\n<p><strong><strong>Seville Airport (160 km away)<\/strong> \u2013 Connections from several Spanish and European cities.<\/strong><\/p>\n\n\n\n<ul class=\"wp-block-list\">\n<li>Route: follow A22\/IP1 towards Tavira (with tolls).<\/li>\n<\/ul>\n<\/div>\n<\/div>\n<\/div>\n<\/div>\n<\/div>\n<\/div>\n<\/div>\n\n\n\n<div class=\"gb-accordion__item dng-map-accordion-Item gb-accordion__item-a7ccc25e\">\n<div role=\"button\" tabindex=\"0\" class=\"gb-accordion__toggle gb-accordion__toggle-181060ea\" id=\"gb-accordion-toggle-181060ea\" data-aos=\"fade-up\">\n<h3 class=\"gb-text gb-text-3911f487\">By Car<\/h3>\n\n\n\n<span class=\"gb-accordion__toggle-icon gb-accordion__toggle-icon-3b4fff69\"><span class=\"gb-accordion__toggle-icon-open\">\n<svg width=\"20\" height=\"10\" viewBox=\"0 0 20 10\" fill=\"none\" xmlns=\"http:\/\/www.w3.org\/2000\/svg\">\n<path d=\"M19.4794 0.519286L19.4795 0.519404C19.7173 0.75279 19.85 1.06772 19.85 1.3952C19.85 1.72259 19.7173 2.03743 19.4797 2.2708C19.4797 2.27086 19.4796 2.27093 19.4795 2.27099L12.9235 8.66947C12.1484 9.425 11.097 9.85 10 9.85C8.903 9.85 7.85157 9.425 7.07647 8.66947L0.520458 2.27099C0.520407 2.27094 0.520355 2.27089 0.520304 2.27084C0.282688 2.03747 0.15 1.72261 0.15 1.3952C0.15 1.06772 0.282745 0.752789 0.520458 0.519404L0.520578 0.519286C0.63926 0.402503 0.780657 0.309618 0.936708 0.246167C1.09276 0.182714 1.26027 0.15 1.42954 0.15C1.59881 0.15 1.76632 0.182714 1.92238 0.246167C2.07843 0.309618 2.21982 0.402503 2.3385 0.519287L2.33894 0.519716L8.88062 6.9042C8.8807 6.90428 8.88079 6.90436 8.88087 6.90445C9.02772 7.04888 9.2022 7.16333 9.39417 7.24139C9.58624 7.31949 9.79213 7.35965 10 7.35965C10.2079 7.35965 10.4138 7.31949 10.6058 7.24139C10.7978 7.16333 10.9723 7.04888 11.1191 6.90445C11.1192 6.90436 11.1193 6.90428 11.1194 6.9042L17.6611 0.519717L17.6615 0.519286C17.7802 0.402502 17.9216 0.309618 18.0776 0.246167C18.2337 0.182714 18.4012 0.15 18.5705 0.15C18.7397 0.15 18.9072 0.182714 19.0633 0.246167C19.2193 0.309618 19.3607 0.402502 19.4794 0.519286Z\" fill=\"#1E1E1E\" stroke=\"white\" stroke-width=\"0.3\"><\/path>\n<\/svg>\n<\/span><span class=\"gb-accordion__toggle-icon-close\">\n<svg width=\"20\" height=\"10\" viewBox=\"0 0 20 10\" fill=\"none\" xmlns=\"http:\/\/www.w3.org\/2000\/svg\">\n<path d=\"M0.52058 9.48071L0.52046 9.48059C0.282747 9.24721 0.15 8.93228 0.15 8.6048C0.15 8.27741 0.282671 7.96257 0.520258 7.7292C0.520325 7.72914 0.520394 7.72907 0.52046 7.729L7.07647 1.33053C7.85157 0.575 8.903 0.149999 10 0.149999C11.097 0.149999 12.1484 0.575 12.9235 1.33053L19.4795 7.72901C19.4796 7.72906 19.4796 7.72911 19.4797 7.72916C19.7173 7.96253 19.85 8.27739 19.85 8.6048C19.85 8.93228 19.7173 9.24721 19.4795 9.4806L19.4794 9.48071C19.3607 9.5975 19.2193 9.69038 19.0633 9.75383C18.9072 9.81729 18.7397 9.85 18.5705 9.85C18.4012 9.85 18.2337 9.81729 18.0776 9.75383C17.9216 9.69038 17.7802 9.5975 17.6615 9.48071L17.6611 9.48028L11.1194 3.0958C11.1193 3.09572 11.1192 3.09563 11.1191 3.09555C10.9723 2.95112 10.7978 2.83667 10.6058 2.75861C10.4138 2.68051 10.2079 2.64035 10 2.64035C9.79213 2.64035 9.58624 2.68051 9.39417 2.75861C9.2022 2.83667 9.02772 2.95112 8.88087 3.09555C8.88079 3.09563 8.88071 3.09572 8.88062 3.0958L2.33894 9.48028L2.3385 9.48071C2.21982 9.5975 2.07843 9.69038 1.92238 9.75383C1.76632 9.81728 1.59881 9.85 1.42954 9.85C1.26027 9.85 1.09276 9.81728 0.936708 9.75383C0.780659 9.69038 0.639263 9.5975 0.52058 9.48071Z\" fill=\"#99846A\" stroke=\"white\" stroke-width=\"0.3\"><\/path>\n<\/svg>\n<\/span><\/span>\n<\/div>\n\n\n\n<div class=\"gb-accordion__content gb-accordion__content-33e7405e\" id=\"gb-accordion-content-33e7405e\">\n<div class=\"gb-element-faa0700c\">\n<div class=\"gb-element-cd6454bd dng-accord-content\">\n<p><strong>From Lisbon or Porto<\/strong>: Take the A2, then the A22\/IP1 (exit for Tavira). Alternatively, use the N125 (a slower route).<br><br><strong>From Spain<\/strong>: Take the A22\/IP1, exit for Tavira.<\/p>\n<\/div>\n<\/div>\n<\/div>\n<\/div>\n\n\n\n<div class=\"gb-accordion__item dng-map-accordion-Item gb-accordion__item-5766f0b8\">\n<div role=\"button\" tabindex=\"0\" class=\"gb-accordion__toggle gb-accordion__toggle-35667cb7\" id=\"gb-accordion-toggle-35667cb7\" data-aos=\"fade-up\">\n<h3 class=\"gb-text gb-text-45ddadf1\">By Bus<\/h3>\n\n\n\n<span class=\"gb-accordion__toggle-icon gb-accordion__toggle-icon-5c22cb20\"><span class=\"gb-accordion__toggle-icon-open\">\n<svg width=\"20\" height=\"10\" viewBox=\"0 0 20 10\" fill=\"none\" xmlns=\"http:\/\/www.w3.org\/2000\/svg\">\n<path d=\"M19.4794 0.519286L19.4795 0.519404C19.7173 0.75279 19.85 1.06772 19.85 1.3952C19.85 1.72259 19.7173 2.03743 19.4797 2.2708C19.4797 2.27086 19.4796 2.27093 19.4795 2.27099L12.9235 8.66947C12.1484 9.425 11.097 9.85 10 9.85C8.903 9.85 7.85157 9.425 7.07647 8.66947L0.520458 2.27099C0.520407 2.27094 0.520355 2.27089 0.520304 2.27084C0.282688 2.03747 0.15 1.72261 0.15 1.3952C0.15 1.06772 0.282745 0.752789 0.520458 0.519404L0.520578 0.519286C0.63926 0.402503 0.780657 0.309618 0.936708 0.246167C1.09276 0.182714 1.26027 0.15 1.42954 0.15C1.59881 0.15 1.76632 0.182714 1.92238 0.246167C2.07843 0.309618 2.21982 0.402503 2.3385 0.519287L2.33894 0.519716L8.88062 6.9042C8.8807 6.90428 8.88079 6.90436 8.88087 6.90445C9.02772 7.04888 9.2022 7.16333 9.39417 7.24139C9.58624 7.31949 9.79213 7.35965 10 7.35965C10.2079 7.35965 10.4138 7.31949 10.6058 7.24139C10.7978 7.16333 10.9723 7.04888 11.1191 6.90445C11.1192 6.90436 11.1193 6.90428 11.1194 6.9042L17.6611 0.519717L17.6615 0.519286C17.7802 0.402502 17.9216 0.309618 18.0776 0.246167C18.2337 0.182714 18.4012 0.15 18.5705 0.15C18.7397 0.15 18.9072 0.182714 19.0633 0.246167C19.2193 0.309618 19.3607 0.402502 19.4794 0.519286Z\" fill=\"#1E1E1E\" stroke=\"white\" stroke-width=\"0.3\"><\/path>\n<\/svg>\n<\/span><span class=\"gb-accordion__toggle-icon-close\">\n<svg width=\"20\" height=\"10\" viewBox=\"0 0 20 10\" fill=\"none\" xmlns=\"http:\/\/www.w3.org\/2000\/svg\">\n<path d=\"M0.52058 9.48071L0.52046 9.48059C0.282747 9.24721 0.15 8.93228 0.15 8.6048C0.15 8.27741 0.282671 7.96257 0.520258 7.7292C0.520325 7.72914 0.520394 7.72907 0.52046 7.729L7.07647 1.33053C7.85157 0.575 8.903 0.149999 10 0.149999C11.097 0.149999 12.1484 0.575 12.9235 1.33053L19.4795 7.72901C19.4796 7.72906 19.4796 7.72911 19.4797 7.72916C19.7173 7.96253 19.85 8.27739 19.85 8.6048C19.85 8.93228 19.7173 9.24721 19.4795 9.4806L19.4794 9.48071C19.3607 9.5975 19.2193 9.69038 19.0633 9.75383C18.9072 9.81729 18.7397 9.85 18.5705 9.85C18.4012 9.85 18.2337 9.81729 18.0776 9.75383C17.9216 9.69038 17.7802 9.5975 17.6615 9.48071L17.6611 9.48028L11.1194 3.0958C11.1193 3.09572 11.1192 3.09563 11.1191 3.09555C10.9723 2.95112 10.7978 2.83667 10.6058 2.75861C10.4138 2.68051 10.2079 2.64035 10 2.64035C9.79213 2.64035 9.58624 2.68051 9.39417 2.75861C9.2022 2.83667 9.02772 2.95112 8.88087 3.09555C8.88079 3.09563 8.88071 3.09572 8.88062 3.0958L2.33894 9.48028L2.3385 9.48071C2.21982 9.5975 2.07843 9.69038 1.92238 9.75383C1.76632 9.81728 1.59881 9.85 1.42954 9.85C1.26027 9.85 1.09276 9.81728 0.936708 9.75383C0.780659 9.69038 0.639263 9.5975 0.52058 9.48071Z\" fill=\"#99846A\" stroke=\"white\" stroke-width=\"0.3\"><\/path>\n<\/svg>\n<\/span><\/span>\n<\/div>\n\n\n\n<div class=\"gb-accordion__content gb-accordion__content-8e23e2e7\" id=\"gb-accordion-content-8e23e2e7\">\n<div class=\"gb-element-1e5bc726\">\n<div class=\"gb-element-ae41013b dng-accord-content\">\n<p>Intercity and express bus services connect Tavira and Concei\u00e7\u00e3o with the main cities in Portugal and Spain.<\/p>\n\n\n\n<p><strong>Main companies: <\/strong>EVA Transportes, Rede Expressos, RENEX (within Portugal), and ALSA and FlixBus (international).<\/p>\n<\/div>\n<\/div>\n<\/div>\n<\/div>\n\n\n\n<div class=\"gb-accordion__item dng-map-accordion-Item gb-accordion__item-b271085a\">\n<div role=\"button\" tabindex=\"0\" class=\"gb-accordion__toggle gb-accordion__toggle-a432b458\" id=\"gb-accordion-toggle-a432b458\" data-aos=\"fade-up\">\n<h3 class=\"gb-text gb-text-fe14e4e1\">By Train<\/h3>\n\n\n\n<span class=\"gb-accordion__toggle-icon gb-accordion__toggle-icon-016df0f2\"><span class=\"gb-accordion__toggle-icon-open\">\n<svg width=\"20\" height=\"10\" viewBox=\"0 0 20 10\" fill=\"none\" xmlns=\"http:\/\/www.w3.org\/2000\/svg\">\n<path d=\"M19.4794 0.519286L19.4795 0.519404C19.7173 0.75279 19.85 1.06772 19.85 1.3952C19.85 1.72259 19.7173 2.03743 19.4797 2.2708C19.4797 2.27086 19.4796 2.27093 19.4795 2.27099L12.9235 8.66947C12.1484 9.425 11.097 9.85 10 9.85C8.903 9.85 7.85157 9.425 7.07647 8.66947L0.520458 2.27099C0.520407 2.27094 0.520355 2.27089 0.520304 2.27084C0.282688 2.03747 0.15 1.72261 0.15 1.3952C0.15 1.06772 0.282745 0.752789 0.520458 0.519404L0.520578 0.519286C0.63926 0.402503 0.780657 0.309618 0.936708 0.246167C1.09276 0.182714 1.26027 0.15 1.42954 0.15C1.59881 0.15 1.76632 0.182714 1.92238 0.246167C2.07843 0.309618 2.21982 0.402503 2.3385 0.519287L2.33894 0.519716L8.88062 6.9042C8.8807 6.90428 8.88079 6.90436 8.88087 6.90445C9.02772 7.04888 9.2022 7.16333 9.39417 7.24139C9.58624 7.31949 9.79213 7.35965 10 7.35965C10.2079 7.35965 10.4138 7.31949 10.6058 7.24139C10.7978 7.16333 10.9723 7.04888 11.1191 6.90445C11.1192 6.90436 11.1193 6.90428 11.1194 6.9042L17.6611 0.519717L17.6615 0.519286C17.7802 0.402502 17.9216 0.309618 18.0776 0.246167C18.2337 0.182714 18.4012 0.15 18.5705 0.15C18.7397 0.15 18.9072 0.182714 19.0633 0.246167C19.2193 0.309618 19.3607 0.402502 19.4794 0.519286Z\" fill=\"#1E1E1E\" stroke=\"white\" stroke-width=\"0.3\"><\/path>\n<\/svg>\n<\/span><span class=\"gb-accordion__toggle-icon-close\">\n<svg width=\"20\" height=\"10\" viewBox=\"0 0 20 10\" fill=\"none\" xmlns=\"http:\/\/www.w3.org\/2000\/svg\">\n<path d=\"M0.52058 9.48071L0.52046 9.48059C0.282747 9.24721 0.15 8.93228 0.15 8.6048C0.15 8.27741 0.282671 7.96257 0.520258 7.7292C0.520325 7.72914 0.520394 7.72907 0.52046 7.729L7.07647 1.33053C7.85157 0.575 8.903 0.149999 10 0.149999C11.097 0.149999 12.1484 0.575 12.9235 1.33053L19.4795 7.72901C19.4796 7.72906 19.4796 7.72911 19.4797 7.72916C19.7173 7.96253 19.85 8.27739 19.85 8.6048C19.85 8.93228 19.7173 9.24721 19.4795 9.4806L19.4794 9.48071C19.3607 9.5975 19.2193 9.69038 19.0633 9.75383C18.9072 9.81729 18.7397 9.85 18.5705 9.85C18.4012 9.85 18.2337 9.81729 18.0776 9.75383C17.9216 9.69038 17.7802 9.5975 17.6615 9.48071L17.6611 9.48028L11.1194 3.0958C11.1193 3.09572 11.1192 3.09563 11.1191 3.09555C10.9723 2.95112 10.7978 2.83667 10.6058 2.75861C10.4138 2.68051 10.2079 2.64035 10 2.64035C9.79213 2.64035 9.58624 2.68051 9.39417 2.75861C9.2022 2.83667 9.02772 2.95112 8.88087 3.09555C8.88079 3.09563 8.88071 3.09572 8.88062 3.0958L2.33894 9.48028L2.3385 9.48071C2.21982 9.5975 2.07843 9.69038 1.92238 9.75383C1.76632 9.81728 1.59881 9.85 1.42954 9.85C1.26027 9.85 1.09276 9.81728 0.936708 9.75383C0.780659 9.69038 0.639263 9.5975 0.52058 9.48071Z\" fill=\"#99846A\" stroke=\"white\" stroke-width=\"0.3\"><\/path>\n<\/svg>\n<\/span><\/span>\n<\/div>\n\n\n\n<div class=\"gb-accordion__content gb-accordion__content-65bf79d0\" id=\"gb-accordion-content-65bf79d0\">\n<div class=\"gb-element-9dbb6e00\">\n<div class=\"gb-element-b2a2ed8c dng-accord-content\">\n<p>The Porto-Lisbon-Faro line (Alfa Pendular, Intercidades) connects to the Algarve Line (Faro-Concei\u00e7\u00e3o).<br><br>The nearest station: Concei\u00e7\u00e3o (1.7 km from Golden Club Cabanas) \u2013 taxis are available.<\/p>\n<\/div>\n<\/div>\n<\/div>\n<\/div>\n<\/div>\n<\/div>\n<\/div>\n<\/div>\n","protected":false},"excerpt":{"rendered":"<p>How to get to Golden Club Cabanas Find the best way to reach Golden Club Cabanas with ease and comfort. All roads lead to\u2026Golden! Golden Club Cabanas is only a few minutes from Tavira, with fast access by road, train, or plane. Regardless of your starting point, there is an ideal route to bring you &#8230; <a title=\"How to get here\" class=\"read-more\" href=\"https:\/\/goldenclubcabanas.com\/en\/location\/getting-here\/\" aria-label=\"Read more about How to get here\">Read more<\/a><\/p>\n","protected":false},"author":2,"featured_media":0,"parent":4547,"menu_order":36,"comment_status":"closed","ping_status":"closed","template":"","meta":{"_acf_changed":false,"footnotes":""},"class_list":["post-4544","page","type-page","status-publish"],"acf":[],"yoast_head":"<!-- This site is optimized with the Yoast SEO Premium plugin v25.9 (Yoast SEO v25.9) - https:\/\/yoast.com\/wordpress\/plugins\/seo\/ -->\n<title>How to Get to Golden Club Cabanas | Map &amp; Directions<\/title>\n<meta name=\"description\" content=\"Find the best route to our resort in Cabanas de Tavira. Get directions by car, public transport, and transfers from Faro Airport.\" \/>\n<meta name=\"robots\" content=\"index, follow, max-snippet:-1, max-image-preview:large, max-video-preview:-1\" \/>\n<link rel=\"canonical\" href=\"https:\/\/goldenclubcabanas.com\/en\/location\/getting-here\/\" \/>\n<meta property=\"og:locale\" content=\"en_US\" \/>\n<meta property=\"og:type\" content=\"article\" \/>\n<meta property=\"og:title\" content=\"How to get here\" \/>\n<meta property=\"og:description\" content=\"Find the best route to our resort in Cabanas de Tavira. Get directions by car, public transport, and transfers from Faro Airport.\" \/>\n<meta property=\"og:url\" content=\"https:\/\/goldenclubcabanas.com\/en\/location\/getting-here\/\" \/>\n<meta property=\"og:site_name\" content=\"Golden Club Cabanas Aparthotel Algarve, Portugal\" \/>\n<meta property=\"article:modified_time\" content=\"2025-10-23T11:26:27+00:00\" \/>\n<meta property=\"og:image\" content=\"https:\/\/goldenclubcabanas.com\/wp-content\/uploads\/2025\/07\/como-chegar-1.jpg\" \/>\n\t<meta property=\"og:image:width\" content=\"546\" \/>\n\t<meta property=\"og:image:height\" content=\"384\" \/>\n\t<meta property=\"og:image:type\" content=\"image\/jpeg\" \/>\n<meta name=\"twitter:card\" content=\"summary_large_image\" \/>\n<meta name=\"twitter:label1\" content=\"Est. reading time\" \/>\n\t<meta name=\"twitter:data1\" content=\"2 minutes\" \/>\n<script type=\"application\/ld+json\" class=\"yoast-schema-graph\">{\"@context\":\"https:\/\/schema.org\",\"@graph\":[{\"@type\":\"WebPage\",\"@id\":\"https:\/\/goldenclubcabanas.com\/en\/location\/getting-here\/\",\"url\":\"https:\/\/goldenclubcabanas.com\/en\/location\/getting-here\/\",\"name\":\"How to Get to Golden Club Cabanas | Map & Directions\",\"isPartOf\":{\"@id\":\"https:\/\/goldenclubcabanas.com\/en\/#website\"},\"primaryImageOfPage\":{\"@id\":\"https:\/\/goldenclubcabanas.com\/en\/location\/getting-here\/#primaryimage\"},\"image\":{\"@id\":\"https:\/\/goldenclubcabanas.com\/en\/location\/getting-here\/#primaryimage\"},\"thumbnailUrl\":\"https:\/\/goldenclubcabanas.com\/wp-content\/uploads\/2025\/07\/como-chegar-1.jpg\",\"datePublished\":\"2025-04-16T10:35:06+00:00\",\"dateModified\":\"2025-10-23T11:26:27+00:00\",\"description\":\"Find the best route to our resort in Cabanas de Tavira. Get directions by car, public transport, and transfers from Faro Airport.\",\"breadcrumb\":{\"@id\":\"https:\/\/goldenclubcabanas.com\/en\/location\/getting-here\/#breadcrumb\"},\"inLanguage\":\"en-US\",\"potentialAction\":[{\"@type\":\"ReadAction\",\"target\":[\"https:\/\/goldenclubcabanas.com\/en\/location\/getting-here\/\"]}]},{\"@type\":\"ImageObject\",\"inLanguage\":\"en-US\",\"@id\":\"https:\/\/goldenclubcabanas.com\/en\/location\/getting-here\/#primaryimage\",\"url\":\"https:\/\/goldenclubcabanas.com\/wp-content\/uploads\/2025\/07\/como-chegar-1.jpg\",\"contentUrl\":\"https:\/\/goldenclubcabanas.com\/wp-content\/uploads\/2025\/07\/como-chegar-1.jpg\"},{\"@type\":\"BreadcrumbList\",\"@id\":\"https:\/\/goldenclubcabanas.com\/en\/location\/getting-here\/#breadcrumb\",\"itemListElement\":[{\"@type\":\"ListItem\",\"position\":1,\"name\":\"In\u00edcio\",\"item\":\"https:\/\/goldenclubcabanas.com\/en\/\"},{\"@type\":\"ListItem\",\"position\":2,\"name\":\"Location\",\"item\":\"https:\/\/goldenclubcabanas.com\/en\/location\/\"},{\"@type\":\"ListItem\",\"position\":3,\"name\":\"How to get here\"}]},{\"@type\":\"WebSite\",\"@id\":\"https:\/\/goldenclubcabanas.com\/en\/#website\",\"url\":\"https:\/\/goldenclubcabanas.com\/en\/\",\"name\":\"Golden Club Cabanas\",\"description\":\"\",\"potentialAction\":[{\"@type\":\"SearchAction\",\"target\":{\"@type\":\"EntryPoint\",\"urlTemplate\":\"https:\/\/goldenclubcabanas.com\/en\/?s={search_term_string}\"},\"query-input\":{\"@type\":\"PropertyValueSpecification\",\"valueRequired\":true,\"valueName\":\"search_term_string\"}}],\"inLanguage\":\"en-US\"}]}<\/script>\n<!-- \/ Yoast SEO Premium plugin. -->","yoast_head_json":{"title":"How to Get to Golden Club Cabanas | Map & Directions","description":"Find the best route to our resort in Cabanas de Tavira. Get directions by car, public transport, and transfers from Faro Airport.","robots":{"index":"index","follow":"follow","max-snippet":"max-snippet:-1","max-image-preview":"max-image-preview:large","max-video-preview":"max-video-preview:-1"},"canonical":"https:\/\/goldenclubcabanas.com\/en\/location\/getting-here\/","og_locale":"en_US","og_type":"article","og_title":"How to get here","og_description":"Find the best route to our resort in Cabanas de Tavira. Get directions by car, public transport, and transfers from Faro Airport.","og_url":"https:\/\/goldenclubcabanas.com\/en\/location\/getting-here\/","og_site_name":"Golden Club Cabanas Aparthotel Algarve, Portugal","article_modified_time":"2025-10-23T11:26:27+00:00","og_image":[{"width":546,"height":384,"url":"https:\/\/goldenclubcabanas.com\/wp-content\/uploads\/2025\/07\/como-chegar-1.jpg","type":"image\/jpeg"}],"twitter_card":"summary_large_image","twitter_misc":{"Est. reading time":"2 minutes"},"schema":{"@context":"https:\/\/schema.org","@graph":[{"@type":"WebPage","@id":"https:\/\/goldenclubcabanas.com\/en\/location\/getting-here\/","url":"https:\/\/goldenclubcabanas.com\/en\/location\/getting-here\/","name":"How to Get to Golden Club Cabanas | Map & Directions","isPartOf":{"@id":"https:\/\/goldenclubcabanas.com\/en\/#website"},"primaryImageOfPage":{"@id":"https:\/\/goldenclubcabanas.com\/en\/location\/getting-here\/#primaryimage"},"image":{"@id":"https:\/\/goldenclubcabanas.com\/en\/location\/getting-here\/#primaryimage"},"thumbnailUrl":"https:\/\/goldenclubcabanas.com\/wp-content\/uploads\/2025\/07\/como-chegar-1.jpg","datePublished":"2025-04-16T10:35:06+00:00","dateModified":"2025-10-23T11:26:27+00:00","description":"Find the best route to our resort in Cabanas de Tavira. Get directions by car, public transport, and transfers from Faro Airport.","breadcrumb":{"@id":"https:\/\/goldenclubcabanas.com\/en\/location\/getting-here\/#breadcrumb"},"inLanguage":"en-US","potentialAction":[{"@type":"ReadAction","target":["https:\/\/goldenclubcabanas.com\/en\/location\/getting-here\/"]}]},{"@type":"ImageObject","inLanguage":"en-US","@id":"https:\/\/goldenclubcabanas.com\/en\/location\/getting-here\/#primaryimage","url":"https:\/\/goldenclubcabanas.com\/wp-content\/uploads\/2025\/07\/como-chegar-1.jpg","contentUrl":"https:\/\/goldenclubcabanas.com\/wp-content\/uploads\/2025\/07\/como-chegar-1.jpg"},{"@type":"BreadcrumbList","@id":"https:\/\/goldenclubcabanas.com\/en\/location\/getting-here\/#breadcrumb","itemListElement":[{"@type":"ListItem","position":1,"name":"In\u00edcio","item":"https:\/\/goldenclubcabanas.com\/en\/"},{"@type":"ListItem","position":2,"name":"Location","item":"https:\/\/goldenclubcabanas.com\/en\/location\/"},{"@type":"ListItem","position":3,"name":"How to get here"}]},{"@type":"WebSite","@id":"https:\/\/goldenclubcabanas.com\/en\/#website","url":"https:\/\/goldenclubcabanas.com\/en\/","name":"Golden Club Cabanas","description":"","potentialAction":[{"@type":"SearchAction","target":{"@type":"EntryPoint","urlTemplate":"https:\/\/goldenclubcabanas.com\/en\/?s={search_term_string}"},"query-input":{"@type":"PropertyValueSpecification","valueRequired":true,"valueName":"search_term_string"}}],"inLanguage":"en-US"}]}},"_links":{"self":[{"href":"https:\/\/goldenclubcabanas.com\/en\/wp-json\/wp\/v2\/pages\/4544","targetHints":{"allow":["GET"]}}],"collection":[{"href":"https:\/\/goldenclubcabanas.com\/en\/wp-json\/wp\/v2\/pages"}],"about":[{"href":"https:\/\/goldenclubcabanas.com\/en\/wp-json\/wp\/v2\/types\/page"}],"author":[{"embeddable":true,"href":"https:\/\/goldenclubcabanas.com\/en\/wp-json\/wp\/v2\/users\/2"}],"replies":[{"embeddable":true,"href":"https:\/\/goldenclubcabanas.com\/en\/wp-json\/wp\/v2\/comments?post=4544"}],"version-history":[{"count":2,"href":"https:\/\/goldenclubcabanas.com\/en\/wp-json\/wp\/v2\/pages\/4544\/revisions"}],"predecessor-version":[{"id":7266,"href":"https:\/\/goldenclubcabanas.com\/en\/wp-json\/wp\/v2\/pages\/4544\/revisions\/7266"}],"up":[{"embeddable":true,"href":"https:\/\/goldenclubcabanas.com\/en\/wp-json\/wp\/v2\/pages\/4547"}],"wp:attachment":[{"href":"https:\/\/goldenclubcabanas.com\/en\/wp-json\/wp\/v2\/media?parent=4544"}],"curies":[{"name":"wp","href":"https:\/\/api.w.org\/{rel}","templated":true}]}}