{"id":1968,"date":"2025-05-02T09:53:14","date_gmt":"2025-05-02T09:53:14","guid":{"rendered":"https:\/\/goldenclubcabanas.com\/animacao\/"},"modified":"2026-03-19T16:37:30","modified_gmt":"2026-03-19T16:37:30","slug":"animacion","status":"publish","type":"page","link":"https:\/\/goldenclubcabanas.com\/es\/vacaciones-algarve\/animacion\/","title":{"rendered":"Animaci\u00f3n"},"content":{"rendered":"\n<div class=\"dng-hero-section gb-element-46afd053\">\n<div class=\"dng-content-section gb-element-399894b7\">\n<h1 class=\"gb-text lg-font gb-text-092fc453\" data-aos=\"fade-up\" data-aos-anchor-placement=\"top-bottom\" data-aos-duration=\"1500\">Entretenimiento para toda la familia<\/h1>\n\n\n\n<p class=\"gb-text gb-text-ef0676c9 body1\" data-aos-anchor-placement=\"top-bottom\" data-aos=\"fade-up\" data-aos-duration=\"2000\">En nuestro hotel con animaci\u00f3n en el Algarve, hay actividades para todos los gustos, con deporte, m\u00fasica y mucha diversi\u00f3n durante todo el a\u00f1o.<\/p>\n<\/div>\n<\/div>\n\n\n\n<div class=\"dng-section-space\">\n<div class=\"dng-content-section no-overflow\">\n<h2 class=\"gb-text gb-text-34cc2d33 title1\" data-aos=\"fade-up\" data-aos-duration=\"1000\" data-aos-anchor-placement=\"center-bottom\">Alegr\u00eda, bienestar y energ\u00eda sin l\u00edmites<\/h2>\n\n\n\n<p class=\"gb-text gb-text-faa0d48c body2\" data-aos=\"fade-up\" data-aos-duration=\"1400\" data-aos-anchor-placement=\"center-bottom\">En Golden Club Cabanas, cada d\u00eda trae una nueva forma de divertirse. Desde actividades deportivas al aire libre durante el d\u00eda hasta espect\u00e1culos y momentos musicales por la noche, contamos con un programa dise\u00f1ado para todas las edades y gustos. Ya sea en familia, en pareja o con amigos, siempre hay algo que hacer, desde clases de baile, torneos y juegos, hasta noches tem\u00e1ticas con m\u00fasica en vivo, artistas invitados y m\u00e1s. En verano o en invierno, garantizamos una estancia llena de energ\u00eda, buen humor y recuerdos inolvidables.   <\/p>\n\n\n\n<div class=\"gb-element-ab626a7d\" data-aos=\"fade-up\" data-aos-duration=\"1600\" data-aos-anchor-placement=\"center-bottom\">\n<img loading=\"lazy\" decoding=\"async\" width=\"2560\" height=\"845\" class=\"gb-media-7e86c891\" src=\"https:\/\/goldenclubcabanas.com\/wp-content\/uploads\/2025\/10\/animacao-separador.webp\" title=\"animacao-separador\" srcset=\"https:\/\/goldenclubcabanas.com\/wp-content\/uploads\/2025\/10\/animacao-separador.webp 2560w, https:\/\/goldenclubcabanas.com\/wp-content\/uploads\/2025\/10\/animacao-separador-300x99.webp 300w, https:\/\/goldenclubcabanas.com\/wp-content\/uploads\/2025\/10\/animacao-separador-1024x338.webp 1024w, https:\/\/goldenclubcabanas.com\/wp-content\/uploads\/2025\/10\/animacao-separador-768x254.webp 768w, https:\/\/goldenclubcabanas.com\/wp-content\/uploads\/2025\/10\/animacao-separador-1536x507.webp 1536w, https:\/\/goldenclubcabanas.com\/wp-content\/uploads\/2025\/10\/animacao-separador-2048x676.webp 2048w\" sizes=\"auto, (max-width: 2560px) 100vw, 2560px\" \/>\n<\/div>\n<\/div>\n<\/div>\n\n\n\r\n<div id=\"dng-c-images-slider-block_969422bc9cc0907418c7018fd1f0efca\" class=\"dng-c-images-slider gcc-section-space\">\r\n            <div class=\"dng-content-section\">\r\n            <div class=\"dng-imgSlider_content overflow-none\">\r\n                                    <h2 class=\"title1\" data-aos=\"fade-up\" data-aos-duration=\"2000\" data-aos-anchor-placement=\"center-bottom\">Entretenimiento deportivo<\/h2>\r\n                                    <p class=\"body2\" data-aos=\"fade-up\" data-aos-duration=\"2200\" data-aos-anchor-placement=\"center-bottom\">Con una amplia variedad de instalaciones, podr\u00e1 mantenerse activo o simplemente relajarse durante sus vacaciones. A lo largo del a\u00f1o, ofrecemos un programa de animaci\u00f3n con actividades adaptadas a la temporada y pensadas para diferentes edades y preferencias. Disfrute tambi\u00e9n de los senderos y de la pasarela mar\u00edtima de Cabanas, ideales para pasear, correr o disfrutar de momentos de relax al aire libre.<\/p>\r\n                            <\/div>\r\n        <\/div>\r\n                <div class=\"dngImages_slider _leftOffset owl-carousel owl-theme\">\r\n                            <div class=\"dngImages_slider-item\">\r\n                    <img loading=\"lazy\" decoding=\"async\" width=\"1200\" height=\"1290\" src=\"https:\/\/goldenclubcabanas.com\/wp-content\/uploads\/2025\/08\/animacao-galeria-desportiva-1-new.jpg\" class=\"attachment-full size-full\" alt=\"\" srcset=\"https:\/\/goldenclubcabanas.com\/wp-content\/uploads\/2025\/08\/animacao-galeria-desportiva-1-new.jpg 1200w, https:\/\/goldenclubcabanas.com\/wp-content\/uploads\/2025\/08\/animacao-galeria-desportiva-1-new-279x300.jpg 279w, https:\/\/goldenclubcabanas.com\/wp-content\/uploads\/2025\/08\/animacao-galeria-desportiva-1-new-953x1024.jpg 953w, https:\/\/goldenclubcabanas.com\/wp-content\/uploads\/2025\/08\/animacao-galeria-desportiva-1-new-768x826.jpg 768w\" sizes=\"auto, (max-width: 1200px) 100vw, 1200px\" \/>                <\/div>\r\n                            <div class=\"dngImages_slider-item\">\r\n                    <img loading=\"lazy\" decoding=\"async\" width=\"1200\" height=\"1290\" src=\"https:\/\/goldenclubcabanas.com\/wp-content\/uploads\/2025\/08\/animacao-galeria-desportiva-2-new.jpg\" class=\"attachment-full size-full\" alt=\"\" srcset=\"https:\/\/goldenclubcabanas.com\/wp-content\/uploads\/2025\/08\/animacao-galeria-desportiva-2-new.jpg 1200w, https:\/\/goldenclubcabanas.com\/wp-content\/uploads\/2025\/08\/animacao-galeria-desportiva-2-new-279x300.jpg 279w, https:\/\/goldenclubcabanas.com\/wp-content\/uploads\/2025\/08\/animacao-galeria-desportiva-2-new-953x1024.jpg 953w, https:\/\/goldenclubcabanas.com\/wp-content\/uploads\/2025\/08\/animacao-galeria-desportiva-2-new-768x826.jpg 768w\" sizes=\"auto, (max-width: 1200px) 100vw, 1200px\" \/>                <\/div>\r\n                            <div class=\"dngImages_slider-item\">\r\n                    <img loading=\"lazy\" decoding=\"async\" width=\"1200\" height=\"1290\" src=\"https:\/\/goldenclubcabanas.com\/wp-content\/uploads\/2025\/08\/animacao-galeria-desportiva-3-new.jpg\" class=\"attachment-full size-full\" alt=\"\" srcset=\"https:\/\/goldenclubcabanas.com\/wp-content\/uploads\/2025\/08\/animacao-galeria-desportiva-3-new.jpg 1200w, https:\/\/goldenclubcabanas.com\/wp-content\/uploads\/2025\/08\/animacao-galeria-desportiva-3-new-279x300.jpg 279w, https:\/\/goldenclubcabanas.com\/wp-content\/uploads\/2025\/08\/animacao-galeria-desportiva-3-new-953x1024.jpg 953w, https:\/\/goldenclubcabanas.com\/wp-content\/uploads\/2025\/08\/animacao-galeria-desportiva-3-new-768x826.jpg 768w\" sizes=\"auto, (max-width: 1200px) 100vw, 1200px\" \/>                <\/div>\r\n                            <div class=\"dngImages_slider-item\">\r\n                    <img loading=\"lazy\" decoding=\"async\" width=\"1200\" height=\"1290\" src=\"https:\/\/goldenclubcabanas.com\/wp-content\/uploads\/2025\/08\/animacao-galeria-desportiva-4-new.jpg\" class=\"attachment-full size-full\" alt=\"\" srcset=\"https:\/\/goldenclubcabanas.com\/wp-content\/uploads\/2025\/08\/animacao-galeria-desportiva-4-new.jpg 1200w, https:\/\/goldenclubcabanas.com\/wp-content\/uploads\/2025\/08\/animacao-galeria-desportiva-4-new-279x300.jpg 279w, https:\/\/goldenclubcabanas.com\/wp-content\/uploads\/2025\/08\/animacao-galeria-desportiva-4-new-953x1024.jpg 953w, https:\/\/goldenclubcabanas.com\/wp-content\/uploads\/2025\/08\/animacao-galeria-desportiva-4-new-768x826.jpg 768w\" sizes=\"auto, (max-width: 1200px) 100vw, 1200px\" \/>                <\/div>\r\n                    <\/div>\r\n    <\/div>\n\n\n<div class=\"gb-element-6ddf7e4d\">\n<div class=\"dng-content-section no-overflow\">\n<h2 class=\"gb-text dng-mb-20 gb-text-9fbd4645 title1\" data-aos=\"fade-up\" data-aos-duration=\"1400\" data-aos-anchor-placement=\"center-bottom\">Vida nocturna<\/h2>\n\n\n\n<p class=\"gb-text dng-mb-40 gb-text-58653924 body2\" data-aos=\"fade-up\" data-aos-duration=\"1600\" data-aos-anchor-placement=\"center-bottom\">De abril a octubre, ofrecemos un programa de animaci\u00f3n pensado para proporcionar momentos de entretenimiento y convivencia durante su estancia. De noviembre a marzo, seguimos ofreciendo un programa de animaci\u00f3n adaptado a la temporada, con opciones cuidadosamente preparadas para esta \u00e9poca del a\u00f1o. Los horarios y las actividades podr\u00e1n sufrir cambios sin previo aviso.<\/p>\n\n\n\n<div class=\"dng-gap-24 gb-element-c543cad0\">\n<div class=\"dng-col-3 dng-img\">\n<img loading=\"lazy\" decoding=\"async\" width=\"523\" height=\"553\" class=\"gb-media-05e0437a\" src=\"https:\/\/goldenclubcabanas.com\/wp-content\/uploads\/2025\/10\/animacao-noturna.webp\" title=\"animacao-noturna\" data-aos=\"fade-up\" data-aos-duration=\"1500\" data-aos-anchor-placement=\"center-bottom\" srcset=\"https:\/\/goldenclubcabanas.com\/wp-content\/uploads\/2025\/10\/animacao-noturna.webp 523w, https:\/\/goldenclubcabanas.com\/wp-content\/uploads\/2025\/10\/animacao-noturna-284x300.webp 284w\" sizes=\"auto, (max-width: 523px) 100vw, 523px\" \/>\n<\/div>\n\n\n\n<div class=\"dng-col-3 dng-img\">\n<img loading=\"lazy\" decoding=\"async\" width=\"523\" height=\"553\" class=\"gb-media-528c6ce5\" src=\"https:\/\/goldenclubcabanas.com\/wp-content\/uploads\/2025\/10\/animacao-noturna-2.webp\" title=\"animacao-noturna-2\" data-aos=\"fade-up\" data-aos-anchor-placement=\"center-bottom\" data-aos-duration=\"1800\" srcset=\"https:\/\/goldenclubcabanas.com\/wp-content\/uploads\/2025\/10\/animacao-noturna-2.webp 523w, https:\/\/goldenclubcabanas.com\/wp-content\/uploads\/2025\/10\/animacao-noturna-2-284x300.webp 284w\" sizes=\"auto, (max-width: 523px) 100vw, 523px\" \/>\n<\/div>\n\n\n\n<div class=\"dng-col-3 dng-img\">\n<img loading=\"lazy\" decoding=\"async\" width=\"523\" height=\"553\" class=\"gb-media-20923148\" src=\"https:\/\/goldenclubcabanas.com\/wp-content\/uploads\/2025\/10\/animacao-noturna-3.webp\" title=\"animacao-noturna-3\" data-aos=\"fade-up\" data-aos-anchor-placement=\"center-bottom\" data-aos-duration=\"2100\" srcset=\"https:\/\/goldenclubcabanas.com\/wp-content\/uploads\/2025\/10\/animacao-noturna-3.webp 523w, https:\/\/goldenclubcabanas.com\/wp-content\/uploads\/2025\/10\/animacao-noturna-3-284x300.webp 284w\" sizes=\"auto, (max-width: 523px) 100vw, 523px\" \/>\n<\/div>\n<\/div>\n<\/div>\n<\/div>\n","protected":false},"excerpt":{"rendered":"<p>Entretenimiento para toda la familia En nuestro hotel con animaci\u00f3n en el Algarve, hay actividades para todos los gustos, con deporte, m\u00fasica y mucha diversi\u00f3n durante todo el a\u00f1o. Alegr\u00eda, bienestar y energ\u00eda sin l\u00edmites En Golden Club Cabanas, cada d\u00eda trae una nueva forma de divertirse. Desde actividades deportivas al aire libre durante el &#8230; <a title=\"Animaci\u00f3n\" class=\"read-more\" href=\"https:\/\/goldenclubcabanas.com\/es\/vacaciones-algarve\/animacion\/\" aria-label=\"Leer m\u00e1s sobre Animaci\u00f3n\">Leer m\u00e1s<\/a><\/p>\n","protected":false},"author":2,"featured_media":0,"parent":4543,"menu_order":1,"comment_status":"closed","ping_status":"closed","template":"","meta":{"_acf_changed":false,"footnotes":""},"class_list":["post-1968","page","type-page","status-publish"],"acf":[],"yoast_head":"<!-- This site is optimized with the Yoast SEO Premium plugin v25.9 (Yoast SEO v25.9) - https:\/\/yoast.com\/wordpress\/plugins\/seo\/ -->\n<title>Entretenimiento para toda la familia | Caba\u00f1as Golden Club<\/title>\n<meta name=\"description\" content=\"\u00a1Diversi\u00f3n garantizada! Descubre nuestro programa de animaci\u00f3n con actividades, deportes, m\u00fasica en vivo y espect\u00e1culos para adultos y ni\u00f1os.\" \/>\n<meta name=\"robots\" content=\"index, follow, max-snippet:-1, max-image-preview:large, max-video-preview:-1\" \/>\n<link rel=\"canonical\" href=\"https:\/\/goldenclubcabanas.com\/es\/vacaciones-algarve\/animacion\/\" \/>\n<meta property=\"og:locale\" content=\"es_ES\" \/>\n<meta property=\"og:type\" content=\"article\" \/>\n<meta property=\"og:title\" content=\"Animaci\u00f3n\" \/>\n<meta property=\"og:description\" content=\"\u00a1Diversi\u00f3n garantizada! Descubre nuestro programa de animaci\u00f3n con actividades, deportes, m\u00fasica en vivo y espect\u00e1culos para adultos y ni\u00f1os.\" \/>\n<meta property=\"og:url\" content=\"https:\/\/goldenclubcabanas.com\/es\/vacaciones-algarve\/animacion\/\" \/>\n<meta property=\"og:site_name\" content=\"Golden Club Cabanas Aparthotel Algarve, Portugal\" \/>\n<meta property=\"article:modified_time\" content=\"2026-03-19T16:37:30+00:00\" \/>\n<meta property=\"og:image\" content=\"https:\/\/goldenclubcabanas.com\/wp-content\/uploads\/2025\/10\/animacao-separador.webp\" \/>\n<meta name=\"twitter:card\" content=\"summary_large_image\" \/>\n<meta name=\"twitter:label1\" content=\"Tiempo de lectura\" \/>\n\t<meta name=\"twitter:data1\" content=\"2 minutos\" \/>\n<script type=\"application\/ld+json\" class=\"yoast-schema-graph\">{\"@context\":\"https:\/\/schema.org\",\"@graph\":[{\"@type\":\"WebPage\",\"@id\":\"https:\/\/goldenclubcabanas.com\/es\/vacaciones-algarve\/animacion\/\",\"url\":\"https:\/\/goldenclubcabanas.com\/es\/vacaciones-algarve\/animacion\/\",\"name\":\"Entretenimiento para toda la familia | Caba\u00f1as Golden Club\",\"isPartOf\":{\"@id\":\"https:\/\/goldenclubcabanas.com\/en\/#website\"},\"primaryImageOfPage\":{\"@id\":\"https:\/\/goldenclubcabanas.com\/es\/vacaciones-algarve\/animacion\/#primaryimage\"},\"image\":{\"@id\":\"https:\/\/goldenclubcabanas.com\/es\/vacaciones-algarve\/animacion\/#primaryimage\"},\"thumbnailUrl\":\"https:\/\/goldenclubcabanas.com\/wp-content\/uploads\/2025\/10\/animacao-separador.webp\",\"datePublished\":\"2025-05-02T09:53:14+00:00\",\"dateModified\":\"2026-03-19T16:37:30+00:00\",\"description\":\"\u00a1Diversi\u00f3n garantizada! Descubre nuestro programa de animaci\u00f3n con actividades, deportes, m\u00fasica en vivo y espect\u00e1culos para adultos y ni\u00f1os.\",\"breadcrumb\":{\"@id\":\"https:\/\/goldenclubcabanas.com\/es\/vacaciones-algarve\/animacion\/#breadcrumb\"},\"inLanguage\":\"es\",\"potentialAction\":[{\"@type\":\"ReadAction\",\"target\":[\"https:\/\/goldenclubcabanas.com\/es\/vacaciones-algarve\/animacion\/\"]}]},{\"@type\":\"ImageObject\",\"inLanguage\":\"es\",\"@id\":\"https:\/\/goldenclubcabanas.com\/es\/vacaciones-algarve\/animacion\/#primaryimage\",\"url\":\"https:\/\/goldenclubcabanas.com\/wp-content\/uploads\/2025\/10\/animacao-separador.webp\",\"contentUrl\":\"https:\/\/goldenclubcabanas.com\/wp-content\/uploads\/2025\/10\/animacao-separador.webp\"},{\"@type\":\"BreadcrumbList\",\"@id\":\"https:\/\/goldenclubcabanas.com\/es\/vacaciones-algarve\/animacion\/#breadcrumb\",\"itemListElement\":[{\"@type\":\"ListItem\",\"position\":1,\"name\":\"In\u00edcio\",\"item\":\"https:\/\/goldenclubcabanas.com\/es\/\"},{\"@type\":\"ListItem\",\"position\":2,\"name\":\"Resort\",\"item\":\"https:\/\/goldenclubcabanas.com\/es\/vacaciones-algarve\/\"},{\"@type\":\"ListItem\",\"position\":3,\"name\":\"Animaci\u00f3n\"}]},{\"@type\":\"WebSite\",\"@id\":\"https:\/\/goldenclubcabanas.com\/en\/#website\",\"url\":\"https:\/\/goldenclubcabanas.com\/en\/\",\"name\":\"Golden Club Cabanas\",\"description\":\"\",\"potentialAction\":[{\"@type\":\"SearchAction\",\"target\":{\"@type\":\"EntryPoint\",\"urlTemplate\":\"https:\/\/goldenclubcabanas.com\/en\/?s={search_term_string}\"},\"query-input\":{\"@type\":\"PropertyValueSpecification\",\"valueRequired\":true,\"valueName\":\"search_term_string\"}}],\"inLanguage\":\"es\"}]}<\/script>\n<!-- \/ Yoast SEO Premium plugin. -->","yoast_head_json":{"title":"Entretenimiento para toda la familia | Caba\u00f1as Golden Club","description":"\u00a1Diversi\u00f3n garantizada! Descubre nuestro programa de animaci\u00f3n con actividades, deportes, m\u00fasica en vivo y espect\u00e1culos para adultos y ni\u00f1os.","robots":{"index":"index","follow":"follow","max-snippet":"max-snippet:-1","max-image-preview":"max-image-preview:large","max-video-preview":"max-video-preview:-1"},"canonical":"https:\/\/goldenclubcabanas.com\/es\/vacaciones-algarve\/animacion\/","og_locale":"es_ES","og_type":"article","og_title":"Animaci\u00f3n","og_description":"\u00a1Diversi\u00f3n garantizada! Descubre nuestro programa de animaci\u00f3n con actividades, deportes, m\u00fasica en vivo y espect\u00e1culos para adultos y ni\u00f1os.","og_url":"https:\/\/goldenclubcabanas.com\/es\/vacaciones-algarve\/animacion\/","og_site_name":"Golden Club Cabanas Aparthotel Algarve, Portugal","article_modified_time":"2026-03-19T16:37:30+00:00","og_image":[{"url":"https:\/\/goldenclubcabanas.com\/wp-content\/uploads\/2025\/10\/animacao-separador.webp","type":"","width":"","height":""}],"twitter_card":"summary_large_image","twitter_misc":{"Tiempo de lectura":"2 minutos"},"schema":{"@context":"https:\/\/schema.org","@graph":[{"@type":"WebPage","@id":"https:\/\/goldenclubcabanas.com\/es\/vacaciones-algarve\/animacion\/","url":"https:\/\/goldenclubcabanas.com\/es\/vacaciones-algarve\/animacion\/","name":"Entretenimiento para toda la familia | Caba\u00f1as Golden Club","isPartOf":{"@id":"https:\/\/goldenclubcabanas.com\/en\/#website"},"primaryImageOfPage":{"@id":"https:\/\/goldenclubcabanas.com\/es\/vacaciones-algarve\/animacion\/#primaryimage"},"image":{"@id":"https:\/\/goldenclubcabanas.com\/es\/vacaciones-algarve\/animacion\/#primaryimage"},"thumbnailUrl":"https:\/\/goldenclubcabanas.com\/wp-content\/uploads\/2025\/10\/animacao-separador.webp","datePublished":"2025-05-02T09:53:14+00:00","dateModified":"2026-03-19T16:37:30+00:00","description":"\u00a1Diversi\u00f3n garantizada! Descubre nuestro programa de animaci\u00f3n con actividades, deportes, m\u00fasica en vivo y espect\u00e1culos para adultos y ni\u00f1os.","breadcrumb":{"@id":"https:\/\/goldenclubcabanas.com\/es\/vacaciones-algarve\/animacion\/#breadcrumb"},"inLanguage":"es","potentialAction":[{"@type":"ReadAction","target":["https:\/\/goldenclubcabanas.com\/es\/vacaciones-algarve\/animacion\/"]}]},{"@type":"ImageObject","inLanguage":"es","@id":"https:\/\/goldenclubcabanas.com\/es\/vacaciones-algarve\/animacion\/#primaryimage","url":"https:\/\/goldenclubcabanas.com\/wp-content\/uploads\/2025\/10\/animacao-separador.webp","contentUrl":"https:\/\/goldenclubcabanas.com\/wp-content\/uploads\/2025\/10\/animacao-separador.webp"},{"@type":"BreadcrumbList","@id":"https:\/\/goldenclubcabanas.com\/es\/vacaciones-algarve\/animacion\/#breadcrumb","itemListElement":[{"@type":"ListItem","position":1,"name":"In\u00edcio","item":"https:\/\/goldenclubcabanas.com\/es\/"},{"@type":"ListItem","position":2,"name":"Resort","item":"https:\/\/goldenclubcabanas.com\/es\/vacaciones-algarve\/"},{"@type":"ListItem","position":3,"name":"Animaci\u00f3n"}]},{"@type":"WebSite","@id":"https:\/\/goldenclubcabanas.com\/en\/#website","url":"https:\/\/goldenclubcabanas.com\/en\/","name":"Golden Club Cabanas","description":"","potentialAction":[{"@type":"SearchAction","target":{"@type":"EntryPoint","urlTemplate":"https:\/\/goldenclubcabanas.com\/en\/?s={search_term_string}"},"query-input":{"@type":"PropertyValueSpecification","valueRequired":true,"valueName":"search_term_string"}}],"inLanguage":"es"}]}},"_links":{"self":[{"href":"https:\/\/goldenclubcabanas.com\/es\/wp-json\/wp\/v2\/pages\/1968","targetHints":{"allow":["GET"]}}],"collection":[{"href":"https:\/\/goldenclubcabanas.com\/es\/wp-json\/wp\/v2\/pages"}],"about":[{"href":"https:\/\/goldenclubcabanas.com\/es\/wp-json\/wp\/v2\/types\/page"}],"author":[{"embeddable":true,"href":"https:\/\/goldenclubcabanas.com\/es\/wp-json\/wp\/v2\/users\/2"}],"replies":[{"embeddable":true,"href":"https:\/\/goldenclubcabanas.com\/es\/wp-json\/wp\/v2\/comments?post=1968"}],"version-history":[{"count":16,"href":"https:\/\/goldenclubcabanas.com\/es\/wp-json\/wp\/v2\/pages\/1968\/revisions"}],"predecessor-version":[{"id":7653,"href":"https:\/\/goldenclubcabanas.com\/es\/wp-json\/wp\/v2\/pages\/1968\/revisions\/7653"}],"up":[{"embeddable":true,"href":"https:\/\/goldenclubcabanas.com\/es\/wp-json\/wp\/v2\/pages\/4543"}],"wp:attachment":[{"href":"https:\/\/goldenclubcabanas.com\/es\/wp-json\/wp\/v2\/media?parent=1968"}],"curies":[{"name":"wp","href":"https:\/\/api.w.org\/{rel}","templated":true}]}}