{"id":4419,"date":"2025-08-21T07:16:51","date_gmt":"2025-08-21T07:16:51","guid":{"rendered":"https:\/\/goldenclubcabanas.com\/politica-de-cookies\/"},"modified":"2025-12-11T14:41:24","modified_gmt":"2025-12-11T14:41:24","slug":"politica-de-cookies","status":"publish","type":"page","link":"https:\/\/goldenclubcabanas.com\/es\/politica-de-cookies\/","title":{"rendered":"Pol\u00edtica de cookies"},"content":{"rendered":"\n<p><\/p>\n\n<p>5 Sites Cabanas utiliza cookies para mejorar la experiencia del usuario, analizar el tr\u00e1fico y personalizar el contenido y los anuncios.<br\/>Las cookies son peque\u00f1os archivos de texto que pueden almacenarse en su dispositivo cuando visita nuestro sitio web. Algunos son estrictamente necesarios para el funcionamiento del sitio web, mientras que otros son opcionales y solo se utilizar\u00e1n con su consentimiento.<br\/>Puede configurar en cualquier momento sus preferencias de cookies a trav\u00e9s de nuestro banner de consentimiento o ajustando la configuraci\u00f3n de su navegador. <\/p>\n\n<hr class=\"wp-block-separator has-alpha-channel-opacity is-style-default\"\/>\n\n<h3 class=\"wp-block-heading\" id=\"h-tipos-de-cookies-que-utilizamos\">Tipos de cookies que utilizamos<\/h3>\n\n<h4 class=\"wp-block-heading\" id=\"h-1-estritamente-necessarios\">1. Estrictamente necesario<\/h4>\n\n<p>Estas cookies son esenciales para que el sitio web funcione correctamente y no se pueden desactivar en nuestros sistemas.<\/p>\n\n<figure class=\"wp-block-table\"><table class=\"has-fixed-layout\"><tbody><tr><td>Nombre<\/td><td>Proveedor \/ Dominio<\/td><td>Validez<\/td><td>Descripci\u00f3n<\/td><\/tr><tr><td>NuevoDispoParams<\/td><td>goldenclubcabanas.com<\/td><td>1 mes<\/td><td>Almacena datos de la \u00faltima b\u00fasqueda de disponibilidad del usuario.<\/td><\/tr><tr><td>csrftoken<\/td><td>goldenclubcabanas.com<\/td><td>1 a\u00f1o<\/td><td>Asociado con el marco Django. Protege contra ataques a formularios web. <\/td><\/tr><tr><td>Socio<\/td><td>goldenclubcabanas.com<\/td><td>1 mes<\/td><td>Identifica si el cliente procede de una p\u00e1gina asociada.<\/td><\/tr><tr><td>partner_opts_cookie<\/td><td>goldenclubcabanas.com<\/td><td>1 mes<\/td><td>Identifica si el cliente proviene de una campa\u00f1a.<\/td><\/tr><tr><td>sessionid<\/td><td>goldenclubcabanas.com<\/td><td>1 hora<\/td><td>Identificador de sesi\u00f3n an\u00f3nimo, utilizado para mantener sesiones activas.<\/td><\/tr><tr><td>__cf_bm<\/td><td>Cloudflare \/ .vimeo.com<\/td><td>29 minutos<\/td><td>Distingue entre humanos y bots para informes v\u00e1lidos.<\/td><\/tr><tr><td>VISITOR_PRIVACY_METADATA<\/td><td>YouTube \/ .youtube.com<\/td><td>6 meses<\/td><td>Guarda el consentimiento del usuario y las preferencias de privacidad para los videos incrustados.<\/td><\/tr><tr><td>_pinterest_ct_ua<\/td><td>Pinterest \/ .ct.pinterest.com<\/td><td>12 meses<\/td><td>Asociado con las funciones de marketing de Pinterest.<\/td><\/tr><tr><td>CookieScriptConsent<\/td><td>CookieScript \/ .goldenclubcabanas.com<\/td><td>3 meses<\/td><td>Guarda las preferencias de consentimiento del banner de cookies.<\/td><\/tr><\/tbody><\/table><\/figure>\n\n<hr class=\"wp-block-separator has-alpha-channel-opacity is-style-default\"\/>\n\n<h4 class=\"wp-block-heading\" id=\"h-2-performance\">2. Rendimiento<\/h4>\n\n<p>Estas cookies recopilan informaci\u00f3n sobre c\u00f3mo los visitantes utilizan el sitio web, lo que ayuda a mejorar su rendimiento.<\/p>\n\n<figure class=\"wp-block-table\"><table class=\"has-fixed-layout\"><tbody><tr><td>Nombre<\/td><td>Proveedor \/ Dominio<\/td><td>Validez<\/td><td>Descripci\u00f3n<\/td><\/tr><tr><td>_Ga<\/td><td>Google \/ .goldenclubcabanas.com<\/td><td>13 meses<\/td><td>Distingue a los usuarios \u00fanicos (Google Analytics).<\/td><\/tr><tr><td>_ga_3SD0L8H612<\/td><td>Google \/ .goldenclubcabanas.com<\/td><td>13 meses<\/td><td>Mantiene el estado de la sesi\u00f3n (Google Analytics).<\/td><\/tr><tr><td>hijiffy_track_uuid<\/td><td>HiJiffy \/ messenger-services.hijiffy.com<\/td><td>1 mes<\/td><td>ID global para el registro de eventos de usuario.<\/td><\/tr><tr><td>AMP_TOKEN<\/td><td>Google \/ .goldenclubcabanas.com<\/td><td>1 hora<\/td><td>Recupera el ID de cliente del servicio de ID de cliente de AMP.<\/td><\/tr><tr><td>_Gid<\/td><td>Google \/ .goldenclubcabanas.com<\/td><td>1 d\u00eda<\/td><td>Contar y realizar un seguimiento de las visitas a la p\u00e1gina.<\/td><\/tr><tr><td>ar_debug<\/td><td>Pinterest \/ .pinterest.com<\/td><td>12 meses<\/td><td>Se utiliza para la resoluci\u00f3n de problemas y las estad\u00edsticas.<\/td><\/tr><tr><td>hijiffy_track_wid_vzO6HbHF5SDnOL<\/td><td>HiJiffy \/ messenger-services.hijiffy.com<\/td><td>1 mes<\/td><td>ID de widget para el registro de eventos.<\/td><\/tr><tr><td>_vwo_uuid_v2<\/td><td>Wingify \/ .goldenclubcabanas.com<\/td><td>1 a\u00f1o<\/td><td>Cookie del optimizador visual de sitios web (pruebas A\/B).<\/td><\/tr><tr><td>_gat_UA-39948843-1<\/td><td>Google \/ .goldenclubcabanas.com<\/td><td>1 minuto<\/td><td>Limita la recopilaci\u00f3n de datos en sitios de alto tr\u00e1fico.<\/td><\/tr><tr><td>hijiffy_track_uuid_385<\/td><td>HiJiffy \/ messenger-services.hijiffy.com<\/td><td>1 mes<\/td><td>ID de la empresa para el registro del evento.<\/td><\/tr><tr><td>_ga_JTD338B8Y3<\/td><td>Google \/ .goldenclubcabanas.com<\/td><td>13 meses<\/td><td>Mantiene el estado de la sesi\u00f3n (Google Analytics).<\/td><\/tr><\/tbody><\/table><\/figure>\n\n<hr class=\"wp-block-separator has-alpha-channel-opacity is-style-default\"\/>\n\n<h4 class=\"wp-block-heading\" id=\"h-3-targeting-publicidade\">3. Segmentaci\u00f3n \/ Publicidad<\/h4>\n\n<p>Estas cookies se utilizan para personalizar la publicidad y medir la eficacia de las campa\u00f1as.<\/p>\n\n<figure class=\"wp-block-table\"><table class=\"has-fixed-layout\"><tbody><tr><td>Nombre<\/td><td>Proveedor \/ Dominio<\/td><td>Validez<\/td><td>Descripci\u00f3n<\/td><\/tr><tr><td>_gcl_aw<\/td><td>Google \/ .goldenclubcabanas.com<\/td><td>3 meses<\/td><td>Cookie de conversi\u00f3n de Google Ads<\/td><\/tr><tr><td>_ha_aw<\/td><td>Google \/ goldenclubcabanas.com<\/td><td>3 meses<\/td><td>Cookie de conversi\u00f3n de Google Ads.<\/td><\/tr><tr><td>__Secure-ROLLOUT_TOKEN<\/td><td>YouTube \/ .youtube.com<\/td><td>6 meses<\/td><td>Garantiza la coherencia en las pruebas y los despliegues de nuevas funciones.<\/td><\/tr><tr><td>VISITOR_INFO1_LIVE<\/td><td>YouTube \/ .youtube.com<\/td><td>6 meses<\/td><td>Guardar preferencias de visualizaci\u00f3n de video<\/td><\/tr><tr><td>hijiffy_track_ts<\/td><td>HiJiffy \/ messenger-services.com<\/td><td>1 mes<\/td><td>Registra la fecha y la hora de los eventos de p\u00edxeles.<\/td><\/tr><tr><td>_fbp<\/td><td>Meta \/ .goldenclubcabanas.com<\/td><td>3 meses<\/td><td>Identifica a los usuarios para anunciarse en Facebook.<\/td><\/tr><tr><td>_pin_unauth<\/td><td>Pinterest \/ .goldenclubcabanas.com<\/td><td>12 meses<\/td><td>Identifica a los usuarios que no est\u00e1n registrados para la publicidad.<\/td><\/tr><tr><td>Mc<\/td><td>Quantserve \/ .quantserve.com<\/td><td>13 meses<\/td><td>Recopila datos an\u00f3nimos con fines estad\u00edsticos.<\/td><\/tr><tr><td>YSC<\/td><td>YouTube \/ .youtube.com<\/td><td>Sesi\u00f3n<\/td><td>Graba las vistas de los v\u00eddeos incrustados.<\/td><\/tr><tr><td>_gcl_au<\/td><td>Google \/ .goldenclubcabanas.com<\/td><td>3 meses<\/td><td>Experiencia de eficacia de anuncios (AdSense).<\/td><\/tr><tr><td>IDE<\/td><td>Google \/ .doubleclick.net<\/td><td>13 meses<\/td><td>Publicidad dirigida (Google DoubleClick).<\/td><\/tr><tr><td>Idiota<\/td><td>Issuu \/ .issuu.com<\/td><td>6 meses<\/td><td>Reconoce el dispositivo y los documentos de Issuu vistos.<\/td><\/tr><\/tbody><\/table><\/figure>\n\n<hr class=\"wp-block-separator has-alpha-channel-opacity is-style-default\"\/>\n\n<h4 class=\"wp-block-heading\" id=\"h-4-funcionalidade\">4. Funcionalidad<\/h4>\n\n<p>Estas cookies permiten una funcionalidad adicional y la personalizaci\u00f3n de la experiencia.<\/p>\n\n<figure class=\"wp-block-table\"><table class=\"has-fixed-layout\"><tbody><tr><td>Nombre<\/td><td>Proveedor \/ Dominio<\/td><td>Validez<\/td><td>Descripci\u00f3n<\/td><\/tr><tr><td>_cfuvid<\/td><td>Vimeo \/ .vimeo.com<\/td><td>Sesi\u00f3n<\/td><td>Mantiene la coherencia de la sesi\u00f3n para optimizar la experiencia<\/td><\/tr><tr><td>wg_vzO6HbHF5SDnOL_hj_web<\/td><td>HiJiffy \/ .goldenclubcabanas.com<\/td><td>13 meses<\/td><td>Guarda el estado del widget (abierto\/cerrado).<\/td><\/tr><tr><td>wg_vzO6HbHF5SDnOL_hj_ut<\/td><td>HiJiffy \/ .goldenclubcabanas.com<\/td><td>13 meses<\/td><td>Token de usuario \u00fanico para cargar conversaciones anteriores.<\/td><\/tr><tr><td>triptease-user-id<\/td><td>Triptease \/ .triptease.io<\/td><td>12 meses<\/td><td>Identifica de forma \u00fanica a los usuarios para personalizar las visitas.<\/td><\/tr><tr><td>triptease-session-id<\/td><td>Triptease \/ .triptease.io<\/td><td>8 horas<\/td><td>Identifica las sesiones para el recuento de visitas.<\/td><\/tr><tr><td>wp-wpml_current_language<\/td><td>Sistemas OnTheGos \/ goldenclubcabanas.com<\/td><td>1 d\u00eda<\/td><td>Guarda el idioma actual del usuario.<\/td><\/tr><tr><td>hijiffy_track_uuid_385<\/td><td>HiJiffy \/ messenger-services.com<\/td><td>1 mes<\/td><td>ID de la empresa para el registro del evento.<\/td><\/tr><\/tbody><\/table><\/figure>\n\n<hr class=\"wp-block-separator has-alpha-channel-opacity is-style-default\"\/>\n\n<h3 class=\"wp-block-heading\" id=\"h-como-pode-gerir-os-cookies\">\u00bfC\u00f3mo puede administrar las cookies?<\/h3>\n\n<p>Puede configurar su navegador para que bloquee o le avise sobre las cookies, pero es posible que algunas partes del sitio no funcionen correctamente sin ellas.<\/p>\n\n<p>Para obtener m\u00e1s detalles, consulte las instrucciones de administraci\u00f3n de cookies de los principales navegadores:<\/p>\n\n<ul class=\"wp-block-list\">\n<li>Google Chrome<\/li>\n\n\n\n<li>Mozilla Firefox<\/li>\n\n\n\n<li>Safari<\/li>\n\n\n\n<li>Microsoft Edge<\/li>\n<\/ul>\n","protected":false},"excerpt":{"rendered":"<p>5 Sites Cabanas utiliza cookies para mejorar la experiencia del usuario, analizar el tr\u00e1fico y personalizar el contenido y los anuncios.Las cookies son peque\u00f1os archivos de texto que pueden almacenarse en su dispositivo cuando visita nuestro sitio web. Algunos son estrictamente necesarios para el funcionamiento del sitio web, mientras que otros son opcionales y solo &#8230; <a title=\"Pol\u00edtica de cookies\" class=\"read-more\" href=\"https:\/\/goldenclubcabanas.com\/es\/politica-de-cookies\/\" aria-label=\"Leer m\u00e1s sobre Pol\u00edtica de cookies\">Leer m\u00e1s<\/a><\/p>\n","protected":false},"author":2,"featured_media":0,"parent":0,"menu_order":0,"comment_status":"closed","ping_status":"closed","template":"page-templates\/page-content-template.php","meta":{"_acf_changed":false,"footnotes":""},"class_list":["post-4419","page","type-page","status-publish"],"acf":[],"yoast_head":"<!-- This site is optimized with the Yoast SEO Premium plugin v25.9 (Yoast SEO v25.9) - https:\/\/yoast.com\/wordpress\/plugins\/seo\/ -->\n<title>Pol\u00edtica de cookies - Golden Club Cabanas Aparthotel Algarve, Portugal<\/title>\n<meta name=\"description\" content=\"Pol\u00edtica de Cookies de Golden Club Cabanas: qu\u00e9 cookies usamos, para qu\u00e9, durante cu\u00e1nto tiempo y c\u00f3mo gestionar tus preferencias.\" \/>\n<meta name=\"robots\" content=\"index, follow, max-snippet:-1, max-image-preview:large, max-video-preview:-1\" \/>\n<link rel=\"canonical\" href=\"https:\/\/goldenclubcabanas.com\/es\/politica-de-cookies\/\" \/>\n<meta property=\"og:locale\" content=\"es_ES\" \/>\n<meta property=\"og:type\" content=\"article\" \/>\n<meta property=\"og:title\" content=\"Pol\u00edtica de cookies\" \/>\n<meta property=\"og:description\" content=\"Pol\u00edtica de Cookies de Golden Club Cabanas: qu\u00e9 cookies usamos, para qu\u00e9, durante cu\u00e1nto tiempo y c\u00f3mo gestionar tus preferencias.\" \/>\n<meta property=\"og:url\" content=\"https:\/\/goldenclubcabanas.com\/es\/politica-de-cookies\/\" \/>\n<meta property=\"og:site_name\" content=\"Golden Club Cabanas Aparthotel Algarve, Portugal\" \/>\n<meta property=\"article:modified_time\" content=\"2025-12-11T14:41:24+00:00\" \/>\n<meta name=\"twitter:card\" content=\"summary_large_image\" \/>\n<meta name=\"twitter:label1\" content=\"Tiempo de lectura\" \/>\n\t<meta name=\"twitter:data1\" content=\"5 minutos\" \/>\n<script type=\"application\/ld+json\" class=\"yoast-schema-graph\">{\"@context\":\"https:\/\/schema.org\",\"@graph\":[{\"@type\":\"WebPage\",\"@id\":\"https:\/\/goldenclubcabanas.com\/es\/politica-de-cookies\/\",\"url\":\"https:\/\/goldenclubcabanas.com\/es\/politica-de-cookies\/\",\"name\":\"Pol\u00edtica de cookies - Golden Club Cabanas Aparthotel Algarve, Portugal\",\"isPartOf\":{\"@id\":\"https:\/\/goldenclubcabanas.com\/en\/#website\"},\"datePublished\":\"2025-08-21T07:16:51+00:00\",\"dateModified\":\"2025-12-11T14:41:24+00:00\",\"description\":\"Pol\u00edtica de Cookies de Golden Club Cabanas: qu\u00e9 cookies usamos, para qu\u00e9, durante cu\u00e1nto tiempo y c\u00f3mo gestionar tus preferencias.\",\"breadcrumb\":{\"@id\":\"https:\/\/goldenclubcabanas.com\/es\/politica-de-cookies\/#breadcrumb\"},\"inLanguage\":\"es\",\"potentialAction\":[{\"@type\":\"ReadAction\",\"target\":[\"https:\/\/goldenclubcabanas.com\/es\/politica-de-cookies\/\"]}]},{\"@type\":\"BreadcrumbList\",\"@id\":\"https:\/\/goldenclubcabanas.com\/es\/politica-de-cookies\/#breadcrumb\",\"itemListElement\":[{\"@type\":\"ListItem\",\"position\":1,\"name\":\"In\u00edcio\",\"item\":\"https:\/\/goldenclubcabanas.com\/es\/\"},{\"@type\":\"ListItem\",\"position\":2,\"name\":\"Pol\u00edtica de cookies\"}]},{\"@type\":\"WebSite\",\"@id\":\"https:\/\/goldenclubcabanas.com\/en\/#website\",\"url\":\"https:\/\/goldenclubcabanas.com\/en\/\",\"name\":\"Golden Club Cabanas\",\"description\":\"\",\"potentialAction\":[{\"@type\":\"SearchAction\",\"target\":{\"@type\":\"EntryPoint\",\"urlTemplate\":\"https:\/\/goldenclubcabanas.com\/en\/?s={search_term_string}\"},\"query-input\":{\"@type\":\"PropertyValueSpecification\",\"valueRequired\":true,\"valueName\":\"search_term_string\"}}],\"inLanguage\":\"es\"}]}<\/script>\n<!-- \/ Yoast SEO Premium plugin. -->","yoast_head_json":{"title":"Pol\u00edtica de cookies - Golden Club Cabanas Aparthotel Algarve, Portugal","description":"Pol\u00edtica de Cookies de Golden Club Cabanas: qu\u00e9 cookies usamos, para qu\u00e9, durante cu\u00e1nto tiempo y c\u00f3mo gestionar tus preferencias.","robots":{"index":"index","follow":"follow","max-snippet":"max-snippet:-1","max-image-preview":"max-image-preview:large","max-video-preview":"max-video-preview:-1"},"canonical":"https:\/\/goldenclubcabanas.com\/es\/politica-de-cookies\/","og_locale":"es_ES","og_type":"article","og_title":"Pol\u00edtica de cookies","og_description":"Pol\u00edtica de Cookies de Golden Club Cabanas: qu\u00e9 cookies usamos, para qu\u00e9, durante cu\u00e1nto tiempo y c\u00f3mo gestionar tus preferencias.","og_url":"https:\/\/goldenclubcabanas.com\/es\/politica-de-cookies\/","og_site_name":"Golden Club Cabanas Aparthotel Algarve, Portugal","article_modified_time":"2025-12-11T14:41:24+00:00","twitter_card":"summary_large_image","twitter_misc":{"Tiempo de lectura":"5 minutos"},"schema":{"@context":"https:\/\/schema.org","@graph":[{"@type":"WebPage","@id":"https:\/\/goldenclubcabanas.com\/es\/politica-de-cookies\/","url":"https:\/\/goldenclubcabanas.com\/es\/politica-de-cookies\/","name":"Pol\u00edtica de cookies - Golden Club Cabanas Aparthotel Algarve, Portugal","isPartOf":{"@id":"https:\/\/goldenclubcabanas.com\/en\/#website"},"datePublished":"2025-08-21T07:16:51+00:00","dateModified":"2025-12-11T14:41:24+00:00","description":"Pol\u00edtica de Cookies de Golden Club Cabanas: qu\u00e9 cookies usamos, para qu\u00e9, durante cu\u00e1nto tiempo y c\u00f3mo gestionar tus preferencias.","breadcrumb":{"@id":"https:\/\/goldenclubcabanas.com\/es\/politica-de-cookies\/#breadcrumb"},"inLanguage":"es","potentialAction":[{"@type":"ReadAction","target":["https:\/\/goldenclubcabanas.com\/es\/politica-de-cookies\/"]}]},{"@type":"BreadcrumbList","@id":"https:\/\/goldenclubcabanas.com\/es\/politica-de-cookies\/#breadcrumb","itemListElement":[{"@type":"ListItem","position":1,"name":"In\u00edcio","item":"https:\/\/goldenclubcabanas.com\/es\/"},{"@type":"ListItem","position":2,"name":"Pol\u00edtica de cookies"}]},{"@type":"WebSite","@id":"https:\/\/goldenclubcabanas.com\/en\/#website","url":"https:\/\/goldenclubcabanas.com\/en\/","name":"Golden Club Cabanas","description":"","potentialAction":[{"@type":"SearchAction","target":{"@type":"EntryPoint","urlTemplate":"https:\/\/goldenclubcabanas.com\/en\/?s={search_term_string}"},"query-input":{"@type":"PropertyValueSpecification","valueRequired":true,"valueName":"search_term_string"}}],"inLanguage":"es"}]}},"_links":{"self":[{"href":"https:\/\/goldenclubcabanas.com\/es\/wp-json\/wp\/v2\/pages\/4419","targetHints":{"allow":["GET"]}}],"collection":[{"href":"https:\/\/goldenclubcabanas.com\/es\/wp-json\/wp\/v2\/pages"}],"about":[{"href":"https:\/\/goldenclubcabanas.com\/es\/wp-json\/wp\/v2\/types\/page"}],"author":[{"embeddable":true,"href":"https:\/\/goldenclubcabanas.com\/es\/wp-json\/wp\/v2\/users\/2"}],"replies":[{"embeddable":true,"href":"https:\/\/goldenclubcabanas.com\/es\/wp-json\/wp\/v2\/comments?post=4419"}],"version-history":[{"count":9,"href":"https:\/\/goldenclubcabanas.com\/es\/wp-json\/wp\/v2\/pages\/4419\/revisions"}],"predecessor-version":[{"id":5693,"href":"https:\/\/goldenclubcabanas.com\/es\/wp-json\/wp\/v2\/pages\/4419\/revisions\/5693"}],"wp:attachment":[{"href":"https:\/\/goldenclubcabanas.com\/es\/wp-json\/wp\/v2\/media?parent=4419"}],"curies":[{"name":"wp","href":"https:\/\/api.w.org\/{rel}","templated":true}]}}