{"id":4485,"date":"2025-05-26T10:31:25","date_gmt":"2025-05-26T10:31:25","guid":{"rendered":"https:\/\/goldenclubcabanas.com\/oportunidades-de-emprego\/"},"modified":"2025-11-25T16:00:46","modified_gmt":"2025-11-25T16:00:46","slug":"oportunidades-trabajo","status":"publish","type":"page","link":"https:\/\/goldenclubcabanas.com\/es\/oportunidades-trabajo\/","title":{"rendered":"Ofertas de empleo"},"content":{"rendered":"\n<div class=\"dng-hero-section gb-element-16b74f59\">\n<div class=\"dng-content-section gb-element-acee01b2\">\n<h1 class=\"gb-text lg-font gb-text-5600b8f4\" data-aos=\"fade-up\" data-aos-anchor-placement=\"top-bottom\" data-aos-duration=\"1500\">\u00danete a nuestro equipo<\/h1>\n\n\n\n<p class=\"gb-text gb-text-42354c33 body1\" data-aos-anchor-placement=\"top-bottom\" data-aos=\"fade-up\" data-aos-duration=\"2000\">En Golden Club Cabanas creemos que las personas marcan la diferencia. Buscamos talento, dedicaci\u00f3n y ganas de crecer. <\/p>\n<\/div>\n<\/div>\n\n\n\n<div class=\"dng-section-space\">\n<div class=\"dng-content-section\">\n<h2 class=\"gb-text gb-text-7002bf54 title1\" data-aos=\"fade-up\" data-aos-duration=\"2000\" data-aos-anchor-placement=\"center-bottom\">Trabajar con nosotros es m\u00e1s que un empleo<\/h2>\n\n\n\n<p class=\"gb-text gb-text-d8699e40 body2\" data-aos=\"fade-up\" data-aos-anchor-placement=\"center-bottom\" data-aos-duration=\"2200\">Aqu\u00ed tendr\u00e1s la oportunidad de construir tu carrera en un entorno profesional, din\u00e1mico e inspirador. Valoramos el bienestar de nuestros empleados y ofrecemos condiciones para evolucionar personal y profesionalmente, en una de las regiones m\u00e1s bellas del pa\u00eds. <\/p>\n\n\n\n<div class=\"gb-element-43f16f4c\">\n<div>\n\n\n<div class=\"dng-pagination gb-element-71498748 gb-query-loop-pagination\">\n\n\n\n<\/div>\n<\/div>\n<\/div>\n<\/div>\n<\/div>\n\n\n\n<div class=\"gb-element-c60bc195\">\n<div class=\"no-overflow gb-element-899482dc\">\n<div class=\"gb-element-7998687c\">\n<div class=\"gb-element-7af4a594\">\n<figure class=\"wp-block-image size-large\"><img loading=\"lazy\" decoding=\"async\" width=\"1024\" height=\"640\" src=\"https:\/\/goldenclubcabanas.com\/wp-content\/uploads\/2025\/07\/carreiras-slider-1024x640.jpg\" alt=\"\" class=\"wp-image-3670\" srcset=\"https:\/\/goldenclubcabanas.com\/wp-content\/uploads\/2025\/07\/carreiras-slider-1024x640.jpg 1024w, https:\/\/goldenclubcabanas.com\/wp-content\/uploads\/2025\/07\/carreiras-slider-300x188.jpg 300w, https:\/\/goldenclubcabanas.com\/wp-content\/uploads\/2025\/07\/carreiras-slider-768x480.jpg 768w, https:\/\/goldenclubcabanas.com\/wp-content\/uploads\/2025\/07\/carreiras-slider-1536x960.jpg 1536w, https:\/\/goldenclubcabanas.com\/wp-content\/uploads\/2025\/07\/carreiras-slider-2048x1280.jpg 2048w\" sizes=\"auto, (max-width: 1024px) 100vw, 1024px\" \/><\/figure>\n<\/div>\n\n\n\n<div class=\"gb-element-7222222f _rightOffset\">\n<h3 class=\"gb-text gb-text-8b624f33\">Env\u00edanos una candidatura espont\u00e1nea<\/h3>\n\n\n\n<p class=\"gb-text gb-text-40913e4b body2\">Aunque no veas una vacante que coincida con tu perfil en este momento, estaremos encantados de conocer tu trayectoria. Rellena el formulario a continuaci\u00f3n y env\u00edanos tu candidatura: podr\u00edamos contactarte cuando surja una oportunidad adecuada. <\/p>\n\n\n\n<a class=\"dng-gpc-btn gb-text-654f644e button-text btn-gold-outline dng-button\" href=\"https:\/\/goldenclubcabanas.com\/es\/aplicacion-espontanea\/\"><span class=\"gb-text\">QUIERO POSTULARME<\/span><span class=\"gb-shape\"><svg xmlns=\"http:\/\/www.w3.org\/2000\/svg\" width=\"50\" height=\"25\" viewBox=\"0 0 24 25\" fill=\"none\">\n<path d=\"M23.542 11.392L18.825 6.67505L18.118 7.38205L22.736 12H0V13H22.734L18.117 17.617L18.824 18.324L23.542 13.606C24.152 12.996 24.152 12.002 23.542 11.392Z\" fill=\"#1E1E1E\"><\/path>\n<\/svg>\n<\/span><\/a>\n<\/div>\n<\/div>\n<\/div>\n<\/div>\n\n\n\n<p><\/p>\n","protected":false},"excerpt":{"rendered":"<p>\u00danete a nuestro equipo En Golden Club Cabanas creemos que las personas marcan la diferencia. Buscamos talento, dedicaci\u00f3n y ganas de crecer. Trabajar con nosotros es m\u00e1s que un empleo Aqu\u00ed tendr\u00e1s la oportunidad de construir tu carrera en un entorno profesional, din\u00e1mico e inspirador. Valoramos el bienestar de nuestros empleados y ofrecemos condiciones para &#8230; <a title=\"Ofertas de empleo\" class=\"read-more\" href=\"https:\/\/goldenclubcabanas.com\/es\/oportunidades-trabajo\/\" aria-label=\"Leer m\u00e1s sobre Ofertas de empleo\">Leer m\u00e1s<\/a><\/p>\n","protected":false},"author":2,"featured_media":0,"parent":0,"menu_order":93,"comment_status":"closed","ping_status":"closed","template":"","meta":{"_acf_changed":false,"footnotes":""},"class_list":["post-4485","page","type-page","status-publish"],"acf":[],"yoast_head":"<!-- This site is optimized with the Yoast SEO Premium plugin v25.9 (Yoast SEO v25.9) - https:\/\/yoast.com\/wordpress\/plugins\/seo\/ -->\n<title>Ofertas de empleo - Golden Club Cabanas Aparthotel Algarve, Portugal<\/title>\n<meta name=\"robots\" content=\"index, follow, max-snippet:-1, max-image-preview:large, max-video-preview:-1\" \/>\n<link rel=\"canonical\" href=\"https:\/\/goldenclubcabanas.com\/es\/oportunidades-trabajo\/\" \/>\n<meta property=\"og:locale\" content=\"es_ES\" \/>\n<meta property=\"og:type\" content=\"article\" \/>\n<meta property=\"og:title\" content=\"Ofertas de empleo\" \/>\n<meta property=\"og:description\" content=\"\u00danete a nuestro equipo En Golden Club Cabanas creemos que las personas marcan la diferencia. Buscamos talento, dedicaci\u00f3n y ganas de crecer. Trabajar con nosotros es m\u00e1s que un empleo Aqu\u00ed tendr\u00e1s la oportunidad de construir tu carrera en un entorno profesional, din\u00e1mico e inspirador. Valoramos el bienestar de nuestros empleados y ofrecemos condiciones para ... Leer m\u00e1s\" \/>\n<meta property=\"og:url\" content=\"https:\/\/goldenclubcabanas.com\/es\/oportunidades-trabajo\/\" \/>\n<meta property=\"og:site_name\" content=\"Golden Club Cabanas Aparthotel Algarve, Portugal\" \/>\n<meta property=\"article:modified_time\" content=\"2025-11-25T16:00:46+00:00\" \/>\n<meta property=\"og:image\" content=\"https:\/\/goldenclubcabanas.com\/wp-content\/uploads\/2025\/07\/carreiras-slider-1024x640.jpg\" \/>\n<meta name=\"twitter:card\" content=\"summary_large_image\" \/>\n<meta name=\"twitter:label1\" content=\"Tiempo de lectura\" \/>\n\t<meta name=\"twitter:data1\" content=\"2 minutos\" \/>\n<script type=\"application\/ld+json\" class=\"yoast-schema-graph\">{\"@context\":\"https:\/\/schema.org\",\"@graph\":[{\"@type\":\"WebPage\",\"@id\":\"https:\/\/goldenclubcabanas.com\/es\/oportunidades-trabajo\/\",\"url\":\"https:\/\/goldenclubcabanas.com\/es\/oportunidades-trabajo\/\",\"name\":\"Ofertas de empleo - Golden Club Cabanas Aparthotel Algarve, Portugal\",\"isPartOf\":{\"@id\":\"https:\/\/goldenclubcabanas.com\/en\/#website\"},\"primaryImageOfPage\":{\"@id\":\"https:\/\/goldenclubcabanas.com\/es\/oportunidades-trabajo\/#primaryimage\"},\"image\":{\"@id\":\"https:\/\/goldenclubcabanas.com\/es\/oportunidades-trabajo\/#primaryimage\"},\"thumbnailUrl\":\"https:\/\/goldenclubcabanas.com\/wp-content\/uploads\/2025\/07\/carreiras-slider-1024x640.jpg\",\"datePublished\":\"2025-05-26T10:31:25+00:00\",\"dateModified\":\"2025-11-25T16:00:46+00:00\",\"breadcrumb\":{\"@id\":\"https:\/\/goldenclubcabanas.com\/es\/oportunidades-trabajo\/#breadcrumb\"},\"inLanguage\":\"es\",\"potentialAction\":[{\"@type\":\"ReadAction\",\"target\":[\"https:\/\/goldenclubcabanas.com\/es\/oportunidades-trabajo\/\"]}]},{\"@type\":\"ImageObject\",\"inLanguage\":\"es\",\"@id\":\"https:\/\/goldenclubcabanas.com\/es\/oportunidades-trabajo\/#primaryimage\",\"url\":\"https:\/\/goldenclubcabanas.com\/wp-content\/uploads\/2025\/07\/carreiras-slider-1024x640.jpg\",\"contentUrl\":\"https:\/\/goldenclubcabanas.com\/wp-content\/uploads\/2025\/07\/carreiras-slider-1024x640.jpg\"},{\"@type\":\"BreadcrumbList\",\"@id\":\"https:\/\/goldenclubcabanas.com\/es\/oportunidades-trabajo\/#breadcrumb\",\"itemListElement\":[{\"@type\":\"ListItem\",\"position\":1,\"name\":\"In\u00edcio\",\"item\":\"https:\/\/goldenclubcabanas.com\/es\/\"},{\"@type\":\"ListItem\",\"position\":2,\"name\":\"Ofertas de empleo\"}]},{\"@type\":\"WebSite\",\"@id\":\"https:\/\/goldenclubcabanas.com\/en\/#website\",\"url\":\"https:\/\/goldenclubcabanas.com\/en\/\",\"name\":\"Golden Club Cabanas\",\"description\":\"\",\"potentialAction\":[{\"@type\":\"SearchAction\",\"target\":{\"@type\":\"EntryPoint\",\"urlTemplate\":\"https:\/\/goldenclubcabanas.com\/en\/?s={search_term_string}\"},\"query-input\":{\"@type\":\"PropertyValueSpecification\",\"valueRequired\":true,\"valueName\":\"search_term_string\"}}],\"inLanguage\":\"es\"}]}<\/script>\n<!-- \/ Yoast SEO Premium plugin. -->","yoast_head_json":{"title":"Ofertas de empleo - Golden Club Cabanas Aparthotel Algarve, Portugal","robots":{"index":"index","follow":"follow","max-snippet":"max-snippet:-1","max-image-preview":"max-image-preview:large","max-video-preview":"max-video-preview:-1"},"canonical":"https:\/\/goldenclubcabanas.com\/es\/oportunidades-trabajo\/","og_locale":"es_ES","og_type":"article","og_title":"Ofertas de empleo","og_description":"\u00danete a nuestro equipo En Golden Club Cabanas creemos que las personas marcan la diferencia. Buscamos talento, dedicaci\u00f3n y ganas de crecer. Trabajar con nosotros es m\u00e1s que un empleo Aqu\u00ed tendr\u00e1s la oportunidad de construir tu carrera en un entorno profesional, din\u00e1mico e inspirador. Valoramos el bienestar de nuestros empleados y ofrecemos condiciones para ... Leer m\u00e1s","og_url":"https:\/\/goldenclubcabanas.com\/es\/oportunidades-trabajo\/","og_site_name":"Golden Club Cabanas Aparthotel Algarve, Portugal","article_modified_time":"2025-11-25T16:00:46+00:00","og_image":[{"url":"https:\/\/goldenclubcabanas.com\/wp-content\/uploads\/2025\/07\/carreiras-slider-1024x640.jpg","type":"","width":"","height":""}],"twitter_card":"summary_large_image","twitter_misc":{"Tiempo de lectura":"2 minutos"},"schema":{"@context":"https:\/\/schema.org","@graph":[{"@type":"WebPage","@id":"https:\/\/goldenclubcabanas.com\/es\/oportunidades-trabajo\/","url":"https:\/\/goldenclubcabanas.com\/es\/oportunidades-trabajo\/","name":"Ofertas de empleo - Golden Club Cabanas Aparthotel Algarve, Portugal","isPartOf":{"@id":"https:\/\/goldenclubcabanas.com\/en\/#website"},"primaryImageOfPage":{"@id":"https:\/\/goldenclubcabanas.com\/es\/oportunidades-trabajo\/#primaryimage"},"image":{"@id":"https:\/\/goldenclubcabanas.com\/es\/oportunidades-trabajo\/#primaryimage"},"thumbnailUrl":"https:\/\/goldenclubcabanas.com\/wp-content\/uploads\/2025\/07\/carreiras-slider-1024x640.jpg","datePublished":"2025-05-26T10:31:25+00:00","dateModified":"2025-11-25T16:00:46+00:00","breadcrumb":{"@id":"https:\/\/goldenclubcabanas.com\/es\/oportunidades-trabajo\/#breadcrumb"},"inLanguage":"es","potentialAction":[{"@type":"ReadAction","target":["https:\/\/goldenclubcabanas.com\/es\/oportunidades-trabajo\/"]}]},{"@type":"ImageObject","inLanguage":"es","@id":"https:\/\/goldenclubcabanas.com\/es\/oportunidades-trabajo\/#primaryimage","url":"https:\/\/goldenclubcabanas.com\/wp-content\/uploads\/2025\/07\/carreiras-slider-1024x640.jpg","contentUrl":"https:\/\/goldenclubcabanas.com\/wp-content\/uploads\/2025\/07\/carreiras-slider-1024x640.jpg"},{"@type":"BreadcrumbList","@id":"https:\/\/goldenclubcabanas.com\/es\/oportunidades-trabajo\/#breadcrumb","itemListElement":[{"@type":"ListItem","position":1,"name":"In\u00edcio","item":"https:\/\/goldenclubcabanas.com\/es\/"},{"@type":"ListItem","position":2,"name":"Ofertas de empleo"}]},{"@type":"WebSite","@id":"https:\/\/goldenclubcabanas.com\/en\/#website","url":"https:\/\/goldenclubcabanas.com\/en\/","name":"Golden Club Cabanas","description":"","potentialAction":[{"@type":"SearchAction","target":{"@type":"EntryPoint","urlTemplate":"https:\/\/goldenclubcabanas.com\/en\/?s={search_term_string}"},"query-input":{"@type":"PropertyValueSpecification","valueRequired":true,"valueName":"search_term_string"}}],"inLanguage":"es"}]}},"_links":{"self":[{"href":"https:\/\/goldenclubcabanas.com\/es\/wp-json\/wp\/v2\/pages\/4485","targetHints":{"allow":["GET"]}}],"collection":[{"href":"https:\/\/goldenclubcabanas.com\/es\/wp-json\/wp\/v2\/pages"}],"about":[{"href":"https:\/\/goldenclubcabanas.com\/es\/wp-json\/wp\/v2\/types\/page"}],"author":[{"embeddable":true,"href":"https:\/\/goldenclubcabanas.com\/es\/wp-json\/wp\/v2\/users\/2"}],"replies":[{"embeddable":true,"href":"https:\/\/goldenclubcabanas.com\/es\/wp-json\/wp\/v2\/comments?post=4485"}],"version-history":[{"count":4,"href":"https:\/\/goldenclubcabanas.com\/es\/wp-json\/wp\/v2\/pages\/4485\/revisions"}],"predecessor-version":[{"id":7402,"href":"https:\/\/goldenclubcabanas.com\/es\/wp-json\/wp\/v2\/pages\/4485\/revisions\/7402"}],"wp:attachment":[{"href":"https:\/\/goldenclubcabanas.com\/es\/wp-json\/wp\/v2\/media?parent=4485"}],"curies":[{"name":"wp","href":"https:\/\/api.w.org\/{rel}","templated":true}]}}