{"id":4502,"date":"2025-05-12T09:51:58","date_gmt":"2025-05-12T09:51:58","guid":{"rendered":"https:\/\/goldenclubcabanas.com\/bird-watching\/"},"modified":"2025-10-23T11:17:32","modified_gmt":"2025-10-23T11:17:32","slug":"observacion-aves","status":"publish","type":"page","link":"https:\/\/goldenclubcabanas.com\/es\/que-hacer-algarve\/observacion-aves\/","title":{"rendered":"Observaci\u00f3n de Aves"},"content":{"rendered":"\n<div class=\"dng-hero-section gb-element-46afd053\">\n<div class=\"dng-content-section gb-element-399894b7\">\n<h1 class=\"gb-text lg-font gb-text-092fc453\" data-aos=\"fade-up\" data-aos-anchor-placement=\"top-bottom\" data-aos-duration=\"1500\">Observaci\u00f3n de Aves en la R\u00eda Formosa<\/h1>\n\n\n\n<p class=\"gb-text gb-text-ef0676c9 body1\" data-aos-anchor-placement=\"top-bottom\" data-aos=\"fade-up\" data-aos-duration=\"2000\">Desde Golden Club Cabanas, observa flamencos, cig\u00fce\u00f1as y otras aves en uno de los mejores destinos de birdwatching del Algarve.<\/p>\n<\/div>\n<\/div>\n\n\n\n<div class=\"dng-section-space\">\n<div class=\"dng-content-section no-overflow\">\n<h2 class=\"gb-text gb-text-d10dd055 title1\" data-aos=\"fade-up\" data-aos-duration=\"1000\" data-aos-anchor-placement=\"center-bottom\">La naturaleza m\u00e1s cerca de ti<\/h2>\n\n\n\n<p class=\"gb-text gb-text-e26297b0 body2\" data-aos=\"fade-up\" data-aos-duration=\"1400\" data-aos-anchor-placement=\"center-bottom\">La R\u00eda Formosa es un para\u00edso para los observadores de aves, con cientos de especies a lo largo del a\u00f1o. Cerca de Golden Club Cabanas, podr\u00e1s avistar garzas, flamencos, cig\u00fce\u00f1uelas, charranes e incluso el raro caim\u00e3o \u2014 ave s\u00edmbolo de la ria. Oto\u00f1o y primavera son ideales para ver aves migratorias que pasan o nidifican en esta zona. Un lugar \u00fanico para amantes de la naturaleza y la fotograf\u00eda.<\/p>\n\n\n\n<div class=\"gb-element-f9688e02\" data-aos=\"fade-up\" data-aos-duration=\"1600\" data-aos-anchor-placement=\"center-bottom\">\n<figure class=\"wp-block-image size-large  dng-img dng-img-380\"><img loading=\"lazy\" decoding=\"async\" width=\"1024\" height=\"352\" src=\"https:\/\/goldenclubcabanas.com\/wp-content\/uploads\/2025\/07\/birdwatching-separador-1024x352.jpg\" alt=\"\" class=\"wp-image-3381\" style=\"object-fit:cover\" srcset=\"https:\/\/goldenclubcabanas.com\/wp-content\/uploads\/2025\/07\/birdwatching-separador-1024x352.jpg 1024w, https:\/\/goldenclubcabanas.com\/wp-content\/uploads\/2025\/07\/birdwatching-separador-300x103.jpg 300w, https:\/\/goldenclubcabanas.com\/wp-content\/uploads\/2025\/07\/birdwatching-separador-768x264.jpg 768w, https:\/\/goldenclubcabanas.com\/wp-content\/uploads\/2025\/07\/birdwatching-separador-1536x527.jpg 1536w, https:\/\/goldenclubcabanas.com\/wp-content\/uploads\/2025\/07\/birdwatching-separador.jpg 2048w\" sizes=\"auto, (max-width: 1024px) 100vw, 1024px\" \/><\/figure>\n<\/div>\n<\/div>\n<\/div>\n\n\n\r\n<div id=\"dng-c-images-slider-block_4b03fba59d2eac30b06cf519653ee483\" class=\"dng-c-images-slider gcc-section-space\">\r\n            <div class=\"dng-content-section\">\r\n            <div class=\"dng-imgSlider_content overflow-none\">\r\n                                    <h2 class=\"title1\" data-aos=\"fade-up\" data-aos-duration=\"2000\" data-aos-anchor-placement=\"center-bottom\">Camina, Observa y Sorpr\u00e9ndete<\/h2>\r\n                                    <p class=\"body2\" data-aos=\"fade-up\" data-aos-duration=\"2200\" data-aos-anchor-placement=\"center-bottom\">No necesitas ir lejos para ver especies incre\u00edbles \u2014 en las orillas de la ria, en las salinas o incluso alrededor del hotel, puedes ver aves en plena actividad. Adem\u00e1s de la zona de Cabanas, destacan lugares como Quinta de Marim (Olh\u00e3o), Quinta do Ludo (Faro) y Castro Marim, ideales para paseos y avistamiento de aves. Trae binoculares, c\u00e1mara y prep\u00e1rate para momentos inolvidables en contacto con la vida salvaje.<\/p>\r\n                            <\/div>\r\n        <\/div>\r\n                <div class=\"dngImages_slider _leftOffset owl-carousel owl-theme\">\r\n                            <div class=\"dngImages_slider-item\">\r\n                    <img loading=\"lazy\" decoding=\"async\" width=\"1424\" height=\"1536\" src=\"https:\/\/goldenclubcabanas.com\/wp-content\/uploads\/2025\/07\/birdwatching-square-2.jpg\" class=\"attachment-full size-full\" alt=\"\" srcset=\"https:\/\/goldenclubcabanas.com\/wp-content\/uploads\/2025\/07\/birdwatching-square-2.jpg 1424w, https:\/\/goldenclubcabanas.com\/wp-content\/uploads\/2025\/07\/birdwatching-square-2-278x300.jpg 278w, https:\/\/goldenclubcabanas.com\/wp-content\/uploads\/2025\/07\/birdwatching-square-2-949x1024.jpg 949w, https:\/\/goldenclubcabanas.com\/wp-content\/uploads\/2025\/07\/birdwatching-square-2-768x828.jpg 768w\" sizes=\"auto, (max-width: 1424px) 100vw, 1424px\" \/>                <\/div>\r\n                            <div class=\"dngImages_slider-item\">\r\n                    <img loading=\"lazy\" decoding=\"async\" width=\"1424\" height=\"1536\" src=\"https:\/\/goldenclubcabanas.com\/wp-content\/uploads\/2025\/07\/birdwatching-square-3.jpg\" class=\"attachment-full size-full\" alt=\"\" srcset=\"https:\/\/goldenclubcabanas.com\/wp-content\/uploads\/2025\/07\/birdwatching-square-3.jpg 1424w, https:\/\/goldenclubcabanas.com\/wp-content\/uploads\/2025\/07\/birdwatching-square-3-278x300.jpg 278w, https:\/\/goldenclubcabanas.com\/wp-content\/uploads\/2025\/07\/birdwatching-square-3-949x1024.jpg 949w, https:\/\/goldenclubcabanas.com\/wp-content\/uploads\/2025\/07\/birdwatching-square-3-768x828.jpg 768w\" sizes=\"auto, (max-width: 1424px) 100vw, 1424px\" \/>                <\/div>\r\n                            <div class=\"dngImages_slider-item\">\r\n                    <img loading=\"lazy\" decoding=\"async\" width=\"1424\" height=\"1536\" src=\"https:\/\/goldenclubcabanas.com\/wp-content\/uploads\/2025\/07\/birdwatching-square-4.jpg\" class=\"attachment-full size-full\" alt=\"\" srcset=\"https:\/\/goldenclubcabanas.com\/wp-content\/uploads\/2025\/07\/birdwatching-square-4.jpg 1424w, https:\/\/goldenclubcabanas.com\/wp-content\/uploads\/2025\/07\/birdwatching-square-4-278x300.jpg 278w, https:\/\/goldenclubcabanas.com\/wp-content\/uploads\/2025\/07\/birdwatching-square-4-949x1024.jpg 949w, https:\/\/goldenclubcabanas.com\/wp-content\/uploads\/2025\/07\/birdwatching-square-4-768x828.jpg 768w\" sizes=\"auto, (max-width: 1424px) 100vw, 1424px\" \/>                <\/div>\r\n                    <\/div>\r\n    <\/div>\n\n\n<div class=\"gb-element-4c36e57d\">\n<div class=\"dng-content-section no-overflow gb-element-0d7b6767\">\n<div class=\"gb-element-57819e46\">\n<div class=\"gb-element-501d5597\">\n<div class=\"dng-img dng-img-500\">\n<figure class=\"wp-block-image size-full\"><img loading=\"lazy\" decoding=\"async\" width=\"1024\" height=\"533\" src=\"https:\/\/goldenclubcabanas.com\/wp-content\/uploads\/2025\/07\/cta-birdwatching.jpg\" alt=\"\" class=\"wp-image-3397\" srcset=\"https:\/\/goldenclubcabanas.com\/wp-content\/uploads\/2025\/07\/cta-birdwatching.jpg 1024w, https:\/\/goldenclubcabanas.com\/wp-content\/uploads\/2025\/07\/cta-birdwatching-300x156.jpg 300w, https:\/\/goldenclubcabanas.com\/wp-content\/uploads\/2025\/07\/cta-birdwatching-768x400.jpg 768w\" sizes=\"auto, (max-width: 1024px) 100vw, 1024px\" \/><\/figure>\n<\/div>\n<\/div>\n\n\n\n<div class=\"gb-element-a507f400\">\n<h3 class=\"gb-text gb-text-9fb2b344\">Prepara tus binoculares<\/h3>\n\n\n\n<p class=\"gb-text body2\">Qu\u00e9date en el coraz\u00f3n de la Ria Formosa y aprovecha las mejores condiciones para observar aves en su h\u00e1bitat natural, con senderos a pocos pasos.<\/p>\n\n\n\n<a class=\"dng-gpc-btn gb-text-0a553eaf button-text btn-gold-outline dng-button\" href=\"https:\/\/booking.goldenclubcabanas.com\/es\/\" target=\"_blank\" rel=\"noopener\"><span class=\"gb-text\">Reservar<\/span><span class=\"gb-shape\"><svg width=\"50\" height=\"25\" viewBox=\"0 0 24 25\" fill=\"none\" xmlns=\"http:\/\/www.w3.org\/2000\/svg\">\n<path d=\"M23.542 11.392L18.825 6.67505L18.118 7.38205L22.736 12H0V13H22.734L18.117 17.617L18.824 18.324L23.542 13.606C24.152 12.996 24.152 12.002 23.542 11.392Z\" fill=\"#1E1E1E\"><\/path>\n<\/svg>\n<\/span><\/a>\n<\/div>\n<\/div>\n<\/div>\n<\/div>\n","protected":false},"excerpt":{"rendered":"<p>Observaci\u00f3n de Aves en la R\u00eda Formosa Desde Golden Club Cabanas, observa flamencos, cig\u00fce\u00f1as y otras aves en uno de los mejores destinos de birdwatching del Algarve. La naturaleza m\u00e1s cerca de ti La R\u00eda Formosa es un para\u00edso para los observadores de aves, con cientos de especies a lo largo del a\u00f1o. Cerca de &#8230; <a title=\"Observaci\u00f3n de Aves\" class=\"read-more\" href=\"https:\/\/goldenclubcabanas.com\/es\/que-hacer-algarve\/observacion-aves\/\" aria-label=\"Leer m\u00e1s sobre Observaci\u00f3n de Aves\">Leer m\u00e1s<\/a><\/p>\n","protected":false},"author":2,"featured_media":0,"parent":4508,"menu_order":17,"comment_status":"closed","ping_status":"closed","template":"","meta":{"_acf_changed":false,"footnotes":""},"class_list":["post-4502","page","type-page","status-publish"],"acf":[],"yoast_head":"<!-- This site is optimized with the Yoast SEO Premium plugin v25.9 (Yoast SEO v25.9) - https:\/\/yoast.com\/wordpress\/plugins\/seo\/ -->\n<title>Observaci\u00f3n de Aves - Golden Club Cabanas Aparthotel Algarve, Portugal<\/title>\n<meta name=\"robots\" content=\"index, follow, max-snippet:-1, max-image-preview:large, max-video-preview:-1\" \/>\n<link rel=\"canonical\" href=\"https:\/\/goldenclubcabanas.com\/es\/que-hacer-algarve\/observacion-aves\/\" \/>\n<meta property=\"og:locale\" content=\"es_ES\" \/>\n<meta property=\"og:type\" content=\"article\" \/>\n<meta property=\"og:title\" content=\"Observaci\u00f3n de Aves\" \/>\n<meta property=\"og:description\" content=\"Observaci\u00f3n de Aves en la R\u00eda Formosa Desde Golden Club Cabanas, observa flamencos, cig\u00fce\u00f1as y otras aves en uno de los mejores destinos de birdwatching del Algarve. La naturaleza m\u00e1s cerca de ti La R\u00eda Formosa es un para\u00edso para los observadores de aves, con cientos de especies a lo largo del a\u00f1o. Cerca de ... Leer m\u00e1s\" \/>\n<meta property=\"og:url\" content=\"https:\/\/goldenclubcabanas.com\/es\/que-hacer-algarve\/observacion-aves\/\" \/>\n<meta property=\"og:site_name\" content=\"Golden Club Cabanas Aparthotel Algarve, Portugal\" \/>\n<meta property=\"article:modified_time\" content=\"2025-10-23T11:17:32+00:00\" \/>\n<meta property=\"og:image\" content=\"https:\/\/goldenclubcabanas.com\/wp-content\/uploads\/2025\/07\/birdwatching-separador.jpg\" \/>\n\t<meta property=\"og:image:width\" content=\"2048\" \/>\n\t<meta property=\"og:image:height\" content=\"703\" \/>\n\t<meta property=\"og:image:type\" content=\"image\/jpeg\" \/>\n<meta name=\"twitter:card\" content=\"summary_large_image\" \/>\n<meta name=\"twitter:label1\" content=\"Tiempo de lectura\" \/>\n\t<meta name=\"twitter:data1\" content=\"2 minutos\" \/>\n<script type=\"application\/ld+json\" class=\"yoast-schema-graph\">{\"@context\":\"https:\/\/schema.org\",\"@graph\":[{\"@type\":\"WebPage\",\"@id\":\"https:\/\/goldenclubcabanas.com\/es\/que-hacer-algarve\/observacion-aves\/\",\"url\":\"https:\/\/goldenclubcabanas.com\/es\/que-hacer-algarve\/observacion-aves\/\",\"name\":\"Observaci\u00f3n de Aves - Golden Club Cabanas Aparthotel Algarve, Portugal\",\"isPartOf\":{\"@id\":\"https:\/\/goldenclubcabanas.com\/en\/#website\"},\"primaryImageOfPage\":{\"@id\":\"https:\/\/goldenclubcabanas.com\/es\/que-hacer-algarve\/observacion-aves\/#primaryimage\"},\"image\":{\"@id\":\"https:\/\/goldenclubcabanas.com\/es\/que-hacer-algarve\/observacion-aves\/#primaryimage\"},\"thumbnailUrl\":\"https:\/\/goldenclubcabanas.com\/wp-content\/uploads\/2025\/07\/birdwatching-separador-1024x352.jpg\",\"datePublished\":\"2025-05-12T09:51:58+00:00\",\"dateModified\":\"2025-10-23T11:17:32+00:00\",\"breadcrumb\":{\"@id\":\"https:\/\/goldenclubcabanas.com\/es\/que-hacer-algarve\/observacion-aves\/#breadcrumb\"},\"inLanguage\":\"es\",\"potentialAction\":[{\"@type\":\"ReadAction\",\"target\":[\"https:\/\/goldenclubcabanas.com\/es\/que-hacer-algarve\/observacion-aves\/\"]}]},{\"@type\":\"ImageObject\",\"inLanguage\":\"es\",\"@id\":\"https:\/\/goldenclubcabanas.com\/es\/que-hacer-algarve\/observacion-aves\/#primaryimage\",\"url\":\"https:\/\/goldenclubcabanas.com\/wp-content\/uploads\/2025\/07\/birdwatching-separador-1024x352.jpg\",\"contentUrl\":\"https:\/\/goldenclubcabanas.com\/wp-content\/uploads\/2025\/07\/birdwatching-separador-1024x352.jpg\"},{\"@type\":\"BreadcrumbList\",\"@id\":\"https:\/\/goldenclubcabanas.com\/es\/que-hacer-algarve\/observacion-aves\/#breadcrumb\",\"itemListElement\":[{\"@type\":\"ListItem\",\"position\":1,\"name\":\"In\u00edcio\",\"item\":\"https:\/\/goldenclubcabanas.com\/es\/\"},{\"@type\":\"ListItem\",\"position\":2,\"name\":\"Qu\u00e9 hacer\",\"item\":\"https:\/\/goldenclubcabanas.com\/es\/que-hacer-algarve\/\"},{\"@type\":\"ListItem\",\"position\":3,\"name\":\"Observaci\u00f3n de Aves\"}]},{\"@type\":\"WebSite\",\"@id\":\"https:\/\/goldenclubcabanas.com\/en\/#website\",\"url\":\"https:\/\/goldenclubcabanas.com\/en\/\",\"name\":\"Golden Club Cabanas\",\"description\":\"\",\"potentialAction\":[{\"@type\":\"SearchAction\",\"target\":{\"@type\":\"EntryPoint\",\"urlTemplate\":\"https:\/\/goldenclubcabanas.com\/en\/?s={search_term_string}\"},\"query-input\":{\"@type\":\"PropertyValueSpecification\",\"valueRequired\":true,\"valueName\":\"search_term_string\"}}],\"inLanguage\":\"es\"}]}<\/script>\n<!-- \/ Yoast SEO Premium plugin. -->","yoast_head_json":{"title":"Observaci\u00f3n de Aves - Golden Club Cabanas Aparthotel Algarve, Portugal","robots":{"index":"index","follow":"follow","max-snippet":"max-snippet:-1","max-image-preview":"max-image-preview:large","max-video-preview":"max-video-preview:-1"},"canonical":"https:\/\/goldenclubcabanas.com\/es\/que-hacer-algarve\/observacion-aves\/","og_locale":"es_ES","og_type":"article","og_title":"Observaci\u00f3n de Aves","og_description":"Observaci\u00f3n de Aves en la R\u00eda Formosa Desde Golden Club Cabanas, observa flamencos, cig\u00fce\u00f1as y otras aves en uno de los mejores destinos de birdwatching del Algarve. La naturaleza m\u00e1s cerca de ti La R\u00eda Formosa es un para\u00edso para los observadores de aves, con cientos de especies a lo largo del a\u00f1o. Cerca de ... Leer m\u00e1s","og_url":"https:\/\/goldenclubcabanas.com\/es\/que-hacer-algarve\/observacion-aves\/","og_site_name":"Golden Club Cabanas Aparthotel Algarve, Portugal","article_modified_time":"2025-10-23T11:17:32+00:00","og_image":[{"width":2048,"height":703,"url":"https:\/\/goldenclubcabanas.com\/wp-content\/uploads\/2025\/07\/birdwatching-separador.jpg","type":"image\/jpeg"}],"twitter_card":"summary_large_image","twitter_misc":{"Tiempo de lectura":"2 minutos"},"schema":{"@context":"https:\/\/schema.org","@graph":[{"@type":"WebPage","@id":"https:\/\/goldenclubcabanas.com\/es\/que-hacer-algarve\/observacion-aves\/","url":"https:\/\/goldenclubcabanas.com\/es\/que-hacer-algarve\/observacion-aves\/","name":"Observaci\u00f3n de Aves - Golden Club Cabanas Aparthotel Algarve, Portugal","isPartOf":{"@id":"https:\/\/goldenclubcabanas.com\/en\/#website"},"primaryImageOfPage":{"@id":"https:\/\/goldenclubcabanas.com\/es\/que-hacer-algarve\/observacion-aves\/#primaryimage"},"image":{"@id":"https:\/\/goldenclubcabanas.com\/es\/que-hacer-algarve\/observacion-aves\/#primaryimage"},"thumbnailUrl":"https:\/\/goldenclubcabanas.com\/wp-content\/uploads\/2025\/07\/birdwatching-separador-1024x352.jpg","datePublished":"2025-05-12T09:51:58+00:00","dateModified":"2025-10-23T11:17:32+00:00","breadcrumb":{"@id":"https:\/\/goldenclubcabanas.com\/es\/que-hacer-algarve\/observacion-aves\/#breadcrumb"},"inLanguage":"es","potentialAction":[{"@type":"ReadAction","target":["https:\/\/goldenclubcabanas.com\/es\/que-hacer-algarve\/observacion-aves\/"]}]},{"@type":"ImageObject","inLanguage":"es","@id":"https:\/\/goldenclubcabanas.com\/es\/que-hacer-algarve\/observacion-aves\/#primaryimage","url":"https:\/\/goldenclubcabanas.com\/wp-content\/uploads\/2025\/07\/birdwatching-separador-1024x352.jpg","contentUrl":"https:\/\/goldenclubcabanas.com\/wp-content\/uploads\/2025\/07\/birdwatching-separador-1024x352.jpg"},{"@type":"BreadcrumbList","@id":"https:\/\/goldenclubcabanas.com\/es\/que-hacer-algarve\/observacion-aves\/#breadcrumb","itemListElement":[{"@type":"ListItem","position":1,"name":"In\u00edcio","item":"https:\/\/goldenclubcabanas.com\/es\/"},{"@type":"ListItem","position":2,"name":"Qu\u00e9 hacer","item":"https:\/\/goldenclubcabanas.com\/es\/que-hacer-algarve\/"},{"@type":"ListItem","position":3,"name":"Observaci\u00f3n de Aves"}]},{"@type":"WebSite","@id":"https:\/\/goldenclubcabanas.com\/en\/#website","url":"https:\/\/goldenclubcabanas.com\/en\/","name":"Golden Club Cabanas","description":"","potentialAction":[{"@type":"SearchAction","target":{"@type":"EntryPoint","urlTemplate":"https:\/\/goldenclubcabanas.com\/en\/?s={search_term_string}"},"query-input":{"@type":"PropertyValueSpecification","valueRequired":true,"valueName":"search_term_string"}}],"inLanguage":"es"}]}},"_links":{"self":[{"href":"https:\/\/goldenclubcabanas.com\/es\/wp-json\/wp\/v2\/pages\/4502","targetHints":{"allow":["GET"]}}],"collection":[{"href":"https:\/\/goldenclubcabanas.com\/es\/wp-json\/wp\/v2\/pages"}],"about":[{"href":"https:\/\/goldenclubcabanas.com\/es\/wp-json\/wp\/v2\/types\/page"}],"author":[{"embeddable":true,"href":"https:\/\/goldenclubcabanas.com\/es\/wp-json\/wp\/v2\/users\/2"}],"replies":[{"embeddable":true,"href":"https:\/\/goldenclubcabanas.com\/es\/wp-json\/wp\/v2\/comments?post=4502"}],"version-history":[{"count":2,"href":"https:\/\/goldenclubcabanas.com\/es\/wp-json\/wp\/v2\/pages\/4502\/revisions"}],"predecessor-version":[{"id":7260,"href":"https:\/\/goldenclubcabanas.com\/es\/wp-json\/wp\/v2\/pages\/4502\/revisions\/7260"}],"up":[{"embeddable":true,"href":"https:\/\/goldenclubcabanas.com\/es\/wp-json\/wp\/v2\/pages\/4508"}],"wp:attachment":[{"href":"https:\/\/goldenclubcabanas.com\/es\/wp-json\/wp\/v2\/media?parent=4502"}],"curies":[{"name":"wp","href":"https:\/\/api.w.org\/{rel}","templated":true}]}}