{"id":4514,"date":"2025-05-06T12:59:36","date_gmt":"2025-05-06T12:59:36","guid":{"rendered":"https:\/\/goldenclubcabanas.com\/cycling\/"},"modified":"2025-10-23T11:07:44","modified_gmt":"2025-10-23T11:07:44","slug":"vacaciones-bici-algarve","status":"publish","type":"page","link":"https:\/\/goldenclubcabanas.com\/es\/que-hacer-algarve\/vacaciones-bici-algarve\/","title":{"rendered":"Ciclismo"},"content":{"rendered":"\n<div class=\"dng-hero-section gb-element-46afd053\">\n<div class=\"dng-content-section gb-element-399894b7\">\n<h1 class=\"gb-text lg-font gb-text-092fc453\" data-aos=\"fade-up\" data-aos-anchor-placement=\"top-bottom\" data-aos-duration=\"1500\">Vacaciones en bicicleta en el Algarve<\/h1>\n\n\n\n<p class=\"gb-text gb-text-ef0676c9 body1\" data-aos-anchor-placement=\"top-bottom\" data-aos=\"fade-up\" data-aos-duration=\"2000\">Golden Club Cabanas es un hotel bike-friendly y est\u00e1 situado justo al lado de la Ecov\u00eda del Algarve, ideal para ciclismo de carretera, MTB y paseos costeros.<\/p>\n<\/div>\n<\/div>\n\n\n\n<div class=\"dng-section-space\">\n<div class=\"dng-content-section no-overflow\">\n<h2 class=\"gb-text gb-text-d12869c9 title1\" data-aos=\"fade-up\" data-aos-duration=\"1000\" data-aos-anchor-placement=\"center-bottom\">Entre monta\u00f1as y costa \u2013 El Algarve sobre dos ruedas<\/h2>\n\n\n\n<p class=\"gb-text gb-text-6e1ca6c5 body2\" data-aos=\"fade-up\" data-aos-duration=\"1400\" data-aos-anchor-placement=\"center-bottom\">El Sotavento del Algarve (este del Algarve) es perfecto para el ciclismo de carretera y de monta\u00f1a, con rutas que serpentean por monta\u00f1as, pueblos y a lo largo de la costa. Golden Club Cabanas es un hotel bike-friendly que ofrece comodidad, garaje, apoyo y todos los servicios necesarios para<\/p>\n\n\n\n<div class=\"gb-element-49cc988e\" data-aos=\"fade-up\" data-aos-duration=\"1600\" data-aos-anchor-placement=\"center-bottom\">\n<figure class=\"wp-block-image size-large is-resized\"><img loading=\"lazy\" decoding=\"async\" width=\"1024\" height=\"352\" src=\"https:\/\/goldenclubcabanas.com\/wp-content\/uploads\/2025\/07\/cycling-descricao-incial-1024x352.jpg\" alt=\"\" class=\"wp-image-3965\" style=\"width:1120px;height:auto\" srcset=\"https:\/\/goldenclubcabanas.com\/wp-content\/uploads\/2025\/07\/cycling-descricao-incial-1024x352.jpg 1024w, https:\/\/goldenclubcabanas.com\/wp-content\/uploads\/2025\/07\/cycling-descricao-incial-300x103.jpg 300w, https:\/\/goldenclubcabanas.com\/wp-content\/uploads\/2025\/07\/cycling-descricao-incial-768x264.jpg 768w, https:\/\/goldenclubcabanas.com\/wp-content\/uploads\/2025\/07\/cycling-descricao-incial.jpg 1115w\" sizes=\"auto, (max-width: 1024px) 100vw, 1024px\" \/><\/figure>\n<\/div>\n<\/div>\n<\/div>\n\n\n\r\n<div id=\"dng-c-images-slider-block_3f5a47771355b52149098dda5e0f1df3\" class=\"dng-c-images-slider gcc-section-space\">\r\n            <div class=\"dng-content-section\">\r\n            <div class=\"dng-imgSlider_content overflow-none\">\r\n                                    <h2 class=\"title1\" data-aos=\"fade-up\" data-aos-duration=\"2000\" data-aos-anchor-placement=\"center-bottom\">Todo lo que necesitas para unas vacaciones ciclistas<\/h2>\r\n                                    <p class=\"body2\" data-aos=\"fade-up\" data-aos-duration=\"2200\" data-aos-anchor-placement=\"center-bottom\">Golden Club Cabanas ofrece las condiciones ideales para unas vacaciones en bicicleta. Dispone de: garaje cerrado para mayor seguridad, zona de lavado de bicicletas, compresor para inflar neum\u00e1ticos, alquiler de equipamiento, servicio de masajes, botiqu\u00edn de primeros auxilios, colaboraciones con empresas especializadas en ciclismo, rutas autoguiadas que comienzan directamente en el hotel<\/p>\r\n                            <\/div>\r\n        <\/div>\r\n                <div class=\"dngImages_slider _leftOffset owl-carousel owl-theme\">\r\n                            <div class=\"dngImages_slider-item\">\r\n                    <img loading=\"lazy\" decoding=\"async\" width=\"356\" height=\"384\" src=\"https:\/\/goldenclubcabanas.com\/wp-content\/uploads\/2025\/07\/cycling-square-1.jpg\" class=\"attachment-full size-full\" alt=\"\" srcset=\"https:\/\/goldenclubcabanas.com\/wp-content\/uploads\/2025\/07\/cycling-square-1.jpg 356w, https:\/\/goldenclubcabanas.com\/wp-content\/uploads\/2025\/07\/cycling-square-1-278x300.jpg 278w\" sizes=\"auto, (max-width: 356px) 100vw, 356px\" \/>                <\/div>\r\n                            <div class=\"dngImages_slider-item\">\r\n                    <img loading=\"lazy\" decoding=\"async\" width=\"356\" height=\"384\" src=\"https:\/\/goldenclubcabanas.com\/wp-content\/uploads\/2025\/07\/cycling-square-2.jpg\" class=\"attachment-full size-full\" alt=\"\" srcset=\"https:\/\/goldenclubcabanas.com\/wp-content\/uploads\/2025\/07\/cycling-square-2.jpg 356w, https:\/\/goldenclubcabanas.com\/wp-content\/uploads\/2025\/07\/cycling-square-2-278x300.jpg 278w\" sizes=\"auto, (max-width: 356px) 100vw, 356px\" \/>                <\/div>\r\n                            <div class=\"dngImages_slider-item\">\r\n                    <img loading=\"lazy\" decoding=\"async\" width=\"356\" height=\"384\" src=\"https:\/\/goldenclubcabanas.com\/wp-content\/uploads\/2025\/07\/cycling-square-3.jpg\" class=\"attachment-full size-full\" alt=\"\" srcset=\"https:\/\/goldenclubcabanas.com\/wp-content\/uploads\/2025\/07\/cycling-square-3.jpg 356w, https:\/\/goldenclubcabanas.com\/wp-content\/uploads\/2025\/07\/cycling-square-3-278x300.jpg 278w\" sizes=\"auto, (max-width: 356px) 100vw, 356px\" \/>                <\/div>\r\n                            <div class=\"dngImages_slider-item\">\r\n                    <img loading=\"lazy\" decoding=\"async\" width=\"356\" height=\"384\" src=\"https:\/\/goldenclubcabanas.com\/wp-content\/uploads\/2025\/07\/cycling-square-4.jpg\" class=\"attachment-full size-full\" alt=\"\" srcset=\"https:\/\/goldenclubcabanas.com\/wp-content\/uploads\/2025\/07\/cycling-square-4.jpg 356w, https:\/\/goldenclubcabanas.com\/wp-content\/uploads\/2025\/07\/cycling-square-4-278x300.jpg 278w\" sizes=\"auto, (max-width: 356px) 100vw, 356px\" \/>                <\/div>\r\n                    <\/div>\r\n    <\/div>\n\n\n<div class=\"gb-element-639d2133\">\n<div class=\"dng-content-section no-overflow gb-element-dacefb0c\">\n<div class=\"gb-element-23c2b4d5\">\n<div class=\"gb-element-6cb94c45\">\n<div class=\"dng-img dng-img-500\">\n<figure class=\"wp-block-image size-full\"><img loading=\"lazy\" decoding=\"async\" width=\"747\" height=\"389\" src=\"https:\/\/goldenclubcabanas.com\/wp-content\/uploads\/2025\/07\/cycling-cta.jpg\" alt=\"\" class=\"wp-image-3262\" srcset=\"https:\/\/goldenclubcabanas.com\/wp-content\/uploads\/2025\/07\/cycling-cta.jpg 747w, https:\/\/goldenclubcabanas.com\/wp-content\/uploads\/2025\/07\/cycling-cta-300x156.jpg 300w\" sizes=\"auto, (max-width: 747px) 100vw, 747px\" \/><\/figure>\n<\/div>\n<\/div>\n\n\n\n<div class=\"gb-element-863e0837\">\n<h3 class=\"gb-text gb-text-4c3390d3\">\u00bfListo para pedalear por el Algarve?<\/h3>\n\n\n\n<p class=\"gb-text body2\">Comodidad, paisajes incre\u00edbles y todo lo que necesitas para unas vacaciones en bicicleta en el Sotavento del Algarve. \u00a1Reserva ya tu estancia en Golden Club Cabanas!<\/p>\n\n\n\n<a class=\"dng-gpc-btn gb-text-0a553eaf button-text btn-gold-outline dng-button\" href=\"https:\/\/booking.goldenclubcabanas.com\/es\/\" target=\"_blank\" rel=\"noopener\"><span class=\"gb-text\">Reservar<\/span><span class=\"gb-shape\"><svg width=\"50\" height=\"25\" viewBox=\"0 0 24 25\" fill=\"none\" xmlns=\"http:\/\/www.w3.org\/2000\/svg\">\n<path d=\"M23.542 11.392L18.825 6.67505L18.118 7.38205L22.736 12H0V13H22.734L18.117 17.617L18.824 18.324L23.542 13.606C24.152 12.996 24.152 12.002 23.542 11.392Z\" fill=\"#1E1E1E\"><\/path>\n<\/svg>\n<\/span><\/a>\n<\/div>\n<\/div>\n<\/div>\n<\/div>\n","protected":false},"excerpt":{"rendered":"<p>Vacaciones en bicicleta en el Algarve Golden Club Cabanas es un hotel bike-friendly y est\u00e1 situado justo al lado de la Ecov\u00eda del Algarve, ideal para ciclismo de carretera, MTB y paseos costeros. Entre monta\u00f1as y costa \u2013 El Algarve sobre dos ruedas El Sotavento del Algarve (este del Algarve) es perfecto para el ciclismo &#8230; <a title=\"Ciclismo\" class=\"read-more\" href=\"https:\/\/goldenclubcabanas.com\/es\/que-hacer-algarve\/vacaciones-bici-algarve\/\" aria-label=\"Leer m\u00e1s sobre Ciclismo\">Leer m\u00e1s<\/a><\/p>\n","protected":false},"author":2,"featured_media":0,"parent":4508,"menu_order":44,"comment_status":"closed","ping_status":"closed","template":"","meta":{"_acf_changed":false,"footnotes":""},"class_list":["post-4514","page","type-page","status-publish"],"acf":[],"yoast_head":"<!-- This site is optimized with the Yoast SEO Premium plugin v25.9 (Yoast SEO v25.9) - https:\/\/yoast.com\/wordpress\/plugins\/seo\/ -->\n<title>Ciclismo - Golden Club Cabanas Aparthotel Algarve, Portugal<\/title>\n<meta name=\"robots\" content=\"index, follow, max-snippet:-1, max-image-preview:large, max-video-preview:-1\" \/>\n<link rel=\"canonical\" href=\"https:\/\/goldenclubcabanas.com\/es\/que-hacer-algarve\/vacaciones-bici-algarve\/\" \/>\n<meta property=\"og:locale\" content=\"es_ES\" \/>\n<meta property=\"og:type\" content=\"article\" \/>\n<meta property=\"og:title\" content=\"Ciclismo\" \/>\n<meta property=\"og:description\" content=\"Vacaciones en bicicleta en el Algarve Golden Club Cabanas es un hotel bike-friendly y est\u00e1 situado justo al lado de la Ecov\u00eda del Algarve, ideal para ciclismo de carretera, MTB y paseos costeros. Entre monta\u00f1as y costa \u2013 El Algarve sobre dos ruedas El Sotavento del Algarve (este del Algarve) es perfecto para el ciclismo ... Leer m\u00e1s\" \/>\n<meta property=\"og:url\" content=\"https:\/\/goldenclubcabanas.com\/es\/que-hacer-algarve\/vacaciones-bici-algarve\/\" \/>\n<meta property=\"og:site_name\" content=\"Golden Club Cabanas Aparthotel Algarve, Portugal\" \/>\n<meta property=\"article:modified_time\" content=\"2025-10-23T11:07:44+00:00\" \/>\n<meta property=\"og:image\" content=\"https:\/\/goldenclubcabanas.com\/wp-content\/uploads\/2025\/07\/cycling-descricao-incial.jpg\" \/>\n\t<meta property=\"og:image:width\" content=\"1115\" \/>\n\t<meta property=\"og:image:height\" content=\"383\" \/>\n\t<meta property=\"og:image:type\" content=\"image\/jpeg\" \/>\n<meta name=\"twitter:card\" content=\"summary_large_image\" \/>\n<meta name=\"twitter:label1\" content=\"Tiempo de lectura\" \/>\n\t<meta name=\"twitter:data1\" content=\"2 minutos\" \/>\n<script type=\"application\/ld+json\" class=\"yoast-schema-graph\">{\"@context\":\"https:\/\/schema.org\",\"@graph\":[{\"@type\":\"WebPage\",\"@id\":\"https:\/\/goldenclubcabanas.com\/es\/que-hacer-algarve\/vacaciones-bici-algarve\/\",\"url\":\"https:\/\/goldenclubcabanas.com\/es\/que-hacer-algarve\/vacaciones-bici-algarve\/\",\"name\":\"Ciclismo - Golden Club Cabanas Aparthotel Algarve, Portugal\",\"isPartOf\":{\"@id\":\"https:\/\/goldenclubcabanas.com\/en\/#website\"},\"primaryImageOfPage\":{\"@id\":\"https:\/\/goldenclubcabanas.com\/es\/que-hacer-algarve\/vacaciones-bici-algarve\/#primaryimage\"},\"image\":{\"@id\":\"https:\/\/goldenclubcabanas.com\/es\/que-hacer-algarve\/vacaciones-bici-algarve\/#primaryimage\"},\"thumbnailUrl\":\"https:\/\/goldenclubcabanas.com\/wp-content\/uploads\/2025\/07\/cycling-descricao-incial-1024x352.jpg\",\"datePublished\":\"2025-05-06T12:59:36+00:00\",\"dateModified\":\"2025-10-23T11:07:44+00:00\",\"breadcrumb\":{\"@id\":\"https:\/\/goldenclubcabanas.com\/es\/que-hacer-algarve\/vacaciones-bici-algarve\/#breadcrumb\"},\"inLanguage\":\"es\",\"potentialAction\":[{\"@type\":\"ReadAction\",\"target\":[\"https:\/\/goldenclubcabanas.com\/es\/que-hacer-algarve\/vacaciones-bici-algarve\/\"]}]},{\"@type\":\"ImageObject\",\"inLanguage\":\"es\",\"@id\":\"https:\/\/goldenclubcabanas.com\/es\/que-hacer-algarve\/vacaciones-bici-algarve\/#primaryimage\",\"url\":\"https:\/\/goldenclubcabanas.com\/wp-content\/uploads\/2025\/07\/cycling-descricao-incial-1024x352.jpg\",\"contentUrl\":\"https:\/\/goldenclubcabanas.com\/wp-content\/uploads\/2025\/07\/cycling-descricao-incial-1024x352.jpg\"},{\"@type\":\"BreadcrumbList\",\"@id\":\"https:\/\/goldenclubcabanas.com\/es\/que-hacer-algarve\/vacaciones-bici-algarve\/#breadcrumb\",\"itemListElement\":[{\"@type\":\"ListItem\",\"position\":1,\"name\":\"In\u00edcio\",\"item\":\"https:\/\/goldenclubcabanas.com\/es\/\"},{\"@type\":\"ListItem\",\"position\":2,\"name\":\"Qu\u00e9 hacer\",\"item\":\"https:\/\/goldenclubcabanas.com\/es\/que-hacer-algarve\/\"},{\"@type\":\"ListItem\",\"position\":3,\"name\":\"Ciclismo\"}]},{\"@type\":\"WebSite\",\"@id\":\"https:\/\/goldenclubcabanas.com\/en\/#website\",\"url\":\"https:\/\/goldenclubcabanas.com\/en\/\",\"name\":\"Golden Club Cabanas\",\"description\":\"\",\"potentialAction\":[{\"@type\":\"SearchAction\",\"target\":{\"@type\":\"EntryPoint\",\"urlTemplate\":\"https:\/\/goldenclubcabanas.com\/en\/?s={search_term_string}\"},\"query-input\":{\"@type\":\"PropertyValueSpecification\",\"valueRequired\":true,\"valueName\":\"search_term_string\"}}],\"inLanguage\":\"es\"}]}<\/script>\n<!-- \/ Yoast SEO Premium plugin. -->","yoast_head_json":{"title":"Ciclismo - Golden Club Cabanas Aparthotel Algarve, Portugal","robots":{"index":"index","follow":"follow","max-snippet":"max-snippet:-1","max-image-preview":"max-image-preview:large","max-video-preview":"max-video-preview:-1"},"canonical":"https:\/\/goldenclubcabanas.com\/es\/que-hacer-algarve\/vacaciones-bici-algarve\/","og_locale":"es_ES","og_type":"article","og_title":"Ciclismo","og_description":"Vacaciones en bicicleta en el Algarve Golden Club Cabanas es un hotel bike-friendly y est\u00e1 situado justo al lado de la Ecov\u00eda del Algarve, ideal para ciclismo de carretera, MTB y paseos costeros. Entre monta\u00f1as y costa \u2013 El Algarve sobre dos ruedas El Sotavento del Algarve (este del Algarve) es perfecto para el ciclismo ... Leer m\u00e1s","og_url":"https:\/\/goldenclubcabanas.com\/es\/que-hacer-algarve\/vacaciones-bici-algarve\/","og_site_name":"Golden Club Cabanas Aparthotel Algarve, Portugal","article_modified_time":"2025-10-23T11:07:44+00:00","og_image":[{"width":1115,"height":383,"url":"https:\/\/goldenclubcabanas.com\/wp-content\/uploads\/2025\/07\/cycling-descricao-incial.jpg","type":"image\/jpeg"}],"twitter_card":"summary_large_image","twitter_misc":{"Tiempo de lectura":"2 minutos"},"schema":{"@context":"https:\/\/schema.org","@graph":[{"@type":"WebPage","@id":"https:\/\/goldenclubcabanas.com\/es\/que-hacer-algarve\/vacaciones-bici-algarve\/","url":"https:\/\/goldenclubcabanas.com\/es\/que-hacer-algarve\/vacaciones-bici-algarve\/","name":"Ciclismo - Golden Club Cabanas Aparthotel Algarve, Portugal","isPartOf":{"@id":"https:\/\/goldenclubcabanas.com\/en\/#website"},"primaryImageOfPage":{"@id":"https:\/\/goldenclubcabanas.com\/es\/que-hacer-algarve\/vacaciones-bici-algarve\/#primaryimage"},"image":{"@id":"https:\/\/goldenclubcabanas.com\/es\/que-hacer-algarve\/vacaciones-bici-algarve\/#primaryimage"},"thumbnailUrl":"https:\/\/goldenclubcabanas.com\/wp-content\/uploads\/2025\/07\/cycling-descricao-incial-1024x352.jpg","datePublished":"2025-05-06T12:59:36+00:00","dateModified":"2025-10-23T11:07:44+00:00","breadcrumb":{"@id":"https:\/\/goldenclubcabanas.com\/es\/que-hacer-algarve\/vacaciones-bici-algarve\/#breadcrumb"},"inLanguage":"es","potentialAction":[{"@type":"ReadAction","target":["https:\/\/goldenclubcabanas.com\/es\/que-hacer-algarve\/vacaciones-bici-algarve\/"]}]},{"@type":"ImageObject","inLanguage":"es","@id":"https:\/\/goldenclubcabanas.com\/es\/que-hacer-algarve\/vacaciones-bici-algarve\/#primaryimage","url":"https:\/\/goldenclubcabanas.com\/wp-content\/uploads\/2025\/07\/cycling-descricao-incial-1024x352.jpg","contentUrl":"https:\/\/goldenclubcabanas.com\/wp-content\/uploads\/2025\/07\/cycling-descricao-incial-1024x352.jpg"},{"@type":"BreadcrumbList","@id":"https:\/\/goldenclubcabanas.com\/es\/que-hacer-algarve\/vacaciones-bici-algarve\/#breadcrumb","itemListElement":[{"@type":"ListItem","position":1,"name":"In\u00edcio","item":"https:\/\/goldenclubcabanas.com\/es\/"},{"@type":"ListItem","position":2,"name":"Qu\u00e9 hacer","item":"https:\/\/goldenclubcabanas.com\/es\/que-hacer-algarve\/"},{"@type":"ListItem","position":3,"name":"Ciclismo"}]},{"@type":"WebSite","@id":"https:\/\/goldenclubcabanas.com\/en\/#website","url":"https:\/\/goldenclubcabanas.com\/en\/","name":"Golden Club Cabanas","description":"","potentialAction":[{"@type":"SearchAction","target":{"@type":"EntryPoint","urlTemplate":"https:\/\/goldenclubcabanas.com\/en\/?s={search_term_string}"},"query-input":{"@type":"PropertyValueSpecification","valueRequired":true,"valueName":"search_term_string"}}],"inLanguage":"es"}]}},"_links":{"self":[{"href":"https:\/\/goldenclubcabanas.com\/es\/wp-json\/wp\/v2\/pages\/4514","targetHints":{"allow":["GET"]}}],"collection":[{"href":"https:\/\/goldenclubcabanas.com\/es\/wp-json\/wp\/v2\/pages"}],"about":[{"href":"https:\/\/goldenclubcabanas.com\/es\/wp-json\/wp\/v2\/types\/page"}],"author":[{"embeddable":true,"href":"https:\/\/goldenclubcabanas.com\/es\/wp-json\/wp\/v2\/users\/2"}],"replies":[{"embeddable":true,"href":"https:\/\/goldenclubcabanas.com\/es\/wp-json\/wp\/v2\/comments?post=4514"}],"version-history":[{"count":2,"href":"https:\/\/goldenclubcabanas.com\/es\/wp-json\/wp\/v2\/pages\/4514\/revisions"}],"predecessor-version":[{"id":7256,"href":"https:\/\/goldenclubcabanas.com\/es\/wp-json\/wp\/v2\/pages\/4514\/revisions\/7256"}],"up":[{"embeddable":true,"href":"https:\/\/goldenclubcabanas.com\/es\/wp-json\/wp\/v2\/pages\/4508"}],"wp:attachment":[{"href":"https:\/\/goldenclubcabanas.com\/es\/wp-json\/wp\/v2\/media?parent=4514"}],"curies":[{"name":"wp","href":"https:\/\/api.w.org\/{rel}","templated":true}]}}