{"id":4515,"date":"2025-05-06T12:57:57","date_gmt":"2025-05-06T12:57:57","guid":{"rendered":"https:\/\/goldenclubcabanas.com\/caminhadas\/"},"modified":"2025-10-23T10:57:28","modified_gmt":"2025-10-23T10:57:28","slug":"caminatas-algarve-oriental","status":"publish","type":"page","link":"https:\/\/goldenclubcabanas.com\/es\/que-hacer-algarve\/caminatas-algarve-oriental\/","title":{"rendered":"Senderismo"},"content":{"rendered":"\n<div class=\"dng-hero-section gb-element-46afd053\">\n<div class=\"dng-content-section gb-element-399894b7\">\n<h1 class=\"gb-text lg-font gb-text-092fc453\" data-aos=\"fade-up\" data-aos-anchor-placement=\"top-bottom\" data-aos-duration=\"1500\">Senderismo en el Sotavento del Algarve<\/h1>\n\n\n\n<p class=\"gb-text gb-text-ef0676c9 body1\" data-aos-anchor-placement=\"top-bottom\" data-aos=\"fade-up\" data-aos-duration=\"2000\">Explora senderos en el Sotavento del Algarve, con naturaleza, historia y sabores locales en Tavira, Ria Formosa, sierras y playas.<\/p>\n<\/div>\n<\/div>\n\n\n\n<div class=\"dng-section-space\">\n<div class=\"dng-content-section no-overflow\">\n<h2 class=\"gb-text gb-text-61582401 title1\" data-aos=\"fade-up\" data-aos-duration=\"1000\" data-aos-anchor-placement=\"center-bottom\">Tu refugio ideal tras un d\u00eda de aventura<\/h2>\n\n\n\n<p class=\"gb-text gb-text-e3b2dddb body2\" data-aos=\"fade-up\" data-aos-duration=\"1400\" data-aos-anchor-placement=\"center-bottom\">Recorre el Sotavento del Algarve por rutas que conectan playas, monta\u00f1as y ciudades hist\u00f3ricas. Tavira es el punto de partida ideal, y Golden Club Cabanas, junto a la Ria Formosa, ofrece comodidad, servicios de calidad y f\u00e1cil acceso a las principales rutas para relajarte despu\u00e9s de un d\u00eda en la naturaleza.<\/p>\n\n\n\n<div class=\"gb-element-e5d133c8\" data-aos=\"fade-up\" data-aos-duration=\"1600\" data-aos-anchor-placement=\"center-bottom\">\n<figure class=\"wp-block-image size-large is-resized\"><img loading=\"lazy\" decoding=\"async\" width=\"1024\" height=\"352\" src=\"https:\/\/goldenclubcabanas.com\/wp-content\/uploads\/2025\/07\/caminhadas-descricao-incial-1024x352.jpg\" alt=\"\" class=\"wp-image-3233\" style=\"width:1120px;height:auto\" srcset=\"https:\/\/goldenclubcabanas.com\/wp-content\/uploads\/2025\/07\/caminhadas-descricao-incial-1024x352.jpg 1024w, https:\/\/goldenclubcabanas.com\/wp-content\/uploads\/2025\/07\/caminhadas-descricao-incial-300x103.jpg 300w, https:\/\/goldenclubcabanas.com\/wp-content\/uploads\/2025\/07\/caminhadas-descricao-incial-768x264.jpg 768w, https:\/\/goldenclubcabanas.com\/wp-content\/uploads\/2025\/07\/caminhadas-descricao-incial.jpg 1115w\" sizes=\"auto, (max-width: 1024px) 100vw, 1024px\" \/><\/figure>\n<\/div>\n<\/div>\n<\/div>\n\n\n\r\n<div id=\"dng-c-images-slider-block_0cff8edecd6704ea4f2826508c18042e\" class=\"dng-c-images-slider gcc-section-space\">\r\n            <div class=\"dng-content-section\">\r\n            <div class=\"dng-imgSlider_content overflow-none\">\r\n                                    <h2 class=\"title1\" data-aos=\"fade-up\" data-aos-duration=\"2000\" data-aos-anchor-placement=\"center-bottom\">Por la playa, por la sierra y por la ciudad<\/h2>\r\n                                    <p class=\"body2\" data-aos=\"fade-up\" data-aos-duration=\"2200\" data-aos-anchor-placement=\"center-bottom\">Descubre Tavira a pie: explora el centro hist\u00f3rico con iglesias, museos y miradores; cruza el r\u00edo para conocer jardines, arte y arquitectura local. Fuera de la ciudad, avent\u00farate por senderos en la Ria Formosa, la sierra y aldeas tradicionales: naturaleza rica, restos hist\u00f3ricos y paisajes impresionantes te esperan.<\/p>\r\n                            <\/div>\r\n        <\/div>\r\n                <div class=\"dngImages_slider _leftOffset owl-carousel owl-theme\">\r\n                            <div class=\"dngImages_slider-item\">\r\n                    <img loading=\"lazy\" decoding=\"async\" width=\"356\" height=\"384\" src=\"https:\/\/goldenclubcabanas.com\/wp-content\/uploads\/2025\/07\/caminhadas-square-1.jpg\" class=\"attachment-full size-full\" alt=\"\" srcset=\"https:\/\/goldenclubcabanas.com\/wp-content\/uploads\/2025\/07\/caminhadas-square-1.jpg 356w, https:\/\/goldenclubcabanas.com\/wp-content\/uploads\/2025\/07\/caminhadas-square-1-278x300.jpg 278w\" sizes=\"auto, (max-width: 356px) 100vw, 356px\" \/>                <\/div>\r\n                            <div class=\"dngImages_slider-item\">\r\n                    <img loading=\"lazy\" decoding=\"async\" width=\"356\" height=\"384\" src=\"https:\/\/goldenclubcabanas.com\/wp-content\/uploads\/2025\/07\/caminhadas-square-2.jpg\" class=\"attachment-full size-full\" alt=\"\" srcset=\"https:\/\/goldenclubcabanas.com\/wp-content\/uploads\/2025\/07\/caminhadas-square-2.jpg 356w, https:\/\/goldenclubcabanas.com\/wp-content\/uploads\/2025\/07\/caminhadas-square-2-278x300.jpg 278w\" sizes=\"auto, (max-width: 356px) 100vw, 356px\" \/>                <\/div>\r\n                            <div class=\"dngImages_slider-item\">\r\n                    <img loading=\"lazy\" decoding=\"async\" width=\"356\" height=\"384\" src=\"https:\/\/goldenclubcabanas.com\/wp-content\/uploads\/2025\/07\/caminhadas-square-3.jpg\" class=\"attachment-full size-full\" alt=\"\" srcset=\"https:\/\/goldenclubcabanas.com\/wp-content\/uploads\/2025\/07\/caminhadas-square-3.jpg 356w, https:\/\/goldenclubcabanas.com\/wp-content\/uploads\/2025\/07\/caminhadas-square-3-278x300.jpg 278w\" sizes=\"auto, (max-width: 356px) 100vw, 356px\" \/>                <\/div>\r\n                            <div class=\"dngImages_slider-item\">\r\n                    <img loading=\"lazy\" decoding=\"async\" width=\"356\" height=\"384\" src=\"https:\/\/goldenclubcabanas.com\/wp-content\/uploads\/2025\/07\/caminhadas-square-4.jpg\" class=\"attachment-full size-full\" alt=\"\" srcset=\"https:\/\/goldenclubcabanas.com\/wp-content\/uploads\/2025\/07\/caminhadas-square-4.jpg 356w, https:\/\/goldenclubcabanas.com\/wp-content\/uploads\/2025\/07\/caminhadas-square-4-278x300.jpg 278w\" sizes=\"auto, (max-width: 356px) 100vw, 356px\" \/>                <\/div>\r\n                    <\/div>\r\n    <\/div>\n\n\n<div class=\"gb-element-e690b91e\">\n<div class=\"dng-content-section no-overflow gb-element-da85fb45\">\n<div class=\"gb-element-262e0aef\">\n<div class=\"gb-element-b1364ae3\">\n<div class=\"dng-img dng-img-500\">\n<figure class=\"wp-block-image size-large\"><img loading=\"lazy\" decoding=\"async\" width=\"1024\" height=\"640\" src=\"https:\/\/goldenclubcabanas.com\/wp-content\/uploads\/2025\/07\/caminhadas-cta-1024x640.jpg\" alt=\"\" class=\"wp-image-3958\" srcset=\"https:\/\/goldenclubcabanas.com\/wp-content\/uploads\/2025\/07\/caminhadas-cta-1024x640.jpg 1024w, https:\/\/goldenclubcabanas.com\/wp-content\/uploads\/2025\/07\/caminhadas-cta-300x188.jpg 300w, https:\/\/goldenclubcabanas.com\/wp-content\/uploads\/2025\/07\/caminhadas-cta-768x480.jpg 768w, https:\/\/goldenclubcabanas.com\/wp-content\/uploads\/2025\/07\/caminhadas-cta-1536x960.jpg 1536w, https:\/\/goldenclubcabanas.com\/wp-content\/uploads\/2025\/07\/caminhadas-cta.jpg 2048w\" sizes=\"auto, (max-width: 1024px) 100vw, 1024px\" \/><\/figure>\n<\/div>\n<\/div>\n\n\n\n<div class=\"gb-element-e668d2ad\">\n<h3 class=\"gb-text gb-text-a46ca404\">\u00bfListo para emprender un nuevo descubrimiento?<\/h3>\n\n\n\n<p class=\"gb-text body2\">Reserva ahora y vive la autenticidad del Sotavento del Algarve mientras exploras cada rinc\u00f3n. Prep\u00e1rate para momentos \u00fanicos al aire libre y comienza hoy tu aventura.<\/p>\n\n\n\n<a class=\"dng-gpc-btn gb-text-0a553eaf button-text btn-gold-outline dng-button\" href=\"https:\/\/booking.goldenclubcabanas.com\/es\/\" target=\"_blank\" rel=\"noopener\"><span class=\"gb-text\">Reservar<\/span><span class=\"gb-shape\"><svg width=\"50\" height=\"25\" viewBox=\"0 0 24 25\" fill=\"none\" xmlns=\"http:\/\/www.w3.org\/2000\/svg\">\n<path d=\"M23.542 11.392L18.825 6.67505L18.118 7.38205L22.736 12H0V13H22.734L18.117 17.617L18.824 18.324L23.542 13.606C24.152 12.996 24.152 12.002 23.542 11.392Z\" fill=\"#1E1E1E\"><\/path>\n<\/svg>\n<\/span><\/a>\n<\/div>\n<\/div>\n<\/div>\n<\/div>\n","protected":false},"excerpt":{"rendered":"<p>Senderismo en el Sotavento del Algarve Explora senderos en el Sotavento del Algarve, con naturaleza, historia y sabores locales en Tavira, Ria Formosa, sierras y playas. Tu refugio ideal tras un d\u00eda de aventura Recorre el Sotavento del Algarve por rutas que conectan playas, monta\u00f1as y ciudades hist\u00f3ricas. Tavira es el punto de partida ideal, &#8230; <a title=\"Senderismo\" class=\"read-more\" href=\"https:\/\/goldenclubcabanas.com\/es\/que-hacer-algarve\/caminatas-algarve-oriental\/\" aria-label=\"Leer m\u00e1s sobre Senderismo\">Leer m\u00e1s<\/a><\/p>\n","protected":false},"author":2,"featured_media":0,"parent":4508,"menu_order":25,"comment_status":"closed","ping_status":"closed","template":"","meta":{"_acf_changed":false,"footnotes":""},"class_list":["post-4515","page","type-page","status-publish"],"acf":[],"yoast_head":"<!-- This site is optimized with the Yoast SEO Premium plugin v25.9 (Yoast SEO v25.9) - https:\/\/yoast.com\/wordpress\/plugins\/seo\/ -->\n<title>Senderismo - Golden Club Cabanas Aparthotel Algarve, Portugal<\/title>\n<meta name=\"robots\" content=\"index, follow, max-snippet:-1, max-image-preview:large, max-video-preview:-1\" \/>\n<link rel=\"canonical\" href=\"https:\/\/goldenclubcabanas.com\/es\/que-hacer-algarve\/caminatas-algarve-oriental\/\" \/>\n<meta property=\"og:locale\" content=\"es_ES\" \/>\n<meta property=\"og:type\" content=\"article\" \/>\n<meta property=\"og:title\" content=\"Senderismo\" \/>\n<meta property=\"og:description\" content=\"Senderismo en el Sotavento del Algarve Explora senderos en el Sotavento del Algarve, con naturaleza, historia y sabores locales en Tavira, Ria Formosa, sierras y playas. Tu refugio ideal tras un d\u00eda de aventura Recorre el Sotavento del Algarve por rutas que conectan playas, monta\u00f1as y ciudades hist\u00f3ricas. Tavira es el punto de partida ideal, ... Leer m\u00e1s\" \/>\n<meta property=\"og:url\" content=\"https:\/\/goldenclubcabanas.com\/es\/que-hacer-algarve\/caminatas-algarve-oriental\/\" \/>\n<meta property=\"og:site_name\" content=\"Golden Club Cabanas Aparthotel Algarve, Portugal\" \/>\n<meta property=\"article:modified_time\" content=\"2025-10-23T10:57:28+00:00\" \/>\n<meta property=\"og:image\" content=\"https:\/\/goldenclubcabanas.com\/wp-content\/uploads\/2025\/07\/caminhadas-descricao-incial.jpg\" \/>\n\t<meta property=\"og:image:width\" content=\"1115\" \/>\n\t<meta property=\"og:image:height\" content=\"383\" \/>\n\t<meta property=\"og:image:type\" content=\"image\/jpeg\" \/>\n<meta name=\"twitter:card\" content=\"summary_large_image\" \/>\n<meta name=\"twitter:label1\" content=\"Tiempo de lectura\" \/>\n\t<meta name=\"twitter:data1\" content=\"2 minutos\" \/>\n<script type=\"application\/ld+json\" class=\"yoast-schema-graph\">{\"@context\":\"https:\/\/schema.org\",\"@graph\":[{\"@type\":\"WebPage\",\"@id\":\"https:\/\/goldenclubcabanas.com\/es\/que-hacer-algarve\/caminatas-algarve-oriental\/\",\"url\":\"https:\/\/goldenclubcabanas.com\/es\/que-hacer-algarve\/caminatas-algarve-oriental\/\",\"name\":\"Senderismo - Golden Club Cabanas Aparthotel Algarve, Portugal\",\"isPartOf\":{\"@id\":\"https:\/\/goldenclubcabanas.com\/en\/#website\"},\"primaryImageOfPage\":{\"@id\":\"https:\/\/goldenclubcabanas.com\/es\/que-hacer-algarve\/caminatas-algarve-oriental\/#primaryimage\"},\"image\":{\"@id\":\"https:\/\/goldenclubcabanas.com\/es\/que-hacer-algarve\/caminatas-algarve-oriental\/#primaryimage\"},\"thumbnailUrl\":\"https:\/\/goldenclubcabanas.com\/wp-content\/uploads\/2025\/07\/caminhadas-descricao-incial-1024x352.jpg\",\"datePublished\":\"2025-05-06T12:57:57+00:00\",\"dateModified\":\"2025-10-23T10:57:28+00:00\",\"breadcrumb\":{\"@id\":\"https:\/\/goldenclubcabanas.com\/es\/que-hacer-algarve\/caminatas-algarve-oriental\/#breadcrumb\"},\"inLanguage\":\"es\",\"potentialAction\":[{\"@type\":\"ReadAction\",\"target\":[\"https:\/\/goldenclubcabanas.com\/es\/que-hacer-algarve\/caminatas-algarve-oriental\/\"]}]},{\"@type\":\"ImageObject\",\"inLanguage\":\"es\",\"@id\":\"https:\/\/goldenclubcabanas.com\/es\/que-hacer-algarve\/caminatas-algarve-oriental\/#primaryimage\",\"url\":\"https:\/\/goldenclubcabanas.com\/wp-content\/uploads\/2025\/07\/caminhadas-descricao-incial-1024x352.jpg\",\"contentUrl\":\"https:\/\/goldenclubcabanas.com\/wp-content\/uploads\/2025\/07\/caminhadas-descricao-incial-1024x352.jpg\"},{\"@type\":\"BreadcrumbList\",\"@id\":\"https:\/\/goldenclubcabanas.com\/es\/que-hacer-algarve\/caminatas-algarve-oriental\/#breadcrumb\",\"itemListElement\":[{\"@type\":\"ListItem\",\"position\":1,\"name\":\"In\u00edcio\",\"item\":\"https:\/\/goldenclubcabanas.com\/es\/\"},{\"@type\":\"ListItem\",\"position\":2,\"name\":\"Qu\u00e9 hacer\",\"item\":\"https:\/\/goldenclubcabanas.com\/es\/que-hacer-algarve\/\"},{\"@type\":\"ListItem\",\"position\":3,\"name\":\"Senderismo\"}]},{\"@type\":\"WebSite\",\"@id\":\"https:\/\/goldenclubcabanas.com\/en\/#website\",\"url\":\"https:\/\/goldenclubcabanas.com\/en\/\",\"name\":\"Golden Club Cabanas\",\"description\":\"\",\"potentialAction\":[{\"@type\":\"SearchAction\",\"target\":{\"@type\":\"EntryPoint\",\"urlTemplate\":\"https:\/\/goldenclubcabanas.com\/en\/?s={search_term_string}\"},\"query-input\":{\"@type\":\"PropertyValueSpecification\",\"valueRequired\":true,\"valueName\":\"search_term_string\"}}],\"inLanguage\":\"es\"}]}<\/script>\n<!-- \/ Yoast SEO Premium plugin. -->","yoast_head_json":{"title":"Senderismo - Golden Club Cabanas Aparthotel Algarve, Portugal","robots":{"index":"index","follow":"follow","max-snippet":"max-snippet:-1","max-image-preview":"max-image-preview:large","max-video-preview":"max-video-preview:-1"},"canonical":"https:\/\/goldenclubcabanas.com\/es\/que-hacer-algarve\/caminatas-algarve-oriental\/","og_locale":"es_ES","og_type":"article","og_title":"Senderismo","og_description":"Senderismo en el Sotavento del Algarve Explora senderos en el Sotavento del Algarve, con naturaleza, historia y sabores locales en Tavira, Ria Formosa, sierras y playas. Tu refugio ideal tras un d\u00eda de aventura Recorre el Sotavento del Algarve por rutas que conectan playas, monta\u00f1as y ciudades hist\u00f3ricas. Tavira es el punto de partida ideal, ... Leer m\u00e1s","og_url":"https:\/\/goldenclubcabanas.com\/es\/que-hacer-algarve\/caminatas-algarve-oriental\/","og_site_name":"Golden Club Cabanas Aparthotel Algarve, Portugal","article_modified_time":"2025-10-23T10:57:28+00:00","og_image":[{"width":1115,"height":383,"url":"https:\/\/goldenclubcabanas.com\/wp-content\/uploads\/2025\/07\/caminhadas-descricao-incial.jpg","type":"image\/jpeg"}],"twitter_card":"summary_large_image","twitter_misc":{"Tiempo de lectura":"2 minutos"},"schema":{"@context":"https:\/\/schema.org","@graph":[{"@type":"WebPage","@id":"https:\/\/goldenclubcabanas.com\/es\/que-hacer-algarve\/caminatas-algarve-oriental\/","url":"https:\/\/goldenclubcabanas.com\/es\/que-hacer-algarve\/caminatas-algarve-oriental\/","name":"Senderismo - Golden Club Cabanas Aparthotel Algarve, Portugal","isPartOf":{"@id":"https:\/\/goldenclubcabanas.com\/en\/#website"},"primaryImageOfPage":{"@id":"https:\/\/goldenclubcabanas.com\/es\/que-hacer-algarve\/caminatas-algarve-oriental\/#primaryimage"},"image":{"@id":"https:\/\/goldenclubcabanas.com\/es\/que-hacer-algarve\/caminatas-algarve-oriental\/#primaryimage"},"thumbnailUrl":"https:\/\/goldenclubcabanas.com\/wp-content\/uploads\/2025\/07\/caminhadas-descricao-incial-1024x352.jpg","datePublished":"2025-05-06T12:57:57+00:00","dateModified":"2025-10-23T10:57:28+00:00","breadcrumb":{"@id":"https:\/\/goldenclubcabanas.com\/es\/que-hacer-algarve\/caminatas-algarve-oriental\/#breadcrumb"},"inLanguage":"es","potentialAction":[{"@type":"ReadAction","target":["https:\/\/goldenclubcabanas.com\/es\/que-hacer-algarve\/caminatas-algarve-oriental\/"]}]},{"@type":"ImageObject","inLanguage":"es","@id":"https:\/\/goldenclubcabanas.com\/es\/que-hacer-algarve\/caminatas-algarve-oriental\/#primaryimage","url":"https:\/\/goldenclubcabanas.com\/wp-content\/uploads\/2025\/07\/caminhadas-descricao-incial-1024x352.jpg","contentUrl":"https:\/\/goldenclubcabanas.com\/wp-content\/uploads\/2025\/07\/caminhadas-descricao-incial-1024x352.jpg"},{"@type":"BreadcrumbList","@id":"https:\/\/goldenclubcabanas.com\/es\/que-hacer-algarve\/caminatas-algarve-oriental\/#breadcrumb","itemListElement":[{"@type":"ListItem","position":1,"name":"In\u00edcio","item":"https:\/\/goldenclubcabanas.com\/es\/"},{"@type":"ListItem","position":2,"name":"Qu\u00e9 hacer","item":"https:\/\/goldenclubcabanas.com\/es\/que-hacer-algarve\/"},{"@type":"ListItem","position":3,"name":"Senderismo"}]},{"@type":"WebSite","@id":"https:\/\/goldenclubcabanas.com\/en\/#website","url":"https:\/\/goldenclubcabanas.com\/en\/","name":"Golden Club Cabanas","description":"","potentialAction":[{"@type":"SearchAction","target":{"@type":"EntryPoint","urlTemplate":"https:\/\/goldenclubcabanas.com\/en\/?s={search_term_string}"},"query-input":{"@type":"PropertyValueSpecification","valueRequired":true,"valueName":"search_term_string"}}],"inLanguage":"es"}]}},"_links":{"self":[{"href":"https:\/\/goldenclubcabanas.com\/es\/wp-json\/wp\/v2\/pages\/4515","targetHints":{"allow":["GET"]}}],"collection":[{"href":"https:\/\/goldenclubcabanas.com\/es\/wp-json\/wp\/v2\/pages"}],"about":[{"href":"https:\/\/goldenclubcabanas.com\/es\/wp-json\/wp\/v2\/types\/page"}],"author":[{"embeddable":true,"href":"https:\/\/goldenclubcabanas.com\/es\/wp-json\/wp\/v2\/users\/2"}],"replies":[{"embeddable":true,"href":"https:\/\/goldenclubcabanas.com\/es\/wp-json\/wp\/v2\/comments?post=4515"}],"version-history":[{"count":2,"href":"https:\/\/goldenclubcabanas.com\/es\/wp-json\/wp\/v2\/pages\/4515\/revisions"}],"predecessor-version":[{"id":7255,"href":"https:\/\/goldenclubcabanas.com\/es\/wp-json\/wp\/v2\/pages\/4515\/revisions\/7255"}],"up":[{"embeddable":true,"href":"https:\/\/goldenclubcabanas.com\/es\/wp-json\/wp\/v2\/pages\/4508"}],"wp:attachment":[{"href":"https:\/\/goldenclubcabanas.com\/es\/wp-json\/wp\/v2\/media?parent=4515"}],"curies":[{"name":"wp","href":"https:\/\/api.w.org\/{rel}","templated":true}]}}