{"id":4524,"date":"2025-05-04T06:32:33","date_gmt":"2025-05-04T06:32:33","guid":{"rendered":"https:\/\/goldenclubcabanas.com\/apartamentos-de-ferias\/"},"modified":"2025-10-14T14:30:17","modified_gmt":"2025-10-14T14:30:17","slug":"alquiler-apartamentos-algarve","status":"publish","type":"page","link":"https:\/\/goldenclubcabanas.com\/es\/alquiler-apartamentos-algarve\/","title":{"rendered":"Apartamentos de vacaciones"},"content":{"rendered":"\n<div class=\"dng-hero-section gb-element-075f99d4\">\n<div class=\"dng-content-section gb-element-48530abf\">\n<h1 class=\"gb-text lg-font gb-text-9853ec2c\" data-aos=\"fade-up\" data-aos-anchor-placement=\"top-bottom\" data-aos-duration=\"1500\">Apartamentos de vacaciones en el Algarve<\/h1>\n\n\n\n<p class=\"gb-text gb-text-633da2c6 body1\" data-aos-anchor-placement=\"top-bottom\" data-aos=\"fade-up\" data-aos-duration=\"2000\">Golden Club Cabanas ofrece apartamentos vacacionales en el Algarve que combinan comodidad, libertad y servicios hoteleros, ideales para momentos en familia o con amigos.<\/p>\n<\/div>\n<\/div>\n\n\n\n<div class=\"dng-section-space\">\n<div class=\"dng-content-section no-overflow\">\n<h3 class=\"gb-text gb-text-bd994d1a\" data-aos=\"fade-up\" data-aos-duration=\"1800\" data-aos-anchor-placement=\"center-bottom\">La comodidad de un apartamento con los servicios de un hotel<\/h3>\n\n\n\n<p class=\"gb-text gb-text-ff389e8b\" data-aos=\"fade-up\" data-aos-achoer-placement=\"center-bottom\" data-aos-duration=\"2000\">Si buscas apartamentos vacacionales en el Algarve que combinen libertad, espacio y comodidad, Golden Club Cabanas es la opci\u00f3n ideal. Nuestros apartamentos te ofrecen m\u00e1s espacio para compartir momentos en familia o con amigos que una habitaci\u00f3n de hotel convencional, adem\u00e1s de la ventaja de poder preparar tus propias comidas. <br><br>Ofrecemos varios tipos de apartamentos de vacaciones en el Algarve, ubicados en edificios de tres pisos rodeados de jardines. Todos han sido dise\u00f1ados pensando en tus vacaciones en la playa y la naturaleza, con un estilo \u00ablimpio\u00bb, sencillo y funcional que privilegia la comodidad. <\/p>\n<\/div>\n<\/div>\n\n\n\n<div class=\"gb-element-2a801595\">\n<div class=\"gb-element-589505ef\">\n<div class=\"gb-element-15c31e47\" style=\"--inline-bg-image: url(data)\" data-aos=\"fade-right\" data-aos-duration=\"2000\" data-aos-anchor-placement=\"center-bottom\">\n<h2 class=\"gb-text gb-text-381490b7 title1\">Apartamentos Sunrise<\/h2>\n\n\n\n<p class=\"gb-text gb-text-99ef8849 body2\">Ubicados en la parte este (Sunrise) de Golden Club Cabanas, contamos con estudios con capacidad para 2 adultos y 1 o 2 ni\u00f1os, equipados y decorados con un estilo sencillo, agradable y funcional, con una excelente relaci\u00f3n calidad-precio<\/p>\n\n\n\n<a class=\"dng-gpc-btn gb-text-804d771f button-text btn-gold-outline dng-button\" href=\"https:\/\/goldenclubcabanas.com\/es\/alquiler-algarve\/sunrise\/\"><span class=\"gb-text\">Ver todos los apartamentos<\/span><span class=\"gb-shape\"><svg xmlns=\"http:\/\/www.w3.org\/2000\/svg\" width=\"50\" height=\"25\" viewBox=\"0 0 24 25\" fill=\"none\">\n<path d=\"M23.542 11.392L18.825 6.67505L18.118 7.38205L22.736 12H0V13H22.734L18.117 17.617L18.824 18.324L23.542 13.606C24.152 12.996 24.152 12.002 23.542 11.392Z\" fill=\"#1E1E1E\"><\/path>\n<\/svg>\n<\/span><\/a>\n<\/div>\n\n\n\n<div class=\"gb-element-c05f378b\">\n<figure class=\"wp-block-image size-full\"><img loading=\"lazy\" decoding=\"async\" width=\"900\" height=\"747\" src=\"https:\/\/goldenclubcabanas.com\/wp-content\/uploads\/2025\/07\/apartamentos-sunrise.jpg\" alt=\"\" class=\"wp-image-2849\" srcset=\"https:\/\/goldenclubcabanas.com\/wp-content\/uploads\/2025\/07\/apartamentos-sunrise.jpg 900w, https:\/\/goldenclubcabanas.com\/wp-content\/uploads\/2025\/07\/apartamentos-sunrise-300x249.jpg 300w, https:\/\/goldenclubcabanas.com\/wp-content\/uploads\/2025\/07\/apartamentos-sunrise-768x637.jpg 768w\" sizes=\"auto, (max-width: 900px) 100vw, 900px\" \/><\/figure>\n<\/div>\n<\/div>\n<\/div>\n\n\n\n<div class=\"gb-element-3b7e4ddd\">\n<div class=\"gb-element-842e10ab\">\n<div class=\"gb-element-53291a2f\" style=\"--inline-bg-image: url(data)\" data-aos-duration=\"2000\" data-aos-anchor-placement=\"center-bottom\" data-aos=\"fade-left\">\n<h2 class=\"gb-text gb-text-cab8c1e4 title1\">Apartamentos Sunset<\/h2>\n\n\n\n<p class=\"gb-text gb-text-e394284b body2\">En los edificios m\u00e1s modernos del oeste (Sunset), ofrecemos amplios estudios y apartamentos T1 y T2, ideales para alojar hasta 4 adultos y 2 ni\u00f1os, con una decoraci\u00f3n m\u00e1s cuidada, muebles contempor\u00e1neos y un alto nivel de confort.<\/p>\n\n\n\n<a class=\"dng-gpc-btn gb-text-a36d821f button-text btn-gold-outline dng-button\" href=\"https:\/\/goldenclubcabanas.com\/es\/alquiler-algarve\/sunset\/\"><span class=\"gb-text\">Ver todos los apartamentos<\/span><span class=\"gb-shape\"><svg xmlns=\"http:\/\/www.w3.org\/2000\/svg\" width=\"50\" height=\"25\" viewBox=\"0 0 24 25\" fill=\"none\">\n<path d=\"M23.542 11.392L18.825 6.67505L18.118 7.38205L22.736 12H0V13H22.734L18.117 17.617L18.824 18.324L23.542 13.606C24.152 12.996 24.152 12.002 23.542 11.392Z\" fill=\"#1E1E1E\"><\/path>\n<\/svg>\n<\/span><\/a>\n<\/div>\n\n\n\n<div class=\"gb-element-e08bf033\">\n<figure class=\"wp-block-image size-large\"><img decoding=\"async\" src=\"https:\/\/goldenclubcabanas.com\/wp-content\/uploads\/2025\/07\/apartamentos-sunset.jpg\" alt=\"\"\/><\/figure>\n<\/div>\n<\/div>\n<\/div>\n\n\n\n<div class=\"dng-section-space gb-element-d578f682\">\n<div class=\"dng-content-section\">\n<h2 class=\"gb-text gb-text-61a1a479 titl1\" data-aos-duration=\"2000\" data-aos-anchor-placement=\"center-bottom\" data-aos=\"fade-up\">Dos sectores: Amanecer y atardecer<\/h2>\n\n\n\n<div class=\"gb-element-3b8e4c49\">\n<div class=\"no-overflow gb-element-9063ecf9\">\n<div data-aos=\"fade-up\" data-aos-duration=\"2400\" data-aos-anchor-placement=\"center-bottom\">\n<img loading=\"lazy\" decoding=\"async\" width=\"2184\" height=\"1536\" class=\"dng-img dng-img-384 gb-media-86616656\" src=\"https:\/\/goldenclubcabanas.com\/wp-content\/uploads\/2025\/07\/Frame-1000006042.webp\" title=\"Frame 1000006042\" srcset=\"https:\/\/goldenclubcabanas.com\/wp-content\/uploads\/2025\/07\/Frame-1000006042.webp 2184w, https:\/\/goldenclubcabanas.com\/wp-content\/uploads\/2025\/07\/Frame-1000006042-300x211.webp 300w, https:\/\/goldenclubcabanas.com\/wp-content\/uploads\/2025\/07\/Frame-1000006042-1024x720.webp 1024w, https:\/\/goldenclubcabanas.com\/wp-content\/uploads\/2025\/07\/Frame-1000006042-768x540.webp 768w, https:\/\/goldenclubcabanas.com\/wp-content\/uploads\/2025\/07\/Frame-1000006042-1536x1080.webp 1536w, https:\/\/goldenclubcabanas.com\/wp-content\/uploads\/2025\/07\/Frame-1000006042-2048x1440.webp 2048w\" sizes=\"auto, (max-width: 2184px) 100vw, 2184px\" \/>\n\n\n\n<div class=\"dng-apartment-custom-card\">\n<h3 class=\"gb-text gb-text-8891fc5a\">Sobre los alojamientos<\/h3>\n\n\n\n<p class=\"gb-text gb-text-df86381b body2\">Estudios y apartamentos de 1\/2 dormitorio en el Algarve, ideales para familias. Opciones modernas y c\u00f3modas con vistas al mar, a la monta\u00f1a o a los jardines. Disfrute de piscinas, naturaleza y turismo para unas vacaciones perfectas.  <\/p>\n<\/div>\n<\/div>\n<\/div>\n\n\n\n<div class=\"no-overflow gb-element-dd6aabdc\">\n<div data-aos=\"fade-up\" data-aos-anchor-placement=\"center-bottom\" data-aos-duration=\"2800\">\n<img loading=\"lazy\" decoding=\"async\" width=\"1638\" height=\"1152\" class=\"dng-img dng-img-384 gb-media-174a6709\" src=\"https:\/\/goldenclubcabanas.com\/wp-content\/uploads\/2025\/07\/Mask-group.webp\" title=\"Mask group\" srcset=\"https:\/\/goldenclubcabanas.com\/wp-content\/uploads\/2025\/07\/Mask-group.webp 1638w, https:\/\/goldenclubcabanas.com\/wp-content\/uploads\/2025\/07\/Mask-group-300x211.webp 300w, https:\/\/goldenclubcabanas.com\/wp-content\/uploads\/2025\/07\/Mask-group-1024x720.webp 1024w, https:\/\/goldenclubcabanas.com\/wp-content\/uploads\/2025\/07\/Mask-group-768x540.webp 768w, https:\/\/goldenclubcabanas.com\/wp-content\/uploads\/2025\/07\/Mask-group-1536x1080.webp 1536w\" sizes=\"auto, (max-width: 1638px) 100vw, 1638px\" \/>\n\n\n\n<div class=\"dng-apartment-custom-card\">\n<h3 class=\"gb-text gb-text-2cc7d5b5\">Comodidad total<\/h3>\n\n\n\n<p class=\"gb-text gb-text-7c3339b8 body2\">Todos los apartamentos disponen de ba\u00f1o (con ducha o ba\u00f1era), cocina americana o cocina, balc\u00f3n o terraza, aire acondicionado y televisi\u00f3n.<\/p>\n<\/div>\n<\/div>\n<\/div>\n<\/div>\n<\/div>\n<\/div>\n","protected":false},"excerpt":{"rendered":"<p>Apartamentos de vacaciones en el Algarve Golden Club Cabanas ofrece apartamentos vacacionales en el Algarve que combinan comodidad, libertad y servicios hoteleros, ideales para momentos en familia o con amigos. La comodidad de un apartamento con los servicios de un hotel Si buscas apartamentos vacacionales en el Algarve que combinen libertad, espacio y comodidad, Golden &#8230; <a title=\"Apartamentos de vacaciones\" class=\"read-more\" href=\"https:\/\/goldenclubcabanas.com\/es\/alquiler-apartamentos-algarve\/\" aria-label=\"Leer m\u00e1s sobre Apartamentos de vacaciones\">Leer m\u00e1s<\/a><\/p>\n","protected":false},"author":2,"featured_media":0,"parent":0,"menu_order":5,"comment_status":"closed","ping_status":"closed","template":"","meta":{"_acf_changed":false,"footnotes":""},"class_list":["post-4524","page","type-page","status-publish"],"acf":[],"yoast_head":"<!-- This site is optimized with the Yoast SEO Premium plugin v25.9 (Yoast SEO v25.9) - https:\/\/yoast.com\/wordpress\/plugins\/seo\/ -->\n<title>Apartamentos de vacaciones en Algarve | Golden Club Cabanas<\/title>\n<meta name=\"description\" content=\"Apartamentos en Algarve para Vacaciones en la playa, un resort com servicio de hotel y todo inclu\u00eddo. Apartamentos hasta 4 adultos y 2 ni\u00f1os.\" \/>\n<meta name=\"robots\" content=\"index, follow, max-snippet:-1, max-image-preview:large, max-video-preview:-1\" \/>\n<link rel=\"canonical\" href=\"https:\/\/goldenclubcabanas.com\/es\/alquiler-apartamentos-algarve\/\" \/>\n<meta property=\"og:locale\" content=\"es_ES\" \/>\n<meta property=\"og:type\" content=\"article\" \/>\n<meta property=\"og:title\" content=\"Apartamentos de vacaciones\" \/>\n<meta property=\"og:description\" content=\"Apartamentos en Algarve para Vacaciones en la playa, un resort com servicio de hotel y todo inclu\u00eddo. Apartamentos hasta 4 adultos y 2 ni\u00f1os.\" \/>\n<meta property=\"og:url\" content=\"https:\/\/goldenclubcabanas.com\/es\/alquiler-apartamentos-algarve\/\" \/>\n<meta property=\"og:site_name\" content=\"Golden Club Cabanas Aparthotel Algarve, Portugal\" \/>\n<meta property=\"article:modified_time\" content=\"2025-10-14T14:30:17+00:00\" \/>\n<meta property=\"og:image\" content=\"https:\/\/goldenclubcabanas.com\/wp-content\/uploads\/2025\/07\/apartamentos-sunrise.jpg\" \/>\n\t<meta property=\"og:image:width\" content=\"900\" \/>\n\t<meta property=\"og:image:height\" content=\"747\" \/>\n\t<meta property=\"og:image:type\" content=\"image\/jpeg\" \/>\n<meta name=\"twitter:card\" content=\"summary_large_image\" \/>\n<meta name=\"twitter:label1\" content=\"Tiempo de lectura\" \/>\n\t<meta name=\"twitter:data1\" content=\"3 minutos\" \/>\n<script type=\"application\/ld+json\" class=\"yoast-schema-graph\">{\"@context\":\"https:\/\/schema.org\",\"@graph\":[{\"@type\":\"WebPage\",\"@id\":\"https:\/\/goldenclubcabanas.com\/es\/alquiler-apartamentos-algarve\/\",\"url\":\"https:\/\/goldenclubcabanas.com\/es\/alquiler-apartamentos-algarve\/\",\"name\":\"Apartamentos de vacaciones en Algarve | Golden Club Cabanas\",\"isPartOf\":{\"@id\":\"https:\/\/goldenclubcabanas.com\/en\/#website\"},\"primaryImageOfPage\":{\"@id\":\"https:\/\/goldenclubcabanas.com\/es\/alquiler-apartamentos-algarve\/#primaryimage\"},\"image\":{\"@id\":\"https:\/\/goldenclubcabanas.com\/es\/alquiler-apartamentos-algarve\/#primaryimage\"},\"thumbnailUrl\":\"https:\/\/goldenclubcabanas.com\/wp-content\/uploads\/2025\/07\/apartamentos-sunrise.jpg\",\"datePublished\":\"2025-05-04T06:32:33+00:00\",\"dateModified\":\"2025-10-14T14:30:17+00:00\",\"description\":\"Apartamentos en Algarve para Vacaciones en la playa, un resort com servicio de hotel y todo inclu\u00eddo. Apartamentos hasta 4 adultos y 2 ni\u00f1os.\",\"breadcrumb\":{\"@id\":\"https:\/\/goldenclubcabanas.com\/es\/alquiler-apartamentos-algarve\/#breadcrumb\"},\"inLanguage\":\"es\",\"potentialAction\":[{\"@type\":\"ReadAction\",\"target\":[\"https:\/\/goldenclubcabanas.com\/es\/alquiler-apartamentos-algarve\/\"]}]},{\"@type\":\"ImageObject\",\"inLanguage\":\"es\",\"@id\":\"https:\/\/goldenclubcabanas.com\/es\/alquiler-apartamentos-algarve\/#primaryimage\",\"url\":\"https:\/\/goldenclubcabanas.com\/wp-content\/uploads\/2025\/07\/apartamentos-sunrise.jpg\",\"contentUrl\":\"https:\/\/goldenclubcabanas.com\/wp-content\/uploads\/2025\/07\/apartamentos-sunrise.jpg\"},{\"@type\":\"BreadcrumbList\",\"@id\":\"https:\/\/goldenclubcabanas.com\/es\/alquiler-apartamentos-algarve\/#breadcrumb\",\"itemListElement\":[{\"@type\":\"ListItem\",\"position\":1,\"name\":\"In\u00edcio\",\"item\":\"https:\/\/goldenclubcabanas.com\/es\/\"},{\"@type\":\"ListItem\",\"position\":2,\"name\":\"Apartamentos de vacaciones\"}]},{\"@type\":\"WebSite\",\"@id\":\"https:\/\/goldenclubcabanas.com\/en\/#website\",\"url\":\"https:\/\/goldenclubcabanas.com\/en\/\",\"name\":\"Golden Club Cabanas\",\"description\":\"\",\"potentialAction\":[{\"@type\":\"SearchAction\",\"target\":{\"@type\":\"EntryPoint\",\"urlTemplate\":\"https:\/\/goldenclubcabanas.com\/en\/?s={search_term_string}\"},\"query-input\":{\"@type\":\"PropertyValueSpecification\",\"valueRequired\":true,\"valueName\":\"search_term_string\"}}],\"inLanguage\":\"es\"}]}<\/script>\n<!-- \/ Yoast SEO Premium plugin. -->","yoast_head_json":{"title":"Apartamentos de vacaciones en Algarve | Golden Club Cabanas","description":"Apartamentos en Algarve para Vacaciones en la playa, un resort com servicio de hotel y todo inclu\u00eddo. Apartamentos hasta 4 adultos y 2 ni\u00f1os.","robots":{"index":"index","follow":"follow","max-snippet":"max-snippet:-1","max-image-preview":"max-image-preview:large","max-video-preview":"max-video-preview:-1"},"canonical":"https:\/\/goldenclubcabanas.com\/es\/alquiler-apartamentos-algarve\/","og_locale":"es_ES","og_type":"article","og_title":"Apartamentos de vacaciones","og_description":"Apartamentos en Algarve para Vacaciones en la playa, un resort com servicio de hotel y todo inclu\u00eddo. Apartamentos hasta 4 adultos y 2 ni\u00f1os.","og_url":"https:\/\/goldenclubcabanas.com\/es\/alquiler-apartamentos-algarve\/","og_site_name":"Golden Club Cabanas Aparthotel Algarve, Portugal","article_modified_time":"2025-10-14T14:30:17+00:00","og_image":[{"width":900,"height":747,"url":"https:\/\/goldenclubcabanas.com\/wp-content\/uploads\/2025\/07\/apartamentos-sunrise.jpg","type":"image\/jpeg"}],"twitter_card":"summary_large_image","twitter_misc":{"Tiempo de lectura":"3 minutos"},"schema":{"@context":"https:\/\/schema.org","@graph":[{"@type":"WebPage","@id":"https:\/\/goldenclubcabanas.com\/es\/alquiler-apartamentos-algarve\/","url":"https:\/\/goldenclubcabanas.com\/es\/alquiler-apartamentos-algarve\/","name":"Apartamentos de vacaciones en Algarve | Golden Club Cabanas","isPartOf":{"@id":"https:\/\/goldenclubcabanas.com\/en\/#website"},"primaryImageOfPage":{"@id":"https:\/\/goldenclubcabanas.com\/es\/alquiler-apartamentos-algarve\/#primaryimage"},"image":{"@id":"https:\/\/goldenclubcabanas.com\/es\/alquiler-apartamentos-algarve\/#primaryimage"},"thumbnailUrl":"https:\/\/goldenclubcabanas.com\/wp-content\/uploads\/2025\/07\/apartamentos-sunrise.jpg","datePublished":"2025-05-04T06:32:33+00:00","dateModified":"2025-10-14T14:30:17+00:00","description":"Apartamentos en Algarve para Vacaciones en la playa, un resort com servicio de hotel y todo inclu\u00eddo. Apartamentos hasta 4 adultos y 2 ni\u00f1os.","breadcrumb":{"@id":"https:\/\/goldenclubcabanas.com\/es\/alquiler-apartamentos-algarve\/#breadcrumb"},"inLanguage":"es","potentialAction":[{"@type":"ReadAction","target":["https:\/\/goldenclubcabanas.com\/es\/alquiler-apartamentos-algarve\/"]}]},{"@type":"ImageObject","inLanguage":"es","@id":"https:\/\/goldenclubcabanas.com\/es\/alquiler-apartamentos-algarve\/#primaryimage","url":"https:\/\/goldenclubcabanas.com\/wp-content\/uploads\/2025\/07\/apartamentos-sunrise.jpg","contentUrl":"https:\/\/goldenclubcabanas.com\/wp-content\/uploads\/2025\/07\/apartamentos-sunrise.jpg"},{"@type":"BreadcrumbList","@id":"https:\/\/goldenclubcabanas.com\/es\/alquiler-apartamentos-algarve\/#breadcrumb","itemListElement":[{"@type":"ListItem","position":1,"name":"In\u00edcio","item":"https:\/\/goldenclubcabanas.com\/es\/"},{"@type":"ListItem","position":2,"name":"Apartamentos de vacaciones"}]},{"@type":"WebSite","@id":"https:\/\/goldenclubcabanas.com\/en\/#website","url":"https:\/\/goldenclubcabanas.com\/en\/","name":"Golden Club Cabanas","description":"","potentialAction":[{"@type":"SearchAction","target":{"@type":"EntryPoint","urlTemplate":"https:\/\/goldenclubcabanas.com\/en\/?s={search_term_string}"},"query-input":{"@type":"PropertyValueSpecification","valueRequired":true,"valueName":"search_term_string"}}],"inLanguage":"es"}]}},"_links":{"self":[{"href":"https:\/\/goldenclubcabanas.com\/es\/wp-json\/wp\/v2\/pages\/4524","targetHints":{"allow":["GET"]}}],"collection":[{"href":"https:\/\/goldenclubcabanas.com\/es\/wp-json\/wp\/v2\/pages"}],"about":[{"href":"https:\/\/goldenclubcabanas.com\/es\/wp-json\/wp\/v2\/types\/page"}],"author":[{"embeddable":true,"href":"https:\/\/goldenclubcabanas.com\/es\/wp-json\/wp\/v2\/users\/2"}],"replies":[{"embeddable":true,"href":"https:\/\/goldenclubcabanas.com\/es\/wp-json\/wp\/v2\/comments?post=4524"}],"version-history":[{"count":6,"href":"https:\/\/goldenclubcabanas.com\/es\/wp-json\/wp\/v2\/pages\/4524\/revisions"}],"predecessor-version":[{"id":6852,"href":"https:\/\/goldenclubcabanas.com\/es\/wp-json\/wp\/v2\/pages\/4524\/revisions\/6852"}],"wp:attachment":[{"href":"https:\/\/goldenclubcabanas.com\/es\/wp-json\/wp\/v2\/media?parent=4524"}],"curies":[{"name":"wp","href":"https:\/\/api.w.org\/{rel}","templated":true}]}}