{"id":4531,"date":"2025-05-02T09:43:29","date_gmt":"2025-05-02T09:43:29","guid":{"rendered":"https:\/\/goldenclubcabanas.com\/kids-club\/"},"modified":"2026-03-19T16:31:43","modified_gmt":"2026-03-19T16:31:43","slug":"animacion-infantil","status":"publish","type":"page","link":"https:\/\/goldenclubcabanas.com\/es\/vacaciones-algarve\/animacion-infantil\/","title":{"rendered":"Kids club"},"content":{"rendered":"\n<div class=\"dng-hero-section gb-element-46afd053\">\n<div class=\"dng-content-section gb-element-399894b7\">\n<h1 class=\"gb-text lg-font gb-text-092fc453\" data-aos=\"fade-up\" data-aos-anchor-placement=\"top-bottom\" data-aos-duration=\"1500\">Kids Club<\/h1>\n\n\n\n<p class=\"gb-text gb-text-ef0676c9 body1\" data-aos-anchor-placement=\"top-bottom\" data-aos=\"fade-up\" data-aos-duration=\"2000\">Disfruta de un hotel con animaci\u00f3n infantil, donde los ni\u00f1os viven aventuras en el Kids Club con actividades creativas y mucha diversi\u00f3n.<\/p>\n<\/div>\n<\/div>\n\n\n\n<div class=\"dng-section-space\">\n<div class=\"dng-content-section no-overflow\">\n<h2 class=\"gb-text dng-mb-20 gb-text-9008e9b4 title1\" data-aos=\"fade-up\" data-aos-duration=\"1400\" data-aos-anchor-placement=\"center-bottom\">Animaci\u00f3n infantil: donde empieza la diversi\u00f3n<\/h2>\n\n\n\n<p class=\"gb-text dng-mb-40 gb-text-d7b8a268 body2\" data-aos=\"fade-up\" data-aos-duration=\"1600\" data-aos-anchor-placement=\"center-bottom\">Golden Club Cabanas es el hotel con Kids Club ideal para unas vacaciones familiares llenas de alegr\u00eda. Aqu\u00ed, los ni\u00f1os pueden unirse a Leo, nuestro simp\u00e1tico camale\u00f3n de Ria Formosa, y embarcarse en una divertida aventura todos los d\u00edas. Tenemos un programa semanal lleno de actividades creativas como danza, cocina, teatro, artes y mucho m\u00e1s. Adem\u00e1s, no faltan espacios para jugar: cama el\u00e1stica, hinchable, columpio, pir\u00e1mide de cuerda y una sala interior totalmente equipada para momentos inolvidables.<\/p>\n\n\n\n<div class=\"dng-gap-24 gb-element-52e48081\">\n<div class=\"dng-col-3\">\n<figure class=\"wp-block-image size-full\"><img loading=\"lazy\" decoding=\"async\" width=\"726\" height=\"768\" src=\"https:\/\/goldenclubcabanas.com\/wp-content\/uploads\/2025\/10\/kids-club-galeria-inicial-1.webp\" alt=\"\" class=\"wp-image-6024\" srcset=\"https:\/\/goldenclubcabanas.com\/wp-content\/uploads\/2025\/10\/kids-club-galeria-inicial-1.webp 726w, https:\/\/goldenclubcabanas.com\/wp-content\/uploads\/2025\/10\/kids-club-galeria-inicial-1-284x300.webp 284w\" sizes=\"auto, (max-width: 726px) 100vw, 726px\" \/><\/figure>\n<\/div>\n\n\n\n<div class=\"dng-col-3\">\n<figure class=\"wp-block-image size-full\"><img loading=\"lazy\" decoding=\"async\" width=\"726\" height=\"768\" src=\"https:\/\/goldenclubcabanas.com\/wp-content\/uploads\/2025\/10\/kids-club-galeria-inicial-2.webp\" alt=\"\" class=\"wp-image-6028\" srcset=\"https:\/\/goldenclubcabanas.com\/wp-content\/uploads\/2025\/10\/kids-club-galeria-inicial-2.webp 726w, https:\/\/goldenclubcabanas.com\/wp-content\/uploads\/2025\/10\/kids-club-galeria-inicial-2-284x300.webp 284w\" sizes=\"auto, (max-width: 726px) 100vw, 726px\" \/><\/figure>\n<\/div>\n\n\n\n<div class=\"dng-col-3\">\n<figure class=\"wp-block-image size-full\"><img loading=\"lazy\" decoding=\"async\" width=\"726\" height=\"768\" src=\"https:\/\/goldenclubcabanas.com\/wp-content\/uploads\/2025\/10\/kids-club-galeria-inicial-3.webp\" alt=\"\" class=\"wp-image-6032\" srcset=\"https:\/\/goldenclubcabanas.com\/wp-content\/uploads\/2025\/10\/kids-club-galeria-inicial-3.webp 726w, https:\/\/goldenclubcabanas.com\/wp-content\/uploads\/2025\/10\/kids-club-galeria-inicial-3-284x300.webp 284w\" sizes=\"auto, (max-width: 726px) 100vw, 726px\" \/><\/figure>\n<\/div>\n<\/div>\n<\/div>\n<\/div>\n\n\n\n<div class=\"gb-element-9c6b1a8d\">\n<div class=\"dng-content-section\">\n<div class=\"gb-element-921b6d95\">\n<h2 class=\"gb-text gb-text-b211fb4a title1\" data-aos=\"fade-up\" data-aos-duration=\"2000\" data-aos-anchor-placement=\"center-bottom\">Actividades para ni\u00f1os en un entorno seguro<\/h2>\n\n\n\n<p class=\"gb-text gb-text-841a452e body2\" data-aos=\"fade-up\" data-aos-duration=\"2000\" data-aos-anchor-placement=\"center-bottom\">Nuestro Kids Club recibe a ni\u00f1os de 3 a 12 a\u00f1os en un ambiente divertido, seguro y acogedor, con horarios adaptados a la temporada. De diciembre a abril, est\u00e1 abierto de mi\u00e9rcoles a domingo, mientras que de mayo a octubre abre todos los d\u00edas. Supervisado por un equipo profesional, el Kids Club ofrece experiencias memorables en portugu\u00e9s, espa\u00f1ol e ingl\u00e9s. Los horarios podr\u00e1n sufrir cambios sin previo aviso.<br><em>Nota: Los ni\u00f1os menores de 3 a\u00f1os deben estar siempre acompa\u00f1ados por un adulto. Los ni\u00f1os de 3 a\u00f1os deben haber dejado el pa\u00f1al para participar en las actividades supervisadas.<\/em><\/p>\n<\/div>\n<\/div>\n<\/div>\n\n\n\r\n<div id=\"dng-c-images-slider-block_68a805d1e2895767d7820f60d19432a6\" class=\"dng-c-images-slider gcc-section-space\">\r\n                <div class=\"dngImages_slider _leftOffset owl-carousel owl-theme\">\r\n                            <div class=\"dngImages_slider-item\">\r\n                    <img loading=\"lazy\" decoding=\"async\" width=\"726\" height=\"768\" src=\"https:\/\/goldenclubcabanas.com\/wp-content\/uploads\/2025\/10\/kids-club-galeria-1.webp\" class=\"attachment-full size-full\" alt=\"\" srcset=\"https:\/\/goldenclubcabanas.com\/wp-content\/uploads\/2025\/10\/kids-club-galeria-1.webp 726w, https:\/\/goldenclubcabanas.com\/wp-content\/uploads\/2025\/10\/kids-club-galeria-1-284x300.webp 284w\" sizes=\"auto, (max-width: 726px) 100vw, 726px\" \/>                <\/div>\r\n                            <div class=\"dngImages_slider-item\">\r\n                    <img loading=\"lazy\" decoding=\"async\" width=\"726\" height=\"768\" src=\"https:\/\/goldenclubcabanas.com\/wp-content\/uploads\/2025\/10\/kids-club-galeria-5.webp\" class=\"attachment-full size-full\" alt=\"\" srcset=\"https:\/\/goldenclubcabanas.com\/wp-content\/uploads\/2025\/10\/kids-club-galeria-5.webp 726w, https:\/\/goldenclubcabanas.com\/wp-content\/uploads\/2025\/10\/kids-club-galeria-5-284x300.webp 284w\" sizes=\"auto, (max-width: 726px) 100vw, 726px\" \/>                <\/div>\r\n                            <div class=\"dngImages_slider-item\">\r\n                    <img loading=\"lazy\" decoding=\"async\" width=\"726\" height=\"768\" src=\"https:\/\/goldenclubcabanas.com\/wp-content\/uploads\/2025\/10\/kids-club-galeria-3.webp\" class=\"attachment-full size-full\" alt=\"\" srcset=\"https:\/\/goldenclubcabanas.com\/wp-content\/uploads\/2025\/10\/kids-club-galeria-3.webp 726w, https:\/\/goldenclubcabanas.com\/wp-content\/uploads\/2025\/10\/kids-club-galeria-3-284x300.webp 284w\" sizes=\"auto, (max-width: 726px) 100vw, 726px\" \/>                <\/div>\r\n                            <div class=\"dngImages_slider-item\">\r\n                    <img loading=\"lazy\" decoding=\"async\" width=\"726\" height=\"768\" src=\"https:\/\/goldenclubcabanas.com\/wp-content\/uploads\/2025\/10\/kids-club-galeria-4.webp\" class=\"attachment-full size-full\" alt=\"\" srcset=\"https:\/\/goldenclubcabanas.com\/wp-content\/uploads\/2025\/10\/kids-club-galeria-4.webp 726w, https:\/\/goldenclubcabanas.com\/wp-content\/uploads\/2025\/10\/kids-club-galeria-4-284x300.webp 284w\" sizes=\"auto, (max-width: 726px) 100vw, 726px\" \/>                <\/div>\r\n                    <\/div>\r\n    <\/div>\n\n\n<div class=\"no-overflow\">\n<figure class=\"wp-block-image size-large dng-img dng-img-full\"><img loading=\"lazy\" decoding=\"async\" width=\"1024\" height=\"329\" src=\"https:\/\/goldenclubcabanas.com\/wp-content\/uploads\/2025\/08\/kids-club-separador-1024x329.jpg\" alt=\"\" class=\"wp-image-4234\" style=\"object-fit:cover\" srcset=\"https:\/\/goldenclubcabanas.com\/wp-content\/uploads\/2025\/08\/kids-club-separador-1024x329.jpg 1024w, https:\/\/goldenclubcabanas.com\/wp-content\/uploads\/2025\/08\/kids-club-separador-300x96.jpg 300w, https:\/\/goldenclubcabanas.com\/wp-content\/uploads\/2025\/08\/kids-club-separador-768x247.jpg 768w, https:\/\/goldenclubcabanas.com\/wp-content\/uploads\/2025\/08\/kids-club-separador-1536x494.jpg 1536w, https:\/\/goldenclubcabanas.com\/wp-content\/uploads\/2025\/08\/kids-club-separador-2048x658.jpg 2048w\" sizes=\"auto, (max-width: 1024px) 100vw, 1024px\" \/><\/figure>\n<\/div>\n\n\n\n<div class=\"dng-section-space gb-element-eab2b1b9 _rightOffset\">\n<div class=\"gb-element-1dc59586\">\n<div class=\"max-730 gb-element-c02673e3\">\n<div class=\"gb-element-0446e00a\">\n<div class=\"no-overflow gb-element-428ddfb8\">\n<figure class=\"wp-block-image size-full dng-img dng-img-546\"><img loading=\"lazy\" decoding=\"async\" width=\"1059\" height=\"1638\" src=\"https:\/\/goldenclubcabanas.com\/wp-content\/uploads\/2025\/08\/kids-club-leo-new.jpg\" alt=\"\" class=\"wp-image-4243\" srcset=\"https:\/\/goldenclubcabanas.com\/wp-content\/uploads\/2025\/08\/kids-club-leo-new.jpg 1059w, https:\/\/goldenclubcabanas.com\/wp-content\/uploads\/2025\/08\/kids-club-leo-new-194x300.jpg 194w, https:\/\/goldenclubcabanas.com\/wp-content\/uploads\/2025\/08\/kids-club-leo-new-662x1024.jpg 662w, https:\/\/goldenclubcabanas.com\/wp-content\/uploads\/2025\/08\/kids-club-leo-new-768x1188.jpg 768w, https:\/\/goldenclubcabanas.com\/wp-content\/uploads\/2025\/08\/kids-club-leo-new-993x1536.jpg 993w\" sizes=\"auto, (max-width: 1059px) 100vw, 1059px\" \/><\/figure>\n<\/div>\n\n\n\n<div class=\"gb-element-1486fc50\">\n<figure class=\"wp-block-image size-full dng-img dng-img-546\"><img loading=\"lazy\" decoding=\"async\" width=\"662\" height=\"1024\" src=\"https:\/\/goldenclubcabanas.com\/wp-content\/uploads\/2025\/10\/leo-2.webp\" alt=\"\" class=\"wp-image-6019\" srcset=\"https:\/\/goldenclubcabanas.com\/wp-content\/uploads\/2025\/10\/leo-2.webp 662w, https:\/\/goldenclubcabanas.com\/wp-content\/uploads\/2025\/10\/leo-2-194x300.webp 194w\" sizes=\"auto, (max-width: 662px) 100vw, 662px\" \/><\/figure>\n<\/div>\n<\/div>\n<\/div>\n\n\n\n<div class=\"no-overflow gb-element-8cc29fdb\">\n<h2 class=\"gb-text gb-text-8ad52138 title1\" data-aos=\"fade-up\" data-aos-delay=\"200\" data-aos-duration=\"800\" data-aos-anchor-placement=\"bottom-bottom\">Aventura con Leo, la mascota de Golden Club Cabanas<\/h2>\n\n\n\n<p class=\"gb-text gb-text-971ce492 body2\" data-aos=\"fade-up\" data-aos-duration=\"900\" data-aos-delay=\"300\" data-aos-anchor-placement=\"bottom-bottom\">\u00a1Hola! \u00a1Soy Leo, la mascota de Golden Club Cabanas! <br>Me encanta hacer nuevos amigos y mostrarles a todos el incre\u00edble lugar donde vivo: \u00a1la R\u00eda Formosa! Como soy un camale\u00f3n muy travieso, siempre estoy preparando nuevos juegos y aventuras. \u00a1Ven a visitar mi Kids Club, donde la diversi\u00f3n est\u00e1 asegurada y no tiene fin! Tus vacaciones ser\u00e1n inolvidables, con muchas risas y nuevos descubrimientos.<br>\u00bfVacaciones llenas de diversi\u00f3n? \u00a1Es con Leo, el camale\u00f3n!<\/p>\n<\/div>\n<\/div>\n<\/div>\n","protected":false},"excerpt":{"rendered":"<p>Kids Club Disfruta de un hotel con animaci\u00f3n infantil, donde los ni\u00f1os viven aventuras en el Kids Club con actividades creativas y mucha diversi\u00f3n. Animaci\u00f3n infantil: donde empieza la diversi\u00f3n Golden Club Cabanas es el hotel con Kids Club ideal para unas vacaciones familiares llenas de alegr\u00eda. Aqu\u00ed, los ni\u00f1os pueden unirse a Leo, nuestro &#8230; <a title=\"Kids club\" class=\"read-more\" href=\"https:\/\/goldenclubcabanas.com\/es\/vacaciones-algarve\/animacion-infantil\/\" aria-label=\"Leer m\u00e1s sobre Kids club\">Leer m\u00e1s<\/a><\/p>\n","protected":false},"author":2,"featured_media":0,"parent":4543,"menu_order":80,"comment_status":"closed","ping_status":"closed","template":"","meta":{"_acf_changed":false,"footnotes":""},"class_list":["post-4531","page","type-page","status-publish"],"acf":[],"yoast_head":"<!-- This site is optimized with the Yoast SEO Premium plugin v25.9 (Yoast SEO v25.9) - https:\/\/yoast.com\/wordpress\/plugins\/seo\/ -->\n<title>Kids Club - Actividades para ni\u00f1os en el Algarve<\/title>\n<meta name=\"description\" content=\"\u00a1El para\u00edso de los m\u00e1s peque\u00f1os! Nuestro Kids Club ofrece actividades para ni\u00f1os en el Algarve, juegos y diversi\u00f3n para que pasen unas vacaciones inolvidables.\" \/>\n<meta name=\"robots\" content=\"index, follow, max-snippet:-1, max-image-preview:large, max-video-preview:-1\" \/>\n<link rel=\"canonical\" href=\"https:\/\/goldenclubcabanas.com\/es\/vacaciones-algarve\/animacion-infantil\/\" \/>\n<meta property=\"og:locale\" content=\"es_ES\" \/>\n<meta property=\"og:type\" content=\"article\" \/>\n<meta property=\"og:title\" content=\"Kids club\" \/>\n<meta property=\"og:description\" content=\"\u00a1El para\u00edso de los m\u00e1s peque\u00f1os! Nuestro Kids Club ofrece actividades para ni\u00f1os en el Algarve, juegos y diversi\u00f3n para que pasen unas vacaciones inolvidables.\" \/>\n<meta property=\"og:url\" content=\"https:\/\/goldenclubcabanas.com\/es\/vacaciones-algarve\/animacion-infantil\/\" \/>\n<meta property=\"og:site_name\" content=\"Golden Club Cabanas Aparthotel Algarve, Portugal\" \/>\n<meta property=\"article:modified_time\" content=\"2026-03-19T16:31:43+00:00\" \/>\n<meta property=\"og:image\" content=\"https:\/\/goldenclubcabanas.com\/wp-content\/uploads\/2025\/10\/kids-club-galeria-inicial-1.webp\" \/>\n\t<meta property=\"og:image:width\" content=\"726\" \/>\n\t<meta property=\"og:image:height\" content=\"768\" \/>\n\t<meta property=\"og:image:type\" content=\"image\/webp\" \/>\n<meta name=\"twitter:card\" content=\"summary_large_image\" \/>\n<meta name=\"twitter:label1\" content=\"Tiempo de lectura\" \/>\n\t<meta name=\"twitter:data1\" content=\"3 minutos\" \/>\n<script type=\"application\/ld+json\" class=\"yoast-schema-graph\">{\"@context\":\"https:\/\/schema.org\",\"@graph\":[{\"@type\":\"WebPage\",\"@id\":\"https:\/\/goldenclubcabanas.com\/es\/vacaciones-algarve\/animacion-infantil\/\",\"url\":\"https:\/\/goldenclubcabanas.com\/es\/vacaciones-algarve\/animacion-infantil\/\",\"name\":\"Kids Club - Actividades para ni\u00f1os en el Algarve\",\"isPartOf\":{\"@id\":\"https:\/\/goldenclubcabanas.com\/en\/#website\"},\"primaryImageOfPage\":{\"@id\":\"https:\/\/goldenclubcabanas.com\/es\/vacaciones-algarve\/animacion-infantil\/#primaryimage\"},\"image\":{\"@id\":\"https:\/\/goldenclubcabanas.com\/es\/vacaciones-algarve\/animacion-infantil\/#primaryimage\"},\"thumbnailUrl\":\"https:\/\/goldenclubcabanas.com\/wp-content\/uploads\/2025\/10\/kids-club-galeria-inicial-1.webp\",\"datePublished\":\"2025-05-02T09:43:29+00:00\",\"dateModified\":\"2026-03-19T16:31:43+00:00\",\"description\":\"\u00a1El para\u00edso de los m\u00e1s peque\u00f1os! Nuestro Kids Club ofrece actividades para ni\u00f1os en el Algarve, juegos y diversi\u00f3n para que pasen unas vacaciones inolvidables.\",\"breadcrumb\":{\"@id\":\"https:\/\/goldenclubcabanas.com\/es\/vacaciones-algarve\/animacion-infantil\/#breadcrumb\"},\"inLanguage\":\"es\",\"potentialAction\":[{\"@type\":\"ReadAction\",\"target\":[\"https:\/\/goldenclubcabanas.com\/es\/vacaciones-algarve\/animacion-infantil\/\"]}]},{\"@type\":\"ImageObject\",\"inLanguage\":\"es\",\"@id\":\"https:\/\/goldenclubcabanas.com\/es\/vacaciones-algarve\/animacion-infantil\/#primaryimage\",\"url\":\"https:\/\/goldenclubcabanas.com\/wp-content\/uploads\/2025\/10\/kids-club-galeria-inicial-1.webp\",\"contentUrl\":\"https:\/\/goldenclubcabanas.com\/wp-content\/uploads\/2025\/10\/kids-club-galeria-inicial-1.webp\"},{\"@type\":\"BreadcrumbList\",\"@id\":\"https:\/\/goldenclubcabanas.com\/es\/vacaciones-algarve\/animacion-infantil\/#breadcrumb\",\"itemListElement\":[{\"@type\":\"ListItem\",\"position\":1,\"name\":\"In\u00edcio\",\"item\":\"https:\/\/goldenclubcabanas.com\/es\/\"},{\"@type\":\"ListItem\",\"position\":2,\"name\":\"Resort\",\"item\":\"https:\/\/goldenclubcabanas.com\/es\/vacaciones-algarve\/\"},{\"@type\":\"ListItem\",\"position\":3,\"name\":\"Kids club\"}]},{\"@type\":\"WebSite\",\"@id\":\"https:\/\/goldenclubcabanas.com\/en\/#website\",\"url\":\"https:\/\/goldenclubcabanas.com\/en\/\",\"name\":\"Golden Club Cabanas\",\"description\":\"\",\"potentialAction\":[{\"@type\":\"SearchAction\",\"target\":{\"@type\":\"EntryPoint\",\"urlTemplate\":\"https:\/\/goldenclubcabanas.com\/en\/?s={search_term_string}\"},\"query-input\":{\"@type\":\"PropertyValueSpecification\",\"valueRequired\":true,\"valueName\":\"search_term_string\"}}],\"inLanguage\":\"es\"}]}<\/script>\n<!-- \/ Yoast SEO Premium plugin. -->","yoast_head_json":{"title":"Kids Club - Actividades para ni\u00f1os en el Algarve","description":"\u00a1El para\u00edso de los m\u00e1s peque\u00f1os! Nuestro Kids Club ofrece actividades para ni\u00f1os en el Algarve, juegos y diversi\u00f3n para que pasen unas vacaciones inolvidables.","robots":{"index":"index","follow":"follow","max-snippet":"max-snippet:-1","max-image-preview":"max-image-preview:large","max-video-preview":"max-video-preview:-1"},"canonical":"https:\/\/goldenclubcabanas.com\/es\/vacaciones-algarve\/animacion-infantil\/","og_locale":"es_ES","og_type":"article","og_title":"Kids club","og_description":"\u00a1El para\u00edso de los m\u00e1s peque\u00f1os! Nuestro Kids Club ofrece actividades para ni\u00f1os en el Algarve, juegos y diversi\u00f3n para que pasen unas vacaciones inolvidables.","og_url":"https:\/\/goldenclubcabanas.com\/es\/vacaciones-algarve\/animacion-infantil\/","og_site_name":"Golden Club Cabanas Aparthotel Algarve, Portugal","article_modified_time":"2026-03-19T16:31:43+00:00","og_image":[{"width":726,"height":768,"url":"https:\/\/goldenclubcabanas.com\/wp-content\/uploads\/2025\/10\/kids-club-galeria-inicial-1.webp","type":"image\/webp"}],"twitter_card":"summary_large_image","twitter_misc":{"Tiempo de lectura":"3 minutos"},"schema":{"@context":"https:\/\/schema.org","@graph":[{"@type":"WebPage","@id":"https:\/\/goldenclubcabanas.com\/es\/vacaciones-algarve\/animacion-infantil\/","url":"https:\/\/goldenclubcabanas.com\/es\/vacaciones-algarve\/animacion-infantil\/","name":"Kids Club - Actividades para ni\u00f1os en el Algarve","isPartOf":{"@id":"https:\/\/goldenclubcabanas.com\/en\/#website"},"primaryImageOfPage":{"@id":"https:\/\/goldenclubcabanas.com\/es\/vacaciones-algarve\/animacion-infantil\/#primaryimage"},"image":{"@id":"https:\/\/goldenclubcabanas.com\/es\/vacaciones-algarve\/animacion-infantil\/#primaryimage"},"thumbnailUrl":"https:\/\/goldenclubcabanas.com\/wp-content\/uploads\/2025\/10\/kids-club-galeria-inicial-1.webp","datePublished":"2025-05-02T09:43:29+00:00","dateModified":"2026-03-19T16:31:43+00:00","description":"\u00a1El para\u00edso de los m\u00e1s peque\u00f1os! Nuestro Kids Club ofrece actividades para ni\u00f1os en el Algarve, juegos y diversi\u00f3n para que pasen unas vacaciones inolvidables.","breadcrumb":{"@id":"https:\/\/goldenclubcabanas.com\/es\/vacaciones-algarve\/animacion-infantil\/#breadcrumb"},"inLanguage":"es","potentialAction":[{"@type":"ReadAction","target":["https:\/\/goldenclubcabanas.com\/es\/vacaciones-algarve\/animacion-infantil\/"]}]},{"@type":"ImageObject","inLanguage":"es","@id":"https:\/\/goldenclubcabanas.com\/es\/vacaciones-algarve\/animacion-infantil\/#primaryimage","url":"https:\/\/goldenclubcabanas.com\/wp-content\/uploads\/2025\/10\/kids-club-galeria-inicial-1.webp","contentUrl":"https:\/\/goldenclubcabanas.com\/wp-content\/uploads\/2025\/10\/kids-club-galeria-inicial-1.webp"},{"@type":"BreadcrumbList","@id":"https:\/\/goldenclubcabanas.com\/es\/vacaciones-algarve\/animacion-infantil\/#breadcrumb","itemListElement":[{"@type":"ListItem","position":1,"name":"In\u00edcio","item":"https:\/\/goldenclubcabanas.com\/es\/"},{"@type":"ListItem","position":2,"name":"Resort","item":"https:\/\/goldenclubcabanas.com\/es\/vacaciones-algarve\/"},{"@type":"ListItem","position":3,"name":"Kids club"}]},{"@type":"WebSite","@id":"https:\/\/goldenclubcabanas.com\/en\/#website","url":"https:\/\/goldenclubcabanas.com\/en\/","name":"Golden Club Cabanas","description":"","potentialAction":[{"@type":"SearchAction","target":{"@type":"EntryPoint","urlTemplate":"https:\/\/goldenclubcabanas.com\/en\/?s={search_term_string}"},"query-input":{"@type":"PropertyValueSpecification","valueRequired":true,"valueName":"search_term_string"}}],"inLanguage":"es"}]}},"_links":{"self":[{"href":"https:\/\/goldenclubcabanas.com\/es\/wp-json\/wp\/v2\/pages\/4531","targetHints":{"allow":["GET"]}}],"collection":[{"href":"https:\/\/goldenclubcabanas.com\/es\/wp-json\/wp\/v2\/pages"}],"about":[{"href":"https:\/\/goldenclubcabanas.com\/es\/wp-json\/wp\/v2\/types\/page"}],"author":[{"embeddable":true,"href":"https:\/\/goldenclubcabanas.com\/es\/wp-json\/wp\/v2\/users\/2"}],"replies":[{"embeddable":true,"href":"https:\/\/goldenclubcabanas.com\/es\/wp-json\/wp\/v2\/comments?post=4531"}],"version-history":[{"count":16,"href":"https:\/\/goldenclubcabanas.com\/es\/wp-json\/wp\/v2\/pages\/4531\/revisions"}],"predecessor-version":[{"id":7649,"href":"https:\/\/goldenclubcabanas.com\/es\/wp-json\/wp\/v2\/pages\/4531\/revisions\/7649"}],"up":[{"embeddable":true,"href":"https:\/\/goldenclubcabanas.com\/es\/wp-json\/wp\/v2\/pages\/4543"}],"wp:attachment":[{"href":"https:\/\/goldenclubcabanas.com\/es\/wp-json\/wp\/v2\/media?parent=4531"}],"curies":[{"name":"wp","href":"https:\/\/api.w.org\/{rel}","templated":true}]}}