{"id":4534,"date":"2025-04-24T07:36:49","date_gmt":"2025-04-24T07:36:49","guid":{"rendered":"https:\/\/goldenclubcabanas.com\/health-club\/"},"modified":"2026-02-11T16:22:53","modified_gmt":"2026-02-11T16:22:53","slug":"health-club","status":"publish","type":"page","link":"https:\/\/goldenclubcabanas.com\/es\/vacaciones-algarve\/health-club\/","title":{"rendered":"Health Club"},"content":{"rendered":"\n<div class=\"dng-hero-section gb-element-317fc747\">\n<div class=\"dng-content-section gb-element-3b99b281\">\n<h1 class=\"gb-text lg-font gb-text-354319e4\" data-aos=\"fade-up\" data-aos-anchor-placement=\"top-bottom\" data-aos-duration=\"1500\">Health Club<\/h1>\n\n\n\n<p class=\"gb-text gb-text-86710328 body1\" data-aos-anchor-placement=\"top-bottom\" data-aos=\"fade-up\" data-aos-duration=\"2000\">Disfrute de nuestro Health Club con piscina cubierta climatizada, sauna, ba\u00f1o turco, jacuzzi y gimnasio: un completo espacio de bienestar en el coraz\u00f3n de la R\u00eda Formosa.<\/p>\n<\/div>\n<\/div>\n\n\n\n<div class=\"dng-section-space\">\n<div class=\"dng-content-section no-overflow\">\n<h2 class=\"gb-text dng-mb-20 gb-text-f61c7d54 title1\" data-aos=\"fade-up\" data-aos-duration=\"1400\" data-aos-anchor-placement=\"center-bottom\">Hotel con piscina cubierta y gimnasio en el Algarve<\/h2>\n\n\n\n<p class=\"gb-text dng-mb-40 gb-text-c5f513b9 body2\" data-aos=\"fade-up\" data-aos-duration=\"1600\" data-aos-anchor-placement=\"center-bottom\">Golden Club Health &amp; Fitness ofrece una variedad de instalaciones deportivas y actividades para mantenerte en forma durante tus vacaciones.<\/p>\n\n\n\n<div class=\"dng-gap-24 gb-element-52e48081\">\n<div class=\"dng-col-3\">\n<figure class=\"wp-block-image size-full\"><img loading=\"lazy\" decoding=\"async\" width=\"356\" height=\"356\" src=\"https:\/\/goldenclubcabanas.com\/wp-content\/uploads\/2025\/06\/health-club-1.jpg\" alt=\"\" class=\"wp-image-2725\" srcset=\"https:\/\/goldenclubcabanas.com\/wp-content\/uploads\/2025\/06\/health-club-1.jpg 356w, https:\/\/goldenclubcabanas.com\/wp-content\/uploads\/2025\/06\/health-club-1-300x300.jpg 300w, https:\/\/goldenclubcabanas.com\/wp-content\/uploads\/2025\/06\/health-club-1-150x150.jpg 150w\" sizes=\"auto, (max-width: 356px) 100vw, 356px\" \/><\/figure>\n<\/div>\n\n\n\n<div class=\"dng-col-3\">\n<figure class=\"wp-block-image size-full\"><img loading=\"lazy\" decoding=\"async\" width=\"356\" height=\"356\" src=\"https:\/\/goldenclubcabanas.com\/wp-content\/uploads\/2025\/06\/health-club-2.jpg\" alt=\"\" class=\"wp-image-2729\" srcset=\"https:\/\/goldenclubcabanas.com\/wp-content\/uploads\/2025\/06\/health-club-2.jpg 356w, https:\/\/goldenclubcabanas.com\/wp-content\/uploads\/2025\/06\/health-club-2-300x300.jpg 300w, https:\/\/goldenclubcabanas.com\/wp-content\/uploads\/2025\/06\/health-club-2-150x150.jpg 150w\" sizes=\"auto, (max-width: 356px) 100vw, 356px\" \/><\/figure>\n<\/div>\n\n\n\n<div class=\"dng-col-3\">\n<figure class=\"wp-block-image size-full\"><img loading=\"lazy\" decoding=\"async\" width=\"356\" height=\"356\" src=\"https:\/\/goldenclubcabanas.com\/wp-content\/uploads\/2025\/06\/health-club-3.jpg\" alt=\"\" class=\"wp-image-2733\" srcset=\"https:\/\/goldenclubcabanas.com\/wp-content\/uploads\/2025\/06\/health-club-3.jpg 356w, https:\/\/goldenclubcabanas.com\/wp-content\/uploads\/2025\/06\/health-club-3-300x300.jpg 300w, https:\/\/goldenclubcabanas.com\/wp-content\/uploads\/2025\/06\/health-club-3-150x150.jpg 150w\" sizes=\"auto, (max-width: 356px) 100vw, 356px\" \/><\/figure>\n<\/div>\n<\/div>\n<\/div>\n<\/div>\n\n\n\n<div class=\"dng-section-space gb-element-7625d30c _rightOffset\">\n<div class=\"gb-element-9fe1508c\">\n<div class=\"max-730 gb-element-40cbc01d\">\n<div class=\"gb-element-9f2e41ed\">\n<div class=\"no-overflow gb-element-b069002e\">\n<figure class=\"wp-block-image size-full dng-img dng-img-546\"><img loading=\"lazy\" decoding=\"async\" width=\"356\" height=\"546\" src=\"https:\/\/goldenclubcabanas.com\/wp-content\/uploads\/2025\/10\/health-club-bem-estar-3.webp\" alt=\"\" class=\"wp-image-5978\" srcset=\"https:\/\/goldenclubcabanas.com\/wp-content\/uploads\/2025\/10\/health-club-bem-estar-3.webp 356w, https:\/\/goldenclubcabanas.com\/wp-content\/uploads\/2025\/10\/health-club-bem-estar-3-196x300.webp 196w\" sizes=\"auto, (max-width: 356px) 100vw, 356px\" \/><\/figure>\n<\/div>\n\n\n\n<div class=\"gb-element-b42d45a5\">\n<figure class=\"wp-block-image size-full dng-img dng-img-546\"><img loading=\"lazy\" decoding=\"async\" width=\"356\" height=\"546\" src=\"https:\/\/goldenclubcabanas.com\/wp-content\/uploads\/2025\/06\/health-club-bem-estar-1.jpg\" alt=\"\" class=\"wp-image-2737\" srcset=\"https:\/\/goldenclubcabanas.com\/wp-content\/uploads\/2025\/06\/health-club-bem-estar-1.jpg 356w, https:\/\/goldenclubcabanas.com\/wp-content\/uploads\/2025\/06\/health-club-bem-estar-1-196x300.jpg 196w\" sizes=\"auto, (max-width: 356px) 100vw, 356px\" \/><\/figure>\n<\/div>\n<\/div>\n<\/div>\n\n\n\n<div class=\"no-overflow gb-element-91d98a65\">\n<h2 class=\"gb-text gb-text-e2f33f52 title1\" data-aos=\"fade-up\" data-aos-delay=\"200\" data-aos-duration=\"800\" data-aos-anchor-placement=\"bottom-bottom\">Bienestar durante tus vacaciones<\/h2>\n\n\n\n<p class=\"gb-text body2\" data-aos=\"fade-up\" data-aos-duration=\"900\" data-aos-delay=\"300\" data-aos-anchor-placement=\"bottom-bottom\">Cu\u00eddate en el Golden Club Cabanas Health Club: aprovecha la piscina cubierta climatizada (de octubre a mayo), ideal para relajarte o participar en clases como aer\u00f3bic acu\u00e1tico, con jacuzzi incluido en el mismo espacio. Rel\u00e1jese a\u00fan m\u00e1s en las saunas y ba\u00f1os turcos, disponibles en los vestuarios. Reg\u00e1late un masaje: consulta horarios y precios en recepci\u00f3n. Para mantenerse en forma, nuestro gimnasio ofrece entrenamiento funcional, clases durante todo el a\u00f1o y, para aquellos que buscan un entrenamiento especializado, hay opciones de seguimiento con un entrenador personal.   <\/p>\n\n\n\n<p class=\"gb-text caption\" data-aos=\"fade-up\" data-aos-duration=\"900\" data-aos-delay=\"300\" data-aos-anchor-placement=\"bottom-bottom\"><strong>Nota:<\/strong> El acceso y uso del gimnasio cuesta 5,00 \u20ac por hu\u00e9sped \/ d\u00eda.<\/p>\n<\/div>\n<\/div>\n<\/div>\n\n\n\n<div class=\"no-overflow\">\n<figure class=\"wp-block-image size-large dng-img-full dng-img\"><img loading=\"lazy\" decoding=\"async\" width=\"1024\" height=\"339\" src=\"https:\/\/goldenclubcabanas.com\/wp-content\/uploads\/2025\/06\/health-club-separador-1024x339.jpg\" alt=\"\" class=\"wp-image-2745\" style=\"object-fit:cover\" srcset=\"https:\/\/goldenclubcabanas.com\/wp-content\/uploads\/2025\/06\/health-club-separador-1024x339.jpg 1024w, https:\/\/goldenclubcabanas.com\/wp-content\/uploads\/2025\/06\/health-club-separador-300x99.jpg 300w, https:\/\/goldenclubcabanas.com\/wp-content\/uploads\/2025\/06\/health-club-separador-768x254.jpg 768w, https:\/\/goldenclubcabanas.com\/wp-content\/uploads\/2025\/06\/health-club-separador.jpg 1440w\" sizes=\"auto, (max-width: 1024px) 100vw, 1024px\" \/><\/figure>\n<\/div>\n\n\n\n<div class=\"dng-section-space\">\n<div class=\"dng-content-section\">\n<div class=\"gb-element-87bea9a0\">\n<h2 class=\"gb-text gb-text-b1dbefb9\">Informaci\u00f3n detallada<\/h2>\n\n\n\n<div class=\"gb-element-b428e5ed\">\n<div class=\"gb-accordion\">\n<div class=\"gb-accordion__item dng-accord-icon-item gb-accordion__item-16eb53da\" data-aos=\"fade-up\" data-aos-duration=\"1600\" data-aos-anchor-placement=\"center-bottom\">\n<div role=\"button\" tabindex=\"0\" class=\"gb-accordion__toggle gb-accordion__toggle-c890f698\" id=\"gb-accordion-toggle-c890f698\">\n<a class=\"gb-text-191ab80f\"><span class=\"gb-shape\">\n<svg xmlns=\"http:\/\/www.w3.org\/2000\/svg\" width=\"24\" height=\"24\" viewBox=\"0 0 24 24\" fill=\"none\">\n<g clip-path=\"url(#clip0_902_1958)\">\n<path d=\"M10.5 5C11.878 5 13 3.879 13 2.5C13 1.121 11.878 0 10.5 0C9.122 0 8 1.121 8 2.5C8 3.879 9.122 5 10.5 5ZM10.5 1C11.327 1 12 1.673 12 2.5C12 3.327 11.327 4 10.5 4C9.673 4 9 3.327 9 2.5C9 1.673 9.673 1 10.5 1ZM3.83 19H0V18H3.17L3.861 16.387C3.974 16.473 4.078 16.568 4.201 16.645L4.708 16.948L3.829 18.999L3.83 19ZM23.035 8.317L21.981 11H18.001V12H21.589L17.661 22H11.002V17.217L7.831 15.32L10.612 8.799L12.539 12H16.001V11H13.104L10.823 7.211C10.374 6.464 9.553 6 8.681 6H3.032L1.212 9.641L2.107 10.088L3.65 7H6.275L4.241 11.861C3.78 12.985 4.19 14.273 5.228 14.928L10 17.782V21.999H0V22.999H2V23.999H3V22.999H15V23.999H16V22.999H18.341L23.966 8.682L23.035 8.317ZM5.752 14.077C5.136 13.687 4.889 12.915 5.165 12.244L7.359 7H8.679C9.184 7 9.656 7.263 9.931 7.684L6.952 14.795L5.752 14.077Z\" fill=\"#626262\"><\/path>\n<\/g>\n<defs>\n<clipPath id=\"clip0_902_1958\">\n<rect width=\"24\" height=\"24\" fill=\"white\"><\/rect>\n<\/clipPath>\n<\/defs>\n<\/svg>\n<\/span><\/a>\n\n\n\n<h4 class=\"gb-text gb-text-b5c262aa\">Equipos disponibles<\/h4>\n\n\n\n<span class=\"gb-accordion__toggle-icon gb-accordion__toggle-icon-f97f6b26\"><span class=\"gb-accordion__toggle-icon-open\">\n<svg xmlns=\"http:\/\/www.w3.org\/2000\/svg\" width=\"18\" height=\"18\" viewBox=\"0 0 18 18\" fill=\"none\">\n<path d=\"M9 17L9 1\" stroke=\"#1E1E1E\" stroke-width=\"1.54\" stroke-linecap=\"round\"><\/path>\n<path d=\"M1 9L17 9\" stroke=\"#1E1E1E\" stroke-width=\"1.54\" stroke-linecap=\"round\"><\/path>\n<\/svg>\n<\/span><span class=\"gb-accordion__toggle-icon-close\"><svg xmlns=\"http:\/\/www.w3.org\/2000\/svg\" width=\"24\" height=\"24\" viewBox=\"0 0 23 24\" fill=\"none\">\n<path d=\"M16.9704 17.6565L5.65674 6.34277\" stroke=\"#1E1E1E\" stroke-width=\"1.54\" stroke-linecap=\"round\"><\/path>\n<path d=\"M5.65699 17.6565L16.9707 6.34277\" stroke=\"#1E1E1E\" stroke-width=\"1.54\" stroke-linecap=\"round\"><\/path>\n<\/svg>\n<\/span><\/span>\n<\/div>\n\n\n\n<div class=\"gb-accordion__content\" id=\"gb-accordion-content-1e6d8199\">\n<div class=\"gb-element-3c52d4b2 body2 lineHeight40\">\n<ul class=\"wp-block-list\">\n<li>Piscina cubierta climatizada de octubre a mayo;<\/li>\n\n\n\n<li>Jacuzzi<\/li>\n\n\n\n<li>Sauna y ba\u00f1o turco<\/li>\n\n\n\n<li>Sala de ejercicios equipada con remo, bicicleta est\u00e1tica, cinta de correr, cinta el\u00edptica, press de banca, rack de sentadillas, pesas libres y otros tipos de resistencias<\/li>\n\n\n\n<li>Sala de masajes<\/li>\n<\/ul>\n<\/div>\n<\/div>\n<\/div>\n\n\n\n<div class=\"gb-accordion__item dng-accord-icon-item gb-accordion__item-f66bd550\" data-aos=\"fade-up\" data-aos-anchor-placement=\"center-bottom\" data-aos-duration=\"2000\">\n<div role=\"button\" tabindex=\"0\" class=\"gb-accordion__toggle gb-accordion__toggle-37ea7b0a\" id=\"gb-accordion-toggle-37ea7b0a\">\n<a class=\"gb-text-5f933c40\"><span class=\"gb-shape\">\n<svg xmlns=\"http:\/\/www.w3.org\/2000\/svg\" width=\"22\" height=\"22\" viewBox=\"0 0 22 22\" fill=\"none\">\n<g clip-path=\"url(#clip0_902_1956)\">\n<path d=\"M20.0631 9.27117C19.5864 9.20058 19.0208 9.16667 18.3333 9.16667C15.906 9.16667 13.9828 11.4052 13.343 12.2513C12.8058 12.0294 12.1807 11.8763 11.4473 11.8956C9.64975 11.9359 8.05017 12.8343 6.98317 13.6244C7.16833 12.8673 7.28475 12.001 7.33792 11C10.3684 10.9973 12.8324 8.53142 12.8324 5.5C12.8324 2.46858 10.3666 0 7.33333 0C4.30008 0 1.83333 2.46675 1.83333 5.5C1.83333 6.204 1.97083 6.875 2.21375 7.49467C0.895583 10.2144 0.00183333 13.2871 0 15.3551C0 16.4633 0.455583 17.5367 1.25308 18.2994C3.03875 20.0063 6.66233 22 11 22C15.2286 22 18.3425 20.9037 20.2098 19.9843C21.3143 19.4407 22 18.337 22 17.1041V11.5363C22 10.4069 21.1667 9.43342 20.0631 9.27025V9.27117ZM7.33333 0.916667C9.86058 0.916667 11.9167 2.97275 11.9167 5.5C11.9167 8.02725 9.86058 10.0833 7.33333 10.0833C4.80608 10.0833 2.75 8.02725 2.75 5.5C2.75 2.97275 4.80608 0.916667 7.33333 0.916667ZM21.0833 17.105C21.0833 17.9859 20.5938 18.7743 19.8046 19.162C18.0244 20.0392 15.0517 21.0833 11 21.0833C6.94833 21.0833 3.54933 19.2271 1.8865 17.6367C1.26042 17.0381 0.91575 16.2278 0.916667 15.356C0.9185 13.5722 1.62525 10.934 2.73167 8.503C3.55483 9.76067 4.87942 10.6581 6.41942 10.9175C6.32958 12.6408 6.05642 13.9324 5.55133 14.9151C5.54675 14.9243 5.5055 15.0892 5.5055 15.1167C5.5055 15.3725 5.66225 15.5806 5.95008 15.5806C5.95283 15.5806 6.16183 15.5824 6.29658 15.4358C6.32042 15.4101 8.69917 12.8737 11.4703 12.8113C13.5859 12.7627 14.6988 14.3935 14.7455 14.4632C14.8858 14.6731 15.1718 14.7272 15.3807 14.5887C15.5907 14.4485 15.6484 14.1652 15.5091 13.9553C15.4761 13.9068 15.0159 13.2495 14.1689 12.6885C14.806 11.8818 16.4368 10.0833 18.3352 10.0833C18.9677 10.0833 19.5048 10.1154 19.9302 10.1777C20.5893 10.274 21.0852 10.8588 21.0852 11.5363V17.1041L21.0833 17.105ZM7.33333 7.33333C8.34442 7.33333 9.16667 6.51108 9.16667 5.5C9.16667 4.48892 8.34442 3.66667 7.33333 3.66667C6.32225 3.66667 5.5 4.48892 5.5 5.5C5.5 6.51108 6.32225 7.33333 7.33333 7.33333ZM7.33333 4.58333C7.83842 4.58333 8.25 4.99492 8.25 5.5C8.25 6.00508 7.83842 6.41667 7.33333 6.41667C6.82825 6.41667 6.41667 6.00508 6.41667 5.5C6.41667 4.99492 6.82825 4.58333 7.33333 4.58333Z\" fill=\"#626262\"><\/path>\n<\/g>\n<defs>\n<clipPath id=\"clip0_902_1956\">\n<rect width=\"22\" height=\"22\" fill=\"white\"><\/rect>\n<\/clipPath>\n<\/defs>\n<\/svg>\n<\/span><\/a>\n\n\n\n<h4 class=\"gb-text gb-text-214e09d2\">Reglas de uso<\/h4>\n\n\n\n<span class=\"gb-accordion__toggle-icon gb-accordion__toggle-icon-3fc31dd0\"><span class=\"gb-accordion__toggle-icon-open\"><svg xmlns=\"http:\/\/www.w3.org\/2000\/svg\" width=\"18\" height=\"18\" viewBox=\"0 0 18 18\" fill=\"none\">\n<path d=\"M9 17L9 1\" stroke=\"#1E1E1E\" stroke-width=\"1.54\" stroke-linecap=\"round\"><\/path>\n<path d=\"M1 9L17 9\" stroke=\"#1E1E1E\" stroke-width=\"1.54\" stroke-linecap=\"round\"><\/path>\n<\/svg>\n<\/span><span class=\"gb-accordion__toggle-icon-close\"><svg xmlns=\"http:\/\/www.w3.org\/2000\/svg\" width=\"23\" height=\"24\" viewBox=\"0 0 23 24\" fill=\"none\">\n<path d=\"M16.9704 17.6565L5.65674 6.34277\" stroke=\"#1E1E1E\" stroke-width=\"1.54\" stroke-linecap=\"round\"><\/path>\n<path d=\"M5.65699 17.6565L16.9707 6.34277\" stroke=\"#1E1E1E\" stroke-width=\"1.54\" stroke-linecap=\"round\"><\/path>\n<\/svg>\n<\/span><\/span>\n<\/div>\n\n\n\n<div class=\"gb-accordion__content\" id=\"gb-accordion-content-6d8bd5f2\">\n<div class=\"gb-element-f87b61d4 body2 lineHeight40\">\n<ul class=\"wp-block-list\">\n<li>Acceso aut\u00f3nomo permitido a partir de los 18 a\u00f1os.<\/li>\n\n\n\n<li>Se permite el acceso a menores siempre que vayan acompa\u00f1ados de un adulto.<\/li>\n\n\n\n<li>Los empleados del Health Club pueden solicitar la Tarjeta de Ciudadano o el Pasaporte para verificar la edad.<\/li>\n\n\n\n<li>Est\u00e1 prohibido el uso de boyas y objetos flotantes grandes; Se permiten peque\u00f1as ayudas a la flotabilidad.<\/li>\n\n\n\n<li>No se permiten juegos de pelota ni otras actividades no programadas, excepto las previstas en el horario del Health Club.<\/li>\n\n\n\n<li>Uso obligatorio de gorra en la piscina y jacuzzi.<\/li>\n\n\n\n<li>Los beb\u00e9s y ni\u00f1os que usan pa\u00f1ales deben usar un traje de ba\u00f1o con un pa\u00f1al adecuado para piscinas.<\/li>\n\n\n\n<li>Sauna, ba\u00f1o turco y jacuzzi: Consulte las pautas espec\u00edficas antes de su uso.<\/li>\n\n\n\n<li>No se permiten cristaler\u00eda, alimentos ni bebidas alcoh\u00f3licas.<\/li>\n\n\n\n<li>El Health Club no se hace responsable de los da\u00f1os o robos de objetos personales.<\/li>\n\n\n\n<li>Cumplimiento de las reglas: El incumplimiento puede dar lugar a la solicitud de abandonar el lugar.<\/li>\n\n\n\n<li>Cambios: Las reglas pueden modificarse sin previo aviso.<\/li>\n<\/ul>\n<\/div>\n<\/div>\n<\/div>\n<\/div>\n<\/div>\n<\/div>\n<\/div>\n<\/div>\n\n\n\n<div class=\"gb-element-09f1b976\">\n<div class=\"no-overflow gb-element-ab5ce712\">\n<div class=\"gb-element-95099f9c\">\n<div class=\"gb-element-dbb3c607\">\n<div class=\"dng-img dng-img-500\">\n<figure class=\"wp-block-image size-full\"><img loading=\"lazy\" decoding=\"async\" width=\"870\" height=\"462\" src=\"https:\/\/goldenclubcabanas.com\/wp-content\/uploads\/2025\/06\/health-club-socios.jpg\" alt=\"\" class=\"wp-image-2749\" srcset=\"https:\/\/goldenclubcabanas.com\/wp-content\/uploads\/2025\/06\/health-club-socios.jpg 870w, https:\/\/goldenclubcabanas.com\/wp-content\/uploads\/2025\/06\/health-club-socios-300x159.jpg 300w, https:\/\/goldenclubcabanas.com\/wp-content\/uploads\/2025\/06\/health-club-socios-768x408.jpg 768w\" sizes=\"auto, (max-width: 870px) 100vw, 870px\" \/><\/figure>\n<\/div>\n<\/div>\n\n\n\n<div class=\"gb-element-11322a87 _rightOffset\">\n<h3 class=\"gb-text gb-text-136f2dac\">Condiciones especiales para miembros<\/h3>\n\n\n\n<p class=\"gb-text gb-text-e9e1d759 body2\">El Golden Club Health &amp; Fitness tambi\u00e9n tiene un programa de membres\u00eda para todos los residentes en el municipio de Tavira y municipios vecinos durante el a\u00f1o.<br>Vea m\u00e1s informaci\u00f3n sobre los paquetes que hemos preparado para usted.<\/p>\n\n\n\n<a class=\"dng-gpc-btn gb-text-be09efa7 button-text btn-gold-outline dng-button\" href=\"https:\/\/goldenclubcabanas.com\/es\/paquetes-para-afiliados\/\"><span class=\"gb-text\">Quiero saber m\u00e1s<\/span><span class=\"gb-shape\"><svg xmlns=\"http:\/\/www.w3.org\/2000\/svg\" width=\"50\" height=\"25\" viewBox=\"0 0 24 25\" fill=\"none\">\n<path d=\"M23.542 11.392L18.825 6.67505L18.118 7.38205L22.736 12H0V13H22.734L18.117 17.617L18.824 18.324L23.542 13.606C24.152 12.996 24.152 12.002 23.542 11.392Z\" fill=\"#1E1E1E\"><\/path>\n<\/svg>\n<\/span><\/a>\n<\/div>\n<\/div>\n<\/div>\n<\/div>\n","protected":false},"excerpt":{"rendered":"<p>Health Club Disfrute de nuestro Health Club con piscina cubierta climatizada, sauna, ba\u00f1o turco, jacuzzi y gimnasio: un completo espacio de bienestar en el coraz\u00f3n de la R\u00eda Formosa. Hotel con piscina cubierta y gimnasio en el Algarve Golden Club Health &amp; Fitness ofrece una variedad de instalaciones deportivas y actividades para mantenerte en forma &#8230; <a title=\"Health Club\" class=\"read-more\" href=\"https:\/\/goldenclubcabanas.com\/es\/vacaciones-algarve\/health-club\/\" aria-label=\"Leer m\u00e1s sobre Health Club\">Leer m\u00e1s<\/a><\/p>\n","protected":false},"author":2,"featured_media":0,"parent":4543,"menu_order":68,"comment_status":"closed","ping_status":"closed","template":"","meta":{"_acf_changed":false,"footnotes":""},"class_list":["post-4534","page","type-page","status-publish"],"acf":[],"yoast_head":"<!-- This site is optimized with the Yoast SEO Premium plugin v25.9 (Yoast SEO v25.9) - https:\/\/yoast.com\/wordpress\/plugins\/seo\/ -->\n<title>Health Club | Gimnasio y Spa en el Algarve | Golden Club Cabanas<\/title>\n<meta name=\"description\" content=\"Mant\u00e9ngase activo o rel\u00e1jese en nuestro Health Club. Equipado con gimnasio, piscina cubierta, sauna, ba\u00f1o turco y servicio de masajes.\" \/>\n<meta name=\"robots\" content=\"index, follow, max-snippet:-1, max-image-preview:large, max-video-preview:-1\" \/>\n<link rel=\"canonical\" href=\"https:\/\/goldenclubcabanas.com\/es\/vacaciones-algarve\/health-club\/\" \/>\n<meta property=\"og:locale\" content=\"es_ES\" \/>\n<meta property=\"og:type\" content=\"article\" \/>\n<meta property=\"og:title\" content=\"Health Club\" \/>\n<meta property=\"og:description\" content=\"Mant\u00e9ngase activo o rel\u00e1jese en nuestro Health Club. Equipado con gimnasio, piscina cubierta, sauna, ba\u00f1o turco y servicio de masajes.\" \/>\n<meta property=\"og:url\" content=\"https:\/\/goldenclubcabanas.com\/es\/vacaciones-algarve\/health-club\/\" \/>\n<meta property=\"og:site_name\" content=\"Golden Club Cabanas Aparthotel Algarve, Portugal\" \/>\n<meta property=\"article:modified_time\" content=\"2026-02-11T16:22:53+00:00\" \/>\n<meta property=\"og:image\" content=\"https:\/\/goldenclubcabanas.com\/wp-content\/uploads\/2025\/06\/health-club-1.jpg\" \/>\n\t<meta property=\"og:image:width\" content=\"356\" \/>\n\t<meta property=\"og:image:height\" content=\"356\" \/>\n\t<meta property=\"og:image:type\" content=\"image\/jpeg\" \/>\n<meta name=\"twitter:card\" content=\"summary_large_image\" \/>\n<meta name=\"twitter:label1\" content=\"Tiempo de lectura\" \/>\n\t<meta name=\"twitter:data1\" content=\"4 minutos\" \/>\n<script type=\"application\/ld+json\" class=\"yoast-schema-graph\">{\"@context\":\"https:\/\/schema.org\",\"@graph\":[{\"@type\":\"WebPage\",\"@id\":\"https:\/\/goldenclubcabanas.com\/es\/vacaciones-algarve\/health-club\/\",\"url\":\"https:\/\/goldenclubcabanas.com\/es\/vacaciones-algarve\/health-club\/\",\"name\":\"Health Club | Gimnasio y Spa en el Algarve | Golden Club Cabanas\",\"isPartOf\":{\"@id\":\"https:\/\/goldenclubcabanas.com\/en\/#website\"},\"primaryImageOfPage\":{\"@id\":\"https:\/\/goldenclubcabanas.com\/es\/vacaciones-algarve\/health-club\/#primaryimage\"},\"image\":{\"@id\":\"https:\/\/goldenclubcabanas.com\/es\/vacaciones-algarve\/health-club\/#primaryimage\"},\"thumbnailUrl\":\"https:\/\/goldenclubcabanas.com\/wp-content\/uploads\/2025\/06\/health-club-1.jpg\",\"datePublished\":\"2025-04-24T07:36:49+00:00\",\"dateModified\":\"2026-02-11T16:22:53+00:00\",\"description\":\"Mant\u00e9ngase activo o rel\u00e1jese en nuestro Health Club. Equipado con gimnasio, piscina cubierta, sauna, ba\u00f1o turco y servicio de masajes.\",\"breadcrumb\":{\"@id\":\"https:\/\/goldenclubcabanas.com\/es\/vacaciones-algarve\/health-club\/#breadcrumb\"},\"inLanguage\":\"es\",\"potentialAction\":[{\"@type\":\"ReadAction\",\"target\":[\"https:\/\/goldenclubcabanas.com\/es\/vacaciones-algarve\/health-club\/\"]}]},{\"@type\":\"ImageObject\",\"inLanguage\":\"es\",\"@id\":\"https:\/\/goldenclubcabanas.com\/es\/vacaciones-algarve\/health-club\/#primaryimage\",\"url\":\"https:\/\/goldenclubcabanas.com\/wp-content\/uploads\/2025\/06\/health-club-1.jpg\",\"contentUrl\":\"https:\/\/goldenclubcabanas.com\/wp-content\/uploads\/2025\/06\/health-club-1.jpg\"},{\"@type\":\"BreadcrumbList\",\"@id\":\"https:\/\/goldenclubcabanas.com\/es\/vacaciones-algarve\/health-club\/#breadcrumb\",\"itemListElement\":[{\"@type\":\"ListItem\",\"position\":1,\"name\":\"In\u00edcio\",\"item\":\"https:\/\/goldenclubcabanas.com\/es\/\"},{\"@type\":\"ListItem\",\"position\":2,\"name\":\"Resort\",\"item\":\"https:\/\/goldenclubcabanas.com\/es\/vacaciones-algarve\/\"},{\"@type\":\"ListItem\",\"position\":3,\"name\":\"Health Club\"}]},{\"@type\":\"WebSite\",\"@id\":\"https:\/\/goldenclubcabanas.com\/en\/#website\",\"url\":\"https:\/\/goldenclubcabanas.com\/en\/\",\"name\":\"Golden Club Cabanas\",\"description\":\"\",\"potentialAction\":[{\"@type\":\"SearchAction\",\"target\":{\"@type\":\"EntryPoint\",\"urlTemplate\":\"https:\/\/goldenclubcabanas.com\/en\/?s={search_term_string}\"},\"query-input\":{\"@type\":\"PropertyValueSpecification\",\"valueRequired\":true,\"valueName\":\"search_term_string\"}}],\"inLanguage\":\"es\"}]}<\/script>\n<!-- \/ Yoast SEO Premium plugin. -->","yoast_head_json":{"title":"Health Club | Gimnasio y Spa en el Algarve | Golden Club Cabanas","description":"Mant\u00e9ngase activo o rel\u00e1jese en nuestro Health Club. Equipado con gimnasio, piscina cubierta, sauna, ba\u00f1o turco y servicio de masajes.","robots":{"index":"index","follow":"follow","max-snippet":"max-snippet:-1","max-image-preview":"max-image-preview:large","max-video-preview":"max-video-preview:-1"},"canonical":"https:\/\/goldenclubcabanas.com\/es\/vacaciones-algarve\/health-club\/","og_locale":"es_ES","og_type":"article","og_title":"Health Club","og_description":"Mant\u00e9ngase activo o rel\u00e1jese en nuestro Health Club. Equipado con gimnasio, piscina cubierta, sauna, ba\u00f1o turco y servicio de masajes.","og_url":"https:\/\/goldenclubcabanas.com\/es\/vacaciones-algarve\/health-club\/","og_site_name":"Golden Club Cabanas Aparthotel Algarve, Portugal","article_modified_time":"2026-02-11T16:22:53+00:00","og_image":[{"width":356,"height":356,"url":"https:\/\/goldenclubcabanas.com\/wp-content\/uploads\/2025\/06\/health-club-1.jpg","type":"image\/jpeg"}],"twitter_card":"summary_large_image","twitter_misc":{"Tiempo de lectura":"4 minutos"},"schema":{"@context":"https:\/\/schema.org","@graph":[{"@type":"WebPage","@id":"https:\/\/goldenclubcabanas.com\/es\/vacaciones-algarve\/health-club\/","url":"https:\/\/goldenclubcabanas.com\/es\/vacaciones-algarve\/health-club\/","name":"Health Club | Gimnasio y Spa en el Algarve | Golden Club Cabanas","isPartOf":{"@id":"https:\/\/goldenclubcabanas.com\/en\/#website"},"primaryImageOfPage":{"@id":"https:\/\/goldenclubcabanas.com\/es\/vacaciones-algarve\/health-club\/#primaryimage"},"image":{"@id":"https:\/\/goldenclubcabanas.com\/es\/vacaciones-algarve\/health-club\/#primaryimage"},"thumbnailUrl":"https:\/\/goldenclubcabanas.com\/wp-content\/uploads\/2025\/06\/health-club-1.jpg","datePublished":"2025-04-24T07:36:49+00:00","dateModified":"2026-02-11T16:22:53+00:00","description":"Mant\u00e9ngase activo o rel\u00e1jese en nuestro Health Club. Equipado con gimnasio, piscina cubierta, sauna, ba\u00f1o turco y servicio de masajes.","breadcrumb":{"@id":"https:\/\/goldenclubcabanas.com\/es\/vacaciones-algarve\/health-club\/#breadcrumb"},"inLanguage":"es","potentialAction":[{"@type":"ReadAction","target":["https:\/\/goldenclubcabanas.com\/es\/vacaciones-algarve\/health-club\/"]}]},{"@type":"ImageObject","inLanguage":"es","@id":"https:\/\/goldenclubcabanas.com\/es\/vacaciones-algarve\/health-club\/#primaryimage","url":"https:\/\/goldenclubcabanas.com\/wp-content\/uploads\/2025\/06\/health-club-1.jpg","contentUrl":"https:\/\/goldenclubcabanas.com\/wp-content\/uploads\/2025\/06\/health-club-1.jpg"},{"@type":"BreadcrumbList","@id":"https:\/\/goldenclubcabanas.com\/es\/vacaciones-algarve\/health-club\/#breadcrumb","itemListElement":[{"@type":"ListItem","position":1,"name":"In\u00edcio","item":"https:\/\/goldenclubcabanas.com\/es\/"},{"@type":"ListItem","position":2,"name":"Resort","item":"https:\/\/goldenclubcabanas.com\/es\/vacaciones-algarve\/"},{"@type":"ListItem","position":3,"name":"Health Club"}]},{"@type":"WebSite","@id":"https:\/\/goldenclubcabanas.com\/en\/#website","url":"https:\/\/goldenclubcabanas.com\/en\/","name":"Golden Club Cabanas","description":"","potentialAction":[{"@type":"SearchAction","target":{"@type":"EntryPoint","urlTemplate":"https:\/\/goldenclubcabanas.com\/en\/?s={search_term_string}"},"query-input":{"@type":"PropertyValueSpecification","valueRequired":true,"valueName":"search_term_string"}}],"inLanguage":"es"}]}},"_links":{"self":[{"href":"https:\/\/goldenclubcabanas.com\/es\/wp-json\/wp\/v2\/pages\/4534","targetHints":{"allow":["GET"]}}],"collection":[{"href":"https:\/\/goldenclubcabanas.com\/es\/wp-json\/wp\/v2\/pages"}],"about":[{"href":"https:\/\/goldenclubcabanas.com\/es\/wp-json\/wp\/v2\/types\/page"}],"author":[{"embeddable":true,"href":"https:\/\/goldenclubcabanas.com\/es\/wp-json\/wp\/v2\/users\/2"}],"replies":[{"embeddable":true,"href":"https:\/\/goldenclubcabanas.com\/es\/wp-json\/wp\/v2\/comments?post=4534"}],"version-history":[{"count":6,"href":"https:\/\/goldenclubcabanas.com\/es\/wp-json\/wp\/v2\/pages\/4534\/revisions"}],"predecessor-version":[{"id":7580,"href":"https:\/\/goldenclubcabanas.com\/es\/wp-json\/wp\/v2\/pages\/4534\/revisions\/7580"}],"up":[{"embeddable":true,"href":"https:\/\/goldenclubcabanas.com\/es\/wp-json\/wp\/v2\/pages\/4543"}],"wp:attachment":[{"href":"https:\/\/goldenclubcabanas.com\/es\/wp-json\/wp\/v2\/media?parent=4534"}],"curies":[{"name":"wp","href":"https:\/\/api.w.org\/{rel}","templated":true}]}}