{"id":4540,"date":"2025-04-23T07:33:41","date_gmt":"2025-04-23T07:33:41","guid":{"rendered":"https:\/\/goldenclubcabanas.com\/praia\/"},"modified":"2025-10-14T13:07:34","modified_gmt":"2025-10-14T13:07:34","slug":"playa-cabanas-tavira","status":"publish","type":"page","link":"https:\/\/goldenclubcabanas.com\/es\/vacaciones-algarve\/playa-cabanas-tavira\/","title":{"rendered":"Playa"},"content":{"rendered":"\n<div class=\"dng-hero-section gb-element-46afd053\">\n<div class=\"dng-content-section gb-element-399894b7\">\n<h1 class=\"gb-text lg-font gb-text-092fc453\" data-aos=\"fade-up\" data-aos-anchor-placement=\"top-bottom\" data-aos-duration=\"1500\">Playa de Cabanas de Tavira<\/h1>\n\n\n\n<p class=\"gb-text gb-text-ef0676c9 body1\" data-aos-anchor-placement=\"top-bottom\" data-aos=\"fade-up\" data-aos-duration=\"2000\">Frente al Golden Club se encuentra la playa de Cabanas de Tavira, ubicada en una isla paradis\u00edaca casi desierta.<\/p>\n<\/div>\n<\/div>\n\n\n\n<div class=\"dng-section-space\">\n<div class=\"dng-content-section no-overflow\">\n<h2 class=\"gb-text gb-text-4153cbdb title1\" data-aos=\"fade-up\" data-aos-duration=\"1000\" data-aos-anchor-placement=\"center-bottom\">Una isla casi desierta<\/h2>\n\n\n\n<p class=\"gb-text gb-text-64fc80d4 body2\" data-aos=\"fade-up\" data-aos-duration=\"1400\" data-aos-anchor-placement=\"center-bottom\">Disfrute de momentos de pura relajaci\u00f3n bajo el sol en la playa de Cabanas de Tavira, donde la arena dorada y las aguas tranquilas y suaves crean el escenario perfecto para unas vacaciones inolvidables. Con una extensa playa de arena de 7 km, este es el lugar ideal para dar largos paseos, ba\u00f1os refrescantes, momentos de tranquilidad o simplemente para disfrutar del paisaje circundante. <br><br>Cuando baja la marea, es un amplio espacio de diversi\u00f3n donde ni\u00f1os, j\u00f3venes y adultos pueden correr, jugar a la pelota, jugar con raquetas o dejar volar su imaginaci\u00f3n construyendo castillos de arena.<\/p>\n\n\n\n<div class=\"gb-element-2db18b47\" data-aos=\"fade-up\" data-aos-duration=\"1600\" data-aos-anchor-placement=\"center-bottom\">\n<figure class=\"wp-block-embed is-type-video is-provider-youtube wp-block-embed-youtube wp-embed-aspect-16-9 wp-has-aspect-ratio\"><div class=\"wp-block-embed__wrapper\">\n<iframe loading=\"lazy\" title=\"Golden Club Cabanas | Praia de Cabanas - Cabanas Beach\" width=\"1200\" height=\"675\" src=\"https:\/\/www.youtube.com\/embed\/7LlQhggGFrw?start=1&#038;feature=oembed\" frameborder=\"0\" allow=\"accelerometer; autoplay; clipboard-write; encrypted-media; gyroscope; picture-in-picture; web-share\" referrerpolicy=\"strict-origin-when-cross-origin\" allowfullscreen><\/iframe>\n<\/div><\/figure>\n\n\n\n<img decoding=\"async\" class=\"gb-media-4767d524\" src=\"https:\/\/goldenclubcabanas.com\/wp-content\/uploads\/2025\/03\/Group-3.svg\" title=\"Group 3\"\/>\n<\/div>\n<\/div>\n<\/div>\n\n\n\r\n<div id=\"dng-c-images-slider-block_b78e2fb3a15538d68d5857a1afff4360\" class=\"dng-c-images-slider gcc-section-space\">\r\n            <div class=\"dng-content-section\">\r\n            <div class=\"dng-imgSlider_content overflow-none\">\r\n                                    <h2 class=\"title1\" data-aos=\"fade-up\" data-aos-duration=\"2000\" data-aos-anchor-placement=\"center-bottom\">  Acceso exclusivo al barco para nuestros hu\u00e9spedes<\/h2>\r\n                                    <p class=\"body2\" data-aos=\"fade-up\" data-aos-duration=\"2200\" data-aos-anchor-placement=\"center-bottom\">Cruza la r\u00eda a bordo de uno de nuestros barcos y contin\u00faa a pie hasta la playa de Cabanas de Tavira Poente, disfrutando del paisaje \u00fanico y la observaci\u00f3n de aves de la R\u00eda Formosa. Para los amantes de la naturaleza y aquellos que buscan tranquilidad lejos de las multitudes, la playa de Cabanas de Tavira Poente es un verdadero para\u00edso, una de las mejores playas para relajarse en armon\u00eda con la naturaleza.<\/p>\r\n                            <\/div>\r\n        <\/div>\r\n                <div class=\"dngImages_slider _leftOffset owl-carousel owl-theme\">\r\n                            <div class=\"dngImages_slider-item\">\r\n                    <img loading=\"lazy\" decoding=\"async\" width=\"712\" height=\"768\" src=\"https:\/\/goldenclubcabanas.com\/wp-content\/uploads\/2025\/10\/praia-galeria-3.webp\" class=\"attachment-full size-full\" alt=\"\" srcset=\"https:\/\/goldenclubcabanas.com\/wp-content\/uploads\/2025\/10\/praia-galeria-3.webp 712w, https:\/\/goldenclubcabanas.com\/wp-content\/uploads\/2025\/10\/praia-galeria-3-278x300.webp 278w\" sizes=\"auto, (max-width: 712px) 100vw, 712px\" \/>                <\/div>\r\n                            <div class=\"dngImages_slider-item\">\r\n                    <img loading=\"lazy\" decoding=\"async\" width=\"712\" height=\"768\" src=\"https:\/\/goldenclubcabanas.com\/wp-content\/uploads\/2025\/10\/praia-galeria-2.webp\" class=\"attachment-full size-full\" alt=\"\" srcset=\"https:\/\/goldenclubcabanas.com\/wp-content\/uploads\/2025\/10\/praia-galeria-2.webp 712w, https:\/\/goldenclubcabanas.com\/wp-content\/uploads\/2025\/10\/praia-galeria-2-278x300.webp 278w\" sizes=\"auto, (max-width: 712px) 100vw, 712px\" \/>                <\/div>\r\n                            <div class=\"dngImages_slider-item\">\r\n                    <img loading=\"lazy\" decoding=\"async\" width=\"712\" height=\"768\" src=\"https:\/\/goldenclubcabanas.com\/wp-content\/uploads\/2025\/10\/praia-galeria-6.webp\" class=\"attachment-full size-full\" alt=\"\" srcset=\"https:\/\/goldenclubcabanas.com\/wp-content\/uploads\/2025\/10\/praia-galeria-6.webp 712w, https:\/\/goldenclubcabanas.com\/wp-content\/uploads\/2025\/10\/praia-galeria-6-278x300.webp 278w\" sizes=\"auto, (max-width: 712px) 100vw, 712px\" \/>                <\/div>\r\n                            <div class=\"dngImages_slider-item\">\r\n                    <img loading=\"lazy\" decoding=\"async\" width=\"712\" height=\"768\" src=\"https:\/\/goldenclubcabanas.com\/wp-content\/uploads\/2025\/10\/praia-galeria-4.webp\" class=\"attachment-full size-full\" alt=\"\" srcset=\"https:\/\/goldenclubcabanas.com\/wp-content\/uploads\/2025\/10\/praia-galeria-4.webp 712w, https:\/\/goldenclubcabanas.com\/wp-content\/uploads\/2025\/10\/praia-galeria-4-278x300.webp 278w\" sizes=\"auto, (max-width: 712px) 100vw, 712px\" \/>                <\/div>\r\n                            <div class=\"dngImages_slider-item\">\r\n                    <img loading=\"lazy\" decoding=\"async\" width=\"712\" height=\"768\" src=\"https:\/\/goldenclubcabanas.com\/wp-content\/uploads\/2025\/10\/praia-galeria-5.webp\" class=\"attachment-full size-full\" alt=\"\" srcset=\"https:\/\/goldenclubcabanas.com\/wp-content\/uploads\/2025\/10\/praia-galeria-5.webp 712w, https:\/\/goldenclubcabanas.com\/wp-content\/uploads\/2025\/10\/praia-galeria-5-278x300.webp 278w\" sizes=\"auto, (max-width: 712px) 100vw, 712px\" \/>                <\/div>\r\n                            <div class=\"dngImages_slider-item\">\r\n                    <img loading=\"lazy\" decoding=\"async\" width=\"712\" height=\"768\" src=\"https:\/\/goldenclubcabanas.com\/wp-content\/uploads\/2025\/10\/praia-galeria-1.webp\" class=\"attachment-full size-full\" alt=\"\" srcset=\"https:\/\/goldenclubcabanas.com\/wp-content\/uploads\/2025\/10\/praia-galeria-1.webp 712w, https:\/\/goldenclubcabanas.com\/wp-content\/uploads\/2025\/10\/praia-galeria-1-278x300.webp 278w\" sizes=\"auto, (max-width: 712px) 100vw, 712px\" \/>                <\/div>\r\n                    <\/div>\r\n    <\/div>\n\n\n<div class=\"gb-element-f2efb36c\">\n<div class=\"dng-content-section no-overflow gb-element-b7c751a4\">\n<div class=\"gb-element-6fc2097b\">\n<div class=\"gb-element-044a9bc2\">\n<figure class=\"wp-block-image size-full\"><img loading=\"lazy\" decoding=\"async\" width=\"747\" height=\"389\" src=\"https:\/\/goldenclubcabanas.com\/wp-content\/uploads\/2025\/05\/notas.jpg\" alt=\"\" class=\"wp-image-2709\" srcset=\"https:\/\/goldenclubcabanas.com\/wp-content\/uploads\/2025\/05\/notas.jpg 747w, https:\/\/goldenclubcabanas.com\/wp-content\/uploads\/2025\/05\/notas-300x156.jpg 300w\" sizes=\"auto, (max-width: 747px) 100vw, 747px\" \/><\/figure>\n<\/div>\n\n\n\n<div class=\"gb-element-ce408b26\">\n<h3 class=\"gb-text gb-text-35054751\">Nota en la playa<\/h3>\n\n\n\n<p class=\"gb-text body2\">Debido a que estamos en medio del Parque Natural de la R\u00eda Formosa, no podemos tener un bar y ba\u00f1os en la playa. Si lo prefiere, puede seguir la pasarela a lo largo de la orilla del r\u00edo hasta el otro lado de Cabanas y tomar otro bote no exclusivo para disfrutar de tales comodidades. <\/p>\n<\/div>\n<\/div>\n<\/div>\n<\/div>\n","protected":false},"excerpt":{"rendered":"<p>Playa de Cabanas de Tavira Frente al Golden Club se encuentra la playa de Cabanas de Tavira, ubicada en una isla paradis\u00edaca casi desierta. Una isla casi desierta Disfrute de momentos de pura relajaci\u00f3n bajo el sol en la playa de Cabanas de Tavira, donde la arena dorada y las aguas tranquilas y suaves crean &#8230; <a title=\"Playa\" class=\"read-more\" href=\"https:\/\/goldenclubcabanas.com\/es\/vacaciones-algarve\/playa-cabanas-tavira\/\" aria-label=\"Leer m\u00e1s sobre Playa\">Leer m\u00e1s<\/a><\/p>\n","protected":false},"author":2,"featured_media":0,"parent":4543,"menu_order":97,"comment_status":"closed","ping_status":"closed","template":"","meta":{"_acf_changed":false,"footnotes":""},"class_list":["post-4540","page","type-page","status-publish"],"acf":[],"yoast_head":"<!-- This site is optimized with the Yoast SEO Premium plugin v25.9 (Yoast SEO v25.9) - https:\/\/yoast.com\/wordpress\/plugins\/seo\/ -->\n<title>Acceso a la playa de Cabanas de Tavira | Golden Club Cabanas<\/title>\n<meta name=\"description\" content=\"A pocos minutos en barco, descubra la arena dorada de la playa de Cabanas de Tavira. Transporte gratuito exclusivo para hu\u00e9spedes.\" \/>\n<meta name=\"robots\" content=\"index, follow, max-snippet:-1, max-image-preview:large, max-video-preview:-1\" \/>\n<link rel=\"canonical\" href=\"https:\/\/goldenclubcabanas.com\/es\/vacaciones-algarve\/playa-cabanas-tavira\/\" \/>\n<meta property=\"og:locale\" content=\"es_ES\" \/>\n<meta property=\"og:type\" content=\"article\" \/>\n<meta property=\"og:title\" content=\"Playa\" \/>\n<meta property=\"og:description\" content=\"A pocos minutos en barco, descubra la arena dorada de la playa de Cabanas de Tavira. Transporte gratuito exclusivo para hu\u00e9spedes.\" \/>\n<meta property=\"og:url\" content=\"https:\/\/goldenclubcabanas.com\/es\/vacaciones-algarve\/playa-cabanas-tavira\/\" \/>\n<meta property=\"og:site_name\" content=\"Golden Club Cabanas Aparthotel Algarve, Portugal\" \/>\n<meta property=\"article:modified_time\" content=\"2025-10-14T13:07:34+00:00\" \/>\n<meta property=\"og:image\" content=\"https:\/\/goldenclubcabanas.com\/wp-content\/uploads\/2025\/03\/Group-3.svg\" \/>\n<meta name=\"twitter:card\" content=\"summary_large_image\" \/>\n<meta name=\"twitter:label1\" content=\"Tiempo de lectura\" \/>\n\t<meta name=\"twitter:data1\" content=\"2 minutos\" \/>\n<script type=\"application\/ld+json\" class=\"yoast-schema-graph\">{\"@context\":\"https:\/\/schema.org\",\"@graph\":[{\"@type\":\"WebPage\",\"@id\":\"https:\/\/goldenclubcabanas.com\/es\/vacaciones-algarve\/playa-cabanas-tavira\/\",\"url\":\"https:\/\/goldenclubcabanas.com\/es\/vacaciones-algarve\/playa-cabanas-tavira\/\",\"name\":\"Acceso a la playa de Cabanas de Tavira | Golden Club Cabanas\",\"isPartOf\":{\"@id\":\"https:\/\/goldenclubcabanas.com\/en\/#website\"},\"primaryImageOfPage\":{\"@id\":\"https:\/\/goldenclubcabanas.com\/es\/vacaciones-algarve\/playa-cabanas-tavira\/#primaryimage\"},\"image\":{\"@id\":\"https:\/\/goldenclubcabanas.com\/es\/vacaciones-algarve\/playa-cabanas-tavira\/#primaryimage\"},\"thumbnailUrl\":\"https:\/\/goldenclubcabanas.com\/wp-content\/uploads\/2025\/03\/Group-3.svg\",\"datePublished\":\"2025-04-23T07:33:41+00:00\",\"dateModified\":\"2025-10-14T13:07:34+00:00\",\"description\":\"A pocos minutos en barco, descubra la arena dorada de la playa de Cabanas de Tavira. Transporte gratuito exclusivo para hu\u00e9spedes.\",\"breadcrumb\":{\"@id\":\"https:\/\/goldenclubcabanas.com\/es\/vacaciones-algarve\/playa-cabanas-tavira\/#breadcrumb\"},\"inLanguage\":\"es\",\"potentialAction\":[{\"@type\":\"ReadAction\",\"target\":[\"https:\/\/goldenclubcabanas.com\/es\/vacaciones-algarve\/playa-cabanas-tavira\/\"]}]},{\"@type\":\"ImageObject\",\"inLanguage\":\"es\",\"@id\":\"https:\/\/goldenclubcabanas.com\/es\/vacaciones-algarve\/playa-cabanas-tavira\/#primaryimage\",\"url\":\"https:\/\/goldenclubcabanas.com\/wp-content\/uploads\/2025\/03\/Group-3.svg\",\"contentUrl\":\"https:\/\/goldenclubcabanas.com\/wp-content\/uploads\/2025\/03\/Group-3.svg\"},{\"@type\":\"BreadcrumbList\",\"@id\":\"https:\/\/goldenclubcabanas.com\/es\/vacaciones-algarve\/playa-cabanas-tavira\/#breadcrumb\",\"itemListElement\":[{\"@type\":\"ListItem\",\"position\":1,\"name\":\"In\u00edcio\",\"item\":\"https:\/\/goldenclubcabanas.com\/es\/\"},{\"@type\":\"ListItem\",\"position\":2,\"name\":\"Resort\",\"item\":\"https:\/\/goldenclubcabanas.com\/es\/vacaciones-algarve\/\"},{\"@type\":\"ListItem\",\"position\":3,\"name\":\"Playa\"}]},{\"@type\":\"WebSite\",\"@id\":\"https:\/\/goldenclubcabanas.com\/en\/#website\",\"url\":\"https:\/\/goldenclubcabanas.com\/en\/\",\"name\":\"Golden Club Cabanas\",\"description\":\"\",\"potentialAction\":[{\"@type\":\"SearchAction\",\"target\":{\"@type\":\"EntryPoint\",\"urlTemplate\":\"https:\/\/goldenclubcabanas.com\/en\/?s={search_term_string}\"},\"query-input\":{\"@type\":\"PropertyValueSpecification\",\"valueRequired\":true,\"valueName\":\"search_term_string\"}}],\"inLanguage\":\"es\"}]}<\/script>\n<!-- \/ Yoast SEO Premium plugin. -->","yoast_head_json":{"title":"Acceso a la playa de Cabanas de Tavira | Golden Club Cabanas","description":"A pocos minutos en barco, descubra la arena dorada de la playa de Cabanas de Tavira. Transporte gratuito exclusivo para hu\u00e9spedes.","robots":{"index":"index","follow":"follow","max-snippet":"max-snippet:-1","max-image-preview":"max-image-preview:large","max-video-preview":"max-video-preview:-1"},"canonical":"https:\/\/goldenclubcabanas.com\/es\/vacaciones-algarve\/playa-cabanas-tavira\/","og_locale":"es_ES","og_type":"article","og_title":"Playa","og_description":"A pocos minutos en barco, descubra la arena dorada de la playa de Cabanas de Tavira. Transporte gratuito exclusivo para hu\u00e9spedes.","og_url":"https:\/\/goldenclubcabanas.com\/es\/vacaciones-algarve\/playa-cabanas-tavira\/","og_site_name":"Golden Club Cabanas Aparthotel Algarve, Portugal","article_modified_time":"2025-10-14T13:07:34+00:00","og_image":[{"url":"https:\/\/goldenclubcabanas.com\/wp-content\/uploads\/2025\/03\/Group-3.svg","type":"","width":"","height":""}],"twitter_card":"summary_large_image","twitter_misc":{"Tiempo de lectura":"2 minutos"},"schema":{"@context":"https:\/\/schema.org","@graph":[{"@type":"WebPage","@id":"https:\/\/goldenclubcabanas.com\/es\/vacaciones-algarve\/playa-cabanas-tavira\/","url":"https:\/\/goldenclubcabanas.com\/es\/vacaciones-algarve\/playa-cabanas-tavira\/","name":"Acceso a la playa de Cabanas de Tavira | Golden Club Cabanas","isPartOf":{"@id":"https:\/\/goldenclubcabanas.com\/en\/#website"},"primaryImageOfPage":{"@id":"https:\/\/goldenclubcabanas.com\/es\/vacaciones-algarve\/playa-cabanas-tavira\/#primaryimage"},"image":{"@id":"https:\/\/goldenclubcabanas.com\/es\/vacaciones-algarve\/playa-cabanas-tavira\/#primaryimage"},"thumbnailUrl":"https:\/\/goldenclubcabanas.com\/wp-content\/uploads\/2025\/03\/Group-3.svg","datePublished":"2025-04-23T07:33:41+00:00","dateModified":"2025-10-14T13:07:34+00:00","description":"A pocos minutos en barco, descubra la arena dorada de la playa de Cabanas de Tavira. Transporte gratuito exclusivo para hu\u00e9spedes.","breadcrumb":{"@id":"https:\/\/goldenclubcabanas.com\/es\/vacaciones-algarve\/playa-cabanas-tavira\/#breadcrumb"},"inLanguage":"es","potentialAction":[{"@type":"ReadAction","target":["https:\/\/goldenclubcabanas.com\/es\/vacaciones-algarve\/playa-cabanas-tavira\/"]}]},{"@type":"ImageObject","inLanguage":"es","@id":"https:\/\/goldenclubcabanas.com\/es\/vacaciones-algarve\/playa-cabanas-tavira\/#primaryimage","url":"https:\/\/goldenclubcabanas.com\/wp-content\/uploads\/2025\/03\/Group-3.svg","contentUrl":"https:\/\/goldenclubcabanas.com\/wp-content\/uploads\/2025\/03\/Group-3.svg"},{"@type":"BreadcrumbList","@id":"https:\/\/goldenclubcabanas.com\/es\/vacaciones-algarve\/playa-cabanas-tavira\/#breadcrumb","itemListElement":[{"@type":"ListItem","position":1,"name":"In\u00edcio","item":"https:\/\/goldenclubcabanas.com\/es\/"},{"@type":"ListItem","position":2,"name":"Resort","item":"https:\/\/goldenclubcabanas.com\/es\/vacaciones-algarve\/"},{"@type":"ListItem","position":3,"name":"Playa"}]},{"@type":"WebSite","@id":"https:\/\/goldenclubcabanas.com\/en\/#website","url":"https:\/\/goldenclubcabanas.com\/en\/","name":"Golden Club Cabanas","description":"","potentialAction":[{"@type":"SearchAction","target":{"@type":"EntryPoint","urlTemplate":"https:\/\/goldenclubcabanas.com\/en\/?s={search_term_string}"},"query-input":{"@type":"PropertyValueSpecification","valueRequired":true,"valueName":"search_term_string"}}],"inLanguage":"es"}]}},"_links":{"self":[{"href":"https:\/\/goldenclubcabanas.com\/es\/wp-json\/wp\/v2\/pages\/4540","targetHints":{"allow":["GET"]}}],"collection":[{"href":"https:\/\/goldenclubcabanas.com\/es\/wp-json\/wp\/v2\/pages"}],"about":[{"href":"https:\/\/goldenclubcabanas.com\/es\/wp-json\/wp\/v2\/types\/page"}],"author":[{"embeddable":true,"href":"https:\/\/goldenclubcabanas.com\/es\/wp-json\/wp\/v2\/users\/2"}],"replies":[{"embeddable":true,"href":"https:\/\/goldenclubcabanas.com\/es\/wp-json\/wp\/v2\/comments?post=4540"}],"version-history":[{"count":4,"href":"https:\/\/goldenclubcabanas.com\/es\/wp-json\/wp\/v2\/pages\/4540\/revisions"}],"predecessor-version":[{"id":6819,"href":"https:\/\/goldenclubcabanas.com\/es\/wp-json\/wp\/v2\/pages\/4540\/revisions\/6819"}],"up":[{"embeddable":true,"href":"https:\/\/goldenclubcabanas.com\/es\/wp-json\/wp\/v2\/pages\/4543"}],"wp:attachment":[{"href":"https:\/\/goldenclubcabanas.com\/es\/wp-json\/wp\/v2\/media?parent=4540"}],"curies":[{"name":"wp","href":"https:\/\/api.w.org\/{rel}","templated":true}]}}