{"id":4558,"date":"2025-03-04T14:53:19","date_gmt":"2025-03-04T14:53:19","guid":{"rendered":"https:\/\/goldenclubcabanas.com\/politica-de-privacidade\/"},"modified":"2025-12-11T15:48:48","modified_gmt":"2025-12-11T15:48:48","slug":"politica-de-privacidad","status":"publish","type":"page","link":"https:\/\/goldenclubcabanas.com\/es\/politica-de-privacidad\/","title":{"rendered":"Pol\u00edtica de privacidad"},"content":{"rendered":"\n<p>Por favor, lea atentamente esta Pol\u00edtica de Privacidad, ya que el tratamiento de los datos personales que nos facilite implica el conocimiento y aceptaci\u00f3n de las condiciones aqu\u00ed contenidas.<\/p>\n\n\n\n<h4 class=\"wp-block-heading\" id=\"h-quien-es-el-responsable-de-la-recogida-y-el-tratamiento-de-los-datos\">\u00bfQui\u00e9n es el responsable de la recogida y el tratamiento de los datos?<\/h4>\n\n\n\n<p>5 Sites Cabanas \u2013 Hotelaria, Servi\u00e7os e Imobili\u00e1ria S.A., en adelante 5 Sites, es la entidad responsable de la recopilaci\u00f3n y el procesamiento de datos personales, y puede, en el \u00e1mbito de su actividad, utilizar entidades subcontratadas por ella para perseguir los fines aqu\u00ed indicados.<\/p>\n\n\n\n<p><br>5 Sites ha designado un Delegado de <strong>Protecci\u00f3n de Datos (DPO),<\/strong> con el que se puede contactar a trav\u00e9s de la direcci\u00f3n de correo electr\u00f3nico <a href=\"mailto:rgpd@goldenclubcabanas.com\">rgpd@goldenclubcabanas.com<\/a>, para cualquier cuesti\u00f3n relacionada con el tratamiento de sus datos personales y el ejercicio de sus derechos.<\/p>\n\n\n\n<h4 class=\"wp-block-heading\" id=\"h-que-son-los-datos-personales\">\u00bfQu\u00e9 son los datos personales?<\/h4>\n\n\n\n<p>Los datos personales son cualquier informaci\u00f3n, de cualquier naturaleza e independientemente de su soporte, incluidos el sonido y la imagen, relacionada con una persona f\u00edsica identificada o identificable. Una persona identificable es aquella que puede ser identificada directa o indirectamente, en particular por referencia a un n\u00famero de identificaci\u00f3n o a uno o m\u00e1s elementos espec\u00edficos de su identidad f\u00edsica, fisiol\u00f3gica, mental, econ\u00f3mica, cultural o social. <\/p>\n\n\n\n<h4 class=\"wp-block-heading\" id=\"h-que-datos-personales-se-recopilan-y-procesan\">\u00bfQu\u00e9 datos personales se recopilan y procesan?<\/h4>\n\n\n\n<p>5 Sites recopila y procesa, entre otros, los siguientes datos personales:<\/p>\n\n\n\n<p><br><strong>Reservas<\/strong>: nombre, direcci\u00f3n de correo electr\u00f3nico, n\u00famero de tel\u00e9fono, direcci\u00f3n, m\u00e9todo de pago y detalles de la reserva<br><strong>Reclutamiento<\/strong>: nombre, direcci\u00f3n de correo electr\u00f3nico y CV<br><strong>Bolet\u00edn<\/strong>: direcci\u00f3n de correo electr\u00f3nico<\/p>\n\n\n\n<p><br>Al navegar por el sitio web, 5 Sites puede recopilar informaci\u00f3n sobre su computadora, incluida la direcci\u00f3n IP, el sistema operativo y el navegador utilizado, con fines administrativos y para agregar informaci\u00f3n para sus anunciantes.<br>5 Sites asume que los datos fueron proporcionados por el propietario de los datos o que ha dado autorizaci\u00f3n para este fin y presume que son verdaderos y est\u00e1n actualizados.<\/p>\n\n\n\n<p><br><strong>Datos de menores<\/strong>: La recogida de datos personales de menores de 18 a\u00f1os depende del consentimiento de los padres o representantes legales. 5 Sites no recopila ni procesa a sabiendas datos de menores sin esta condici\u00f3n. <\/p>\n\n\n\n<h4 class=\"wp-block-heading\" id=\"h-como-se-recopilan-sus-datos\">\u00bfC\u00f3mo se recopilan sus datos?<\/h4>\n\n\n\n<p>Los datos personales pueden ser recabados a trav\u00e9s de los siguientes medios:<\/p>\n\n\n\n<p><br><strong>Correo electr\u00f3nico<br>Sitio web<br>Llamadas<br>En persona<\/strong><\/p>\n\n\n\n<p><br>Los datos recopilados se procesan y almacenan electr\u00f3nicamente y en estricto cumplimiento de la legislaci\u00f3n de protecci\u00f3n de datos personales, siendo almacenados en bases de datos espec\u00edficas, creadas para este prop\u00f3sito, por 5 Sitios o por las entidades subcontratadas por \u00e9l.<\/p>\n\n\n\n<p><br>Algunos datos personales recopilados en el sitio web son obligatorios y, en caso de falta o insuficiencia de estos datos, es posible que 5 Sites no pueda brindarle los servicios o la informaci\u00f3n solicitada por usted. En cada caso espec\u00edfico, 5 Sites le informar\u00e1 de la obligatoriedad del suministro de los datos personales en cuesti\u00f3n. <\/p>\n\n\n\n<h4 class=\"wp-block-heading\" id=\"h-cuales-son-las-finalidades-y-motivos-del-tratamiento-de-sus-datos\">\u00bfCu\u00e1les son las finalidades y motivos del tratamiento de sus datos?<\/h4>\n\n\n\n<p>De acuerdo con los principios de protecci\u00f3n de datos, 5 Sites solo puede procesar sus datos personales para ciertos fines y si tiene una base legal para hacerlo.<br>5 Sites utiliza sus datos para los siguientes fines y en base a los siguientes motivos:<\/p>\n\n\n\n<p><br><strong>A. Motivos: contrato de servicios hoteleros<\/strong><br>a) Gesti\u00f3n de reservas y estancias<br>b) Solicitudes de presupuestos, informaci\u00f3n y confirmaci\u00f3n de reservas<br>c) Registro de preferencias (habitaci\u00f3n preferida, movilidad, etc.)<br>d) Facturaci\u00f3n y verificaci\u00f3n de los medios de pago<br>(e) Suministro de informaci\u00f3n necesaria para su estad\u00eda en el Hotel<br>(f) Atenci\u00f3n al cliente<\/p>\n\n\n\n<p><br><strong>B. Fundamento: consentimiento<\/strong><br>(g) Env\u00edo de boletines informativos (si no es nuestro cliente)<br>(h) Env\u00edo de marketing (si no es nuestro cliente)<br>(i) Programas de fidelizaci\u00f3n<\/p>\n\n\n\n<p><br><strong>C. Fundamento: obligaciones legales<\/strong><br>j) Gesti\u00f3n de quejas<br>k) Cumplimiento de otras obligaciones legales o reglamentarias<\/p>\n\n\n\n<p><br><strong>D. Base: inter\u00e9s leg\u00edtimo<\/strong><br>(l) Realizaci\u00f3n de cuestionarios de satisfacci\u00f3n relacionados con su estancia<br>m) realizaci\u00f3n de estudios de mercado, encuestas de evaluaci\u00f3n y an\u00e1lisis estad\u00edsticos<br>n) Libreta de contactos<\/p>\n\n\n\n<p><strong><br>Motivos: etapas precontractuales<\/strong><br>o) Contrataci\u00f3n<br>Con el fin de perseguir los fines identificados anteriormente, 5 Sites puede interconectar los datos recopilados, con el fin de actualizar y completar dichos datos.<\/p>\n\n\n\n<h4 class=\"wp-block-heading\" id=\"h-con-quien-se-comparten-sus-datos\">\u00bfCon qui\u00e9n se comparten sus datos?<\/h4>\n\n\n\n<p>Los datos recopilados y conservados por 5 Sitios pueden transmitirse, respetando el deber de confidencialidad y el principio de finalidad que presidi\u00f3 su recopilaci\u00f3n, a las siguientes entidades:<\/p>\n\n\n\n<p><br>(a) Entidades del grupo en el que se inserta 5 Sitios<br>b) Autoridades judiciales o administrativas, cuando dicho traslado sea obligatorio<br>c) Empresas de contrataci\u00f3n y selecci\u00f3n<br>(d) Procesadores que procesar\u00e1n los datos en nombre de 5 Sitios y de acuerdo con los fines determinados por el mismo<\/p>\n\n\n\n<h4 class=\"wp-block-heading\" id=\"h-galletas\">Galletas<\/h4>\n\n\n\n<p>Las cookies son peque\u00f1as piezas de informaci\u00f3n que pueden ayudar a identificar su navegador y que pueden almacenar informaci\u00f3n, por ejemplo, la configuraci\u00f3n y las preferencias del usuario.<br>5 Sites puede almacenar cookies en su dispositivo para personalizar y facilitar al m\u00e1ximo la navegaci\u00f3n, no proporcionando estas mismas cookies, referencias o datos personales del Usuario.<br>Para m\u00e1s informaci\u00f3n debe leer nuestra <a href=\"https:\/\/goldenclubcabanas.com\/es\/politica-de-cookies\/\" data-type=\"link\" data-id=\"https:\/\/goldenclubcabanas.com\/politica-de-cookies\/\">Pol\u00edtica de Cookies<\/a>.<\/p>\n\n\n\n<h4 class=\"wp-block-heading\" id=\"h-cuales-son-sus-derechos\">\u00bfCu\u00e1les son sus derechos?<\/h4>\n\n\n\n<p>En los t\u00e9rminos de la Ley de Protecci\u00f3n de Datos Personales, le garantizamos los siguientes derechos:<\/p>\n\n\n\n<p><br>Acceso, actualizaci\u00f3n, rectificaci\u00f3n, supresi\u00f3n, portabilidad y supresi\u00f3n de sus datos personales<br>Oponerse al uso de los datos facilitados con fines de marketing, env\u00edo de comunicaciones informativas o inclusi\u00f3n en directorios o servicios de informaci\u00f3n<br>Limitaci\u00f3n del tratamiento de conformidad con el art\u00edculo 18 del RGPD<br>Retirada del consentimiento, en cualquier momento, sin comprometer la licitud del tratamiento realizado hasta entonces<\/p>\n\n\n\n<p><br>El ejercicio de estos derechos deber\u00e1 realizarse a trav\u00e9s de la direcci\u00f3n de correo electr\u00f3nico rgpd@goldenclubcabanas.com o por escrito a la direcci\u00f3n: Golden Club Cabanas, Rua Tuber\u00e1ria Major, 8800-591 Cabanas de Tavira, Portugal.<\/p>\n\n\n\n<p><br>5 Sites se compromete a responder a dichas solicitudes en un plazo m\u00e1ximo de 30 d\u00edas, prorrogable en casos de especial complejidad hasta 60 d\u00edas, y el titular ser\u00e1 debidamente informado.<\/p>\n\n\n\n<p><br>Tambi\u00e9n puede presentar quejas ante la <strong>Comisi\u00f3n Nacional de Protecci\u00f3n de Datos (CNPD).<\/strong><\/p>\n\n\n\n<h4 class=\"wp-block-heading\" id=\"h-cuanto-tiempo-se-almacenan-sus-datos\">\u00bfCu\u00e1nto tiempo se almacenan sus datos?<\/h4>\n\n\n\n<p>El per\u00edodo durante el cual se almacenan y conservan los datos var\u00eda seg\u00fan el prop\u00f3sito para el que se procesa la informaci\u00f3n. Siempre que no exista un requisito legal espec\u00edfico, los datos se conservar\u00e1n solo durante el per\u00edodo m\u00ednimo necesario. <\/p>\n\n\n\n<p><br>Ejemplos:<br>Datos de facturaci\u00f3n: 10 a\u00f1os (obligaci\u00f3n legal)<br>Datos de contrataci\u00f3n: hasta 2 a\u00f1os despu\u00e9s de la finalizaci\u00f3n del proceso, a menos que se permita conservar el consentimiento durante un per\u00edodo m\u00e1s largo<br>Datos de marketing: hasta la retirada del consentimiento o el ejercicio del derecho de oposici\u00f3n<\/p>\n\n\n\n<h4 class=\"wp-block-heading\" id=\"h-sus-datos-se-procesan-de-forma-segura\">\u00bfSus datos se procesan de forma segura?<\/h4>\n\n\n\n<p>5 Sites se compromete a garantizar la protecci\u00f3n de la seguridad de sus datos. A tal efecto, ha adoptado diversas medidas de seguridad, de car\u00e1cter t\u00e9cnico y organizativo, con el fin de proteger los datos personales que nos pone a nuestra disposici\u00f3n contra su difusi\u00f3n, p\u00e9rdida, mal uso, alteraci\u00f3n, tratamiento o acceso no autorizado, as\u00ed como contra cualquier otra forma de tratamiento il\u00edcito. <br>5 Sites exige a sus subcontratistas y socios que adopten medidas de seguridad equivalentes a las que practica.<br>Sin perjuicio de las medidas de seguridad practicadas por 5 Sites, el usuario debe adoptar medidas de seguridad adicionales, a saber, asegurarse de utilizar equipos actualizados y un navegador, debidamente configurados, con un firewall activo, antivirus y antispyware, as\u00ed como asegurarse de la autenticidad de los sitios que visita en Internet.<\/p>\n\n\n\n<h4 class=\"wp-block-heading\" id=\"h-comunicaciones\">Comunicaciones<\/h4>\n\n\n\n<p>5 Sites reconoce que puede comunicar los datos del Usuario en el contexto de los procesos de fusi\u00f3n, adquisici\u00f3n y\/o incorporaci\u00f3n en los que se encuentra, y esta comunicaci\u00f3n no se considera una transferencia de datos a terceros, ni existe ning\u00fan tratamiento subcontratado.<br>5 Los Sitios tambi\u00e9n pueden transmitir datos a terceros en el contexto de investigaciones, indagaciones y procedimientos judiciales y\/o administrativos o de naturaleza similar, siempre que, para ello, se le ordene debidamente hacerlo por orden judicial.<\/p>\n\n\n\n<h4 class=\"wp-block-heading\" id=\"h-transferencia-de-datos\">Transferencia de datos<\/h4>\n\n\n\n<p>En el caso de transferencias de datos personales a terceros pa\u00edses que no pertenezcan a la Uni\u00f3n Europea o al Espacio Econ\u00f3mico Europeo, 5 Sites se asegurar\u00e1 de que dichas transferencias solo se realicen a pa\u00edses para los que exista una decisi\u00f3n de adecuaci\u00f3n por parte de la Comisi\u00f3n Europea, o mediante la adopci\u00f3n de cl\u00e1usulas contractuales tipo aprobadas por la Comisi\u00f3n Europea u otros mecanismos legalmente previstos que garanticen la protecci\u00f3n adecuada de los datos personales.<br>El uso de las redes sociales de 5 Sites puede implicar la transmisi\u00f3n de datos a proveedores de servicios de redes sociales, que pueden tener su sede fuera de la Uni\u00f3n Europea o del Espacio Econ\u00f3mico Europeo. 5 Sites no se hace responsable de los datos que el usuario pone a disposici\u00f3n en las redes sociales. <\/p>\n\n\n\n<h4 class=\"wp-block-heading\" id=\"h-cambios-en-la-politica-de-privacidad\">Cambios en la Pol\u00edtica de Privacidad<\/h4>\n\n\n\n<p>5 Sites se reserva el derecho, en cualquier momento, de realizar ajustes o cambios a esta Pol\u00edtica de Privacidad, y estos cambios se publicar\u00e1n debidamente en: 5 Sites se reserva el derecho, en cualquier momento, de realizar ajustes o cambios a esta Pol\u00edtica de Privacidad, y estos cambios se publicar\u00e1n debidamente en: <a href=\"https:\/\/goldenclubcabanas.com\/\" data-type=\"link\" data-id=\"https:\/\/goldenclubcabanas.com\/\">www.goldenclubcabanas.com<\/a><\/p>\n\n\n\n<p><\/p>\n","protected":false},"excerpt":{"rendered":"<p>Por favor, lea atentamente esta Pol\u00edtica de Privacidad, ya que el tratamiento de los datos personales que nos facilite implica el conocimiento y aceptaci\u00f3n de las condiciones aqu\u00ed contenidas. \u00bfQui\u00e9n es el responsable de la recogida y el tratamiento de los datos? 5 Sites Cabanas \u2013 Hotelaria, Servi\u00e7os e Imobili\u00e1ria S.A., en adelante 5 Sites, &#8230; <a title=\"Pol\u00edtica de privacidad\" class=\"read-more\" href=\"https:\/\/goldenclubcabanas.com\/es\/politica-de-privacidad\/\" aria-label=\"Leer m\u00e1s sobre Pol\u00edtica de privacidad\">Leer m\u00e1s<\/a><\/p>\n","protected":false},"author":1,"featured_media":0,"parent":0,"menu_order":101,"comment_status":"closed","ping_status":"closed","template":"page-templates\/page-content-template.php","meta":{"_acf_changed":false,"footnotes":""},"class_list":["post-4558","page","type-page","status-publish"],"acf":[],"yoast_head":"<!-- This site is optimized with the Yoast SEO Premium plugin v25.9 (Yoast SEO v25.9) - https:\/\/yoast.com\/wordpress\/plugins\/seo\/ -->\n<title>Pol\u00edtica de privacidad - Golden Club Cabanas Aparthotel Algarve, Portugal<\/title>\n<meta name=\"description\" content=\"Pol\u00edtica de Privacidad de Golden Club Cabanas: c\u00f3mo recogemos, usamos y protegemos tus datos. Derechos, contactos y opciones.\" \/>\n<meta name=\"robots\" content=\"index, follow, max-snippet:-1, max-image-preview:large, max-video-preview:-1\" \/>\n<link rel=\"canonical\" href=\"https:\/\/goldenclubcabanas.com\/es\/politica-de-privacidad\/\" \/>\n<meta property=\"og:locale\" content=\"es_ES\" \/>\n<meta property=\"og:type\" content=\"article\" \/>\n<meta property=\"og:title\" content=\"Pol\u00edtica de privacidad\" \/>\n<meta property=\"og:description\" content=\"Pol\u00edtica de Privacidad de Golden Club Cabanas: c\u00f3mo recogemos, usamos y protegemos tus datos. Derechos, contactos y opciones.\" \/>\n<meta property=\"og:url\" content=\"https:\/\/goldenclubcabanas.com\/es\/politica-de-privacidad\/\" \/>\n<meta property=\"og:site_name\" content=\"Golden Club Cabanas Aparthotel Algarve, Portugal\" \/>\n<meta property=\"article:modified_time\" content=\"2025-12-11T15:48:48+00:00\" \/>\n<meta name=\"twitter:card\" content=\"summary_large_image\" \/>\n<meta name=\"twitter:label1\" content=\"Tiempo de lectura\" \/>\n\t<meta name=\"twitter:data1\" content=\"9 minutos\" \/>\n<script type=\"application\/ld+json\" class=\"yoast-schema-graph\">{\"@context\":\"https:\/\/schema.org\",\"@graph\":[{\"@type\":\"WebPage\",\"@id\":\"https:\/\/goldenclubcabanas.com\/es\/politica-de-privacidad\/\",\"url\":\"https:\/\/goldenclubcabanas.com\/es\/politica-de-privacidad\/\",\"name\":\"Pol\u00edtica de privacidad - Golden Club Cabanas Aparthotel Algarve, Portugal\",\"isPartOf\":{\"@id\":\"https:\/\/goldenclubcabanas.com\/en\/#website\"},\"datePublished\":\"2025-03-04T14:53:19+00:00\",\"dateModified\":\"2025-12-11T15:48:48+00:00\",\"description\":\"Pol\u00edtica de Privacidad de Golden Club Cabanas: c\u00f3mo recogemos, usamos y protegemos tus datos. Derechos, contactos y opciones.\",\"breadcrumb\":{\"@id\":\"https:\/\/goldenclubcabanas.com\/es\/politica-de-privacidad\/#breadcrumb\"},\"inLanguage\":\"es\",\"potentialAction\":[{\"@type\":\"ReadAction\",\"target\":[\"https:\/\/goldenclubcabanas.com\/es\/politica-de-privacidad\/\"]}]},{\"@type\":\"BreadcrumbList\",\"@id\":\"https:\/\/goldenclubcabanas.com\/es\/politica-de-privacidad\/#breadcrumb\",\"itemListElement\":[{\"@type\":\"ListItem\",\"position\":1,\"name\":\"In\u00edcio\",\"item\":\"https:\/\/goldenclubcabanas.com\/es\/\"},{\"@type\":\"ListItem\",\"position\":2,\"name\":\"Pol\u00edtica de privacidad\"}]},{\"@type\":\"WebSite\",\"@id\":\"https:\/\/goldenclubcabanas.com\/en\/#website\",\"url\":\"https:\/\/goldenclubcabanas.com\/en\/\",\"name\":\"Golden Club Cabanas\",\"description\":\"\",\"potentialAction\":[{\"@type\":\"SearchAction\",\"target\":{\"@type\":\"EntryPoint\",\"urlTemplate\":\"https:\/\/goldenclubcabanas.com\/en\/?s={search_term_string}\"},\"query-input\":{\"@type\":\"PropertyValueSpecification\",\"valueRequired\":true,\"valueName\":\"search_term_string\"}}],\"inLanguage\":\"es\"}]}<\/script>\n<!-- \/ Yoast SEO Premium plugin. -->","yoast_head_json":{"title":"Pol\u00edtica de privacidad - Golden Club Cabanas Aparthotel Algarve, Portugal","description":"Pol\u00edtica de Privacidad de Golden Club Cabanas: c\u00f3mo recogemos, usamos y protegemos tus datos. Derechos, contactos y opciones.","robots":{"index":"index","follow":"follow","max-snippet":"max-snippet:-1","max-image-preview":"max-image-preview:large","max-video-preview":"max-video-preview:-1"},"canonical":"https:\/\/goldenclubcabanas.com\/es\/politica-de-privacidad\/","og_locale":"es_ES","og_type":"article","og_title":"Pol\u00edtica de privacidad","og_description":"Pol\u00edtica de Privacidad de Golden Club Cabanas: c\u00f3mo recogemos, usamos y protegemos tus datos. Derechos, contactos y opciones.","og_url":"https:\/\/goldenclubcabanas.com\/es\/politica-de-privacidad\/","og_site_name":"Golden Club Cabanas Aparthotel Algarve, Portugal","article_modified_time":"2025-12-11T15:48:48+00:00","twitter_card":"summary_large_image","twitter_misc":{"Tiempo de lectura":"9 minutos"},"schema":{"@context":"https:\/\/schema.org","@graph":[{"@type":"WebPage","@id":"https:\/\/goldenclubcabanas.com\/es\/politica-de-privacidad\/","url":"https:\/\/goldenclubcabanas.com\/es\/politica-de-privacidad\/","name":"Pol\u00edtica de privacidad - Golden Club Cabanas Aparthotel Algarve, Portugal","isPartOf":{"@id":"https:\/\/goldenclubcabanas.com\/en\/#website"},"datePublished":"2025-03-04T14:53:19+00:00","dateModified":"2025-12-11T15:48:48+00:00","description":"Pol\u00edtica de Privacidad de Golden Club Cabanas: c\u00f3mo recogemos, usamos y protegemos tus datos. Derechos, contactos y opciones.","breadcrumb":{"@id":"https:\/\/goldenclubcabanas.com\/es\/politica-de-privacidad\/#breadcrumb"},"inLanguage":"es","potentialAction":[{"@type":"ReadAction","target":["https:\/\/goldenclubcabanas.com\/es\/politica-de-privacidad\/"]}]},{"@type":"BreadcrumbList","@id":"https:\/\/goldenclubcabanas.com\/es\/politica-de-privacidad\/#breadcrumb","itemListElement":[{"@type":"ListItem","position":1,"name":"In\u00edcio","item":"https:\/\/goldenclubcabanas.com\/es\/"},{"@type":"ListItem","position":2,"name":"Pol\u00edtica de privacidad"}]},{"@type":"WebSite","@id":"https:\/\/goldenclubcabanas.com\/en\/#website","url":"https:\/\/goldenclubcabanas.com\/en\/","name":"Golden Club Cabanas","description":"","potentialAction":[{"@type":"SearchAction","target":{"@type":"EntryPoint","urlTemplate":"https:\/\/goldenclubcabanas.com\/en\/?s={search_term_string}"},"query-input":{"@type":"PropertyValueSpecification","valueRequired":true,"valueName":"search_term_string"}}],"inLanguage":"es"}]}},"_links":{"self":[{"href":"https:\/\/goldenclubcabanas.com\/es\/wp-json\/wp\/v2\/pages\/4558","targetHints":{"allow":["GET"]}}],"collection":[{"href":"https:\/\/goldenclubcabanas.com\/es\/wp-json\/wp\/v2\/pages"}],"about":[{"href":"https:\/\/goldenclubcabanas.com\/es\/wp-json\/wp\/v2\/types\/page"}],"author":[{"embeddable":true,"href":"https:\/\/goldenclubcabanas.com\/es\/wp-json\/wp\/v2\/users\/1"}],"replies":[{"embeddable":true,"href":"https:\/\/goldenclubcabanas.com\/es\/wp-json\/wp\/v2\/comments?post=4558"}],"version-history":[{"count":3,"href":"https:\/\/goldenclubcabanas.com\/es\/wp-json\/wp\/v2\/pages\/4558\/revisions"}],"predecessor-version":[{"id":7413,"href":"https:\/\/goldenclubcabanas.com\/es\/wp-json\/wp\/v2\/pages\/4558\/revisions\/7413"}],"wp:attachment":[{"href":"https:\/\/goldenclubcabanas.com\/es\/wp-json\/wp\/v2\/media?parent=4558"}],"curies":[{"name":"wp","href":"https:\/\/api.w.org\/{rel}","templated":true}]}}