{"id":4923,"date":"2025-09-23T13:37:33","date_gmt":"2025-09-23T13:37:33","guid":{"rendered":"https:\/\/goldenclubcabanas.com\/mas-informacion\/"},"modified":"2026-04-14T16:03:11","modified_gmt":"2026-04-14T16:03:11","slug":"mas-informacion","status":"publish","type":"page","link":"https:\/\/goldenclubcabanas.com\/es\/mas-informacion\/","title":{"rendered":"Informaci\u00f3n Importante"},"content":{"rendered":"\n<h3 class=\"wp-block-heading\" id=\"h-periodos-de-funcionamiento\">Per\u00edodos de funcionamiento<\/h3>\n\n\n\n<ul class=\"wp-block-list\">\n<li>Las fechas de apertura y cierre de&nbsp;algunas&nbsp;<strong>instalaciones<\/strong>&nbsp;<strong>que cierran durante el invierno<\/strong>, como el Kids\u2019 Club y el Bar \u2018A Vela\u2019, pueden variar de un a\u00f1o a otro. Si planifica sus vacaciones para los meses de&nbsp;<strong>abril u octubre<\/strong>&nbsp;y pretende utilizar estas instalaciones, no deje de consultarnos antes de realizar su reserva.<\/li>\n<\/ul>\n\n\n\n<h3 class=\"wp-block-heading\">Alojamiento<\/h3>\n\n\n\n<ul class=\"wp-block-list\">\n<li>Llegadas a partir de las 17h00. Salidas hasta las 10h00.<\/li>\n\n\n\n<li>Limpieza de los apartamentos cada&nbsp;<strong>2 d\u00edas<\/strong>. Cambio de toallas&nbsp;<strong>2 veces por semana<\/strong>. Cambio de s\u00e1banas&nbsp;<strong>1 vez a la semana<\/strong>.<\/li>\n\n\n\n<li>La limpieza de los apartamentos&nbsp;<strong>no incluye lavar los platos y ordenar la cocina.<\/strong><\/li>\n\n\n\n<li><strong>Cambio&nbsp;de toallas solo se realiza&nbsp;en estancias de m\u00e1s de 4 noches.<\/strong><\/li>\n\n\n\n<li>Los edificios tienen cuatro pisos y los m\u00e1s alejados, los del Sector Poniente, est\u00e1n a 500 m del restaurante. Como tenemos apartamentos a los que solamente se puede acceder por las escaleras (sin ascensor), si tuviera alguna dificultad para andar o para subir escaleras, cons\u00faltenos antes de hacer su reserva.<\/li>\n\n\n\n<li><strong>La arquitectura, la decoraci\u00f3n y el equipamiento de los apartamentos var\u00edan<\/strong>&nbsp;y por eso puede que no se correspondan exactamente con las fotograf\u00edas presentadas en este sitio web.<\/li>\n\n\n\n<li>Pedimos disculpas por no poder admitir&nbsp;<strong>animales de compa\u00f1\u00eda<\/strong>.<\/li>\n<\/ul>\n\n\n\n<h3 class=\"wp-block-heading\">Playa en la isla de Cabanas<\/h3>\n\n\n\n<ul class=\"wp-block-list\">\n<li>Los clientes deben llevar sus propias&nbsp;<strong>toallas<\/strong>&nbsp;de playa.<\/li>\n\n\n\n<li>El&nbsp;<strong>barco que va hasta la playa<\/strong>&nbsp;es gratuito y exclusivo para los clientes del Golden Club Cabanas. Los&nbsp;<strong>horarios<\/strong>&nbsp;del barco se exponen en recepci\u00f3n, seg\u00fan el tiempo y la \u00e9poca del a\u00f1o.<\/li>\n\n\n\n<li>Despu\u00e9s de atravesar la r\u00eda y dependiendo de las mareas, hay un&nbsp;<strong>camino a pie<\/strong>&nbsp;(precioso) de 200 a 400 metros hasta la playa.&nbsp;Espor\u00e1dicamente, durante la pleamar, puede que tenga que atravesar un peque\u00f1o tramo con agua por debajo de las rodillas \u2013 f\u00e1cil, refrescante y divertido.<\/li>\n\n\n\n<li>Debido a las restricciones impuestas por el Parque Natural de la R\u00eda Formosa,&nbsp;<strong>no hay bar ni de cuarto de ba\u00f1o<\/strong>&nbsp;en la playa. Si lo prefiere, puede coger el barco (no gratuito) del otro lado de Cabanas para poder disfrutar de una playa con bar y cuartos de ba\u00f1o.<\/li>\n<\/ul>\n\n\n\n<h3 class=\"wp-block-heading\">Kids\u2019 Club<\/h3>\n\n\n\n<ul class=\"wp-block-list\">\n<li>Programa de&nbsp;<a href=\"https:\/\/goldenclubcabanas.com\/es\/vacaciones-algarve\/animacion-infantil\/\" target=\"_blank\" rel=\"noreferrer noopener\">animaci\u00f3n infantil<\/a>&nbsp;desde abril hasta mediados de octubre, para ni\u00f1os desde los&nbsp;<strong>3 hasta los 12 a\u00f1os<\/strong>. <\/li>\n\n\n\n<li>Los ni\u00f1os menores de 3 a\u00f1os deben estar siempre acompa\u00f1ados por un adulto. Los ni\u00f1os de 3 a\u00f1os deben haber dejado el pa\u00f1al para participar en las actividades supervisadas.<\/li>\n<\/ul>\n\n\n\n<h3 class=\"wp-block-heading\">Piscinas<\/h3>\n\n\n\n<ul class=\"wp-block-list\">\n<li><strong>Horario<\/strong>: 9h00 \u2013 19h30.<\/li>\n\n\n\n<li>Acceso gratuito a las&nbsp;<strong>piscinas al aire libre<\/strong>; el cliente debe llevar sus propias toallas de&nbsp;piscina.<\/li>\n\n\n\n<li><strong>Por favor no reservar tumbonas.<\/strong><\/li>\n<\/ul>\n\n\n\n<h3 class=\"wp-block-heading\">Health Club<\/h3>\n\n\n\n<ul class=\"wp-block-list\">\n<li><strong>Horario<\/strong>: 10h00 \u2013 12h45 \/ 14h00 \u2013 18h45.<\/li>\n\n\n\n<li>Acceso gratuito a la&nbsp;<strong>piscina cubierta<\/strong>&nbsp;(climatizada de octubre a mayo) e&nbsp;<strong>hidromasaje<\/strong>. En la piscina cubierta es obligatorio utilizar gorro de ba\u00f1o; el cliente debe llevar sus propias toallas de&nbsp;piscina.<\/li>\n\n\n\n<li><strong>Piscina cubierta<\/strong>: los ni\u00f1os menores de 16 a\u00f1os solo pueden ingresar y permanecer si van acompa\u00f1ados por un adulto.<\/li>\n\n\n\n<li><strong>Gimnasio:&nbsp;<\/strong>El acceso y uso del gimnasio cuesta 5 \u20ac por persona \/ d\u00eda.<\/li>\n<\/ul>\n\n\n\n<h3 class=\"wp-block-heading\" id=\"h-otras-instalaciones-y-servicios\">Otras instalaciones y servicios<\/h3>\n\n\n\n<ul class=\"wp-block-list\">\n<li><a href=\"https:\/\/goldenclubcabanas.com\/es\/vacaciones-algarve\/bares-restaurante\/\" target=\"_blank\" rel=\"noreferrer noopener\">Restaurante y bares<\/a>&nbsp;\u2013 Por favor consulte los horarios en recepci\u00f3n.<\/li>\n\n\n\n<li><strong>Conexi\u00f3n Wifi gratuita<\/strong>&nbsp;para nuestros clientes en la zona de la recepci\u00f3n, en las terrazas de los bares y en la piscina-lago.<\/li>\n\n\n\n<li><strong>Acceso<\/strong>&nbsp;\u2013 Para poder acceder a nuestras instalaciones y servicios, los hu\u00e9spedes deben utilizar nuestra pulsera.<\/li>\n<\/ul>\n\n\n\n<h3 class=\"wp-block-heading\">M\u00e1s informaciones<\/h3>\n\n\n\n<ul class=\"wp-block-list\">\n<li><strong>Aparcamiento en la calle<\/strong>&nbsp;gratuito.<\/li>\n\n\n\n<li><strong>Supermercado<\/strong>&nbsp;SPAR a 400 m de la entrada del centro de vacaciones.<\/li>\n\n\n\n<li><strong>Autob\u00fas a Tavira<\/strong>&nbsp;(transporte p\u00fablico) a la entrada del centro de vacaciones.<\/li>\n<\/ul>\n\n\n\n<h3 class=\"wp-block-heading\">Reserve con nosotros<\/h3>\n\n\n\n<p>Al reservar con nosotros,&nbsp;<strong>adem\u00e1s de una garant\u00eda de comodidad y tranquilidad tendr\u00e1 acceso a todas las instalaciones y servicios del Golden Club Cabanas<\/strong>, incluidos el restaurante y la animaci\u00f3n infantil y nocturna. Solo nos hacemos responsables de la calidad de los apartamentos gestionados por nosotros, con la marca Golden Club Cabanas, y reservados a trav\u00e9s de nuestra empresa (o de las agencias y operadores autorizados). No nos hacemos responsables por los alquileres privados de otros apartamentos en esta zona.<\/p>\n","protected":false},"excerpt":{"rendered":"<p>Per\u00edodos de funcionamiento Alojamiento Playa en la isla de Cabanas Kids\u2019 Club Piscinas Health Club Otras instalaciones y servicios M\u00e1s informaciones Reserve con nosotros Al reservar con nosotros,&nbsp;adem\u00e1s de una garant\u00eda de comodidad y tranquilidad tendr\u00e1 acceso a todas las instalaciones y servicios del Golden Club Cabanas, incluidos el restaurante y la animaci\u00f3n infantil y &#8230; <a title=\"Informaci\u00f3n Importante\" class=\"read-more\" href=\"https:\/\/goldenclubcabanas.com\/es\/mas-informacion\/\" aria-label=\"Leer m\u00e1s sobre Informaci\u00f3n Importante\">Leer m\u00e1s<\/a><\/p>\n","protected":false},"author":2,"featured_media":0,"parent":0,"menu_order":0,"comment_status":"closed","ping_status":"closed","template":"page-templates\/page-content-template.php","meta":{"_acf_changed":false,"footnotes":""},"class_list":["post-4923","page","type-page","status-publish"],"acf":[],"yoast_head":"<!-- This site is optimized with the Yoast SEO Premium plugin v25.9 (Yoast SEO v25.9) - https:\/\/yoast.com\/wordpress\/plugins\/seo\/ -->\n<title>Informaci\u00f3n Importante - Golden Club Cabanas Aparthotel Algarve, Portugal<\/title>\n<meta name=\"description\" content=\"Informaci\u00f3n del Golden Club Cabanas: check-in\/out, limpieza, accesos, barco a la playa de Isla de Cabanas, Kids\u2019 Club, piscinas y spa.\" \/>\n<meta name=\"robots\" content=\"index, follow, max-snippet:-1, max-image-preview:large, max-video-preview:-1\" \/>\n<link rel=\"canonical\" href=\"https:\/\/goldenclubcabanas.com\/es\/mas-informacion\/\" \/>\n<meta property=\"og:locale\" content=\"es_ES\" \/>\n<meta property=\"og:type\" content=\"article\" \/>\n<meta property=\"og:title\" content=\"Informaci\u00f3n Importante\" \/>\n<meta property=\"og:description\" content=\"Informaci\u00f3n del Golden Club Cabanas: check-in\/out, limpieza, accesos, barco a la playa de Isla de Cabanas, Kids\u2019 Club, piscinas y spa.\" \/>\n<meta property=\"og:url\" content=\"https:\/\/goldenclubcabanas.com\/es\/mas-informacion\/\" \/>\n<meta property=\"og:site_name\" content=\"Golden Club Cabanas Aparthotel Algarve, Portugal\" \/>\n<meta property=\"article:modified_time\" content=\"2026-04-14T16:03:11+00:00\" \/>\n<meta name=\"twitter:card\" content=\"summary_large_image\" \/>\n<meta name=\"twitter:label1\" content=\"Tiempo de lectura\" \/>\n\t<meta name=\"twitter:data1\" content=\"4 minutos\" \/>\n<script type=\"application\/ld+json\" class=\"yoast-schema-graph\">{\"@context\":\"https:\/\/schema.org\",\"@graph\":[{\"@type\":\"WebPage\",\"@id\":\"https:\/\/goldenclubcabanas.com\/es\/mas-informacion\/\",\"url\":\"https:\/\/goldenclubcabanas.com\/es\/mas-informacion\/\",\"name\":\"Informaci\u00f3n Importante - Golden Club Cabanas Aparthotel Algarve, Portugal\",\"isPartOf\":{\"@id\":\"https:\/\/goldenclubcabanas.com\/en\/#website\"},\"datePublished\":\"2025-09-23T13:37:33+00:00\",\"dateModified\":\"2026-04-14T16:03:11+00:00\",\"description\":\"Informaci\u00f3n del Golden Club Cabanas: check-in\/out, limpieza, accesos, barco a la playa de Isla de Cabanas, Kids\u2019 Club, piscinas y spa.\",\"breadcrumb\":{\"@id\":\"https:\/\/goldenclubcabanas.com\/es\/mas-informacion\/#breadcrumb\"},\"inLanguage\":\"es\",\"potentialAction\":[{\"@type\":\"ReadAction\",\"target\":[\"https:\/\/goldenclubcabanas.com\/es\/mas-informacion\/\"]}]},{\"@type\":\"BreadcrumbList\",\"@id\":\"https:\/\/goldenclubcabanas.com\/es\/mas-informacion\/#breadcrumb\",\"itemListElement\":[{\"@type\":\"ListItem\",\"position\":1,\"name\":\"In\u00edcio\",\"item\":\"https:\/\/goldenclubcabanas.com\/es\/\"},{\"@type\":\"ListItem\",\"position\":2,\"name\":\"Informaci\u00f3n Importante\"}]},{\"@type\":\"WebSite\",\"@id\":\"https:\/\/goldenclubcabanas.com\/en\/#website\",\"url\":\"https:\/\/goldenclubcabanas.com\/en\/\",\"name\":\"Golden Club Cabanas\",\"description\":\"\",\"potentialAction\":[{\"@type\":\"SearchAction\",\"target\":{\"@type\":\"EntryPoint\",\"urlTemplate\":\"https:\/\/goldenclubcabanas.com\/en\/?s={search_term_string}\"},\"query-input\":{\"@type\":\"PropertyValueSpecification\",\"valueRequired\":true,\"valueName\":\"search_term_string\"}}],\"inLanguage\":\"es\"}]}<\/script>\n<!-- \/ Yoast SEO Premium plugin. -->","yoast_head_json":{"title":"Informaci\u00f3n Importante - Golden Club Cabanas Aparthotel Algarve, Portugal","description":"Informaci\u00f3n del Golden Club Cabanas: check-in\/out, limpieza, accesos, barco a la playa de Isla de Cabanas, Kids\u2019 Club, piscinas y spa.","robots":{"index":"index","follow":"follow","max-snippet":"max-snippet:-1","max-image-preview":"max-image-preview:large","max-video-preview":"max-video-preview:-1"},"canonical":"https:\/\/goldenclubcabanas.com\/es\/mas-informacion\/","og_locale":"es_ES","og_type":"article","og_title":"Informaci\u00f3n Importante","og_description":"Informaci\u00f3n del Golden Club Cabanas: check-in\/out, limpieza, accesos, barco a la playa de Isla de Cabanas, Kids\u2019 Club, piscinas y spa.","og_url":"https:\/\/goldenclubcabanas.com\/es\/mas-informacion\/","og_site_name":"Golden Club Cabanas Aparthotel Algarve, Portugal","article_modified_time":"2026-04-14T16:03:11+00:00","twitter_card":"summary_large_image","twitter_misc":{"Tiempo de lectura":"4 minutos"},"schema":{"@context":"https:\/\/schema.org","@graph":[{"@type":"WebPage","@id":"https:\/\/goldenclubcabanas.com\/es\/mas-informacion\/","url":"https:\/\/goldenclubcabanas.com\/es\/mas-informacion\/","name":"Informaci\u00f3n Importante - Golden Club Cabanas Aparthotel Algarve, Portugal","isPartOf":{"@id":"https:\/\/goldenclubcabanas.com\/en\/#website"},"datePublished":"2025-09-23T13:37:33+00:00","dateModified":"2026-04-14T16:03:11+00:00","description":"Informaci\u00f3n del Golden Club Cabanas: check-in\/out, limpieza, accesos, barco a la playa de Isla de Cabanas, Kids\u2019 Club, piscinas y spa.","breadcrumb":{"@id":"https:\/\/goldenclubcabanas.com\/es\/mas-informacion\/#breadcrumb"},"inLanguage":"es","potentialAction":[{"@type":"ReadAction","target":["https:\/\/goldenclubcabanas.com\/es\/mas-informacion\/"]}]},{"@type":"BreadcrumbList","@id":"https:\/\/goldenclubcabanas.com\/es\/mas-informacion\/#breadcrumb","itemListElement":[{"@type":"ListItem","position":1,"name":"In\u00edcio","item":"https:\/\/goldenclubcabanas.com\/es\/"},{"@type":"ListItem","position":2,"name":"Informaci\u00f3n Importante"}]},{"@type":"WebSite","@id":"https:\/\/goldenclubcabanas.com\/en\/#website","url":"https:\/\/goldenclubcabanas.com\/en\/","name":"Golden Club Cabanas","description":"","potentialAction":[{"@type":"SearchAction","target":{"@type":"EntryPoint","urlTemplate":"https:\/\/goldenclubcabanas.com\/en\/?s={search_term_string}"},"query-input":{"@type":"PropertyValueSpecification","valueRequired":true,"valueName":"search_term_string"}}],"inLanguage":"es"}]}},"_links":{"self":[{"href":"https:\/\/goldenclubcabanas.com\/es\/wp-json\/wp\/v2\/pages\/4923","targetHints":{"allow":["GET"]}}],"collection":[{"href":"https:\/\/goldenclubcabanas.com\/es\/wp-json\/wp\/v2\/pages"}],"about":[{"href":"https:\/\/goldenclubcabanas.com\/es\/wp-json\/wp\/v2\/types\/page"}],"author":[{"embeddable":true,"href":"https:\/\/goldenclubcabanas.com\/es\/wp-json\/wp\/v2\/users\/2"}],"replies":[{"embeddable":true,"href":"https:\/\/goldenclubcabanas.com\/es\/wp-json\/wp\/v2\/comments?post=4923"}],"version-history":[{"count":11,"href":"https:\/\/goldenclubcabanas.com\/es\/wp-json\/wp\/v2\/pages\/4923\/revisions"}],"predecessor-version":[{"id":7700,"href":"https:\/\/goldenclubcabanas.com\/es\/wp-json\/wp\/v2\/pages\/4923\/revisions\/7700"}],"wp:attachment":[{"href":"https:\/\/goldenclubcabanas.com\/es\/wp-json\/wp\/v2\/media?parent=4923"}],"curies":[{"name":"wp","href":"https:\/\/api.w.org\/{rel}","templated":true}]}}