{"id":7078,"date":"2025-10-20T16:34:59","date_gmt":"2025-10-20T16:34:59","guid":{"rendered":"https:\/\/goldenclubcabanas.com\/para-criancas\/"},"modified":"2025-10-20T17:52:10","modified_gmt":"2025-10-20T17:52:10","slug":"para-los-ninos","status":"publish","type":"page","link":"https:\/\/goldenclubcabanas.com\/es\/para-los-ninos\/","title":{"rendered":"Para los ni\u00f1os"},"content":{"rendered":"\n<div class=\"dng-hero-section gb-element-46afd053\">\n<div class=\"dng-content-section gb-element-399894b7\">\n<h1 class=\"gb-text lg-font gb-text-092fc453\" data-aos=\"fade-up\" data-aos-anchor-placement=\"top-bottom\" data-aos-duration=\"1500\">Vacaciones a medida de los m\u00e1s peque\u00f1os<\/h1>\n\n\n\n<p class=\"gb-text gb-text-ef0676c9 body1\" data-aos-anchor-placement=\"top-bottom\" data-aos=\"fade-up\" data-aos-duration=\"2000\">Comodidad para los padres, diversi\u00f3n para los ni\u00f1os: naturaleza, animaci\u00f3n y momentos que perduran.<\/p>\n<\/div>\n<\/div>\n\n\n\n<div class=\"dng-section-space\">\n<div class=\"dng-content-section no-overflow\">\n<h2 class=\"gb-text gb-text-d12869c9 title1\" data-aos=\"fade-up\" data-aos-duration=\"1000\" data-aos-anchor-placement=\"center-bottom\">Ni\u00f1os felices, padres tranquilos<\/h2>\n\n\n\n<p class=\"gb-text gb-text-6e1ca6c5 body2\" data-aos=\"fade-up\" data-aos-duration=\"1400\" data-aos-anchor-placement=\"center-bottom\">En el coraz\u00f3n del majestuoso\u00a0<strong>Parque Natural de Ria Formosa<\/strong>, el\u00a0<strong>Golden Club Cabanas<\/strong>\u00a0es el lugar perfecto para unas vacaciones inolvidables en familia y las primeras aventuras de los m\u00e1s peque\u00f1os.<br>Aqu\u00ed, los ni\u00f1os podr\u00e1n explorar la naturaleza, correr con libertad por los amplios espacios del complejo y divertirse con\u00a0<strong>Leo el camale\u00f3n<\/strong>\u00a0en el\u00a0<strong><a href=\"https:\/\/goldenclubcabanas.com\/es\/vacaciones-algarve\/animacion-infantil\/\">Kids Club<\/a><\/strong>. Desde su primer chapuz\u00f3n en la piscina hasta los juegos en el mar, una gran variedad de actividades llenar\u00e1n sus d\u00edas de alegr\u00eda y crear\u00e1n recuerdos que durar\u00e1n toda la vida.<br><strong>\u00a1Un destino donde la felicidad te espera en cada rinc\u00f3n!<\/strong><br><br><em>Nota: del 03\/11 al 30\/11 nuestra animaci\u00f3n har\u00e1 una peque\u00f1a pausa, pero volver\u00e1 en diciembre con a\u00fan m\u00e1s energ\u00eda y diversi\u00f3n. \u00a1Gracias por su comprensi\u00f3n!<\/em><\/p>\n<\/div>\n<\/div>\n\n\n\n<div>\n<div class=\"dng-content-section\">\n<div class=\"gb-element-921b6d95\">\n<h2 class=\"gb-text gb-text-b211fb4a title1\" data-aos=\"fade-up\" data-aos-duration=\"2000\" data-aos-anchor-placement=\"center-bottom\">Animaci\u00f3n para los m\u00e1s peque\u00f1os<\/h2>\n\n\n\n<ul class=\"wp-block-list\">\n<li>Equipo profesional y dedicado al cuidado de los ni\u00f1os.<\/li>\n\n\n\n<li>Actividades variadas, 5 d\u00edas a la semana.<\/li>\n\n\n\n<li>Una combinaci\u00f3n perfecta de actividades interiores y al aire libre.<\/li>\n\n\n\n<li>\u00a1Diversi\u00f3n garantizada para todos!<\/li>\n<\/ul>\n<\/div>\n\n\n\n<div class=\"gb-element-ab626a7d\" data-aos=\"fade-up\" data-aos-duration=\"1600\" data-aos-anchor-placement=\"center-bottom\">\n<img loading=\"lazy\" decoding=\"async\" width=\"2560\" height=\"845\" class=\"gb-media-7e86c891\" src=\"https:\/\/goldenclubcabanas.com\/wp-content\/uploads\/2025\/10\/separador-para-criancas.webp\" title=\"separador-para-criancas\" srcset=\"https:\/\/goldenclubcabanas.com\/wp-content\/uploads\/2025\/10\/separador-para-criancas.webp 2560w, https:\/\/goldenclubcabanas.com\/wp-content\/uploads\/2025\/10\/separador-para-criancas-300x99.webp 300w, https:\/\/goldenclubcabanas.com\/wp-content\/uploads\/2025\/10\/separador-para-criancas-1024x338.webp 1024w, https:\/\/goldenclubcabanas.com\/wp-content\/uploads\/2025\/10\/separador-para-criancas-768x254.webp 768w, https:\/\/goldenclubcabanas.com\/wp-content\/uploads\/2025\/10\/separador-para-criancas-1536x507.webp 1536w, https:\/\/goldenclubcabanas.com\/wp-content\/uploads\/2025\/10\/separador-para-criancas-2048x676.webp 2048w\" sizes=\"auto, (max-width: 2560px) 100vw, 2560px\" \/>\n<\/div>\n<\/div>\n<\/div>\n\n\n\n<div class=\"dng-section-space gb-element-ce3d6438\">\n<div class=\"max-730 gb-element-7bb3c177\">\n<div class=\"gb-element-5b29ebcb\">\n<div class=\"no-overflow gb-element-1a06d338\">\n<figure class=\"wp-block-image size-full dng-img dng-img-546\"><img loading=\"lazy\" decoding=\"async\" width=\"662\" height=\"1024\" src=\"https:\/\/goldenclubcabanas.com\/wp-content\/uploads\/2025\/10\/para-criancas-1.webp\" alt=\"\" class=\"wp-image-7051\" srcset=\"https:\/\/goldenclubcabanas.com\/wp-content\/uploads\/2025\/10\/para-criancas-1.webp 662w, https:\/\/goldenclubcabanas.com\/wp-content\/uploads\/2025\/10\/para-criancas-1-194x300.webp 194w\" sizes=\"auto, (max-width: 662px) 100vw, 662px\" \/><\/figure>\n<\/div>\n\n\n\n<div class=\"gb-element-6013d3d2\">\n<figure class=\"wp-block-image size-full dng-img dng-img-546\"><img loading=\"lazy\" decoding=\"async\" width=\"662\" height=\"1024\" src=\"https:\/\/goldenclubcabanas.com\/wp-content\/uploads\/2025\/10\/para-criancas-2.webp\" alt=\"\" class=\"wp-image-7055\" srcset=\"https:\/\/goldenclubcabanas.com\/wp-content\/uploads\/2025\/10\/para-criancas-2.webp 662w, https:\/\/goldenclubcabanas.com\/wp-content\/uploads\/2025\/10\/para-criancas-2-194x300.webp 194w\" sizes=\"auto, (max-width: 662px) 100vw, 662px\" \/><\/figure>\n<\/div>\n<\/div>\n<\/div>\n\n\n\n<div class=\"no-overflow gb-element-0c7a650e\">\n<h2 class=\"gb-text gb-text-285784b7 title1\" data-aos=\"fade-up\" data-aos-delay=\"200\" data-aos-duration=\"800\" data-aos-anchor-placement=\"bottom-bottom\">Kids Club<\/h2>\n\n\n\n<p class=\"gb-text\">Para ni\u00f1os de 3 a 12 a\u00f1os*<\/p>\n\n\n\n<p><strong>Horarios de apertura:<\/strong><\/p>\n\n\n\n<p><strong>Diciembre a Abril<\/strong><br>Martes a Domingo: 10h00 \u2013 13h00 \/ 15h00 \u2013 17h00<\/p>\n\n\n\n<p><strong>Mayo a Octubre<\/strong><br>Todos los d\u00edas: 10h00 \u2013 12h00 \/ 15h00 \u2013 18h00<\/p>\n\n\n\n<p><strong>Instalaciones<\/strong>:<\/p>\n\n\n\n<ul class=\"wp-block-list\">\n<li>Trampol\u00edn<\/li>\n\n\n\n<li>Estructuras hinchables<\/li>\n\n\n\n<li>Columpios<\/li>\n\n\n\n<li>Pir\u00e2mide de cuerdas<\/li>\n\n\n\n<li>Sala de juegos interior<\/li>\n<\/ul>\n\n\n\n<p style=\"font-size: 11px;\">* Los ni\u00f1os menores de 3 a\u00f1os deben estar siempre acompa\u00f1ados por un adulto. Los ni\u00f1os de 3 a\u00f1os deben haber dejado el pa\u00f1al para participar en las actividades supervisadas.<\/p>\n<\/div>\n<\/div>\n\n\n\n<div class=\"dng-section-padding gb-element-50d9a40c\" data-aos=\"fade-up\" data-aos-duration=\"1800\" data-aos-anchor-placement=\"center-bottom\">\n<div class=\"dng-section-padding gb-element-32c43737\">\n<div class=\"dng-content-section gb-element-eaca5965\">\n<div class=\"gb-element-2c2ec9bb\" data-aos=\"fade-up\" data-aos-duration=\"1800\" data-aos-anchor-placement=\"center-bottom\">\n<div class=\"dng-col-6\">\n<figure class=\"wp-block-image size-full\"><img loading=\"lazy\" decoding=\"async\" width=\"665\" height=\"470\" src=\"https:\/\/goldenclubcabanas.com\/wp-content\/uploads\/2025\/10\/leo-babysitting-2.webp\" alt=\"\" class=\"wp-image-7037\" srcset=\"https:\/\/goldenclubcabanas.com\/wp-content\/uploads\/2025\/10\/leo-babysitting-2.webp 665w, https:\/\/goldenclubcabanas.com\/wp-content\/uploads\/2025\/10\/leo-babysitting-2-300x212.webp 300w\" sizes=\"auto, (max-width: 665px) 100vw, 665px\" \/><\/figure>\n<\/div>\n\n\n\n<div class=\"dng-col-4\">\n<div class=\"dng-padding-left-70 dng-padding-right-60 gb-element-5d988d03\">\n<h3 class=\"gb-text\">Servicios Adicionales<\/h3>\n\n\n\n<p class=\"gb-text body2\">Babysitting<\/p>\n\n\n\n<p class=\"gb-text body2\">Rel\u00e1jate con total tranquilidad gracias a nuestro servicio de babysitting, gestionado por un socio de confianza con profesionales cualificados. Tus peque\u00f1os estar\u00e1n en las mejores manos mientras t\u00fa disfrutas de tu tiempo libre al m\u00e1ximo.<\/p>\n\n\n\n<p class=\"gb-text body2\">\ud83d\udccc\u00a0<strong>Servicio disponible previa reserva.<\/strong>\u00a0Para m\u00e1s informaci\u00f3n o para realizar tu reserva, contacta con el Kids Club o con la Oficina de Animaci\u00f3n.<\/p>\n<\/div>\n<\/div>\n<\/div>\n<\/div>\n<\/div>\n<\/div>\n\n\n\n<div class=\"gb-element-639d2133\">\n<div class=\"dng-content-section no-overflow gb-element-dacefb0c\">\n<div class=\"gb-element-23c2b4d5\">\n<div class=\"gb-element-6cb94c45\">\n<div class=\"dng-img dng-img-500\">\n<figure class=\"wp-block-image size-full\"><img loading=\"lazy\" decoding=\"async\" width=\"747\" height=\"389\" src=\"https:\/\/goldenclubcabanas.com\/wp-content\/uploads\/2025\/10\/para-criancas-cta.webp\" alt=\"\" class=\"wp-image-7069\" srcset=\"https:\/\/goldenclubcabanas.com\/wp-content\/uploads\/2025\/10\/para-criancas-cta.webp 747w, https:\/\/goldenclubcabanas.com\/wp-content\/uploads\/2025\/10\/para-criancas-cta-300x156.webp 300w\" sizes=\"auto, (max-width: 747px) 100vw, 747px\" \/><\/figure>\n<\/div>\n<\/div>\n\n\n\n<div class=\"gb-element-2d9fae42\">\n<h3 class=\"gb-text gb-text-9b3f823a\">\u00a1Reserva ahora y regala a tu familia unas vacaciones excepcionales!<\/h3>\n\n\n\n<a class=\"dng-gpc-btn gb-text-0a553eaf button-text btn-gold-outline dng-button\" href=\"https:\/\/booking.goldenclubcabanas.com\/es\/\" target=\"_blank\" rel=\"noopener\"><span class=\"gb-text\">reserva ya<\/span><span class=\"gb-shape\"><svg width=\"50\" height=\"25\" viewBox=\"0 0 24 25\" fill=\"none\" xmlns=\"http:\/\/www.w3.org\/2000\/svg\">\n<path d=\"M23.542 11.392L18.825 6.67505L18.118 7.38205L22.736 12H0V13H22.734L18.117 17.617L18.824 18.324L23.542 13.606C24.152 12.996 24.152 12.002 23.542 11.392Z\" fill=\"#1E1E1E\"><\/path>\n<\/svg>\n<\/span><\/a>\n<\/div>\n<\/div>\n<\/div>\n<\/div>\n","protected":false},"excerpt":{"rendered":"<p>Vacaciones a medida de los m\u00e1s peque\u00f1os Comodidad para los padres, diversi\u00f3n para los ni\u00f1os: naturaleza, animaci\u00f3n y momentos que perduran. Ni\u00f1os felices, padres tranquilos En el coraz\u00f3n del majestuoso\u00a0Parque Natural de Ria Formosa, el\u00a0Golden Club Cabanas\u00a0es el lugar perfecto para unas vacaciones inolvidables en familia y las primeras aventuras de los m\u00e1s peque\u00f1os.Aqu\u00ed, los &#8230; <a title=\"Para los ni\u00f1os\" class=\"read-more\" href=\"https:\/\/goldenclubcabanas.com\/es\/para-los-ninos\/\" aria-label=\"Leer m\u00e1s sobre Para los ni\u00f1os\">Leer m\u00e1s<\/a><\/p>\n","protected":false},"author":9,"featured_media":0,"parent":0,"menu_order":44,"comment_status":"closed","ping_status":"closed","template":"","meta":{"_acf_changed":false,"footnotes":""},"class_list":["post-7078","page","type-page","status-publish"],"acf":[],"yoast_head":"<!-- This site is optimized with the Yoast SEO Premium plugin v25.9 (Yoast SEO v25.9) - https:\/\/yoast.com\/wordpress\/plugins\/seo\/ -->\n<title>Vacaciones para ni\u00f1os en Algarve | Golden Club Cabanas<\/title>\n<meta name=\"description\" content=\"Un destino de vacaciones para ni\u00f1os en el Algarve, con club infantil, entretenimiento y apartamentos equipados en Cabanas de Tavira.\" \/>\n<meta name=\"robots\" content=\"index, follow, max-snippet:-1, max-image-preview:large, max-video-preview:-1\" \/>\n<link rel=\"canonical\" href=\"https:\/\/goldenclubcabanas.com\/es\/para-los-ninos\/\" \/>\n<meta property=\"og:locale\" content=\"es_ES\" \/>\n<meta property=\"og:type\" content=\"article\" \/>\n<meta property=\"og:title\" content=\"Para los ni\u00f1os\" \/>\n<meta property=\"og:description\" content=\"Un destino de vacaciones para ni\u00f1os en el Algarve, con club infantil, entretenimiento y apartamentos equipados en Cabanas de Tavira.\" \/>\n<meta property=\"og:url\" content=\"https:\/\/goldenclubcabanas.com\/es\/para-los-ninos\/\" \/>\n<meta property=\"og:site_name\" content=\"Golden Club Cabanas Aparthotel Algarve, Portugal\" \/>\n<meta property=\"article:modified_time\" content=\"2025-10-20T17:52:10+00:00\" \/>\n<meta property=\"og:image\" content=\"https:\/\/goldenclubcabanas.com\/wp-content\/uploads\/2025\/10\/separador-para-criancas.webp\" \/>\n<meta name=\"twitter:card\" content=\"summary_large_image\" \/>\n<meta name=\"twitter:label1\" content=\"Tiempo de lectura\" \/>\n\t<meta name=\"twitter:data1\" content=\"3 minutos\" \/>\n<script type=\"application\/ld+json\" class=\"yoast-schema-graph\">{\"@context\":\"https:\/\/schema.org\",\"@graph\":[{\"@type\":\"WebPage\",\"@id\":\"https:\/\/goldenclubcabanas.com\/es\/para-los-ninos\/\",\"url\":\"https:\/\/goldenclubcabanas.com\/es\/para-los-ninos\/\",\"name\":\"Vacaciones para ni\u00f1os en Algarve | Golden Club Cabanas\",\"isPartOf\":{\"@id\":\"https:\/\/goldenclubcabanas.com\/en\/#website\"},\"primaryImageOfPage\":{\"@id\":\"https:\/\/goldenclubcabanas.com\/es\/para-los-ninos\/#primaryimage\"},\"image\":{\"@id\":\"https:\/\/goldenclubcabanas.com\/es\/para-los-ninos\/#primaryimage\"},\"thumbnailUrl\":\"https:\/\/goldenclubcabanas.com\/wp-content\/uploads\/2025\/10\/separador-para-criancas.webp\",\"datePublished\":\"2025-10-20T16:34:59+00:00\",\"dateModified\":\"2025-10-20T17:52:10+00:00\",\"description\":\"Un destino de vacaciones para ni\u00f1os en el Algarve, con club infantil, entretenimiento y apartamentos equipados en Cabanas de Tavira.\",\"breadcrumb\":{\"@id\":\"https:\/\/goldenclubcabanas.com\/es\/para-los-ninos\/#breadcrumb\"},\"inLanguage\":\"es\",\"potentialAction\":[{\"@type\":\"ReadAction\",\"target\":[\"https:\/\/goldenclubcabanas.com\/es\/para-los-ninos\/\"]}]},{\"@type\":\"ImageObject\",\"inLanguage\":\"es\",\"@id\":\"https:\/\/goldenclubcabanas.com\/es\/para-los-ninos\/#primaryimage\",\"url\":\"https:\/\/goldenclubcabanas.com\/wp-content\/uploads\/2025\/10\/separador-para-criancas.webp\",\"contentUrl\":\"https:\/\/goldenclubcabanas.com\/wp-content\/uploads\/2025\/10\/separador-para-criancas.webp\"},{\"@type\":\"BreadcrumbList\",\"@id\":\"https:\/\/goldenclubcabanas.com\/es\/para-los-ninos\/#breadcrumb\",\"itemListElement\":[{\"@type\":\"ListItem\",\"position\":1,\"name\":\"In\u00edcio\",\"item\":\"https:\/\/goldenclubcabanas.com\/es\/\"},{\"@type\":\"ListItem\",\"position\":2,\"name\":\"Para los ni\u00f1os\"}]},{\"@type\":\"WebSite\",\"@id\":\"https:\/\/goldenclubcabanas.com\/en\/#website\",\"url\":\"https:\/\/goldenclubcabanas.com\/en\/\",\"name\":\"Golden Club Cabanas\",\"description\":\"\",\"potentialAction\":[{\"@type\":\"SearchAction\",\"target\":{\"@type\":\"EntryPoint\",\"urlTemplate\":\"https:\/\/goldenclubcabanas.com\/en\/?s={search_term_string}\"},\"query-input\":{\"@type\":\"PropertyValueSpecification\",\"valueRequired\":true,\"valueName\":\"search_term_string\"}}],\"inLanguage\":\"es\"}]}<\/script>\n<!-- \/ Yoast SEO Premium plugin. -->","yoast_head_json":{"title":"Vacaciones para ni\u00f1os en Algarve | Golden Club Cabanas","description":"Un destino de vacaciones para ni\u00f1os en el Algarve, con club infantil, entretenimiento y apartamentos equipados en Cabanas de Tavira.","robots":{"index":"index","follow":"follow","max-snippet":"max-snippet:-1","max-image-preview":"max-image-preview:large","max-video-preview":"max-video-preview:-1"},"canonical":"https:\/\/goldenclubcabanas.com\/es\/para-los-ninos\/","og_locale":"es_ES","og_type":"article","og_title":"Para los ni\u00f1os","og_description":"Un destino de vacaciones para ni\u00f1os en el Algarve, con club infantil, entretenimiento y apartamentos equipados en Cabanas de Tavira.","og_url":"https:\/\/goldenclubcabanas.com\/es\/para-los-ninos\/","og_site_name":"Golden Club Cabanas Aparthotel Algarve, Portugal","article_modified_time":"2025-10-20T17:52:10+00:00","og_image":[{"url":"https:\/\/goldenclubcabanas.com\/wp-content\/uploads\/2025\/10\/separador-para-criancas.webp","type":"","width":"","height":""}],"twitter_card":"summary_large_image","twitter_misc":{"Tiempo de lectura":"3 minutos"},"schema":{"@context":"https:\/\/schema.org","@graph":[{"@type":"WebPage","@id":"https:\/\/goldenclubcabanas.com\/es\/para-los-ninos\/","url":"https:\/\/goldenclubcabanas.com\/es\/para-los-ninos\/","name":"Vacaciones para ni\u00f1os en Algarve | Golden Club Cabanas","isPartOf":{"@id":"https:\/\/goldenclubcabanas.com\/en\/#website"},"primaryImageOfPage":{"@id":"https:\/\/goldenclubcabanas.com\/es\/para-los-ninos\/#primaryimage"},"image":{"@id":"https:\/\/goldenclubcabanas.com\/es\/para-los-ninos\/#primaryimage"},"thumbnailUrl":"https:\/\/goldenclubcabanas.com\/wp-content\/uploads\/2025\/10\/separador-para-criancas.webp","datePublished":"2025-10-20T16:34:59+00:00","dateModified":"2025-10-20T17:52:10+00:00","description":"Un destino de vacaciones para ni\u00f1os en el Algarve, con club infantil, entretenimiento y apartamentos equipados en Cabanas de Tavira.","breadcrumb":{"@id":"https:\/\/goldenclubcabanas.com\/es\/para-los-ninos\/#breadcrumb"},"inLanguage":"es","potentialAction":[{"@type":"ReadAction","target":["https:\/\/goldenclubcabanas.com\/es\/para-los-ninos\/"]}]},{"@type":"ImageObject","inLanguage":"es","@id":"https:\/\/goldenclubcabanas.com\/es\/para-los-ninos\/#primaryimage","url":"https:\/\/goldenclubcabanas.com\/wp-content\/uploads\/2025\/10\/separador-para-criancas.webp","contentUrl":"https:\/\/goldenclubcabanas.com\/wp-content\/uploads\/2025\/10\/separador-para-criancas.webp"},{"@type":"BreadcrumbList","@id":"https:\/\/goldenclubcabanas.com\/es\/para-los-ninos\/#breadcrumb","itemListElement":[{"@type":"ListItem","position":1,"name":"In\u00edcio","item":"https:\/\/goldenclubcabanas.com\/es\/"},{"@type":"ListItem","position":2,"name":"Para los ni\u00f1os"}]},{"@type":"WebSite","@id":"https:\/\/goldenclubcabanas.com\/en\/#website","url":"https:\/\/goldenclubcabanas.com\/en\/","name":"Golden Club Cabanas","description":"","potentialAction":[{"@type":"SearchAction","target":{"@type":"EntryPoint","urlTemplate":"https:\/\/goldenclubcabanas.com\/en\/?s={search_term_string}"},"query-input":{"@type":"PropertyValueSpecification","valueRequired":true,"valueName":"search_term_string"}}],"inLanguage":"es"}]}},"_links":{"self":[{"href":"https:\/\/goldenclubcabanas.com\/es\/wp-json\/wp\/v2\/pages\/7078","targetHints":{"allow":["GET"]}}],"collection":[{"href":"https:\/\/goldenclubcabanas.com\/es\/wp-json\/wp\/v2\/pages"}],"about":[{"href":"https:\/\/goldenclubcabanas.com\/es\/wp-json\/wp\/v2\/types\/page"}],"author":[{"embeddable":true,"href":"https:\/\/goldenclubcabanas.com\/es\/wp-json\/wp\/v2\/users\/9"}],"replies":[{"embeddable":true,"href":"https:\/\/goldenclubcabanas.com\/es\/wp-json\/wp\/v2\/comments?post=7078"}],"version-history":[{"count":1,"href":"https:\/\/goldenclubcabanas.com\/es\/wp-json\/wp\/v2\/pages\/7078\/revisions"}],"predecessor-version":[{"id":7084,"href":"https:\/\/goldenclubcabanas.com\/es\/wp-json\/wp\/v2\/pages\/7078\/revisions\/7084"}],"wp:attachment":[{"href":"https:\/\/goldenclubcabanas.com\/es\/wp-json\/wp\/v2\/media?parent=7078"}],"curies":[{"name":"wp","href":"https:\/\/api.w.org\/{rel}","templated":true}]}}