{"id":1967,"date":"2025-05-02T09:53:14","date_gmt":"2025-05-02T09:53:14","guid":{"rendered":"https:\/\/goldenclubcabanas.com\/animacao\/"},"modified":"2026-03-19T16:34:25","modified_gmt":"2026-03-19T16:34:25","slug":"animation","status":"publish","type":"page","link":"https:\/\/goldenclubcabanas.com\/fr\/resort-algarve-tout-inclus\/animation\/","title":{"rendered":"Animation"},"content":{"rendered":"\n<div class=\"dng-hero-section gb-element-46afd053\">\n<div class=\"dng-content-section gb-element-399894b7\">\n<h1 class=\"gb-text lg-font gb-text-092fc453\" data-aos=\"fade-up\" data-aos-anchor-placement=\"top-bottom\" data-aos-duration=\"1500\">Des animations pour toute la famille<\/h1>\n\n\n\n<p class=\"gb-text gb-text-ef0676c9 body1\" data-aos-anchor-placement=\"top-bottom\" data-aos=\"fade-up\" data-aos-duration=\"2000\">Dans notre h\u00f4tel avec animation en Algarve, il y a des activit\u00e9s pour tout le monde, avec du sport, de la musique et beaucoup de plaisir tout au long de l\u2019ann\u00e9e.<\/p>\n<\/div>\n<\/div>\n\n\n\n<div class=\"dng-section-space\">\n<div class=\"dng-content-section no-overflow\">\n<h2 class=\"gb-text gb-text-34cc2d33 title1\" data-aos=\"fade-up\" data-aos-duration=\"1000\" data-aos-anchor-placement=\"center-bottom\">Joie, bien-\u00eatre et \u00e9nergie sans limites<\/h2>\n\n\n\n<p class=\"gb-text gb-text-faa0d48c body2\" data-aos=\"fade-up\" data-aos-duration=\"1400\" data-aos-anchor-placement=\"center-bottom\">Au Golden Club Cabanas, chaque jour apporte une nouvelle fa\u00e7on de s\u2019amuser. Des activit\u00e9s sportives de plein air pendant la journ\u00e9e aux spectacles et moments musicaux la nuit, nous avons un programme con\u00e7u pour tous les \u00e2ges et tous les go\u00fbts. Que ce soit en famille, en couple ou entre amis, il se passe toujours quelque chose, qu\u2019il s\u2019agisse de cours de danse, de tournois ou de jeux, de soir\u00e9es \u00e0 th\u00e8me avec de la musique live, d\u2019artistes invit\u00e9s et bien plus encore. En \u00e9t\u00e9 comme en hiver, nous vous garantissons un s\u00e9jour plein d\u2019\u00e9nergie, de bonne humeur et de souvenirs inoubliables.   <\/p>\n\n\n\n<div class=\"gb-element-ab626a7d\" data-aos=\"fade-up\" data-aos-duration=\"1600\" data-aos-anchor-placement=\"center-bottom\">\n<img loading=\"lazy\" decoding=\"async\" width=\"2560\" height=\"845\" class=\"gb-media-7e86c891\" src=\"https:\/\/goldenclubcabanas.com\/wp-content\/uploads\/2025\/10\/animacao-separador.webp\" title=\"animacao-separador\" srcset=\"https:\/\/goldenclubcabanas.com\/wp-content\/uploads\/2025\/10\/animacao-separador.webp 2560w, https:\/\/goldenclubcabanas.com\/wp-content\/uploads\/2025\/10\/animacao-separador-300x99.webp 300w, https:\/\/goldenclubcabanas.com\/wp-content\/uploads\/2025\/10\/animacao-separador-1024x338.webp 1024w, https:\/\/goldenclubcabanas.com\/wp-content\/uploads\/2025\/10\/animacao-separador-768x254.webp 768w, https:\/\/goldenclubcabanas.com\/wp-content\/uploads\/2025\/10\/animacao-separador-1536x507.webp 1536w, https:\/\/goldenclubcabanas.com\/wp-content\/uploads\/2025\/10\/animacao-separador-2048x676.webp 2048w\" sizes=\"auto, (max-width: 2560px) 100vw, 2560px\" \/>\n<\/div>\n<\/div>\n<\/div>\n\n\n\r\n<div id=\"dng-c-images-slider-block_ac80512e491927ddf37c3c19457e13ff\" class=\"dng-c-images-slider gcc-section-space\">\r\n            <div class=\"dng-content-section\">\r\n            <div class=\"dng-imgSlider_content overflow-none\">\r\n                                    <h2 class=\"title1\" data-aos=\"fade-up\" data-aos-duration=\"2000\" data-aos-anchor-placement=\"center-bottom\">Divertissement sportif<\/h2>\r\n                                    <p class=\"body2\" data-aos=\"fade-up\" data-aos-duration=\"2200\" data-aos-anchor-placement=\"center-bottom\">Gr\u00e2ce \u00e0 des \u00e9quipements vari\u00e9s, vous pourrez rester actif ou simplement vous d\u00e9tendre pendant vos vacances. Tout au long de l\u2019ann\u00e9e, nous proposons un programme d\u2019animation avec des activit\u00e9s adapt\u00e9es \u00e0 la saison et pens\u00e9es pour diff\u00e9rents \u00e2ges et pr\u00e9f\u00e9rences. Profitez \u00e9galement des sentiers et de la promenade en bois en bord de mer de Cabanas, id\u00e9als pour des balades, des courses ou des moments de d\u00e9tente en plein air.<\/p>\r\n                            <\/div>\r\n        <\/div>\r\n                <div class=\"dngImages_slider _leftOffset owl-carousel owl-theme\">\r\n                            <div class=\"dngImages_slider-item\">\r\n                    <img loading=\"lazy\" decoding=\"async\" width=\"1200\" height=\"1290\" src=\"https:\/\/goldenclubcabanas.com\/wp-content\/uploads\/2025\/08\/animacao-galeria-desportiva-1-new.jpg\" class=\"attachment-full size-full\" alt=\"\" srcset=\"https:\/\/goldenclubcabanas.com\/wp-content\/uploads\/2025\/08\/animacao-galeria-desportiva-1-new.jpg 1200w, https:\/\/goldenclubcabanas.com\/wp-content\/uploads\/2025\/08\/animacao-galeria-desportiva-1-new-279x300.jpg 279w, https:\/\/goldenclubcabanas.com\/wp-content\/uploads\/2025\/08\/animacao-galeria-desportiva-1-new-953x1024.jpg 953w, https:\/\/goldenclubcabanas.com\/wp-content\/uploads\/2025\/08\/animacao-galeria-desportiva-1-new-768x826.jpg 768w\" sizes=\"auto, (max-width: 1200px) 100vw, 1200px\" \/>                <\/div>\r\n                            <div class=\"dngImages_slider-item\">\r\n                    <img loading=\"lazy\" decoding=\"async\" width=\"1200\" height=\"1290\" src=\"https:\/\/goldenclubcabanas.com\/wp-content\/uploads\/2025\/08\/animacao-galeria-desportiva-2-new.jpg\" class=\"attachment-full size-full\" alt=\"\" srcset=\"https:\/\/goldenclubcabanas.com\/wp-content\/uploads\/2025\/08\/animacao-galeria-desportiva-2-new.jpg 1200w, https:\/\/goldenclubcabanas.com\/wp-content\/uploads\/2025\/08\/animacao-galeria-desportiva-2-new-279x300.jpg 279w, https:\/\/goldenclubcabanas.com\/wp-content\/uploads\/2025\/08\/animacao-galeria-desportiva-2-new-953x1024.jpg 953w, https:\/\/goldenclubcabanas.com\/wp-content\/uploads\/2025\/08\/animacao-galeria-desportiva-2-new-768x826.jpg 768w\" sizes=\"auto, (max-width: 1200px) 100vw, 1200px\" \/>                <\/div>\r\n                            <div class=\"dngImages_slider-item\">\r\n                    <img loading=\"lazy\" decoding=\"async\" width=\"1200\" height=\"1290\" src=\"https:\/\/goldenclubcabanas.com\/wp-content\/uploads\/2025\/08\/animacao-galeria-desportiva-3-new.jpg\" class=\"attachment-full size-full\" alt=\"\" srcset=\"https:\/\/goldenclubcabanas.com\/wp-content\/uploads\/2025\/08\/animacao-galeria-desportiva-3-new.jpg 1200w, https:\/\/goldenclubcabanas.com\/wp-content\/uploads\/2025\/08\/animacao-galeria-desportiva-3-new-279x300.jpg 279w, https:\/\/goldenclubcabanas.com\/wp-content\/uploads\/2025\/08\/animacao-galeria-desportiva-3-new-953x1024.jpg 953w, https:\/\/goldenclubcabanas.com\/wp-content\/uploads\/2025\/08\/animacao-galeria-desportiva-3-new-768x826.jpg 768w\" sizes=\"auto, (max-width: 1200px) 100vw, 1200px\" \/>                <\/div>\r\n                            <div class=\"dngImages_slider-item\">\r\n                    <img loading=\"lazy\" decoding=\"async\" width=\"1200\" height=\"1290\" src=\"https:\/\/goldenclubcabanas.com\/wp-content\/uploads\/2025\/08\/animacao-galeria-desportiva-4-new.jpg\" class=\"attachment-full size-full\" alt=\"\" srcset=\"https:\/\/goldenclubcabanas.com\/wp-content\/uploads\/2025\/08\/animacao-galeria-desportiva-4-new.jpg 1200w, https:\/\/goldenclubcabanas.com\/wp-content\/uploads\/2025\/08\/animacao-galeria-desportiva-4-new-279x300.jpg 279w, https:\/\/goldenclubcabanas.com\/wp-content\/uploads\/2025\/08\/animacao-galeria-desportiva-4-new-953x1024.jpg 953w, https:\/\/goldenclubcabanas.com\/wp-content\/uploads\/2025\/08\/animacao-galeria-desportiva-4-new-768x826.jpg 768w\" sizes=\"auto, (max-width: 1200px) 100vw, 1200px\" \/>                <\/div>\r\n                    <\/div>\r\n    <\/div>\n\n\n<div class=\"gb-element-6ddf7e4d\">\n<div class=\"dng-content-section no-overflow\">\n<h2 class=\"gb-text dng-mb-20 gb-text-9fbd4645 title1\" data-aos=\"fade-up\" data-aos-duration=\"1400\" data-aos-anchor-placement=\"center-bottom\">Vie nocturne<\/h2>\n\n\n\n<p class=\"gb-text dng-mb-40 gb-text-58653924 body2\" data-aos=\"fade-up\" data-aos-duration=\"1600\" data-aos-anchor-placement=\"center-bottom\">D\u2019avril \u00e0 octobre, nous proposons un programme d\u2019animation pens\u00e9 pour offrir des moments de divertissement et de convivialit\u00e9 tout au long de votre s\u00e9jour. De novembre \u00e0 mars, nous continuons \u00e0 proposer un programme d\u2019animation adapt\u00e9 \u00e0 la saison, avec des options soigneusement pr\u00e9par\u00e9es pour cette p\u00e9riode de l\u2019ann\u00e9e. Les horaires et les activit\u00e9s peuvent \u00eatre modifi\u00e9s sans pr\u00e9avis.<\/p>\n\n\n\n<div class=\"dng-gap-24 gb-element-c543cad0\">\n<div class=\"dng-col-3 dng-img\">\n<img loading=\"lazy\" decoding=\"async\" width=\"523\" height=\"553\" class=\"gb-media-05e0437a\" src=\"https:\/\/goldenclubcabanas.com\/wp-content\/uploads\/2025\/10\/animacao-noturna.webp\" title=\"animacao-noturna\" data-aos=\"fade-up\" data-aos-duration=\"1500\" data-aos-anchor-placement=\"center-bottom\" srcset=\"https:\/\/goldenclubcabanas.com\/wp-content\/uploads\/2025\/10\/animacao-noturna.webp 523w, https:\/\/goldenclubcabanas.com\/wp-content\/uploads\/2025\/10\/animacao-noturna-284x300.webp 284w\" sizes=\"auto, (max-width: 523px) 100vw, 523px\" \/>\n<\/div>\n\n\n\n<div class=\"dng-col-3 dng-img\">\n<img loading=\"lazy\" decoding=\"async\" width=\"523\" height=\"553\" class=\"gb-media-528c6ce5\" src=\"https:\/\/goldenclubcabanas.com\/wp-content\/uploads\/2025\/10\/animacao-noturna-2.webp\" title=\"animacao-noturna-2\" data-aos=\"fade-up\" data-aos-anchor-placement=\"center-bottom\" data-aos-duration=\"1800\" srcset=\"https:\/\/goldenclubcabanas.com\/wp-content\/uploads\/2025\/10\/animacao-noturna-2.webp 523w, https:\/\/goldenclubcabanas.com\/wp-content\/uploads\/2025\/10\/animacao-noturna-2-284x300.webp 284w\" sizes=\"auto, (max-width: 523px) 100vw, 523px\" \/>\n<\/div>\n\n\n\n<div class=\"dng-col-3 dng-img\">\n<img loading=\"lazy\" decoding=\"async\" width=\"523\" height=\"553\" class=\"gb-media-20923148\" src=\"https:\/\/goldenclubcabanas.com\/wp-content\/uploads\/2025\/10\/animacao-noturna-3.webp\" title=\"animacao-noturna-3\" data-aos=\"fade-up\" data-aos-anchor-placement=\"center-bottom\" data-aos-duration=\"2100\" srcset=\"https:\/\/goldenclubcabanas.com\/wp-content\/uploads\/2025\/10\/animacao-noturna-3.webp 523w, https:\/\/goldenclubcabanas.com\/wp-content\/uploads\/2025\/10\/animacao-noturna-3-284x300.webp 284w\" sizes=\"auto, (max-width: 523px) 100vw, 523px\" \/>\n<\/div>\n<\/div>\n<\/div>\n<\/div>\n","protected":false},"excerpt":{"rendered":"<p>Des animations pour toute la famille Dans notre h\u00f4tel avec animation en Algarve, il y a des activit\u00e9s pour tout le monde, avec du sport, de la musique et beaucoup de plaisir tout au long de l\u2019ann\u00e9e. Joie, bien-\u00eatre et \u00e9nergie sans limites Au Golden Club Cabanas, chaque jour apporte une nouvelle fa\u00e7on de s\u2019amuser. &#8230; <a title=\"Animation\" class=\"read-more\" href=\"https:\/\/goldenclubcabanas.com\/fr\/resort-algarve-tout-inclus\/animation\/\" aria-label=\"En savoir plus sur Animation\">Lire plus<\/a><\/p>\n","protected":false},"author":2,"featured_media":0,"parent":4542,"menu_order":1,"comment_status":"closed","ping_status":"closed","template":"","meta":{"_acf_changed":false,"footnotes":""},"class_list":["post-1967","page","type-page","status-publish"],"acf":[],"yoast_head":"<!-- This site is optimized with the Yoast SEO Premium plugin v25.9 (Yoast SEO v25.9) - https:\/\/yoast.com\/wordpress\/plugins\/seo\/ -->\n<title>Divertissement pour toute la famille | Golden Club Cabanas<\/title>\n<meta name=\"description\" content=\"Amusement garanti ! D\u00e9couvrez notre programme d\u2019animation avec des activit\u00e9s, des sports, de la musique live et des spectacles pour adultes et enfants.\" \/>\n<meta name=\"robots\" content=\"index, follow, max-snippet:-1, max-image-preview:large, max-video-preview:-1\" \/>\n<link rel=\"canonical\" href=\"https:\/\/goldenclubcabanas.com\/fr\/resort-algarve-tout-inclus\/animation\/\" \/>\n<meta property=\"og:locale\" content=\"fr_FR\" \/>\n<meta property=\"og:type\" content=\"article\" \/>\n<meta property=\"og:title\" content=\"Animation\" \/>\n<meta property=\"og:description\" content=\"Amusement garanti ! D\u00e9couvrez notre programme d\u2019animation avec des activit\u00e9s, des sports, de la musique live et des spectacles pour adultes et enfants.\" \/>\n<meta property=\"og:url\" content=\"https:\/\/goldenclubcabanas.com\/fr\/resort-algarve-tout-inclus\/animation\/\" \/>\n<meta property=\"og:site_name\" content=\"Golden Club Cabanas Aparthotel Algarve, Portugal\" \/>\n<meta property=\"article:modified_time\" content=\"2026-03-19T16:34:25+00:00\" \/>\n<meta property=\"og:image\" content=\"https:\/\/goldenclubcabanas.com\/wp-content\/uploads\/2025\/10\/animacao-separador.webp\" \/>\n<meta name=\"twitter:card\" content=\"summary_large_image\" \/>\n<meta name=\"twitter:label1\" content=\"Dur\u00e9e de lecture estim\u00e9e\" \/>\n\t<meta name=\"twitter:data1\" content=\"2 minutes\" \/>\n<script type=\"application\/ld+json\" class=\"yoast-schema-graph\">{\"@context\":\"https:\/\/schema.org\",\"@graph\":[{\"@type\":\"WebPage\",\"@id\":\"https:\/\/goldenclubcabanas.com\/fr\/resort-algarve-tout-inclus\/animation\/\",\"url\":\"https:\/\/goldenclubcabanas.com\/fr\/resort-algarve-tout-inclus\/animation\/\",\"name\":\"Divertissement pour toute la famille | Golden Club Cabanas\",\"isPartOf\":{\"@id\":\"https:\/\/goldenclubcabanas.com\/en\/#website\"},\"primaryImageOfPage\":{\"@id\":\"https:\/\/goldenclubcabanas.com\/fr\/resort-algarve-tout-inclus\/animation\/#primaryimage\"},\"image\":{\"@id\":\"https:\/\/goldenclubcabanas.com\/fr\/resort-algarve-tout-inclus\/animation\/#primaryimage\"},\"thumbnailUrl\":\"https:\/\/goldenclubcabanas.com\/wp-content\/uploads\/2025\/10\/animacao-separador.webp\",\"datePublished\":\"2025-05-02T09:53:14+00:00\",\"dateModified\":\"2026-03-19T16:34:25+00:00\",\"description\":\"Amusement garanti ! D\u00e9couvrez notre programme d\u2019animation avec des activit\u00e9s, des sports, de la musique live et des spectacles pour adultes et enfants.\",\"breadcrumb\":{\"@id\":\"https:\/\/goldenclubcabanas.com\/fr\/resort-algarve-tout-inclus\/animation\/#breadcrumb\"},\"inLanguage\":\"fr-FR\",\"potentialAction\":[{\"@type\":\"ReadAction\",\"target\":[\"https:\/\/goldenclubcabanas.com\/fr\/resort-algarve-tout-inclus\/animation\/\"]}]},{\"@type\":\"ImageObject\",\"inLanguage\":\"fr-FR\",\"@id\":\"https:\/\/goldenclubcabanas.com\/fr\/resort-algarve-tout-inclus\/animation\/#primaryimage\",\"url\":\"https:\/\/goldenclubcabanas.com\/wp-content\/uploads\/2025\/10\/animacao-separador.webp\",\"contentUrl\":\"https:\/\/goldenclubcabanas.com\/wp-content\/uploads\/2025\/10\/animacao-separador.webp\"},{\"@type\":\"BreadcrumbList\",\"@id\":\"https:\/\/goldenclubcabanas.com\/fr\/resort-algarve-tout-inclus\/animation\/#breadcrumb\",\"itemListElement\":[{\"@type\":\"ListItem\",\"position\":1,\"name\":\"In\u00edcio\",\"item\":\"https:\/\/goldenclubcabanas.com\/fr\/\"},{\"@type\":\"ListItem\",\"position\":2,\"name\":\"Resort\",\"item\":\"https:\/\/goldenclubcabanas.com\/fr\/resort-algarve-tout-inclus\/\"},{\"@type\":\"ListItem\",\"position\":3,\"name\":\"Animation\"}]},{\"@type\":\"WebSite\",\"@id\":\"https:\/\/goldenclubcabanas.com\/en\/#website\",\"url\":\"https:\/\/goldenclubcabanas.com\/en\/\",\"name\":\"Golden Club Cabanas\",\"description\":\"\",\"potentialAction\":[{\"@type\":\"SearchAction\",\"target\":{\"@type\":\"EntryPoint\",\"urlTemplate\":\"https:\/\/goldenclubcabanas.com\/en\/?s={search_term_string}\"},\"query-input\":{\"@type\":\"PropertyValueSpecification\",\"valueRequired\":true,\"valueName\":\"search_term_string\"}}],\"inLanguage\":\"fr-FR\"}]}<\/script>\n<!-- \/ Yoast SEO Premium plugin. -->","yoast_head_json":{"title":"Divertissement pour toute la famille | Golden Club Cabanas","description":"Amusement garanti ! D\u00e9couvrez notre programme d\u2019animation avec des activit\u00e9s, des sports, de la musique live et des spectacles pour adultes et enfants.","robots":{"index":"index","follow":"follow","max-snippet":"max-snippet:-1","max-image-preview":"max-image-preview:large","max-video-preview":"max-video-preview:-1"},"canonical":"https:\/\/goldenclubcabanas.com\/fr\/resort-algarve-tout-inclus\/animation\/","og_locale":"fr_FR","og_type":"article","og_title":"Animation","og_description":"Amusement garanti ! D\u00e9couvrez notre programme d\u2019animation avec des activit\u00e9s, des sports, de la musique live et des spectacles pour adultes et enfants.","og_url":"https:\/\/goldenclubcabanas.com\/fr\/resort-algarve-tout-inclus\/animation\/","og_site_name":"Golden Club Cabanas Aparthotel Algarve, Portugal","article_modified_time":"2026-03-19T16:34:25+00:00","og_image":[{"url":"https:\/\/goldenclubcabanas.com\/wp-content\/uploads\/2025\/10\/animacao-separador.webp","type":"","width":"","height":""}],"twitter_card":"summary_large_image","twitter_misc":{"Dur\u00e9e de lecture estim\u00e9e":"2 minutes"},"schema":{"@context":"https:\/\/schema.org","@graph":[{"@type":"WebPage","@id":"https:\/\/goldenclubcabanas.com\/fr\/resort-algarve-tout-inclus\/animation\/","url":"https:\/\/goldenclubcabanas.com\/fr\/resort-algarve-tout-inclus\/animation\/","name":"Divertissement pour toute la famille | Golden Club Cabanas","isPartOf":{"@id":"https:\/\/goldenclubcabanas.com\/en\/#website"},"primaryImageOfPage":{"@id":"https:\/\/goldenclubcabanas.com\/fr\/resort-algarve-tout-inclus\/animation\/#primaryimage"},"image":{"@id":"https:\/\/goldenclubcabanas.com\/fr\/resort-algarve-tout-inclus\/animation\/#primaryimage"},"thumbnailUrl":"https:\/\/goldenclubcabanas.com\/wp-content\/uploads\/2025\/10\/animacao-separador.webp","datePublished":"2025-05-02T09:53:14+00:00","dateModified":"2026-03-19T16:34:25+00:00","description":"Amusement garanti ! D\u00e9couvrez notre programme d\u2019animation avec des activit\u00e9s, des sports, de la musique live et des spectacles pour adultes et enfants.","breadcrumb":{"@id":"https:\/\/goldenclubcabanas.com\/fr\/resort-algarve-tout-inclus\/animation\/#breadcrumb"},"inLanguage":"fr-FR","potentialAction":[{"@type":"ReadAction","target":["https:\/\/goldenclubcabanas.com\/fr\/resort-algarve-tout-inclus\/animation\/"]}]},{"@type":"ImageObject","inLanguage":"fr-FR","@id":"https:\/\/goldenclubcabanas.com\/fr\/resort-algarve-tout-inclus\/animation\/#primaryimage","url":"https:\/\/goldenclubcabanas.com\/wp-content\/uploads\/2025\/10\/animacao-separador.webp","contentUrl":"https:\/\/goldenclubcabanas.com\/wp-content\/uploads\/2025\/10\/animacao-separador.webp"},{"@type":"BreadcrumbList","@id":"https:\/\/goldenclubcabanas.com\/fr\/resort-algarve-tout-inclus\/animation\/#breadcrumb","itemListElement":[{"@type":"ListItem","position":1,"name":"In\u00edcio","item":"https:\/\/goldenclubcabanas.com\/fr\/"},{"@type":"ListItem","position":2,"name":"Resort","item":"https:\/\/goldenclubcabanas.com\/fr\/resort-algarve-tout-inclus\/"},{"@type":"ListItem","position":3,"name":"Animation"}]},{"@type":"WebSite","@id":"https:\/\/goldenclubcabanas.com\/en\/#website","url":"https:\/\/goldenclubcabanas.com\/en\/","name":"Golden Club Cabanas","description":"","potentialAction":[{"@type":"SearchAction","target":{"@type":"EntryPoint","urlTemplate":"https:\/\/goldenclubcabanas.com\/en\/?s={search_term_string}"},"query-input":{"@type":"PropertyValueSpecification","valueRequired":true,"valueName":"search_term_string"}}],"inLanguage":"fr-FR"}]}},"_links":{"self":[{"href":"https:\/\/goldenclubcabanas.com\/fr\/wp-json\/wp\/v2\/pages\/1967","targetHints":{"allow":["GET"]}}],"collection":[{"href":"https:\/\/goldenclubcabanas.com\/fr\/wp-json\/wp\/v2\/pages"}],"about":[{"href":"https:\/\/goldenclubcabanas.com\/fr\/wp-json\/wp\/v2\/types\/page"}],"author":[{"embeddable":true,"href":"https:\/\/goldenclubcabanas.com\/fr\/wp-json\/wp\/v2\/users\/2"}],"replies":[{"embeddable":true,"href":"https:\/\/goldenclubcabanas.com\/fr\/wp-json\/wp\/v2\/comments?post=1967"}],"version-history":[{"count":16,"href":"https:\/\/goldenclubcabanas.com\/fr\/wp-json\/wp\/v2\/pages\/1967\/revisions"}],"predecessor-version":[{"id":7652,"href":"https:\/\/goldenclubcabanas.com\/fr\/wp-json\/wp\/v2\/pages\/1967\/revisions\/7652"}],"up":[{"embeddable":true,"href":"https:\/\/goldenclubcabanas.com\/fr\/wp-json\/wp\/v2\/pages\/4542"}],"wp:attachment":[{"href":"https:\/\/goldenclubcabanas.com\/fr\/wp-json\/wp\/v2\/media?parent=1967"}],"curies":[{"name":"wp","href":"https:\/\/api.w.org\/{rel}","templated":true}]}}