{"id":4418,"date":"2025-08-21T07:16:51","date_gmt":"2025-08-21T07:16:51","guid":{"rendered":"https:\/\/goldenclubcabanas.com\/politica-de-cookies\/"},"modified":"2025-12-11T14:42:43","modified_gmt":"2025-12-11T14:42:43","slug":"politique-de-cookies","status":"publish","type":"page","link":"https:\/\/goldenclubcabanas.com\/fr\/politique-de-cookies\/","title":{"rendered":"Politique en mati\u00e8re de cookies"},"content":{"rendered":"\n<p><\/p>\n\n<p>5 Sites Cabanas utilise des cookies pour am\u00e9liorer l\u2019exp\u00e9rience utilisateur, analyser le trafic et personnaliser le contenu et les publicit\u00e9s.<br\/>Les cookies sont de petits fichiers texte qui peuvent \u00eatre stock\u00e9s sur votre appareil lorsque vous visitez notre site Web. Certains sont strictement n\u00e9cessaires au fonctionnement du site web, tandis que d\u2019autres sont facultatifs et ne seront utilis\u00e9s qu\u2019avec votre consentement.<br\/>Vous pouvez \u00e0 tout moment configurer vos pr\u00e9f\u00e9rences en mati\u00e8re de cookies via notre banni\u00e8re de consentement ou en ajustant les param\u00e8tres de votre navigateur. <\/p>\n\n<hr class=\"wp-block-separator has-alpha-channel-opacity is-style-default\"\/>\n\n<h3 class=\"wp-block-heading\" id=\"h-tipos-de-cookies-que-utilizamos\">Types de cookies que nous utilisons<\/h3>\n\n<h4 class=\"wp-block-heading\" id=\"h-1-estritamente-necessarios\">1. Strictement n\u00e9cessaire<\/h4>\n\n<p>Ces cookies sont essentiels au bon fonctionnement du site web et ne peuvent pas \u00eatre d\u00e9sactiv\u00e9s dans nos syst\u00e8mes.<\/p>\n\n<figure class=\"wp-block-table\"><table class=\"has-fixed-layout\"><tbody><tr><td>Nom<\/td><td>Fournisseur \/ Domaine<\/td><td>Validit\u00e9<\/td><td>Description<\/td><\/tr><tr><td>NewDispoParams<\/td><td>goldenclubcabanas.com<\/td><td>1 mois<\/td><td>Stocke les donn\u00e9es de la derni\u00e8re recherche de disponibilit\u00e9 de l\u2019utilisateur.<\/td><\/tr><tr><td>csrftoken<\/td><td>goldenclubcabanas.com<\/td><td>1 an<\/td><td>Associ\u00e9 au framework Django. Prot\u00e8ge contre les attaques sur les formulaires Web. <\/td><\/tr><tr><td>Partenaire<\/td><td>goldenclubcabanas.com<\/td><td>1 mois<\/td><td>Identifie si le client provient d\u2019une page associ\u00e9e.<\/td><\/tr><tr><td>partner_opts_cookie<\/td><td>goldenclubcabanas.com<\/td><td>1 mois<\/td><td>Identifie si le client provient d\u2019une campagne.<\/td><\/tr><tr><td>sessionID<\/td><td>goldenclubcabanas.com<\/td><td>1 heure<\/td><td>Identificateur de session anonyme, utilis\u00e9 pour maintenir les sessions actives.<\/td><\/tr><tr><td>__cf_bm<\/td><td>Cloudflare \/ .vimeo.com<\/td><td>29 minutes de film<\/td><td>Fait la distinction entre les humains et les robots pour des rapports valides.<\/td><\/tr><tr><td>VISITOR_PRIVACY_METADATA<\/td><td>YouTube \/ .youtube.com<\/td><td>6 mois<\/td><td>Enregistre le consentement de l\u2019utilisateur et les pr\u00e9f\u00e9rences de confidentialit\u00e9 pour les vid\u00e9os int\u00e9gr\u00e9es.<\/td><\/tr><tr><td>_pinterest_ct_ua<\/td><td>Pinterest \/ .ct.pinterest.com<\/td><td>12 mois<\/td><td>Associ\u00e9 aux fonctionnalit\u00e9s marketing de Pinterest.<\/td><\/tr><tr><td>CookieScriptConsentement<\/td><td>CookieScript \/ .goldenclubcabanas.com<\/td><td>3 mois<\/td><td>Enregistre les pr\u00e9f\u00e9rences de consentement de la banni\u00e8re de cookies.<\/td><\/tr><\/tbody><\/table><\/figure>\n\n<hr class=\"wp-block-separator has-alpha-channel-opacity is-style-default\"\/>\n\n<h4 class=\"wp-block-heading\" id=\"h-2-performance\">2. Performances<\/h4>\n\n<p>Ces cookies collectent des informations sur la fa\u00e7on dont les visiteurs utilisent le site Web, ce qui contribue \u00e0 am\u00e9liorer ses performances.<\/p>\n\n<figure class=\"wp-block-table\"><table class=\"has-fixed-layout\"><tbody><tr><td>Nom<\/td><td>Fournisseur \/ Domaine<\/td><td>Validit\u00e9<\/td><td>Description<\/td><\/tr><tr><td>_Ga<\/td><td>Google \/ .goldenclubcabanas.com<\/td><td>13 mois<\/td><td>Distingue les utilisateurs uniques (Google Analytics).<\/td><\/tr><tr><td>_ga_3SD0L8H612<\/td><td>Google \/ .goldenclubcabanas.com<\/td><td>13 mois<\/td><td>Maintient l\u2019\u00e9tat de la session (Google Analytics).<\/td><\/tr><tr><td>hijiffy_track_uuid<\/td><td>HiJiffy \/ messenger-services.hijiffy.com<\/td><td>1 mois<\/td><td>ID global pour la journalisation des \u00e9v\u00e9nements utilisateur.<\/td><\/tr><tr><td>AMP_TOKEN<\/td><td>Google \/ .goldenclubcabanas.com<\/td><td>1 heure<\/td><td>R\u00e9cup\u00e8re l\u2019ID client \u00e0 partir du service d\u2019ID client AMP.<\/td><\/tr><tr><td>_Gid<\/td><td>Google \/ .goldenclubcabanas.com<\/td><td>1 jour<\/td><td>Comptez et suivez les pages vues.<\/td><\/tr><tr><td>ar_debug<\/td><td>Pinterest \/ .pinterest.com<\/td><td>12 mois<\/td><td>Utilis\u00e9 pour le d\u00e9pannage et les statistiques.<\/td><\/tr><tr><td>hijiffy_track_wid_vzO6HbHF5SDnOL<\/td><td>HiJiffy \/ messenger-services.hijiffy.com<\/td><td>1 mois<\/td><td>ID du widget pour l\u2019inscription \u00e0 l\u2019\u00e9v\u00e9nement.<\/td><\/tr><tr><td>_vwo_uuid_v2<\/td><td>Wingify \/ .goldenclubcabanas.com<\/td><td>1 an<\/td><td>Cookie Visual Website Optimizer (test A\/B).<\/td><\/tr><tr><td>_gat_UA-39948843-1<\/td><td>Google \/ .goldenclubcabanas.com<\/td><td>1 minute<\/td><td>Il limite la collecte de donn\u00e9es sur les sites \u00e0 fort trafic.<\/td><\/tr><tr><td>hijiffy_track_uuid_385<\/td><td>HiJiffy \/ messenger-services.hijiffy.com<\/td><td>1 mois<\/td><td>ID de l\u2019entreprise pour l\u2019inscription \u00e0 l\u2019\u00e9v\u00e9nement.<\/td><\/tr><tr><td>_ga_JTD338B8Y3<\/td><td>Google \/ .goldenclubcabanas.com<\/td><td>13 mois<\/td><td>Maintient l\u2019\u00e9tat de la session (Google Analytics).<\/td><\/tr><\/tbody><\/table><\/figure>\n\n<hr class=\"wp-block-separator has-alpha-channel-opacity is-style-default\"\/>\n\n<h4 class=\"wp-block-heading\" id=\"h-3-targeting-publicidade\">3. Ciblage\/Publicit\u00e9<\/h4>\n\n<p>Ces cookies sont utilis\u00e9s pour personnaliser la publicit\u00e9 et mesurer l\u2019efficacit\u00e9 des campagnes.<\/p>\n\n<figure class=\"wp-block-table\"><table class=\"has-fixed-layout\"><tbody><tr><td>Nom<\/td><td>Fournisseur \/ Domaine<\/td><td>Validit\u00e9<\/td><td>Description<\/td><\/tr><tr><td>_gcl_aw<\/td><td>Google \/ .goldenclubcabanas.com<\/td><td>3 mois<\/td><td>Cookie de conversion Google Ads<\/td><\/tr><tr><td>_ha_aw<\/td><td>Google \/ goldenclubcabanas.com<\/td><td>3 mois<\/td><td>Cookie de conversion Google Ads.<\/td><\/tr><tr><td>__Secure-ROLLOUT_TOKEN<\/td><td>YouTube \/ .youtube.com<\/td><td>6 mois<\/td><td>Assure la coh\u00e9rence des tests et des d\u00e9ploiements de nouvelles fonctionnalit\u00e9s.<\/td><\/tr><tr><td>VISITOR_INFO1_LIVE<\/td><td>YouTube \/ .youtube.com<\/td><td>6 mois<\/td><td>Enregistrer les pr\u00e9f\u00e9rences de visionnage de vid\u00e9os<\/td><\/tr><tr><td>hijiffy_track_ts<\/td><td>HiJiffy \/ messenger-services.com<\/td><td>1 mois<\/td><td>Enregistre la date et l\u2019heure des \u00e9v\u00e9nements de pixel.<\/td><\/tr><tr><td>_fbp<\/td><td>M\u00e9ta \/ .goldenclubcabanas.com<\/td><td>3 mois<\/td><td>Identifie les utilisateurs pour la publicit\u00e9 sur Facebook.<\/td><\/tr><tr><td>_pin_unauth<\/td><td>Pinterest \/ .goldenclubcabanas.com<\/td><td>12 mois<\/td><td>Identifie les utilisateurs qui ne sont pas inscrits \u00e0 la publicit\u00e9.<\/td><\/tr><tr><td>MC<\/td><td>Quantserve \/ .quantserve.com<\/td><td>13 mois<\/td><td>Il collecte des donn\u00e9es anonymes \u00e0 des fins statistiques.<\/td><\/tr><tr><td>YSC<\/td><td>YouTube \/ .youtube.com<\/td><td>Session<\/td><td>Enregistre les vues des vid\u00e9os int\u00e9gr\u00e9es.<\/td><\/tr><tr><td>_gcl_au<\/td><td>Google \/ .goldenclubcabanas.com<\/td><td>3 mois<\/td><td>Exp\u00e9rience relative \u00e0 l\u2019efficacit\u00e9 des annonces (AdSense).<\/td><\/tr><tr><td>IDE<\/td><td>Google \/ .doubleclick.net<\/td><td>13 mois<\/td><td>Publicit\u00e9 cibl\u00e9e (Google DoubleClick).<\/td><\/tr><tr><td>IUTK<\/td><td>Issuu \/ .issuu.com<\/td><td>6 mois<\/td><td>Reconna\u00eet l\u2019appareil et les documents Issuu consult\u00e9s.<\/td><\/tr><\/tbody><\/table><\/figure>\n\n<hr class=\"wp-block-separator has-alpha-channel-opacity is-style-default\"\/>\n\n<h4 class=\"wp-block-heading\" id=\"h-4-funcionalidade\">4. Fonctionnalit\u00e9<\/h4>\n\n<p>Ces cookies permettent des fonctionnalit\u00e9s suppl\u00e9mentaires et une personnalisation de l\u2019exp\u00e9rience.<\/p>\n\n<figure class=\"wp-block-table\"><table class=\"has-fixed-layout\"><tbody><tr><td>Nom<\/td><td>Fournisseur \/ Domaine<\/td><td>Validit\u00e9<\/td><td>Description<\/td><\/tr><tr><td>_cfuvid<\/td><td>Vimeo \/ .vimeo.com<\/td><td>Session<\/td><td>Maintient la coh\u00e9rence des sessions pour optimiser l\u2019exp\u00e9rience<\/td><\/tr><tr><td>wg_vzO6HbHF5SDnOL_hj_web<\/td><td>HiJiffy \/ .goldenclubcabanas.com<\/td><td>13 mois<\/td><td>Enregistre l\u2019\u00e9tat du widget (ouvert\/ferm\u00e9).<\/td><\/tr><tr><td>wg_vzO6HbHF5SDnOL_hj_ut<\/td><td>HiJiffy \/ .goldenclubcabanas.com<\/td><td>13 mois<\/td><td>Jeton d\u2019utilisateur unique pour t\u00e9l\u00e9charger les conversations pr\u00e9c\u00e9dentes.<\/td><\/tr><tr><td>triptease-user-id<\/td><td>Triptease \/ .triptease.io<\/td><td>12 mois<\/td><td>Identifie de mani\u00e8re unique les utilisateurs pour personnaliser les visites.<\/td><\/tr><tr><td>triptease-session-id<\/td><td>Triptease \/ .triptease.io<\/td><td>8 heures<\/td><td>Identifie les sessions pour le comptage des visites.<\/td><\/tr><tr><td>WP-wpml_current_language<\/td><td>OnTheGoSystems \/ goldenclubcabanas.com<\/td><td>1 jour<\/td><td>Enregistre la langue actuelle de l\u2019utilisateur.<\/td><\/tr><tr><td>hijiffy_track_uuid_385<\/td><td>HiJiffy \/ messenger-services.com<\/td><td>1 mois<\/td><td>ID de l\u2019entreprise pour l\u2019inscription \u00e0 l\u2019\u00e9v\u00e9nement.<\/td><\/tr><\/tbody><\/table><\/figure>\n\n<hr class=\"wp-block-separator has-alpha-channel-opacity is-style-default\"\/>\n\n<h3 class=\"wp-block-heading\" id=\"h-como-pode-gerir-os-cookies\">Comment pouvez-vous g\u00e9rer les cookies ?<\/h3>\n\n<p>Vous pouvez configurer votre navigateur pour qu\u2019il bloque ou vous avertisse de la pr\u00e9sence des cookies, mais certaines parties du site peuvent ne pas fonctionner correctement sans eux.<\/p>\n\n<p>Pour plus de d\u00e9tails, veuillez vous r\u00e9f\u00e9rer aux instructions de gestion des cookies des principaux navigateurs :<\/p>\n\n<ul class=\"wp-block-list\">\n<li>Google Chrome<\/li>\n\n\n\n<li>Mozilla Firefox<\/li>\n\n\n\n<li>Safari<\/li>\n\n\n\n<li>Microsoft Edge<\/li>\n<\/ul>\n","protected":false},"excerpt":{"rendered":"<p>5 Sites Cabanas utilise des cookies pour am\u00e9liorer l\u2019exp\u00e9rience utilisateur, analyser le trafic et personnaliser le contenu et les publicit\u00e9s.Les cookies sont de petits fichiers texte qui peuvent \u00eatre stock\u00e9s sur votre appareil lorsque vous visitez notre site Web. Certains sont strictement n\u00e9cessaires au fonctionnement du site web, tandis que d\u2019autres sont facultatifs et ne &#8230; <a title=\"Politique en mati\u00e8re de cookies\" class=\"read-more\" href=\"https:\/\/goldenclubcabanas.com\/fr\/politique-de-cookies\/\" aria-label=\"En savoir plus sur Politique en mati\u00e8re de cookies\">Lire plus<\/a><\/p>\n","protected":false},"author":2,"featured_media":0,"parent":0,"menu_order":0,"comment_status":"closed","ping_status":"closed","template":"page-templates\/page-content-template.php","meta":{"_acf_changed":false,"footnotes":""},"class_list":["post-4418","page","type-page","status-publish"],"acf":[],"yoast_head":"<!-- This site is optimized with the Yoast SEO Premium plugin v25.9 (Yoast SEO v25.9) - https:\/\/yoast.com\/wordpress\/plugins\/seo\/ -->\n<title>Politique de cookies - Golden Club Cabanas Aparthotel Algarve, Portugal<\/title>\n<meta name=\"description\" content=\"Politique de Cookies du Golden Club Cabanas : quels cookies nous utilisons, pendant combien de temps et comment g\u00e9rer vos pr\u00e9f\u00e9rences.\" \/>\n<meta name=\"robots\" content=\"index, follow, max-snippet:-1, max-image-preview:large, max-video-preview:-1\" \/>\n<link rel=\"canonical\" href=\"https:\/\/goldenclubcabanas.com\/fr\/politique-de-cookies\/\" \/>\n<meta property=\"og:locale\" content=\"fr_FR\" \/>\n<meta property=\"og:type\" content=\"article\" \/>\n<meta property=\"og:title\" content=\"Politique en mati\u00e8re de cookies\" \/>\n<meta property=\"og:description\" content=\"Politique de Cookies du Golden Club Cabanas : quels cookies nous utilisons, pendant combien de temps et comment g\u00e9rer vos pr\u00e9f\u00e9rences.\" \/>\n<meta property=\"og:url\" content=\"https:\/\/goldenclubcabanas.com\/fr\/politique-de-cookies\/\" \/>\n<meta property=\"og:site_name\" content=\"Golden Club Cabanas Aparthotel Algarve, Portugal\" \/>\n<meta property=\"article:modified_time\" content=\"2025-12-11T14:42:43+00:00\" \/>\n<meta name=\"twitter:card\" content=\"summary_large_image\" \/>\n<meta name=\"twitter:label1\" content=\"Dur\u00e9e de lecture estim\u00e9e\" \/>\n\t<meta name=\"twitter:data1\" content=\"5 minutes\" \/>\n<script type=\"application\/ld+json\" class=\"yoast-schema-graph\">{\"@context\":\"https:\/\/schema.org\",\"@graph\":[{\"@type\":\"WebPage\",\"@id\":\"https:\/\/goldenclubcabanas.com\/fr\/politique-de-cookies\/\",\"url\":\"https:\/\/goldenclubcabanas.com\/fr\/politique-de-cookies\/\",\"name\":\"Politique de cookies - Golden Club Cabanas Aparthotel Algarve, Portugal\",\"isPartOf\":{\"@id\":\"https:\/\/goldenclubcabanas.com\/en\/#website\"},\"datePublished\":\"2025-08-21T07:16:51+00:00\",\"dateModified\":\"2025-12-11T14:42:43+00:00\",\"description\":\"Politique de Cookies du Golden Club Cabanas : quels cookies nous utilisons, pendant combien de temps et comment g\u00e9rer vos pr\u00e9f\u00e9rences.\",\"breadcrumb\":{\"@id\":\"https:\/\/goldenclubcabanas.com\/fr\/politique-de-cookies\/#breadcrumb\"},\"inLanguage\":\"fr-FR\",\"potentialAction\":[{\"@type\":\"ReadAction\",\"target\":[\"https:\/\/goldenclubcabanas.com\/fr\/politique-de-cookies\/\"]}]},{\"@type\":\"BreadcrumbList\",\"@id\":\"https:\/\/goldenclubcabanas.com\/fr\/politique-de-cookies\/#breadcrumb\",\"itemListElement\":[{\"@type\":\"ListItem\",\"position\":1,\"name\":\"In\u00edcio\",\"item\":\"https:\/\/goldenclubcabanas.com\/fr\/\"},{\"@type\":\"ListItem\",\"position\":2,\"name\":\"Politique en mati\u00e8re de cookies\"}]},{\"@type\":\"WebSite\",\"@id\":\"https:\/\/goldenclubcabanas.com\/en\/#website\",\"url\":\"https:\/\/goldenclubcabanas.com\/en\/\",\"name\":\"Golden Club Cabanas\",\"description\":\"\",\"potentialAction\":[{\"@type\":\"SearchAction\",\"target\":{\"@type\":\"EntryPoint\",\"urlTemplate\":\"https:\/\/goldenclubcabanas.com\/en\/?s={search_term_string}\"},\"query-input\":{\"@type\":\"PropertyValueSpecification\",\"valueRequired\":true,\"valueName\":\"search_term_string\"}}],\"inLanguage\":\"fr-FR\"}]}<\/script>\n<!-- \/ Yoast SEO Premium plugin. -->","yoast_head_json":{"title":"Politique de cookies - Golden Club Cabanas Aparthotel Algarve, Portugal","description":"Politique de Cookies du Golden Club Cabanas : quels cookies nous utilisons, pendant combien de temps et comment g\u00e9rer vos pr\u00e9f\u00e9rences.","robots":{"index":"index","follow":"follow","max-snippet":"max-snippet:-1","max-image-preview":"max-image-preview:large","max-video-preview":"max-video-preview:-1"},"canonical":"https:\/\/goldenclubcabanas.com\/fr\/politique-de-cookies\/","og_locale":"fr_FR","og_type":"article","og_title":"Politique en mati\u00e8re de cookies","og_description":"Politique de Cookies du Golden Club Cabanas : quels cookies nous utilisons, pendant combien de temps et comment g\u00e9rer vos pr\u00e9f\u00e9rences.","og_url":"https:\/\/goldenclubcabanas.com\/fr\/politique-de-cookies\/","og_site_name":"Golden Club Cabanas Aparthotel Algarve, Portugal","article_modified_time":"2025-12-11T14:42:43+00:00","twitter_card":"summary_large_image","twitter_misc":{"Dur\u00e9e de lecture estim\u00e9e":"5 minutes"},"schema":{"@context":"https:\/\/schema.org","@graph":[{"@type":"WebPage","@id":"https:\/\/goldenclubcabanas.com\/fr\/politique-de-cookies\/","url":"https:\/\/goldenclubcabanas.com\/fr\/politique-de-cookies\/","name":"Politique de cookies - Golden Club Cabanas Aparthotel Algarve, Portugal","isPartOf":{"@id":"https:\/\/goldenclubcabanas.com\/en\/#website"},"datePublished":"2025-08-21T07:16:51+00:00","dateModified":"2025-12-11T14:42:43+00:00","description":"Politique de Cookies du Golden Club Cabanas : quels cookies nous utilisons, pendant combien de temps et comment g\u00e9rer vos pr\u00e9f\u00e9rences.","breadcrumb":{"@id":"https:\/\/goldenclubcabanas.com\/fr\/politique-de-cookies\/#breadcrumb"},"inLanguage":"fr-FR","potentialAction":[{"@type":"ReadAction","target":["https:\/\/goldenclubcabanas.com\/fr\/politique-de-cookies\/"]}]},{"@type":"BreadcrumbList","@id":"https:\/\/goldenclubcabanas.com\/fr\/politique-de-cookies\/#breadcrumb","itemListElement":[{"@type":"ListItem","position":1,"name":"In\u00edcio","item":"https:\/\/goldenclubcabanas.com\/fr\/"},{"@type":"ListItem","position":2,"name":"Politique en mati\u00e8re de cookies"}]},{"@type":"WebSite","@id":"https:\/\/goldenclubcabanas.com\/en\/#website","url":"https:\/\/goldenclubcabanas.com\/en\/","name":"Golden Club Cabanas","description":"","potentialAction":[{"@type":"SearchAction","target":{"@type":"EntryPoint","urlTemplate":"https:\/\/goldenclubcabanas.com\/en\/?s={search_term_string}"},"query-input":{"@type":"PropertyValueSpecification","valueRequired":true,"valueName":"search_term_string"}}],"inLanguage":"fr-FR"}]}},"_links":{"self":[{"href":"https:\/\/goldenclubcabanas.com\/fr\/wp-json\/wp\/v2\/pages\/4418","targetHints":{"allow":["GET"]}}],"collection":[{"href":"https:\/\/goldenclubcabanas.com\/fr\/wp-json\/wp\/v2\/pages"}],"about":[{"href":"https:\/\/goldenclubcabanas.com\/fr\/wp-json\/wp\/v2\/types\/page"}],"author":[{"embeddable":true,"href":"https:\/\/goldenclubcabanas.com\/fr\/wp-json\/wp\/v2\/users\/2"}],"replies":[{"embeddable":true,"href":"https:\/\/goldenclubcabanas.com\/fr\/wp-json\/wp\/v2\/comments?post=4418"}],"version-history":[{"count":11,"href":"https:\/\/goldenclubcabanas.com\/fr\/wp-json\/wp\/v2\/pages\/4418\/revisions"}],"predecessor-version":[{"id":5691,"href":"https:\/\/goldenclubcabanas.com\/fr\/wp-json\/wp\/v2\/pages\/4418\/revisions\/5691"}],"wp:attachment":[{"href":"https:\/\/goldenclubcabanas.com\/fr\/wp-json\/wp\/v2\/media?parent=4418"}],"curies":[{"name":"wp","href":"https:\/\/api.w.org\/{rel}","templated":true}]}}