{"id":4484,"date":"2025-05-26T10:31:25","date_gmt":"2025-05-26T10:31:25","guid":{"rendered":"https:\/\/goldenclubcabanas.com\/oportunidades-de-emprego\/"},"modified":"2025-11-25T15:56:55","modified_gmt":"2025-11-25T15:56:55","slug":"postes","status":"publish","type":"page","link":"https:\/\/goldenclubcabanas.com\/fr\/postes\/","title":{"rendered":"Offres d\u2019emploi"},"content":{"rendered":"\n<div class=\"dng-hero-section gb-element-16b74f59\">\n<div class=\"dng-content-section gb-element-acee01b2\">\n<h1 class=\"gb-text lg-font gb-text-5600b8f4\" data-aos=\"fade-up\" data-aos-anchor-placement=\"top-bottom\" data-aos-duration=\"1500\">Rejoignez notre \u00e9quipe<\/h1>\n\n\n\n<p class=\"gb-text gb-text-42354c33 body1\" data-aos-anchor-placement=\"top-bottom\" data-aos=\"fade-up\" data-aos-duration=\"2000\">Au Golden Club Cabanas, nous croyons que les personnes font la diff\u00e9rence. Nous recherchons des talents, de la motivation et l\u2019envie de progresser. <\/p>\n<\/div>\n<\/div>\n\n\n\n<div class=\"dng-section-space\">\n<div class=\"dng-content-section\">\n<h2 class=\"gb-text gb-text-7002bf54 title1\" data-aos=\"fade-up\" data-aos-duration=\"2000\" data-aos-anchor-placement=\"center-bottom\">Travailler avec nous, c\u2019est plus qu\u2019un simple emploi<\/h2>\n\n\n\n<p class=\"gb-text gb-text-d8699e40 body2\" data-aos=\"fade-up\" data-aos-anchor-placement=\"center-bottom\" data-aos-duration=\"2200\">Ici, vous aurez l\u2019opportunit\u00e9 de construire votre carri\u00e8re dans un environnement professionnel, dynamique et inspirant. Nous valorisons le bien-\u00eatre de nos collaborateurs et offrons des conditions permettant d\u2019\u00e9voluer personnellement et professionnellement, dans l\u2019une des plus belles r\u00e9gions du pays. <\/p>\n\n\n\n<div class=\"gb-element-43f16f4c\">\n<div>\n\n\n<div class=\"dng-pagination gb-element-71498748 gb-query-loop-pagination\">\n\n\n\n<\/div>\n<\/div>\n<\/div>\n<\/div>\n<\/div>\n\n\n\n<div class=\"gb-element-c60bc195\">\n<div class=\"no-overflow gb-element-899482dc\">\n<div class=\"gb-element-7998687c\">\n<div class=\"gb-element-7af4a594\">\n<figure class=\"wp-block-image size-large\"><img loading=\"lazy\" decoding=\"async\" width=\"1024\" height=\"640\" src=\"https:\/\/goldenclubcabanas.com\/wp-content\/uploads\/2025\/07\/carreiras-slider-1024x640.jpg\" alt=\"\" class=\"wp-image-3670\" srcset=\"https:\/\/goldenclubcabanas.com\/wp-content\/uploads\/2025\/07\/carreiras-slider-1024x640.jpg 1024w, https:\/\/goldenclubcabanas.com\/wp-content\/uploads\/2025\/07\/carreiras-slider-300x188.jpg 300w, https:\/\/goldenclubcabanas.com\/wp-content\/uploads\/2025\/07\/carreiras-slider-768x480.jpg 768w, https:\/\/goldenclubcabanas.com\/wp-content\/uploads\/2025\/07\/carreiras-slider-1536x960.jpg 1536w, https:\/\/goldenclubcabanas.com\/wp-content\/uploads\/2025\/07\/carreiras-slider-2048x1280.jpg 2048w\" sizes=\"auto, (max-width: 1024px) 100vw, 1024px\" \/><\/figure>\n<\/div>\n\n\n\n<div class=\"gb-element-7222222f _rightOffset\">\n<h3 class=\"gb-text gb-text-8b624f33\">Envoyez-nous une candidature spontan\u00e9e<\/h3>\n\n\n\n<p class=\"gb-text gb-text-40913e4b body2\">M\u00eame si vous ne voyez pas d\u2019offre correspondant \u00e0 votre profil pour le moment, nous serons heureux de d\u00e9couvrir votre parcours. Remplissez le formulaire ci-dessous et envoyez-nous votre candidature \u2014 nous pourrions vous contacter lorsqu\u2019une opportunit\u00e9 adapt\u00e9e se pr\u00e9sentera. <\/p>\n\n\n\n<a class=\"dng-gpc-btn gb-text-654f644e button-text btn-gold-outline dng-button\" href=\"https:\/\/goldenclubcabanas.com\/fr\/candidature-spontanee\/\"><span class=\"gb-text\">JE VEUX POSTULER<\/span><span class=\"gb-shape\"><svg xmlns=\"http:\/\/www.w3.org\/2000\/svg\" width=\"50\" height=\"25\" viewBox=\"0 0 24 25\" fill=\"none\">\n<path d=\"M23.542 11.392L18.825 6.67505L18.118 7.38205L22.736 12H0V13H22.734L18.117 17.617L18.824 18.324L23.542 13.606C24.152 12.996 24.152 12.002 23.542 11.392Z\" fill=\"#1E1E1E\"><\/path>\n<\/svg>\n<\/span><\/a>\n<\/div>\n<\/div>\n<\/div>\n<\/div>\n\n\n\n<p><\/p>\n","protected":false},"excerpt":{"rendered":"<p>Rejoignez notre \u00e9quipe Au Golden Club Cabanas, nous croyons que les personnes font la diff\u00e9rence. Nous recherchons des talents, de la motivation et l\u2019envie de progresser. Travailler avec nous, c\u2019est plus qu\u2019un simple emploi Ici, vous aurez l\u2019opportunit\u00e9 de construire votre carri\u00e8re dans un environnement professionnel, dynamique et inspirant. Nous valorisons le bien-\u00eatre de nos &#8230; <a title=\"Offres d\u2019emploi\" class=\"read-more\" href=\"https:\/\/goldenclubcabanas.com\/fr\/postes\/\" aria-label=\"En savoir plus sur Offres d\u2019emploi\">Lire plus<\/a><\/p>\n","protected":false},"author":2,"featured_media":0,"parent":0,"menu_order":93,"comment_status":"closed","ping_status":"closed","template":"","meta":{"_acf_changed":false,"footnotes":""},"class_list":["post-4484","page","type-page","status-publish"],"acf":[],"yoast_head":"<!-- This site is optimized with the Yoast SEO Premium plugin v25.9 (Yoast SEO v25.9) - https:\/\/yoast.com\/wordpress\/plugins\/seo\/ -->\n<title>Offres d\u2019emploi - Golden Club Cabanas Aparthotel Algarve, Portugal<\/title>\n<meta name=\"robots\" content=\"index, follow, max-snippet:-1, max-image-preview:large, max-video-preview:-1\" \/>\n<link rel=\"canonical\" href=\"https:\/\/goldenclubcabanas.com\/fr\/postes\/\" \/>\n<meta property=\"og:locale\" content=\"fr_FR\" \/>\n<meta property=\"og:type\" content=\"article\" \/>\n<meta property=\"og:title\" content=\"Offres d\u2019emploi\" \/>\n<meta property=\"og:description\" content=\"Rejoignez notre \u00e9quipe Au Golden Club Cabanas, nous croyons que les personnes font la diff\u00e9rence. Nous recherchons des talents, de la motivation et l\u2019envie de progresser. Travailler avec nous, c\u2019est plus qu\u2019un simple emploi Ici, vous aurez l\u2019opportunit\u00e9 de construire votre carri\u00e8re dans un environnement professionnel, dynamique et inspirant. Nous valorisons le bien-\u00eatre de nos ... Lire plus\" \/>\n<meta property=\"og:url\" content=\"https:\/\/goldenclubcabanas.com\/fr\/postes\/\" \/>\n<meta property=\"og:site_name\" content=\"Golden Club Cabanas Aparthotel Algarve, Portugal\" \/>\n<meta property=\"article:modified_time\" content=\"2025-11-25T15:56:55+00:00\" \/>\n<meta property=\"og:image\" content=\"https:\/\/goldenclubcabanas.com\/wp-content\/uploads\/2025\/07\/carreiras-slider-1024x640.jpg\" \/>\n<meta name=\"twitter:card\" content=\"summary_large_image\" \/>\n<meta name=\"twitter:label1\" content=\"Dur\u00e9e de lecture estim\u00e9e\" \/>\n\t<meta name=\"twitter:data1\" content=\"2 minutes\" \/>\n<script type=\"application\/ld+json\" class=\"yoast-schema-graph\">{\"@context\":\"https:\/\/schema.org\",\"@graph\":[{\"@type\":\"WebPage\",\"@id\":\"https:\/\/goldenclubcabanas.com\/fr\/postes\/\",\"url\":\"https:\/\/goldenclubcabanas.com\/fr\/postes\/\",\"name\":\"Offres d\u2019emploi - Golden Club Cabanas Aparthotel Algarve, Portugal\",\"isPartOf\":{\"@id\":\"https:\/\/goldenclubcabanas.com\/en\/#website\"},\"primaryImageOfPage\":{\"@id\":\"https:\/\/goldenclubcabanas.com\/fr\/postes\/#primaryimage\"},\"image\":{\"@id\":\"https:\/\/goldenclubcabanas.com\/fr\/postes\/#primaryimage\"},\"thumbnailUrl\":\"https:\/\/goldenclubcabanas.com\/wp-content\/uploads\/2025\/07\/carreiras-slider-1024x640.jpg\",\"datePublished\":\"2025-05-26T10:31:25+00:00\",\"dateModified\":\"2025-11-25T15:56:55+00:00\",\"breadcrumb\":{\"@id\":\"https:\/\/goldenclubcabanas.com\/fr\/postes\/#breadcrumb\"},\"inLanguage\":\"fr-FR\",\"potentialAction\":[{\"@type\":\"ReadAction\",\"target\":[\"https:\/\/goldenclubcabanas.com\/fr\/postes\/\"]}]},{\"@type\":\"ImageObject\",\"inLanguage\":\"fr-FR\",\"@id\":\"https:\/\/goldenclubcabanas.com\/fr\/postes\/#primaryimage\",\"url\":\"https:\/\/goldenclubcabanas.com\/wp-content\/uploads\/2025\/07\/carreiras-slider-1024x640.jpg\",\"contentUrl\":\"https:\/\/goldenclubcabanas.com\/wp-content\/uploads\/2025\/07\/carreiras-slider-1024x640.jpg\"},{\"@type\":\"BreadcrumbList\",\"@id\":\"https:\/\/goldenclubcabanas.com\/fr\/postes\/#breadcrumb\",\"itemListElement\":[{\"@type\":\"ListItem\",\"position\":1,\"name\":\"In\u00edcio\",\"item\":\"https:\/\/goldenclubcabanas.com\/fr\/\"},{\"@type\":\"ListItem\",\"position\":2,\"name\":\"Offres d\u2019emploi\"}]},{\"@type\":\"WebSite\",\"@id\":\"https:\/\/goldenclubcabanas.com\/en\/#website\",\"url\":\"https:\/\/goldenclubcabanas.com\/en\/\",\"name\":\"Golden Club Cabanas\",\"description\":\"\",\"potentialAction\":[{\"@type\":\"SearchAction\",\"target\":{\"@type\":\"EntryPoint\",\"urlTemplate\":\"https:\/\/goldenclubcabanas.com\/en\/?s={search_term_string}\"},\"query-input\":{\"@type\":\"PropertyValueSpecification\",\"valueRequired\":true,\"valueName\":\"search_term_string\"}}],\"inLanguage\":\"fr-FR\"}]}<\/script>\n<!-- \/ Yoast SEO Premium plugin. -->","yoast_head_json":{"title":"Offres d\u2019emploi - Golden Club Cabanas Aparthotel Algarve, Portugal","robots":{"index":"index","follow":"follow","max-snippet":"max-snippet:-1","max-image-preview":"max-image-preview:large","max-video-preview":"max-video-preview:-1"},"canonical":"https:\/\/goldenclubcabanas.com\/fr\/postes\/","og_locale":"fr_FR","og_type":"article","og_title":"Offres d\u2019emploi","og_description":"Rejoignez notre \u00e9quipe Au Golden Club Cabanas, nous croyons que les personnes font la diff\u00e9rence. Nous recherchons des talents, de la motivation et l\u2019envie de progresser. Travailler avec nous, c\u2019est plus qu\u2019un simple emploi Ici, vous aurez l\u2019opportunit\u00e9 de construire votre carri\u00e8re dans un environnement professionnel, dynamique et inspirant. Nous valorisons le bien-\u00eatre de nos ... Lire plus","og_url":"https:\/\/goldenclubcabanas.com\/fr\/postes\/","og_site_name":"Golden Club Cabanas Aparthotel Algarve, Portugal","article_modified_time":"2025-11-25T15:56:55+00:00","og_image":[{"url":"https:\/\/goldenclubcabanas.com\/wp-content\/uploads\/2025\/07\/carreiras-slider-1024x640.jpg","type":"","width":"","height":""}],"twitter_card":"summary_large_image","twitter_misc":{"Dur\u00e9e de lecture estim\u00e9e":"2 minutes"},"schema":{"@context":"https:\/\/schema.org","@graph":[{"@type":"WebPage","@id":"https:\/\/goldenclubcabanas.com\/fr\/postes\/","url":"https:\/\/goldenclubcabanas.com\/fr\/postes\/","name":"Offres d\u2019emploi - Golden Club Cabanas Aparthotel Algarve, Portugal","isPartOf":{"@id":"https:\/\/goldenclubcabanas.com\/en\/#website"},"primaryImageOfPage":{"@id":"https:\/\/goldenclubcabanas.com\/fr\/postes\/#primaryimage"},"image":{"@id":"https:\/\/goldenclubcabanas.com\/fr\/postes\/#primaryimage"},"thumbnailUrl":"https:\/\/goldenclubcabanas.com\/wp-content\/uploads\/2025\/07\/carreiras-slider-1024x640.jpg","datePublished":"2025-05-26T10:31:25+00:00","dateModified":"2025-11-25T15:56:55+00:00","breadcrumb":{"@id":"https:\/\/goldenclubcabanas.com\/fr\/postes\/#breadcrumb"},"inLanguage":"fr-FR","potentialAction":[{"@type":"ReadAction","target":["https:\/\/goldenclubcabanas.com\/fr\/postes\/"]}]},{"@type":"ImageObject","inLanguage":"fr-FR","@id":"https:\/\/goldenclubcabanas.com\/fr\/postes\/#primaryimage","url":"https:\/\/goldenclubcabanas.com\/wp-content\/uploads\/2025\/07\/carreiras-slider-1024x640.jpg","contentUrl":"https:\/\/goldenclubcabanas.com\/wp-content\/uploads\/2025\/07\/carreiras-slider-1024x640.jpg"},{"@type":"BreadcrumbList","@id":"https:\/\/goldenclubcabanas.com\/fr\/postes\/#breadcrumb","itemListElement":[{"@type":"ListItem","position":1,"name":"In\u00edcio","item":"https:\/\/goldenclubcabanas.com\/fr\/"},{"@type":"ListItem","position":2,"name":"Offres d\u2019emploi"}]},{"@type":"WebSite","@id":"https:\/\/goldenclubcabanas.com\/en\/#website","url":"https:\/\/goldenclubcabanas.com\/en\/","name":"Golden Club Cabanas","description":"","potentialAction":[{"@type":"SearchAction","target":{"@type":"EntryPoint","urlTemplate":"https:\/\/goldenclubcabanas.com\/en\/?s={search_term_string}"},"query-input":{"@type":"PropertyValueSpecification","valueRequired":true,"valueName":"search_term_string"}}],"inLanguage":"fr-FR"}]}},"_links":{"self":[{"href":"https:\/\/goldenclubcabanas.com\/fr\/wp-json\/wp\/v2\/pages\/4484","targetHints":{"allow":["GET"]}}],"collection":[{"href":"https:\/\/goldenclubcabanas.com\/fr\/wp-json\/wp\/v2\/pages"}],"about":[{"href":"https:\/\/goldenclubcabanas.com\/fr\/wp-json\/wp\/v2\/types\/page"}],"author":[{"embeddable":true,"href":"https:\/\/goldenclubcabanas.com\/fr\/wp-json\/wp\/v2\/users\/2"}],"replies":[{"embeddable":true,"href":"https:\/\/goldenclubcabanas.com\/fr\/wp-json\/wp\/v2\/comments?post=4484"}],"version-history":[{"count":4,"href":"https:\/\/goldenclubcabanas.com\/fr\/wp-json\/wp\/v2\/pages\/4484\/revisions"}],"predecessor-version":[{"id":7400,"href":"https:\/\/goldenclubcabanas.com\/fr\/wp-json\/wp\/v2\/pages\/4484\/revisions\/7400"}],"wp:attachment":[{"href":"https:\/\/goldenclubcabanas.com\/fr\/wp-json\/wp\/v2\/media?parent=4484"}],"curies":[{"name":"wp","href":"https:\/\/api.w.org\/{rel}","templated":true}]}}