{"id":4493,"date":"2025-05-23T06:45:33","date_gmt":"2025-05-23T06:45:33","guid":{"rendered":"https:\/\/goldenclubcabanas.com\/ferias-tudo-incluido\/"},"modified":"2026-02-25T16:00:41","modified_gmt":"2026-02-25T16:00:41","slug":"vacances-tout-compris","status":"publish","type":"page","link":"https:\/\/goldenclubcabanas.com\/fr\/vacances-tout-compris\/","title":{"rendered":"Vacances tout compris"},"content":{"rendered":"\n<div class=\"dng-hero-section gb-element-28a70af2\">\n<div class=\"dng-content-section gb-element-c89240fc\">\n<h1 class=\"gb-text lg-font gb-text-ccc3e67d\" data-aos=\"fade-up\" data-aos-anchor-placement=\"top-bottom\" data-aos-duration=\"1500\">Vacances tout compris en Algarve<\/h1>\n\n\n\n<p class=\"gb-text gb-text-ee9098d4 body1\" data-aos-anchor-placement=\"top-bottom\" data-aos=\"fade-up\" data-aos-duration=\"2000\">Au Golden Club Cabanas, la formule All Inclusive vous offre un confort total : repas, collations, boissons et activit\u00e9s inclus, afin que vous puissiez profiter de chaque instant avec tranquillit\u00e9 et libert\u00e9.<\/p>\n<\/div>\n<\/div>\n\n\n\n<div class=\"gb-element-10bd11b9\">\n<div class=\"dng-content-section\">\n<h2 class=\"gb-text gb-text-c3005b54 title1\" data-aos=\"fade-up\" data-aos-duration=\"2000\" data-aos-anchor-placement=\"center-bottom\">Des saveurs et un repos adapt\u00e9s \u00e0 vos besoins<\/h2>\n\n\n\n<p class=\"gb-text gb-text-fe56f8ec body2\" data-aos=\"fade-up\" data-aos-duration=\"2400\" data-aos-anchor-placement=\"center-bottom\">Profitez de buffets vari\u00e9s avec des options pour toute la famille, d\u2019un bar ouvert avec des boissons s\u00e9lectionn\u00e9es tout au long de la journ\u00e9e. D\u00e9tendez-vous entre deux baignades dans la piscine, des promenades dans la nature ou du temps de qualit\u00e9 avec vos proches. <\/p>\n<\/div>\n<\/div>\n\n\n\n<div><div id=\"dng-c-image-slider-block_20a15865a93877df0f9bde7bfb76d119\" class=\"dng-c-image-slider\">\r\n            <div class=\"dng-center-scale-slider owl-carousel owl-theme\">\r\n                            <div class=\"dng-slider-item\" data-index=\"0\">\r\n                    <img loading=\"lazy\" decoding=\"async\" width=\"1465\" height=\"908\" src=\"https:\/\/goldenclubcabanas.com\/wp-content\/uploads\/2025\/10\/ferias-tudo-incluido-galeria-2.webp\" class=\"attachment-full size-full\" alt=\"\" srcset=\"https:\/\/goldenclubcabanas.com\/wp-content\/uploads\/2025\/10\/ferias-tudo-incluido-galeria-2.webp 1465w, https:\/\/goldenclubcabanas.com\/wp-content\/uploads\/2025\/10\/ferias-tudo-incluido-galeria-2-300x186.webp 300w, https:\/\/goldenclubcabanas.com\/wp-content\/uploads\/2025\/10\/ferias-tudo-incluido-galeria-2-1024x635.webp 1024w, https:\/\/goldenclubcabanas.com\/wp-content\/uploads\/2025\/10\/ferias-tudo-incluido-galeria-2-768x476.webp 768w\" sizes=\"auto, (max-width: 1465px) 100vw, 1465px\" \/>                <\/div>\r\n                            <div class=\"dng-slider-item\" data-index=\"1\">\r\n                    <img loading=\"lazy\" decoding=\"async\" width=\"1465\" height=\"908\" src=\"https:\/\/goldenclubcabanas.com\/wp-content\/uploads\/2025\/10\/ferias-tudo-incluido-galeria-3.webp\" class=\"attachment-full size-full\" alt=\"\" srcset=\"https:\/\/goldenclubcabanas.com\/wp-content\/uploads\/2025\/10\/ferias-tudo-incluido-galeria-3.webp 1465w, https:\/\/goldenclubcabanas.com\/wp-content\/uploads\/2025\/10\/ferias-tudo-incluido-galeria-3-300x186.webp 300w, https:\/\/goldenclubcabanas.com\/wp-content\/uploads\/2025\/10\/ferias-tudo-incluido-galeria-3-1024x635.webp 1024w, https:\/\/goldenclubcabanas.com\/wp-content\/uploads\/2025\/10\/ferias-tudo-incluido-galeria-3-768x476.webp 768w\" sizes=\"auto, (max-width: 1465px) 100vw, 1465px\" \/>                <\/div>\r\n                            <div class=\"dng-slider-item\" data-index=\"2\">\r\n                    <img loading=\"lazy\" decoding=\"async\" width=\"1465\" height=\"908\" src=\"https:\/\/goldenclubcabanas.com\/wp-content\/uploads\/2025\/10\/ferias-tudo-incluido-galeria-5.webp\" class=\"attachment-full size-full\" alt=\"\" srcset=\"https:\/\/goldenclubcabanas.com\/wp-content\/uploads\/2025\/10\/ferias-tudo-incluido-galeria-5.webp 1465w, https:\/\/goldenclubcabanas.com\/wp-content\/uploads\/2025\/10\/ferias-tudo-incluido-galeria-5-300x186.webp 300w, https:\/\/goldenclubcabanas.com\/wp-content\/uploads\/2025\/10\/ferias-tudo-incluido-galeria-5-1024x635.webp 1024w, https:\/\/goldenclubcabanas.com\/wp-content\/uploads\/2025\/10\/ferias-tudo-incluido-galeria-5-768x476.webp 768w\" sizes=\"auto, (max-width: 1465px) 100vw, 1465px\" \/>                <\/div>\r\n                    <\/div>\r\n    \r\n<\/div><\/div>\n\n\n\n<div class=\"dng-section-space\">\n<div class=\"dng-content-section gb-element-1924cd8a\">\n<div class=\"gb-element-5b8f2b82\">\n<figure class=\"wp-block-image size-full\"><img loading=\"lazy\" decoding=\"async\" width=\"626\" height=\"696\" src=\"https:\/\/goldenclubcabanas.com\/wp-content\/uploads\/2025\/10\/ferias-tudo-incluido-square-1.webp\" alt=\"\" class=\"wp-image-6910\" srcset=\"https:\/\/goldenclubcabanas.com\/wp-content\/uploads\/2025\/10\/ferias-tudo-incluido-square-1.webp 626w, https:\/\/goldenclubcabanas.com\/wp-content\/uploads\/2025\/10\/ferias-tudo-incluido-square-1-270x300.webp 270w\" sizes=\"auto, (max-width: 626px) 100vw, 626px\" \/><\/figure>\n<\/div>\n\n\n\n<div class=\"no-overflow gb-element-69bce9d3\">\n<h3 class=\"gb-text gb-text-eade339a title1\" data-aos=\"fade-up\" data-aos-delay=\"200\" data-aos-anchor-placement=\"bottom-bottom\" data-aos-duration=\"700\">Tout compris. Tout est con\u00e7u pour vous. <\/h3>\n\n\n\n<p class=\"gb-text gb-text-bb9d628c body2\" data-aos-delay=\"400\" data-aos-duration=\"900\" data-aos-anchor-placement=\"bottom-bottom\" data-aos=\"fade-up\">Plus de l\u00e9g\u00e8ret\u00e9, moins de soucis : avec notre formule Tout Compris, vous avez sous la main tout ce qui vous fait envie pendant les vacances. Trinquez au soleil, \u00e0 la famille et au repos \u2014 pour le reste, c\u2019est d\u00e9j\u00e0 assur\u00e9.<\/p>\n<\/div>\n<\/div>\n<\/div>\n\n\n\n<div class=\"no-overflow\">\n<img loading=\"lazy\" decoding=\"async\" width=\"2048\" height=\"668\" class=\"gb-media-2552eb74\" src=\"https:\/\/goldenclubcabanas.com\/wp-content\/uploads\/2025\/10\/ferias-tudo-incluido-separador.webp\" title=\"ferias-tudo-incluido-separador\" data-aos=\"zoom-out-up\" data-aos-duration=\"500\" srcset=\"https:\/\/goldenclubcabanas.com\/wp-content\/uploads\/2025\/10\/ferias-tudo-incluido-separador.webp 2048w, https:\/\/goldenclubcabanas.com\/wp-content\/uploads\/2025\/10\/ferias-tudo-incluido-separador-300x98.webp 300w, https:\/\/goldenclubcabanas.com\/wp-content\/uploads\/2025\/10\/ferias-tudo-incluido-separador-1024x334.webp 1024w, https:\/\/goldenclubcabanas.com\/wp-content\/uploads\/2025\/10\/ferias-tudo-incluido-separador-768x251.webp 768w, https:\/\/goldenclubcabanas.com\/wp-content\/uploads\/2025\/10\/ferias-tudo-incluido-separador-1536x501.webp 1536w\" sizes=\"auto, (max-width: 2048px) 100vw, 2048px\" \/>\n<\/div>\n\n\n\n<div class=\"dng-section-space\">\n<div class=\"dng-content-section\">\n<div class=\"gb-element-ccfccbf7\">\n<h2 class=\"gb-text gb-text-688f0fdb\">Ce qui est inclus<\/h2>\n\n\n\n<div class=\"gb-element-2ddd29a7\">\n<div class=\"gb-accordion\">\n<div class=\"gb-accordion__item dng-accord-icon-item gb-accordion__item-5de9ed44\" data-aos=\"fade-up\" data-aos-duration=\"1600\" data-aos-anchor-placement=\"center-bottom\">\n<div role=\"button\" tabindex=\"0\" class=\"gb-accordion__toggle gb-accordion__toggle-b95de2b0\" id=\"gb-accordion-toggle-b95de2b0\">\n<a class=\"gb-text-74467754\"><span class=\"gb-shape\"><svg xmlns=\"http:\/\/www.w3.org\/2000\/svg\" width=\"26\" height=\"16\" viewBox=\"0 0 26 16\" fill=\"none\">\n<path d=\"M13 3.15385C14.5652 3.15385 17.6957 4.12308 17.6957 8C17.6957 11.8769 14.5652 12.8462 13 12.8462M22.913 9.61539H23.9565V15H21.8696V9.61539H22.913ZM22.913 9.61539V7.46154M22.913 7.46154C22.2174 7.46154 20.8261 6.81539 20.8261 4.23077C20.8261 1.64615 22.2174 1 22.913 1C23.6087 1 25 1.64615 25 4.23077C25 6.81539 23.6087 7.46154 22.913 7.46154ZM3.08696 9.61539H4.13043V15H2.04348V9.61539H3.08696ZM3.08696 9.61539V7.46154M3.08696 7.46154C3.08696 7.46154 1 7.46154 1 5.30769M3.08696 7.46154C3.08696 7.46154 5.17391 7.46154 5.17391 5.30769M1 5.30769V1M1 5.30769H3.08696M5.17391 5.30769V1M5.17391 5.30769H3.08696M3.08696 5.30769V1M19.7826 8C19.7826 4.13401 16.7459 1 13 1C10.6951 1 8.65878 2.18652 7.43312 4C6.6668 5.13383 6.21739 6.51275 6.21739 8C6.21739 11.866 9.25407 15 13 15C15.7148 15 18.057 13.3539 19.1408 10.9761C19.5525 10.0729 19.7826 9.0642 19.7826 8Z\" stroke=\"#626262\"><\/path>\n<\/svg><\/span><\/a>\n\n\n\n<h4 class=\"gb-text gb-text-24be79b4\">Repas<\/h4>\n\n\n\n<span class=\"gb-accordion__toggle-icon gb-accordion__toggle-icon-72b21732\"><span class=\"gb-accordion__toggle-icon-open\">\n<svg xmlns=\"http:\/\/www.w3.org\/2000\/svg\" width=\"18\" height=\"18\" viewBox=\"0 0 18 18\" fill=\"none\">\n<path d=\"M9 17L9 1\" stroke=\"#1E1E1E\" stroke-width=\"1.54\" stroke-linecap=\"round\"><\/path>\n<path d=\"M1 9L17 9\" stroke=\"#1E1E1E\" stroke-width=\"1.54\" stroke-linecap=\"round\"><\/path>\n<\/svg>\n<\/span><span class=\"gb-accordion__toggle-icon-close\"><svg xmlns=\"http:\/\/www.w3.org\/2000\/svg\" width=\"24\" height=\"24\" viewBox=\"0 0 23 24\" fill=\"none\">\n<path d=\"M16.9704 17.6565L5.65674 6.34277\" stroke=\"#1E1E1E\" stroke-width=\"1.54\" stroke-linecap=\"round\"><\/path>\n<path d=\"M5.65699 17.6565L16.9707 6.34277\" stroke=\"#1E1E1E\" stroke-width=\"1.54\" stroke-linecap=\"round\"><\/path>\n<\/svg>\n<\/span><\/span>\n<\/div>\n\n\n\n<div class=\"gb-accordion__content\" id=\"gb-accordion-content-f3d9eef9\">\n<div class=\"gb-element-1edd307f body2 lineHeight40\">\n<ul class=\"wp-block-list\">\n<li>Petit-d\u00e9jeuner, d\u00e9jeuner et d\u00eener buffet.<\/li>\n\n\n\n<li>Collation entre 16h et 17h.<\/li>\n<\/ul>\n<\/div>\n<\/div>\n<\/div>\n\n\n\n<div class=\"gb-accordion__item dng-accord-icon-item gb-accordion__item-2ce9c6a9\" data-aos=\"fade-up\" data-aos-anchor-placement=\"center-bottom\" data-aos-duration=\"2000\">\n<div role=\"button\" tabindex=\"0\" class=\"gb-accordion__toggle gb-accordion__toggle-fcb03856\" id=\"gb-accordion-toggle-fcb03856\">\n<a class=\"gb-text-a41daed8\"><span class=\"gb-shape\">\n<svg width=\"24\" height=\"21\" viewBox=\"0 0 24 21\" fill=\"none\" xmlns=\"http:\/\/www.w3.org\/2000\/svg\">\n<path d=\"M0 20H7M24 20H17M12 17V12M12 17L7 20M12 17L17 20M12 12L4 4H16M12 12L17 7M7 20H17M16 4H20L17 7M16 4C16.1667 3 17.2 1 20 1C22.8 1 23.5 3.5 23.5 4.5C23.5 5.5 23 8 20 8C19.3333 8 17.8 7.8 17 7M12 10L8 6H16L12 10Z\" stroke=\"#626262\"><\/path>\n<\/svg>\n<\/span><\/a>\n\n\n\n<h4 class=\"gb-text gb-text-0bb54bc7\">Boissons<\/h4>\n\n\n\n<span class=\"gb-accordion__toggle-icon gb-accordion__toggle-icon-e2b0e945\"><span class=\"gb-accordion__toggle-icon-open\"><svg xmlns=\"http:\/\/www.w3.org\/2000\/svg\" width=\"18\" height=\"18\" viewBox=\"0 0 18 18\" fill=\"none\">\n<path d=\"M9 17L9 1\" stroke=\"#1E1E1E\" stroke-width=\"1.54\" stroke-linecap=\"round\"><\/path>\n<path d=\"M1 9L17 9\" stroke=\"#1E1E1E\" stroke-width=\"1.54\" stroke-linecap=\"round\"><\/path>\n<\/svg>\n<\/span><span class=\"gb-accordion__toggle-icon-close\"><svg xmlns=\"http:\/\/www.w3.org\/2000\/svg\" width=\"23\" height=\"24\" viewBox=\"0 0 23 24\" fill=\"none\">\n<path d=\"M16.9704 17.6565L5.65674 6.34277\" stroke=\"#1E1E1E\" stroke-width=\"1.54\" stroke-linecap=\"round\"><\/path>\n<path d=\"M5.65699 17.6565L16.9707 6.34277\" stroke=\"#1E1E1E\" stroke-width=\"1.54\" stroke-linecap=\"round\"><\/path>\n<\/svg>\n<\/span><\/span>\n<\/div>\n\n\n\n<div class=\"gb-accordion__content\" id=\"gb-accordion-content-dc32aab5\">\n<div class=\"gb-element-fc12d78d body2 lineHeight40\">\n<ul class=\"wp-block-list\">\n<li>S\u00e9lection de boissons alcoolis\u00e9es et non alcoolis\u00e9es entre 10h et 23h.<\/li>\n\n\n\n<li>Carte des boissons tout compris<\/li>\n\n\n\n<li>Eau min\u00e9rale (non embouteill\u00e9e)*<\/li>\n\n\n\n<li>Eau gazeuse (non embouteill\u00e9e)*<\/li>\n\n\n\n<li>Coca-Cola (non embouteill\u00e9) *<\/li>\n\n\n\n<li>Sprite, Fanta (non emboute)*<\/li>\n\n\n\n<li>Jus de fruits (non embouteill\u00e9s) *<\/li>\n\n\n\n<li>Caf\u00e9<\/li>\n\n\n\n<li>Lait<\/li>\n\n\n\n<li>Th\u00e9<\/li>\n\n\n\n<li>Chocolat<\/li>\n\n\n\n<li>Bi\u00e8re avec alcool (imp\u00e9riale) *<\/li>\n\n\n\n<li>Sangria<\/li>\n\n\n\n<li>Vin rouge (non embouteill\u00e9) *<\/li>\n\n\n\n<li>Vin blanc (non mis en bouteille) *<\/li>\n\n\n\n<li>Cocktails<\/li>\n\n\n\n<li>Whisky<\/li>\n\n\n\n<li>Vin de Porto<\/li>\n\n\n\n<li>Eau-de-vie Marceira<\/li>\n\n\n\n<li>T\u00e9quila<\/li>\n\n\n\n<li>Liqueur de cr\u00e8me<\/li>\n\n\n\n<li>Vodka<\/li>\n\n\n\n<li>Liqueur nationale<\/li>\n\n\n\n<li>Amer<\/li>\n\n\n\n<li>Mascate<\/li>\n\n\n\n<li>Rhum<\/li>\n\n\n\n<li>Gin<br>*Boissons incluses au d\u00e9jeuner et au d\u00eener. Boissons non embouteill\u00e9es. <\/li>\n<\/ul>\n<\/div>\n<\/div>\n<\/div>\n<\/div>\n<\/div>\n<\/div>\n<\/div>\n<\/div>\n\n\n\n<div class=\"dng-padding-y-100 gb-element-773c6281\">\n<div class=\"dng-content-section gb-element-1626c6c2\">\n<div class=\"gb-element-be2c4fe3\">\n<div class=\"dng-col-7 gb-element-c45690f7\">\n<figure class=\"wp-block-image size-full\"><img loading=\"lazy\" decoding=\"async\" width=\"1024\" height=\"724\" src=\"https:\/\/goldenclubcabanas.com\/wp-content\/uploads\/2025\/07\/ferias-tudo-incluido-cta.jpg\" alt=\"\" class=\"wp-image-3477\" srcset=\"https:\/\/goldenclubcabanas.com\/wp-content\/uploads\/2025\/07\/ferias-tudo-incluido-cta.jpg 1024w, https:\/\/goldenclubcabanas.com\/wp-content\/uploads\/2025\/07\/ferias-tudo-incluido-cta-300x212.jpg 300w, https:\/\/goldenclubcabanas.com\/wp-content\/uploads\/2025\/07\/ferias-tudo-incluido-cta-768x543.jpg 768w\" sizes=\"auto, (max-width: 1024px) 100vw, 1024px\" \/><\/figure>\n<\/div>\n<\/div>\n\n\n\n<div class=\"dng-content-top-card dng-width-45 gb-element-4071d729\">\n<h3 class=\"gb-text gb-text-dc137e93\">Vivez vos vacances sans soucis<\/h3>\n\n\n\n<p class=\"gb-text dng-mb-40 body2\">R\u00e9servez d\u00e8s maintenant vos vacances tout compris et profitez du meilleur de l\u2019Algarve avec confort, saveur et plaisir garanti.<\/p>\n\n\n\n<a class=\"gb-text dng-gpc-btn gb-text-fcc0ab06 button-text btn-gold-outline dng-button\" href=\"https:\/\/booking.goldenclubcabanas.com\/fr\/\" target=\"_blank\" rel=\"noopener\">R\u00e9server maintenant<\/a>\n<\/div>\n<\/div>\n<\/div>\n","protected":false},"excerpt":{"rendered":"<p>Vacances tout compris en Algarve Au Golden Club Cabanas, la formule All Inclusive vous offre un confort total : repas, collations, boissons et activit\u00e9s inclus, afin que vous puissiez profiter de chaque instant avec tranquillit\u00e9 et libert\u00e9. Des saveurs et un repos adapt\u00e9s \u00e0 vos besoins Profitez de buffets vari\u00e9s avec des options pour toute &#8230; <a title=\"Vacances tout compris\" class=\"read-more\" href=\"https:\/\/goldenclubcabanas.com\/fr\/vacances-tout-compris\/\" aria-label=\"En savoir plus sur Vacances tout compris\">Lire plus<\/a><\/p>\n","protected":false},"author":2,"featured_media":0,"parent":0,"menu_order":56,"comment_status":"closed","ping_status":"closed","template":"","meta":{"_acf_changed":false,"footnotes":""},"class_list":["post-4493","page","type-page","status-publish"],"acf":[],"yoast_head":"<!-- This site is optimized with the Yoast SEO Premium plugin v25.9 (Yoast SEO v25.9) - https:\/\/yoast.com\/wordpress\/plugins\/seo\/ -->\n<title>Vacances Tout Compris en Algarve - Golden Club Cabanas<\/title>\n<meta name=\"description\" content=\"Vacances tout compris en Algarve: buffets, bar, activit\u00e9s et piscines \u2014 d\u00e9tendez-vous et profitez de chaque instant au Golden Club Cabanas.\" \/>\n<meta name=\"robots\" content=\"index, follow, max-snippet:-1, max-image-preview:large, max-video-preview:-1\" \/>\n<link rel=\"canonical\" href=\"https:\/\/goldenclubcabanas.com\/fr\/vacances-tout-compris\/\" \/>\n<meta property=\"og:locale\" content=\"fr_FR\" \/>\n<meta property=\"og:type\" content=\"article\" \/>\n<meta property=\"og:title\" content=\"Vacances tout compris\" \/>\n<meta property=\"og:description\" content=\"Vacances tout compris en Algarve: buffets, bar, activit\u00e9s et piscines \u2014 d\u00e9tendez-vous et profitez de chaque instant au Golden Club Cabanas.\" \/>\n<meta property=\"og:url\" content=\"https:\/\/goldenclubcabanas.com\/fr\/vacances-tout-compris\/\" \/>\n<meta property=\"og:site_name\" content=\"Golden Club Cabanas Aparthotel Algarve, Portugal\" \/>\n<meta property=\"article:modified_time\" content=\"2026-02-25T16:00:41+00:00\" \/>\n<meta property=\"og:image\" content=\"https:\/\/goldenclubcabanas.com\/wp-content\/uploads\/2025\/10\/ferias-tudo-incluido-square-1.webp\" \/>\n<meta name=\"twitter:card\" content=\"summary_large_image\" \/>\n<meta name=\"twitter:label1\" content=\"Dur\u00e9e de lecture estim\u00e9e\" \/>\n\t<meta name=\"twitter:data1\" content=\"3 minutes\" \/>\n<script type=\"application\/ld+json\" class=\"yoast-schema-graph\">{\"@context\":\"https:\/\/schema.org\",\"@graph\":[{\"@type\":\"WebPage\",\"@id\":\"https:\/\/goldenclubcabanas.com\/fr\/vacances-tout-compris\/\",\"url\":\"https:\/\/goldenclubcabanas.com\/fr\/vacances-tout-compris\/\",\"name\":\"Vacances Tout Compris en Algarve - Golden Club Cabanas\",\"isPartOf\":{\"@id\":\"https:\/\/goldenclubcabanas.com\/en\/#website\"},\"primaryImageOfPage\":{\"@id\":\"https:\/\/goldenclubcabanas.com\/fr\/vacances-tout-compris\/#primaryimage\"},\"image\":{\"@id\":\"https:\/\/goldenclubcabanas.com\/fr\/vacances-tout-compris\/#primaryimage\"},\"thumbnailUrl\":\"https:\/\/goldenclubcabanas.com\/wp-content\/uploads\/2025\/10\/ferias-tudo-incluido-square-1.webp\",\"datePublished\":\"2025-05-23T06:45:33+00:00\",\"dateModified\":\"2026-02-25T16:00:41+00:00\",\"description\":\"Vacances tout compris en Algarve: buffets, bar, activit\u00e9s et piscines \u2014 d\u00e9tendez-vous et profitez de chaque instant au Golden Club Cabanas.\",\"breadcrumb\":{\"@id\":\"https:\/\/goldenclubcabanas.com\/fr\/vacances-tout-compris\/#breadcrumb\"},\"inLanguage\":\"fr-FR\",\"potentialAction\":[{\"@type\":\"ReadAction\",\"target\":[\"https:\/\/goldenclubcabanas.com\/fr\/vacances-tout-compris\/\"]}]},{\"@type\":\"ImageObject\",\"inLanguage\":\"fr-FR\",\"@id\":\"https:\/\/goldenclubcabanas.com\/fr\/vacances-tout-compris\/#primaryimage\",\"url\":\"https:\/\/goldenclubcabanas.com\/wp-content\/uploads\/2025\/10\/ferias-tudo-incluido-square-1.webp\",\"contentUrl\":\"https:\/\/goldenclubcabanas.com\/wp-content\/uploads\/2025\/10\/ferias-tudo-incluido-square-1.webp\"},{\"@type\":\"BreadcrumbList\",\"@id\":\"https:\/\/goldenclubcabanas.com\/fr\/vacances-tout-compris\/#breadcrumb\",\"itemListElement\":[{\"@type\":\"ListItem\",\"position\":1,\"name\":\"In\u00edcio\",\"item\":\"https:\/\/goldenclubcabanas.com\/fr\/\"},{\"@type\":\"ListItem\",\"position\":2,\"name\":\"Vacances tout compris\"}]},{\"@type\":\"WebSite\",\"@id\":\"https:\/\/goldenclubcabanas.com\/en\/#website\",\"url\":\"https:\/\/goldenclubcabanas.com\/en\/\",\"name\":\"Golden Club Cabanas\",\"description\":\"\",\"potentialAction\":[{\"@type\":\"SearchAction\",\"target\":{\"@type\":\"EntryPoint\",\"urlTemplate\":\"https:\/\/goldenclubcabanas.com\/en\/?s={search_term_string}\"},\"query-input\":{\"@type\":\"PropertyValueSpecification\",\"valueRequired\":true,\"valueName\":\"search_term_string\"}}],\"inLanguage\":\"fr-FR\"}]}<\/script>\n<!-- \/ Yoast SEO Premium plugin. -->","yoast_head_json":{"title":"Vacances Tout Compris en Algarve - Golden Club Cabanas","description":"Vacances tout compris en Algarve: buffets, bar, activit\u00e9s et piscines \u2014 d\u00e9tendez-vous et profitez de chaque instant au Golden Club Cabanas.","robots":{"index":"index","follow":"follow","max-snippet":"max-snippet:-1","max-image-preview":"max-image-preview:large","max-video-preview":"max-video-preview:-1"},"canonical":"https:\/\/goldenclubcabanas.com\/fr\/vacances-tout-compris\/","og_locale":"fr_FR","og_type":"article","og_title":"Vacances tout compris","og_description":"Vacances tout compris en Algarve: buffets, bar, activit\u00e9s et piscines \u2014 d\u00e9tendez-vous et profitez de chaque instant au Golden Club Cabanas.","og_url":"https:\/\/goldenclubcabanas.com\/fr\/vacances-tout-compris\/","og_site_name":"Golden Club Cabanas Aparthotel Algarve, Portugal","article_modified_time":"2026-02-25T16:00:41+00:00","og_image":[{"url":"https:\/\/goldenclubcabanas.com\/wp-content\/uploads\/2025\/10\/ferias-tudo-incluido-square-1.webp","type":"","width":"","height":""}],"twitter_card":"summary_large_image","twitter_misc":{"Dur\u00e9e de lecture estim\u00e9e":"3 minutes"},"schema":{"@context":"https:\/\/schema.org","@graph":[{"@type":"WebPage","@id":"https:\/\/goldenclubcabanas.com\/fr\/vacances-tout-compris\/","url":"https:\/\/goldenclubcabanas.com\/fr\/vacances-tout-compris\/","name":"Vacances Tout Compris en Algarve - Golden Club Cabanas","isPartOf":{"@id":"https:\/\/goldenclubcabanas.com\/en\/#website"},"primaryImageOfPage":{"@id":"https:\/\/goldenclubcabanas.com\/fr\/vacances-tout-compris\/#primaryimage"},"image":{"@id":"https:\/\/goldenclubcabanas.com\/fr\/vacances-tout-compris\/#primaryimage"},"thumbnailUrl":"https:\/\/goldenclubcabanas.com\/wp-content\/uploads\/2025\/10\/ferias-tudo-incluido-square-1.webp","datePublished":"2025-05-23T06:45:33+00:00","dateModified":"2026-02-25T16:00:41+00:00","description":"Vacances tout compris en Algarve: buffets, bar, activit\u00e9s et piscines \u2014 d\u00e9tendez-vous et profitez de chaque instant au Golden Club Cabanas.","breadcrumb":{"@id":"https:\/\/goldenclubcabanas.com\/fr\/vacances-tout-compris\/#breadcrumb"},"inLanguage":"fr-FR","potentialAction":[{"@type":"ReadAction","target":["https:\/\/goldenclubcabanas.com\/fr\/vacances-tout-compris\/"]}]},{"@type":"ImageObject","inLanguage":"fr-FR","@id":"https:\/\/goldenclubcabanas.com\/fr\/vacances-tout-compris\/#primaryimage","url":"https:\/\/goldenclubcabanas.com\/wp-content\/uploads\/2025\/10\/ferias-tudo-incluido-square-1.webp","contentUrl":"https:\/\/goldenclubcabanas.com\/wp-content\/uploads\/2025\/10\/ferias-tudo-incluido-square-1.webp"},{"@type":"BreadcrumbList","@id":"https:\/\/goldenclubcabanas.com\/fr\/vacances-tout-compris\/#breadcrumb","itemListElement":[{"@type":"ListItem","position":1,"name":"In\u00edcio","item":"https:\/\/goldenclubcabanas.com\/fr\/"},{"@type":"ListItem","position":2,"name":"Vacances tout compris"}]},{"@type":"WebSite","@id":"https:\/\/goldenclubcabanas.com\/en\/#website","url":"https:\/\/goldenclubcabanas.com\/en\/","name":"Golden Club Cabanas","description":"","potentialAction":[{"@type":"SearchAction","target":{"@type":"EntryPoint","urlTemplate":"https:\/\/goldenclubcabanas.com\/en\/?s={search_term_string}"},"query-input":{"@type":"PropertyValueSpecification","valueRequired":true,"valueName":"search_term_string"}}],"inLanguage":"fr-FR"}]}},"_links":{"self":[{"href":"https:\/\/goldenclubcabanas.com\/fr\/wp-json\/wp\/v2\/pages\/4493","targetHints":{"allow":["GET"]}}],"collection":[{"href":"https:\/\/goldenclubcabanas.com\/fr\/wp-json\/wp\/v2\/pages"}],"about":[{"href":"https:\/\/goldenclubcabanas.com\/fr\/wp-json\/wp\/v2\/types\/page"}],"author":[{"embeddable":true,"href":"https:\/\/goldenclubcabanas.com\/fr\/wp-json\/wp\/v2\/users\/2"}],"replies":[{"embeddable":true,"href":"https:\/\/goldenclubcabanas.com\/fr\/wp-json\/wp\/v2\/comments?post=4493"}],"version-history":[{"count":5,"href":"https:\/\/goldenclubcabanas.com\/fr\/wp-json\/wp\/v2\/pages\/4493\/revisions"}],"predecessor-version":[{"id":7201,"href":"https:\/\/goldenclubcabanas.com\/fr\/wp-json\/wp\/v2\/pages\/4493\/revisions\/7201"}],"wp:attachment":[{"href":"https:\/\/goldenclubcabanas.com\/fr\/wp-json\/wp\/v2\/media?parent=4493"}],"curies":[{"name":"wp","href":"https:\/\/api.w.org\/{rel}","templated":true}]}}