{"id":4496,"date":"2025-05-12T12:25:04","date_gmt":"2025-05-12T12:25:04","guid":{"rendered":"https:\/\/goldenclubcabanas.com\/ofertas-especiais\/"},"modified":"2025-10-23T07:39:27","modified_gmt":"2025-10-23T07:39:27","slug":"promotions-algarve","status":"publish","type":"page","link":"https:\/\/goldenclubcabanas.com\/fr\/promotions-algarve\/","title":{"rendered":"Offres sp\u00e9ciales"},"content":{"rendered":"\n<div class=\"dng-hero-section gb-element-536236e5\">\n<div class=\"dng-content-section gb-element-8a27e51b\">\n<h1 class=\"gb-text lg-font gb-text-43e7a1fd\" data-aos=\"fade-up\" data-aos-anchor-placement=\"top-bottom\" data-aos-duration=\"1500\">Offres sp\u00e9ciales pour des vacances en Algarve<\/h1>\n\n\n\n<p class=\"gb-text gb-text-b1cd713a body1\" data-aos-anchor-placement=\"top-bottom\" data-aos=\"fade-up\" data-aos-duration=\"2000\">Profitez de r\u00e9ductions exclusives et de conditions uniques pour r\u00e9server votre prochaine escapade au Golden Club Cabanas.<\/p>\n<\/div>\n<\/div>\n\n\n\n<div class=\"gb-element-20dfa7bb\">\n<div class=\"dng-content-section\">\n<h2 class=\"gb-text gb-text-82300738\" data-aos=\"fade-up\" data-aos-duration=\"2200\">Des promotions con\u00e7ues pour vous<\/h2>\n\n\n\n<p class=\"gb-text gb-text-c5618201 body2\" data-aos=\"fade-up\" data-aos-duration=\"2200\">D\u00e9couvrez nos offres sp\u00e9ciales pour des vacances en Algarve, avec des forfaits pour les familles, des s\u00e9jours prolong\u00e9s, des escapades \u00e0 deux et bien plus encore. Tout pour que vous puissiez profiter du confort et des avantages au meilleur prix.<\/p>\n\n\n\n<div class=\"gb-element-5570743c\"><div class='dng-offer-posts'>\n<div class=\"offer-card\" data-aos=\"fade-up\" data-aos-duration=\"2000\" data-aos-achor-placement=\"center bottom\">\n    <div class=\"offer-card__image\">\n        <a href=\"https:\/\/goldenclubcabanas.com\/fr\/promotions-algarve\/escapade-printemps-algarve\/\" aria-label=\"Escapade de Printemps en Algarve\">\n                            <img loading=\"lazy\" decoding=\"async\" width=\"1120\" height=\"550\" src=\"https:\/\/goldenclubcabanas.com\/wp-content\/uploads\/2026\/04\/promo-primavera-golden-2.webp\" class=\"offer-card__thumbnail wp-post-image\" alt=\"Escapade de Printemps en Algarve\" srcset=\"https:\/\/goldenclubcabanas.com\/wp-content\/uploads\/2026\/04\/promo-primavera-golden-2.webp 1120w, https:\/\/goldenclubcabanas.com\/wp-content\/uploads\/2026\/04\/promo-primavera-golden-2-300x147.webp 300w, https:\/\/goldenclubcabanas.com\/wp-content\/uploads\/2026\/04\/promo-primavera-golden-2-1024x503.webp 1024w, https:\/\/goldenclubcabanas.com\/wp-content\/uploads\/2026\/04\/promo-primavera-golden-2-768x377.webp 768w\" sizes=\"auto, (max-width: 1120px) 100vw, 1120px\" \/>                    <\/a>\n        <div class=\"offer-badge green-badge\">\n                            <span class=\"offer-badge-text color-white caption\">Jusqu'\u00e0<\/span>\n                        <span class=\"title1 color-white\">20%<\/span>\n                            <span class=\"offer-badge-text color-white caption\">de r\u00e9duction<\/span>\n                    <\/div>\n    <\/div>\n\n    <div class=\"offer-card__content\">\n        <div class=\"offer-card__content-inner\">\n            <span class=\"offer-card__date overline color-black\">24 avril 2026 - 31 mai 2026<\/span>\n            <h3 class=\"offer-card__title title2\">Escapade de Printemps en Algarve<\/h3>\n                            <p class=\"offer-card__description color-black\">\n                    R\u00e9servez votre Escapade de Printemps en Algarve.                <\/p>\n                        <a href=\"https:\/\/goldenclubcabanas.com\/fr\/promotions-algarve\/escapade-printemps-algarve\/\" class=\"dng-button btn-green-outline button-text aos-init aos-animate offer-card__cta\">\n                Je veux en savoir plus                <svg class=\"btn__icon\" width=\"24\" height=\"25\" viewBox=\"0 0 24 25\" fill=\"none\" xmlns=\"http:\/\/www.w3.org\/2000\/svg\" aria-hidden=\"true\">\n                    <path d=\"M23.542 11.392L18.825 6.67505L18.118 7.38205L22.736 12H0V13H22.734L18.117 17.617L18.824 18.324L23.542 13.606C24.152 12.996 24.152 12.002 23.542 11.392Z\" fill=\"#1E1E1E\"><\/path>\n                <\/svg>\n            <\/a>\n        <\/div>\n    <\/div>\n<\/div>\n\n<div class=\"offer-card\" data-aos=\"fade-up\" data-aos-duration=\"2000\" data-aos-achor-placement=\"center bottom\">\n    <div class=\"offer-card__image\">\n        <a href=\"https:\/\/goldenclubcabanas.com\/fr\/promotions-algarve\/long-sejours\/\" aria-label=\"Long s\u00e9jours en Algarve\">\n                            <img loading=\"lazy\" decoding=\"async\" width=\"1520\" height=\"950\" src=\"https:\/\/goldenclubcabanas.com\/wp-content\/uploads\/2025\/04\/estadias-longas-1.webp\" class=\"offer-card__thumbnail wp-post-image\" alt=\"Long s\u00e9jours en Algarve\" srcset=\"https:\/\/goldenclubcabanas.com\/wp-content\/uploads\/2025\/04\/estadias-longas-1.webp 1520w, https:\/\/goldenclubcabanas.com\/wp-content\/uploads\/2025\/04\/estadias-longas-1-300x188.webp 300w, https:\/\/goldenclubcabanas.com\/wp-content\/uploads\/2025\/04\/estadias-longas-1-1024x640.webp 1024w, https:\/\/goldenclubcabanas.com\/wp-content\/uploads\/2025\/04\/estadias-longas-1-768x480.webp 768w\" sizes=\"auto, (max-width: 1520px) 100vw, 1520px\" \/>                    <\/a>\n        <div class=\"offer-badge gold-badge\">\n                            <span class=\"offer-badge-text color-white caption\">depuis<\/span>\n                        <span class=\"title1 color-white\">28\u20ac<\/span>\n                            <span class=\"offer-badge-text color-white caption\">par appartement\/nuit<\/span>\n                    <\/div>\n    <\/div>\n\n    <div class=\"offer-card__content\">\n        <div class=\"offer-card__content-inner\">\n            <span class=\"offer-card__date overline color-black\">1 octobre 2025 - 31 mai 2026<\/span>\n            <h3 class=\"offer-card__title title2\">Long s\u00e9jours en Algarve<\/h3>\n                            <p class=\"offer-card__description color-black\">\n                    Profitez du climat doux de l'Algarve au c\u0153ur du parc naturel de Ria Formosa.                <\/p>\n                        <a href=\"https:\/\/goldenclubcabanas.com\/fr\/promotions-algarve\/long-sejours\/\" class=\"dng-button btn-gold-outline button-text aos-init aos-animate offer-card__cta\">\n                Je veux en savoir plus                <svg class=\"btn__icon\" width=\"24\" height=\"25\" viewBox=\"0 0 24 25\" fill=\"none\" xmlns=\"http:\/\/www.w3.org\/2000\/svg\" aria-hidden=\"true\">\n                    <path d=\"M23.542 11.392L18.825 6.67505L18.118 7.38205L22.736 12H0V13H22.734L18.117 17.617L18.824 18.324L23.542 13.606C24.152 12.996 24.152 12.002 23.542 11.392Z\" fill=\"#1E1E1E\"><\/path>\n                <\/svg>\n            <\/a>\n        <\/div>\n    <\/div>\n<\/div>\n\n<div class=\"offer-card\" data-aos=\"fade-up\" data-aos-duration=\"2000\" data-aos-achor-placement=\"center bottom\">\n    <div class=\"offer-card__image\">\n        <a href=\"https:\/\/goldenclubcabanas.com\/fr\/promotions-algarve\/offre-speciale-ete\/\" aria-label=\"Offre Sp\u00e9ciale \u00c9t\u00e9\">\n                            <img loading=\"lazy\" decoding=\"async\" width=\"1120\" height=\"550\" src=\"https:\/\/goldenclubcabanas.com\/wp-content\/uploads\/2025\/04\/ferias-verao-algarve.jpg\" class=\"offer-card__thumbnail wp-post-image\" alt=\"Offre Sp\u00e9ciale \u00c9t\u00e9\" srcset=\"https:\/\/goldenclubcabanas.com\/wp-content\/uploads\/2025\/04\/ferias-verao-algarve.jpg 1120w, https:\/\/goldenclubcabanas.com\/wp-content\/uploads\/2025\/04\/ferias-verao-algarve-300x147.jpg 300w, https:\/\/goldenclubcabanas.com\/wp-content\/uploads\/2025\/04\/ferias-verao-algarve-1024x503.jpg 1024w, https:\/\/goldenclubcabanas.com\/wp-content\/uploads\/2025\/04\/ferias-verao-algarve-768x377.jpg 768w\" sizes=\"auto, (max-width: 1120px) 100vw, 1120px\" \/>                    <\/a>\n        <div class=\"offer-badge blue-badge\">\n                            <span class=\"offer-badge-text color-white caption\">jusqu'\u00e0<\/span>\n                        <span class=\"title1 color-white\">20%<\/span>\n                            <span class=\"offer-badge-text color-white caption\">r\u00e9duction<\/span>\n                    <\/div>\n    <\/div>\n\n    <div class=\"offer-card__content\">\n        <div class=\"offer-card__content-inner\">\n            <span class=\"offer-card__date overline color-black\">1 juin 2026 - 30 septembre 2026<\/span>\n            <h3 class=\"offer-card__title title2\">Offre Sp\u00e9ciale \u00c9t\u00e9<\/h3>\n                            <p class=\"offer-card__description color-black\">\n                    Vivez les meilleures vacances d'\u00e9t\u00e9 en Algarve au Golden Club Cabanas!                <\/p>\n                        <a href=\"https:\/\/goldenclubcabanas.com\/fr\/promotions-algarve\/offre-speciale-ete\/\" class=\"dng-button btn-blue-outline button-text aos-init aos-animate offer-card__cta\">\n                Je veux en savoir plus                <svg class=\"btn__icon\" width=\"24\" height=\"25\" viewBox=\"0 0 24 25\" fill=\"none\" xmlns=\"http:\/\/www.w3.org\/2000\/svg\" aria-hidden=\"true\">\n                    <path d=\"M23.542 11.392L18.825 6.67505L18.118 7.38205L22.736 12H0V13H22.734L18.117 17.617L18.824 18.324L23.542 13.606C24.152 12.996 24.152 12.002 23.542 11.392Z\" fill=\"#1E1E1E\"><\/path>\n                <\/svg>\n            <\/a>\n        <\/div>\n    <\/div>\n<\/div>\n<\/div><div class=\"special-offers-pagination dng-pagination\"><\/div>\n<\/div>\n<\/div>\n<\/div>\n\n\n\n<div class=\"gb-element-f1789d1f\">\n<img loading=\"lazy\" decoding=\"async\" width=\"1440\" height=\"517\" class=\"gb-media-f1944823\" src=\"https:\/\/goldenclubcabanas.com\/wp-content\/uploads\/2025\/03\/Mask-group-2.png\" title=\"Mask group (2)\" srcset=\"https:\/\/goldenclubcabanas.com\/wp-content\/uploads\/2025\/03\/Mask-group-2.png 1440w, https:\/\/goldenclubcabanas.com\/wp-content\/uploads\/2025\/03\/Mask-group-2-300x108.png 300w, https:\/\/goldenclubcabanas.com\/wp-content\/uploads\/2025\/03\/Mask-group-2-1024x368.png 1024w, https:\/\/goldenclubcabanas.com\/wp-content\/uploads\/2025\/03\/Mask-group-2-768x276.png 768w\" sizes=\"auto, (max-width: 1440px) 100vw, 1440px\" \/>\n\n\n\n<div class=\"no-overflow gb-element-2e17c4be\">\n<div class=\"gb-element-302b37dd\" data-aos=\"fade-up\" data-aos-duration=\"1000\" data-aos-anchor-placement=\"center-bottom\" data-aos-delay=\"300\">\n<div class=\"gb-element-16be0453\">\n<div class=\"gb-element-c8b7b377\">\n<span class=\"gb-text gb-text-d099f24a overline\">LES R\u00c9SEAUX SOCIAUX<\/span>\n\n\n\n<p class=\"gb-text gb-text-ddb46484 title1\">Restez en or, restez avec nous<\/p>\n<\/div>\n\n\n\n<div class=\"gb-element-39d9c212\">\n<p class=\"gb-text gb-text-d90f44b8 body2\">Suivez-nous sur les r\u00e9seaux sociaux et apprenez \u00e0 mieux conna\u00eetre notre station.<\/p>\n\n\n\n<div class=\"gb-element-d4c97b61\">\n<a class=\"gb-text gb-text-32de12a6\" href=\"https:\/\/www.facebook.com\/golden.club.cabanas\" target=\"_blank\" rel=\"noopener\"><\/a>\n\n\n\n<a class=\"gb-text gb-text-fb2bee6d\" href=\"https:\/\/www.instagram.com\/goldenclubcabanas\/\" target=\"_blank\" rel=\"noopener\"><\/a>\n\n\n\n<a class=\"gb-text gb-text-a70e33fe\" href=\"https:\/\/www.linkedin.com\/company\/goldenclubcabanas\/\" target=\"_blank\" rel=\"noopener\"><\/a>\n\n\n\n<a class=\"gb-text gb-text-3ceba00c\" href=\"https:\/\/www.youtube.com\/goldenclubcabanas\" target=\"_blank\" rel=\"noopener\"><\/a>\n\n\n\n<a class=\"gb-text gb-text-38c8ab24\" href=\"https:\/\/x.com\/goldencabanas\/\" target=\"_blank\" rel=\"noopener\"><\/a>\n\n\n\n<a class=\"gb-text gb-text-d85fd7ff\" href=\"https:\/\/pt.pinterest.com\/golden_club\/\" target=\"_blank\" rel=\"noopener\"><\/a>\n\n\n\n<a class=\"gb-text gb-text-c349d08c\" href=\"https:\/\/www.tripadvisor.pt\/Hotel_Review-g1146788-d286998-Reviews-Golden_Club_Cabanas-Cabanas_Tavira_Faro_District_Algarve.html\" target=\"_blank\" rel=\"noopener\"><\/a>\n\n\n\n<a class=\"gb-text gb-text-b30d1697\" href=\"https:\/\/www.tiktok.com\/@golden.club.cabanas\" target=\"_blank\" rel=\"noopener\"><\/a>\n<\/div>\n<\/div>\n<\/div>\n<\/div>\n<\/div>\n<\/div>\n","protected":false},"excerpt":{"rendered":"<p>Offres sp\u00e9ciales pour des vacances en Algarve Profitez de r\u00e9ductions exclusives et de conditions uniques pour r\u00e9server votre prochaine escapade au Golden Club Cabanas. Des promotions con\u00e7ues pour vous D\u00e9couvrez nos offres sp\u00e9ciales pour des vacances en Algarve, avec des forfaits pour les familles, des s\u00e9jours prolong\u00e9s, des escapades \u00e0 deux et bien plus encore. &#8230; <a title=\"Offre Sp\u00e9ciale \u00c9t\u00e9\" class=\"read-more\" href=\"https:\/\/goldenclubcabanas.com\/fr\/promotions-algarve\/offre-speciale-ete\/\" aria-label=\"En savoir plus sur Offre Sp\u00e9ciale \u00c9t\u00e9\">Lire plus<\/a><\/p>\n","protected":false},"author":2,"featured_media":0,"parent":0,"menu_order":92,"comment_status":"closed","ping_status":"closed","template":"","meta":{"_acf_changed":false,"footnotes":""},"class_list":["post-4496","page","type-page","status-publish","hentry"],"acf":[],"yoast_head":"<!-- This site is optimized with the Yoast SEO Premium plugin v25.9 (Yoast SEO v25.9) - https:\/\/yoast.com\/wordpress\/plugins\/seo\/ -->\n<title>Offres sp\u00e9ciales - Golden Club Cabanas Aparthotel Algarve, Portugal<\/title>\n<meta name=\"robots\" content=\"index, follow, max-snippet:-1, max-image-preview:large, max-video-preview:-1\" \/>\n<link rel=\"canonical\" href=\"https:\/\/goldenclubcabanas.com\/fr\/promotions-algarve\/\" \/>\n<meta property=\"og:locale\" content=\"fr_FR\" \/>\n<meta property=\"og:type\" content=\"article\" \/>\n<meta property=\"og:title\" content=\"Offres sp\u00e9ciales\" \/>\n<meta property=\"og:description\" content=\"Offres sp\u00e9ciales pour des vacances en Algarve Profitez de r\u00e9ductions exclusives et de conditions uniques pour r\u00e9server votre prochaine escapade au Golden Club Cabanas. Des promotions con\u00e7ues pour vous D\u00e9couvrez nos offres sp\u00e9ciales pour des vacances en Algarve, avec des forfaits pour les familles, des s\u00e9jours prolong\u00e9s, des escapades \u00e0 deux et bien plus encore. ... Lire plus\" \/>\n<meta property=\"og:url\" content=\"https:\/\/goldenclubcabanas.com\/fr\/promotions-algarve\/\" \/>\n<meta property=\"og:site_name\" content=\"Golden Club Cabanas Aparthotel Algarve, Portugal\" \/>\n<meta property=\"article:modified_time\" content=\"2025-10-23T07:39:27+00:00\" \/>\n<meta property=\"og:image\" content=\"https:\/\/goldenclubcabanas.com\/wp-content\/uploads\/2025\/03\/Mask-group-2.png\" \/>\n<meta name=\"twitter:card\" content=\"summary_large_image\" \/>\n<meta name=\"twitter:label1\" content=\"Dur\u00e9e de lecture estim\u00e9e\" \/>\n\t<meta name=\"twitter:data1\" content=\"1 minute\" \/>\n<script type=\"application\/ld+json\" class=\"yoast-schema-graph\">{\"@context\":\"https:\/\/schema.org\",\"@graph\":[{\"@type\":\"WebPage\",\"@id\":\"https:\/\/goldenclubcabanas.com\/fr\/promotions-algarve\/\",\"url\":\"https:\/\/goldenclubcabanas.com\/fr\/promotions-algarve\/\",\"name\":\"Offres sp\u00e9ciales - Golden Club Cabanas Aparthotel Algarve, Portugal\",\"isPartOf\":{\"@id\":\"https:\/\/goldenclubcabanas.com\/en\/#website\"},\"primaryImageOfPage\":{\"@id\":\"https:\/\/goldenclubcabanas.com\/fr\/promotions-algarve\/#primaryimage\"},\"image\":{\"@id\":\"https:\/\/goldenclubcabanas.com\/fr\/promotions-algarve\/#primaryimage\"},\"thumbnailUrl\":\"https:\/\/goldenclubcabanas.com\/wp-content\/uploads\/2025\/03\/Mask-group-2.png\",\"datePublished\":\"2025-05-12T12:25:04+00:00\",\"dateModified\":\"2025-10-23T07:39:27+00:00\",\"breadcrumb\":{\"@id\":\"https:\/\/goldenclubcabanas.com\/fr\/promotions-algarve\/#breadcrumb\"},\"inLanguage\":\"fr-FR\",\"potentialAction\":[{\"@type\":\"ReadAction\",\"target\":[\"https:\/\/goldenclubcabanas.com\/fr\/promotions-algarve\/\"]}]},{\"@type\":\"ImageObject\",\"inLanguage\":\"fr-FR\",\"@id\":\"https:\/\/goldenclubcabanas.com\/fr\/promotions-algarve\/#primaryimage\",\"url\":\"https:\/\/goldenclubcabanas.com\/wp-content\/uploads\/2025\/03\/Mask-group-2.png\",\"contentUrl\":\"https:\/\/goldenclubcabanas.com\/wp-content\/uploads\/2025\/03\/Mask-group-2.png\"},{\"@type\":\"BreadcrumbList\",\"@id\":\"https:\/\/goldenclubcabanas.com\/fr\/promotions-algarve\/#breadcrumb\",\"itemListElement\":[{\"@type\":\"ListItem\",\"position\":1,\"name\":\"In\u00edcio\",\"item\":\"https:\/\/goldenclubcabanas.com\/fr\/\"},{\"@type\":\"ListItem\",\"position\":2,\"name\":\"Offres sp\u00e9ciales\"}]},{\"@type\":\"WebSite\",\"@id\":\"https:\/\/goldenclubcabanas.com\/en\/#website\",\"url\":\"https:\/\/goldenclubcabanas.com\/en\/\",\"name\":\"Golden Club Cabanas\",\"description\":\"\",\"potentialAction\":[{\"@type\":\"SearchAction\",\"target\":{\"@type\":\"EntryPoint\",\"urlTemplate\":\"https:\/\/goldenclubcabanas.com\/en\/?s={search_term_string}\"},\"query-input\":{\"@type\":\"PropertyValueSpecification\",\"valueRequired\":true,\"valueName\":\"search_term_string\"}}],\"inLanguage\":\"fr-FR\"}]}<\/script>\n<!-- \/ Yoast SEO Premium plugin. -->","yoast_head_json":{"title":"Offres sp\u00e9ciales - Golden Club Cabanas Aparthotel Algarve, Portugal","robots":{"index":"index","follow":"follow","max-snippet":"max-snippet:-1","max-image-preview":"max-image-preview:large","max-video-preview":"max-video-preview:-1"},"canonical":"https:\/\/goldenclubcabanas.com\/fr\/promotions-algarve\/","og_locale":"fr_FR","og_type":"article","og_title":"Offres sp\u00e9ciales","og_description":"Offres sp\u00e9ciales pour des vacances en Algarve Profitez de r\u00e9ductions exclusives et de conditions uniques pour r\u00e9server votre prochaine escapade au Golden Club Cabanas. Des promotions con\u00e7ues pour vous D\u00e9couvrez nos offres sp\u00e9ciales pour des vacances en Algarve, avec des forfaits pour les familles, des s\u00e9jours prolong\u00e9s, des escapades \u00e0 deux et bien plus encore. ... Lire plus","og_url":"https:\/\/goldenclubcabanas.com\/fr\/promotions-algarve\/","og_site_name":"Golden Club Cabanas Aparthotel Algarve, Portugal","article_modified_time":"2025-10-23T07:39:27+00:00","og_image":[{"url":"https:\/\/goldenclubcabanas.com\/wp-content\/uploads\/2025\/03\/Mask-group-2.png","type":"","width":"","height":""}],"twitter_card":"summary_large_image","twitter_misc":{"Dur\u00e9e de lecture estim\u00e9e":"1 minute"},"schema":{"@context":"https:\/\/schema.org","@graph":[{"@type":"WebPage","@id":"https:\/\/goldenclubcabanas.com\/fr\/promotions-algarve\/","url":"https:\/\/goldenclubcabanas.com\/fr\/promotions-algarve\/","name":"Offres sp\u00e9ciales - Golden Club Cabanas Aparthotel Algarve, Portugal","isPartOf":{"@id":"https:\/\/goldenclubcabanas.com\/en\/#website"},"primaryImageOfPage":{"@id":"https:\/\/goldenclubcabanas.com\/fr\/promotions-algarve\/#primaryimage"},"image":{"@id":"https:\/\/goldenclubcabanas.com\/fr\/promotions-algarve\/#primaryimage"},"thumbnailUrl":"https:\/\/goldenclubcabanas.com\/wp-content\/uploads\/2025\/03\/Mask-group-2.png","datePublished":"2025-05-12T12:25:04+00:00","dateModified":"2025-10-23T07:39:27+00:00","breadcrumb":{"@id":"https:\/\/goldenclubcabanas.com\/fr\/promotions-algarve\/#breadcrumb"},"inLanguage":"fr-FR","potentialAction":[{"@type":"ReadAction","target":["https:\/\/goldenclubcabanas.com\/fr\/promotions-algarve\/"]}]},{"@type":"ImageObject","inLanguage":"fr-FR","@id":"https:\/\/goldenclubcabanas.com\/fr\/promotions-algarve\/#primaryimage","url":"https:\/\/goldenclubcabanas.com\/wp-content\/uploads\/2025\/03\/Mask-group-2.png","contentUrl":"https:\/\/goldenclubcabanas.com\/wp-content\/uploads\/2025\/03\/Mask-group-2.png"},{"@type":"BreadcrumbList","@id":"https:\/\/goldenclubcabanas.com\/fr\/promotions-algarve\/#breadcrumb","itemListElement":[{"@type":"ListItem","position":1,"name":"In\u00edcio","item":"https:\/\/goldenclubcabanas.com\/fr\/"},{"@type":"ListItem","position":2,"name":"Offres sp\u00e9ciales"}]},{"@type":"WebSite","@id":"https:\/\/goldenclubcabanas.com\/en\/#website","url":"https:\/\/goldenclubcabanas.com\/en\/","name":"Golden Club Cabanas","description":"","potentialAction":[{"@type":"SearchAction","target":{"@type":"EntryPoint","urlTemplate":"https:\/\/goldenclubcabanas.com\/en\/?s={search_term_string}"},"query-input":{"@type":"PropertyValueSpecification","valueRequired":true,"valueName":"search_term_string"}}],"inLanguage":"fr-FR"}]}},"_links":{"self":[{"href":"https:\/\/goldenclubcabanas.com\/fr\/wp-json\/wp\/v2\/pages\/4496","targetHints":{"allow":["GET"]}}],"collection":[{"href":"https:\/\/goldenclubcabanas.com\/fr\/wp-json\/wp\/v2\/pages"}],"about":[{"href":"https:\/\/goldenclubcabanas.com\/fr\/wp-json\/wp\/v2\/types\/page"}],"author":[{"embeddable":true,"href":"https:\/\/goldenclubcabanas.com\/fr\/wp-json\/wp\/v2\/users\/2"}],"replies":[{"embeddable":true,"href":"https:\/\/goldenclubcabanas.com\/fr\/wp-json\/wp\/v2\/comments?post=4496"}],"version-history":[{"count":3,"href":"https:\/\/goldenclubcabanas.com\/fr\/wp-json\/wp\/v2\/pages\/4496\/revisions"}],"predecessor-version":[{"id":7222,"href":"https:\/\/goldenclubcabanas.com\/fr\/wp-json\/wp\/v2\/pages\/4496\/revisions\/7222"}],"wp:attachment":[{"href":"https:\/\/goldenclubcabanas.com\/fr\/wp-json\/wp\/v2\/media?parent=4496"}],"curies":[{"name":"wp","href":"https:\/\/api.w.org\/{rel}","templated":true}]}}