{"id":4501,"date":"2025-05-12T09:51:58","date_gmt":"2025-05-12T09:51:58","guid":{"rendered":"https:\/\/goldenclubcabanas.com\/bird-watching\/"},"modified":"2025-10-02T07:13:50","modified_gmt":"2025-10-02T07:13:50","slug":"observer-oiseaux-algarve","status":"publish","type":"page","link":"https:\/\/goldenclubcabanas.com\/fr\/visiter-algarve\/observer-oiseaux-algarve\/","title":{"rendered":"Observation des Oiseaux"},"content":{"rendered":"\n<div class=\"dng-hero-section gb-element-46afd053\">\n<div class=\"dng-content-section gb-element-399894b7\">\n<h1 class=\"gb-text lg-font gb-text-092fc453\" data-aos=\"fade-up\" data-aos-anchor-placement=\"top-bottom\" data-aos-duration=\"1500\">Observation des Oiseaux dans la Ria Formosa<\/h1>\n\n\n\n<p class=\"gb-text gb-text-ef0676c9 body1\" data-aos-anchor-placement=\"top-bottom\" data-aos=\"fade-up\" data-aos-duration=\"2000\">Depuis Golden Club Cabanas, observez des flamants roses, des cigognes et d\u2019autres oiseaux dans l\u2019un des meilleurs endroits pour le birdwatching en Algarve.<\/p>\n<\/div>\n<\/div>\n\n\n\n<div class=\"dng-section-space\">\n<div class=\"dng-content-section no-overflow\">\n<h2 class=\"gb-text gb-text-d10dd055 title1\" data-aos=\"fade-up\" data-aos-duration=\"1000\" data-aos-anchor-placement=\"center-bottom\">La nature plus proche de vous<\/h2>\n\n\n\n<p class=\"gb-text gb-text-e26297b0 body2\" data-aos=\"fade-up\" data-aos-duration=\"1400\" data-aos-anchor-placement=\"center-bottom\">La Ria Formosa est un paradis pour les ornithologues, avec des centaines d\u2019esp\u00e8ces tout au long de l\u2019ann\u00e9e. Pr\u00e8s de Golden Club Cabanas, vous pouvez apercevoir h\u00e9rons, flamants roses, \u00e9chasses, sternes et m\u00eame le rare caim\u00e3o \u2014 oiseau symbole de la ria. L\u2019automne et le printemps sont id\u00e9als pour observer les oiseaux migrateurs qui traversent ou nichent dans cette r\u00e9gion. Un lieu unique pour les amoureux de la nature et de la photographie.<\/p>\n\n\n\n<div class=\"gb-element-f9688e02\" data-aos=\"fade-up\" data-aos-duration=\"1600\" data-aos-anchor-placement=\"center-bottom\">\n<figure class=\"wp-block-image size-large  dng-img dng-img-380\"><img loading=\"lazy\" decoding=\"async\" width=\"1024\" height=\"352\" src=\"https:\/\/goldenclubcabanas.com\/wp-content\/uploads\/2025\/07\/birdwatching-separador-1024x352.jpg\" alt=\"\" class=\"wp-image-3381\" style=\"object-fit:cover\" srcset=\"https:\/\/goldenclubcabanas.com\/wp-content\/uploads\/2025\/07\/birdwatching-separador-1024x352.jpg 1024w, https:\/\/goldenclubcabanas.com\/wp-content\/uploads\/2025\/07\/birdwatching-separador-300x103.jpg 300w, https:\/\/goldenclubcabanas.com\/wp-content\/uploads\/2025\/07\/birdwatching-separador-768x264.jpg 768w, https:\/\/goldenclubcabanas.com\/wp-content\/uploads\/2025\/07\/birdwatching-separador-1536x527.jpg 1536w, https:\/\/goldenclubcabanas.com\/wp-content\/uploads\/2025\/07\/birdwatching-separador.jpg 2048w\" sizes=\"auto, (max-width: 1024px) 100vw, 1024px\" \/><\/figure>\n<\/div>\n<\/div>\n<\/div>\n\n\n\r\n<div id=\"dng-c-images-slider-block_05921446e06273f41e934e41376c8dc9\" class=\"dng-c-images-slider gcc-section-space\">\r\n            <div class=\"dng-content-section\">\r\n            <div class=\"dng-imgSlider_content overflow-none\">\r\n                                    <h2 class=\"title1\" data-aos=\"fade-up\" data-aos-duration=\"2000\" data-aos-anchor-placement=\"center-bottom\">Marchez, Observez et Laissez-vous Surprendre<\/h2>\r\n                                    <p class=\"body2\" data-aos=\"fade-up\" data-aos-duration=\"2200\" data-aos-anchor-placement=\"center-bottom\">Vous n\u2019avez pas besoin d\u2019aller loin pour voir des esp\u00e8ces incroyables \u2014 sur les berges de la ria, dans les salines ou m\u00eame autour de l\u2019h\u00f4tel, on peut observer les oiseaux en pleine activit\u00e9. En plus de la zone de Cabanas, des endroits comme Quinta de Marim (Olh\u00e3o), Quinta do Ludo (Faro) et Castro Marim sont aussi parfaits pour des promenades et l\u2019observation des oiseaux. Apportez des jumelles, un appareil photo et pr\u00e9parez-vous \u00e0 des moments inoubliables en contact avec la faune sauvage.<\/p>\r\n                            <\/div>\r\n        <\/div>\r\n                <div class=\"dngImages_slider _leftOffset owl-carousel owl-theme\">\r\n                            <div class=\"dngImages_slider-item\">\r\n                    <img loading=\"lazy\" decoding=\"async\" width=\"1424\" height=\"1536\" src=\"https:\/\/goldenclubcabanas.com\/wp-content\/uploads\/2025\/07\/birdwatching-square-2.jpg\" class=\"attachment-full size-full\" alt=\"\" srcset=\"https:\/\/goldenclubcabanas.com\/wp-content\/uploads\/2025\/07\/birdwatching-square-2.jpg 1424w, https:\/\/goldenclubcabanas.com\/wp-content\/uploads\/2025\/07\/birdwatching-square-2-278x300.jpg 278w, https:\/\/goldenclubcabanas.com\/wp-content\/uploads\/2025\/07\/birdwatching-square-2-949x1024.jpg 949w, https:\/\/goldenclubcabanas.com\/wp-content\/uploads\/2025\/07\/birdwatching-square-2-768x828.jpg 768w\" sizes=\"auto, (max-width: 1424px) 100vw, 1424px\" \/>                <\/div>\r\n                            <div class=\"dngImages_slider-item\">\r\n                    <img loading=\"lazy\" decoding=\"async\" width=\"1424\" height=\"1536\" src=\"https:\/\/goldenclubcabanas.com\/wp-content\/uploads\/2025\/07\/birdwatching-square-3.jpg\" class=\"attachment-full size-full\" alt=\"\" srcset=\"https:\/\/goldenclubcabanas.com\/wp-content\/uploads\/2025\/07\/birdwatching-square-3.jpg 1424w, https:\/\/goldenclubcabanas.com\/wp-content\/uploads\/2025\/07\/birdwatching-square-3-278x300.jpg 278w, https:\/\/goldenclubcabanas.com\/wp-content\/uploads\/2025\/07\/birdwatching-square-3-949x1024.jpg 949w, https:\/\/goldenclubcabanas.com\/wp-content\/uploads\/2025\/07\/birdwatching-square-3-768x828.jpg 768w\" sizes=\"auto, (max-width: 1424px) 100vw, 1424px\" \/>                <\/div>\r\n                            <div class=\"dngImages_slider-item\">\r\n                    <img loading=\"lazy\" decoding=\"async\" width=\"1424\" height=\"1536\" src=\"https:\/\/goldenclubcabanas.com\/wp-content\/uploads\/2025\/07\/birdwatching-square-4.jpg\" class=\"attachment-full size-full\" alt=\"\" srcset=\"https:\/\/goldenclubcabanas.com\/wp-content\/uploads\/2025\/07\/birdwatching-square-4.jpg 1424w, https:\/\/goldenclubcabanas.com\/wp-content\/uploads\/2025\/07\/birdwatching-square-4-278x300.jpg 278w, https:\/\/goldenclubcabanas.com\/wp-content\/uploads\/2025\/07\/birdwatching-square-4-949x1024.jpg 949w, https:\/\/goldenclubcabanas.com\/wp-content\/uploads\/2025\/07\/birdwatching-square-4-768x828.jpg 768w\" sizes=\"auto, (max-width: 1424px) 100vw, 1424px\" \/>                <\/div>\r\n                    <\/div>\r\n    <\/div>\n\n\n<div class=\"gb-element-4c36e57d\">\n<div class=\"dng-content-section no-overflow gb-element-0d7b6767\">\n<div class=\"gb-element-57819e46\">\n<div class=\"gb-element-501d5597\">\n<div class=\"dng-img dng-img-500\">\n<figure class=\"wp-block-image size-full\"><img loading=\"lazy\" decoding=\"async\" width=\"1024\" height=\"533\" src=\"https:\/\/goldenclubcabanas.com\/wp-content\/uploads\/2025\/07\/cta-birdwatching.jpg\" alt=\"\" class=\"wp-image-3397\" srcset=\"https:\/\/goldenclubcabanas.com\/wp-content\/uploads\/2025\/07\/cta-birdwatching.jpg 1024w, https:\/\/goldenclubcabanas.com\/wp-content\/uploads\/2025\/07\/cta-birdwatching-300x156.jpg 300w, https:\/\/goldenclubcabanas.com\/wp-content\/uploads\/2025\/07\/cta-birdwatching-768x400.jpg 768w\" sizes=\"auto, (max-width: 1024px) 100vw, 1024px\" \/><\/figure>\n<\/div>\n<\/div>\n\n\n\n<div class=\"gb-element-a507f400\">\n<h3 class=\"gb-text gb-text-9fb2b344\">Pr\u00e9parez vos jumelles<\/h3>\n\n\n\n<p class=\"gb-text body2\">Restez au c\u0153ur de la Ria Formosa et profitez des meilleures conditions pour observer les oiseaux dans leur habitat naturel, avec des sentiers \u00e0 quelques pas.<\/p>\n\n\n\n<a class=\"dng-gpc-btn gb-text-0a553eaf button-text btn-gold-outline dng-button\" href=\"https:\/\/booking.goldenclubcabanas.com\" target=\"_blank\" rel=\"noopener nofollow\"><span class=\"gb-text\">R\u00e9server<\/span><span class=\"gb-shape\"><svg width=\"50\" height=\"25\" viewBox=\"0 0 24 25\" fill=\"none\" xmlns=\"http:\/\/www.w3.org\/2000\/svg\">\n<path d=\"M23.542 11.392L18.825 6.67505L18.118 7.38205L22.736 12H0V13H22.734L18.117 17.617L18.824 18.324L23.542 13.606C24.152 12.996 24.152 12.002 23.542 11.392Z\" fill=\"#1E1E1E\"><\/path>\n<\/svg>\n<\/span><\/a>\n<\/div>\n<\/div>\n<\/div>\n<\/div>\n","protected":false},"excerpt":{"rendered":"<p>Observation des Oiseaux dans la Ria Formosa Depuis Golden Club Cabanas, observez des flamants roses, des cigognes et d\u2019autres oiseaux dans l\u2019un des meilleurs endroits pour le birdwatching en Algarve. La nature plus proche de vous La Ria Formosa est un paradis pour les ornithologues, avec des centaines d\u2019esp\u00e8ces tout au long de l\u2019ann\u00e9e. Pr\u00e8s &#8230; <a title=\"Observation des Oiseaux\" class=\"read-more\" href=\"https:\/\/goldenclubcabanas.com\/fr\/visiter-algarve\/observer-oiseaux-algarve\/\" aria-label=\"En savoir plus sur Observation des Oiseaux\">Lire plus<\/a><\/p>\n","protected":false},"author":2,"featured_media":0,"parent":4507,"menu_order":17,"comment_status":"closed","ping_status":"closed","template":"","meta":{"_acf_changed":false,"footnotes":""},"class_list":["post-4501","page","type-page","status-publish"],"acf":[],"yoast_head":"<!-- This site is optimized with the Yoast SEO Premium plugin v25.9 (Yoast SEO v25.9) - https:\/\/yoast.com\/wordpress\/plugins\/seo\/ -->\n<title>Observation des Oiseaux - Golden Club Cabanas Aparthotel Algarve, Portugal<\/title>\n<meta name=\"robots\" content=\"index, follow, max-snippet:-1, max-image-preview:large, max-video-preview:-1\" \/>\n<link rel=\"canonical\" href=\"https:\/\/goldenclubcabanas.com\/fr\/visiter-algarve\/observer-oiseaux-algarve\/\" \/>\n<meta property=\"og:locale\" content=\"fr_FR\" \/>\n<meta property=\"og:type\" content=\"article\" \/>\n<meta property=\"og:title\" content=\"Observation des Oiseaux\" \/>\n<meta property=\"og:description\" content=\"Observation des Oiseaux dans la Ria Formosa Depuis Golden Club Cabanas, observez des flamants roses, des cigognes et d\u2019autres oiseaux dans l\u2019un des meilleurs endroits pour le birdwatching en Algarve. La nature plus proche de vous La Ria Formosa est un paradis pour les ornithologues, avec des centaines d\u2019esp\u00e8ces tout au long de l\u2019ann\u00e9e. Pr\u00e8s ... Lire plus\" \/>\n<meta property=\"og:url\" content=\"https:\/\/goldenclubcabanas.com\/fr\/visiter-algarve\/observer-oiseaux-algarve\/\" \/>\n<meta property=\"og:site_name\" content=\"Golden Club Cabanas Aparthotel Algarve, Portugal\" \/>\n<meta property=\"article:modified_time\" content=\"2025-10-02T07:13:50+00:00\" \/>\n<meta property=\"og:image\" content=\"https:\/\/goldenclubcabanas.com\/wp-content\/uploads\/2025\/07\/birdwatching-separador-1024x352.jpg\" \/>\n<meta name=\"twitter:card\" content=\"summary_large_image\" \/>\n<meta name=\"twitter:label1\" content=\"Dur\u00e9e de lecture estim\u00e9e\" \/>\n\t<meta name=\"twitter:data1\" content=\"2 minutes\" \/>\n<script type=\"application\/ld+json\" class=\"yoast-schema-graph\">{\"@context\":\"https:\/\/schema.org\",\"@graph\":[{\"@type\":\"WebPage\",\"@id\":\"https:\/\/goldenclubcabanas.com\/fr\/visiter-algarve\/observer-oiseaux-algarve\/\",\"url\":\"https:\/\/goldenclubcabanas.com\/fr\/visiter-algarve\/observer-oiseaux-algarve\/\",\"name\":\"Observation des Oiseaux - Golden Club Cabanas Aparthotel Algarve, Portugal\",\"isPartOf\":{\"@id\":\"https:\/\/goldenclubcabanas.com\/en\/#website\"},\"primaryImageOfPage\":{\"@id\":\"https:\/\/goldenclubcabanas.com\/fr\/visiter-algarve\/observer-oiseaux-algarve\/#primaryimage\"},\"image\":{\"@id\":\"https:\/\/goldenclubcabanas.com\/fr\/visiter-algarve\/observer-oiseaux-algarve\/#primaryimage\"},\"thumbnailUrl\":\"https:\/\/goldenclubcabanas.com\/wp-content\/uploads\/2025\/07\/birdwatching-separador-1024x352.jpg\",\"datePublished\":\"2025-05-12T09:51:58+00:00\",\"dateModified\":\"2025-10-02T07:13:50+00:00\",\"breadcrumb\":{\"@id\":\"https:\/\/goldenclubcabanas.com\/fr\/visiter-algarve\/observer-oiseaux-algarve\/#breadcrumb\"},\"inLanguage\":\"fr-FR\",\"potentialAction\":[{\"@type\":\"ReadAction\",\"target\":[\"https:\/\/goldenclubcabanas.com\/fr\/visiter-algarve\/observer-oiseaux-algarve\/\"]}]},{\"@type\":\"ImageObject\",\"inLanguage\":\"fr-FR\",\"@id\":\"https:\/\/goldenclubcabanas.com\/fr\/visiter-algarve\/observer-oiseaux-algarve\/#primaryimage\",\"url\":\"https:\/\/goldenclubcabanas.com\/wp-content\/uploads\/2025\/07\/birdwatching-separador-1024x352.jpg\",\"contentUrl\":\"https:\/\/goldenclubcabanas.com\/wp-content\/uploads\/2025\/07\/birdwatching-separador-1024x352.jpg\"},{\"@type\":\"BreadcrumbList\",\"@id\":\"https:\/\/goldenclubcabanas.com\/fr\/visiter-algarve\/observer-oiseaux-algarve\/#breadcrumb\",\"itemListElement\":[{\"@type\":\"ListItem\",\"position\":1,\"name\":\"In\u00edcio\",\"item\":\"https:\/\/goldenclubcabanas.com\/fr\/\"},{\"@type\":\"ListItem\",\"position\":2,\"name\":\"Quoi faire\",\"item\":\"https:\/\/goldenclubcabanas.com\/fr\/visiter-algarve\/\"},{\"@type\":\"ListItem\",\"position\":3,\"name\":\"Observation des Oiseaux\"}]},{\"@type\":\"WebSite\",\"@id\":\"https:\/\/goldenclubcabanas.com\/en\/#website\",\"url\":\"https:\/\/goldenclubcabanas.com\/en\/\",\"name\":\"Golden Club Cabanas\",\"description\":\"\",\"potentialAction\":[{\"@type\":\"SearchAction\",\"target\":{\"@type\":\"EntryPoint\",\"urlTemplate\":\"https:\/\/goldenclubcabanas.com\/en\/?s={search_term_string}\"},\"query-input\":{\"@type\":\"PropertyValueSpecification\",\"valueRequired\":true,\"valueName\":\"search_term_string\"}}],\"inLanguage\":\"fr-FR\"}]}<\/script>\n<!-- \/ Yoast SEO Premium plugin. -->","yoast_head_json":{"title":"Observation des Oiseaux - Golden Club Cabanas Aparthotel Algarve, Portugal","robots":{"index":"index","follow":"follow","max-snippet":"max-snippet:-1","max-image-preview":"max-image-preview:large","max-video-preview":"max-video-preview:-1"},"canonical":"https:\/\/goldenclubcabanas.com\/fr\/visiter-algarve\/observer-oiseaux-algarve\/","og_locale":"fr_FR","og_type":"article","og_title":"Observation des Oiseaux","og_description":"Observation des Oiseaux dans la Ria Formosa Depuis Golden Club Cabanas, observez des flamants roses, des cigognes et d\u2019autres oiseaux dans l\u2019un des meilleurs endroits pour le birdwatching en Algarve. La nature plus proche de vous La Ria Formosa est un paradis pour les ornithologues, avec des centaines d\u2019esp\u00e8ces tout au long de l\u2019ann\u00e9e. Pr\u00e8s ... Lire plus","og_url":"https:\/\/goldenclubcabanas.com\/fr\/visiter-algarve\/observer-oiseaux-algarve\/","og_site_name":"Golden Club Cabanas Aparthotel Algarve, Portugal","article_modified_time":"2025-10-02T07:13:50+00:00","og_image":[{"url":"https:\/\/goldenclubcabanas.com\/wp-content\/uploads\/2025\/07\/birdwatching-separador-1024x352.jpg","type":"","width":"","height":""}],"twitter_card":"summary_large_image","twitter_misc":{"Dur\u00e9e de lecture estim\u00e9e":"2 minutes"},"schema":{"@context":"https:\/\/schema.org","@graph":[{"@type":"WebPage","@id":"https:\/\/goldenclubcabanas.com\/fr\/visiter-algarve\/observer-oiseaux-algarve\/","url":"https:\/\/goldenclubcabanas.com\/fr\/visiter-algarve\/observer-oiseaux-algarve\/","name":"Observation des Oiseaux - Golden Club Cabanas Aparthotel Algarve, Portugal","isPartOf":{"@id":"https:\/\/goldenclubcabanas.com\/en\/#website"},"primaryImageOfPage":{"@id":"https:\/\/goldenclubcabanas.com\/fr\/visiter-algarve\/observer-oiseaux-algarve\/#primaryimage"},"image":{"@id":"https:\/\/goldenclubcabanas.com\/fr\/visiter-algarve\/observer-oiseaux-algarve\/#primaryimage"},"thumbnailUrl":"https:\/\/goldenclubcabanas.com\/wp-content\/uploads\/2025\/07\/birdwatching-separador-1024x352.jpg","datePublished":"2025-05-12T09:51:58+00:00","dateModified":"2025-10-02T07:13:50+00:00","breadcrumb":{"@id":"https:\/\/goldenclubcabanas.com\/fr\/visiter-algarve\/observer-oiseaux-algarve\/#breadcrumb"},"inLanguage":"fr-FR","potentialAction":[{"@type":"ReadAction","target":["https:\/\/goldenclubcabanas.com\/fr\/visiter-algarve\/observer-oiseaux-algarve\/"]}]},{"@type":"ImageObject","inLanguage":"fr-FR","@id":"https:\/\/goldenclubcabanas.com\/fr\/visiter-algarve\/observer-oiseaux-algarve\/#primaryimage","url":"https:\/\/goldenclubcabanas.com\/wp-content\/uploads\/2025\/07\/birdwatching-separador-1024x352.jpg","contentUrl":"https:\/\/goldenclubcabanas.com\/wp-content\/uploads\/2025\/07\/birdwatching-separador-1024x352.jpg"},{"@type":"BreadcrumbList","@id":"https:\/\/goldenclubcabanas.com\/fr\/visiter-algarve\/observer-oiseaux-algarve\/#breadcrumb","itemListElement":[{"@type":"ListItem","position":1,"name":"In\u00edcio","item":"https:\/\/goldenclubcabanas.com\/fr\/"},{"@type":"ListItem","position":2,"name":"Quoi faire","item":"https:\/\/goldenclubcabanas.com\/fr\/visiter-algarve\/"},{"@type":"ListItem","position":3,"name":"Observation des Oiseaux"}]},{"@type":"WebSite","@id":"https:\/\/goldenclubcabanas.com\/en\/#website","url":"https:\/\/goldenclubcabanas.com\/en\/","name":"Golden Club Cabanas","description":"","potentialAction":[{"@type":"SearchAction","target":{"@type":"EntryPoint","urlTemplate":"https:\/\/goldenclubcabanas.com\/en\/?s={search_term_string}"},"query-input":{"@type":"PropertyValueSpecification","valueRequired":true,"valueName":"search_term_string"}}],"inLanguage":"fr-FR"}]}},"_links":{"self":[{"href":"https:\/\/goldenclubcabanas.com\/fr\/wp-json\/wp\/v2\/pages\/4501","targetHints":{"allow":["GET"]}}],"collection":[{"href":"https:\/\/goldenclubcabanas.com\/fr\/wp-json\/wp\/v2\/pages"}],"about":[{"href":"https:\/\/goldenclubcabanas.com\/fr\/wp-json\/wp\/v2\/types\/page"}],"author":[{"embeddable":true,"href":"https:\/\/goldenclubcabanas.com\/fr\/wp-json\/wp\/v2\/users\/2"}],"replies":[{"embeddable":true,"href":"https:\/\/goldenclubcabanas.com\/fr\/wp-json\/wp\/v2\/comments?post=4501"}],"version-history":[{"count":1,"href":"https:\/\/goldenclubcabanas.com\/fr\/wp-json\/wp\/v2\/pages\/4501\/revisions"}],"predecessor-version":[{"id":4816,"href":"https:\/\/goldenclubcabanas.com\/fr\/wp-json\/wp\/v2\/pages\/4501\/revisions\/4816"}],"up":[{"embeddable":true,"href":"https:\/\/goldenclubcabanas.com\/fr\/wp-json\/wp\/v2\/pages\/4507"}],"wp:attachment":[{"href":"https:\/\/goldenclubcabanas.com\/fr\/wp-json\/wp\/v2\/media?parent=4501"}],"curies":[{"name":"wp","href":"https:\/\/api.w.org\/{rel}","templated":true}]}}