{"id":4507,"date":"2025-05-08T06:05:18","date_gmt":"2025-05-08T06:05:18","guid":{"rendered":"https:\/\/goldenclubcabanas.com\/o-que-fazer\/"},"modified":"2026-02-11T17:22:38","modified_gmt":"2026-02-11T17:22:38","slug":"visiter-algarve","status":"publish","type":"page","link":"https:\/\/goldenclubcabanas.com\/fr\/visiter-algarve\/","title":{"rendered":"Quoi faire"},"content":{"rendered":"\n<div class=\"dng-hero-section gb-element-ab54fcd9\">\n<div class=\"dng-content-section gb-element-8e8456af\">\n<h1 class=\"gb-text lg-font gb-text-1457c445\" data-aos=\"fade-up\" data-aos-anchor-placement=\"top-bottom\" data-aos-duration=\"1500\">Que faire en Algarve ?<\/h1>\n\n\n\n<p class=\"gb-text gb-text-7468fb38 body1\" data-aos-anchor-placement=\"top-bottom\" data-aos=\"fade-up\" data-aos-duration=\"2000\">Depuis Cabanas de Tavira, d\u00e9couvrez la Ria Formosa et l\u2019est de l\u2019Algarve gr\u00e2ce \u00e0 nos excursions, randonn\u00e9es et activit\u00e9s en partenariat avec des partenaires locaux.<\/p>\n<\/div>\n\n\n<\/div>\n\n\n\n<div class=\"dng-section-space\">\n<div class=\"dng-content-section no-overflow\">\n<h2 class=\"gb-text dng-mb-20 gb-text-afd17d0d title1\" data-aos=\"fade-up\" data-aos-duration=\"1400\" data-aos-anchor-placement=\"center-bottom\">Partez \u00e0 la d\u00e9couverte de l\u2019Algarve en famille ou entre amis !<\/h2>\n\n\n\n<p class=\"gb-text dng-mb-40 gb-text-290087a1 body2\" data-aos=\"fade-up\" data-aos-duration=\"1600\" data-aos-anchor-placement=\"center-bottom\">Explorez la nature, l\u2019histoire, les coutumes et les saveurs de l\u2019Algarve lors d\u2019excursions en bateau, de randonn\u00e9es ou de pistes cyclables. Des exp\u00e9riences actives et authentiques qui r\u00e9v\u00e8lent le charme de la Ria Formosa et renouvellent le corps et l\u2019esprit.<br>Des vacances saines, pleines d\u2019\u00e9nergie et de bons souvenirs. <\/p>\n\n\n\n<div class=\"dng-gap-24 gb-element-52e48081\">\n<div class=\"dng-col-3\">\n<figure class=\"wp-block-image\"><img loading=\"lazy\" decoding=\"async\" width=\"1424\" height=\"1424\" src=\"https:\/\/goldenclubcabanas.com\/wp-content\/uploads\/2025\/05\/img-col1.webp\" alt=\"\" class=\"wp-image-898\" srcset=\"https:\/\/goldenclubcabanas.com\/wp-content\/uploads\/2025\/05\/img-col1.webp 1424w, https:\/\/goldenclubcabanas.com\/wp-content\/uploads\/2025\/05\/img-col1-300x300.webp 300w, https:\/\/goldenclubcabanas.com\/wp-content\/uploads\/2025\/05\/img-col1-1024x1024.webp 1024w, https:\/\/goldenclubcabanas.com\/wp-content\/uploads\/2025\/05\/img-col1-150x150.webp 150w, https:\/\/goldenclubcabanas.com\/wp-content\/uploads\/2025\/05\/img-col1-768x768.webp 768w\" sizes=\"auto, (max-width: 1424px) 100vw, 1424px\" \/><\/figure>\n<\/div>\n\n\n\n<div class=\"dng-col-3\">\n<figure class=\"wp-block-image\"><img loading=\"lazy\" decoding=\"async\" width=\"1424\" height=\"1424\" src=\"https:\/\/goldenclubcabanas.com\/wp-content\/uploads\/2025\/05\/img-col2.webp\" alt=\"\" class=\"wp-image-899\" srcset=\"https:\/\/goldenclubcabanas.com\/wp-content\/uploads\/2025\/05\/img-col2.webp 1424w, https:\/\/goldenclubcabanas.com\/wp-content\/uploads\/2025\/05\/img-col2-300x300.webp 300w, https:\/\/goldenclubcabanas.com\/wp-content\/uploads\/2025\/05\/img-col2-1024x1024.webp 1024w, https:\/\/goldenclubcabanas.com\/wp-content\/uploads\/2025\/05\/img-col2-150x150.webp 150w, https:\/\/goldenclubcabanas.com\/wp-content\/uploads\/2025\/05\/img-col2-768x768.webp 768w\" sizes=\"auto, (max-width: 1424px) 100vw, 1424px\" \/><\/figure>\n<\/div>\n\n\n\n<div class=\"dng-col-3\">\n<figure class=\"wp-block-image size-full\"><img loading=\"lazy\" decoding=\"async\" width=\"356\" height=\"356\" src=\"https:\/\/goldenclubcabanas.com\/wp-content\/uploads\/2025\/07\/oquefazer-square-3.jpg\" alt=\"\" class=\"wp-image-3212\" srcset=\"https:\/\/goldenclubcabanas.com\/wp-content\/uploads\/2025\/07\/oquefazer-square-3.jpg 356w, https:\/\/goldenclubcabanas.com\/wp-content\/uploads\/2025\/07\/oquefazer-square-3-300x300.jpg 300w, https:\/\/goldenclubcabanas.com\/wp-content\/uploads\/2025\/07\/oquefazer-square-3-150x150.jpg 150w\" sizes=\"auto, (max-width: 356px) 100vw, 356px\" \/><\/figure>\n<\/div>\n<\/div>\n<\/div>\n<\/div>\n\n\n\n<div class=\"dng-section-padding gb-element-32c43737\">\n<div class=\"dng-content-section gb-element-eaca5965\">\n<div class=\"gb-element-be640041\" data-aos=\"fade-up\" data-aos-duration=\"1800\" data-aos-anchor-placement=\"center-bottom\">\n<div class=\"dng-col-6\">\n<figure class=\"wp-block-image size-full\"><img loading=\"lazy\" decoding=\"async\" width=\"665\" height=\"470\" src=\"https:\/\/goldenclubcabanas.com\/wp-content\/uploads\/2025\/07\/oquefazer-caminhadas.jpg\" alt=\"\" class=\"wp-image-3192\" srcset=\"https:\/\/goldenclubcabanas.com\/wp-content\/uploads\/2025\/07\/oquefazer-caminhadas.jpg 665w, https:\/\/goldenclubcabanas.com\/wp-content\/uploads\/2025\/07\/oquefazer-caminhadas-300x212.jpg 300w\" sizes=\"auto, (max-width: 665px) 100vw, 665px\" \/><\/figure>\n<\/div>\n\n\n\n<div class=\"dng-col-4\">\n<div class=\"dng-padding-left-70 dng-padding-right-60 gb-element-a8d2aa56\">\n<h3 class=\"gb-text\">RANDONN\u00c9E<\/h3>\n\n\n\n<p class=\"gb-text body2\">Depuis le Golden Club Cabanas, promenez-vous le long de la plage ou explorez les sentiers le long de l\u2019estuaire, en passant par les orangeraies et les marais salants. Une exp\u00e9rience authentique \u00e0 vivre \u00e0 votre rythme, parfaite pour la famille et les amis. <\/p>\n\n\n\n<a class=\"dng-margin-top-20 btn-green-border dng-gpc-btn gb-text-06d5a826 button-text btn-gold-outline dng-button\" href=\"https:\/\/goldenclubcabanas.com\/fr\/visiter-algarve\/randonner-en-algarve\/\"><span class=\"gb-text\">Pour en savoir plus<\/span><span class=\"gb-shape\"><svg xmlns=\"http:\/\/www.w3.org\/2000\/svg\" width=\"50\" height=\"25\" viewBox=\"0 0 24 25\" fill=\"none\">\n<path d=\"M23.542 11.392L18.825 6.67505L18.118 7.38205L22.736 12H0V13H22.734L18.117 17.617L18.824 18.324L23.542 13.606C24.152 12.996 24.152 12.002 23.542 11.392Z\" fill=\"#1E1E1E\"><\/path>\n<\/svg>\n<\/span><\/a>\n<\/div>\n<\/div>\n<\/div>\n\n\n\n<div class=\"gb-element-c419a6e6\" data-aos=\"fade-up\" data-aos-duration=\"1800\" data-aos-anchor-placement=\"center-bottom\">\n<div class=\"dng-col-4 gb-element-7286bf2c\">\n<div class=\"dng-padding-left-70 dng-padding-right-60 gb-element-4669fca6\">\n<h3 class=\"gb-text\">CYCLISME<\/h3>\n\n\n\n<p class=\"gb-text body2\">Partez du Golden Club Cabanas et p\u00e9dalez le long des sentiers qui traversent l\u2019estuaire, les orangeraies et les salines. D\u00e9couvrez la r\u00e9gion d\u2019une mani\u00e8re active et amusante, id\u00e9ale pour explorer avec ceux que vous aimez le plus. <\/p>\n\n\n\n<a class=\"dng-margin-top-20 btn-blue-border dng-gpc-btn gb-text-47d97552 button-text dng-button btn-gold-outline\" href=\"https:\/\/goldenclubcabanas.com\/fr\/visiter-algarve\/vacances-velo-algarve\/\"><span class=\"gb-text\">Pour en savoir plus<\/span><span class=\"gb-shape\"><svg xmlns=\"http:\/\/www.w3.org\/2000\/svg\" width=\"50\" height=\"25\" viewBox=\"0 0 24 25\" fill=\"none\">\n<path d=\"M23.542 11.392L18.825 6.67505L18.118 7.38205L22.736 12H0V13H22.734L18.117 17.617L18.824 18.324L23.542 13.606C24.152 12.996 24.152 12.002 23.542 11.392Z\" fill=\"#1E1E1E\"><\/path>\n<\/svg>\n<\/span><\/a>\n<\/div>\n<\/div>\n\n\n\n<div class=\"dng-col-6\">\n<figure class=\"wp-block-image size-full\"><img loading=\"lazy\" decoding=\"async\" width=\"665\" height=\"470\" src=\"https:\/\/goldenclubcabanas.com\/wp-content\/uploads\/2025\/07\/oquefazer-cycling.jpg\" alt=\"\" class=\"wp-image-3196\" srcset=\"https:\/\/goldenclubcabanas.com\/wp-content\/uploads\/2025\/07\/oquefazer-cycling.jpg 665w, https:\/\/goldenclubcabanas.com\/wp-content\/uploads\/2025\/07\/oquefazer-cycling-300x212.jpg 300w\" sizes=\"auto, (max-width: 665px) 100vw, 665px\" \/><\/figure>\n<\/div>\n<\/div>\n\n\n\n<div class=\"gb-element-e2fa4e45\" data-aos=\"fade-up\" data-aos-duration=\"1800\" data-aos-anchor-placement=\"center-bottom\">\n<div class=\"dng-col-6\">\n<figure class=\"wp-block-image size-full\"><img loading=\"lazy\" decoding=\"async\" width=\"1330\" height=\"940\" src=\"https:\/\/goldenclubcabanas.com\/wp-content\/uploads\/2025\/07\/oquefazer-barco-new.jpg\" alt=\"\" class=\"wp-image-4113\" srcset=\"https:\/\/goldenclubcabanas.com\/wp-content\/uploads\/2025\/07\/oquefazer-barco-new.jpg 1330w, https:\/\/goldenclubcabanas.com\/wp-content\/uploads\/2025\/07\/oquefazer-barco-new-300x212.jpg 300w, https:\/\/goldenclubcabanas.com\/wp-content\/uploads\/2025\/07\/oquefazer-barco-new-1024x724.jpg 1024w, https:\/\/goldenclubcabanas.com\/wp-content\/uploads\/2025\/07\/oquefazer-barco-new-768x543.jpg 768w\" sizes=\"auto, (max-width: 1330px) 100vw, 1330px\" \/><\/figure>\n<\/div>\n\n\n\n<div class=\"dng-col-4\">\n<div class=\"dng-padding-left-70 dng-padding-right-60 gb-element-10d9689e\">\n<h3 class=\"gb-text\">EN BATEAU<\/h3>\n\n\n\n<p class=\"gb-text body2\">Explorez la Ria Formosa, ses \u00eeles, ses canaux et la riche faune du parc naturel. Naviguez avec nous et d\u00e9couvrez l\u2019histoire, la nature et les oiseaux qui rendent cette r\u00e9gion unique. <\/p>\n\n\n\n<a class=\"dng-margin-top-20 dng-gpc-btn gb-text-132ecbe1 button-text btn-gold-outline dng-button\" href=\"https:\/\/goldenclubcabanas.com\/fr\/visiter-algarve\/en-bateau\/\"><span class=\"gb-text\">Pour en savoir plus<\/span><span class=\"gb-shape\"><svg xmlns=\"http:\/\/www.w3.org\/2000\/svg\" width=\"50\" height=\"25\" viewBox=\"0 0 24 25\" fill=\"none\">\n<path d=\"M23.542 11.392L18.825 6.67505L18.118 7.38205L22.736 12H0V13H22.734L18.117 17.617L18.824 18.324L23.542 13.606C24.152 12.996 24.152 12.002 23.542 11.392Z\" fill=\"#1E1E1E\"><\/path>\n<\/svg>\n<\/span><\/a>\n<\/div>\n<\/div>\n<\/div>\n\n\n\n<div class=\"gb-element-431e41ab\" data-aos=\"fade-up\" data-aos-duration=\"1800\" data-aos-anchor-placement=\"center-bottom\">\n<div class=\"dng-col-4 gb-element-8f2c562c\">\n<div class=\"dng-padding-left-70 dng-padding-right-60 gb-element-27089470\">\n<h3 class=\"gb-text\">GOLF<\/h3>\n\n\n\n<p class=\"gb-text\">\u00c0 quelques minutes du Golden Club Cabanas, d\u00e9couvrez plusieurs parcours de golf de 18 trous avec des vues spectaculaires sur la mer, les marais, les orangeraies et les montagnes vallonn\u00e9es de l\u2019Algarve.<\/p>\n\n\n\n<a class=\"dng-margin-top-20 btn-green-border dng-gpc-btn gb-text-4dd6ec72 button-text btn-gold-outline dng-button\" href=\"https:\/\/goldenclubcabanas.com\/fr\/visiter-algarve\/parcours-golf\/\"><span class=\"gb-text\">Pour en savoir plus<\/span><span class=\"gb-shape\"><svg xmlns=\"http:\/\/www.w3.org\/2000\/svg\" width=\"50\" height=\"25\" viewBox=\"0 0 24 25\" fill=\"none\">\n<path d=\"M23.542 11.392L18.825 6.67505L18.118 7.38205L22.736 12H0V13H22.734L18.117 17.617L18.824 18.324L23.542 13.606C24.152 12.996 24.152 12.002 23.542 11.392Z\" fill=\"#1E1E1E\"><\/path>\n<\/svg>\n<\/span><\/a>\n<\/div>\n<\/div>\n\n\n\n<div class=\"dng-col-6\">\n<figure class=\"wp-block-image size-full\"><img loading=\"lazy\" decoding=\"async\" width=\"665\" height=\"470\" src=\"https:\/\/goldenclubcabanas.com\/wp-content\/uploads\/2025\/07\/oquefazer-golfe.jpg\" alt=\"\" class=\"wp-image-3200\" srcset=\"https:\/\/goldenclubcabanas.com\/wp-content\/uploads\/2025\/07\/oquefazer-golfe.jpg 665w, https:\/\/goldenclubcabanas.com\/wp-content\/uploads\/2025\/07\/oquefazer-golfe-300x212.jpg 300w\" sizes=\"auto, (max-width: 665px) 100vw, 665px\" \/><\/figure>\n<\/div>\n<\/div>\n\n\n\n<div class=\"gb-element-1d74bd14\" data-aos=\"fade-up\" data-aos-duration=\"1800\" data-aos-anchor-placement=\"center-bottom\">\n<div class=\"dng-col-6\">\n<figure class=\"wp-block-image size-full\"><img loading=\"lazy\" decoding=\"async\" width=\"665\" height=\"470\" src=\"https:\/\/goldenclubcabanas.com\/wp-content\/uploads\/2025\/07\/oquefazer-birdwatching.jpg\" alt=\"\" class=\"wp-image-3188\" srcset=\"https:\/\/goldenclubcabanas.com\/wp-content\/uploads\/2025\/07\/oquefazer-birdwatching.jpg 665w, https:\/\/goldenclubcabanas.com\/wp-content\/uploads\/2025\/07\/oquefazer-birdwatching-300x212.jpg 300w\" sizes=\"auto, (max-width: 665px) 100vw, 665px\" \/><\/figure>\n<\/div>\n\n\n\n<div class=\"dng-col-4\">\n<div class=\"dng-padding-left-70 dng-padding-right-60 gb-element-b7f0a1a1\">\n<h3 class=\"gb-text\">OBSERVATION DES OISEAUX<\/h3>\n\n\n\n<p class=\"gb-text body2\">La Ria Formosa est un paradis pour les ornithologues et les amoureux de la nature, qui trouvent des centaines de milliers d\u2019oiseaux \u00e0 observer dans un cadre unique.<\/p>\n\n\n\n<a class=\"dng-margin-top-20 btn-blue-border dng-gpc-btn gb-text-5a9bfa09 button-text btn-gold-outline dng-button\" href=\"https:\/\/goldenclubcabanas.com\/fr\/visiter-algarve\/observer-oiseaux-algarve\/\"><span class=\"gb-text\">Pour en savoir plus<\/span><span class=\"gb-shape\"><svg xmlns=\"http:\/\/www.w3.org\/2000\/svg\" width=\"50\" height=\"25\" viewBox=\"0 0 24 25\" fill=\"none\">\n<path d=\"M23.542 11.392L18.825 6.67505L18.118 7.38205L22.736 12H0V13H22.734L18.117 17.617L18.824 18.324L23.542 13.606C24.152 12.996 24.152 12.002 23.542 11.392Z\" fill=\"#1E1E1E\"><\/path>\n<\/svg>\n<\/span><\/a>\n<\/div>\n<\/div>\n<\/div>\n\n\n\n<div class=\"gb-element-9eb73cc6\" data-aos=\"fade-up\" data-aos-duration=\"1800\" data-aos-anchor-placement=\"center-bottom\">\n<div class=\"dng-col-4 gb-element-4c718016\">\n<div class=\"dng-padding-left-70 dng-padding-right-60 gb-element-9828f55c\">\n<h3 class=\"gb-text\">VILLES HISTORIQUES<\/h3>\n\n\n\n<p class=\"gb-text\">Explorez avec des promenades guid\u00e9es les villes et villages de l\u2019est de l\u2019Algarve qui r\u00e9v\u00e8lent l\u2019histoire vivante et les paysages uniques de cette r\u00e9gion.<\/p>\n\n\n\n<a class=\"dng-margin-top-20 btn-green-border dng-gpc-btn gb-text-ce451ec1 button-text btn-gold-outline dng-button\" href=\"https:\/\/goldenclubcabanas.com\/fr\/visiter-algarve\/villages-et-villes\/\"><span class=\"gb-text\">Pour en savoir plus<\/span><span class=\"gb-shape\"><svg xmlns=\"http:\/\/www.w3.org\/2000\/svg\" width=\"50\" height=\"25\" viewBox=\"0 0 24 25\" fill=\"none\">\n<path d=\"M23.542 11.392L18.825 6.67505L18.118 7.38205L22.736 12H0V13H22.734L18.117 17.617L18.824 18.324L23.542 13.606C24.152 12.996 24.152 12.002 23.542 11.392Z\" fill=\"#1E1E1E\"><\/path>\n<\/svg>\n<\/span><\/a>\n<\/div>\n<\/div>\n\n\n\n<div class=\"dng-col-6\">\n<figure class=\"wp-block-image size-full\"><img loading=\"lazy\" decoding=\"async\" width=\"665\" height=\"470\" src=\"https:\/\/goldenclubcabanas.com\/wp-content\/uploads\/2025\/07\/oquefazer-vilas-cidades.jpg\" alt=\"\" class=\"wp-image-3216\" srcset=\"https:\/\/goldenclubcabanas.com\/wp-content\/uploads\/2025\/07\/oquefazer-vilas-cidades.jpg 665w, https:\/\/goldenclubcabanas.com\/wp-content\/uploads\/2025\/07\/oquefazer-vilas-cidades-300x212.jpg 300w\" sizes=\"auto, (max-width: 665px) 100vw, 665px\" \/><\/figure>\n<\/div>\n<\/div>\n<\/div>\n<\/div>\n","protected":false},"excerpt":{"rendered":"<p>Que faire en Algarve ? Depuis Cabanas de Tavira, d\u00e9couvrez la Ria Formosa et l\u2019est de l\u2019Algarve gr\u00e2ce \u00e0 nos excursions, randonn\u00e9es et activit\u00e9s en partenariat avec des partenaires locaux. Partez \u00e0 la d\u00e9couverte de l\u2019Algarve en famille ou entre amis ! Explorez la nature, l\u2019histoire, les coutumes et les saveurs de l\u2019Algarve lors d\u2019excursions &#8230; <a title=\"Quoi faire\" class=\"read-more\" href=\"https:\/\/goldenclubcabanas.com\/fr\/visiter-algarve\/\" aria-label=\"En savoir plus sur Quoi faire\">Lire plus<\/a><\/p>\n","protected":false},"author":2,"featured_media":0,"parent":0,"menu_order":85,"comment_status":"closed","ping_status":"closed","template":"","meta":{"_acf_changed":false,"footnotes":""},"class_list":["post-4507","page","type-page","status-publish"],"acf":[],"yoast_head":"<!-- This site is optimized with the Yoast SEO Premium plugin v25.9 (Yoast SEO v25.9) - https:\/\/yoast.com\/wordpress\/plugins\/seo\/ -->\n<title>Quoi faire - Golden Club Cabanas Aparthotel Algarve, Portugal<\/title>\n<meta name=\"description\" content=\"Que faire dans l\u2019Algarve oriental : excursions, balades, v\u00e9lo, sorties en bateau, golf et observation d\u2019oiseaux depuis Cabanas de Tavira.\" \/>\n<meta name=\"robots\" content=\"index, follow, max-snippet:-1, max-image-preview:large, max-video-preview:-1\" \/>\n<link rel=\"canonical\" href=\"https:\/\/goldenclubcabanas.com\/fr\/visiter-algarve\/\" \/>\n<meta property=\"og:locale\" content=\"fr_FR\" \/>\n<meta property=\"og:type\" content=\"article\" \/>\n<meta property=\"og:title\" content=\"Quoi faire\" \/>\n<meta property=\"og:description\" content=\"Que faire dans l\u2019Algarve oriental : excursions, balades, v\u00e9lo, sorties en bateau, golf et observation d\u2019oiseaux depuis Cabanas de Tavira.\" \/>\n<meta property=\"og:url\" content=\"https:\/\/goldenclubcabanas.com\/fr\/visiter-algarve\/\" \/>\n<meta property=\"og:site_name\" content=\"Golden Club Cabanas Aparthotel Algarve, Portugal\" \/>\n<meta property=\"article:modified_time\" content=\"2026-02-11T17:22:38+00:00\" \/>\n<meta property=\"og:image\" content=\"https:\/\/goldenclubcabanas.com\/wp-content\/uploads\/2025\/05\/img-col1.webp\" \/>\n\t<meta property=\"og:image:width\" content=\"1424\" \/>\n\t<meta property=\"og:image:height\" content=\"1424\" \/>\n\t<meta property=\"og:image:type\" content=\"image\/webp\" \/>\n<meta name=\"twitter:card\" content=\"summary_large_image\" \/>\n<meta name=\"twitter:label1\" content=\"Dur\u00e9e de lecture estim\u00e9e\" \/>\n\t<meta name=\"twitter:data1\" content=\"4 minutes\" \/>\n<script type=\"application\/ld+json\" class=\"yoast-schema-graph\">{\"@context\":\"https:\/\/schema.org\",\"@graph\":[{\"@type\":\"WebPage\",\"@id\":\"https:\/\/goldenclubcabanas.com\/fr\/visiter-algarve\/\",\"url\":\"https:\/\/goldenclubcabanas.com\/fr\/visiter-algarve\/\",\"name\":\"Quoi faire - Golden Club Cabanas Aparthotel Algarve, Portugal\",\"isPartOf\":{\"@id\":\"https:\/\/goldenclubcabanas.com\/en\/#website\"},\"primaryImageOfPage\":{\"@id\":\"https:\/\/goldenclubcabanas.com\/fr\/visiter-algarve\/#primaryimage\"},\"image\":{\"@id\":\"https:\/\/goldenclubcabanas.com\/fr\/visiter-algarve\/#primaryimage\"},\"thumbnailUrl\":\"https:\/\/goldenclubcabanas.com\/wp-content\/uploads\/2025\/05\/img-col1.webp\",\"datePublished\":\"2025-05-08T06:05:18+00:00\",\"dateModified\":\"2026-02-11T17:22:38+00:00\",\"description\":\"Que faire dans l\u2019Algarve oriental : excursions, balades, v\u00e9lo, sorties en bateau, golf et observation d\u2019oiseaux depuis Cabanas de Tavira.\",\"breadcrumb\":{\"@id\":\"https:\/\/goldenclubcabanas.com\/fr\/visiter-algarve\/#breadcrumb\"},\"inLanguage\":\"fr-FR\",\"potentialAction\":[{\"@type\":\"ReadAction\",\"target\":[\"https:\/\/goldenclubcabanas.com\/fr\/visiter-algarve\/\"]}]},{\"@type\":\"ImageObject\",\"inLanguage\":\"fr-FR\",\"@id\":\"https:\/\/goldenclubcabanas.com\/fr\/visiter-algarve\/#primaryimage\",\"url\":\"https:\/\/goldenclubcabanas.com\/wp-content\/uploads\/2025\/05\/img-col1.webp\",\"contentUrl\":\"https:\/\/goldenclubcabanas.com\/wp-content\/uploads\/2025\/05\/img-col1.webp\"},{\"@type\":\"BreadcrumbList\",\"@id\":\"https:\/\/goldenclubcabanas.com\/fr\/visiter-algarve\/#breadcrumb\",\"itemListElement\":[{\"@type\":\"ListItem\",\"position\":1,\"name\":\"In\u00edcio\",\"item\":\"https:\/\/goldenclubcabanas.com\/fr\/\"},{\"@type\":\"ListItem\",\"position\":2,\"name\":\"Quoi faire\"}]},{\"@type\":\"WebSite\",\"@id\":\"https:\/\/goldenclubcabanas.com\/en\/#website\",\"url\":\"https:\/\/goldenclubcabanas.com\/en\/\",\"name\":\"Golden Club Cabanas\",\"description\":\"\",\"potentialAction\":[{\"@type\":\"SearchAction\",\"target\":{\"@type\":\"EntryPoint\",\"urlTemplate\":\"https:\/\/goldenclubcabanas.com\/en\/?s={search_term_string}\"},\"query-input\":{\"@type\":\"PropertyValueSpecification\",\"valueRequired\":true,\"valueName\":\"search_term_string\"}}],\"inLanguage\":\"fr-FR\"}]}<\/script>\n<!-- \/ Yoast SEO Premium plugin. -->","yoast_head_json":{"title":"Quoi faire - Golden Club Cabanas Aparthotel Algarve, Portugal","description":"Que faire dans l\u2019Algarve oriental : excursions, balades, v\u00e9lo, sorties en bateau, golf et observation d\u2019oiseaux depuis Cabanas de Tavira.","robots":{"index":"index","follow":"follow","max-snippet":"max-snippet:-1","max-image-preview":"max-image-preview:large","max-video-preview":"max-video-preview:-1"},"canonical":"https:\/\/goldenclubcabanas.com\/fr\/visiter-algarve\/","og_locale":"fr_FR","og_type":"article","og_title":"Quoi faire","og_description":"Que faire dans l\u2019Algarve oriental : excursions, balades, v\u00e9lo, sorties en bateau, golf et observation d\u2019oiseaux depuis Cabanas de Tavira.","og_url":"https:\/\/goldenclubcabanas.com\/fr\/visiter-algarve\/","og_site_name":"Golden Club Cabanas Aparthotel Algarve, Portugal","article_modified_time":"2026-02-11T17:22:38+00:00","og_image":[{"width":1424,"height":1424,"url":"https:\/\/goldenclubcabanas.com\/wp-content\/uploads\/2025\/05\/img-col1.webp","type":"image\/webp"}],"twitter_card":"summary_large_image","twitter_misc":{"Dur\u00e9e de lecture estim\u00e9e":"4 minutes"},"schema":{"@context":"https:\/\/schema.org","@graph":[{"@type":"WebPage","@id":"https:\/\/goldenclubcabanas.com\/fr\/visiter-algarve\/","url":"https:\/\/goldenclubcabanas.com\/fr\/visiter-algarve\/","name":"Quoi faire - Golden Club Cabanas Aparthotel Algarve, Portugal","isPartOf":{"@id":"https:\/\/goldenclubcabanas.com\/en\/#website"},"primaryImageOfPage":{"@id":"https:\/\/goldenclubcabanas.com\/fr\/visiter-algarve\/#primaryimage"},"image":{"@id":"https:\/\/goldenclubcabanas.com\/fr\/visiter-algarve\/#primaryimage"},"thumbnailUrl":"https:\/\/goldenclubcabanas.com\/wp-content\/uploads\/2025\/05\/img-col1.webp","datePublished":"2025-05-08T06:05:18+00:00","dateModified":"2026-02-11T17:22:38+00:00","description":"Que faire dans l\u2019Algarve oriental : excursions, balades, v\u00e9lo, sorties en bateau, golf et observation d\u2019oiseaux depuis Cabanas de Tavira.","breadcrumb":{"@id":"https:\/\/goldenclubcabanas.com\/fr\/visiter-algarve\/#breadcrumb"},"inLanguage":"fr-FR","potentialAction":[{"@type":"ReadAction","target":["https:\/\/goldenclubcabanas.com\/fr\/visiter-algarve\/"]}]},{"@type":"ImageObject","inLanguage":"fr-FR","@id":"https:\/\/goldenclubcabanas.com\/fr\/visiter-algarve\/#primaryimage","url":"https:\/\/goldenclubcabanas.com\/wp-content\/uploads\/2025\/05\/img-col1.webp","contentUrl":"https:\/\/goldenclubcabanas.com\/wp-content\/uploads\/2025\/05\/img-col1.webp"},{"@type":"BreadcrumbList","@id":"https:\/\/goldenclubcabanas.com\/fr\/visiter-algarve\/#breadcrumb","itemListElement":[{"@type":"ListItem","position":1,"name":"In\u00edcio","item":"https:\/\/goldenclubcabanas.com\/fr\/"},{"@type":"ListItem","position":2,"name":"Quoi faire"}]},{"@type":"WebSite","@id":"https:\/\/goldenclubcabanas.com\/en\/#website","url":"https:\/\/goldenclubcabanas.com\/en\/","name":"Golden Club Cabanas","description":"","potentialAction":[{"@type":"SearchAction","target":{"@type":"EntryPoint","urlTemplate":"https:\/\/goldenclubcabanas.com\/en\/?s={search_term_string}"},"query-input":{"@type":"PropertyValueSpecification","valueRequired":true,"valueName":"search_term_string"}}],"inLanguage":"fr-FR"}]}},"_links":{"self":[{"href":"https:\/\/goldenclubcabanas.com\/fr\/wp-json\/wp\/v2\/pages\/4507","targetHints":{"allow":["GET"]}}],"collection":[{"href":"https:\/\/goldenclubcabanas.com\/fr\/wp-json\/wp\/v2\/pages"}],"about":[{"href":"https:\/\/goldenclubcabanas.com\/fr\/wp-json\/wp\/v2\/types\/page"}],"author":[{"embeddable":true,"href":"https:\/\/goldenclubcabanas.com\/fr\/wp-json\/wp\/v2\/users\/2"}],"replies":[{"embeddable":true,"href":"https:\/\/goldenclubcabanas.com\/fr\/wp-json\/wp\/v2\/comments?post=4507"}],"version-history":[{"count":4,"href":"https:\/\/goldenclubcabanas.com\/fr\/wp-json\/wp\/v2\/pages\/4507\/revisions"}],"predecessor-version":[{"id":7560,"href":"https:\/\/goldenclubcabanas.com\/fr\/wp-json\/wp\/v2\/pages\/4507\/revisions\/7560"}],"wp:attachment":[{"href":"https:\/\/goldenclubcabanas.com\/fr\/wp-json\/wp\/v2\/media?parent=4507"}],"curies":[{"name":"wp","href":"https:\/\/api.w.org\/{rel}","templated":true}]}}