{"id":4510,"date":"2025-05-06T13:01:40","date_gmt":"2025-05-06T13:01:40","guid":{"rendered":"https:\/\/goldenclubcabanas.com\/de-barco\/"},"modified":"2025-10-23T11:13:38","modified_gmt":"2025-10-23T11:13:38","slug":"en-bateau","status":"publish","type":"page","link":"https:\/\/goldenclubcabanas.com\/fr\/visiter-algarve\/en-bateau\/","title":{"rendered":"En bateau"},"content":{"rendered":"\n<div class=\"dng-hero-section gb-element-46afd053\">\n<div class=\"dng-content-section gb-element-399894b7\">\n<h1 class=\"gb-text lg-font gb-text-092fc453\" data-aos=\"fade-up\" data-aos-anchor-placement=\"top-bottom\" data-aos-duration=\"1500\">Exp\u00e9riences en bateau en Algarve<\/h1>\n\n\n\n<p class=\"gb-text gb-text-ef0676c9 body1\" data-aos-anchor-placement=\"top-bottom\" data-aos=\"fade-up\" data-aos-duration=\"2000\">Depuis Golden Club Cabanas, explorez les eaux calmes de la Ria Formosa en bateau, en kayak ou en cano\u00eb, entour\u00e9 par la nature et la faune.<\/p>\n<\/div>\n<\/div>\n\n\n\n<div class=\"dng-section-space\">\n<div class=\"dng-content-section no-overflow\">\n<h2 class=\"gb-text gb-text-1bce0a18 title1\" data-aos=\"fade-up\" data-aos-duration=\"1000\" data-aos-anchor-placement=\"center-bottom\">L\u2019Algarve comme vous ne l\u2019avez jamais vu<\/h2>\n\n\n\n<p class=\"gb-text gb-text-430765ab body2\" data-aos=\"fade-up\" data-aos-duration=\"1400\" data-aos-anchor-placement=\"center-bottom\">Naviguez entre canaux, bancs de sable et \u00eeles paradisiaques. D\u00e9couvrez la richesse naturelle du Parc Naturel de la Ria Formosa tout en observant les oiseaux, en visitant des lieux historiques et en vous relaxant en plein contact avec la nature.<\/p>\n\n\n\n<div class=\"gb-element-bc12f85b\" data-aos=\"fade-up\" data-aos-duration=\"1600\" data-aos-anchor-placement=\"center-bottom\">\n<figure class=\"wp-block-image size-large dng-img dng-img-380\"><img loading=\"lazy\" decoding=\"async\" width=\"1024\" height=\"338\" src=\"https:\/\/goldenclubcabanas.com\/wp-content\/uploads\/2025\/08\/barco-descricao-new-1024x338.jpg\" alt=\"\" class=\"wp-image-4248\" style=\"object-fit:cover\" srcset=\"https:\/\/goldenclubcabanas.com\/wp-content\/uploads\/2025\/08\/barco-descricao-new-1024x338.jpg 1024w, https:\/\/goldenclubcabanas.com\/wp-content\/uploads\/2025\/08\/barco-descricao-new-300x99.jpg 300w, https:\/\/goldenclubcabanas.com\/wp-content\/uploads\/2025\/08\/barco-descricao-new-768x254.jpg 768w, https:\/\/goldenclubcabanas.com\/wp-content\/uploads\/2025\/08\/barco-descricao-new-1536x507.jpg 1536w, https:\/\/goldenclubcabanas.com\/wp-content\/uploads\/2025\/08\/barco-descricao-new-2048x677.jpg 2048w\" sizes=\"auto, (max-width: 1024px) 100vw, 1024px\" \/><\/figure>\n<\/div>\n<\/div>\n<\/div>\n\n\n\r\n<div id=\"dng-c-images-slider-block_eebcd3c06621d7649882cc8e5a945ab2\" class=\"dng-c-images-slider gcc-section-space\">\r\n            <div class=\"dng-content-section\">\r\n            <div class=\"dng-imgSlider_content overflow-none\">\r\n                                    <h2 class=\"title1\" data-aos=\"fade-up\" data-aos-duration=\"2000\" data-aos-anchor-placement=\"center-bottom\">Balades en bateau, kayak ou cano\u00eb<\/h2>\r\n                                    <p class=\"body2\" data-aos=\"fade-up\" data-aos-duration=\"2200\" data-aos-anchor-placement=\"center-bottom\">Explorez la ria \u00e0 votre rythme ou lors d\u2019une visite guid\u00e9e. Embarquez pour une exp\u00e9rience unique de d\u00e9couverte : observez des flamants roses, apprenez \u00e0 conna\u00eetre l\u2019\u00e9cosyst\u00e8me local et, avec un peu de chance, apercevez des dauphins en mer. Les options incluent des promenades traditionnelles en bateau, des tours avec escales sur les \u00eeles, ainsi que des aventures en kayak ou cano\u00eb \u2013 id\u00e9ales pour toute la famille.<\/p>\r\n                            <\/div>\r\n        <\/div>\r\n                <div class=\"dngImages_slider _leftOffset owl-carousel owl-theme\">\r\n                            <div class=\"dngImages_slider-item\">\r\n                    <img loading=\"lazy\" decoding=\"async\" width=\"356\" height=\"384\" src=\"https:\/\/goldenclubcabanas.com\/wp-content\/uploads\/2025\/07\/barco-square-1.jpg\" class=\"attachment-full size-full\" alt=\"\" srcset=\"https:\/\/goldenclubcabanas.com\/wp-content\/uploads\/2025\/07\/barco-square-1.jpg 356w, https:\/\/goldenclubcabanas.com\/wp-content\/uploads\/2025\/07\/barco-square-1-278x300.jpg 278w\" sizes=\"auto, (max-width: 356px) 100vw, 356px\" \/>                <\/div>\r\n                            <div class=\"dngImages_slider-item\">\r\n                    <img loading=\"lazy\" decoding=\"async\" width=\"356\" height=\"384\" src=\"https:\/\/goldenclubcabanas.com\/wp-content\/uploads\/2025\/07\/barco-square-2.jpg\" class=\"attachment-full size-full\" alt=\"\" srcset=\"https:\/\/goldenclubcabanas.com\/wp-content\/uploads\/2025\/07\/barco-square-2.jpg 356w, https:\/\/goldenclubcabanas.com\/wp-content\/uploads\/2025\/07\/barco-square-2-278x300.jpg 278w\" sizes=\"auto, (max-width: 356px) 100vw, 356px\" \/>                <\/div>\r\n                            <div class=\"dngImages_slider-item\">\r\n                    <img loading=\"lazy\" decoding=\"async\" width=\"356\" height=\"384\" src=\"https:\/\/goldenclubcabanas.com\/wp-content\/uploads\/2025\/07\/barco-square-3.jpg\" class=\"attachment-full size-full\" alt=\"\" srcset=\"https:\/\/goldenclubcabanas.com\/wp-content\/uploads\/2025\/07\/barco-square-3.jpg 356w, https:\/\/goldenclubcabanas.com\/wp-content\/uploads\/2025\/07\/barco-square-3-278x300.jpg 278w\" sizes=\"auto, (max-width: 356px) 100vw, 356px\" \/>                <\/div>\r\n                            <div class=\"dngImages_slider-item\">\r\n                    <img loading=\"lazy\" decoding=\"async\" width=\"356\" height=\"384\" src=\"https:\/\/goldenclubcabanas.com\/wp-content\/uploads\/2025\/07\/barco-square-4.jpg\" class=\"attachment-full size-full\" alt=\"\" srcset=\"https:\/\/goldenclubcabanas.com\/wp-content\/uploads\/2025\/07\/barco-square-4.jpg 356w, https:\/\/goldenclubcabanas.com\/wp-content\/uploads\/2025\/07\/barco-square-4-278x300.jpg 278w\" sizes=\"auto, (max-width: 356px) 100vw, 356px\" \/>                <\/div>\r\n                    <\/div>\r\n    <\/div>\n\n\n<div class=\"gb-element-004d077d\">\n<div class=\"dng-content-section no-overflow gb-element-cf8654bc\">\n<div class=\"gb-element-93202718\">\n<div class=\"gb-element-ea2899d4\">\n<div class=\"dng-img dng-img-500\">\n<figure class=\"wp-block-image size-full\"><img loading=\"lazy\" decoding=\"async\" width=\"1568\" height=\"974\" src=\"https:\/\/goldenclubcabanas.com\/wp-content\/uploads\/2025\/08\/barco-cta-new.jpg\" alt=\"\" class=\"wp-image-4253\" srcset=\"https:\/\/goldenclubcabanas.com\/wp-content\/uploads\/2025\/08\/barco-cta-new.jpg 1568w, https:\/\/goldenclubcabanas.com\/wp-content\/uploads\/2025\/08\/barco-cta-new-300x186.jpg 300w, https:\/\/goldenclubcabanas.com\/wp-content\/uploads\/2025\/08\/barco-cta-new-1024x636.jpg 1024w, https:\/\/goldenclubcabanas.com\/wp-content\/uploads\/2025\/08\/barco-cta-new-768x477.jpg 768w, https:\/\/goldenclubcabanas.com\/wp-content\/uploads\/2025\/08\/barco-cta-new-1536x954.jpg 1536w\" sizes=\"auto, (max-width: 1568px) 100vw, 1568px\" \/><\/figure>\n<\/div>\n<\/div>\n\n\n\n<div class=\"gb-element-de8027e6\">\n<h3 class=\"gb-text gb-text-6eea4dc4\">Aventurez-vous sur les eaux de la Ria Formosa et de l\u2019Algarve<\/h3>\n\n\n\n<p class=\"gb-text body2\">D\u00e9couvrez des \u00eeles, des canaux, des oiseaux et des dauphins lors d\u2019une balade en bateau, kayak ou cano\u00eb. Explorez la beaut\u00e9 naturelle gr\u00e2ce aux exp\u00e9riences que nous avons \u00e0 disposition \u00e0 la r\u00e9ception.<\/p>\n\n\n\n<a class=\"dng-gpc-btn gb-text-0a553eaf button-text btn-gold-outline dng-button\" href=\"https:\/\/booking.goldenclubcabanas.com\/fr\/\" target=\"_blank\" rel=\"noopener\"><span class=\"gb-text\">R\u00e9server<\/span><span class=\"gb-shape\"><svg width=\"50\" height=\"25\" viewBox=\"0 0 24 25\" fill=\"none\" xmlns=\"http:\/\/www.w3.org\/2000\/svg\">\n<path d=\"M23.542 11.392L18.825 6.67505L18.118 7.38205L22.736 12H0V13H22.734L18.117 17.617L18.824 18.324L23.542 13.606C24.152 12.996 24.152 12.002 23.542 11.392Z\" fill=\"#1E1E1E\"><\/path>\n<\/svg>\n<\/span><\/a>\n<\/div>\n<\/div>\n<\/div>\n<\/div>\n","protected":false},"excerpt":{"rendered":"<p>Exp\u00e9riences en bateau en Algarve Depuis Golden Club Cabanas, explorez les eaux calmes de la Ria Formosa en bateau, en kayak ou en cano\u00eb, entour\u00e9 par la nature et la faune. L\u2019Algarve comme vous ne l\u2019avez jamais vu Naviguez entre canaux, bancs de sable et \u00eeles paradisiaques. D\u00e9couvrez la richesse naturelle du Parc Naturel de &#8230; <a title=\"En bateau\" class=\"read-more\" href=\"https:\/\/goldenclubcabanas.com\/fr\/visiter-algarve\/en-bateau\/\" aria-label=\"En savoir plus sur En bateau\">Lire plus<\/a><\/p>\n","protected":false},"author":2,"featured_media":0,"parent":4507,"menu_order":48,"comment_status":"closed","ping_status":"closed","template":"","meta":{"_acf_changed":false,"footnotes":""},"class_list":["post-4510","page","type-page","status-publish"],"acf":[],"yoast_head":"<!-- This site is optimized with the Yoast SEO Premium plugin v25.9 (Yoast SEO v25.9) - https:\/\/yoast.com\/wordpress\/plugins\/seo\/ -->\n<title>En bateau - Golden Club Cabanas Aparthotel Algarve, Portugal<\/title>\n<meta name=\"robots\" content=\"index, follow, max-snippet:-1, max-image-preview:large, max-video-preview:-1\" \/>\n<link rel=\"canonical\" href=\"https:\/\/goldenclubcabanas.com\/fr\/visiter-algarve\/en-bateau\/\" \/>\n<meta property=\"og:locale\" content=\"fr_FR\" \/>\n<meta property=\"og:type\" content=\"article\" \/>\n<meta property=\"og:title\" content=\"En bateau\" \/>\n<meta property=\"og:description\" content=\"Exp\u00e9riences en bateau en Algarve Depuis Golden Club Cabanas, explorez les eaux calmes de la Ria Formosa en bateau, en kayak ou en cano\u00eb, entour\u00e9 par la nature et la faune. L\u2019Algarve comme vous ne l\u2019avez jamais vu Naviguez entre canaux, bancs de sable et \u00eeles paradisiaques. D\u00e9couvrez la richesse naturelle du Parc Naturel de ... Lire plus\" \/>\n<meta property=\"og:url\" content=\"https:\/\/goldenclubcabanas.com\/fr\/visiter-algarve\/en-bateau\/\" \/>\n<meta property=\"og:site_name\" content=\"Golden Club Cabanas Aparthotel Algarve, Portugal\" \/>\n<meta property=\"article:modified_time\" content=\"2025-10-23T11:13:38+00:00\" \/>\n<meta property=\"og:image\" content=\"https:\/\/goldenclubcabanas.com\/wp-content\/uploads\/2025\/08\/barco-descricao-new.jpg\" \/>\n\t<meta property=\"og:image:width\" content=\"2240\" \/>\n\t<meta property=\"og:image:height\" content=\"740\" \/>\n\t<meta property=\"og:image:type\" content=\"image\/jpeg\" \/>\n<meta name=\"twitter:card\" content=\"summary_large_image\" \/>\n<meta name=\"twitter:label1\" content=\"Dur\u00e9e de lecture estim\u00e9e\" \/>\n\t<meta name=\"twitter:data1\" content=\"2 minutes\" \/>\n<script type=\"application\/ld+json\" class=\"yoast-schema-graph\">{\"@context\":\"https:\/\/schema.org\",\"@graph\":[{\"@type\":\"WebPage\",\"@id\":\"https:\/\/goldenclubcabanas.com\/fr\/visiter-algarve\/en-bateau\/\",\"url\":\"https:\/\/goldenclubcabanas.com\/fr\/visiter-algarve\/en-bateau\/\",\"name\":\"En bateau - Golden Club Cabanas Aparthotel Algarve, Portugal\",\"isPartOf\":{\"@id\":\"https:\/\/goldenclubcabanas.com\/en\/#website\"},\"primaryImageOfPage\":{\"@id\":\"https:\/\/goldenclubcabanas.com\/fr\/visiter-algarve\/en-bateau\/#primaryimage\"},\"image\":{\"@id\":\"https:\/\/goldenclubcabanas.com\/fr\/visiter-algarve\/en-bateau\/#primaryimage\"},\"thumbnailUrl\":\"https:\/\/goldenclubcabanas.com\/wp-content\/uploads\/2025\/08\/barco-descricao-new-1024x338.jpg\",\"datePublished\":\"2025-05-06T13:01:40+00:00\",\"dateModified\":\"2025-10-23T11:13:38+00:00\",\"breadcrumb\":{\"@id\":\"https:\/\/goldenclubcabanas.com\/fr\/visiter-algarve\/en-bateau\/#breadcrumb\"},\"inLanguage\":\"fr-FR\",\"potentialAction\":[{\"@type\":\"ReadAction\",\"target\":[\"https:\/\/goldenclubcabanas.com\/fr\/visiter-algarve\/en-bateau\/\"]}]},{\"@type\":\"ImageObject\",\"inLanguage\":\"fr-FR\",\"@id\":\"https:\/\/goldenclubcabanas.com\/fr\/visiter-algarve\/en-bateau\/#primaryimage\",\"url\":\"https:\/\/goldenclubcabanas.com\/wp-content\/uploads\/2025\/08\/barco-descricao-new-1024x338.jpg\",\"contentUrl\":\"https:\/\/goldenclubcabanas.com\/wp-content\/uploads\/2025\/08\/barco-descricao-new-1024x338.jpg\"},{\"@type\":\"BreadcrumbList\",\"@id\":\"https:\/\/goldenclubcabanas.com\/fr\/visiter-algarve\/en-bateau\/#breadcrumb\",\"itemListElement\":[{\"@type\":\"ListItem\",\"position\":1,\"name\":\"In\u00edcio\",\"item\":\"https:\/\/goldenclubcabanas.com\/fr\/\"},{\"@type\":\"ListItem\",\"position\":2,\"name\":\"Quoi faire\",\"item\":\"https:\/\/goldenclubcabanas.com\/fr\/visiter-algarve\/\"},{\"@type\":\"ListItem\",\"position\":3,\"name\":\"En bateau\"}]},{\"@type\":\"WebSite\",\"@id\":\"https:\/\/goldenclubcabanas.com\/en\/#website\",\"url\":\"https:\/\/goldenclubcabanas.com\/en\/\",\"name\":\"Golden Club Cabanas\",\"description\":\"\",\"potentialAction\":[{\"@type\":\"SearchAction\",\"target\":{\"@type\":\"EntryPoint\",\"urlTemplate\":\"https:\/\/goldenclubcabanas.com\/en\/?s={search_term_string}\"},\"query-input\":{\"@type\":\"PropertyValueSpecification\",\"valueRequired\":true,\"valueName\":\"search_term_string\"}}],\"inLanguage\":\"fr-FR\"}]}<\/script>\n<!-- \/ Yoast SEO Premium plugin. -->","yoast_head_json":{"title":"En bateau - Golden Club Cabanas Aparthotel Algarve, Portugal","robots":{"index":"index","follow":"follow","max-snippet":"max-snippet:-1","max-image-preview":"max-image-preview:large","max-video-preview":"max-video-preview:-1"},"canonical":"https:\/\/goldenclubcabanas.com\/fr\/visiter-algarve\/en-bateau\/","og_locale":"fr_FR","og_type":"article","og_title":"En bateau","og_description":"Exp\u00e9riences en bateau en Algarve Depuis Golden Club Cabanas, explorez les eaux calmes de la Ria Formosa en bateau, en kayak ou en cano\u00eb, entour\u00e9 par la nature et la faune. L\u2019Algarve comme vous ne l\u2019avez jamais vu Naviguez entre canaux, bancs de sable et \u00eeles paradisiaques. D\u00e9couvrez la richesse naturelle du Parc Naturel de ... Lire plus","og_url":"https:\/\/goldenclubcabanas.com\/fr\/visiter-algarve\/en-bateau\/","og_site_name":"Golden Club Cabanas Aparthotel Algarve, Portugal","article_modified_time":"2025-10-23T11:13:38+00:00","og_image":[{"width":2240,"height":740,"url":"https:\/\/goldenclubcabanas.com\/wp-content\/uploads\/2025\/08\/barco-descricao-new.jpg","type":"image\/jpeg"}],"twitter_card":"summary_large_image","twitter_misc":{"Dur\u00e9e de lecture estim\u00e9e":"2 minutes"},"schema":{"@context":"https:\/\/schema.org","@graph":[{"@type":"WebPage","@id":"https:\/\/goldenclubcabanas.com\/fr\/visiter-algarve\/en-bateau\/","url":"https:\/\/goldenclubcabanas.com\/fr\/visiter-algarve\/en-bateau\/","name":"En bateau - Golden Club Cabanas Aparthotel Algarve, Portugal","isPartOf":{"@id":"https:\/\/goldenclubcabanas.com\/en\/#website"},"primaryImageOfPage":{"@id":"https:\/\/goldenclubcabanas.com\/fr\/visiter-algarve\/en-bateau\/#primaryimage"},"image":{"@id":"https:\/\/goldenclubcabanas.com\/fr\/visiter-algarve\/en-bateau\/#primaryimage"},"thumbnailUrl":"https:\/\/goldenclubcabanas.com\/wp-content\/uploads\/2025\/08\/barco-descricao-new-1024x338.jpg","datePublished":"2025-05-06T13:01:40+00:00","dateModified":"2025-10-23T11:13:38+00:00","breadcrumb":{"@id":"https:\/\/goldenclubcabanas.com\/fr\/visiter-algarve\/en-bateau\/#breadcrumb"},"inLanguage":"fr-FR","potentialAction":[{"@type":"ReadAction","target":["https:\/\/goldenclubcabanas.com\/fr\/visiter-algarve\/en-bateau\/"]}]},{"@type":"ImageObject","inLanguage":"fr-FR","@id":"https:\/\/goldenclubcabanas.com\/fr\/visiter-algarve\/en-bateau\/#primaryimage","url":"https:\/\/goldenclubcabanas.com\/wp-content\/uploads\/2025\/08\/barco-descricao-new-1024x338.jpg","contentUrl":"https:\/\/goldenclubcabanas.com\/wp-content\/uploads\/2025\/08\/barco-descricao-new-1024x338.jpg"},{"@type":"BreadcrumbList","@id":"https:\/\/goldenclubcabanas.com\/fr\/visiter-algarve\/en-bateau\/#breadcrumb","itemListElement":[{"@type":"ListItem","position":1,"name":"In\u00edcio","item":"https:\/\/goldenclubcabanas.com\/fr\/"},{"@type":"ListItem","position":2,"name":"Quoi faire","item":"https:\/\/goldenclubcabanas.com\/fr\/visiter-algarve\/"},{"@type":"ListItem","position":3,"name":"En bateau"}]},{"@type":"WebSite","@id":"https:\/\/goldenclubcabanas.com\/en\/#website","url":"https:\/\/goldenclubcabanas.com\/en\/","name":"Golden Club Cabanas","description":"","potentialAction":[{"@type":"SearchAction","target":{"@type":"EntryPoint","urlTemplate":"https:\/\/goldenclubcabanas.com\/en\/?s={search_term_string}"},"query-input":{"@type":"PropertyValueSpecification","valueRequired":true,"valueName":"search_term_string"}}],"inLanguage":"fr-FR"}]}},"_links":{"self":[{"href":"https:\/\/goldenclubcabanas.com\/fr\/wp-json\/wp\/v2\/pages\/4510","targetHints":{"allow":["GET"]}}],"collection":[{"href":"https:\/\/goldenclubcabanas.com\/fr\/wp-json\/wp\/v2\/pages"}],"about":[{"href":"https:\/\/goldenclubcabanas.com\/fr\/wp-json\/wp\/v2\/types\/page"}],"author":[{"embeddable":true,"href":"https:\/\/goldenclubcabanas.com\/fr\/wp-json\/wp\/v2\/users\/2"}],"replies":[{"embeddable":true,"href":"https:\/\/goldenclubcabanas.com\/fr\/wp-json\/wp\/v2\/comments?post=4510"}],"version-history":[{"count":2,"href":"https:\/\/goldenclubcabanas.com\/fr\/wp-json\/wp\/v2\/pages\/4510\/revisions"}],"predecessor-version":[{"id":7258,"href":"https:\/\/goldenclubcabanas.com\/fr\/wp-json\/wp\/v2\/pages\/4510\/revisions\/7258"}],"up":[{"embeddable":true,"href":"https:\/\/goldenclubcabanas.com\/fr\/wp-json\/wp\/v2\/pages\/4507"}],"wp:attachment":[{"href":"https:\/\/goldenclubcabanas.com\/fr\/wp-json\/wp\/v2\/media?parent=4510"}],"curies":[{"name":"wp","href":"https:\/\/api.w.org\/{rel}","templated":true}]}}