{"id":4513,"date":"2025-05-06T12:59:36","date_gmt":"2025-05-06T12:59:36","guid":{"rendered":"https:\/\/goldenclubcabanas.com\/cycling\/"},"modified":"2025-10-02T07:12:02","modified_gmt":"2025-10-02T07:12:02","slug":"vacances-velo-algarve","status":"publish","type":"page","link":"https:\/\/goldenclubcabanas.com\/fr\/visiter-algarve\/vacances-velo-algarve\/","title":{"rendered":"Cycling"},"content":{"rendered":"\n<div class=\"dng-hero-section gb-element-46afd053\">\n<div class=\"dng-content-section gb-element-399894b7\">\n<h1 class=\"gb-text lg-font gb-text-092fc453\" data-aos=\"fade-up\" data-aos-anchor-placement=\"top-bottom\" data-aos-duration=\"1500\">Vacances \u00e0 v\u00e9lo en Algarve<\/h1>\n\n\n\n<p class=\"gb-text gb-text-ef0676c9 body1\" data-aos-anchor-placement=\"top-bottom\" data-aos=\"fade-up\" data-aos-duration=\"2000\">Golden Club Cabanas est un h\u00f4tel bike-friendly, situ\u00e9 juste \u00e0 c\u00f4t\u00e9 de l\u2019Ecovia de l\u2019Algarve, id\u00e9al pour le cyclisme sur route, le VTT et les balades c\u00f4ti\u00e8res.<\/p>\n<\/div>\n<\/div>\n\n\n\n<div class=\"dng-section-space\">\n<div class=\"dng-content-section no-overflow\">\n<h2 class=\"gb-text gb-text-d12869c9 title1\" data-aos=\"fade-up\" data-aos-duration=\"1000\" data-aos-anchor-placement=\"center-bottom\">Entre montagnes et c\u00f4te \u2013 L\u2019Algarve sur deux roues<\/h2>\n\n\n\n<p class=\"gb-text gb-text-6e1ca6c5 body2\" data-aos=\"fade-up\" data-aos-duration=\"1400\" data-aos-anchor-placement=\"center-bottom\">Le Sotavento de l\u2019Algarve (est de l\u2019Algarve) est parfait pour le cyclisme sur route et en montagne, avec des parcours qui serpentent entre montagnes, villages et littoral. Golden Club Cabanas est un h\u00f4tel bike-friendly offrant confort, garage, assistance et toutes les commodit\u00e9s n\u00e9cessaires pour<\/p>\n\n\n\n<div class=\"gb-element-49cc988e\" data-aos=\"fade-up\" data-aos-duration=\"1600\" data-aos-anchor-placement=\"center-bottom\">\n<figure class=\"wp-block-image size-large is-resized\"><img loading=\"lazy\" decoding=\"async\" width=\"1024\" height=\"352\" src=\"https:\/\/goldenclubcabanas.com\/wp-content\/uploads\/2025\/07\/cycling-descricao-incial-1024x352.jpg\" alt=\"\" class=\"wp-image-3965\" style=\"width:1120px;height:auto\" srcset=\"https:\/\/goldenclubcabanas.com\/wp-content\/uploads\/2025\/07\/cycling-descricao-incial-1024x352.jpg 1024w, https:\/\/goldenclubcabanas.com\/wp-content\/uploads\/2025\/07\/cycling-descricao-incial-300x103.jpg 300w, https:\/\/goldenclubcabanas.com\/wp-content\/uploads\/2025\/07\/cycling-descricao-incial-768x264.jpg 768w, https:\/\/goldenclubcabanas.com\/wp-content\/uploads\/2025\/07\/cycling-descricao-incial.jpg 1115w\" sizes=\"auto, (max-width: 1024px) 100vw, 1024px\" \/><\/figure>\n<\/div>\n<\/div>\n<\/div>\n\n\n\r\n<div id=\"dng-c-images-slider-block_9d652381db42c36b04d2c97993b17ee8\" class=\"dng-c-images-slider gcc-section-space\">\r\n            <div class=\"dng-content-section\">\r\n            <div class=\"dng-imgSlider_content overflow-none\">\r\n                                    <h2 class=\"title1\" data-aos=\"fade-up\" data-aos-duration=\"2000\" data-aos-anchor-placement=\"center-bottom\">Tout ce qu\u2019il vous faut pour des vacances \u00e0 v\u00e9lo<\/h2>\r\n                                    <p class=\"body2\" data-aos=\"fade-up\" data-aos-duration=\"2200\" data-aos-anchor-placement=\"center-bottom\">Golden Club Cabanas propose les conditions id\u00e9ales pour un s\u00e9jour cycliste. L\u2019\u00e9tablissement dispose de: garage ferm\u00e9 pour plus de s\u00e9curit\u00e9, zone de lavage pour v\u00e9los, compresseur pour gonfler les pneus, location d\u2019\u00e9quipement, service de massages, trousse de premiers secours, partenariats avec des entreprises sp\u00e9cialis\u00e9es dans le cyclisme, circuits autoguid\u00e9s partant directement de l\u2019h\u00f4tel<\/p>\r\n                            <\/div>\r\n        <\/div>\r\n                <div class=\"dngImages_slider _leftOffset owl-carousel owl-theme\">\r\n                            <div class=\"dngImages_slider-item\">\r\n                    <img loading=\"lazy\" decoding=\"async\" width=\"356\" height=\"384\" src=\"https:\/\/goldenclubcabanas.com\/wp-content\/uploads\/2025\/07\/cycling-square-1.jpg\" class=\"attachment-full size-full\" alt=\"\" srcset=\"https:\/\/goldenclubcabanas.com\/wp-content\/uploads\/2025\/07\/cycling-square-1.jpg 356w, https:\/\/goldenclubcabanas.com\/wp-content\/uploads\/2025\/07\/cycling-square-1-278x300.jpg 278w\" sizes=\"auto, (max-width: 356px) 100vw, 356px\" \/>                <\/div>\r\n                            <div class=\"dngImages_slider-item\">\r\n                    <img loading=\"lazy\" decoding=\"async\" width=\"356\" height=\"384\" src=\"https:\/\/goldenclubcabanas.com\/wp-content\/uploads\/2025\/07\/cycling-square-2.jpg\" class=\"attachment-full size-full\" alt=\"\" srcset=\"https:\/\/goldenclubcabanas.com\/wp-content\/uploads\/2025\/07\/cycling-square-2.jpg 356w, https:\/\/goldenclubcabanas.com\/wp-content\/uploads\/2025\/07\/cycling-square-2-278x300.jpg 278w\" sizes=\"auto, (max-width: 356px) 100vw, 356px\" \/>                <\/div>\r\n                            <div class=\"dngImages_slider-item\">\r\n                    <img loading=\"lazy\" decoding=\"async\" width=\"356\" height=\"384\" src=\"https:\/\/goldenclubcabanas.com\/wp-content\/uploads\/2025\/07\/cycling-square-3.jpg\" class=\"attachment-full size-full\" alt=\"\" srcset=\"https:\/\/goldenclubcabanas.com\/wp-content\/uploads\/2025\/07\/cycling-square-3.jpg 356w, https:\/\/goldenclubcabanas.com\/wp-content\/uploads\/2025\/07\/cycling-square-3-278x300.jpg 278w\" sizes=\"auto, (max-width: 356px) 100vw, 356px\" \/>                <\/div>\r\n                            <div class=\"dngImages_slider-item\">\r\n                    <img loading=\"lazy\" decoding=\"async\" width=\"356\" height=\"384\" src=\"https:\/\/goldenclubcabanas.com\/wp-content\/uploads\/2025\/07\/cycling-square-4.jpg\" class=\"attachment-full size-full\" alt=\"\" srcset=\"https:\/\/goldenclubcabanas.com\/wp-content\/uploads\/2025\/07\/cycling-square-4.jpg 356w, https:\/\/goldenclubcabanas.com\/wp-content\/uploads\/2025\/07\/cycling-square-4-278x300.jpg 278w\" sizes=\"auto, (max-width: 356px) 100vw, 356px\" \/>                <\/div>\r\n                    <\/div>\r\n    <\/div>\n\n\n<div class=\"gb-element-639d2133\">\n<div class=\"dng-content-section no-overflow gb-element-dacefb0c\">\n<div class=\"gb-element-23c2b4d5\">\n<div class=\"gb-element-6cb94c45\">\n<div class=\"dng-img dng-img-500\">\n<figure class=\"wp-block-image size-full\"><img loading=\"lazy\" decoding=\"async\" width=\"747\" height=\"389\" src=\"https:\/\/goldenclubcabanas.com\/wp-content\/uploads\/2025\/07\/cycling-cta.jpg\" alt=\"\" class=\"wp-image-3262\" srcset=\"https:\/\/goldenclubcabanas.com\/wp-content\/uploads\/2025\/07\/cycling-cta.jpg 747w, https:\/\/goldenclubcabanas.com\/wp-content\/uploads\/2025\/07\/cycling-cta-300x156.jpg 300w\" sizes=\"auto, (max-width: 747px) 100vw, 747px\" \/><\/figure>\n<\/div>\n<\/div>\n\n\n\n<div class=\"gb-element-863e0837\">\n<h3 class=\"gb-text gb-text-4c3390d3\">Pr\u00eat \u00e0 p\u00e9daler \u00e0 travers l\u2019Algarve ?<\/h3>\n\n\n\n<p class=\"gb-text body2\">Confort, paysages incroyables et tout ce dont vous avez besoin pour des vacances \u00e0 v\u00e9lo dans le Sotavento de l\u2019Algarve. R\u00e9servez d\u00e8s maintenant votre s\u00e9jour au Golden Club Cabanas !<\/p>\n\n\n\n<a class=\"dng-gpc-btn gb-text-0a553eaf button-text btn-gold-outline dng-button\" href=\"https:\/\/booking.goldenclubcabanas.com\" target=\"_blank\" rel=\"noopener nofollow\"><span class=\"gb-text\">R\u00e9server<\/span><span class=\"gb-shape\"><svg width=\"50\" height=\"25\" viewBox=\"0 0 24 25\" fill=\"none\" xmlns=\"http:\/\/www.w3.org\/2000\/svg\">\n<path d=\"M23.542 11.392L18.825 6.67505L18.118 7.38205L22.736 12H0V13H22.734L18.117 17.617L18.824 18.324L23.542 13.606C24.152 12.996 24.152 12.002 23.542 11.392Z\" fill=\"#1E1E1E\"><\/path>\n<\/svg>\n<\/span><\/a>\n<\/div>\n<\/div>\n<\/div>\n<\/div>\n","protected":false},"excerpt":{"rendered":"<p>Vacances \u00e0 v\u00e9lo en Algarve Golden Club Cabanas est un h\u00f4tel bike-friendly, situ\u00e9 juste \u00e0 c\u00f4t\u00e9 de l\u2019Ecovia de l\u2019Algarve, id\u00e9al pour le cyclisme sur route, le VTT et les balades c\u00f4ti\u00e8res. Entre montagnes et c\u00f4te \u2013 L\u2019Algarve sur deux roues Le Sotavento de l\u2019Algarve (est de l\u2019Algarve) est parfait pour le cyclisme sur route &#8230; <a title=\"Cycling\" class=\"read-more\" href=\"https:\/\/goldenclubcabanas.com\/fr\/visiter-algarve\/vacances-velo-algarve\/\" aria-label=\"En savoir plus sur Cycling\">Lire plus<\/a><\/p>\n","protected":false},"author":2,"featured_media":0,"parent":4507,"menu_order":44,"comment_status":"closed","ping_status":"closed","template":"","meta":{"_acf_changed":false,"footnotes":""},"class_list":["post-4513","page","type-page","status-publish"],"acf":[],"yoast_head":"<!-- This site is optimized with the Yoast SEO Premium plugin v25.9 (Yoast SEO v25.9) - https:\/\/yoast.com\/wordpress\/plugins\/seo\/ -->\n<title>Cycling - Golden Club Cabanas Aparthotel Algarve, Portugal<\/title>\n<meta name=\"robots\" content=\"index, follow, max-snippet:-1, max-image-preview:large, max-video-preview:-1\" \/>\n<link rel=\"canonical\" href=\"https:\/\/goldenclubcabanas.com\/fr\/visiter-algarve\/vacances-velo-algarve\/\" \/>\n<meta property=\"og:locale\" content=\"fr_FR\" \/>\n<meta property=\"og:type\" content=\"article\" \/>\n<meta property=\"og:title\" content=\"Cycling\" \/>\n<meta property=\"og:description\" content=\"Vacances \u00e0 v\u00e9lo en Algarve Golden Club Cabanas est un h\u00f4tel bike-friendly, situ\u00e9 juste \u00e0 c\u00f4t\u00e9 de l\u2019Ecovia de l\u2019Algarve, id\u00e9al pour le cyclisme sur route, le VTT et les balades c\u00f4ti\u00e8res. Entre montagnes et c\u00f4te \u2013 L\u2019Algarve sur deux roues Le Sotavento de l\u2019Algarve (est de l\u2019Algarve) est parfait pour le cyclisme sur route ... Lire plus\" \/>\n<meta property=\"og:url\" content=\"https:\/\/goldenclubcabanas.com\/fr\/visiter-algarve\/vacances-velo-algarve\/\" \/>\n<meta property=\"og:site_name\" content=\"Golden Club Cabanas Aparthotel Algarve, Portugal\" \/>\n<meta property=\"article:modified_time\" content=\"2025-10-02T07:12:02+00:00\" \/>\n<meta property=\"og:image\" content=\"https:\/\/goldenclubcabanas.com\/wp-content\/uploads\/2025\/07\/cycling-descricao-incial-1024x352.jpg\" \/>\n<meta name=\"twitter:card\" content=\"summary_large_image\" \/>\n<meta name=\"twitter:label1\" content=\"Dur\u00e9e de lecture estim\u00e9e\" \/>\n\t<meta name=\"twitter:data1\" content=\"2 minutes\" \/>\n<script type=\"application\/ld+json\" class=\"yoast-schema-graph\">{\"@context\":\"https:\/\/schema.org\",\"@graph\":[{\"@type\":\"WebPage\",\"@id\":\"https:\/\/goldenclubcabanas.com\/fr\/visiter-algarve\/vacances-velo-algarve\/\",\"url\":\"https:\/\/goldenclubcabanas.com\/fr\/visiter-algarve\/vacances-velo-algarve\/\",\"name\":\"Cycling - Golden Club Cabanas Aparthotel Algarve, Portugal\",\"isPartOf\":{\"@id\":\"https:\/\/goldenclubcabanas.com\/en\/#website\"},\"primaryImageOfPage\":{\"@id\":\"https:\/\/goldenclubcabanas.com\/fr\/visiter-algarve\/vacances-velo-algarve\/#primaryimage\"},\"image\":{\"@id\":\"https:\/\/goldenclubcabanas.com\/fr\/visiter-algarve\/vacances-velo-algarve\/#primaryimage\"},\"thumbnailUrl\":\"https:\/\/goldenclubcabanas.com\/wp-content\/uploads\/2025\/07\/cycling-descricao-incial-1024x352.jpg\",\"datePublished\":\"2025-05-06T12:59:36+00:00\",\"dateModified\":\"2025-10-02T07:12:02+00:00\",\"breadcrumb\":{\"@id\":\"https:\/\/goldenclubcabanas.com\/fr\/visiter-algarve\/vacances-velo-algarve\/#breadcrumb\"},\"inLanguage\":\"fr-FR\",\"potentialAction\":[{\"@type\":\"ReadAction\",\"target\":[\"https:\/\/goldenclubcabanas.com\/fr\/visiter-algarve\/vacances-velo-algarve\/\"]}]},{\"@type\":\"ImageObject\",\"inLanguage\":\"fr-FR\",\"@id\":\"https:\/\/goldenclubcabanas.com\/fr\/visiter-algarve\/vacances-velo-algarve\/#primaryimage\",\"url\":\"https:\/\/goldenclubcabanas.com\/wp-content\/uploads\/2025\/07\/cycling-descricao-incial-1024x352.jpg\",\"contentUrl\":\"https:\/\/goldenclubcabanas.com\/wp-content\/uploads\/2025\/07\/cycling-descricao-incial-1024x352.jpg\"},{\"@type\":\"BreadcrumbList\",\"@id\":\"https:\/\/goldenclubcabanas.com\/fr\/visiter-algarve\/vacances-velo-algarve\/#breadcrumb\",\"itemListElement\":[{\"@type\":\"ListItem\",\"position\":1,\"name\":\"In\u00edcio\",\"item\":\"https:\/\/goldenclubcabanas.com\/fr\/\"},{\"@type\":\"ListItem\",\"position\":2,\"name\":\"Quoi faire\",\"item\":\"https:\/\/goldenclubcabanas.com\/fr\/visiter-algarve\/\"},{\"@type\":\"ListItem\",\"position\":3,\"name\":\"Cycling\"}]},{\"@type\":\"WebSite\",\"@id\":\"https:\/\/goldenclubcabanas.com\/en\/#website\",\"url\":\"https:\/\/goldenclubcabanas.com\/en\/\",\"name\":\"Golden Club Cabanas\",\"description\":\"\",\"potentialAction\":[{\"@type\":\"SearchAction\",\"target\":{\"@type\":\"EntryPoint\",\"urlTemplate\":\"https:\/\/goldenclubcabanas.com\/en\/?s={search_term_string}\"},\"query-input\":{\"@type\":\"PropertyValueSpecification\",\"valueRequired\":true,\"valueName\":\"search_term_string\"}}],\"inLanguage\":\"fr-FR\"}]}<\/script>\n<!-- \/ Yoast SEO Premium plugin. -->","yoast_head_json":{"title":"Cycling - Golden Club Cabanas Aparthotel Algarve, Portugal","robots":{"index":"index","follow":"follow","max-snippet":"max-snippet:-1","max-image-preview":"max-image-preview:large","max-video-preview":"max-video-preview:-1"},"canonical":"https:\/\/goldenclubcabanas.com\/fr\/visiter-algarve\/vacances-velo-algarve\/","og_locale":"fr_FR","og_type":"article","og_title":"Cycling","og_description":"Vacances \u00e0 v\u00e9lo en Algarve Golden Club Cabanas est un h\u00f4tel bike-friendly, situ\u00e9 juste \u00e0 c\u00f4t\u00e9 de l\u2019Ecovia de l\u2019Algarve, id\u00e9al pour le cyclisme sur route, le VTT et les balades c\u00f4ti\u00e8res. Entre montagnes et c\u00f4te \u2013 L\u2019Algarve sur deux roues Le Sotavento de l\u2019Algarve (est de l\u2019Algarve) est parfait pour le cyclisme sur route ... Lire plus","og_url":"https:\/\/goldenclubcabanas.com\/fr\/visiter-algarve\/vacances-velo-algarve\/","og_site_name":"Golden Club Cabanas Aparthotel Algarve, Portugal","article_modified_time":"2025-10-02T07:12:02+00:00","og_image":[{"url":"https:\/\/goldenclubcabanas.com\/wp-content\/uploads\/2025\/07\/cycling-descricao-incial-1024x352.jpg","type":"","width":"","height":""}],"twitter_card":"summary_large_image","twitter_misc":{"Dur\u00e9e de lecture estim\u00e9e":"2 minutes"},"schema":{"@context":"https:\/\/schema.org","@graph":[{"@type":"WebPage","@id":"https:\/\/goldenclubcabanas.com\/fr\/visiter-algarve\/vacances-velo-algarve\/","url":"https:\/\/goldenclubcabanas.com\/fr\/visiter-algarve\/vacances-velo-algarve\/","name":"Cycling - Golden Club Cabanas Aparthotel Algarve, Portugal","isPartOf":{"@id":"https:\/\/goldenclubcabanas.com\/en\/#website"},"primaryImageOfPage":{"@id":"https:\/\/goldenclubcabanas.com\/fr\/visiter-algarve\/vacances-velo-algarve\/#primaryimage"},"image":{"@id":"https:\/\/goldenclubcabanas.com\/fr\/visiter-algarve\/vacances-velo-algarve\/#primaryimage"},"thumbnailUrl":"https:\/\/goldenclubcabanas.com\/wp-content\/uploads\/2025\/07\/cycling-descricao-incial-1024x352.jpg","datePublished":"2025-05-06T12:59:36+00:00","dateModified":"2025-10-02T07:12:02+00:00","breadcrumb":{"@id":"https:\/\/goldenclubcabanas.com\/fr\/visiter-algarve\/vacances-velo-algarve\/#breadcrumb"},"inLanguage":"fr-FR","potentialAction":[{"@type":"ReadAction","target":["https:\/\/goldenclubcabanas.com\/fr\/visiter-algarve\/vacances-velo-algarve\/"]}]},{"@type":"ImageObject","inLanguage":"fr-FR","@id":"https:\/\/goldenclubcabanas.com\/fr\/visiter-algarve\/vacances-velo-algarve\/#primaryimage","url":"https:\/\/goldenclubcabanas.com\/wp-content\/uploads\/2025\/07\/cycling-descricao-incial-1024x352.jpg","contentUrl":"https:\/\/goldenclubcabanas.com\/wp-content\/uploads\/2025\/07\/cycling-descricao-incial-1024x352.jpg"},{"@type":"BreadcrumbList","@id":"https:\/\/goldenclubcabanas.com\/fr\/visiter-algarve\/vacances-velo-algarve\/#breadcrumb","itemListElement":[{"@type":"ListItem","position":1,"name":"In\u00edcio","item":"https:\/\/goldenclubcabanas.com\/fr\/"},{"@type":"ListItem","position":2,"name":"Quoi faire","item":"https:\/\/goldenclubcabanas.com\/fr\/visiter-algarve\/"},{"@type":"ListItem","position":3,"name":"Cycling"}]},{"@type":"WebSite","@id":"https:\/\/goldenclubcabanas.com\/en\/#website","url":"https:\/\/goldenclubcabanas.com\/en\/","name":"Golden Club Cabanas","description":"","potentialAction":[{"@type":"SearchAction","target":{"@type":"EntryPoint","urlTemplate":"https:\/\/goldenclubcabanas.com\/en\/?s={search_term_string}"},"query-input":{"@type":"PropertyValueSpecification","valueRequired":true,"valueName":"search_term_string"}}],"inLanguage":"fr-FR"}]}},"_links":{"self":[{"href":"https:\/\/goldenclubcabanas.com\/fr\/wp-json\/wp\/v2\/pages\/4513","targetHints":{"allow":["GET"]}}],"collection":[{"href":"https:\/\/goldenclubcabanas.com\/fr\/wp-json\/wp\/v2\/pages"}],"about":[{"href":"https:\/\/goldenclubcabanas.com\/fr\/wp-json\/wp\/v2\/types\/page"}],"author":[{"embeddable":true,"href":"https:\/\/goldenclubcabanas.com\/fr\/wp-json\/wp\/v2\/users\/2"}],"replies":[{"embeddable":true,"href":"https:\/\/goldenclubcabanas.com\/fr\/wp-json\/wp\/v2\/comments?post=4513"}],"version-history":[{"count":1,"href":"https:\/\/goldenclubcabanas.com\/fr\/wp-json\/wp\/v2\/pages\/4513\/revisions"}],"predecessor-version":[{"id":4784,"href":"https:\/\/goldenclubcabanas.com\/fr\/wp-json\/wp\/v2\/pages\/4513\/revisions\/4784"}],"up":[{"embeddable":true,"href":"https:\/\/goldenclubcabanas.com\/fr\/wp-json\/wp\/v2\/pages\/4507"}],"wp:attachment":[{"href":"https:\/\/goldenclubcabanas.com\/fr\/wp-json\/wp\/v2\/media?parent=4513"}],"curies":[{"name":"wp","href":"https:\/\/api.w.org\/{rel}","templated":true}]}}