{"id":4523,"date":"2025-05-04T06:32:33","date_gmt":"2025-05-04T06:32:33","guid":{"rendered":"https:\/\/goldenclubcabanas.com\/apartamentos-de-ferias\/"},"modified":"2025-10-14T14:34:15","modified_gmt":"2025-10-14T14:34:15","slug":"appartements-vacances-algarve","status":"publish","type":"page","link":"https:\/\/goldenclubcabanas.com\/fr\/appartements-vacances-algarve\/","title":{"rendered":"Appartements de vacances"},"content":{"rendered":"\n<div class=\"dng-hero-section gb-element-075f99d4\">\n<div class=\"dng-content-section gb-element-48530abf\">\n<h1 class=\"gb-text lg-font gb-text-9853ec2c\" data-aos=\"fade-up\" data-aos-anchor-placement=\"top-bottom\" data-aos-duration=\"1500\">Appartements de vacances en Algarve<\/h1>\n\n\n\n<p class=\"gb-text gb-text-633da2c6 body1\" data-aos-anchor-placement=\"top-bottom\" data-aos=\"fade-up\" data-aos-duration=\"2000\">Le Golden Club Cabanas propose des appartements de vacances en Algarve qui allient confort, libert\u00e9 et services h\u00f4teliers, id\u00e9aux pour des moments en famille ou entre amis.<\/p>\n<\/div>\n<\/div>\n\n\n\n<div class=\"dng-section-space\">\n<div class=\"dng-content-section no-overflow\">\n<h3 class=\"gb-text gb-text-bd994d1a\" data-aos=\"fade-up\" data-aos-duration=\"1800\" data-aos-anchor-placement=\"center-bottom\">Le confort d\u2019un appartement avec les services d\u2019un h\u00f4tel<\/h3>\n\n\n\n<p class=\"gb-text gb-text-ff389e8b\" data-aos=\"fade-up\" data-aos-achoer-placement=\"center-bottom\" data-aos-duration=\"2000\">Si vous \u00eates \u00e0 la recherche d\u2019appartements de vacances en Algarve qui allient libert\u00e9, espace et confort, le Golden Club Cabanas est le choix id\u00e9al. Nos appartements vous offrent plus d\u2019espace pour partager des moments en famille ou entre amis qu\u2019une chambre d\u2019h\u00f4tel classique, en plus de l\u2019avantage de pouvoir pr\u00e9parer vous-m\u00eame vos repas. <br><br>Nous proposons plusieurs types d\u2019appartements de vacances en Algarve, situ\u00e9s dans des b\u00e2timents de trois \u00e9tages entour\u00e9s de jardins. Tous ont \u00e9t\u00e9 con\u00e7us pour vos vacances \u00e0 la plage et \u00e0 la nature, avec un style \u00ab&nbsp;propre&nbsp;\u00bb, simple et fonctionnel qui privil\u00e9gie le confort. <\/p>\n<\/div>\n<\/div>\n\n\n\n<div class=\"gb-element-2a801595\">\n<div class=\"gb-element-589505ef\">\n<div class=\"gb-element-15c31e47\" style=\"--inline-bg-image: url(data)\" data-aos=\"fade-right\" data-aos-duration=\"2000\" data-aos-anchor-placement=\"center-bottom\">\n<h2 class=\"gb-text gb-text-381490b7 title1\">Appartements Sunrise<\/h2>\n\n\n\n<p class=\"gb-text gb-text-99ef8849 body2\">Situ\u00e9 dans la partie orientale (Sunrise) du Golden Club Cabanas, nous disposons de studios d\u2019une capacit\u00e9 de 2 adultes et 1 ou 2 enfants, \u00e9quip\u00e9s et d\u00e9cor\u00e9s dans un style simple, agr\u00e9able et fonctionnel, avec un excellent rapport qualit\u00e9-prix<\/p>\n\n\n\n<a class=\"dng-gpc-btn gb-text-804d771f button-text btn-gold-outline dng-button\" href=\"https:\/\/goldenclubcabanas.com\/fr\/appartements-algarve\/sunrise\/\"><span class=\"gb-text\">Voir tous les appartements<\/span><span class=\"gb-shape\"><svg xmlns=\"http:\/\/www.w3.org\/2000\/svg\" width=\"50\" height=\"25\" viewBox=\"0 0 24 25\" fill=\"none\">\n<path d=\"M23.542 11.392L18.825 6.67505L18.118 7.38205L22.736 12H0V13H22.734L18.117 17.617L18.824 18.324L23.542 13.606C24.152 12.996 24.152 12.002 23.542 11.392Z\" fill=\"#1E1E1E\"><\/path>\n<\/svg>\n<\/span><\/a>\n<\/div>\n\n\n\n<div class=\"gb-element-c05f378b\">\n<figure class=\"wp-block-image size-full\"><img loading=\"lazy\" decoding=\"async\" width=\"900\" height=\"747\" src=\"https:\/\/goldenclubcabanas.com\/wp-content\/uploads\/2025\/07\/apartamentos-sunrise.jpg\" alt=\"\" class=\"wp-image-2849\" srcset=\"https:\/\/goldenclubcabanas.com\/wp-content\/uploads\/2025\/07\/apartamentos-sunrise.jpg 900w, https:\/\/goldenclubcabanas.com\/wp-content\/uploads\/2025\/07\/apartamentos-sunrise-300x249.jpg 300w, https:\/\/goldenclubcabanas.com\/wp-content\/uploads\/2025\/07\/apartamentos-sunrise-768x637.jpg 768w\" sizes=\"auto, (max-width: 900px) 100vw, 900px\" \/><\/figure>\n<\/div>\n<\/div>\n<\/div>\n\n\n\n<div class=\"gb-element-3b7e4ddd\">\n<div class=\"gb-element-842e10ab\">\n<div class=\"gb-element-53291a2f\" style=\"--inline-bg-image: url(data)\" data-aos-duration=\"2000\" data-aos-anchor-placement=\"center-bottom\" data-aos=\"fade-left\">\n<h2 class=\"gb-text gb-text-cab8c1e4 title1\">Appartements Sunset<\/h2>\n\n\n\n<p class=\"gb-text gb-text-e394284b body2\">Dans les immeubles les plus modernes \u00e0 l\u2019ouest (Sunset), nous proposons de grands studios et des appartements T1 et T2, id\u00e9aux pour accueillir jusqu\u2019\u00e0 4 adultes et 2 enfants, avec une d\u00e9coration plus soign\u00e9e, un mobilier contemporain et un haut niveau de confort.<\/p>\n\n\n\n<a class=\"dng-gpc-btn gb-text-a36d821f button-text btn-gold-outline dng-button\" href=\"https:\/\/goldenclubcabanas.com\/fr\/appartements-algarve\/sunset\/\"><span class=\"gb-text\">Voir tous les appartements<\/span><span class=\"gb-shape\"><svg xmlns=\"http:\/\/www.w3.org\/2000\/svg\" width=\"50\" height=\"25\" viewBox=\"0 0 24 25\" fill=\"none\">\n<path d=\"M23.542 11.392L18.825 6.67505L18.118 7.38205L22.736 12H0V13H22.734L18.117 17.617L18.824 18.324L23.542 13.606C24.152 12.996 24.152 12.002 23.542 11.392Z\" fill=\"#1E1E1E\"><\/path>\n<\/svg>\n<\/span><\/a>\n<\/div>\n\n\n\n<div class=\"gb-element-e08bf033\">\n<figure class=\"wp-block-image size-large\"><img decoding=\"async\" src=\"https:\/\/goldenclubcabanas.com\/wp-content\/uploads\/2025\/07\/apartamentos-sunset.jpg\" alt=\"\"\/><\/figure>\n<\/div>\n<\/div>\n<\/div>\n\n\n\n<div class=\"dng-section-space gb-element-d578f682\">\n<div class=\"dng-content-section\">\n<h2 class=\"gb-text gb-text-61a1a479 titl1\" data-aos-duration=\"2000\" data-aos-anchor-placement=\"center-bottom\" data-aos=\"fade-up\">Deux secteurs : lever et coucher du soleil<\/h2>\n\n\n\n<div class=\"gb-element-3b8e4c49\">\n<div class=\"no-overflow gb-element-9063ecf9\">\n<div data-aos=\"fade-up\" data-aos-duration=\"2400\" data-aos-anchor-placement=\"center-bottom\">\n<img loading=\"lazy\" decoding=\"async\" width=\"2184\" height=\"1536\" class=\"dng-img dng-img-384 gb-media-86616656\" src=\"https:\/\/goldenclubcabanas.com\/wp-content\/uploads\/2025\/07\/Frame-1000006042.webp\" title=\"Frame 1000006042\" srcset=\"https:\/\/goldenclubcabanas.com\/wp-content\/uploads\/2025\/07\/Frame-1000006042.webp 2184w, https:\/\/goldenclubcabanas.com\/wp-content\/uploads\/2025\/07\/Frame-1000006042-300x211.webp 300w, https:\/\/goldenclubcabanas.com\/wp-content\/uploads\/2025\/07\/Frame-1000006042-1024x720.webp 1024w, https:\/\/goldenclubcabanas.com\/wp-content\/uploads\/2025\/07\/Frame-1000006042-768x540.webp 768w, https:\/\/goldenclubcabanas.com\/wp-content\/uploads\/2025\/07\/Frame-1000006042-1536x1080.webp 1536w, https:\/\/goldenclubcabanas.com\/wp-content\/uploads\/2025\/07\/Frame-1000006042-2048x1440.webp 2048w\" sizes=\"auto, (max-width: 2184px) 100vw, 2184px\" \/>\n\n\n\n<div class=\"dng-apartment-custom-card\">\n<h3 class=\"gb-text gb-text-8891fc5a\">\u00c0 propos des h\u00e9bergements<\/h3>\n\n\n\n<p class=\"gb-text gb-text-df86381b body2\">Studios et appartements 1\/2 chambre en Algarve, id\u00e9aux pour les familles. Options modernes et confortables avec vue sur la mer, les montagnes ou les jardins. Profitez des piscines, de la nature et des visites touristiques pour des vacances parfaites.<\/p>\n<\/div>\n<\/div>\n<\/div>\n\n\n\n<div class=\"no-overflow gb-element-dd6aabdc\">\n<div data-aos=\"fade-up\" data-aos-anchor-placement=\"center-bottom\" data-aos-duration=\"2800\">\n<img loading=\"lazy\" decoding=\"async\" width=\"1638\" height=\"1152\" class=\"dng-img dng-img-384 gb-media-174a6709\" src=\"https:\/\/goldenclubcabanas.com\/wp-content\/uploads\/2025\/07\/Mask-group.webp\" title=\"Mask group\" srcset=\"https:\/\/goldenclubcabanas.com\/wp-content\/uploads\/2025\/07\/Mask-group.webp 1638w, https:\/\/goldenclubcabanas.com\/wp-content\/uploads\/2025\/07\/Mask-group-300x211.webp 300w, https:\/\/goldenclubcabanas.com\/wp-content\/uploads\/2025\/07\/Mask-group-1024x720.webp 1024w, https:\/\/goldenclubcabanas.com\/wp-content\/uploads\/2025\/07\/Mask-group-768x540.webp 768w, https:\/\/goldenclubcabanas.com\/wp-content\/uploads\/2025\/07\/Mask-group-1536x1080.webp 1536w\" sizes=\"auto, (max-width: 1638px) 100vw, 1638px\" \/>\n\n\n\n<div class=\"dng-apartment-custom-card\">\n<h3 class=\"gb-text gb-text-2cc7d5b5\">Confort complet<\/h3>\n\n\n\n<p class=\"gb-text gb-text-7c3339b8 body2\">Tous les appartements disposent d\u2019une salle de bain (avec douche ou baignoire), d\u2019une kitchenette ou d\u2019une cuisine, d\u2019un balcon ou d\u2019une terrasse, de la climatisation et d\u2019une t\u00e9l\u00e9vision.<\/p>\n<\/div>\n<\/div>\n<\/div>\n<\/div>\n<\/div>\n<\/div>\n","protected":false},"excerpt":{"rendered":"<p>Appartements de vacances en Algarve Le Golden Club Cabanas propose des appartements de vacances en Algarve qui allient confort, libert\u00e9 et services h\u00f4teliers, id\u00e9aux pour des moments en famille ou entre amis. Le confort d\u2019un appartement avec les services d\u2019un h\u00f4tel Si vous \u00eates \u00e0 la recherche d\u2019appartements de vacances en Algarve qui allient libert\u00e9, &#8230; <a title=\"Appartements de vacances\" class=\"read-more\" href=\"https:\/\/goldenclubcabanas.com\/fr\/appartements-vacances-algarve\/\" aria-label=\"En savoir plus sur Appartements de vacances\">Lire plus<\/a><\/p>\n","protected":false},"author":2,"featured_media":0,"parent":0,"menu_order":5,"comment_status":"closed","ping_status":"closed","template":"","meta":{"_acf_changed":false,"footnotes":""},"class_list":["post-4523","page","type-page","status-publish"],"acf":[],"yoast_head":"<!-- This site is optimized with the Yoast SEO Premium plugin v25.9 (Yoast SEO v25.9) - https:\/\/yoast.com\/wordpress\/plugins\/seo\/ -->\n<title>Appartements de vacances en Algarve - Golden Club Cabanas<\/title>\n<meta name=\"description\" content=\"Appartements de vacances en Algarve, tout inclus, avec un grand espace pour les activit\u00e9s de plein air et animation.\" \/>\n<meta name=\"robots\" content=\"index, follow, max-snippet:-1, max-image-preview:large, max-video-preview:-1\" \/>\n<link rel=\"canonical\" href=\"https:\/\/goldenclubcabanas.com\/fr\/appartements-vacances-algarve\/\" \/>\n<meta property=\"og:locale\" content=\"fr_FR\" \/>\n<meta property=\"og:type\" content=\"article\" \/>\n<meta property=\"og:title\" content=\"Appartements de vacances\" \/>\n<meta property=\"og:description\" content=\"Appartements de vacances en Algarve, tout inclus, avec un grand espace pour les activit\u00e9s de plein air et animation.\" \/>\n<meta property=\"og:url\" content=\"https:\/\/goldenclubcabanas.com\/fr\/appartements-vacances-algarve\/\" \/>\n<meta property=\"og:site_name\" content=\"Golden Club Cabanas Aparthotel Algarve, Portugal\" \/>\n<meta property=\"article:modified_time\" content=\"2025-10-14T14:34:15+00:00\" \/>\n<meta property=\"og:image\" content=\"https:\/\/goldenclubcabanas.com\/wp-content\/uploads\/2025\/07\/apartamentos-sunrise.jpg\" \/>\n\t<meta property=\"og:image:width\" content=\"900\" \/>\n\t<meta property=\"og:image:height\" content=\"747\" \/>\n\t<meta property=\"og:image:type\" content=\"image\/jpeg\" \/>\n<meta name=\"twitter:card\" content=\"summary_large_image\" \/>\n<meta name=\"twitter:label1\" content=\"Dur\u00e9e de lecture estim\u00e9e\" \/>\n\t<meta name=\"twitter:data1\" content=\"3 minutes\" \/>\n<script type=\"application\/ld+json\" class=\"yoast-schema-graph\">{\"@context\":\"https:\/\/schema.org\",\"@graph\":[{\"@type\":\"WebPage\",\"@id\":\"https:\/\/goldenclubcabanas.com\/fr\/appartements-vacances-algarve\/\",\"url\":\"https:\/\/goldenclubcabanas.com\/fr\/appartements-vacances-algarve\/\",\"name\":\"Appartements de vacances en Algarve - Golden Club Cabanas\",\"isPartOf\":{\"@id\":\"https:\/\/goldenclubcabanas.com\/en\/#website\"},\"primaryImageOfPage\":{\"@id\":\"https:\/\/goldenclubcabanas.com\/fr\/appartements-vacances-algarve\/#primaryimage\"},\"image\":{\"@id\":\"https:\/\/goldenclubcabanas.com\/fr\/appartements-vacances-algarve\/#primaryimage\"},\"thumbnailUrl\":\"https:\/\/goldenclubcabanas.com\/wp-content\/uploads\/2025\/07\/apartamentos-sunrise.jpg\",\"datePublished\":\"2025-05-04T06:32:33+00:00\",\"dateModified\":\"2025-10-14T14:34:15+00:00\",\"description\":\"Appartements de vacances en Algarve, tout inclus, avec un grand espace pour les activit\u00e9s de plein air et animation.\",\"breadcrumb\":{\"@id\":\"https:\/\/goldenclubcabanas.com\/fr\/appartements-vacances-algarve\/#breadcrumb\"},\"inLanguage\":\"fr-FR\",\"potentialAction\":[{\"@type\":\"ReadAction\",\"target\":[\"https:\/\/goldenclubcabanas.com\/fr\/appartements-vacances-algarve\/\"]}]},{\"@type\":\"ImageObject\",\"inLanguage\":\"fr-FR\",\"@id\":\"https:\/\/goldenclubcabanas.com\/fr\/appartements-vacances-algarve\/#primaryimage\",\"url\":\"https:\/\/goldenclubcabanas.com\/wp-content\/uploads\/2025\/07\/apartamentos-sunrise.jpg\",\"contentUrl\":\"https:\/\/goldenclubcabanas.com\/wp-content\/uploads\/2025\/07\/apartamentos-sunrise.jpg\"},{\"@type\":\"BreadcrumbList\",\"@id\":\"https:\/\/goldenclubcabanas.com\/fr\/appartements-vacances-algarve\/#breadcrumb\",\"itemListElement\":[{\"@type\":\"ListItem\",\"position\":1,\"name\":\"In\u00edcio\",\"item\":\"https:\/\/goldenclubcabanas.com\/fr\/\"},{\"@type\":\"ListItem\",\"position\":2,\"name\":\"Appartements de vacances\"}]},{\"@type\":\"WebSite\",\"@id\":\"https:\/\/goldenclubcabanas.com\/en\/#website\",\"url\":\"https:\/\/goldenclubcabanas.com\/en\/\",\"name\":\"Golden Club Cabanas\",\"description\":\"\",\"potentialAction\":[{\"@type\":\"SearchAction\",\"target\":{\"@type\":\"EntryPoint\",\"urlTemplate\":\"https:\/\/goldenclubcabanas.com\/en\/?s={search_term_string}\"},\"query-input\":{\"@type\":\"PropertyValueSpecification\",\"valueRequired\":true,\"valueName\":\"search_term_string\"}}],\"inLanguage\":\"fr-FR\"}]}<\/script>\n<!-- \/ Yoast SEO Premium plugin. -->","yoast_head_json":{"title":"Appartements de vacances en Algarve - Golden Club Cabanas","description":"Appartements de vacances en Algarve, tout inclus, avec un grand espace pour les activit\u00e9s de plein air et animation.","robots":{"index":"index","follow":"follow","max-snippet":"max-snippet:-1","max-image-preview":"max-image-preview:large","max-video-preview":"max-video-preview:-1"},"canonical":"https:\/\/goldenclubcabanas.com\/fr\/appartements-vacances-algarve\/","og_locale":"fr_FR","og_type":"article","og_title":"Appartements de vacances","og_description":"Appartements de vacances en Algarve, tout inclus, avec un grand espace pour les activit\u00e9s de plein air et animation.","og_url":"https:\/\/goldenclubcabanas.com\/fr\/appartements-vacances-algarve\/","og_site_name":"Golden Club Cabanas Aparthotel Algarve, Portugal","article_modified_time":"2025-10-14T14:34:15+00:00","og_image":[{"width":900,"height":747,"url":"https:\/\/goldenclubcabanas.com\/wp-content\/uploads\/2025\/07\/apartamentos-sunrise.jpg","type":"image\/jpeg"}],"twitter_card":"summary_large_image","twitter_misc":{"Dur\u00e9e de lecture estim\u00e9e":"3 minutes"},"schema":{"@context":"https:\/\/schema.org","@graph":[{"@type":"WebPage","@id":"https:\/\/goldenclubcabanas.com\/fr\/appartements-vacances-algarve\/","url":"https:\/\/goldenclubcabanas.com\/fr\/appartements-vacances-algarve\/","name":"Appartements de vacances en Algarve - Golden Club Cabanas","isPartOf":{"@id":"https:\/\/goldenclubcabanas.com\/en\/#website"},"primaryImageOfPage":{"@id":"https:\/\/goldenclubcabanas.com\/fr\/appartements-vacances-algarve\/#primaryimage"},"image":{"@id":"https:\/\/goldenclubcabanas.com\/fr\/appartements-vacances-algarve\/#primaryimage"},"thumbnailUrl":"https:\/\/goldenclubcabanas.com\/wp-content\/uploads\/2025\/07\/apartamentos-sunrise.jpg","datePublished":"2025-05-04T06:32:33+00:00","dateModified":"2025-10-14T14:34:15+00:00","description":"Appartements de vacances en Algarve, tout inclus, avec un grand espace pour les activit\u00e9s de plein air et animation.","breadcrumb":{"@id":"https:\/\/goldenclubcabanas.com\/fr\/appartements-vacances-algarve\/#breadcrumb"},"inLanguage":"fr-FR","potentialAction":[{"@type":"ReadAction","target":["https:\/\/goldenclubcabanas.com\/fr\/appartements-vacances-algarve\/"]}]},{"@type":"ImageObject","inLanguage":"fr-FR","@id":"https:\/\/goldenclubcabanas.com\/fr\/appartements-vacances-algarve\/#primaryimage","url":"https:\/\/goldenclubcabanas.com\/wp-content\/uploads\/2025\/07\/apartamentos-sunrise.jpg","contentUrl":"https:\/\/goldenclubcabanas.com\/wp-content\/uploads\/2025\/07\/apartamentos-sunrise.jpg"},{"@type":"BreadcrumbList","@id":"https:\/\/goldenclubcabanas.com\/fr\/appartements-vacances-algarve\/#breadcrumb","itemListElement":[{"@type":"ListItem","position":1,"name":"In\u00edcio","item":"https:\/\/goldenclubcabanas.com\/fr\/"},{"@type":"ListItem","position":2,"name":"Appartements de vacances"}]},{"@type":"WebSite","@id":"https:\/\/goldenclubcabanas.com\/en\/#website","url":"https:\/\/goldenclubcabanas.com\/en\/","name":"Golden Club Cabanas","description":"","potentialAction":[{"@type":"SearchAction","target":{"@type":"EntryPoint","urlTemplate":"https:\/\/goldenclubcabanas.com\/en\/?s={search_term_string}"},"query-input":{"@type":"PropertyValueSpecification","valueRequired":true,"valueName":"search_term_string"}}],"inLanguage":"fr-FR"}]}},"_links":{"self":[{"href":"https:\/\/goldenclubcabanas.com\/fr\/wp-json\/wp\/v2\/pages\/4523","targetHints":{"allow":["GET"]}}],"collection":[{"href":"https:\/\/goldenclubcabanas.com\/fr\/wp-json\/wp\/v2\/pages"}],"about":[{"href":"https:\/\/goldenclubcabanas.com\/fr\/wp-json\/wp\/v2\/types\/page"}],"author":[{"embeddable":true,"href":"https:\/\/goldenclubcabanas.com\/fr\/wp-json\/wp\/v2\/users\/2"}],"replies":[{"embeddable":true,"href":"https:\/\/goldenclubcabanas.com\/fr\/wp-json\/wp\/v2\/comments?post=4523"}],"version-history":[{"count":6,"href":"https:\/\/goldenclubcabanas.com\/fr\/wp-json\/wp\/v2\/pages\/4523\/revisions"}],"predecessor-version":[{"id":6857,"href":"https:\/\/goldenclubcabanas.com\/fr\/wp-json\/wp\/v2\/pages\/4523\/revisions\/6857"}],"wp:attachment":[{"href":"https:\/\/goldenclubcabanas.com\/fr\/wp-json\/wp\/v2\/media?parent=4523"}],"curies":[{"name":"wp","href":"https:\/\/api.w.org\/{rel}","templated":true}]}}