{"id":4530,"date":"2025-05-02T09:43:29","date_gmt":"2025-05-02T09:43:29","guid":{"rendered":"https:\/\/goldenclubcabanas.com\/kids-club\/"},"modified":"2026-03-19T16:31:22","modified_gmt":"2026-03-19T16:31:22","slug":"kids-club","status":"publish","type":"page","link":"https:\/\/goldenclubcabanas.com\/fr\/resort-algarve-tout-inclus\/kids-club\/","title":{"rendered":"Kids Club"},"content":{"rendered":"\n<div class=\"dng-hero-section gb-element-46afd053\">\n<div class=\"dng-content-section gb-element-399894b7\">\n<h1 class=\"gb-text lg-font gb-text-092fc453\" data-aos=\"fade-up\" data-aos-anchor-placement=\"top-bottom\" data-aos-duration=\"1500\">Kids Club<\/h1>\n\n\n\n<p class=\"gb-text gb-text-ef0676c9 body1\" data-aos-anchor-placement=\"top-bottom\" data-aos=\"fade-up\" data-aos-duration=\"2000\">Profitez d\u2019un h\u00f4tel avec des animations pour enfants, o\u00f9 les enfants vivent des aventures au Kids Club avec des activit\u00e9s cr\u00e9atives et beaucoup de plaisir.<\/p>\n<\/div>\n<\/div>\n\n\n\n<div class=\"dng-section-space\">\n<div class=\"dng-content-section no-overflow\">\n<h2 class=\"gb-text dng-mb-20 gb-text-9008e9b4 title1\" data-aos=\"fade-up\" data-aos-duration=\"1400\" data-aos-anchor-placement=\"center-bottom\">Animation pour enfants &#8211; l\u00e0 o\u00f9 le plaisir commence<\/h2>\n\n\n\n<p class=\"gb-text dng-mb-40 gb-text-d7b8a268 body2\" data-aos=\"fade-up\" data-aos-duration=\"1600\" data-aos-anchor-placement=\"center-bottom\">Golden Club Cabanas est l\u2019h\u00f4tel id\u00e9al avec Kids Club pour des vacances en famille pleines de joie&nbsp;! Ici, les enfants peuvent rejoindre Leo, notre sympathique cam\u00e9l\u00e9on de Ria Formosa, et se lancer dans une aventure amusante tous les jours. Nous avons un programme hebdomadaire rempli d\u2019activit\u00e9s cr\u00e9atives telles que la danse, la cuisine, le th\u00e9\u00e2tre, les arts et bien plus encore. De plus, les espaces pour jouer ne manquent pas : trampoline, gonflable, balan\u00e7oire, pyramide de corde et une salle int\u00e9rieure enti\u00e8rement \u00e9quip\u00e9e pour des moments inoubliables.<\/p>\n\n\n\n<div class=\"dng-gap-24 gb-element-52e48081\">\n<div class=\"dng-col-3\">\n<figure class=\"wp-block-image size-full\"><img loading=\"lazy\" decoding=\"async\" width=\"726\" height=\"768\" src=\"https:\/\/goldenclubcabanas.com\/wp-content\/uploads\/2025\/10\/kids-club-galeria-inicial-1.webp\" alt=\"\" class=\"wp-image-6023\" srcset=\"https:\/\/goldenclubcabanas.com\/wp-content\/uploads\/2025\/10\/kids-club-galeria-inicial-1.webp 726w, https:\/\/goldenclubcabanas.com\/wp-content\/uploads\/2025\/10\/kids-club-galeria-inicial-1-284x300.webp 284w\" sizes=\"auto, (max-width: 726px) 100vw, 726px\" \/><\/figure>\n<\/div>\n\n\n\n<div class=\"dng-col-3\">\n<figure class=\"wp-block-image size-full\"><img loading=\"lazy\" decoding=\"async\" width=\"726\" height=\"768\" src=\"https:\/\/goldenclubcabanas.com\/wp-content\/uploads\/2025\/10\/kids-club-galeria-inicial-2.webp\" alt=\"\" class=\"wp-image-6027\" srcset=\"https:\/\/goldenclubcabanas.com\/wp-content\/uploads\/2025\/10\/kids-club-galeria-inicial-2.webp 726w, https:\/\/goldenclubcabanas.com\/wp-content\/uploads\/2025\/10\/kids-club-galeria-inicial-2-284x300.webp 284w\" sizes=\"auto, (max-width: 726px) 100vw, 726px\" \/><\/figure>\n<\/div>\n\n\n\n<div class=\"dng-col-3\">\n<figure class=\"wp-block-image size-full\"><img loading=\"lazy\" decoding=\"async\" width=\"726\" height=\"768\" src=\"https:\/\/goldenclubcabanas.com\/wp-content\/uploads\/2025\/10\/kids-club-galeria-inicial-3.webp\" alt=\"\" class=\"wp-image-6031\" srcset=\"https:\/\/goldenclubcabanas.com\/wp-content\/uploads\/2025\/10\/kids-club-galeria-inicial-3.webp 726w, https:\/\/goldenclubcabanas.com\/wp-content\/uploads\/2025\/10\/kids-club-galeria-inicial-3-284x300.webp 284w\" sizes=\"auto, (max-width: 726px) 100vw, 726px\" \/><\/figure>\n<\/div>\n<\/div>\n<\/div>\n<\/div>\n\n\n\n<div class=\"gb-element-9c6b1a8d\">\n<div class=\"dng-content-section\">\n<div class=\"gb-element-921b6d95\">\n<h2 class=\"gb-text gb-text-b211fb4a title1\" data-aos=\"fade-up\" data-aos-duration=\"2000\" data-aos-anchor-placement=\"center-bottom\">Activit\u00e9s pour les enfants dans un environnement s\u00fbr<\/h2>\n\n\n\n<p class=\"gb-text gb-text-841a452e body2\" data-aos=\"fade-up\" data-aos-duration=\"2000\" data-aos-anchor-placement=\"center-bottom\">Notre Kids Club accueille les enfants de 3 \u00e0 12 ans dans un environnement ludique, s\u00fbr et chaleureux, avec des horaires adapt\u00e9s \u00e0 la saison. De d\u00e9cembre \u00e0 avril, il est ouvert du mercredi au dimanche, tandis que de mai \u00e0 octobre, il est ouvert tous les jours. Encadr\u00e9 par une \u00e9quipe professionnelle, le Kids Club propose des exp\u00e9riences m\u00e9morables en portugais, en espagnol et en anglais. Les horaires peuvent \u00eatre modifi\u00e9s sans pr\u00e9avis.<br>Note : Les enfants de moins de 3 ans doivent \u00eatre accompagn\u00e9s d\u2019un parent en permanence. Les enfants de 3 ans doivent \u00eatre propres pour pouvoir participer aux activit\u00e9s sous la supervision des animateurs.<\/p>\n<\/div>\n<\/div>\n<\/div>\n\n\n\r\n<div id=\"dng-c-images-slider-block_e323b7644b5d3fb143b4832ff11753f4\" class=\"dng-c-images-slider gcc-section-space\">\r\n                <div class=\"dngImages_slider _leftOffset owl-carousel owl-theme\">\r\n                            <div class=\"dngImages_slider-item\">\r\n                    <img loading=\"lazy\" decoding=\"async\" width=\"363\" height=\"384\" src=\"https:\/\/goldenclubcabanas.com\/wp-content\/uploads\/2025\/05\/kids-club-galeria-1.jpg\" class=\"attachment-full size-full\" alt=\"\" srcset=\"https:\/\/goldenclubcabanas.com\/wp-content\/uploads\/2025\/05\/kids-club-galeria-1.jpg 363w, https:\/\/goldenclubcabanas.com\/wp-content\/uploads\/2025\/05\/kids-club-galeria-1-284x300.jpg 284w\" sizes=\"auto, (max-width: 363px) 100vw, 363px\" \/>                <\/div>\r\n                            <div class=\"dngImages_slider-item\">\r\n                    <img loading=\"lazy\" decoding=\"async\" width=\"363\" height=\"384\" src=\"https:\/\/goldenclubcabanas.com\/wp-content\/uploads\/2025\/05\/kids-club-galeria-2.jpg\" class=\"attachment-full size-full\" alt=\"\" srcset=\"https:\/\/goldenclubcabanas.com\/wp-content\/uploads\/2025\/05\/kids-club-galeria-2.jpg 363w, https:\/\/goldenclubcabanas.com\/wp-content\/uploads\/2025\/05\/kids-club-galeria-2-284x300.jpg 284w\" sizes=\"auto, (max-width: 363px) 100vw, 363px\" \/>                <\/div>\r\n                            <div class=\"dngImages_slider-item\">\r\n                    <img loading=\"lazy\" decoding=\"async\" width=\"363\" height=\"384\" src=\"https:\/\/goldenclubcabanas.com\/wp-content\/uploads\/2025\/05\/kids-club-galeria-3.jpg\" class=\"attachment-full size-full\" alt=\"\" srcset=\"https:\/\/goldenclubcabanas.com\/wp-content\/uploads\/2025\/05\/kids-club-galeria-3.jpg 363w, https:\/\/goldenclubcabanas.com\/wp-content\/uploads\/2025\/05\/kids-club-galeria-3-284x300.jpg 284w\" sizes=\"auto, (max-width: 363px) 100vw, 363px\" \/>                <\/div>\r\n                            <div class=\"dngImages_slider-item\">\r\n                    <img loading=\"lazy\" decoding=\"async\" width=\"363\" height=\"384\" src=\"https:\/\/goldenclubcabanas.com\/wp-content\/uploads\/2025\/05\/kids-club-galeria-4.jpg\" class=\"attachment-full size-full\" alt=\"\" srcset=\"https:\/\/goldenclubcabanas.com\/wp-content\/uploads\/2025\/05\/kids-club-galeria-4.jpg 363w, https:\/\/goldenclubcabanas.com\/wp-content\/uploads\/2025\/05\/kids-club-galeria-4-284x300.jpg 284w\" sizes=\"auto, (max-width: 363px) 100vw, 363px\" \/>                <\/div>\r\n                    <\/div>\r\n    <\/div>\n\n\n<div class=\"no-overflow\">\n<figure class=\"wp-block-image size-large dng-img dng-img-full\"><img loading=\"lazy\" decoding=\"async\" width=\"1024\" height=\"329\" src=\"https:\/\/goldenclubcabanas.com\/wp-content\/uploads\/2025\/08\/kids-club-separador-1024x329.jpg\" alt=\"\" class=\"wp-image-4234\" style=\"object-fit:cover\" srcset=\"https:\/\/goldenclubcabanas.com\/wp-content\/uploads\/2025\/08\/kids-club-separador-1024x329.jpg 1024w, https:\/\/goldenclubcabanas.com\/wp-content\/uploads\/2025\/08\/kids-club-separador-300x96.jpg 300w, https:\/\/goldenclubcabanas.com\/wp-content\/uploads\/2025\/08\/kids-club-separador-768x247.jpg 768w, https:\/\/goldenclubcabanas.com\/wp-content\/uploads\/2025\/08\/kids-club-separador-1536x494.jpg 1536w, https:\/\/goldenclubcabanas.com\/wp-content\/uploads\/2025\/08\/kids-club-separador-2048x658.jpg 2048w\" sizes=\"auto, (max-width: 1024px) 100vw, 1024px\" \/><\/figure>\n<\/div>\n\n\n\n<div class=\"dng-section-space gb-element-eab2b1b9 _rightOffset\">\n<div class=\"gb-element-1dc59586\">\n<div class=\"max-730 gb-element-c02673e3\">\n<div class=\"gb-element-0446e00a\">\n<div class=\"no-overflow gb-element-428ddfb8\">\n<figure class=\"wp-block-image size-full dng-img dng-img-546\"><img loading=\"lazy\" decoding=\"async\" width=\"1059\" height=\"1638\" src=\"https:\/\/goldenclubcabanas.com\/wp-content\/uploads\/2025\/08\/kids-club-leo-new.jpg\" alt=\"\" class=\"wp-image-4243\" srcset=\"https:\/\/goldenclubcabanas.com\/wp-content\/uploads\/2025\/08\/kids-club-leo-new.jpg 1059w, https:\/\/goldenclubcabanas.com\/wp-content\/uploads\/2025\/08\/kids-club-leo-new-194x300.jpg 194w, https:\/\/goldenclubcabanas.com\/wp-content\/uploads\/2025\/08\/kids-club-leo-new-662x1024.jpg 662w, https:\/\/goldenclubcabanas.com\/wp-content\/uploads\/2025\/08\/kids-club-leo-new-768x1188.jpg 768w, https:\/\/goldenclubcabanas.com\/wp-content\/uploads\/2025\/08\/kids-club-leo-new-993x1536.jpg 993w\" sizes=\"auto, (max-width: 1059px) 100vw, 1059px\" \/><\/figure>\n<\/div>\n\n\n\n<div class=\"gb-element-1486fc50\">\n<figure class=\"wp-block-image size-full dng-img dng-img-546\"><img loading=\"lazy\" decoding=\"async\" width=\"662\" height=\"1024\" src=\"https:\/\/goldenclubcabanas.com\/wp-content\/uploads\/2025\/10\/leo-2.webp\" alt=\"\" class=\"wp-image-6018\" srcset=\"https:\/\/goldenclubcabanas.com\/wp-content\/uploads\/2025\/10\/leo-2.webp 662w, https:\/\/goldenclubcabanas.com\/wp-content\/uploads\/2025\/10\/leo-2-194x300.webp 194w\" sizes=\"auto, (max-width: 662px) 100vw, 662px\" \/><\/figure>\n<\/div>\n<\/div>\n<\/div>\n\n\n\n<div class=\"no-overflow gb-element-8cc29fdb\">\n<h2 class=\"gb-text gb-text-8ad52138 title1\" data-aos=\"fade-up\" data-aos-delay=\"200\" data-aos-duration=\"800\" data-aos-anchor-placement=\"bottom-bottom\">Aventure avec Leo, la mascotte du Golden Club Cabanas<\/h2>\n\n\n\n<p class=\"gb-text gb-text-971ce492 body2\" data-aos=\"fade-up\" data-aos-duration=\"900\" data-aos-delay=\"300\" data-aos-anchor-placement=\"bottom-bottom\">Bonjour! Je suis Leo, la mascotte du Golden Club Cabanas ! <br>J\u2019adore me faire de nouveaux amis et montrer \u00e0 tout le monde l\u2019endroit incroyable o\u00f9 je vis : la Ria Formosa ! Comme je suis un cam\u00e9l\u00e9on tr\u00e8s espi\u00e8gle, je pr\u00e9pare toujours de nouveaux jeux et aventures. Venez visiter ma Maison des Enfants, o\u00f9 le plaisir est garanti et n\u2019a pas de fin&nbsp;! Vos vacances seront inoubliables, avec beaucoup de rires et de nouvelles d\u00e9couvertes.<br>Des vacances amusantes ? C\u2019est avec Leo, le cam\u00e9l\u00e9on !    <\/p>\n<\/div>\n<\/div>\n<\/div>\n\n\n\n<div class=\"gb-element-64411031\">\n<div class=\"dng-content-section no-overflow gb-element-da6fec9e\">\n<div class=\"gb-element-495743a8\">\n<div class=\"gb-element-8163cea4\">\n<div class=\"dng-img dng-img-500\">\n<img loading=\"lazy\" decoding=\"async\" width=\"747\" height=\"389\" class=\"gb-media-34982411\" src=\"https:\/\/goldenclubcabanas.com\/wp-content\/uploads\/2025\/05\/kids-club-festas-aniversario.jpg\" title=\"nota_img\" data-aos=\"zoom-in\" srcset=\"https:\/\/goldenclubcabanas.com\/wp-content\/uploads\/2025\/05\/kids-club-festas-aniversario.jpg 747w, https:\/\/goldenclubcabanas.com\/wp-content\/uploads\/2025\/05\/kids-club-festas-aniversario-300x156.jpg 300w\" sizes=\"auto, (max-width: 747px) 100vw, 747px\" \/>\n<\/div>\n<\/div>\n\n\n\n<div class=\"gb-element-2d9fae42\">\n<h3 class=\"gb-text gb-text-9b3f823a\">F\u00eates d\u2019anniversaire au Kids Club<\/h3>\n\n\n\n<p class=\"gb-text body2\">Si vous cherchez un endroit pour organiser des f\u00eates d\u2019anniversaire \u00e0 Tavira, le club pour enfants du Golden Club Cabanas est l\u2019endroit id\u00e9al. Nous avons une \u00e9quipe d\u2019animateurs exp\u00e9riment\u00e9s pr\u00eats \u00e0 r\u00e9aliser les r\u00eaves des plus jeunes. <\/p>\n\n\n\n<a class=\"dng-gpc-btn gb-text-0a553eaf button-text btn-gold-outline dng-button\" href=\"https:\/\/goldenclubcabanas.com\/pt-pt\/festas-aniversario-tavira\/\"><span class=\"gb-text\">Contactez-nous<\/span><span class=\"gb-shape\"><svg xmlns=\"http:\/\/www.w3.org\/2000\/svg\" width=\"50\" height=\"25\" viewBox=\"0 0 24 25\" fill=\"none\">\n<path d=\"M23.542 11.392L18.825 6.67505L18.118 7.38205L22.736 12H0V13H22.734L18.117 17.617L18.824 18.324L23.542 13.606C24.152 12.996 24.152 12.002 23.542 11.392Z\" fill=\"#1E1E1E\"><\/path>\n<\/svg>\n<\/span><\/a>\n<\/div>\n<\/div>\n<\/div>\n<\/div>\n","protected":false},"excerpt":{"rendered":"<p>Kids Club Profitez d\u2019un h\u00f4tel avec des animations pour enfants, o\u00f9 les enfants vivent des aventures au Kids Club avec des activit\u00e9s cr\u00e9atives et beaucoup de plaisir. Animation pour enfants &#8211; l\u00e0 o\u00f9 le plaisir commence Golden Club Cabanas est l\u2019h\u00f4tel id\u00e9al avec Kids Club pour des vacances en famille pleines de joie&nbsp;! Ici, les &#8230; <a title=\"Kids Club\" class=\"read-more\" href=\"https:\/\/goldenclubcabanas.com\/fr\/resort-algarve-tout-inclus\/kids-club\/\" aria-label=\"En savoir plus sur Kids Club\">Lire plus<\/a><\/p>\n","protected":false},"author":2,"featured_media":0,"parent":4542,"menu_order":80,"comment_status":"closed","ping_status":"closed","template":"","meta":{"_acf_changed":false,"footnotes":""},"class_list":["post-4530","page","type-page","status-publish"],"acf":[],"yoast_head":"<!-- This site is optimized with the Yoast SEO Premium plugin v25.9 (Yoast SEO v25.9) - https:\/\/yoast.com\/wordpress\/plugins\/seo\/ -->\n<title>Kids Club - Activit\u00e9s pour les enfants en Algarve<\/title>\n<meta name=\"description\" content=\"Le paradis des petits ! Notre Kids Club propose des activit\u00e9s pour les enfants de l\u2019Algarve, des jeux et du plaisir pour qu\u2019ils passent des vacances inoubliables.\" \/>\n<meta name=\"robots\" content=\"index, follow, max-snippet:-1, max-image-preview:large, max-video-preview:-1\" \/>\n<link rel=\"canonical\" href=\"https:\/\/goldenclubcabanas.com\/fr\/resort-algarve-tout-inclus\/kids-club\/\" \/>\n<meta property=\"og:locale\" content=\"fr_FR\" \/>\n<meta property=\"og:type\" content=\"article\" \/>\n<meta property=\"og:title\" content=\"Kids Club\" \/>\n<meta property=\"og:description\" content=\"Le paradis des petits ! Notre Kids Club propose des activit\u00e9s pour les enfants de l\u2019Algarve, des jeux et du plaisir pour qu\u2019ils passent des vacances inoubliables.\" \/>\n<meta property=\"og:url\" content=\"https:\/\/goldenclubcabanas.com\/fr\/resort-algarve-tout-inclus\/kids-club\/\" \/>\n<meta property=\"og:site_name\" content=\"Golden Club Cabanas Aparthotel Algarve, Portugal\" \/>\n<meta property=\"article:modified_time\" content=\"2026-03-19T16:31:22+00:00\" \/>\n<meta property=\"og:image\" content=\"https:\/\/goldenclubcabanas.com\/wp-content\/uploads\/2025\/10\/kids-club-galeria-inicial-1.webp\" \/>\n\t<meta property=\"og:image:width\" content=\"726\" \/>\n\t<meta property=\"og:image:height\" content=\"768\" \/>\n\t<meta property=\"og:image:type\" content=\"image\/webp\" \/>\n<meta name=\"twitter:card\" content=\"summary_large_image\" \/>\n<meta name=\"twitter:label1\" content=\"Dur\u00e9e de lecture estim\u00e9e\" \/>\n\t<meta name=\"twitter:data1\" content=\"4 minutes\" \/>\n<script type=\"application\/ld+json\" class=\"yoast-schema-graph\">{\"@context\":\"https:\/\/schema.org\",\"@graph\":[{\"@type\":\"WebPage\",\"@id\":\"https:\/\/goldenclubcabanas.com\/fr\/resort-algarve-tout-inclus\/kids-club\/\",\"url\":\"https:\/\/goldenclubcabanas.com\/fr\/resort-algarve-tout-inclus\/kids-club\/\",\"name\":\"Kids Club - Activit\u00e9s pour les enfants en Algarve\",\"isPartOf\":{\"@id\":\"https:\/\/goldenclubcabanas.com\/en\/#website\"},\"primaryImageOfPage\":{\"@id\":\"https:\/\/goldenclubcabanas.com\/fr\/resort-algarve-tout-inclus\/kids-club\/#primaryimage\"},\"image\":{\"@id\":\"https:\/\/goldenclubcabanas.com\/fr\/resort-algarve-tout-inclus\/kids-club\/#primaryimage\"},\"thumbnailUrl\":\"https:\/\/goldenclubcabanas.com\/wp-content\/uploads\/2025\/10\/kids-club-galeria-inicial-1.webp\",\"datePublished\":\"2025-05-02T09:43:29+00:00\",\"dateModified\":\"2026-03-19T16:31:22+00:00\",\"description\":\"Le paradis des petits ! Notre Kids Club propose des activit\u00e9s pour les enfants de l\u2019Algarve, des jeux et du plaisir pour qu\u2019ils passent des vacances inoubliables.\",\"breadcrumb\":{\"@id\":\"https:\/\/goldenclubcabanas.com\/fr\/resort-algarve-tout-inclus\/kids-club\/#breadcrumb\"},\"inLanguage\":\"fr-FR\",\"potentialAction\":[{\"@type\":\"ReadAction\",\"target\":[\"https:\/\/goldenclubcabanas.com\/fr\/resort-algarve-tout-inclus\/kids-club\/\"]}]},{\"@type\":\"ImageObject\",\"inLanguage\":\"fr-FR\",\"@id\":\"https:\/\/goldenclubcabanas.com\/fr\/resort-algarve-tout-inclus\/kids-club\/#primaryimage\",\"url\":\"https:\/\/goldenclubcabanas.com\/wp-content\/uploads\/2025\/10\/kids-club-galeria-inicial-1.webp\",\"contentUrl\":\"https:\/\/goldenclubcabanas.com\/wp-content\/uploads\/2025\/10\/kids-club-galeria-inicial-1.webp\"},{\"@type\":\"BreadcrumbList\",\"@id\":\"https:\/\/goldenclubcabanas.com\/fr\/resort-algarve-tout-inclus\/kids-club\/#breadcrumb\",\"itemListElement\":[{\"@type\":\"ListItem\",\"position\":1,\"name\":\"In\u00edcio\",\"item\":\"https:\/\/goldenclubcabanas.com\/fr\/\"},{\"@type\":\"ListItem\",\"position\":2,\"name\":\"Resort\",\"item\":\"https:\/\/goldenclubcabanas.com\/fr\/resort-algarve-tout-inclus\/\"},{\"@type\":\"ListItem\",\"position\":3,\"name\":\"Kids Club\"}]},{\"@type\":\"WebSite\",\"@id\":\"https:\/\/goldenclubcabanas.com\/en\/#website\",\"url\":\"https:\/\/goldenclubcabanas.com\/en\/\",\"name\":\"Golden Club Cabanas\",\"description\":\"\",\"potentialAction\":[{\"@type\":\"SearchAction\",\"target\":{\"@type\":\"EntryPoint\",\"urlTemplate\":\"https:\/\/goldenclubcabanas.com\/en\/?s={search_term_string}\"},\"query-input\":{\"@type\":\"PropertyValueSpecification\",\"valueRequired\":true,\"valueName\":\"search_term_string\"}}],\"inLanguage\":\"fr-FR\"}]}<\/script>\n<!-- \/ Yoast SEO Premium plugin. -->","yoast_head_json":{"title":"Kids Club - Activit\u00e9s pour les enfants en Algarve","description":"Le paradis des petits ! Notre Kids Club propose des activit\u00e9s pour les enfants de l\u2019Algarve, des jeux et du plaisir pour qu\u2019ils passent des vacances inoubliables.","robots":{"index":"index","follow":"follow","max-snippet":"max-snippet:-1","max-image-preview":"max-image-preview:large","max-video-preview":"max-video-preview:-1"},"canonical":"https:\/\/goldenclubcabanas.com\/fr\/resort-algarve-tout-inclus\/kids-club\/","og_locale":"fr_FR","og_type":"article","og_title":"Kids Club","og_description":"Le paradis des petits ! Notre Kids Club propose des activit\u00e9s pour les enfants de l\u2019Algarve, des jeux et du plaisir pour qu\u2019ils passent des vacances inoubliables.","og_url":"https:\/\/goldenclubcabanas.com\/fr\/resort-algarve-tout-inclus\/kids-club\/","og_site_name":"Golden Club Cabanas Aparthotel Algarve, Portugal","article_modified_time":"2026-03-19T16:31:22+00:00","og_image":[{"width":726,"height":768,"url":"https:\/\/goldenclubcabanas.com\/wp-content\/uploads\/2025\/10\/kids-club-galeria-inicial-1.webp","type":"image\/webp"}],"twitter_card":"summary_large_image","twitter_misc":{"Dur\u00e9e de lecture estim\u00e9e":"4 minutes"},"schema":{"@context":"https:\/\/schema.org","@graph":[{"@type":"WebPage","@id":"https:\/\/goldenclubcabanas.com\/fr\/resort-algarve-tout-inclus\/kids-club\/","url":"https:\/\/goldenclubcabanas.com\/fr\/resort-algarve-tout-inclus\/kids-club\/","name":"Kids Club - Activit\u00e9s pour les enfants en Algarve","isPartOf":{"@id":"https:\/\/goldenclubcabanas.com\/en\/#website"},"primaryImageOfPage":{"@id":"https:\/\/goldenclubcabanas.com\/fr\/resort-algarve-tout-inclus\/kids-club\/#primaryimage"},"image":{"@id":"https:\/\/goldenclubcabanas.com\/fr\/resort-algarve-tout-inclus\/kids-club\/#primaryimage"},"thumbnailUrl":"https:\/\/goldenclubcabanas.com\/wp-content\/uploads\/2025\/10\/kids-club-galeria-inicial-1.webp","datePublished":"2025-05-02T09:43:29+00:00","dateModified":"2026-03-19T16:31:22+00:00","description":"Le paradis des petits ! Notre Kids Club propose des activit\u00e9s pour les enfants de l\u2019Algarve, des jeux et du plaisir pour qu\u2019ils passent des vacances inoubliables.","breadcrumb":{"@id":"https:\/\/goldenclubcabanas.com\/fr\/resort-algarve-tout-inclus\/kids-club\/#breadcrumb"},"inLanguage":"fr-FR","potentialAction":[{"@type":"ReadAction","target":["https:\/\/goldenclubcabanas.com\/fr\/resort-algarve-tout-inclus\/kids-club\/"]}]},{"@type":"ImageObject","inLanguage":"fr-FR","@id":"https:\/\/goldenclubcabanas.com\/fr\/resort-algarve-tout-inclus\/kids-club\/#primaryimage","url":"https:\/\/goldenclubcabanas.com\/wp-content\/uploads\/2025\/10\/kids-club-galeria-inicial-1.webp","contentUrl":"https:\/\/goldenclubcabanas.com\/wp-content\/uploads\/2025\/10\/kids-club-galeria-inicial-1.webp"},{"@type":"BreadcrumbList","@id":"https:\/\/goldenclubcabanas.com\/fr\/resort-algarve-tout-inclus\/kids-club\/#breadcrumb","itemListElement":[{"@type":"ListItem","position":1,"name":"In\u00edcio","item":"https:\/\/goldenclubcabanas.com\/fr\/"},{"@type":"ListItem","position":2,"name":"Resort","item":"https:\/\/goldenclubcabanas.com\/fr\/resort-algarve-tout-inclus\/"},{"@type":"ListItem","position":3,"name":"Kids Club"}]},{"@type":"WebSite","@id":"https:\/\/goldenclubcabanas.com\/en\/#website","url":"https:\/\/goldenclubcabanas.com\/en\/","name":"Golden Club Cabanas","description":"","potentialAction":[{"@type":"SearchAction","target":{"@type":"EntryPoint","urlTemplate":"https:\/\/goldenclubcabanas.com\/en\/?s={search_term_string}"},"query-input":{"@type":"PropertyValueSpecification","valueRequired":true,"valueName":"search_term_string"}}],"inLanguage":"fr-FR"}]}},"_links":{"self":[{"href":"https:\/\/goldenclubcabanas.com\/fr\/wp-json\/wp\/v2\/pages\/4530","targetHints":{"allow":["GET"]}}],"collection":[{"href":"https:\/\/goldenclubcabanas.com\/fr\/wp-json\/wp\/v2\/pages"}],"about":[{"href":"https:\/\/goldenclubcabanas.com\/fr\/wp-json\/wp\/v2\/types\/page"}],"author":[{"embeddable":true,"href":"https:\/\/goldenclubcabanas.com\/fr\/wp-json\/wp\/v2\/users\/2"}],"replies":[{"embeddable":true,"href":"https:\/\/goldenclubcabanas.com\/fr\/wp-json\/wp\/v2\/comments?post=4530"}],"version-history":[{"count":13,"href":"https:\/\/goldenclubcabanas.com\/fr\/wp-json\/wp\/v2\/pages\/4530\/revisions"}],"predecessor-version":[{"id":7648,"href":"https:\/\/goldenclubcabanas.com\/fr\/wp-json\/wp\/v2\/pages\/4530\/revisions\/7648"}],"up":[{"embeddable":true,"href":"https:\/\/goldenclubcabanas.com\/fr\/wp-json\/wp\/v2\/pages\/4542"}],"wp:attachment":[{"href":"https:\/\/goldenclubcabanas.com\/fr\/wp-json\/wp\/v2\/media?parent=4530"}],"curies":[{"name":"wp","href":"https:\/\/api.w.org\/{rel}","templated":true}]}}