{"id":4539,"date":"2025-04-23T07:33:41","date_gmt":"2025-04-23T07:33:41","guid":{"rendered":"https:\/\/goldenclubcabanas.com\/praia\/"},"modified":"2025-10-14T13:05:10","modified_gmt":"2025-10-14T13:05:10","slug":"plage-cabanas-tavira","status":"publish","type":"page","link":"https:\/\/goldenclubcabanas.com\/fr\/resort-algarve-tout-inclus\/plage-cabanas-tavira\/","title":{"rendered":"Plage"},"content":{"rendered":"\n<div class=\"dng-hero-section gb-element-46afd053\">\n<div class=\"dng-content-section gb-element-399894b7\">\n<h1 class=\"gb-text lg-font gb-text-092fc453\" data-aos=\"fade-up\" data-aos-anchor-placement=\"top-bottom\" data-aos-duration=\"1500\">Plage de Cabanas de Tavira<\/h1>\n\n\n\n<p class=\"gb-text gb-text-ef0676c9 body1\" data-aos-anchor-placement=\"top-bottom\" data-aos=\"fade-up\" data-aos-duration=\"2000\">En face du Golden Club se trouve la plage de Cabanas de Tavira, situ\u00e9e sur une \u00eele paradisiaque presque d\u00e9serte.<\/p>\n<\/div>\n<\/div>\n\n\n\n<div class=\"dng-section-space\">\n<div class=\"dng-content-section no-overflow\">\n<h2 class=\"gb-text gb-text-4153cbdb title1\" data-aos=\"fade-up\" data-aos-duration=\"1000\" data-aos-anchor-placement=\"center-bottom\">Une \u00eele presque d\u00e9serte<\/h2>\n\n\n\n<p class=\"gb-text gb-text-64fc80d4 body2\" data-aos=\"fade-up\" data-aos-duration=\"1400\" data-aos-anchor-placement=\"center-bottom\">Profitez de moments de pure d\u00e9tente au soleil sur la plage de Cabanas de Tavira, o\u00f9 le sable dor\u00e9 et les eaux calmes et douces cr\u00e9ent le cadre id\u00e9al pour des vacances inoubliables. Avec une vaste plage de sable de 7 km, c\u2019est l\u2019endroit id\u00e9al pour de longues promenades, des bains rafra\u00eechissants, des moments de tranquillit\u00e9 ou simplement pour profiter du paysage environnant. <br><br>Lorsque la mar\u00e9e se retire, c\u2019est un vaste espace de divertissement o\u00f9 les enfants, les jeunes et les adultes peuvent courir, jouer au ballon, jouer avec des raquettes ou laisser libre cours \u00e0 leur imagination en construisant des ch\u00e2teaux de sable.<\/p>\n\n\n\n<div class=\"gb-element-2db18b47\" data-aos=\"fade-up\" data-aos-duration=\"1600\" data-aos-anchor-placement=\"center-bottom\">\n<figure class=\"wp-block-embed is-type-video is-provider-youtube wp-block-embed-youtube wp-embed-aspect-16-9 wp-has-aspect-ratio\"><div class=\"wp-block-embed__wrapper\">\n<iframe loading=\"lazy\" title=\"Golden Club Cabanas | Praia de Cabanas - Cabanas Beach\" width=\"1200\" height=\"675\" src=\"https:\/\/www.youtube.com\/embed\/7LlQhggGFrw?start=1&#038;feature=oembed\" frameborder=\"0\" allow=\"accelerometer; autoplay; clipboard-write; encrypted-media; gyroscope; picture-in-picture; web-share\" referrerpolicy=\"strict-origin-when-cross-origin\" allowfullscreen><\/iframe>\n<\/div><\/figure>\n\n\n\n<img decoding=\"async\" class=\"gb-media-4767d524\" src=\"https:\/\/goldenclubcabanas.com\/wp-content\/uploads\/2025\/03\/Group-3.svg\" title=\"Group 3\"\/>\n<\/div>\n<\/div>\n<\/div>\n\n\n\r\n<div id=\"dng-c-images-slider-block_c07fcb346baed6dd42d9895431cac7b4\" class=\"dng-c-images-slider gcc-section-space\">\r\n            <div class=\"dng-content-section\">\r\n            <div class=\"dng-imgSlider_content overflow-none\">\r\n                                    <h2 class=\"title1\" data-aos=\"fade-up\" data-aos-duration=\"2000\" data-aos-anchor-placement=\"center-bottom\">  Acc\u00e8s exclusif au bateau pour nos clients<\/h2>\r\n                                    <p class=\"body2\" data-aos=\"fade-up\" data-aos-duration=\"2200\" data-aos-anchor-placement=\"center-bottom\">Traversez l\u2019estuaire \u00e0 bord de l\u2019un de nos bateaux et continuez \u00e0 pied jusqu\u2019\u00e0 la plage de Cabanas de Tavira Poente, en profitant du paysage unique et de l\u2019observation des oiseaux de la Ria Formosa. Pour les amoureux de la nature et ceux qui recherchent la tranquillit\u00e9 loin de la foule, la plage de Cabanas de Tavira Poente est un v\u00e9ritable paradis &#8211; l\u2019une des meilleures plages pour se d\u00e9tendre en harmonie avec la nature.<\/p>\r\n                            <\/div>\r\n        <\/div>\r\n                <div class=\"dngImages_slider _leftOffset owl-carousel owl-theme\">\r\n                            <div class=\"dngImages_slider-item\">\r\n                    <img loading=\"lazy\" decoding=\"async\" width=\"712\" height=\"768\" src=\"https:\/\/goldenclubcabanas.com\/wp-content\/uploads\/2025\/10\/praia-galeria-3.webp\" class=\"attachment-full size-full\" alt=\"\" srcset=\"https:\/\/goldenclubcabanas.com\/wp-content\/uploads\/2025\/10\/praia-galeria-3.webp 712w, https:\/\/goldenclubcabanas.com\/wp-content\/uploads\/2025\/10\/praia-galeria-3-278x300.webp 278w\" sizes=\"auto, (max-width: 712px) 100vw, 712px\" \/>                <\/div>\r\n                            <div class=\"dngImages_slider-item\">\r\n                    <img loading=\"lazy\" decoding=\"async\" width=\"712\" height=\"768\" src=\"https:\/\/goldenclubcabanas.com\/wp-content\/uploads\/2025\/10\/praia-galeria-2.webp\" class=\"attachment-full size-full\" alt=\"\" srcset=\"https:\/\/goldenclubcabanas.com\/wp-content\/uploads\/2025\/10\/praia-galeria-2.webp 712w, https:\/\/goldenclubcabanas.com\/wp-content\/uploads\/2025\/10\/praia-galeria-2-278x300.webp 278w\" sizes=\"auto, (max-width: 712px) 100vw, 712px\" \/>                <\/div>\r\n                            <div class=\"dngImages_slider-item\">\r\n                    <img loading=\"lazy\" decoding=\"async\" width=\"712\" height=\"768\" src=\"https:\/\/goldenclubcabanas.com\/wp-content\/uploads\/2025\/10\/praia-galeria-4.webp\" class=\"attachment-full size-full\" alt=\"\" srcset=\"https:\/\/goldenclubcabanas.com\/wp-content\/uploads\/2025\/10\/praia-galeria-4.webp 712w, https:\/\/goldenclubcabanas.com\/wp-content\/uploads\/2025\/10\/praia-galeria-4-278x300.webp 278w\" sizes=\"auto, (max-width: 712px) 100vw, 712px\" \/>                <\/div>\r\n                            <div class=\"dngImages_slider-item\">\r\n                    <img loading=\"lazy\" decoding=\"async\" width=\"712\" height=\"768\" src=\"https:\/\/goldenclubcabanas.com\/wp-content\/uploads\/2025\/10\/praia-galeria-6.webp\" class=\"attachment-full size-full\" alt=\"\" srcset=\"https:\/\/goldenclubcabanas.com\/wp-content\/uploads\/2025\/10\/praia-galeria-6.webp 712w, https:\/\/goldenclubcabanas.com\/wp-content\/uploads\/2025\/10\/praia-galeria-6-278x300.webp 278w\" sizes=\"auto, (max-width: 712px) 100vw, 712px\" \/>                <\/div>\r\n                            <div class=\"dngImages_slider-item\">\r\n                    <img loading=\"lazy\" decoding=\"async\" width=\"712\" height=\"768\" src=\"https:\/\/goldenclubcabanas.com\/wp-content\/uploads\/2025\/10\/praia-galeria-5.webp\" class=\"attachment-full size-full\" alt=\"\" srcset=\"https:\/\/goldenclubcabanas.com\/wp-content\/uploads\/2025\/10\/praia-galeria-5.webp 712w, https:\/\/goldenclubcabanas.com\/wp-content\/uploads\/2025\/10\/praia-galeria-5-278x300.webp 278w\" sizes=\"auto, (max-width: 712px) 100vw, 712px\" \/>                <\/div>\r\n                            <div class=\"dngImages_slider-item\">\r\n                    <img loading=\"lazy\" decoding=\"async\" width=\"712\" height=\"768\" src=\"https:\/\/goldenclubcabanas.com\/wp-content\/uploads\/2025\/10\/praia-galeria-1.webp\" class=\"attachment-full size-full\" alt=\"\" srcset=\"https:\/\/goldenclubcabanas.com\/wp-content\/uploads\/2025\/10\/praia-galeria-1.webp 712w, https:\/\/goldenclubcabanas.com\/wp-content\/uploads\/2025\/10\/praia-galeria-1-278x300.webp 278w\" sizes=\"auto, (max-width: 712px) 100vw, 712px\" \/>                <\/div>\r\n                    <\/div>\r\n    <\/div>\n\n\n<div class=\"gb-element-f2efb36c\">\n<div class=\"dng-content-section no-overflow gb-element-b7c751a4\">\n<div class=\"gb-element-6fc2097b\">\n<div class=\"gb-element-044a9bc2\">\n<figure class=\"wp-block-image size-full\"><img loading=\"lazy\" decoding=\"async\" width=\"747\" height=\"389\" src=\"https:\/\/goldenclubcabanas.com\/wp-content\/uploads\/2025\/05\/notas.jpg\" alt=\"\" class=\"wp-image-2709\" srcset=\"https:\/\/goldenclubcabanas.com\/wp-content\/uploads\/2025\/05\/notas.jpg 747w, https:\/\/goldenclubcabanas.com\/wp-content\/uploads\/2025\/05\/notas-300x156.jpg 300w\" sizes=\"auto, (max-width: 747px) 100vw, 747px\" \/><\/figure>\n<\/div>\n\n\n\n<div class=\"gb-element-ce408b26\">\n<h3 class=\"gb-text gb-text-35054751\">Note sur la plage<\/h3>\n\n\n\n<p class=\"gb-text body2\">Parce que nous sommes au milieu du parc naturel de Ria Formosa, nous ne pouvons pas avoir de bar et de toilettes sur la plage. Si vous pr\u00e9f\u00e9rez, vous pouvez suivre la passerelle le long de la rivi\u00e8re jusqu\u2019de l\u2019autre c\u00f4t\u00e9 de Cabanas et prendre un autre bateau non exclusif pour profiter de ces commodit\u00e9s. <\/p>\n<\/div>\n<\/div>\n<\/div>\n<\/div>\n","protected":false},"excerpt":{"rendered":"<p>Plage de Cabanas de Tavira En face du Golden Club se trouve la plage de Cabanas de Tavira, situ\u00e9e sur une \u00eele paradisiaque presque d\u00e9serte. Une \u00eele presque d\u00e9serte Profitez de moments de pure d\u00e9tente au soleil sur la plage de Cabanas de Tavira, o\u00f9 le sable dor\u00e9 et les eaux calmes et douces cr\u00e9ent &#8230; <a title=\"Plage\" class=\"read-more\" href=\"https:\/\/goldenclubcabanas.com\/fr\/resort-algarve-tout-inclus\/plage-cabanas-tavira\/\" aria-label=\"En savoir plus sur Plage\">Lire plus<\/a><\/p>\n","protected":false},"author":2,"featured_media":0,"parent":4542,"menu_order":97,"comment_status":"closed","ping_status":"closed","template":"","meta":{"_acf_changed":false,"footnotes":""},"class_list":["post-4539","page","type-page","status-publish"],"acf":[],"yoast_head":"<!-- This site is optimized with the Yoast SEO Premium plugin v25.9 (Yoast SEO v25.9) - https:\/\/yoast.com\/wordpress\/plugins\/seo\/ -->\n<title>Acc\u00e8s \u00e0 la plage de Cabanas de Tavira | Golden Club Cabanas<\/title>\n<meta name=\"description\" content=\"\u00c0 quelques minutes en bateau, d\u00e9couvrez le sable dor\u00e9 de la plage de Cabanas de Tavira. Navette gratuite exclusivement pour les clients.\" \/>\n<meta name=\"robots\" content=\"index, follow, max-snippet:-1, max-image-preview:large, max-video-preview:-1\" \/>\n<link rel=\"canonical\" href=\"https:\/\/goldenclubcabanas.com\/fr\/resort-algarve-tout-inclus\/plage-cabanas-tavira\/\" \/>\n<meta property=\"og:locale\" content=\"fr_FR\" \/>\n<meta property=\"og:type\" content=\"article\" \/>\n<meta property=\"og:title\" content=\"Plage\" \/>\n<meta property=\"og:description\" content=\"\u00c0 quelques minutes en bateau, d\u00e9couvrez le sable dor\u00e9 de la plage de Cabanas de Tavira. Navette gratuite exclusivement pour les clients.\" \/>\n<meta property=\"og:url\" content=\"https:\/\/goldenclubcabanas.com\/fr\/resort-algarve-tout-inclus\/plage-cabanas-tavira\/\" \/>\n<meta property=\"og:site_name\" content=\"Golden Club Cabanas Aparthotel Algarve, Portugal\" \/>\n<meta property=\"article:modified_time\" content=\"2025-10-14T13:05:10+00:00\" \/>\n<meta property=\"og:image\" content=\"https:\/\/goldenclubcabanas.com\/wp-content\/uploads\/2025\/03\/Group-3.svg\" \/>\n<meta name=\"twitter:card\" content=\"summary_large_image\" \/>\n<meta name=\"twitter:label1\" content=\"Dur\u00e9e de lecture estim\u00e9e\" \/>\n\t<meta name=\"twitter:data1\" content=\"2 minutes\" \/>\n<script type=\"application\/ld+json\" class=\"yoast-schema-graph\">{\"@context\":\"https:\/\/schema.org\",\"@graph\":[{\"@type\":\"WebPage\",\"@id\":\"https:\/\/goldenclubcabanas.com\/fr\/resort-algarve-tout-inclus\/plage-cabanas-tavira\/\",\"url\":\"https:\/\/goldenclubcabanas.com\/fr\/resort-algarve-tout-inclus\/plage-cabanas-tavira\/\",\"name\":\"Acc\u00e8s \u00e0 la plage de Cabanas de Tavira | Golden Club Cabanas\",\"isPartOf\":{\"@id\":\"https:\/\/goldenclubcabanas.com\/en\/#website\"},\"primaryImageOfPage\":{\"@id\":\"https:\/\/goldenclubcabanas.com\/fr\/resort-algarve-tout-inclus\/plage-cabanas-tavira\/#primaryimage\"},\"image\":{\"@id\":\"https:\/\/goldenclubcabanas.com\/fr\/resort-algarve-tout-inclus\/plage-cabanas-tavira\/#primaryimage\"},\"thumbnailUrl\":\"https:\/\/goldenclubcabanas.com\/wp-content\/uploads\/2025\/03\/Group-3.svg\",\"datePublished\":\"2025-04-23T07:33:41+00:00\",\"dateModified\":\"2025-10-14T13:05:10+00:00\",\"description\":\"\u00c0 quelques minutes en bateau, d\u00e9couvrez le sable dor\u00e9 de la plage de Cabanas de Tavira. Navette gratuite exclusivement pour les clients.\",\"breadcrumb\":{\"@id\":\"https:\/\/goldenclubcabanas.com\/fr\/resort-algarve-tout-inclus\/plage-cabanas-tavira\/#breadcrumb\"},\"inLanguage\":\"fr-FR\",\"potentialAction\":[{\"@type\":\"ReadAction\",\"target\":[\"https:\/\/goldenclubcabanas.com\/fr\/resort-algarve-tout-inclus\/plage-cabanas-tavira\/\"]}]},{\"@type\":\"ImageObject\",\"inLanguage\":\"fr-FR\",\"@id\":\"https:\/\/goldenclubcabanas.com\/fr\/resort-algarve-tout-inclus\/plage-cabanas-tavira\/#primaryimage\",\"url\":\"https:\/\/goldenclubcabanas.com\/wp-content\/uploads\/2025\/03\/Group-3.svg\",\"contentUrl\":\"https:\/\/goldenclubcabanas.com\/wp-content\/uploads\/2025\/03\/Group-3.svg\"},{\"@type\":\"BreadcrumbList\",\"@id\":\"https:\/\/goldenclubcabanas.com\/fr\/resort-algarve-tout-inclus\/plage-cabanas-tavira\/#breadcrumb\",\"itemListElement\":[{\"@type\":\"ListItem\",\"position\":1,\"name\":\"In\u00edcio\",\"item\":\"https:\/\/goldenclubcabanas.com\/fr\/\"},{\"@type\":\"ListItem\",\"position\":2,\"name\":\"Resort\",\"item\":\"https:\/\/goldenclubcabanas.com\/fr\/resort-algarve-tout-inclus\/\"},{\"@type\":\"ListItem\",\"position\":3,\"name\":\"Plage\"}]},{\"@type\":\"WebSite\",\"@id\":\"https:\/\/goldenclubcabanas.com\/en\/#website\",\"url\":\"https:\/\/goldenclubcabanas.com\/en\/\",\"name\":\"Golden Club Cabanas\",\"description\":\"\",\"potentialAction\":[{\"@type\":\"SearchAction\",\"target\":{\"@type\":\"EntryPoint\",\"urlTemplate\":\"https:\/\/goldenclubcabanas.com\/en\/?s={search_term_string}\"},\"query-input\":{\"@type\":\"PropertyValueSpecification\",\"valueRequired\":true,\"valueName\":\"search_term_string\"}}],\"inLanguage\":\"fr-FR\"}]}<\/script>\n<!-- \/ Yoast SEO Premium plugin. -->","yoast_head_json":{"title":"Acc\u00e8s \u00e0 la plage de Cabanas de Tavira | Golden Club Cabanas","description":"\u00c0 quelques minutes en bateau, d\u00e9couvrez le sable dor\u00e9 de la plage de Cabanas de Tavira. Navette gratuite exclusivement pour les clients.","robots":{"index":"index","follow":"follow","max-snippet":"max-snippet:-1","max-image-preview":"max-image-preview:large","max-video-preview":"max-video-preview:-1"},"canonical":"https:\/\/goldenclubcabanas.com\/fr\/resort-algarve-tout-inclus\/plage-cabanas-tavira\/","og_locale":"fr_FR","og_type":"article","og_title":"Plage","og_description":"\u00c0 quelques minutes en bateau, d\u00e9couvrez le sable dor\u00e9 de la plage de Cabanas de Tavira. Navette gratuite exclusivement pour les clients.","og_url":"https:\/\/goldenclubcabanas.com\/fr\/resort-algarve-tout-inclus\/plage-cabanas-tavira\/","og_site_name":"Golden Club Cabanas Aparthotel Algarve, Portugal","article_modified_time":"2025-10-14T13:05:10+00:00","og_image":[{"url":"https:\/\/goldenclubcabanas.com\/wp-content\/uploads\/2025\/03\/Group-3.svg","type":"","width":"","height":""}],"twitter_card":"summary_large_image","twitter_misc":{"Dur\u00e9e de lecture estim\u00e9e":"2 minutes"},"schema":{"@context":"https:\/\/schema.org","@graph":[{"@type":"WebPage","@id":"https:\/\/goldenclubcabanas.com\/fr\/resort-algarve-tout-inclus\/plage-cabanas-tavira\/","url":"https:\/\/goldenclubcabanas.com\/fr\/resort-algarve-tout-inclus\/plage-cabanas-tavira\/","name":"Acc\u00e8s \u00e0 la plage de Cabanas de Tavira | Golden Club Cabanas","isPartOf":{"@id":"https:\/\/goldenclubcabanas.com\/en\/#website"},"primaryImageOfPage":{"@id":"https:\/\/goldenclubcabanas.com\/fr\/resort-algarve-tout-inclus\/plage-cabanas-tavira\/#primaryimage"},"image":{"@id":"https:\/\/goldenclubcabanas.com\/fr\/resort-algarve-tout-inclus\/plage-cabanas-tavira\/#primaryimage"},"thumbnailUrl":"https:\/\/goldenclubcabanas.com\/wp-content\/uploads\/2025\/03\/Group-3.svg","datePublished":"2025-04-23T07:33:41+00:00","dateModified":"2025-10-14T13:05:10+00:00","description":"\u00c0 quelques minutes en bateau, d\u00e9couvrez le sable dor\u00e9 de la plage de Cabanas de Tavira. Navette gratuite exclusivement pour les clients.","breadcrumb":{"@id":"https:\/\/goldenclubcabanas.com\/fr\/resort-algarve-tout-inclus\/plage-cabanas-tavira\/#breadcrumb"},"inLanguage":"fr-FR","potentialAction":[{"@type":"ReadAction","target":["https:\/\/goldenclubcabanas.com\/fr\/resort-algarve-tout-inclus\/plage-cabanas-tavira\/"]}]},{"@type":"ImageObject","inLanguage":"fr-FR","@id":"https:\/\/goldenclubcabanas.com\/fr\/resort-algarve-tout-inclus\/plage-cabanas-tavira\/#primaryimage","url":"https:\/\/goldenclubcabanas.com\/wp-content\/uploads\/2025\/03\/Group-3.svg","contentUrl":"https:\/\/goldenclubcabanas.com\/wp-content\/uploads\/2025\/03\/Group-3.svg"},{"@type":"BreadcrumbList","@id":"https:\/\/goldenclubcabanas.com\/fr\/resort-algarve-tout-inclus\/plage-cabanas-tavira\/#breadcrumb","itemListElement":[{"@type":"ListItem","position":1,"name":"In\u00edcio","item":"https:\/\/goldenclubcabanas.com\/fr\/"},{"@type":"ListItem","position":2,"name":"Resort","item":"https:\/\/goldenclubcabanas.com\/fr\/resort-algarve-tout-inclus\/"},{"@type":"ListItem","position":3,"name":"Plage"}]},{"@type":"WebSite","@id":"https:\/\/goldenclubcabanas.com\/en\/#website","url":"https:\/\/goldenclubcabanas.com\/en\/","name":"Golden Club Cabanas","description":"","potentialAction":[{"@type":"SearchAction","target":{"@type":"EntryPoint","urlTemplate":"https:\/\/goldenclubcabanas.com\/en\/?s={search_term_string}"},"query-input":{"@type":"PropertyValueSpecification","valueRequired":true,"valueName":"search_term_string"}}],"inLanguage":"fr-FR"}]}},"_links":{"self":[{"href":"https:\/\/goldenclubcabanas.com\/fr\/wp-json\/wp\/v2\/pages\/4539","targetHints":{"allow":["GET"]}}],"collection":[{"href":"https:\/\/goldenclubcabanas.com\/fr\/wp-json\/wp\/v2\/pages"}],"about":[{"href":"https:\/\/goldenclubcabanas.com\/fr\/wp-json\/wp\/v2\/types\/page"}],"author":[{"embeddable":true,"href":"https:\/\/goldenclubcabanas.com\/fr\/wp-json\/wp\/v2\/users\/2"}],"replies":[{"embeddable":true,"href":"https:\/\/goldenclubcabanas.com\/fr\/wp-json\/wp\/v2\/comments?post=4539"}],"version-history":[{"count":5,"href":"https:\/\/goldenclubcabanas.com\/fr\/wp-json\/wp\/v2\/pages\/4539\/revisions"}],"predecessor-version":[{"id":6817,"href":"https:\/\/goldenclubcabanas.com\/fr\/wp-json\/wp\/v2\/pages\/4539\/revisions\/6817"}],"up":[{"embeddable":true,"href":"https:\/\/goldenclubcabanas.com\/fr\/wp-json\/wp\/v2\/pages\/4542"}],"wp:attachment":[{"href":"https:\/\/goldenclubcabanas.com\/fr\/wp-json\/wp\/v2\/media?parent=4539"}],"curies":[{"name":"wp","href":"https:\/\/api.w.org\/{rel}","templated":true}]}}