{"id":4557,"date":"2025-03-04T14:53:19","date_gmt":"2025-03-04T14:53:19","guid":{"rendered":"https:\/\/goldenclubcabanas.com\/politica-de-privacidade\/"},"modified":"2026-02-25T15:58:34","modified_gmt":"2026-02-25T15:58:34","slug":"politique-de-confidentialite","status":"publish","type":"page","link":"https:\/\/goldenclubcabanas.com\/fr\/politique-de-confidentialite\/","title":{"rendered":"Politique de confidentialit\u00e9"},"content":{"rendered":"\n<p>Veuillez lire attentivement la pr\u00e9sente politique de confidentialit\u00e9, car le traitement des donn\u00e9es personnelles que vous nous fournissez implique la connaissance et l\u2019acceptation des conditions qu\u2019elle contient.<\/p>\n\n<h4 class=\"wp-block-heading\">Qui est responsable de la collecte et du traitement des donn\u00e9es ?<\/h4>\n\n<p>5 Sites Cabanas \u2013 Hotelaria, Servi\u00e7os e Imobili\u00e1ria S.A., ci-apr\u00e8s 5 Sites, est l\u2019entit\u00e9 responsable de la collecte et du traitement des donn\u00e9es personnelles, et peut, dans le cadre de son activit\u00e9, faire appel \u00e0 des entit\u00e9s sous-trait\u00e9es par celle-ci pour poursuivre les finalit\u00e9s indiqu\u00e9es dans les pr\u00e9sentes.<\/p>\n\n<p><br\/>5 Sites a d\u00e9sign\u00e9 un D\u00e9l\u00e9gu\u00e9 \u00e0 la <strong>Protection des Donn\u00e9es (DPO),<\/strong> qui peut \u00eatre contact\u00e9 via l\u2019adresse email [\u25cf], pour toute question li\u00e9e au traitement de vos donn\u00e9es personnelles et \u00e0 l\u2019exercice de vos droits.<\/p>\n\n<h4 class=\"wp-block-heading\">Qu\u2019est-ce qu\u2019une donn\u00e9e personnelle ?<\/h4>\n\n<p>Les donn\u00e9es \u00e0 caract\u00e8re personnel sont toutes informations, de quelque nature que ce soit et quel que soit leur support, y compris le son et l\u2019image, relatives \u00e0 une personne physique identifi\u00e9e ou identifiable. Une personne identifiable est une personne qui peut \u00eatre identifi\u00e9e directement ou indirectement, notamment par r\u00e9f\u00e9rence \u00e0 un num\u00e9ro d\u2019identification ou \u00e0 un ou plusieurs \u00e9l\u00e9ments sp\u00e9cifiques de son identit\u00e9 physique, physiologique, mentale, \u00e9conomique, culturelle ou sociale. <\/p>\n\n<h4 class=\"wp-block-heading\">Quelles sont les donn\u00e9es personnelles collect\u00e9es et trait\u00e9es ?<\/h4>\n\n<p>5 Sites collecte et traite, entre autres, les donn\u00e9es personnelles suivantes :<\/p>\n\n<p><br\/><strong>R\u00e9servations<\/strong> : nom, adresse e-mail, num\u00e9ro de t\u00e9l\u00e9phone, adresse, mode de paiement et d\u00e9tails de la r\u00e9servation<br\/><strong>Recrutement<\/strong> : nom, adresse e-mail et CV<br\/><strong>Newsletter<\/strong> : adresse e-mail<\/p>\n\n<p><br\/>Lors de la navigation sur le site Web, 5 Sites peut collecter des informations sur votre ordinateur, y compris l\u2019adresse IP, le syst\u00e8me d\u2019exploitation et le navigateur utilis\u00e9, \u00e0 des fins administratives et pour agr\u00e9ger des informations pour ses annonceurs.<br\/>5 Sites suppose que les donn\u00e9es ont \u00e9t\u00e9 fournies par le propri\u00e9taire des donn\u00e9es ou qu\u2019il a donn\u00e9 son autorisation \u00e0 cet effet et pr\u00e9sume qu\u2019elles sont v\u00e9ridiques et \u00e0 jour.<\/p>\n\n<p><br\/><strong>Donn\u00e9es des mineurs<\/strong> : La collecte des donn\u00e9es personnelles des mineurs de moins de 18 ans d\u00e9pend du consentement des parents ou des repr\u00e9sentants l\u00e9gaux. 5 Sites ne collecte ni ne traite sciemment des donn\u00e9es de mineurs sans cette condition. <\/p>\n\n<h4 class=\"wp-block-heading\">Comment vos donn\u00e9es sont-elles collect\u00e9es ?<\/h4>\n\n<p>Les donn\u00e9es personnelles peuvent \u00eatre collect\u00e9es par les moyens suivants :<\/p>\n\n<p><br\/><strong>Messagerie \u00e9lectronique<br\/>Site Web<br\/>Appels t\u00e9l\u00e9phoniques<br\/>En personne<\/strong><\/p>\n\n<p><br\/>Les donn\u00e9es collect\u00e9es sont trait\u00e9es et stock\u00e9es \u00e9lectroniquement et dans le strict respect de la l\u00e9gislation sur la protection des donn\u00e9es personnelles, \u00e9tant stock\u00e9es dans des bases de donn\u00e9es sp\u00e9cifiques, cr\u00e9\u00e9es \u00e0 cet effet, par 5 Sites ou par les entit\u00e9s sous-trait\u00e9es par celui-ci.<\/p>\n\n<p><br\/>Certaines donn\u00e9es personnelles collect\u00e9es sur le site sont obligatoires et, en cas d\u2019absence ou d\u2019insuffisance de ces donn\u00e9es, 5 Sites pourrait ne pas \u00eatre en mesure de vous fournir les services ou informations que vous avez demand\u00e9s. Dans chaque cas particulier, 5 Sites vous informera du caract\u00e8re obligatoire de la fourniture des donn\u00e9es personnelles en question. <\/p>\n\n<h4 class=\"wp-block-heading\">Quels sont les finalit\u00e9s et les motifs du traitement de vos donn\u00e9es ?<\/h4>\n\n<p>Conform\u00e9ment aux principes de protection des donn\u00e9es, 5 Sites ne peut traiter vos donn\u00e9es personnelles qu\u2019\u00e0 certaines fins et s\u2019il dispose d\u2019une base juridique pour le faire.<br\/>5 Sites utilise vos donn\u00e9es aux fins suivantes et sur la base des motifs suivants :<\/p>\n\n<p><br\/><strong>A. Terrain : contrat de services h\u00f4teliers<\/strong><br\/>(a) Gestion des r\u00e9servations et des s\u00e9jours<br\/>(b) Demandes de devis, d\u2019informations et de confirmation de r\u00e9servation<br\/>c) Enregistrement des pr\u00e9f\u00e9rences (chambre pr\u00e9f\u00e9r\u00e9e, mobilit\u00e9, etc.)<br\/>d) Facturation et v\u00e9rification des moyens de paiement<br\/>(e) Fourniture des informations n\u00e9cessaires \u00e0 votre s\u00e9jour \u00e0 l\u2019H\u00f4tel<br\/>(f) Service \u00e0 la client\u00e8le<\/p>\n\n<p><br\/><strong>B. Fondement : consentement<\/strong><br\/>(g) Envoi de newsletters (si vous n\u2019\u00eates pas notre client)<br\/>(h) Envoi de marketing (si vous n\u2019\u00eates pas notre client)<br\/>(i) Programmes de fid\u00e9lit\u00e9<\/p>\n\n<p><br\/><strong>C. Fondement : obligations l\u00e9gales<\/strong><br\/>j) Gestion des plaintes<br\/>(k) Respect d\u2019autres obligations l\u00e9gales ou r\u00e9glementaires<\/p>\n\n<p><br\/><strong>D. Fondement : int\u00e9r\u00eat l\u00e9gitime<\/strong><br\/>(l) R\u00e9alisation de questionnaires de satisfaction li\u00e9s \u00e0 votre s\u00e9jour<br\/>m) R\u00e9alisation d\u2019\u00e9tudes de march\u00e9, d\u2019enqu\u00eates d\u2019\u00e9valuation et d\u2019analyses statistiques<br\/>n) Carnet de contacts<\/p>\n\n<p><strong><br\/>E. Motifs : d\u00e9marches pr\u00e9contractuelles<\/strong><br\/>o) Recrutement<br\/>Afin de poursuivre les finalit\u00e9s identifi\u00e9es ci-dessus, 5 Sites peuvent interconnecter les donn\u00e9es collect\u00e9es, dans le but de mettre \u00e0 jour et de compl\u00e9ter ces donn\u00e9es.<\/p>\n\n<h4 class=\"wp-block-heading\">Avec qui vos donn\u00e9es sont-elles partag\u00e9es ?<\/h4>\n\n<p>Les donn\u00e9es collect\u00e9es et d\u00e9tenues par 5 Sites sont susceptibles d\u2019\u00eatre transmises, dans le respect du devoir de confidentialit\u00e9 et du principe de finalit\u00e9 qui a pr\u00e9sid\u00e9 \u00e0 leur collecte, aux entit\u00e9s suivantes :<\/p>\n\n<p><br\/>(a) Entit\u00e9s du groupe dans lequel 5 Sites est ins\u00e9r\u00e9<br\/>b) Autorit\u00e9s judiciaires ou administratives, lorsque ce transfert est obligatoire<br\/>c) Soci\u00e9t\u00e9s de recrutement et de s\u00e9lection<br\/>(d) Sous-traitants qui traiteront les donn\u00e9es pour le compte de 5 Sites et conform\u00e9ment aux finalit\u00e9s d\u00e9termin\u00e9es par celui-ci<\/p>\n\n<h4 class=\"wp-block-heading\">Cookies<\/h4>\n\n<p>Les cookies sont de petits \u00e9l\u00e9ments d\u2019information qui peuvent aider \u00e0 identifier votre navigateur et qui peuvent stocker des informations, par exemple, les param\u00e8tres et les pr\u00e9f\u00e9rences de l\u2019utilisateur.<br\/>5 Les Sites peuvent stocker des cookies sur votre appareil afin de personnaliser et de faciliter la navigation autant que possible, ne fournissant pas ces m\u00eames cookies, r\u00e9f\u00e9rences ou donn\u00e9es personnelles de l\u2019Utilisateur.<br\/>Pour plus d\u2019informations, vous devez lire notre <a href=\"https:\/\/goldenclubcabanas.com\/fr\/politique-de-cookies\/\" data-type=\"link\" data-id=\"https:\/\/goldenclubcabanas.com\/politica-de-cookies\/\">politique en mati\u00e8re de cookies<\/a>.<\/p>\n\n<h4 class=\"wp-block-heading\">Quels sont vos droits ?<\/h4>\n\n<p>Conform\u00e9ment aux termes de la loi sur la protection des donn\u00e9es personnelles, nous vous garantissons les droits suivants :<\/p>\n\n<p><br\/>Acc\u00e8s, mise \u00e0 jour, rectification, suppression, portabilit\u00e9 et effacement de vos donn\u00e9es personnelles<br\/>Opposition \u00e0 l\u2019utilisation des donn\u00e9es fournies \u00e0 des fins de marketing, d\u2019envoi de communications informatives ou d\u2019inclusion dans des annuaires ou des services d\u2019information<br\/>Limitation du traitement conform\u00e9ment \u00e0 l\u2019article 18 du RGPD<br\/>Retrait du consentement, \u00e0 tout moment, sans compromettre la lic\u00e9it\u00e9 des traitements effectu\u00e9s jusque-l\u00e0<\/p>\n\n<p><br\/>L\u2019exercice de ces droits doit \u00eatre effectu\u00e9 par le biais de l\u2019adresse e-mail rgpd@goldenclubcabanas.com ou par \u00e9crit \u00e0 l\u2019adresse : Golden Club Cabanas, Rua Tuber\u00e1ria Major, 8800-591 Cabanas de Tavira, Portugal.<\/p>\n\n<p><br\/>5 Sites s\u2019engage \u00e0 r\u00e9pondre \u00e0 ces demandes dans un d\u00e9lai maximum de 30 jours, prorogeable en cas de complexit\u00e9 particuli\u00e8re jusqu\u2019\u00e0 60 jours, et le titulaire en sera d\u00fbment inform\u00e9.<\/p>\n\n<p><br\/>Vous pouvez \u00e9galement introduire des r\u00e9clamations aupr\u00e8s de la <strong>Commission nationale de protection des donn\u00e9es (CNPD).<\/strong><\/p>\n\n<h4 class=\"wp-block-heading\">Combien de temps vos donn\u00e9es sont-elles stock\u00e9es ?<\/h4>\n\n<p>La dur\u00e9e de conservation et de conservation des donn\u00e9es varie en fonction de la finalit\u00e9 pour laquelle les informations sont trait\u00e9es. Lorsqu\u2019il n\u2019y a pas d\u2019exigence l\u00e9gale sp\u00e9cifique, les donn\u00e9es ne seront conserv\u00e9es que pendant la p\u00e9riode minimale n\u00e9cessaire. <\/p>\n\n<p><br\/>Exemples:<br\/>Donn\u00e9es de facturation : 10 ans (obligation l\u00e9gale)<br\/>Donn\u00e9es de recrutement : jusqu\u2019\u00e0 2 ans apr\u00e8s la fin du processus, sauf si le consentement peut \u00eatre conserv\u00e9 pendant une p\u00e9riode plus longue<br\/>Donn\u00e9es marketing : jusqu\u2019au retrait du consentement ou \u00e0 l\u2019exercice du droit d\u2019opposition<\/p>\n\n<h4 class=\"wp-block-heading\">Vos donn\u00e9es sont-elles trait\u00e9es en toute s\u00e9curit\u00e9 ?<\/h4>\n\n<p>5 Sites s\u2019engage \u00e0 assurer la protection de la s\u00e9curit\u00e9 de vos donn\u00e9es. \u00c0 cette fin, elle a adopt\u00e9 diverses mesures de s\u00e9curit\u00e9, de nature technique et organisationnelle, afin de prot\u00e9ger les donn\u00e9es personnelles que vous mettez \u00e0 notre disposition contre leur diffusion, perte, utilisation abusive, alt\u00e9ration, traitement ou acc\u00e8s non autoris\u00e9, ainsi que contre toute autre forme de traitement ill\u00e9gal. <br\/>5 Sites impose \u00e0 ses sous-traitants et partenaires l\u2019adoption de mesures de s\u00e9curit\u00e9 \u00e9quivalentes \u00e0 celles qu\u2019elle pratique.<br\/>Nonobstant les mesures de s\u00e9curit\u00e9 pratiqu\u00e9es par 5 Sites, l\u2019utilisateur doit adopter des mesures de s\u00e9curit\u00e9 suppl\u00e9mentaires, \u00e0 savoir s\u2019assurer qu\u2019il utilise un \u00e9quipement \u00e0 jour et un navigateur, correctement configur\u00e9, avec un pare-feu actif, un antivirus et un anti-spyware, ainsi que s\u2019assurer de l\u2019authenticit\u00e9 des sites qu\u2019il visite sur Internet.<\/p>\n\n<h4 class=\"wp-block-heading\">Communications<\/h4>\n\n<p>5 Sites reconna\u00eet qu\u2019il peut communiquer des donn\u00e9es de l\u2019Utilisateur dans le cadre de processus de fusion, d\u2019acquisition et\/ou d\u2019incorporation dans lesquels il se trouve, et cette communication n\u2019est pas consid\u00e9r\u00e9e comme un transfert de donn\u00e9es \u00e0 des tiers, ni comme un traitement sous-trait\u00e9.<br\/>5 Les sites peuvent \u00e9galement transmettre des donn\u00e9es \u00e0 des tiers dans le cadre d\u2019enqu\u00eates, d\u2019enqu\u00eates et de proc\u00e9dures judiciaires et\/ou administratives ou de nature similaire, \u00e0 condition qu\u2019il soit d\u00fbment ordonn\u00e9 de le faire par d\u00e9cision de justice.<\/p>\n\n<h4 class=\"wp-block-heading\">Transfert de donn\u00e9es<\/h4>\n\n<p>En cas de transferts de donn\u00e9es personnelles vers des pays tiers qui n\u2019appartiennent pas \u00e0 l\u2019Union europ\u00e9enne ou \u00e0 l\u2019Espace \u00e9conomique europ\u00e9en, 5 Sites veillera \u00e0 ce que ces transferts n\u2019aient lieu que vers des pays pour lesquels il existe une d\u00e9cision d\u2019ad\u00e9quation de la Commission europ\u00e9enne, ou par l\u2019adoption de clauses contractuelles types approuv\u00e9es par la Commission europ\u00e9enne ou d\u2019autres m\u00e9canismes l\u00e9galement pr\u00e9vus qui garantissent une protection ad\u00e9quate des donn\u00e9es personnelles.<br\/>L\u2019utilisation des r\u00e9seaux sociaux de 5 Sites peut impliquer la transmission de donn\u00e9es \u00e0 des prestataires de services de r\u00e9seaux sociaux, qui peuvent \u00eatre bas\u00e9s en dehors de l\u2019Union europ\u00e9enne ou de l\u2019Espace \u00e9conomique europ\u00e9en. 5 Sites n\u2019est pas responsable des donn\u00e9es que l\u2019utilisateur met \u00e0 disposition sur les r\u00e9seaux sociaux. <\/p>\n\n<h4 class=\"wp-block-heading\">Modifications de la politique de confidentialit\u00e9<\/h4>\n\n<p>5 Sites se r\u00e9serve le droit, \u00e0 tout moment, d\u2019apporter des ajustements ou des modifications \u00e0 la pr\u00e9sente Politique de confidentialit\u00e9, et ces modifications seront d\u00fbment publi\u00e9es \u00e0 l\u2019adresse suivante : 5 Sites se r\u00e9serve le droit, \u00e0 tout moment, d\u2019apporter des ajustements ou des modifications \u00e0 la pr\u00e9sente Politique de confidentialit\u00e9, et ces modifications seront d\u00fbment publi\u00e9es \u00e0 <a href=\"https:\/\/goldenclubcabanas.com\/\" data-type=\"link\" data-id=\"https:\/\/goldenclubcabanas.com\/\">l\u2019adresse suivante www.goldenclubcabanas.com<\/a><\/p>\n\n<p><\/p>\n","protected":false},"excerpt":{"rendered":"<p>Veuillez lire attentivement la pr\u00e9sente politique de confidentialit\u00e9, car le traitement des donn\u00e9es personnelles que vous nous fournissez implique la connaissance et l\u2019acceptation des conditions qu\u2019elle contient. Qui est responsable de la collecte et du traitement des donn\u00e9es ? 5 Sites Cabanas \u2013 Hotelaria, Servi\u00e7os e Imobili\u00e1ria S.A., ci-apr\u00e8s 5 Sites, est l\u2019entit\u00e9 responsable de &#8230; <a title=\"Politique de confidentialit\u00e9\" class=\"read-more\" href=\"https:\/\/goldenclubcabanas.com\/fr\/politique-de-confidentialite\/\" aria-label=\"En savoir plus sur Politique de confidentialit\u00e9\">Lire plus<\/a><\/p>\n","protected":false},"author":1,"featured_media":0,"parent":0,"menu_order":101,"comment_status":"closed","ping_status":"closed","template":"page-templates\/page-content-template.php","meta":{"_acf_changed":false,"footnotes":""},"class_list":["post-4557","page","type-page","status-publish"],"acf":[],"yoast_head":"<!-- This site is optimized with the Yoast SEO Premium plugin v25.9 (Yoast SEO v25.9) - https:\/\/yoast.com\/wordpress\/plugins\/seo\/ -->\n<title>Politique de confidentialit\u00e9 - Golden Club Cabanas<\/title>\n<meta name=\"description\" content=\"Politique de Confidentialit\u00e9 du Golden Club Cabanas : comment nous collectons, utilisons et prot\u00e9geons vos donn\u00e9es. Droits, contacts et choix.\" \/>\n<meta name=\"robots\" content=\"index, follow, max-snippet:-1, max-image-preview:large, max-video-preview:-1\" \/>\n<link rel=\"canonical\" href=\"https:\/\/goldenclubcabanas.com\/fr\/politique-de-confidentialite\/\" \/>\n<meta property=\"og:locale\" content=\"fr_FR\" \/>\n<meta property=\"og:type\" content=\"article\" \/>\n<meta property=\"og:title\" content=\"Politique de confidentialit\u00e9\" \/>\n<meta property=\"og:description\" content=\"Politique de Confidentialit\u00e9 du Golden Club Cabanas : comment nous collectons, utilisons et prot\u00e9geons vos donn\u00e9es. Droits, contacts et choix.\" \/>\n<meta property=\"og:url\" content=\"https:\/\/goldenclubcabanas.com\/fr\/politique-de-confidentialite\/\" \/>\n<meta property=\"og:site_name\" content=\"Golden Club Cabanas Aparthotel Algarve, Portugal\" \/>\n<meta property=\"article:modified_time\" content=\"2026-02-25T15:58:34+00:00\" \/>\n<meta name=\"twitter:card\" content=\"summary_large_image\" \/>\n<meta name=\"twitter:label1\" content=\"Dur\u00e9e de lecture estim\u00e9e\" \/>\n\t<meta name=\"twitter:data1\" content=\"9 minutes\" \/>\n<script type=\"application\/ld+json\" class=\"yoast-schema-graph\">{\"@context\":\"https:\/\/schema.org\",\"@graph\":[{\"@type\":\"WebPage\",\"@id\":\"https:\/\/goldenclubcabanas.com\/fr\/politique-de-confidentialite\/\",\"url\":\"https:\/\/goldenclubcabanas.com\/fr\/politique-de-confidentialite\/\",\"name\":\"Politique de confidentialit\u00e9 - Golden Club Cabanas\",\"isPartOf\":{\"@id\":\"https:\/\/goldenclubcabanas.com\/en\/#website\"},\"datePublished\":\"2025-03-04T14:53:19+00:00\",\"dateModified\":\"2026-02-25T15:58:34+00:00\",\"description\":\"Politique de Confidentialit\u00e9 du Golden Club Cabanas : comment nous collectons, utilisons et prot\u00e9geons vos donn\u00e9es. Droits, contacts et choix.\",\"breadcrumb\":{\"@id\":\"https:\/\/goldenclubcabanas.com\/fr\/politique-de-confidentialite\/#breadcrumb\"},\"inLanguage\":\"fr-FR\",\"potentialAction\":[{\"@type\":\"ReadAction\",\"target\":[\"https:\/\/goldenclubcabanas.com\/fr\/politique-de-confidentialite\/\"]}]},{\"@type\":\"BreadcrumbList\",\"@id\":\"https:\/\/goldenclubcabanas.com\/fr\/politique-de-confidentialite\/#breadcrumb\",\"itemListElement\":[{\"@type\":\"ListItem\",\"position\":1,\"name\":\"In\u00edcio\",\"item\":\"https:\/\/goldenclubcabanas.com\/fr\/\"},{\"@type\":\"ListItem\",\"position\":2,\"name\":\"Politique de confidentialit\u00e9\"}]},{\"@type\":\"WebSite\",\"@id\":\"https:\/\/goldenclubcabanas.com\/en\/#website\",\"url\":\"https:\/\/goldenclubcabanas.com\/en\/\",\"name\":\"Golden Club Cabanas\",\"description\":\"\",\"potentialAction\":[{\"@type\":\"SearchAction\",\"target\":{\"@type\":\"EntryPoint\",\"urlTemplate\":\"https:\/\/goldenclubcabanas.com\/en\/?s={search_term_string}\"},\"query-input\":{\"@type\":\"PropertyValueSpecification\",\"valueRequired\":true,\"valueName\":\"search_term_string\"}}],\"inLanguage\":\"fr-FR\"}]}<\/script>\n<!-- \/ Yoast SEO Premium plugin. -->","yoast_head_json":{"title":"Politique de confidentialit\u00e9 - Golden Club Cabanas","description":"Politique de Confidentialit\u00e9 du Golden Club Cabanas : comment nous collectons, utilisons et prot\u00e9geons vos donn\u00e9es. Droits, contacts et choix.","robots":{"index":"index","follow":"follow","max-snippet":"max-snippet:-1","max-image-preview":"max-image-preview:large","max-video-preview":"max-video-preview:-1"},"canonical":"https:\/\/goldenclubcabanas.com\/fr\/politique-de-confidentialite\/","og_locale":"fr_FR","og_type":"article","og_title":"Politique de confidentialit\u00e9","og_description":"Politique de Confidentialit\u00e9 du Golden Club Cabanas : comment nous collectons, utilisons et prot\u00e9geons vos donn\u00e9es. Droits, contacts et choix.","og_url":"https:\/\/goldenclubcabanas.com\/fr\/politique-de-confidentialite\/","og_site_name":"Golden Club Cabanas Aparthotel Algarve, Portugal","article_modified_time":"2026-02-25T15:58:34+00:00","twitter_card":"summary_large_image","twitter_misc":{"Dur\u00e9e de lecture estim\u00e9e":"9 minutes"},"schema":{"@context":"https:\/\/schema.org","@graph":[{"@type":"WebPage","@id":"https:\/\/goldenclubcabanas.com\/fr\/politique-de-confidentialite\/","url":"https:\/\/goldenclubcabanas.com\/fr\/politique-de-confidentialite\/","name":"Politique de confidentialit\u00e9 - Golden Club Cabanas","isPartOf":{"@id":"https:\/\/goldenclubcabanas.com\/en\/#website"},"datePublished":"2025-03-04T14:53:19+00:00","dateModified":"2026-02-25T15:58:34+00:00","description":"Politique de Confidentialit\u00e9 du Golden Club Cabanas : comment nous collectons, utilisons et prot\u00e9geons vos donn\u00e9es. Droits, contacts et choix.","breadcrumb":{"@id":"https:\/\/goldenclubcabanas.com\/fr\/politique-de-confidentialite\/#breadcrumb"},"inLanguage":"fr-FR","potentialAction":[{"@type":"ReadAction","target":["https:\/\/goldenclubcabanas.com\/fr\/politique-de-confidentialite\/"]}]},{"@type":"BreadcrumbList","@id":"https:\/\/goldenclubcabanas.com\/fr\/politique-de-confidentialite\/#breadcrumb","itemListElement":[{"@type":"ListItem","position":1,"name":"In\u00edcio","item":"https:\/\/goldenclubcabanas.com\/fr\/"},{"@type":"ListItem","position":2,"name":"Politique de confidentialit\u00e9"}]},{"@type":"WebSite","@id":"https:\/\/goldenclubcabanas.com\/en\/#website","url":"https:\/\/goldenclubcabanas.com\/en\/","name":"Golden Club Cabanas","description":"","potentialAction":[{"@type":"SearchAction","target":{"@type":"EntryPoint","urlTemplate":"https:\/\/goldenclubcabanas.com\/en\/?s={search_term_string}"},"query-input":{"@type":"PropertyValueSpecification","valueRequired":true,"valueName":"search_term_string"}}],"inLanguage":"fr-FR"}]}},"_links":{"self":[{"href":"https:\/\/goldenclubcabanas.com\/fr\/wp-json\/wp\/v2\/pages\/4557","targetHints":{"allow":["GET"]}}],"collection":[{"href":"https:\/\/goldenclubcabanas.com\/fr\/wp-json\/wp\/v2\/pages"}],"about":[{"href":"https:\/\/goldenclubcabanas.com\/fr\/wp-json\/wp\/v2\/types\/page"}],"author":[{"embeddable":true,"href":"https:\/\/goldenclubcabanas.com\/fr\/wp-json\/wp\/v2\/users\/1"}],"replies":[{"embeddable":true,"href":"https:\/\/goldenclubcabanas.com\/fr\/wp-json\/wp\/v2\/comments?post=4557"}],"version-history":[{"count":3,"href":"https:\/\/goldenclubcabanas.com\/fr\/wp-json\/wp\/v2\/pages\/4557\/revisions"}],"predecessor-version":[{"id":5698,"href":"https:\/\/goldenclubcabanas.com\/fr\/wp-json\/wp\/v2\/pages\/4557\/revisions\/5698"}],"wp:attachment":[{"href":"https:\/\/goldenclubcabanas.com\/fr\/wp-json\/wp\/v2\/media?parent=4557"}],"curies":[{"name":"wp","href":"https:\/\/api.w.org\/{rel}","templated":true}]}}