{"id":4926,"date":"2025-09-23T13:37:33","date_gmt":"2025-09-23T13:37:33","guid":{"rendered":"https:\/\/goldenclubcabanas.com\/plus-dinformations\/"},"modified":"2026-04-14T16:07:40","modified_gmt":"2026-04-14T16:07:40","slug":"plus-dinformations","status":"publish","type":"page","link":"https:\/\/goldenclubcabanas.com\/fr\/plus-dinformations\/","title":{"rendered":"Informations Importantes"},"content":{"rendered":"\n<h3 class=\"wp-block-heading\" id=\"h-periodes-de-fonctionnement\"><strong>P\u00e9riodes de fonctionnement<\/strong><\/h3>\n\n\n\n<ul class=\"wp-block-list\">\n<li>Les dates d\u2019ouverture et de fermeture de&nbsp;certaines&nbsp;<strong>installations ferm\u00e9es en hiver<\/strong>, telles que le Kids\u2019 Club et le Bar A Vela, peuvent varier d\u2019une ann\u00e9e sur l\u2019autre. Si vous programmez des vacances entre le mois d\u2019avril et&nbsp;<strong>le mois d\u2019&nbsp;octobre<\/strong>&nbsp;et si vous souhaitez profiter de ces installations, veuillez nous consulter avant d\u2019effectuer votre r\u00e9servation.<\/li>\n<\/ul>\n\n\n\n<h3 class=\"wp-block-heading\"><strong>H\u00e9bergement<\/strong><\/h3>\n\n\n\n<ul class=\"wp-block-list\">\n<li><strong>Enregistrement<\/strong>&nbsp;\u00e0 partir de 17h00.&nbsp;<strong>D\u00e9part<\/strong>&nbsp;jusqu\u2019\u00e0 10h00.<\/li>\n\n\n\n<li>Nettoyage des appartements tous les 2 jours. Changement des&nbsp;<strong>serviettes<\/strong>&nbsp;2 fois par semaine. Changement des&nbsp;<strong>draps<\/strong>&nbsp;1 fois par semaine.<\/li>\n\n\n\n<li>Le&nbsp;<strong>changement des serviettes<\/strong>&nbsp;est effectu\u00e9 uniquement pour les&nbsp;<strong>s\u00e9jours de plus de 4 nuits<\/strong>.<\/li>\n\n\n\n<li>Le m\u00e9nage de l\u2019appartement&nbsp;<strong>ne comprend pas le lavage de la vaisselle et le rangement de la cuisine<\/strong>.<\/li>\n\n\n\n<li>Les b\u00e2timents comptent quatre \u00e9tages et les b\u00e2timents les plus \u00e9loign\u00e9s du secteur Ouest se trouvent \u00e0\u00a0<strong>500 m du restaurant<\/strong>. \u00c9tant donn\u00e9 que nous disposons d\u2019appartements accessibles uniquement par l\u2019escalier (sans ascenseur), veuillez nous consulter avant d\u2019effectuer votre r\u00e9servation si vous avez des difficult\u00e9s pour marcher ou monter des escaliers.<\/li>\n\n\n\n<li><strong>L\u2019architecture, les \u00e9quipements et la d\u00e9coration des appartements varient<\/strong>&nbsp;et peuvent ne pas correspondre aux photographies pr\u00e9sent\u00e9es sur ce site internet.<\/li>\n\n\n\n<li>Veuillez nous excuser mais les animaux domestiques ne sont&nbsp;<strong>accept\u00e9s.<\/strong><\/li>\n<\/ul>\n\n\n\n<h3 class=\"wp-block-heading\"><strong>Plage sur l\u2019\u00eele de Cabanas<\/strong><\/h3>\n\n\n\n<ul class=\"wp-block-list\">\n<li>Les&nbsp;<strong>serviettes<\/strong>&nbsp;de plage&nbsp;sont de la responsabilit\u00e9 du client.<\/li>\n\n\n\n<li>Le&nbsp;<strong>bateau qui relie la plage<\/strong>&nbsp;est gratuit et exclusif pour les clients du Golden Club Cabanas. Les&nbsp;<strong>horaires<\/strong>&nbsp;du bateau sont affich\u00e9s \u00e0 l\u2019accueil et varient en fonction du temps et de la saison.<\/li>\n\n\n\n<li>Apr\u00e8s la travers\u00e9e de la lagune en bateau, vous devrez prendre part \u00e0 une&nbsp;<strong>promenade \u00e0 pied<\/strong>&nbsp;(<strong>magnifique) sur 200 \u00e0 400 m\u00e8tres jusqu\u2019\u00e0 la plage<\/strong>, en fonction des mar\u00e9es.&nbsp;Occasionnellement, \u00e0 mar\u00e9e haute, vous pourrez \u00eatre tenu de traverser une petite partie avec de l\u2019eau en dessous des genoux \u2013 travers\u00e9e facile, rafra\u00eechissante et amusante.<\/li>\n\n\n\n<li>En raison des restrictions impos\u00e9es par le parc naturel de Ria Formosa,&nbsp;<strong>il n\u2019existe pas de bar ni de&nbsp;toilettes<\/strong>&nbsp;sur la plage. Si vous pr\u00e9f\u00e9rez, vous pouvez emprunter le bateau (payant) de l\u2019autre c\u00f4t\u00e9 du village de Cabanas pour profiter d\u2019une plage disposant d\u2019un bar et d\u2019une salle de bains.<\/li>\n<\/ul>\n\n\n\n<h3 class=\"wp-block-heading\"><strong>Kids Club<\/strong><\/h3>\n\n\n\n<ul class=\"wp-block-list\">\n<li>Programme d\u2019&nbsp;<a href=\"https:\/\/goldenclubcabanas.com\/fr\/resort-algarve-tout-inclus\/kids-club\/\" target=\"_blank\" rel=\"noreferrer noopener\">animation pour enfants<\/a>&nbsp;entre le mois d\u2019avril et le mois d\u2019octobre, destin\u00e9 aux enfants&nbsp;<strong>\u00e2g\u00e9s de 3 \u00e0 12 ans<\/strong>.<\/li>\n\n\n\n<li>Les enfants de moins de 3 ans doivent \u00eatre accompagn\u00e9s d\u2019un parent en permanence. Les enfants de 3 ans doivent \u00eatre propres pour pouvoir participer aux activit\u00e9s sous la supervision des animateurs.<\/li>\n<\/ul>\n\n\n\n<h3 class=\"wp-block-heading\"><strong>Piscines ext\u00e9rieures<\/strong><\/h3>\n\n\n\n<ul class=\"wp-block-list\">\n<li>Acc\u00e8s gratuit aux&nbsp;<strong>piscines ext\u00e9rieures<\/strong>&nbsp;pour les clients du Golden Club Cabanas<strong>.<\/strong><\/li>\n\n\n\n<li><strong>Horaire<\/strong>&nbsp;: 9h00 \u2013 19h30.<\/li>\n\n\n\n<li>Les serviettes de&nbsp;la piscine sont de la responsabilit\u00e9 du client.<\/li>\n\n\n\n<li><strong>On vous prie de ne pas r\u00e9server les transats.<\/strong><\/li>\n<\/ul>\n\n\n\n<h3 class=\"wp-block-heading\"><strong>Health Club<\/strong><\/h3>\n\n\n\n<ul class=\"wp-block-list\">\n<li><strong>Horaire<\/strong>&nbsp;: 10h00 \u2013 12h45 \/ 14h00 \u2013 18h45.<\/li>\n\n\n\n<li>Acc\u00e8s gratuit \u00e0 la&nbsp;<strong>piscine int\u00e9rieure<\/strong>&nbsp;(chauff\u00e9e d\u2019octobre \u00e0 mai) et&nbsp;<strong>au jacuzzi.<\/strong>&nbsp;Pour acc\u00e9der \u00e0 la piscine int\u00e9rieure, le bonnet de bain est obligatoire&nbsp;; les serviettes de&nbsp;la piscine sont de la responsabilit\u00e9 du client.<\/li>\n\n\n\n<li><strong>Piscine couverte<\/strong>: les enfants \u00e2g\u00e9s de moins de 16 ans ont la permission d\u2019entrer et d\u2019y rester si ils sont accompagn\u00e9s par un adulte.<\/li>\n\n\n\n<li><strong>Salle de sport&nbsp;:&nbsp;<\/strong>l\u2019acc\u00e8s et l\u2019utilisation du gymnase sont possibles moyennant un co\u00fbt de 5.00 \u20ac par client \/ jour.<\/li>\n<\/ul>\n\n\n\n<h3 class=\"wp-block-heading\"><strong>Autres installations et services<\/strong><\/h3>\n\n\n\n<ul class=\"wp-block-list\">\n<li><a href=\"https:\/\/goldenclubcabanas.com\/fr\/resort-algarve-tout-inclus\/restaurant-bars\/\" target=\"_blank\" rel=\"noreferrer noopener\">Restaurant et bars<\/a>&nbsp;\u2013 Veuillez consulter les horaires \u00e0 l\u2019accueil.<\/li>\n\n\n\n<li><strong>Wifi<\/strong>&nbsp;<strong>gratuit<\/strong>&nbsp;pour nos clients dans la zone de l\u2019accueil (hall), des terrasses des bars et de la piscine-lac.<\/li>\n\n\n\n<li><strong>Acc\u00e8s<\/strong>&nbsp;\u2013 Pour acc\u00e9der \u00e0 nos installations et services, les clients doivent \u00eatre munis de notre bracelet.<\/li>\n<\/ul>\n\n\n\n<h3 class=\"wp-block-heading\"><strong>Plus d\u2019informations<\/strong><\/h3>\n\n\n\n<ul class=\"wp-block-list\">\n<li><strong>Stationnement de rue<\/strong>&nbsp;gratuit<strong>.<\/strong><\/li>\n\n\n\n<li><strong>Supermarch\u00e9<\/strong>&nbsp;SPAR \u00e0 400 m de l\u2019entr\u00e9e du complexe.<\/li>\n\n\n\n<li><strong>Autobus en direction de Tavira<\/strong>&nbsp;(transport en commun) \u00e0 l\u2019entr\u00e9e du complexe.<\/li>\n<\/ul>\n\n\n\n<h3 class=\"wp-block-heading\"><strong>R\u00e9servez avec nous<\/strong><\/h3>\n\n\n\n<p>Effectuez une r\u00e9servation avec nous&nbsp;<strong>pour une garantie de confort et de tranquillit\u00e9 et l\u2019acc\u00e8s \u00e0 toutes les installations et services du Golden Club Cabanas<\/strong>, y compris le restaurant, l\u2019animation pour enfants et l\u2019animation nocturne. Nous ne sommes responsables que de la qualit\u00e9 des appartements que nous g\u00e9rons, sous la marque Golden Club Cabanas, et r\u00e9serv\u00e9s aupr\u00e8s de notre entreprise (ou agences et op\u00e9rateurs autoris\u00e9s). Nous ne serons pas responsables de la location priv\u00e9e d\u2019autres appartements dans cette zone.utres appartements dans cette zone.<\/p>\n","protected":false},"excerpt":{"rendered":"<p>P\u00e9riodes de fonctionnement H\u00e9bergement Plage sur l\u2019\u00eele de Cabanas Kids Club Piscines ext\u00e9rieures Health Club Autres installations et services Plus d\u2019informations R\u00e9servez avec nous Effectuez une r\u00e9servation avec nous&nbsp;pour une garantie de confort et de tranquillit\u00e9 et l\u2019acc\u00e8s \u00e0 toutes les installations et services du Golden Club Cabanas, y compris le restaurant, l\u2019animation pour enfants &#8230; <a title=\"Informations Importantes\" class=\"read-more\" href=\"https:\/\/goldenclubcabanas.com\/fr\/plus-dinformations\/\" aria-label=\"En savoir plus sur Informations Importantes\">Lire plus<\/a><\/p>\n","protected":false},"author":2,"featured_media":0,"parent":0,"menu_order":0,"comment_status":"closed","ping_status":"closed","template":"page-templates\/page-content-template.php","meta":{"_acf_changed":false,"footnotes":""},"class_list":["post-4926","page","type-page","status-publish"],"acf":[],"yoast_head":"<!-- This site is optimized with the Yoast SEO Premium plugin v25.9 (Yoast SEO v25.9) - https:\/\/yoast.com\/wordpress\/plugins\/seo\/ -->\n<title>Informations Importantes - Golden Club Cabanas Aparthotel Algarve, Portugal<\/title>\n<meta name=\"description\" content=\"Infos Golden Club Cabanas : check-in\/out, m\u00e9nage, acc\u00e8s, bateau vers la plage d\u2019Ilha de Cabanas, Kids\u2019 Club, piscines et spa.\" \/>\n<meta name=\"robots\" content=\"index, follow, max-snippet:-1, max-image-preview:large, max-video-preview:-1\" \/>\n<link rel=\"canonical\" href=\"https:\/\/goldenclubcabanas.com\/fr\/plus-dinformations\/\" \/>\n<meta property=\"og:locale\" content=\"fr_FR\" \/>\n<meta property=\"og:type\" content=\"article\" \/>\n<meta property=\"og:title\" content=\"Informations Importantes\" \/>\n<meta property=\"og:description\" content=\"Infos Golden Club Cabanas : check-in\/out, m\u00e9nage, acc\u00e8s, bateau vers la plage d\u2019Ilha de Cabanas, Kids\u2019 Club, piscines et spa.\" \/>\n<meta property=\"og:url\" content=\"https:\/\/goldenclubcabanas.com\/fr\/plus-dinformations\/\" \/>\n<meta property=\"og:site_name\" content=\"Golden Club Cabanas Aparthotel Algarve, Portugal\" \/>\n<meta property=\"article:modified_time\" content=\"2026-04-14T16:07:40+00:00\" \/>\n<meta name=\"twitter:card\" content=\"summary_large_image\" \/>\n<meta name=\"twitter:label1\" content=\"Dur\u00e9e de lecture estim\u00e9e\" \/>\n\t<meta name=\"twitter:data1\" content=\"4 minutes\" \/>\n<script type=\"application\/ld+json\" class=\"yoast-schema-graph\">{\"@context\":\"https:\/\/schema.org\",\"@graph\":[{\"@type\":\"WebPage\",\"@id\":\"https:\/\/goldenclubcabanas.com\/fr\/plus-dinformations\/\",\"url\":\"https:\/\/goldenclubcabanas.com\/fr\/plus-dinformations\/\",\"name\":\"Informations Importantes - Golden Club Cabanas Aparthotel Algarve, Portugal\",\"isPartOf\":{\"@id\":\"https:\/\/goldenclubcabanas.com\/en\/#website\"},\"datePublished\":\"2025-09-23T13:37:33+00:00\",\"dateModified\":\"2026-04-14T16:07:40+00:00\",\"description\":\"Infos Golden Club Cabanas : check-in\/out, m\u00e9nage, acc\u00e8s, bateau vers la plage d\u2019Ilha de Cabanas, Kids\u2019 Club, piscines et spa.\",\"breadcrumb\":{\"@id\":\"https:\/\/goldenclubcabanas.com\/fr\/plus-dinformations\/#breadcrumb\"},\"inLanguage\":\"fr-FR\",\"potentialAction\":[{\"@type\":\"ReadAction\",\"target\":[\"https:\/\/goldenclubcabanas.com\/fr\/plus-dinformations\/\"]}]},{\"@type\":\"BreadcrumbList\",\"@id\":\"https:\/\/goldenclubcabanas.com\/fr\/plus-dinformations\/#breadcrumb\",\"itemListElement\":[{\"@type\":\"ListItem\",\"position\":1,\"name\":\"In\u00edcio\",\"item\":\"https:\/\/goldenclubcabanas.com\/fr\/\"},{\"@type\":\"ListItem\",\"position\":2,\"name\":\"Informations Importantes\"}]},{\"@type\":\"WebSite\",\"@id\":\"https:\/\/goldenclubcabanas.com\/en\/#website\",\"url\":\"https:\/\/goldenclubcabanas.com\/en\/\",\"name\":\"Golden Club Cabanas\",\"description\":\"\",\"potentialAction\":[{\"@type\":\"SearchAction\",\"target\":{\"@type\":\"EntryPoint\",\"urlTemplate\":\"https:\/\/goldenclubcabanas.com\/en\/?s={search_term_string}\"},\"query-input\":{\"@type\":\"PropertyValueSpecification\",\"valueRequired\":true,\"valueName\":\"search_term_string\"}}],\"inLanguage\":\"fr-FR\"}]}<\/script>\n<!-- \/ Yoast SEO Premium plugin. -->","yoast_head_json":{"title":"Informations Importantes - Golden Club Cabanas Aparthotel Algarve, Portugal","description":"Infos Golden Club Cabanas : check-in\/out, m\u00e9nage, acc\u00e8s, bateau vers la plage d\u2019Ilha de Cabanas, Kids\u2019 Club, piscines et spa.","robots":{"index":"index","follow":"follow","max-snippet":"max-snippet:-1","max-image-preview":"max-image-preview:large","max-video-preview":"max-video-preview:-1"},"canonical":"https:\/\/goldenclubcabanas.com\/fr\/plus-dinformations\/","og_locale":"fr_FR","og_type":"article","og_title":"Informations Importantes","og_description":"Infos Golden Club Cabanas : check-in\/out, m\u00e9nage, acc\u00e8s, bateau vers la plage d\u2019Ilha de Cabanas, Kids\u2019 Club, piscines et spa.","og_url":"https:\/\/goldenclubcabanas.com\/fr\/plus-dinformations\/","og_site_name":"Golden Club Cabanas Aparthotel Algarve, Portugal","article_modified_time":"2026-04-14T16:07:40+00:00","twitter_card":"summary_large_image","twitter_misc":{"Dur\u00e9e de lecture estim\u00e9e":"4 minutes"},"schema":{"@context":"https:\/\/schema.org","@graph":[{"@type":"WebPage","@id":"https:\/\/goldenclubcabanas.com\/fr\/plus-dinformations\/","url":"https:\/\/goldenclubcabanas.com\/fr\/plus-dinformations\/","name":"Informations Importantes - Golden Club Cabanas Aparthotel Algarve, Portugal","isPartOf":{"@id":"https:\/\/goldenclubcabanas.com\/en\/#website"},"datePublished":"2025-09-23T13:37:33+00:00","dateModified":"2026-04-14T16:07:40+00:00","description":"Infos Golden Club Cabanas : check-in\/out, m\u00e9nage, acc\u00e8s, bateau vers la plage d\u2019Ilha de Cabanas, Kids\u2019 Club, piscines et spa.","breadcrumb":{"@id":"https:\/\/goldenclubcabanas.com\/fr\/plus-dinformations\/#breadcrumb"},"inLanguage":"fr-FR","potentialAction":[{"@type":"ReadAction","target":["https:\/\/goldenclubcabanas.com\/fr\/plus-dinformations\/"]}]},{"@type":"BreadcrumbList","@id":"https:\/\/goldenclubcabanas.com\/fr\/plus-dinformations\/#breadcrumb","itemListElement":[{"@type":"ListItem","position":1,"name":"In\u00edcio","item":"https:\/\/goldenclubcabanas.com\/fr\/"},{"@type":"ListItem","position":2,"name":"Informations Importantes"}]},{"@type":"WebSite","@id":"https:\/\/goldenclubcabanas.com\/en\/#website","url":"https:\/\/goldenclubcabanas.com\/en\/","name":"Golden Club Cabanas","description":"","potentialAction":[{"@type":"SearchAction","target":{"@type":"EntryPoint","urlTemplate":"https:\/\/goldenclubcabanas.com\/en\/?s={search_term_string}"},"query-input":{"@type":"PropertyValueSpecification","valueRequired":true,"valueName":"search_term_string"}}],"inLanguage":"fr-FR"}]}},"_links":{"self":[{"href":"https:\/\/goldenclubcabanas.com\/fr\/wp-json\/wp\/v2\/pages\/4926","targetHints":{"allow":["GET"]}}],"collection":[{"href":"https:\/\/goldenclubcabanas.com\/fr\/wp-json\/wp\/v2\/pages"}],"about":[{"href":"https:\/\/goldenclubcabanas.com\/fr\/wp-json\/wp\/v2\/types\/page"}],"author":[{"embeddable":true,"href":"https:\/\/goldenclubcabanas.com\/fr\/wp-json\/wp\/v2\/users\/2"}],"replies":[{"embeddable":true,"href":"https:\/\/goldenclubcabanas.com\/fr\/wp-json\/wp\/v2\/comments?post=4926"}],"version-history":[{"count":12,"href":"https:\/\/goldenclubcabanas.com\/fr\/wp-json\/wp\/v2\/pages\/4926\/revisions"}],"predecessor-version":[{"id":7706,"href":"https:\/\/goldenclubcabanas.com\/fr\/wp-json\/wp\/v2\/pages\/4926\/revisions\/7706"}],"wp:attachment":[{"href":"https:\/\/goldenclubcabanas.com\/fr\/wp-json\/wp\/v2\/media?parent=4926"}],"curies":[{"name":"wp","href":"https:\/\/api.w.org\/{rel}","templated":true}]}}