{"id":3,"date":"2025-03-04T14:53:19","date_gmt":"2025-03-04T14:53:19","guid":{"rendered":"https:\/\/goldenclubcabanas.com\/?page_id=3"},"modified":"2025-12-11T15:44:59","modified_gmt":"2025-12-11T15:44:59","slug":"politica-de-privacidade","status":"publish","type":"page","link":"https:\/\/goldenclubcabanas.com\/pt-pt\/politica-de-privacidade\/","title":{"rendered":"Pol\u00edtica de Privacidade"},"content":{"rendered":"\n<p>Leia, por favor, esta Pol\u00edtica de Privacidade com aten\u00e7\u00e3o, pois o tratamento dos dados pessoais que nos disponibiliza implica o conhecimento e aceita\u00e7\u00e3o das condi\u00e7\u00f5es aqui constantes.<\/p>\n\n\n\n<h4 class=\"wp-block-heading\">Quem \u00e9 o respons\u00e1vel pela recolha e tratamento dos dados?<\/h4>\n\n\n\n<p>A 5 Sites Cabanas \u2013 Hotelaria, Servi\u00e7os e Imobili\u00e1ria S.A., doravante 5 Sites, \u00e9 a entidade respons\u00e1vel pela recolha e tratamento dos dados pessoais, podendo, no \u00e2mbito da sua atividade, recorrer a entidades por si subcontratadas para a prossecu\u00e7\u00e3o das finalidades aqui indicadas.<\/p>\n\n\n\n<p><br>A 5 Sites designou um <strong>Encarregado de Prote\u00e7\u00e3o de Dados (DPO)<\/strong>, que poder\u00e1 ser contactado atrav\u00e9s do endere\u00e7o de e-mail [\u25cf], para qualquer quest\u00e3o relacionada com o tratamento dos seus dados pessoais e exerc\u00edcio dos seus direitos.<\/p>\n\n\n\n<h4 class=\"wp-block-heading\">O que s\u00e3o dados pessoais?<\/h4>\n\n\n\n<p>Dados pessoais s\u00e3o qualquer informa\u00e7\u00e3o, de qualquer natureza e independentemente do respetivo suporte, incluindo som e imagem, relativa a uma pessoa singular identificada ou identific\u00e1vel. \u00c9 considerada identific\u00e1vel a pessoa que possa ser identificada direta ou indiretamente, designadamente por refer\u00eancia a um n\u00famero de identifica\u00e7\u00e3o ou a um ou mais elementos espec\u00edficos da sua identidade f\u00edsica, fisiol\u00f3gica, ps\u00edquica, econ\u00f3mica, cultural ou social.<\/p>\n\n\n\n<h4 class=\"wp-block-heading\">Que dados pessoais s\u00e3o recolhidos e tratados?<\/h4>\n\n\n\n<p>A 5 Sites procede \u00e0 recolha e ao tratamento, entre outros, dos seguintes dados pessoais:<\/p>\n\n\n\n<p><br><strong>Reservas<\/strong>: nome, endere\u00e7o de correio eletr\u00f3nico, n\u00famero de telefone, morada, m\u00e9todo de pagamento e detalhes da reserva<br><strong>Recrutamento<\/strong>: nome, endere\u00e7o de correio eletr\u00f3nico e curr\u00edculo<br><strong>Newsletter<\/strong>: endere\u00e7o de correio eletr\u00f3nico<\/p>\n\n\n\n<p><br>Ao navegar no website, a 5 Sites poder\u00e1 recolher informa\u00e7\u00e3o sobre o computador, incluindo endere\u00e7o de IP, sistema operativo e browser usado, para fins administrativos e de agrega\u00e7\u00e3o de informa\u00e7\u00e3o para os seus anunciantes.<br>A 5 Sites assume que os dados foram fornecidos pelo titular dos mesmos ou que este deu autoriza\u00e7\u00e3o para o efeito e presume que os mesmos s\u00e3o verdadeiros e se encontram atualizados.<\/p>\n\n\n\n<p><br><strong>Dados de menores<\/strong>: A recolha de dados pessoais de menores de 18 anos depende do consentimento dos pais ou representantes legais. A 5 Sites n\u00e3o recolhe nem trata conscientemente dados de menores sem essa condi\u00e7\u00e3o.<\/p>\n\n\n\n<h4 class=\"wp-block-heading\">De que forma s\u00e3o recolhidos os seus dados?<\/h4>\n\n\n\n<p>Os dados pessoais podem ser recolhidos atrav\u00e9s dos seguintes meios:<\/p>\n\n\n\n<p><br><strong>Correio eletr\u00f3nico<br>Website<br>Chamadas telef\u00f3nicas<br>Presencialmente<\/strong><\/p>\n\n\n\n<p><br>Os dados recolhidos s\u00e3o processados e armazenados informaticamente e no estrito cumprimento da legisla\u00e7\u00e3o de prote\u00e7\u00e3o de dados pessoais, sendo armazenados em bases de dados espec\u00edficas, criadas para o efeito, pela 5 Sites ou pelas entidades por este\/a subcontratadas.<\/p>\n\n\n\n<p><br>Alguns dados pessoais recolhidos no website s\u00e3o de preenchimento obrigat\u00f3rio e, em caso de falta ou insufici\u00eancia desses dados, a 5 Sites poder\u00e1 n\u00e3o conseguir prestar-lhe os servi\u00e7os ou as informa\u00e7\u00f5es por si solicitadas. Em cada caso concreto, a 5 Sites inform\u00e1-lo-\u00e1 da natureza obrigat\u00f3ria do fornecimento dos dados pessoais em causa.<\/p>\n\n\n\n<h4 class=\"wp-block-heading\">Quais as finalidades e fundamentos para o tratamento dos seus dados?<\/h4>\n\n\n\n<p>De acordo com os princ\u00edpios da prote\u00e7\u00e3o de dados, a 5 Sites s\u00f3 poder\u00e1 proceder ao tratamento dos seus dados pessoais para finalidades determinadas e se tiver base legal para o fazer.<br>A 5 Sites utiliza os seus dados para os seguintes fins e com base nos seguintes fundamentos:<\/p>\n\n\n\n<p><br><strong>A. Fundamento: contrato de servi\u00e7os hoteleiros<\/strong><br>(a) Gest\u00e3o de reservas e estadias<br>(b) Pedidos de or\u00e7amento, informa\u00e7\u00f5es e confirma\u00e7\u00e3o de reservas<br>(c) Registo de prefer\u00eancias (quarto preferido, mobilidade, etc.)<br>(d) Fatura\u00e7\u00e3o e verifica\u00e7\u00e3o dos meios de pagamento<br>(e) Fornecimento das informa\u00e7\u00f5es necess\u00e1rias \u00e0 sua estadia no Hotel<br>(f) Apoio ao cliente<\/p>\n\n\n\n<p><br><strong>B. Fundamento: consentimento<\/strong><br>(g) Envio de newsletters (caso n\u00e3o seja nosso cliente)<br>(h) Envio de a\u00e7\u00f5es de marketing (caso n\u00e3o seja nosso cliente)<br>(i) Programas de fideliza\u00e7\u00e3o<\/p>\n\n\n\n<p><br><strong>C. Fundamento: obriga\u00e7\u00f5es legais<\/strong><br>(j) Gest\u00e3o de reclama\u00e7\u00f5es<br>(k) Cumprimento de outras obriga\u00e7\u00f5es legais ou regulamentares<\/p>\n\n\n\n<p><br><strong>D. Fundamento: interesse leg\u00edtimo<\/strong><br>(l) Realiza\u00e7\u00e3o de question\u00e1rios de satisfa\u00e7\u00e3o relacionados com a sua estadia<br>(m) Realiza\u00e7\u00e3o de estudos de mercado, inqu\u00e9ritos de avalia\u00e7\u00e3o e an\u00e1lises estat\u00edsticas<br>(n) Agenda de contactos<\/p>\n\n\n\n<p><strong><br>E. Fundamento: dilig\u00eancias pr\u00e9-contratuais<\/strong><br>(o) Recrutamento<br>Para a prossecu\u00e7\u00e3o das finalidades acima identificadas, a 5 Sites poder\u00e1 proceder \u00e0 interconex\u00e3o dos dados recolhidos, com o prop\u00f3sito de atualizar e completar tais dados.<\/p>\n\n\n\n<h4 class=\"wp-block-heading\">Com quem s\u00e3o partilhados os seus dados?<\/h4>\n\n\n\n<p>Os dados recolhidos e detidos pela 5 Sites poder\u00e3o ser transmitidos, com respeito pelo dever de confidencialidade e pelo princ\u00edpio da finalidade que presidiu \u00e0 sua recolha, para as seguintes entidades:<\/p>\n\n\n\n<p><br>(a) Entidades do grupo em que a 5 Sites est\u00e1 inserido<br>(b) Autoridades judiciais ou administrativas, nos casos em que tal ced\u00eancia seja obrigat\u00f3ria<br>(c) Empresas de recrutamento e sele\u00e7\u00e3o<br>(d) Subcontratantes que proceder\u00e3o ao tratamento dos dados por conta da 5 Sites e de acordo com as finalidades por esta determinadas<\/p>\n\n\n\n<h4 class=\"wp-block-heading\">Cookies<\/h4>\n\n\n\n<p>Cookies s\u00e3o pequenos peda\u00e7os de informa\u00e7\u00f5es que podem ajudar a identificar o seu browser e que podem armazenar informa\u00e7\u00f5es, por exemplo, configura\u00e7\u00f5es e prefer\u00eancias do Utilizador.<br>A 5 Sites poder\u00e1 armazenar cookies no seu dispositivo para personalizar e facilitar ao m\u00e1ximo a navega\u00e7\u00e3o, n\u00e3o fornecendo esses mesmos cookies refer\u00eancias ou dados pessoais do Utilizador.<br>Para mais informa\u00e7\u00e3o dever\u00e1 ler a nossa <a href=\"https:\/\/goldenclubcabanas.com\/politica-de-cookies\/\" data-type=\"link\" data-id=\"https:\/\/goldenclubcabanas.com\/politica-de-cookies\/\">Pol\u00edtica de Cookies<\/a>.<\/p>\n\n\n\n<h4 class=\"wp-block-heading\">Quais s\u00e3o os seus direitos?<\/h4>\n\n\n\n<p>Nos termos da Lei da Prote\u00e7\u00e3o de Dados Pessoais, garantimos-lhe os seguintes direitos:<\/p>\n\n\n\n<p><br>Acesso, atualiza\u00e7\u00e3o, retifica\u00e7\u00e3o, elimina\u00e7\u00e3o, portabilidade e apagamento dos seus dados pessoais<br>Oposi\u00e7\u00e3o \u00e0 utiliza\u00e7\u00e3o dos dados facultados para fins de marketing, envio de comunica\u00e7\u00f5es informativas ou inclus\u00e3o em listas ou servi\u00e7os informativos<br>Limita\u00e7\u00e3o do tratamento, nos termos previstos no artigo 18.\u00ba do RGPD<br>Retirada do consentimento, a qualquer momento, sem comprometer a licitude do tratamento efetuado at\u00e9 ent\u00e3o<\/p>\n\n\n\n<p><br>O exerc\u00edcio destes direitos dever\u00e1 ser realizado atrav\u00e9s do endere\u00e7o de correio eletr\u00f3nico rgpd@goldenclubcabanas.com ou por escrito para a morada: Golden Club Cabanas, Rua Tuber\u00e1ria Major, 8800-591 Cabanas de Tavira, Portugal.<\/p>\n\n\n\n<p><br>A 5 Sites compromete-se a responder a tais pedidos no prazo m\u00e1ximo de 30 dias, prorrog\u00e1vel em casos de especial complexidade at\u00e9 60 dias, sendo o titular devidamente informado.<\/p>\n\n\n\n<p><br>Poder\u00e1 ainda apresentar reclama\u00e7\u00f5es perante a <strong>Comiss\u00e3o Nacional da Prote\u00e7\u00e3o de Dados (CNPD)<\/strong>.<\/p>\n\n\n\n<h4 class=\"wp-block-heading\">Por quanto tempo s\u00e3o armazenados os seus dados?<\/h4>\n\n\n\n<p>O per\u00edodo durante o qual os dados s\u00e3o armazenados e conservados varia de acordo com a finalidade para a qual a informa\u00e7\u00e3o \u00e9 tratada. Sempre que n\u00e3o exista uma exig\u00eancia legal espec\u00edfica, os dados ser\u00e3o conservados apenas pelo per\u00edodo m\u00ednimo necess\u00e1rio.<\/p>\n\n\n\n<p><br>Exemplos:<br>Dados de fatura\u00e7\u00e3o: 10 anos (obriga\u00e7\u00e3o legal)<br>Dados de recrutamento: at\u00e9 2 anos ap\u00f3s o t\u00e9rmino do processo, salvo consentimento para conserva\u00e7\u00e3o por per\u00edodo superior<br>Dados de marketing: at\u00e9 retirada do consentimento ou exerc\u00edcio do direito de oposi\u00e7\u00e3o<\/p>\n\n\n\n<h4 class=\"wp-block-heading\">Os seus dados s\u00e3o tratados de forma segura?<\/h4>\n\n\n\n<p>A 5 Sites assume o compromisso de garantir a prote\u00e7\u00e3o da seguran\u00e7a dos seus dados. Para o efeito, adotou diversas medidas de seguran\u00e7a, de car\u00e1cter t\u00e9cnico e organizativo, de forma a proteger os dados pessoais que nos disponibiliza contra a sua difus\u00e3o, perda, uso indevido, altera\u00e7\u00e3o, tratamento ou acesso n\u00e3o autorizado, bem como contra qualquer outra forma de tratamento il\u00edcito.<br>A 5 Sites exige dos seus subcontratantes e dos seus parceiros a ado\u00e7\u00e3o de medidas de seguran\u00e7a equivalentes \u00e0quelas que pratica.<br>N\u00e3o obstante as medidas de seguran\u00e7a praticadas pela 5 Sites, o utilizador deve adotar medidas adicionais de seguran\u00e7a, designadamente assegurar que utiliza equipamentos e um browser atualizados, adequadamente configurados, com firewall ativa, antiv\u00edrus e anti spyware, bem como certificar-se da autenticidade dos sites que visita na internet.<\/p>\n\n\n\n<h4 class=\"wp-block-heading\">Comunica\u00e7\u00f5es<\/h4>\n\n\n\n<p>A 5 Sites reconhece que poder\u00e1 comunicar dados dos Utilizadores no \u00e2mbito de processos de fus\u00e3o, aquisi\u00e7\u00e3o e\/ou incorpora\u00e7\u00e3o em que se encontre, n\u00e3o se considerando essa comunica\u00e7\u00e3o como uma transfer\u00eancia de dados para terceiros, nem existindo qualquer tratamento subcontratado.<br>A 5 Sites poder\u00e1 ainda transmitir dados a terceiros no \u00e2mbito de investiga\u00e7\u00f5es, inqu\u00e9ritos e processos judiciais e\/ou administrativos ou de natureza semelhante, desde que, para tal, seja devidamente ordenada por ordem judicial nesse sentido.<\/p>\n\n\n\n<h4 class=\"wp-block-heading\">Transfer\u00eancia dos dados<\/h4>\n\n\n\n<p>Caso ocorram transfer\u00eancias de dados pessoais para pa\u00edses terceiros que n\u00e3o perten\u00e7am \u00e0 Uni\u00e3o Europeia ou ao Espa\u00e7o Econ\u00f3mico Europeu, a 5 Sites assegurar\u00e1 que tais transfer\u00eancias apenas t\u00eam lugar para pa\u00edses relativamente aos quais exista decis\u00e3o de adequa\u00e7\u00e3o da Comiss\u00e3o Europeia, ou mediante a ado\u00e7\u00e3o de cl\u00e1usulas contratuais-tipo aprovadas pela Comiss\u00e3o Europeia ou outros mecanismos legalmente previstos que garantam a prote\u00e7\u00e3o adequada dos dados pessoais.<br>O uso das redes sociais da 5 Sites poder\u00e1 implicar transmiss\u00e3o de dados para os prestadores de servi\u00e7os das redes sociais, os quais podem estar sediados fora da Uni\u00e3o Europeia ou do Espa\u00e7o Econ\u00f3mico Europeu. A 5 Sites n\u00e3o se responsabiliza pelos dados que o utilizador disponibilizar nas redes sociais.<\/p>\n\n\n\n<h4 class=\"wp-block-heading\">Altera\u00e7\u00f5es \u00e0 Pol\u00edtica de Privacidade<\/h4>\n\n\n\n<p>A 5 Sites reserva-se o direito de, a qualquer altura, proceder a reajustamentos ou altera\u00e7\u00f5es \u00e0 presente Pol\u00edtica de Privacidade, sendo essas altera\u00e7\u00f5es devidamente publicitadas em: A 5 Sites reserva-se o direito de, a qualquer altura, proceder a reajustamentos ou altera\u00e7\u00f5es \u00e0 presente Pol\u00edtica de Privacidade, sendo essas altera\u00e7\u00f5es devidamente publicitadas em: <a href=\"https:\/\/goldenclubcabanas.com\/\" data-type=\"link\" data-id=\"https:\/\/goldenclubcabanas.com\/\">www.goldenclubcabanas.com<\/a><\/p>\n\n\n\n<p><\/p>\n","protected":false},"excerpt":{"rendered":"<p>Leia, por favor, esta Pol\u00edtica de Privacidade com aten\u00e7\u00e3o, pois o tratamento dos dados pessoais que nos disponibiliza implica o conhecimento e aceita\u00e7\u00e3o das condi\u00e7\u00f5es aqui constantes. Quem \u00e9 o respons\u00e1vel pela recolha e tratamento dos dados? A 5 Sites Cabanas \u2013 Hotelaria, Servi\u00e7os e Imobili\u00e1ria S.A., doravante 5 Sites, \u00e9 a entidade respons\u00e1vel pela &#8230; <a title=\"Pol\u00edtica de Privacidade\" class=\"read-more\" href=\"https:\/\/goldenclubcabanas.com\/pt-pt\/politica-de-privacidade\/\" aria-label=\"Leia mais sobre Pol\u00edtica de Privacidade\">Ler mais<\/a><\/p>\n","protected":false},"author":1,"featured_media":0,"parent":0,"menu_order":101,"comment_status":"closed","ping_status":"closed","template":"page-templates\/page-content-template.php","meta":{"_acf_changed":false,"footnotes":""},"class_list":["post-3","page","type-page","status-publish"],"acf":[],"yoast_head":"<!-- This site is optimized with the Yoast SEO Premium plugin v25.9 (Yoast SEO v25.9) - https:\/\/yoast.com\/wordpress\/plugins\/seo\/ -->\n<title>Pol\u00edtica de Privacidade - Golden Club Cabanas Aparthotel Algarve, Portugal<\/title>\n<meta name=\"description\" content=\"Pol\u00edtica de Privacidade do Golden Club Cabanas: como recolhemos, usamos e protegemos os seus dados. Direitos, contactos e op\u00e7\u00f5es.\" \/>\n<meta name=\"robots\" content=\"index, follow, max-snippet:-1, max-image-preview:large, max-video-preview:-1\" \/>\n<link rel=\"canonical\" href=\"https:\/\/goldenclubcabanas.com\/pt-pt\/politica-de-privacidade\/\" \/>\n<meta property=\"og:locale\" content=\"pt_PT\" \/>\n<meta property=\"og:type\" content=\"article\" \/>\n<meta property=\"og:title\" content=\"Pol\u00edtica de Privacidade\" \/>\n<meta property=\"og:description\" content=\"Pol\u00edtica de Privacidade do Golden Club Cabanas: como recolhemos, usamos e protegemos os seus dados. Direitos, contactos e op\u00e7\u00f5es.\" \/>\n<meta property=\"og:url\" content=\"https:\/\/goldenclubcabanas.com\/pt-pt\/politica-de-privacidade\/\" \/>\n<meta property=\"og:site_name\" content=\"Golden Club Cabanas Aparthotel Algarve, Portugal\" \/>\n<meta property=\"article:modified_time\" content=\"2025-12-11T15:44:59+00:00\" \/>\n<meta name=\"twitter:card\" content=\"summary_large_image\" \/>\n<meta name=\"twitter:label1\" content=\"Tempo estimado de leitura\" \/>\n\t<meta name=\"twitter:data1\" content=\"9 minutos\" \/>\n<script type=\"application\/ld+json\" class=\"yoast-schema-graph\">{\"@context\":\"https:\/\/schema.org\",\"@graph\":[{\"@type\":\"WebPage\",\"@id\":\"https:\/\/goldenclubcabanas.com\/pt-pt\/politica-de-privacidade\/\",\"url\":\"https:\/\/goldenclubcabanas.com\/pt-pt\/politica-de-privacidade\/\",\"name\":\"Pol\u00edtica de Privacidade - Golden Club Cabanas Aparthotel Algarve, Portugal\",\"isPartOf\":{\"@id\":\"https:\/\/goldenclubcabanas.com\/en\/#website\"},\"datePublished\":\"2025-03-04T14:53:19+00:00\",\"dateModified\":\"2025-12-11T15:44:59+00:00\",\"description\":\"Pol\u00edtica de Privacidade do Golden Club Cabanas: como recolhemos, usamos e protegemos os seus dados. Direitos, contactos e op\u00e7\u00f5es.\",\"breadcrumb\":{\"@id\":\"https:\/\/goldenclubcabanas.com\/pt-pt\/politica-de-privacidade\/#breadcrumb\"},\"inLanguage\":\"pt-PT\",\"potentialAction\":[{\"@type\":\"ReadAction\",\"target\":[\"https:\/\/goldenclubcabanas.com\/pt-pt\/politica-de-privacidade\/\"]}]},{\"@type\":\"BreadcrumbList\",\"@id\":\"https:\/\/goldenclubcabanas.com\/pt-pt\/politica-de-privacidade\/#breadcrumb\",\"itemListElement\":[{\"@type\":\"ListItem\",\"position\":1,\"name\":\"In\u00edcio\",\"item\":\"https:\/\/goldenclubcabanas.com\/pt-pt\/\"},{\"@type\":\"ListItem\",\"position\":2,\"name\":\"Pol\u00edtica de Privacidade\"}]},{\"@type\":\"WebSite\",\"@id\":\"https:\/\/goldenclubcabanas.com\/en\/#website\",\"url\":\"https:\/\/goldenclubcabanas.com\/en\/\",\"name\":\"Golden Club Cabanas\",\"description\":\"\",\"potentialAction\":[{\"@type\":\"SearchAction\",\"target\":{\"@type\":\"EntryPoint\",\"urlTemplate\":\"https:\/\/goldenclubcabanas.com\/en\/?s={search_term_string}\"},\"query-input\":{\"@type\":\"PropertyValueSpecification\",\"valueRequired\":true,\"valueName\":\"search_term_string\"}}],\"inLanguage\":\"pt-PT\"}]}<\/script>\n<!-- \/ Yoast SEO Premium plugin. -->","yoast_head_json":{"title":"Pol\u00edtica de Privacidade - Golden Club Cabanas Aparthotel Algarve, Portugal","description":"Pol\u00edtica de Privacidade do Golden Club Cabanas: como recolhemos, usamos e protegemos os seus dados. Direitos, contactos e op\u00e7\u00f5es.","robots":{"index":"index","follow":"follow","max-snippet":"max-snippet:-1","max-image-preview":"max-image-preview:large","max-video-preview":"max-video-preview:-1"},"canonical":"https:\/\/goldenclubcabanas.com\/pt-pt\/politica-de-privacidade\/","og_locale":"pt_PT","og_type":"article","og_title":"Pol\u00edtica de Privacidade","og_description":"Pol\u00edtica de Privacidade do Golden Club Cabanas: como recolhemos, usamos e protegemos os seus dados. Direitos, contactos e op\u00e7\u00f5es.","og_url":"https:\/\/goldenclubcabanas.com\/pt-pt\/politica-de-privacidade\/","og_site_name":"Golden Club Cabanas Aparthotel Algarve, Portugal","article_modified_time":"2025-12-11T15:44:59+00:00","twitter_card":"summary_large_image","twitter_misc":{"Tempo estimado de leitura":"9 minutos"},"schema":{"@context":"https:\/\/schema.org","@graph":[{"@type":"WebPage","@id":"https:\/\/goldenclubcabanas.com\/pt-pt\/politica-de-privacidade\/","url":"https:\/\/goldenclubcabanas.com\/pt-pt\/politica-de-privacidade\/","name":"Pol\u00edtica de Privacidade - Golden Club Cabanas Aparthotel Algarve, Portugal","isPartOf":{"@id":"https:\/\/goldenclubcabanas.com\/en\/#website"},"datePublished":"2025-03-04T14:53:19+00:00","dateModified":"2025-12-11T15:44:59+00:00","description":"Pol\u00edtica de Privacidade do Golden Club Cabanas: como recolhemos, usamos e protegemos os seus dados. Direitos, contactos e op\u00e7\u00f5es.","breadcrumb":{"@id":"https:\/\/goldenclubcabanas.com\/pt-pt\/politica-de-privacidade\/#breadcrumb"},"inLanguage":"pt-PT","potentialAction":[{"@type":"ReadAction","target":["https:\/\/goldenclubcabanas.com\/pt-pt\/politica-de-privacidade\/"]}]},{"@type":"BreadcrumbList","@id":"https:\/\/goldenclubcabanas.com\/pt-pt\/politica-de-privacidade\/#breadcrumb","itemListElement":[{"@type":"ListItem","position":1,"name":"In\u00edcio","item":"https:\/\/goldenclubcabanas.com\/pt-pt\/"},{"@type":"ListItem","position":2,"name":"Pol\u00edtica de Privacidade"}]},{"@type":"WebSite","@id":"https:\/\/goldenclubcabanas.com\/en\/#website","url":"https:\/\/goldenclubcabanas.com\/en\/","name":"Golden Club Cabanas","description":"","potentialAction":[{"@type":"SearchAction","target":{"@type":"EntryPoint","urlTemplate":"https:\/\/goldenclubcabanas.com\/en\/?s={search_term_string}"},"query-input":{"@type":"PropertyValueSpecification","valueRequired":true,"valueName":"search_term_string"}}],"inLanguage":"pt-PT"}]}},"_links":{"self":[{"href":"https:\/\/goldenclubcabanas.com\/pt-pt\/wp-json\/wp\/v2\/pages\/3","targetHints":{"allow":["GET"]}}],"collection":[{"href":"https:\/\/goldenclubcabanas.com\/pt-pt\/wp-json\/wp\/v2\/pages"}],"about":[{"href":"https:\/\/goldenclubcabanas.com\/pt-pt\/wp-json\/wp\/v2\/types\/page"}],"author":[{"embeddable":true,"href":"https:\/\/goldenclubcabanas.com\/pt-pt\/wp-json\/wp\/v2\/users\/1"}],"replies":[{"embeddable":true,"href":"https:\/\/goldenclubcabanas.com\/pt-pt\/wp-json\/wp\/v2\/comments?post=3"}],"version-history":[{"count":4,"href":"https:\/\/goldenclubcabanas.com\/pt-pt\/wp-json\/wp\/v2\/pages\/3\/revisions"}],"predecessor-version":[{"id":4321,"href":"https:\/\/goldenclubcabanas.com\/pt-pt\/wp-json\/wp\/v2\/pages\/3\/revisions\/4321"}],"wp:attachment":[{"href":"https:\/\/goldenclubcabanas.com\/pt-pt\/wp-json\/wp\/v2\/media?parent=3"}],"curies":[{"name":"wp","href":"https:\/\/api.w.org\/{rel}","templated":true}]}}