{"id":4772,"date":"2025-09-23T13:37:33","date_gmt":"2025-09-23T13:37:33","guid":{"rendered":"https:\/\/goldenclubcabanas.com\/?page_id=4772"},"modified":"2026-04-14T16:04:57","modified_gmt":"2026-04-14T16:04:57","slug":"mais-informacoes","status":"publish","type":"page","link":"https:\/\/goldenclubcabanas.com\/pt-pt\/mais-informacoes\/","title":{"rendered":"Informa\u00e7\u00f5es Importantes"},"content":{"rendered":"\n<h3 class=\"wp-block-heading\" id=\"h-periodos-de-funcionamento\">Per\u00edodos de funcionamento<\/h3>\n\n\n\n<p>As datas de abertura e encerramento de&nbsp;algumas&nbsp;<strong>instala\u00e7\u00f5es que encerram no inverno<\/strong>, como o Kids\u2019 Club e o Bar A Vela, podem variar de ano para ano. Se planear as suas f\u00e9rias para os meses de&nbsp;<strong>abril a&nbsp;outubro<\/strong>&nbsp;e pretender usufruir<\/p>\n\n\n\n<h3 class=\"wp-block-heading\" id=\"h-alojamento\">Alojamento<\/h3>\n\n\n\n<ul class=\"wp-block-list\">\n<li><strong>Check-in<\/strong>&nbsp;a partir das 17h00.&nbsp;<strong>Check-out<\/strong>&nbsp;at\u00e9 \u00e0s 10h00.<\/li>\n\n\n\n<li>Limpeza dos apartamentos a cada 2 dias. Mudan\u00e7a de&nbsp;<strong>toalhas<\/strong>&nbsp;2 vezes por semana. Mudan\u00e7a de&nbsp;<strong>len\u00e7\u00f3is<\/strong>&nbsp;1 vez por semana.<\/li>\n\n\n\n<li>Mudan\u00e7a&nbsp;de&nbsp;<strong>toalhas<\/strong>&nbsp;s\u00f3 \u00e9 efetuada&nbsp;em&nbsp;<strong>estadias a partir de 4 noites<\/strong>.<\/li>\n\n\n\n<li>Os servi\u00e7os de limpeza&nbsp;<strong>n\u00e3o incluem lavagem de loi\u00e7a e arruma\u00e7\u00e3o da cozinha<\/strong>.<\/li>\n\n\n\n<li>Os edif\u00edcios t\u00eam quatro pisos e os edif\u00edcios mais afastados do Setor Poente est\u00e3o a\u00a0<strong>500 m do restaurante<\/strong>. Dado termos apartamentos apenas com acesso por escada (sem elevador), por favor consulte-nos antes de reservar se tiver qualquer dificuldade em andar ou subir escadas.<\/li>\n\n\n\n<li><strong>A arquitetura, o equipamento e a decora\u00e7\u00e3o dos apartamentos variam<\/strong>&nbsp;e podem n\u00e3o corresponder exatamente \u00e0s fotografias apresentadas neste website.<\/li>\n\n\n\n<li>Lamentamos n\u00e3o poder acolher&nbsp;<strong>animais de estima\u00e7\u00e3o.<\/strong><\/li>\n<\/ul>\n\n\n\n<h3 class=\"wp-block-heading\" id=\"h-praia-na-ilha-de-cabanas\">Praia na Ilha de Cabanas<\/h3>\n\n\n\n<ul class=\"wp-block-list\">\n<li>As&nbsp;<strong>toalhas<\/strong>&nbsp;de praia&nbsp;s\u00e3o da responsabilidade do cliente.<\/li>\n\n\n\n<li>O&nbsp;<strong>barco para a praia<\/strong>&nbsp;\u00e9 gratuito e exclusivo para os clientes do Golden Club Cabanas. Os&nbsp;<strong>hor\u00e1rios<\/strong>&nbsp;do barco s\u00e3o afixados na rece\u00e7\u00e3o, de acordo com o tempo e a \u00e9poca do ano.<\/li>\n\n\n\n<li>Depois de atravessar a ria de barco, tem um&nbsp;<strong>passeio a p\u00e9<\/strong>&nbsp;(<strong>lindo) de 200 a 400 metros at\u00e9 \u00e0 praia<\/strong>, consoante as mar\u00e9s.&nbsp;Ocasionalmente, na preia-mar, poder\u00e1 ter de passar um breve tro\u00e7o com \u00e1gua abaixo dos joelhos \u2013 f\u00e1cil, refrescante e divertido.<\/li>\n\n\n\n<li>Devido \u00e0s restri\u00e7\u00f5es impostas pelo Parque Natural da Ria Formosa,&nbsp;<strong>n\u00e3o existe bar nem&nbsp;casas de banho<\/strong>&nbsp;na praia. Se preferir, pode apanhar o barco (pago) do outro lado da vila de Cabanas para desfrutar de uma praia com bar e casas de banho.<\/li>\n<\/ul>\n\n\n\n<h3 class=\"wp-block-heading\" id=\"h-kids-club\">Kids\u2019 Club<\/h3>\n\n\n\n<ul class=\"wp-block-list\">\n<li>Programa de&nbsp;<a href=\"https:\/\/goldenclubcabanas.com\/pt\/resort-algarve-tudo-incluido\/kids-club\/\">anima\u00e7\u00e3o infantil<\/a>&nbsp;de abril a outubro, para crian\u00e7as&nbsp;<strong>dos 3 aos 12 anos<\/strong>.<\/li>\n\n\n\n<li>Crian\u00e7as menores de 3 anos devem estar sempre acompanhadas pelos pais, e crian\u00e7as com 3 anos s\u00f3 podem ficar ao encargo dos animadores se j\u00e1 n\u00e3o utilizarem fralda.<\/li>\n<\/ul>\n\n\n\n<h3 class=\"wp-block-heading\" id=\"h-piscinas-exteriores\">Piscinas Exteriores<\/h3>\n\n\n\n<ul class=\"wp-block-list\">\n<li>Acesso gratuito \u00e0s&nbsp;<strong>piscinas exteriores<\/strong>&nbsp;para clientes do Golden Club Cabanas<strong>.<\/strong><\/li>\n\n\n\n<li><strong>Hor\u00e1rio<\/strong>: 9h00 \u2013 19h30.<\/li>\n\n\n\n<li>As toalhas de&nbsp;piscina s\u00e3o da responsabilidade do cliente.<\/li>\n\n\n\n<li><strong>\u00c9 proibido reservar espregui\u00e7adeiras nas piscinas<\/strong>.<\/li>\n<\/ul>\n\n\n\n<h3 class=\"wp-block-heading\" id=\"h-health-club\">Health Club<\/h3>\n\n\n\n<ul class=\"wp-block-list\">\n<li><strong>Hor\u00e1rio<\/strong>: 10h00 \u2013 12h45 \/ 14h00 \u2013 18h45.<\/li>\n\n\n\n<li>Acesso gratuito \u00e0&nbsp;<strong>piscina interior<\/strong>&nbsp;(aquecida de outubro a maio),&nbsp;<strong>sauna<\/strong>,&nbsp;<strong>banho turco<\/strong>&nbsp;e&nbsp;<strong>jacuzzi.<\/strong>&nbsp;A piscina interior obriga a&nbsp;uso de toucas; as toalhas de&nbsp;piscina s\u00e3o da responsabilidade do cliente.<\/li>\n\n\n\n<li><strong>Piscina interior:<\/strong>&nbsp;Apenas \u00e9 permitida a entrada e perman\u00eancia de crian\u00e7as com idade inferior a 16 anos quando acompanhadas por um adulto.<\/li>\n\n\n\n<li><strong>Gin\u00e1sio:&nbsp;<\/strong>o acesso e utiliza\u00e7\u00e3o do gin\u00e1sio tem o custo de 5,00\u20ac por pessoa\/dia.<\/li>\n<\/ul>\n\n\n\n<h3 class=\"wp-block-heading\" id=\"h-outras-instalacoes-e-servicos\">Outras instala\u00e7\u00f5es e servi\u00e7os<\/h3>\n\n\n\n<ul class=\"wp-block-list\">\n<li><a href=\"https:\/\/goldenclubcabanas.com\/pt\/resort-algarve-tudo-incluido\/restaurante-bar\/\">Restaurante e bares<\/a>&nbsp;\u2013 Por favor consulte os hor\u00e1rios na rece\u00e7\u00e3o.<\/li>\n\n\n\n<li><strong>Wifi<\/strong>&nbsp;<strong>gratuito<\/strong>&nbsp;para os nossos clientes nos apartamentos, na \u00e1rea da rece\u00e7\u00e3o (lobby), nas esplanadas dos bares e nas piscinas exteriores.<\/li>\n\n\n\n<li><strong>Acesso<\/strong>&nbsp;\u2013 Para aceder \u00e0s nossas instala\u00e7\u00f5es e servi\u00e7os, os h\u00f3spedes devem usar a nossa pulseira.<\/li>\n<\/ul>\n\n\n\n<h3 class=\"wp-block-heading\" id=\"h-mais-informacao\">Mais informa\u00e7\u00e3o<\/h3>\n\n\n\n<ul class=\"wp-block-list\">\n<li><strong>Estacionamento de rua<\/strong>&nbsp;gratuito<strong>.<\/strong><\/li>\n\n\n\n<li><strong>Supermercado<\/strong>&nbsp;SPAR a 400 m da entrada do resort.<\/li>\n\n\n\n<li><strong>Autocarro para Tavira<\/strong>&nbsp;(transporte p\u00fablico) \u00e0 entrada do resort.<\/li>\n<\/ul>\n\n\n\n<h3 class=\"wp-block-heading\" id=\"h-reserve-connosco\">Reserve connosco<\/h3>\n\n\n\n<p>Reserve connosco&nbsp;<strong>para garantir o seu conforto e tranquilidade e o acesso a todas as instala\u00e7\u00f5es e servi\u00e7os do Golden Club Cabanas<\/strong>, incluindo restaurante, anima\u00e7\u00e3o infantil e anima\u00e7\u00e3o noturna. S\u00f3 podemos responsabilizar-nos pela qualidade dos apartamentos que s\u00e3o geridos por n\u00f3s, sob a marca Golden Club Cabanas, e reservados atrav\u00e9s da nossa empresa (ou ag\u00eancias e operadores autorizados). N\u00e3o nos responsabilizamos pelo aluguer privado de outros apartamentos nesta zona.<\/p>\n","protected":false},"excerpt":{"rendered":"<p>Per\u00edodos de funcionamento As datas de abertura e encerramento de&nbsp;algumas&nbsp;instala\u00e7\u00f5es que encerram no inverno, como o Kids\u2019 Club e o Bar A Vela, podem variar de ano para ano. Se planear as suas f\u00e9rias para os meses de&nbsp;abril a&nbsp;outubro&nbsp;e pretender usufruir Alojamento Praia na Ilha de Cabanas Kids\u2019 Club Piscinas Exteriores Health Club Outras instala\u00e7\u00f5es &#8230; <a title=\"Informa\u00e7\u00f5es Importantes\" class=\"read-more\" href=\"https:\/\/goldenclubcabanas.com\/pt-pt\/mais-informacoes\/\" aria-label=\"Leia mais sobre Informa\u00e7\u00f5es Importantes\">Ler mais<\/a><\/p>\n","protected":false},"author":2,"featured_media":0,"parent":0,"menu_order":0,"comment_status":"closed","ping_status":"closed","template":"page-templates\/page-content-template.php","meta":{"_acf_changed":false,"footnotes":""},"class_list":["post-4772","page","type-page","status-publish"],"acf":[],"yoast_head":"<!-- This site is optimized with the Yoast SEO Premium plugin v25.9 (Yoast SEO v25.9) - https:\/\/yoast.com\/wordpress\/plugins\/seo\/ -->\n<title>Informa\u00e7\u00f5es Importantes - Golden Club Cabanas Aparthotel Algarve, Portugal<\/title>\n<meta name=\"description\" content=\"Informa\u00e7\u00f5es \u00fateis do Golden Club Cabanas: check-in\/check-out, limpeza, acessos, praia na Ilha de Cabanas, Kids\u2019 Club, piscinas e Health Club.\" \/>\n<meta name=\"robots\" content=\"index, follow, max-snippet:-1, max-image-preview:large, max-video-preview:-1\" \/>\n<link rel=\"canonical\" href=\"https:\/\/goldenclubcabanas.com\/pt-pt\/mais-informacoes\/\" \/>\n<meta property=\"og:locale\" content=\"pt_PT\" \/>\n<meta property=\"og:type\" content=\"article\" \/>\n<meta property=\"og:title\" content=\"Informa\u00e7\u00f5es Importantes\" \/>\n<meta property=\"og:description\" content=\"Informa\u00e7\u00f5es \u00fateis do Golden Club Cabanas: check-in\/check-out, limpeza, acessos, praia na Ilha de Cabanas, Kids\u2019 Club, piscinas e Health Club.\" \/>\n<meta property=\"og:url\" content=\"https:\/\/goldenclubcabanas.com\/pt-pt\/mais-informacoes\/\" \/>\n<meta property=\"og:site_name\" content=\"Golden Club Cabanas Aparthotel Algarve, Portugal\" \/>\n<meta property=\"article:modified_time\" content=\"2026-04-14T16:04:57+00:00\" \/>\n<meta name=\"twitter:card\" content=\"summary_large_image\" \/>\n<meta name=\"twitter:label1\" content=\"Tempo estimado de leitura\" \/>\n\t<meta name=\"twitter:data1\" content=\"4 minutos\" \/>\n<script type=\"application\/ld+json\" class=\"yoast-schema-graph\">{\"@context\":\"https:\/\/schema.org\",\"@graph\":[{\"@type\":\"WebPage\",\"@id\":\"https:\/\/goldenclubcabanas.com\/pt-pt\/mais-informacoes\/\",\"url\":\"https:\/\/goldenclubcabanas.com\/pt-pt\/mais-informacoes\/\",\"name\":\"Informa\u00e7\u00f5es Importantes - Golden Club Cabanas Aparthotel Algarve, Portugal\",\"isPartOf\":{\"@id\":\"https:\/\/goldenclubcabanas.com\/en\/#website\"},\"datePublished\":\"2025-09-23T13:37:33+00:00\",\"dateModified\":\"2026-04-14T16:04:57+00:00\",\"description\":\"Informa\u00e7\u00f5es \u00fateis do Golden Club Cabanas: check-in\/check-out, limpeza, acessos, praia na Ilha de Cabanas, Kids\u2019 Club, piscinas e Health Club.\",\"breadcrumb\":{\"@id\":\"https:\/\/goldenclubcabanas.com\/pt-pt\/mais-informacoes\/#breadcrumb\"},\"inLanguage\":\"pt-PT\",\"potentialAction\":[{\"@type\":\"ReadAction\",\"target\":[\"https:\/\/goldenclubcabanas.com\/pt-pt\/mais-informacoes\/\"]}]},{\"@type\":\"BreadcrumbList\",\"@id\":\"https:\/\/goldenclubcabanas.com\/pt-pt\/mais-informacoes\/#breadcrumb\",\"itemListElement\":[{\"@type\":\"ListItem\",\"position\":1,\"name\":\"In\u00edcio\",\"item\":\"https:\/\/goldenclubcabanas.com\/pt-pt\/\"},{\"@type\":\"ListItem\",\"position\":2,\"name\":\"Informa\u00e7\u00f5es Importantes\"}]},{\"@type\":\"WebSite\",\"@id\":\"https:\/\/goldenclubcabanas.com\/en\/#website\",\"url\":\"https:\/\/goldenclubcabanas.com\/en\/\",\"name\":\"Golden Club Cabanas\",\"description\":\"\",\"potentialAction\":[{\"@type\":\"SearchAction\",\"target\":{\"@type\":\"EntryPoint\",\"urlTemplate\":\"https:\/\/goldenclubcabanas.com\/en\/?s={search_term_string}\"},\"query-input\":{\"@type\":\"PropertyValueSpecification\",\"valueRequired\":true,\"valueName\":\"search_term_string\"}}],\"inLanguage\":\"pt-PT\"}]}<\/script>\n<!-- \/ Yoast SEO Premium plugin. -->","yoast_head_json":{"title":"Informa\u00e7\u00f5es Importantes - Golden Club Cabanas Aparthotel Algarve, Portugal","description":"Informa\u00e7\u00f5es \u00fateis do Golden Club Cabanas: check-in\/check-out, limpeza, acessos, praia na Ilha de Cabanas, Kids\u2019 Club, piscinas e Health Club.","robots":{"index":"index","follow":"follow","max-snippet":"max-snippet:-1","max-image-preview":"max-image-preview:large","max-video-preview":"max-video-preview:-1"},"canonical":"https:\/\/goldenclubcabanas.com\/pt-pt\/mais-informacoes\/","og_locale":"pt_PT","og_type":"article","og_title":"Informa\u00e7\u00f5es Importantes","og_description":"Informa\u00e7\u00f5es \u00fateis do Golden Club Cabanas: check-in\/check-out, limpeza, acessos, praia na Ilha de Cabanas, Kids\u2019 Club, piscinas e Health Club.","og_url":"https:\/\/goldenclubcabanas.com\/pt-pt\/mais-informacoes\/","og_site_name":"Golden Club Cabanas Aparthotel Algarve, Portugal","article_modified_time":"2026-04-14T16:04:57+00:00","twitter_card":"summary_large_image","twitter_misc":{"Tempo estimado de leitura":"4 minutos"},"schema":{"@context":"https:\/\/schema.org","@graph":[{"@type":"WebPage","@id":"https:\/\/goldenclubcabanas.com\/pt-pt\/mais-informacoes\/","url":"https:\/\/goldenclubcabanas.com\/pt-pt\/mais-informacoes\/","name":"Informa\u00e7\u00f5es Importantes - Golden Club Cabanas Aparthotel Algarve, Portugal","isPartOf":{"@id":"https:\/\/goldenclubcabanas.com\/en\/#website"},"datePublished":"2025-09-23T13:37:33+00:00","dateModified":"2026-04-14T16:04:57+00:00","description":"Informa\u00e7\u00f5es \u00fateis do Golden Club Cabanas: check-in\/check-out, limpeza, acessos, praia na Ilha de Cabanas, Kids\u2019 Club, piscinas e Health Club.","breadcrumb":{"@id":"https:\/\/goldenclubcabanas.com\/pt-pt\/mais-informacoes\/#breadcrumb"},"inLanguage":"pt-PT","potentialAction":[{"@type":"ReadAction","target":["https:\/\/goldenclubcabanas.com\/pt-pt\/mais-informacoes\/"]}]},{"@type":"BreadcrumbList","@id":"https:\/\/goldenclubcabanas.com\/pt-pt\/mais-informacoes\/#breadcrumb","itemListElement":[{"@type":"ListItem","position":1,"name":"In\u00edcio","item":"https:\/\/goldenclubcabanas.com\/pt-pt\/"},{"@type":"ListItem","position":2,"name":"Informa\u00e7\u00f5es Importantes"}]},{"@type":"WebSite","@id":"https:\/\/goldenclubcabanas.com\/en\/#website","url":"https:\/\/goldenclubcabanas.com\/en\/","name":"Golden Club Cabanas","description":"","potentialAction":[{"@type":"SearchAction","target":{"@type":"EntryPoint","urlTemplate":"https:\/\/goldenclubcabanas.com\/en\/?s={search_term_string}"},"query-input":{"@type":"PropertyValueSpecification","valueRequired":true,"valueName":"search_term_string"}}],"inLanguage":"pt-PT"}]}},"_links":{"self":[{"href":"https:\/\/goldenclubcabanas.com\/pt-pt\/wp-json\/wp\/v2\/pages\/4772","targetHints":{"allow":["GET"]}}],"collection":[{"href":"https:\/\/goldenclubcabanas.com\/pt-pt\/wp-json\/wp\/v2\/pages"}],"about":[{"href":"https:\/\/goldenclubcabanas.com\/pt-pt\/wp-json\/wp\/v2\/types\/page"}],"author":[{"embeddable":true,"href":"https:\/\/goldenclubcabanas.com\/pt-pt\/wp-json\/wp\/v2\/users\/2"}],"replies":[{"embeddable":true,"href":"https:\/\/goldenclubcabanas.com\/pt-pt\/wp-json\/wp\/v2\/comments?post=4772"}],"version-history":[{"count":12,"href":"https:\/\/goldenclubcabanas.com\/pt-pt\/wp-json\/wp\/v2\/pages\/4772\/revisions"}],"predecessor-version":[{"id":7704,"href":"https:\/\/goldenclubcabanas.com\/pt-pt\/wp-json\/wp\/v2\/pages\/4772\/revisions\/7704"}],"wp:attachment":[{"href":"https:\/\/goldenclubcabanas.com\/pt-pt\/wp-json\/wp\/v2\/media?parent=4772"}],"curies":[{"name":"wp","href":"https:\/\/api.w.org\/{rel}","templated":true}]}}