{"id":627,"date":"2025-04-23T07:33:41","date_gmt":"2025-04-23T07:33:41","guid":{"rendered":"https:\/\/goldenclubcabanas.com\/?page_id=627"},"modified":"2025-10-14T13:00:38","modified_gmt":"2025-10-14T13:00:38","slug":"praia-cabanas-tavira","status":"publish","type":"page","link":"https:\/\/goldenclubcabanas.com\/pt-pt\/resort-algarve-tudo-incluido\/praia-cabanas-tavira\/","title":{"rendered":"Praia"},"content":{"rendered":"\n<div class=\"dng-hero-section gb-element-46afd053\">\n<div class=\"dng-content-section gb-element-399894b7\">\n<h1 class=\"gb-text lg-font gb-text-092fc453\" data-aos=\"fade-up\" data-aos-anchor-placement=\"top-bottom\" data-aos-duration=\"1500\">Praia de Cabanas de Tavira<\/h1>\n\n\n\n<p class=\"gb-text gb-text-ef0676c9 body1\" data-aos-anchor-placement=\"top-bottom\" data-aos=\"fade-up\" data-aos-duration=\"2000\">Em frente ao Golden Club encontra-se a praia de Cabanas de Tavira, situada numa ilha paradis\u00edaca quase deserta.<\/p>\n<\/div>\n<\/div>\n\n\n\n<div class=\"dng-section-space\">\n<div class=\"dng-content-section no-overflow\">\n<h2 class=\"gb-text gb-text-4153cbdb title1\" data-aos=\"fade-up\" data-aos-duration=\"1000\" data-aos-anchor-placement=\"center-bottom\">Uma ilha quase deserta<\/h2>\n\n\n\n<p class=\"gb-text gb-text-64fc80d4 body2\" data-aos=\"fade-up\" data-aos-duration=\"1400\" data-aos-anchor-placement=\"center-bottom\">Desfrute de momentos de puro relaxamento ao sol na praia de Cabanas de Tavira, onde a areia dourada e as \u00e1guas calmas e amenas criam o cen\u00e1rio perfeito para f\u00e9rias inesquec\u00edveis. Com um extenso areal de 7 km, este \u00e9 o lugar ideal para longas caminhadas, banhos refrescantes, momentos de tranquilidade ou simplesmente para apreciar a paisagem envolvente.<br><br>Quando a mar\u00e9 desce, revela-se um vasto espa\u00e7o de divers\u00e3o onde crian\u00e7as, jovens e adultos podem correr, jogar \u00e0 bola, brincar com raquetes ou dar asas \u00e0 imagina\u00e7\u00e3o construindo castelos de areia.<\/p>\n\n\n\n<div class=\"gb-element-2db18b47\" data-aos=\"fade-up\" data-aos-duration=\"1600\" data-aos-anchor-placement=\"center-bottom\">\n<figure class=\"wp-block-embed is-type-video is-provider-youtube wp-block-embed-youtube wp-embed-aspect-16-9 wp-has-aspect-ratio\"><div class=\"wp-block-embed__wrapper\">\n<iframe loading=\"lazy\" title=\"Golden Club Cabanas | Praia de Cabanas - Cabanas Beach\" width=\"1200\" height=\"675\" src=\"https:\/\/www.youtube.com\/embed\/7LlQhggGFrw?start=1&#038;feature=oembed\" frameborder=\"0\" allow=\"accelerometer; autoplay; clipboard-write; encrypted-media; gyroscope; picture-in-picture; web-share\" referrerpolicy=\"strict-origin-when-cross-origin\" allowfullscreen><\/iframe>\n<\/div><\/figure>\n\n\n\n<img decoding=\"async\" class=\"gb-media-4767d524\" src=\"https:\/\/goldenclubcabanas.com\/wp-content\/uploads\/2025\/03\/Group-3.svg\" title=\"Group 3\"\/>\n<\/div>\n<\/div>\n<\/div>\n\n\n\r\n<div id=\"dng-c-images-slider-block_0de20c847b39027a0b9fa5202055cf08\" class=\"dng-c-images-slider gcc-section-space\">\r\n            <div class=\"dng-content-section\">\r\n            <div class=\"dng-imgSlider_content overflow-none\">\r\n                                    <h2 class=\"title1\" data-aos=\"fade-up\" data-aos-duration=\"2000\" data-aos-anchor-placement=\"center-bottom\"> Acesso exclusivo de barco para os nossos h\u00f3spedes<\/h2>\r\n                                    <p class=\"body2\" data-aos=\"fade-up\" data-aos-duration=\"2200\" data-aos-anchor-placement=\"center-bottom\">Atravesse a ria a bordo de um dos nossos barcos e continue a p\u00e9 at\u00e9 \u00e0 praia de Cabanas de Tavira Poente, desfrutando da paisagem \u00fanica e da observa\u00e7\u00e3o das aves da Ria Formosa. Para os amantes da natureza e para quem procura tranquilidade longe das multid\u00f5es, a praia de Cabanas de Tavira Poente \u00e9 um verdadeiro para\u00edso \u2014 uma das melhores praias para relaxar em harmonia com a natureza.<\/p>\r\n                            <\/div>\r\n        <\/div>\r\n                <div class=\"dngImages_slider _leftOffset owl-carousel owl-theme\">\r\n                            <div class=\"dngImages_slider-item\">\r\n                    <img loading=\"lazy\" decoding=\"async\" width=\"712\" height=\"768\" src=\"https:\/\/goldenclubcabanas.com\/wp-content\/uploads\/2025\/10\/praia-galeria-3.webp\" class=\"attachment-full size-full\" alt=\"\" srcset=\"https:\/\/goldenclubcabanas.com\/wp-content\/uploads\/2025\/10\/praia-galeria-3.webp 712w, https:\/\/goldenclubcabanas.com\/wp-content\/uploads\/2025\/10\/praia-galeria-3-278x300.webp 278w\" sizes=\"auto, (max-width: 712px) 100vw, 712px\" \/>                <\/div>\r\n                            <div class=\"dngImages_slider-item\">\r\n                    <img loading=\"lazy\" decoding=\"async\" width=\"712\" height=\"768\" src=\"https:\/\/goldenclubcabanas.com\/wp-content\/uploads\/2025\/10\/praia-galeria-2.webp\" class=\"attachment-full size-full\" alt=\"\" srcset=\"https:\/\/goldenclubcabanas.com\/wp-content\/uploads\/2025\/10\/praia-galeria-2.webp 712w, https:\/\/goldenclubcabanas.com\/wp-content\/uploads\/2025\/10\/praia-galeria-2-278x300.webp 278w\" sizes=\"auto, (max-width: 712px) 100vw, 712px\" \/>                <\/div>\r\n                            <div class=\"dngImages_slider-item\">\r\n                    <img loading=\"lazy\" decoding=\"async\" width=\"712\" height=\"768\" src=\"https:\/\/goldenclubcabanas.com\/wp-content\/uploads\/2025\/10\/praia-galeria-4.webp\" class=\"attachment-full size-full\" alt=\"\" srcset=\"https:\/\/goldenclubcabanas.com\/wp-content\/uploads\/2025\/10\/praia-galeria-4.webp 712w, https:\/\/goldenclubcabanas.com\/wp-content\/uploads\/2025\/10\/praia-galeria-4-278x300.webp 278w\" sizes=\"auto, (max-width: 712px) 100vw, 712px\" \/>                <\/div>\r\n                            <div class=\"dngImages_slider-item\">\r\n                    <img loading=\"lazy\" decoding=\"async\" width=\"712\" height=\"768\" src=\"https:\/\/goldenclubcabanas.com\/wp-content\/uploads\/2025\/10\/praia-galeria-6.webp\" class=\"attachment-full size-full\" alt=\"\" srcset=\"https:\/\/goldenclubcabanas.com\/wp-content\/uploads\/2025\/10\/praia-galeria-6.webp 712w, https:\/\/goldenclubcabanas.com\/wp-content\/uploads\/2025\/10\/praia-galeria-6-278x300.webp 278w\" sizes=\"auto, (max-width: 712px) 100vw, 712px\" \/>                <\/div>\r\n                            <div class=\"dngImages_slider-item\">\r\n                    <img loading=\"lazy\" decoding=\"async\" width=\"712\" height=\"768\" src=\"https:\/\/goldenclubcabanas.com\/wp-content\/uploads\/2025\/10\/praia-galeria-5.webp\" class=\"attachment-full size-full\" alt=\"\" srcset=\"https:\/\/goldenclubcabanas.com\/wp-content\/uploads\/2025\/10\/praia-galeria-5.webp 712w, https:\/\/goldenclubcabanas.com\/wp-content\/uploads\/2025\/10\/praia-galeria-5-278x300.webp 278w\" sizes=\"auto, (max-width: 712px) 100vw, 712px\" \/>                <\/div>\r\n                            <div class=\"dngImages_slider-item\">\r\n                    <img loading=\"lazy\" decoding=\"async\" width=\"712\" height=\"768\" src=\"https:\/\/goldenclubcabanas.com\/wp-content\/uploads\/2025\/10\/praia-galeria-1.webp\" class=\"attachment-full size-full\" alt=\"\" srcset=\"https:\/\/goldenclubcabanas.com\/wp-content\/uploads\/2025\/10\/praia-galeria-1.webp 712w, https:\/\/goldenclubcabanas.com\/wp-content\/uploads\/2025\/10\/praia-galeria-1-278x300.webp 278w\" sizes=\"auto, (max-width: 712px) 100vw, 712px\" \/>                <\/div>\r\n                    <\/div>\r\n    <\/div>\n\n\n<div class=\"gb-element-f2efb36c\">\n<div class=\"dng-content-section no-overflow gb-element-b7c751a4\">\n<div class=\"gb-element-6fc2097b\">\n<div class=\"gb-element-044a9bc2\">\n<figure class=\"wp-block-image size-full\"><img loading=\"lazy\" decoding=\"async\" width=\"747\" height=\"389\" src=\"https:\/\/goldenclubcabanas.com\/wp-content\/uploads\/2025\/05\/notas.jpg\" alt=\"\" class=\"wp-image-2709\" srcset=\"https:\/\/goldenclubcabanas.com\/wp-content\/uploads\/2025\/05\/notas.jpg 747w, https:\/\/goldenclubcabanas.com\/wp-content\/uploads\/2025\/05\/notas-300x156.jpg 300w\" sizes=\"auto, (max-width: 747px) 100vw, 747px\" \/><\/figure>\n<\/div>\n\n\n\n<div class=\"gb-element-ce408b26\">\n<h3 class=\"gb-text gb-text-35054751\">Nota sobre a praia<\/h3>\n\n\n\n<p class=\"gb-text body2\">Por estarmos em pleno Parque Natural da Ria Formosa, n\u00e3o podemos ter bar e sanit\u00e1rios na praia. Se preferir, pode seguir o passadi\u00e7o \u00e0 beira-ria at\u00e9 ao outro lado de Cabanas e apanhar outro barco, n\u00e3o exclusivo, para usufruir de tais comodidades.<\/p>\n<\/div>\n<\/div>\n<\/div>\n<\/div>\n","protected":false},"excerpt":{"rendered":"<p>Praia de Cabanas de Tavira Em frente ao Golden Club encontra-se a praia de Cabanas de Tavira, situada numa ilha paradis\u00edaca quase deserta. Uma ilha quase deserta Desfrute de momentos de puro relaxamento ao sol na praia de Cabanas de Tavira, onde a areia dourada e as \u00e1guas calmas e amenas criam o cen\u00e1rio perfeito &#8230; <a title=\"Praia\" class=\"read-more\" href=\"https:\/\/goldenclubcabanas.com\/pt-pt\/resort-algarve-tudo-incluido\/praia-cabanas-tavira\/\" aria-label=\"Leia mais sobre Praia\">Ler mais<\/a><\/p>\n","protected":false},"author":2,"featured_media":0,"parent":531,"menu_order":97,"comment_status":"closed","ping_status":"closed","template":"","meta":{"_acf_changed":false,"footnotes":""},"class_list":["post-627","page","type-page","status-publish"],"acf":[],"yoast_head":"<!-- This site is optimized with the Yoast SEO Premium plugin v25.9 (Yoast SEO v25.9) - https:\/\/yoast.com\/wordpress\/plugins\/seo\/ -->\n<title>Acesso \u00e0 Praia de Cabanas de Tavira | Golden Club Cabanas<\/title>\n<meta name=\"description\" content=\"A poucos minutos de barco, descubra o areal dourado da Praia de Cabanas de Tavira. Transporte gratuito exclusivo para h\u00f3spedes.\" \/>\n<meta name=\"robots\" content=\"index, follow, max-snippet:-1, max-image-preview:large, max-video-preview:-1\" \/>\n<link rel=\"canonical\" href=\"https:\/\/goldenclubcabanas.com\/pt-pt\/resort-algarve-tudo-incluido\/praia-cabanas-tavira\/\" \/>\n<meta property=\"og:locale\" content=\"pt_PT\" \/>\n<meta property=\"og:type\" content=\"article\" \/>\n<meta property=\"og:title\" content=\"Praia\" \/>\n<meta property=\"og:description\" content=\"A poucos minutos de barco, descubra o areal dourado da Praia de Cabanas de Tavira. Transporte gratuito exclusivo para h\u00f3spedes.\" \/>\n<meta property=\"og:url\" content=\"https:\/\/goldenclubcabanas.com\/pt-pt\/resort-algarve-tudo-incluido\/praia-cabanas-tavira\/\" \/>\n<meta property=\"og:site_name\" content=\"Golden Club Cabanas Aparthotel Algarve, Portugal\" \/>\n<meta property=\"article:modified_time\" content=\"2025-10-14T13:00:38+00:00\" \/>\n<meta property=\"og:image\" content=\"https:\/\/goldenclubcabanas.com\/wp-content\/uploads\/2025\/03\/Group-3.svg\" \/>\n<meta name=\"twitter:card\" content=\"summary_large_image\" \/>\n<meta name=\"twitter:label1\" content=\"Tempo estimado de leitura\" \/>\n\t<meta name=\"twitter:data1\" content=\"2 minutos\" \/>\n<script type=\"application\/ld+json\" class=\"yoast-schema-graph\">{\"@context\":\"https:\/\/schema.org\",\"@graph\":[{\"@type\":\"WebPage\",\"@id\":\"https:\/\/goldenclubcabanas.com\/pt-pt\/resort-algarve-tudo-incluido\/praia-cabanas-tavira\/\",\"url\":\"https:\/\/goldenclubcabanas.com\/pt-pt\/resort-algarve-tudo-incluido\/praia-cabanas-tavira\/\",\"name\":\"Acesso \u00e0 Praia de Cabanas de Tavira | Golden Club Cabanas\",\"isPartOf\":{\"@id\":\"https:\/\/goldenclubcabanas.com\/en\/#website\"},\"primaryImageOfPage\":{\"@id\":\"https:\/\/goldenclubcabanas.com\/pt-pt\/resort-algarve-tudo-incluido\/praia-cabanas-tavira\/#primaryimage\"},\"image\":{\"@id\":\"https:\/\/goldenclubcabanas.com\/pt-pt\/resort-algarve-tudo-incluido\/praia-cabanas-tavira\/#primaryimage\"},\"thumbnailUrl\":\"https:\/\/goldenclubcabanas.com\/wp-content\/uploads\/2025\/03\/Group-3.svg\",\"datePublished\":\"2025-04-23T07:33:41+00:00\",\"dateModified\":\"2025-10-14T13:00:38+00:00\",\"description\":\"A poucos minutos de barco, descubra o areal dourado da Praia de Cabanas de Tavira. Transporte gratuito exclusivo para h\u00f3spedes.\",\"breadcrumb\":{\"@id\":\"https:\/\/goldenclubcabanas.com\/pt-pt\/resort-algarve-tudo-incluido\/praia-cabanas-tavira\/#breadcrumb\"},\"inLanguage\":\"pt-PT\",\"potentialAction\":[{\"@type\":\"ReadAction\",\"target\":[\"https:\/\/goldenclubcabanas.com\/pt-pt\/resort-algarve-tudo-incluido\/praia-cabanas-tavira\/\"]}]},{\"@type\":\"ImageObject\",\"inLanguage\":\"pt-PT\",\"@id\":\"https:\/\/goldenclubcabanas.com\/pt-pt\/resort-algarve-tudo-incluido\/praia-cabanas-tavira\/#primaryimage\",\"url\":\"https:\/\/goldenclubcabanas.com\/wp-content\/uploads\/2025\/03\/Group-3.svg\",\"contentUrl\":\"https:\/\/goldenclubcabanas.com\/wp-content\/uploads\/2025\/03\/Group-3.svg\"},{\"@type\":\"BreadcrumbList\",\"@id\":\"https:\/\/goldenclubcabanas.com\/pt-pt\/resort-algarve-tudo-incluido\/praia-cabanas-tavira\/#breadcrumb\",\"itemListElement\":[{\"@type\":\"ListItem\",\"position\":1,\"name\":\"In\u00edcio\",\"item\":\"https:\/\/goldenclubcabanas.com\/pt-pt\/\"},{\"@type\":\"ListItem\",\"position\":2,\"name\":\"Resort\",\"item\":\"https:\/\/goldenclubcabanas.com\/pt-pt\/resort-algarve-tudo-incluido\/\"},{\"@type\":\"ListItem\",\"position\":3,\"name\":\"Praia\"}]},{\"@type\":\"WebSite\",\"@id\":\"https:\/\/goldenclubcabanas.com\/en\/#website\",\"url\":\"https:\/\/goldenclubcabanas.com\/en\/\",\"name\":\"Golden Club Cabanas\",\"description\":\"\",\"potentialAction\":[{\"@type\":\"SearchAction\",\"target\":{\"@type\":\"EntryPoint\",\"urlTemplate\":\"https:\/\/goldenclubcabanas.com\/en\/?s={search_term_string}\"},\"query-input\":{\"@type\":\"PropertyValueSpecification\",\"valueRequired\":true,\"valueName\":\"search_term_string\"}}],\"inLanguage\":\"pt-PT\"}]}<\/script>\n<!-- \/ Yoast SEO Premium plugin. -->","yoast_head_json":{"title":"Acesso \u00e0 Praia de Cabanas de Tavira | Golden Club Cabanas","description":"A poucos minutos de barco, descubra o areal dourado da Praia de Cabanas de Tavira. Transporte gratuito exclusivo para h\u00f3spedes.","robots":{"index":"index","follow":"follow","max-snippet":"max-snippet:-1","max-image-preview":"max-image-preview:large","max-video-preview":"max-video-preview:-1"},"canonical":"https:\/\/goldenclubcabanas.com\/pt-pt\/resort-algarve-tudo-incluido\/praia-cabanas-tavira\/","og_locale":"pt_PT","og_type":"article","og_title":"Praia","og_description":"A poucos minutos de barco, descubra o areal dourado da Praia de Cabanas de Tavira. Transporte gratuito exclusivo para h\u00f3spedes.","og_url":"https:\/\/goldenclubcabanas.com\/pt-pt\/resort-algarve-tudo-incluido\/praia-cabanas-tavira\/","og_site_name":"Golden Club Cabanas Aparthotel Algarve, Portugal","article_modified_time":"2025-10-14T13:00:38+00:00","og_image":[{"url":"https:\/\/goldenclubcabanas.com\/wp-content\/uploads\/2025\/03\/Group-3.svg","type":"","width":"","height":""}],"twitter_card":"summary_large_image","twitter_misc":{"Tempo estimado de leitura":"2 minutos"},"schema":{"@context":"https:\/\/schema.org","@graph":[{"@type":"WebPage","@id":"https:\/\/goldenclubcabanas.com\/pt-pt\/resort-algarve-tudo-incluido\/praia-cabanas-tavira\/","url":"https:\/\/goldenclubcabanas.com\/pt-pt\/resort-algarve-tudo-incluido\/praia-cabanas-tavira\/","name":"Acesso \u00e0 Praia de Cabanas de Tavira | Golden Club Cabanas","isPartOf":{"@id":"https:\/\/goldenclubcabanas.com\/en\/#website"},"primaryImageOfPage":{"@id":"https:\/\/goldenclubcabanas.com\/pt-pt\/resort-algarve-tudo-incluido\/praia-cabanas-tavira\/#primaryimage"},"image":{"@id":"https:\/\/goldenclubcabanas.com\/pt-pt\/resort-algarve-tudo-incluido\/praia-cabanas-tavira\/#primaryimage"},"thumbnailUrl":"https:\/\/goldenclubcabanas.com\/wp-content\/uploads\/2025\/03\/Group-3.svg","datePublished":"2025-04-23T07:33:41+00:00","dateModified":"2025-10-14T13:00:38+00:00","description":"A poucos minutos de barco, descubra o areal dourado da Praia de Cabanas de Tavira. Transporte gratuito exclusivo para h\u00f3spedes.","breadcrumb":{"@id":"https:\/\/goldenclubcabanas.com\/pt-pt\/resort-algarve-tudo-incluido\/praia-cabanas-tavira\/#breadcrumb"},"inLanguage":"pt-PT","potentialAction":[{"@type":"ReadAction","target":["https:\/\/goldenclubcabanas.com\/pt-pt\/resort-algarve-tudo-incluido\/praia-cabanas-tavira\/"]}]},{"@type":"ImageObject","inLanguage":"pt-PT","@id":"https:\/\/goldenclubcabanas.com\/pt-pt\/resort-algarve-tudo-incluido\/praia-cabanas-tavira\/#primaryimage","url":"https:\/\/goldenclubcabanas.com\/wp-content\/uploads\/2025\/03\/Group-3.svg","contentUrl":"https:\/\/goldenclubcabanas.com\/wp-content\/uploads\/2025\/03\/Group-3.svg"},{"@type":"BreadcrumbList","@id":"https:\/\/goldenclubcabanas.com\/pt-pt\/resort-algarve-tudo-incluido\/praia-cabanas-tavira\/#breadcrumb","itemListElement":[{"@type":"ListItem","position":1,"name":"In\u00edcio","item":"https:\/\/goldenclubcabanas.com\/pt-pt\/"},{"@type":"ListItem","position":2,"name":"Resort","item":"https:\/\/goldenclubcabanas.com\/pt-pt\/resort-algarve-tudo-incluido\/"},{"@type":"ListItem","position":3,"name":"Praia"}]},{"@type":"WebSite","@id":"https:\/\/goldenclubcabanas.com\/en\/#website","url":"https:\/\/goldenclubcabanas.com\/en\/","name":"Golden Club Cabanas","description":"","potentialAction":[{"@type":"SearchAction","target":{"@type":"EntryPoint","urlTemplate":"https:\/\/goldenclubcabanas.com\/en\/?s={search_term_string}"},"query-input":{"@type":"PropertyValueSpecification","valueRequired":true,"valueName":"search_term_string"}}],"inLanguage":"pt-PT"}]}},"_links":{"self":[{"href":"https:\/\/goldenclubcabanas.com\/pt-pt\/wp-json\/wp\/v2\/pages\/627","targetHints":{"allow":["GET"]}}],"collection":[{"href":"https:\/\/goldenclubcabanas.com\/pt-pt\/wp-json\/wp\/v2\/pages"}],"about":[{"href":"https:\/\/goldenclubcabanas.com\/pt-pt\/wp-json\/wp\/v2\/types\/page"}],"author":[{"embeddable":true,"href":"https:\/\/goldenclubcabanas.com\/pt-pt\/wp-json\/wp\/v2\/users\/2"}],"replies":[{"embeddable":true,"href":"https:\/\/goldenclubcabanas.com\/pt-pt\/wp-json\/wp\/v2\/comments?post=627"}],"version-history":[{"count":17,"href":"https:\/\/goldenclubcabanas.com\/pt-pt\/wp-json\/wp\/v2\/pages\/627\/revisions"}],"predecessor-version":[{"id":6811,"href":"https:\/\/goldenclubcabanas.com\/pt-pt\/wp-json\/wp\/v2\/pages\/627\/revisions\/6811"}],"up":[{"embeddable":true,"href":"https:\/\/goldenclubcabanas.com\/pt-pt\/wp-json\/wp\/v2\/pages\/531"}],"wp:attachment":[{"href":"https:\/\/goldenclubcabanas.com\/pt-pt\/wp-json\/wp\/v2\/media?parent=627"}],"curies":[{"name":"wp","href":"https:\/\/api.w.org\/{rel}","templated":true}]}}