{"id":7026,"date":"2025-10-20T16:34:59","date_gmt":"2025-10-20T16:34:59","guid":{"rendered":"https:\/\/goldenclubcabanas.com\/?page_id=7026"},"modified":"2025-10-20T16:35:19","modified_gmt":"2025-10-20T16:35:19","slug":"para-criancas","status":"publish","type":"page","link":"https:\/\/goldenclubcabanas.com\/pt-pt\/para-criancas\/","title":{"rendered":"Para crian\u00e7as"},"content":{"rendered":"\n<div class=\"dng-hero-section gb-element-46afd053\">\n<div class=\"dng-content-section gb-element-399894b7\">\n<h1 class=\"gb-text lg-font gb-text-092fc453\" data-aos=\"fade-up\" data-aos-anchor-placement=\"top-bottom\" data-aos-duration=\"1500\">F\u00e9rias \u00e0 medida dos mais novos<\/h1>\n\n\n\n<p class=\"gb-text gb-text-ef0676c9 body1\" data-aos-anchor-placement=\"top-bottom\" data-aos=\"fade-up\" data-aos-duration=\"2000\">Conforto para os pais, divers\u00e3o para as crian\u00e7as: natureza, anima\u00e7\u00e3o e momentos que ficam.<\/p>\n<\/div>\n<\/div>\n\n\n\n<div class=\"dng-section-space\">\n<div class=\"dng-content-section no-overflow\">\n<h2 class=\"gb-text gb-text-d12869c9 title1\" data-aos=\"fade-up\" data-aos-duration=\"1000\" data-aos-anchor-placement=\"center-bottom\">Mi\u00fados felizes, pais tranquilos<\/h2>\n\n\n\n<p class=\"gb-text gb-text-6e1ca6c5 body2\" data-aos=\"fade-up\" data-aos-duration=\"1400\" data-aos-anchor-placement=\"center-bottom\">Localizado no cora\u00e7\u00e3o do deslumbrante Parque Natural da Ria Formosa, o&nbsp;<strong>Golden Club Cabanas<\/strong>&nbsp;oferece o cen\u00e1rio ideal para as primeiras f\u00e9rias dos pequenos.<br>Aqui, os mais novos ter\u00e3o a oportunidade de explorar a natureza, correr com liberdade pelos amplos espa\u00e7os do resort, e divertir-se com o camale\u00e3o Leo no&nbsp;<a href=\"https:\/\/goldenclubcabanas.com\/pt-pt\/resort-algarve-tudo-incluido\/kids-club\/\">Kids Club<\/a>. Seja o primeiro mergulho na piscina ou uma brincadeira nas \u00e1guas do mar, as op\u00e7\u00f5es s\u00e3o in\u00fameras para encher os dias de alegria e criar mem\u00f3rias inesquec\u00edveis.<br>Um destino onde a felicidade se encontra a cada esquina!<br><br><em>Nota: entre 03\/11 e 30\/11 a nossa anima\u00e7\u00e3o far\u00e1 uma pequena pausa, mas voltar\u00e1 em dezembro com ainda mais energia e divers\u00e3o. Obrigado pela compreens\u00e3o!<\/em><\/p>\n<\/div>\n<\/div>\n\n\n\n<div>\n<div class=\"dng-content-section\">\n<div class=\"gb-element-921b6d95\">\n<h2 class=\"gb-text gb-text-b211fb4a title1\" data-aos=\"fade-up\" data-aos-duration=\"2000\" data-aos-anchor-placement=\"center-bottom\">Anima\u00e7\u00e3o para os mais novos<\/h2>\n\n\n\n<ul class=\"wp-block-list\">\n<li>Equipa dedicada ao acompanhamento das crian\u00e7as<\/li>\n\n\n\n<li>Anima\u00e7\u00e3o 5 dias por semana<\/li>\n\n\n\n<li>Atividades indoor e outdoor<\/li>\n\n\n\n<li>Muita divers\u00e3o!<\/li>\n<\/ul>\n<\/div>\n\n\n\n<div class=\"gb-element-ab626a7d\" data-aos=\"fade-up\" data-aos-duration=\"1600\" data-aos-anchor-placement=\"center-bottom\">\n<img loading=\"lazy\" decoding=\"async\" width=\"2560\" height=\"845\" class=\"gb-media-7e86c891\" src=\"https:\/\/goldenclubcabanas.com\/wp-content\/uploads\/2025\/10\/separador-para-criancas.webp\" title=\"separador-para-criancas\" srcset=\"https:\/\/goldenclubcabanas.com\/wp-content\/uploads\/2025\/10\/separador-para-criancas.webp 2560w, https:\/\/goldenclubcabanas.com\/wp-content\/uploads\/2025\/10\/separador-para-criancas-300x99.webp 300w, https:\/\/goldenclubcabanas.com\/wp-content\/uploads\/2025\/10\/separador-para-criancas-1024x338.webp 1024w, https:\/\/goldenclubcabanas.com\/wp-content\/uploads\/2025\/10\/separador-para-criancas-768x254.webp 768w, https:\/\/goldenclubcabanas.com\/wp-content\/uploads\/2025\/10\/separador-para-criancas-1536x507.webp 1536w, https:\/\/goldenclubcabanas.com\/wp-content\/uploads\/2025\/10\/separador-para-criancas-2048x676.webp 2048w\" sizes=\"auto, (max-width: 2560px) 100vw, 2560px\" \/>\n<\/div>\n<\/div>\n<\/div>\n\n\n\n<div class=\"dng-section-space gb-element-ce3d6438\">\n<div class=\"max-730 gb-element-7bb3c177\">\n<div class=\"gb-element-5b29ebcb\">\n<div class=\"no-overflow gb-element-1a06d338\">\n<figure class=\"wp-block-image size-full dng-img dng-img-546\"><img loading=\"lazy\" decoding=\"async\" width=\"662\" height=\"1024\" src=\"https:\/\/goldenclubcabanas.com\/wp-content\/uploads\/2025\/10\/para-criancas-1.webp\" alt=\"\" class=\"wp-image-7051\" srcset=\"https:\/\/goldenclubcabanas.com\/wp-content\/uploads\/2025\/10\/para-criancas-1.webp 662w, https:\/\/goldenclubcabanas.com\/wp-content\/uploads\/2025\/10\/para-criancas-1-194x300.webp 194w\" sizes=\"auto, (max-width: 662px) 100vw, 662px\" \/><\/figure>\n<\/div>\n\n\n\n<div class=\"gb-element-6013d3d2\">\n<figure class=\"wp-block-image size-full dng-img dng-img-546\"><img loading=\"lazy\" decoding=\"async\" width=\"662\" height=\"1024\" src=\"https:\/\/goldenclubcabanas.com\/wp-content\/uploads\/2025\/10\/para-criancas-2.webp\" alt=\"\" class=\"wp-image-7055\" srcset=\"https:\/\/goldenclubcabanas.com\/wp-content\/uploads\/2025\/10\/para-criancas-2.webp 662w, https:\/\/goldenclubcabanas.com\/wp-content\/uploads\/2025\/10\/para-criancas-2-194x300.webp 194w\" sizes=\"auto, (max-width: 662px) 100vw, 662px\" \/><\/figure>\n<\/div>\n<\/div>\n<\/div>\n\n\n\n<div class=\"no-overflow gb-element-0c7a650e\">\n<h2 class=\"gb-text gb-text-285784b7 title1\" data-aos=\"fade-up\" data-aos-delay=\"200\" data-aos-duration=\"800\" data-aos-anchor-placement=\"bottom-bottom\">Kids Club<\/h2>\n\n\n\n<p class=\"gb-text\">Para crian\u00e7as entre os 3* e os 12 anos<\/p>\n\n\n\n<p><strong>Hor\u00e1rio<\/strong>:<\/p>\n\n\n\n<p><strong>Novembro a Abril<\/strong><br>Ter\u00e7a-feira a Domingo: 10h00 \u2013 13h00 \/ 15h00 \u2013 17h00<\/p>\n\n\n\n<p><strong>Maio a Outubro<\/strong><br>Todos os dias: 10h00 \u2013 12h00 \/ 15h00 \u2013 18h00<\/p>\n\n\n\n<p><strong>Equipamentos<\/strong>:<\/p>\n\n\n\n<ul class=\"wp-block-list\">\n<li>Trampolim<\/li>\n\n\n\n<li>Insufl\u00e1vel<\/li>\n\n\n\n<li>Baloi\u00e7o<\/li>\n\n\n\n<li>Pir\u00e2mide de cordas<\/li>\n\n\n\n<li>Sala interior<\/li>\n<\/ul>\n\n\n\n<p style=\"font-size: 11px;\">* Crian\u00e7as menores de 3 anos devem estar sempre acompanhadas pelos pais, e crian\u00e7as com 3 anos s\u00f3 podem ficar ao encargo dos animadores se j\u00e1 n\u00e3o utilizarem fralda.<\/p>\n<\/div>\n<\/div>\n\n\n\n<div class=\"dng-section-padding gb-element-50d9a40c\" data-aos=\"fade-up\" data-aos-duration=\"1800\" data-aos-anchor-placement=\"center-bottom\">\n<div class=\"dng-section-padding gb-element-32c43737\">\n<div class=\"dng-content-section gb-element-eaca5965\">\n<div class=\"gb-element-2c2ec9bb\" data-aos=\"fade-up\" data-aos-duration=\"1800\" data-aos-anchor-placement=\"center-bottom\">\n<div class=\"dng-col-6\">\n<figure class=\"wp-block-image size-full\"><img loading=\"lazy\" decoding=\"async\" width=\"665\" height=\"470\" src=\"https:\/\/goldenclubcabanas.com\/wp-content\/uploads\/2025\/10\/leo-babysitting-2.webp\" alt=\"\" class=\"wp-image-7037\" srcset=\"https:\/\/goldenclubcabanas.com\/wp-content\/uploads\/2025\/10\/leo-babysitting-2.webp 665w, https:\/\/goldenclubcabanas.com\/wp-content\/uploads\/2025\/10\/leo-babysitting-2-300x212.webp 300w\" sizes=\"auto, (max-width: 665px) 100vw, 665px\" \/><\/figure>\n<\/div>\n\n\n\n<div class=\"dng-col-4\">\n<div class=\"dng-padding-left-70 dng-padding-right-60 gb-element-5d988d03\">\n<h3 class=\"gb-text\">Servi\u00e7os Extra<\/h3>\n\n\n\n<p class=\"gb-text body2\">Babysitting<\/p>\n\n\n\n<p class=\"gb-text body2\">Dispomos de um servi\u00e7o de babysitting, assegurado por uma empresa parceira com profissionais qualificados, para que os mais pequenos estejam em boas m\u00e3os enquanto desfruta do seu tempo livre com total tranquilidade.<\/p>\n\n\n\n<p class=\"gb-text body2\">\ud83d\udccc&nbsp;<strong>Servi\u00e7o dispon\u00edvel mediante marca\u00e7\u00e3o pr\u00e9via.<\/strong>&nbsp;Contacte o Kids Club ou o Office da Anima\u00e7\u00e3o para mais informa\u00e7\u00f5es e para efetuar a sua marca\u00e7\u00e3o.<\/p>\n<\/div>\n<\/div>\n<\/div>\n<\/div>\n<\/div>\n<\/div>\n\n\n\n<div class=\"gb-element-639d2133\">\n<div class=\"dng-content-section no-overflow gb-element-dacefb0c\">\n<div class=\"gb-element-23c2b4d5\">\n<div class=\"gb-element-6cb94c45\">\n<div class=\"dng-img dng-img-500\">\n<figure class=\"wp-block-image size-full\"><img loading=\"lazy\" decoding=\"async\" width=\"747\" height=\"389\" src=\"https:\/\/goldenclubcabanas.com\/wp-content\/uploads\/2025\/10\/para-criancas-cta.webp\" alt=\"\" class=\"wp-image-7069\" srcset=\"https:\/\/goldenclubcabanas.com\/wp-content\/uploads\/2025\/10\/para-criancas-cta.webp 747w, https:\/\/goldenclubcabanas.com\/wp-content\/uploads\/2025\/10\/para-criancas-cta-300x156.webp 300w\" sizes=\"auto, (max-width: 747px) 100vw, 747px\" \/><\/figure>\n<\/div>\n<\/div>\n\n\n\n<div class=\"gb-element-2d9fae42\">\n<h3 class=\"gb-text gb-text-9b3f823a\">Garanta j\u00e1 a sua reserva e desfrute das melhores f\u00e9rias em fam\u00edlia!<\/h3>\n\n\n\n<a class=\"dng-gpc-btn gb-text-0a553eaf button-text btn-gold-outline dng-button\" href=\"https:\/\/booking.goldenclubcabanas.com\/pt\/\" target=\"_blank\" rel=\"noopener\"><span class=\"gb-text\">reserve j\u00e1<\/span><span class=\"gb-shape\"><svg width=\"50\" height=\"25\" viewBox=\"0 0 24 25\" fill=\"none\" xmlns=\"http:\/\/www.w3.org\/2000\/svg\">\n<path d=\"M23.542 11.392L18.825 6.67505L18.118 7.38205L22.736 12H0V13H22.734L18.117 17.617L18.824 18.324L23.542 13.606C24.152 12.996 24.152 12.002 23.542 11.392Z\" fill=\"#1E1E1E\"><\/path>\n<\/svg>\n<\/span><\/a>\n<\/div>\n<\/div>\n<\/div>\n<\/div>\n","protected":false},"excerpt":{"rendered":"<p>F\u00e9rias \u00e0 medida dos mais novos Conforto para os pais, divers\u00e3o para as crian\u00e7as: natureza, anima\u00e7\u00e3o e momentos que ficam. Mi\u00fados felizes, pais tranquilos Localizado no cora\u00e7\u00e3o do deslumbrante Parque Natural da Ria Formosa, o&nbsp;Golden Club Cabanas&nbsp;oferece o cen\u00e1rio ideal para as primeiras f\u00e9rias dos pequenos.Aqui, os mais novos ter\u00e3o a oportunidade de explorar a &#8230; <a title=\"Para crian\u00e7as\" class=\"read-more\" href=\"https:\/\/goldenclubcabanas.com\/pt-pt\/para-criancas\/\" aria-label=\"Leia mais sobre Para crian\u00e7as\">Ler mais<\/a><\/p>\n","protected":false},"author":9,"featured_media":0,"parent":0,"menu_order":44,"comment_status":"closed","ping_status":"closed","template":"","meta":{"_acf_changed":false,"footnotes":""},"class_list":["post-7026","page","type-page","status-publish"],"acf":[],"yoast_head":"<!-- This site is optimized with the Yoast SEO Premium plugin v25.9 (Yoast SEO v25.9) - https:\/\/yoast.com\/wordpress\/plugins\/seo\/ -->\n<title>F\u00e9rias para crian\u00e7as no Algarve | Golden Club Cabanas<\/title>\n<meta name=\"description\" content=\"No Golden Club Cabanas, as crian\u00e7as passam dias bem animados. A nossa equipa de anima\u00e7\u00e3o cuida dos seus filhos e organiza jogos e atividades.\" \/>\n<meta name=\"robots\" content=\"index, follow, max-snippet:-1, max-image-preview:large, max-video-preview:-1\" \/>\n<link rel=\"canonical\" href=\"https:\/\/goldenclubcabanas.com\/pt-pt\/para-criancas\/\" \/>\n<meta property=\"og:locale\" content=\"pt_PT\" \/>\n<meta property=\"og:type\" content=\"article\" \/>\n<meta property=\"og:title\" content=\"Para crian\u00e7as\" \/>\n<meta property=\"og:description\" content=\"No Golden Club Cabanas, as crian\u00e7as passam dias bem animados. A nossa equipa de anima\u00e7\u00e3o cuida dos seus filhos e organiza jogos e atividades.\" \/>\n<meta property=\"og:url\" content=\"https:\/\/goldenclubcabanas.com\/pt-pt\/para-criancas\/\" \/>\n<meta property=\"og:site_name\" content=\"Golden Club Cabanas Aparthotel Algarve, Portugal\" \/>\n<meta property=\"article:modified_time\" content=\"2025-10-20T16:35:19+00:00\" \/>\n<meta property=\"og:image\" content=\"https:\/\/goldenclubcabanas.com\/wp-content\/uploads\/2025\/10\/separador-para-criancas.webp\" \/>\n<meta name=\"twitter:card\" content=\"summary_large_image\" \/>\n<meta name=\"twitter:label1\" content=\"Tempo estimado de leitura\" \/>\n\t<meta name=\"twitter:data1\" content=\"3 minutos\" \/>\n<script type=\"application\/ld+json\" class=\"yoast-schema-graph\">{\"@context\":\"https:\/\/schema.org\",\"@graph\":[{\"@type\":\"WebPage\",\"@id\":\"https:\/\/goldenclubcabanas.com\/pt-pt\/para-criancas\/\",\"url\":\"https:\/\/goldenclubcabanas.com\/pt-pt\/para-criancas\/\",\"name\":\"F\u00e9rias para crian\u00e7as no Algarve | Golden Club Cabanas\",\"isPartOf\":{\"@id\":\"https:\/\/goldenclubcabanas.com\/en\/#website\"},\"primaryImageOfPage\":{\"@id\":\"https:\/\/goldenclubcabanas.com\/pt-pt\/para-criancas\/#primaryimage\"},\"image\":{\"@id\":\"https:\/\/goldenclubcabanas.com\/pt-pt\/para-criancas\/#primaryimage\"},\"thumbnailUrl\":\"https:\/\/goldenclubcabanas.com\/wp-content\/uploads\/2025\/10\/separador-para-criancas.webp\",\"datePublished\":\"2025-10-20T16:34:59+00:00\",\"dateModified\":\"2025-10-20T16:35:19+00:00\",\"description\":\"No Golden Club Cabanas, as crian\u00e7as passam dias bem animados. A nossa equipa de anima\u00e7\u00e3o cuida dos seus filhos e organiza jogos e atividades.\",\"breadcrumb\":{\"@id\":\"https:\/\/goldenclubcabanas.com\/pt-pt\/para-criancas\/#breadcrumb\"},\"inLanguage\":\"pt-PT\",\"potentialAction\":[{\"@type\":\"ReadAction\",\"target\":[\"https:\/\/goldenclubcabanas.com\/pt-pt\/para-criancas\/\"]}]},{\"@type\":\"ImageObject\",\"inLanguage\":\"pt-PT\",\"@id\":\"https:\/\/goldenclubcabanas.com\/pt-pt\/para-criancas\/#primaryimage\",\"url\":\"https:\/\/goldenclubcabanas.com\/wp-content\/uploads\/2025\/10\/separador-para-criancas.webp\",\"contentUrl\":\"https:\/\/goldenclubcabanas.com\/wp-content\/uploads\/2025\/10\/separador-para-criancas.webp\"},{\"@type\":\"BreadcrumbList\",\"@id\":\"https:\/\/goldenclubcabanas.com\/pt-pt\/para-criancas\/#breadcrumb\",\"itemListElement\":[{\"@type\":\"ListItem\",\"position\":1,\"name\":\"In\u00edcio\",\"item\":\"https:\/\/goldenclubcabanas.com\/pt-pt\/\"},{\"@type\":\"ListItem\",\"position\":2,\"name\":\"Para crian\u00e7as\"}]},{\"@type\":\"WebSite\",\"@id\":\"https:\/\/goldenclubcabanas.com\/en\/#website\",\"url\":\"https:\/\/goldenclubcabanas.com\/en\/\",\"name\":\"Golden Club Cabanas\",\"description\":\"\",\"potentialAction\":[{\"@type\":\"SearchAction\",\"target\":{\"@type\":\"EntryPoint\",\"urlTemplate\":\"https:\/\/goldenclubcabanas.com\/en\/?s={search_term_string}\"},\"query-input\":{\"@type\":\"PropertyValueSpecification\",\"valueRequired\":true,\"valueName\":\"search_term_string\"}}],\"inLanguage\":\"pt-PT\"}]}<\/script>\n<!-- \/ Yoast SEO Premium plugin. -->","yoast_head_json":{"title":"F\u00e9rias para crian\u00e7as no Algarve | Golden Club Cabanas","description":"No Golden Club Cabanas, as crian\u00e7as passam dias bem animados. A nossa equipa de anima\u00e7\u00e3o cuida dos seus filhos e organiza jogos e atividades.","robots":{"index":"index","follow":"follow","max-snippet":"max-snippet:-1","max-image-preview":"max-image-preview:large","max-video-preview":"max-video-preview:-1"},"canonical":"https:\/\/goldenclubcabanas.com\/pt-pt\/para-criancas\/","og_locale":"pt_PT","og_type":"article","og_title":"Para crian\u00e7as","og_description":"No Golden Club Cabanas, as crian\u00e7as passam dias bem animados. A nossa equipa de anima\u00e7\u00e3o cuida dos seus filhos e organiza jogos e atividades.","og_url":"https:\/\/goldenclubcabanas.com\/pt-pt\/para-criancas\/","og_site_name":"Golden Club Cabanas Aparthotel Algarve, Portugal","article_modified_time":"2025-10-20T16:35:19+00:00","og_image":[{"url":"https:\/\/goldenclubcabanas.com\/wp-content\/uploads\/2025\/10\/separador-para-criancas.webp","type":"","width":"","height":""}],"twitter_card":"summary_large_image","twitter_misc":{"Tempo estimado de leitura":"3 minutos"},"schema":{"@context":"https:\/\/schema.org","@graph":[{"@type":"WebPage","@id":"https:\/\/goldenclubcabanas.com\/pt-pt\/para-criancas\/","url":"https:\/\/goldenclubcabanas.com\/pt-pt\/para-criancas\/","name":"F\u00e9rias para crian\u00e7as no Algarve | Golden Club Cabanas","isPartOf":{"@id":"https:\/\/goldenclubcabanas.com\/en\/#website"},"primaryImageOfPage":{"@id":"https:\/\/goldenclubcabanas.com\/pt-pt\/para-criancas\/#primaryimage"},"image":{"@id":"https:\/\/goldenclubcabanas.com\/pt-pt\/para-criancas\/#primaryimage"},"thumbnailUrl":"https:\/\/goldenclubcabanas.com\/wp-content\/uploads\/2025\/10\/separador-para-criancas.webp","datePublished":"2025-10-20T16:34:59+00:00","dateModified":"2025-10-20T16:35:19+00:00","description":"No Golden Club Cabanas, as crian\u00e7as passam dias bem animados. A nossa equipa de anima\u00e7\u00e3o cuida dos seus filhos e organiza jogos e atividades.","breadcrumb":{"@id":"https:\/\/goldenclubcabanas.com\/pt-pt\/para-criancas\/#breadcrumb"},"inLanguage":"pt-PT","potentialAction":[{"@type":"ReadAction","target":["https:\/\/goldenclubcabanas.com\/pt-pt\/para-criancas\/"]}]},{"@type":"ImageObject","inLanguage":"pt-PT","@id":"https:\/\/goldenclubcabanas.com\/pt-pt\/para-criancas\/#primaryimage","url":"https:\/\/goldenclubcabanas.com\/wp-content\/uploads\/2025\/10\/separador-para-criancas.webp","contentUrl":"https:\/\/goldenclubcabanas.com\/wp-content\/uploads\/2025\/10\/separador-para-criancas.webp"},{"@type":"BreadcrumbList","@id":"https:\/\/goldenclubcabanas.com\/pt-pt\/para-criancas\/#breadcrumb","itemListElement":[{"@type":"ListItem","position":1,"name":"In\u00edcio","item":"https:\/\/goldenclubcabanas.com\/pt-pt\/"},{"@type":"ListItem","position":2,"name":"Para crian\u00e7as"}]},{"@type":"WebSite","@id":"https:\/\/goldenclubcabanas.com\/en\/#website","url":"https:\/\/goldenclubcabanas.com\/en\/","name":"Golden Club Cabanas","description":"","potentialAction":[{"@type":"SearchAction","target":{"@type":"EntryPoint","urlTemplate":"https:\/\/goldenclubcabanas.com\/en\/?s={search_term_string}"},"query-input":{"@type":"PropertyValueSpecification","valueRequired":true,"valueName":"search_term_string"}}],"inLanguage":"pt-PT"}]}},"_links":{"self":[{"href":"https:\/\/goldenclubcabanas.com\/pt-pt\/wp-json\/wp\/v2\/pages\/7026","targetHints":{"allow":["GET"]}}],"collection":[{"href":"https:\/\/goldenclubcabanas.com\/pt-pt\/wp-json\/wp\/v2\/pages"}],"about":[{"href":"https:\/\/goldenclubcabanas.com\/pt-pt\/wp-json\/wp\/v2\/types\/page"}],"author":[{"embeddable":true,"href":"https:\/\/goldenclubcabanas.com\/pt-pt\/wp-json\/wp\/v2\/users\/9"}],"replies":[{"embeddable":true,"href":"https:\/\/goldenclubcabanas.com\/pt-pt\/wp-json\/wp\/v2\/comments?post=7026"}],"version-history":[{"count":9,"href":"https:\/\/goldenclubcabanas.com\/pt-pt\/wp-json\/wp\/v2\/pages\/7026\/revisions"}],"predecessor-version":[{"id":7074,"href":"https:\/\/goldenclubcabanas.com\/pt-pt\/wp-json\/wp\/v2\/pages\/7026\/revisions\/7074"}],"wp:attachment":[{"href":"https:\/\/goldenclubcabanas.com\/pt-pt\/wp-json\/wp\/v2\/media?parent=7026"}],"curies":[{"name":"wp","href":"https:\/\/api.w.org\/{rel}","templated":true}]}}