{"id":7584,"date":"2026-03-31T16:58:43","date_gmt":"2026-03-31T16:58:43","guid":{"rendered":"https:\/\/goldenclubcabanas.com\/?page_id=7584"},"modified":"2026-05-05T15:54:25","modified_gmt":"2026-05-05T15:54:25","slug":"restaurante-ria","status":"publish","type":"page","link":"https:\/\/goldenclubcabanas.com\/pt-pt\/restaurante-ria\/","title":{"rendered":"Restaurante Ria"},"content":{"rendered":"\n<div class=\"dng-hero-section gb-element-28a70af2\">\n<div class=\"dng-content-section gb-element-c89240fc\">\n<h1 class=\"gb-text lg-font gb-text-ccc3e67d\" data-aos=\"fade-up\" data-aos-anchor-placement=\"top-bottom\" data-aos-duration=\"1500\">Restaurante Ria<\/h1>\n\n\n\n<p class=\"gb-text gb-text-ee9098d4 body1\" data-aos-anchor-placement=\"top-bottom\" data-aos=\"fade-up\" data-aos-duration=\"2000\">Um espa\u00e7o leve e luminoso, com esplanada aberta sobre a paisagem da Ria, para almo\u00e7os tranquilos, jantares descontra\u00eddos e brindes ao p\u00f4r do sol.<\/p>\n<\/div>\n<\/div>\n\n\n\n<div class=\"gb-element-10bd11b9\">\n<div class=\"dng-content-section\">\n<h2 class=\"gb-text gb-text-c3005b54 title1\" data-aos=\"fade-up\" data-aos-duration=\"2000\" data-aos-anchor-placement=\"center-bottom\">O cen\u00e1rio perfeito para saborear<\/h2>\n\n\n\n<p class=\"gb-text gb-text-fe56f8ec body2\" data-aos=\"fade-up\" data-aos-duration=\"2400\" data-aos-anchor-placement=\"center-bottom\">Do primeiro caf\u00e9 ao final do dia, o Ria acompanha o ritmo das suas f\u00e9rias. Com a Ria Formosa sempre em pano de fundo, o menu re\u00fane op\u00e7\u00f5es saborosas, petiscos para partilhar e pratos reconfortantes \u2014 ideais para desfrutar de uma refei\u00e7\u00e3o sem pressa.<\/p>\n<\/div>\n<\/div>\n\n\n\n<div><div id=\"dng-c-image-slider-block_7053cc42d0f2b10d7944f83551cfe2db\" class=\"dng-c-image-slider\">\r\n            <div class=\"dng-center-scale-slider owl-carousel owl-theme\">\r\n                            <div class=\"dng-slider-item\" data-index=\"0\">\r\n                    <img loading=\"lazy\" decoding=\"async\" width=\"1465\" height=\"908\" src=\"https:\/\/goldenclubcabanas.com\/wp-content\/uploads\/2026\/02\/ria-bar-interior.webp\" class=\"attachment-full size-full\" alt=\"\" srcset=\"https:\/\/goldenclubcabanas.com\/wp-content\/uploads\/2026\/02\/ria-bar-interior.webp 1465w, https:\/\/goldenclubcabanas.com\/wp-content\/uploads\/2026\/02\/ria-bar-interior-300x186.webp 300w, https:\/\/goldenclubcabanas.com\/wp-content\/uploads\/2026\/02\/ria-bar-interior-1024x635.webp 1024w, https:\/\/goldenclubcabanas.com\/wp-content\/uploads\/2026\/02\/ria-bar-interior-768x476.webp 768w\" sizes=\"auto, (max-width: 1465px) 100vw, 1465px\" \/>                <\/div>\r\n                            <div class=\"dng-slider-item\" data-index=\"1\">\r\n                    <img loading=\"lazy\" decoding=\"async\" width=\"1465\" height=\"908\" src=\"https:\/\/goldenclubcabanas.com\/wp-content\/uploads\/2026\/03\/comida-ria-1.webp\" class=\"attachment-full size-full\" alt=\"\" srcset=\"https:\/\/goldenclubcabanas.com\/wp-content\/uploads\/2026\/03\/comida-ria-1.webp 1465w, https:\/\/goldenclubcabanas.com\/wp-content\/uploads\/2026\/03\/comida-ria-1-300x186.webp 300w, https:\/\/goldenclubcabanas.com\/wp-content\/uploads\/2026\/03\/comida-ria-1-1024x635.webp 1024w, https:\/\/goldenclubcabanas.com\/wp-content\/uploads\/2026\/03\/comida-ria-1-768x476.webp 768w\" sizes=\"auto, (max-width: 1465px) 100vw, 1465px\" \/>                <\/div>\r\n                            <div class=\"dng-slider-item\" data-index=\"2\">\r\n                    <img loading=\"lazy\" decoding=\"async\" width=\"1465\" height=\"908\" src=\"https:\/\/goldenclubcabanas.com\/wp-content\/uploads\/2026\/03\/comida-ria.webp\" class=\"attachment-full size-full\" alt=\"\" srcset=\"https:\/\/goldenclubcabanas.com\/wp-content\/uploads\/2026\/03\/comida-ria.webp 1465w, https:\/\/goldenclubcabanas.com\/wp-content\/uploads\/2026\/03\/comida-ria-300x186.webp 300w, https:\/\/goldenclubcabanas.com\/wp-content\/uploads\/2026\/03\/comida-ria-1024x635.webp 1024w, https:\/\/goldenclubcabanas.com\/wp-content\/uploads\/2026\/03\/comida-ria-768x476.webp 768w\" sizes=\"auto, (max-width: 1465px) 100vw, 1465px\" \/>                <\/div>\r\n                    <\/div>\r\n    \r\n<\/div><\/div>\n\n\n\n<div class=\"dng-section-space\">\n<div class=\"dng-content-section gb-element-1924cd8a\">\n<div class=\"gb-element-5b8f2b82\">\n<figure class=\"wp-block-image size-full\"><img loading=\"lazy\" decoding=\"async\" width=\"626\" height=\"696\" src=\"https:\/\/goldenclubcabanas.com\/wp-content\/uploads\/2026\/03\/comida-ria-2.webp\" alt=\"\" class=\"wp-image-7661\" srcset=\"https:\/\/goldenclubcabanas.com\/wp-content\/uploads\/2026\/03\/comida-ria-2.webp 626w, https:\/\/goldenclubcabanas.com\/wp-content\/uploads\/2026\/03\/comida-ria-2-270x300.webp 270w\" sizes=\"auto, (max-width: 626px) 100vw, 626px\" \/><\/figure>\n<\/div>\n\n\n\n<div class=\"no-overflow gb-element-69bce9d3\">\n<h3 class=\"gb-text gb-text-eade339a title1\" data-aos=\"fade-up\" data-aos-delay=\"200\" data-aos-anchor-placement=\"bottom-bottom\" data-aos-duration=\"700\">Sabores para qualquer momento<\/h3>\n\n\n\n<p class=\"gb-text gb-text-bb9d628c body2\" data-aos-delay=\"400\" data-aos-duration=\"900\" data-aos-anchor-placement=\"bottom-bottom\" data-aos=\"fade-up\">Entre entradas para partilhar, saladas frescas, pizzas, pinsas e pratos principais, h\u00e1 sempre uma op\u00e7\u00e3o \u00e0 medida de cada momento. Para acompanhar, cocktails e bebidas perfeitos para prolongar os finais de tarde com sabor e leveza.<\/p>\n<\/div>\n<\/div>\n<\/div>\n\n\n\n<div class=\"no-overflow\">\n<img loading=\"lazy\" decoding=\"async\" width=\"2049\" height=\"668\" class=\"gb-media-2552eb74\" src=\"https:\/\/goldenclubcabanas.com\/wp-content\/uploads\/2026\/03\/separador-pinsa-ria.webp\" title=\"separador-pinsa-ria\" data-aos=\"zoom-out-up\" data-aos-duration=\"500\" srcset=\"https:\/\/goldenclubcabanas.com\/wp-content\/uploads\/2026\/03\/separador-pinsa-ria.webp 2049w, https:\/\/goldenclubcabanas.com\/wp-content\/uploads\/2026\/03\/separador-pinsa-ria-300x98.webp 300w, https:\/\/goldenclubcabanas.com\/wp-content\/uploads\/2026\/03\/separador-pinsa-ria-1024x334.webp 1024w, https:\/\/goldenclubcabanas.com\/wp-content\/uploads\/2026\/03\/separador-pinsa-ria-768x250.webp 768w, https:\/\/goldenclubcabanas.com\/wp-content\/uploads\/2026\/03\/separador-pinsa-ria-1536x501.webp 1536w\" sizes=\"auto, (max-width: 2049px) 100vw, 2049px\" \/>\n<\/div>\n\n\n\n<div class=\"dng-section-space\">\n<div class=\"dng-content-section\">\n<div class=\"gb-element-ccfccbf7\">\n<h2 class=\"gb-text gb-text-688f0fdb\">Informa\u00e7\u00f5es<\/h2>\n\n\n\n<div class=\"gb-element-2ddd29a7\">\n<div class=\"gb-accordion\">\n<div class=\"gb-accordion__item dng-accord-icon-item gb-accordion__item-5de9ed44\" data-aos=\"fade-up\" data-aos-duration=\"1600\" data-aos-anchor-placement=\"center-bottom\">\n<div role=\"button\" tabindex=\"0\" class=\"gb-accordion__toggle gb-accordion__toggle-b95de2b0\" id=\"gb-accordion-toggle-b95de2b0\">\n<a class=\"gb-text-74467754\"><span class=\"gb-shape\"><svg aria-hidden=\"true\" role=\"img\" height=\"1em\" width=\"1em\" viewBox=\"0 0 512 512\" xmlns=\"http:\/\/www.w3.org\/2000\/svg\"><path fill=\"currentColor\" d=\"M256 8C119 8 8 119 8 256s111 248 248 248 248-111 248-248S393 8 256 8zm0 448c-110.5 0-200-89.5-200-200S145.5 56 256 56s200 89.5 200 200-89.5 200-200 200zm61.8-104.4l-84.9-61.7c-3.1-2.3-4.9-5.9-4.9-9.7V116c0-6.6 5.4-12 12-12h32c6.6 0 12 5.4 12 12v141.7l66.8 48.6c5.4 3.9 6.5 11.4 2.6 16.8L334.6 349c-3.9 5.3-11.4 6.5-16.8 2.6z\"><\/path><\/svg><\/span><\/a>\n\n\n\n<h4 class=\"gb-text gb-text-24be79b4\">Hor\u00e1rios<\/h4>\n\n\n\n<span class=\"gb-accordion__toggle-icon gb-accordion__toggle-icon-72b21732\"><span class=\"gb-accordion__toggle-icon-open\">\n<svg width=\"18\" height=\"18\" viewBox=\"0 0 18 18\" fill=\"none\" xmlns=\"http:\/\/www.w3.org\/2000\/svg\">\n<path d=\"M9 17L9 1\" stroke=\"#1E1E1E\" stroke-width=\"1.54\" stroke-linecap=\"round\"><\/path>\n<path d=\"M1 9L17 9\" stroke=\"#1E1E1E\" stroke-width=\"1.54\" stroke-linecap=\"round\"><\/path>\n<\/svg>\n<\/span><span class=\"gb-accordion__toggle-icon-close\"><svg width=\"24\" height=\"24\" viewBox=\"0 0 23 24\" fill=\"none\" xmlns=\"http:\/\/www.w3.org\/2000\/svg\">\n<path d=\"M16.9704 17.6565L5.65674 6.34277\" stroke=\"#1E1E1E\" stroke-width=\"1.54\" stroke-linecap=\"round\"><\/path>\n<path d=\"M5.65699 17.6565L16.9707 6.34277\" stroke=\"#1E1E1E\" stroke-width=\"1.54\" stroke-linecap=\"round\"><\/path>\n<\/svg>\n<\/span><\/span>\n<\/div>\n\n\n\n<div class=\"gb-accordion__content\" id=\"gb-accordion-content-f3d9eef9\">\n<div class=\"gb-element-1edd307f body2 lineHeight40\">\n<ul class=\"wp-block-list\">\n<li><strong>Bar<\/strong>: Todos os dias, das 10h00 \u00e0s 23h00<\/li>\n\n\n\n<li><strong>Cozinha<\/strong>: Todos os dias, das 10h00 \u00e0s 21h00<\/li>\n\n\n\n<li><strong>Takeaway<\/strong>: At\u00e9 final de abril: 11h00 &#8211; 20h00 \/ A partir de maio: 12h00 &#8211; 21h00<\/li>\n<\/ul>\n<\/div>\n<\/div>\n<\/div>\n\n\n\n<div class=\"gb-accordion__item dng-accord-icon-item gb-accordion__item-4f0957e6\" data-aos=\"fade-up\" data-aos-duration=\"1600\" data-aos-anchor-placement=\"center-bottom\">\n<div role=\"button\" tabindex=\"0\" class=\"gb-accordion__toggle gb-accordion__toggle-c2284e85\" id=\"gb-accordion-toggle-c2284e85\">\n<a class=\"gb-text-c794551c\"><span class=\"gb-shape\"><svg xmlns=\"http:\/\/www.w3.org\/2000\/svg\" width=\"26\" height=\"16\" viewBox=\"0 0 26 16\" fill=\"none\">\n<path d=\"M13 3.15385C14.5652 3.15385 17.6957 4.12308 17.6957 8C17.6957 11.8769 14.5652 12.8462 13 12.8462M22.913 9.61539H23.9565V15H21.8696V9.61539H22.913ZM22.913 9.61539V7.46154M22.913 7.46154C22.2174 7.46154 20.8261 6.81539 20.8261 4.23077C20.8261 1.64615 22.2174 1 22.913 1C23.6087 1 25 1.64615 25 4.23077C25 6.81539 23.6087 7.46154 22.913 7.46154ZM3.08696 9.61539H4.13043V15H2.04348V9.61539H3.08696ZM3.08696 9.61539V7.46154M3.08696 7.46154C3.08696 7.46154 1 7.46154 1 5.30769M3.08696 7.46154C3.08696 7.46154 5.17391 7.46154 5.17391 5.30769M1 5.30769V1M1 5.30769H3.08696M5.17391 5.30769V1M5.17391 5.30769H3.08696M3.08696 5.30769V1M19.7826 8C19.7826 4.13401 16.7459 1 13 1C10.6951 1 8.65878 2.18652 7.43312 4C6.6668 5.13383 6.21739 6.51275 6.21739 8C6.21739 11.866 9.25407 15 13 15C15.7148 15 18.057 13.3539 19.1408 10.9761C19.5525 10.0729 19.7826 9.0642 19.7826 8Z\" stroke=\"#626262\"><\/path>\n<\/svg><\/span><\/a>\n\n\n\n<h4 class=\"gb-text gb-text-0288680f\">Gastronomia<\/h4>\n\n\n\n<span class=\"gb-accordion__toggle-icon gb-accordion__toggle-icon-b15abfa0\"><span class=\"gb-accordion__toggle-icon-open\">\n<svg width=\"18\" height=\"18\" viewBox=\"0 0 18 18\" fill=\"none\" xmlns=\"http:\/\/www.w3.org\/2000\/svg\">\n<path d=\"M9 17L9 1\" stroke=\"#1E1E1E\" stroke-width=\"1.54\" stroke-linecap=\"round\"><\/path>\n<path d=\"M1 9L17 9\" stroke=\"#1E1E1E\" stroke-width=\"1.54\" stroke-linecap=\"round\"><\/path>\n<\/svg>\n<\/span><span class=\"gb-accordion__toggle-icon-close\"><svg width=\"24\" height=\"24\" viewBox=\"0 0 23 24\" fill=\"none\" xmlns=\"http:\/\/www.w3.org\/2000\/svg\">\n<path d=\"M16.9704 17.6565L5.65674 6.34277\" stroke=\"#1E1E1E\" stroke-width=\"1.54\" stroke-linecap=\"round\"><\/path>\n<path d=\"M5.65699 17.6565L16.9707 6.34277\" stroke=\"#1E1E1E\" stroke-width=\"1.54\" stroke-linecap=\"round\"><\/path>\n<\/svg>\n<\/span><\/span>\n<\/div>\n\n\n\n<div class=\"gb-accordion__content\" id=\"gb-accordion-content-a88d710b\">\n<div class=\"gb-element-4459acbd body2 lineHeight40\">\n<ul class=\"wp-block-list\">\n<li>No Ria, h\u00e1 sempre boas raz\u00f5es para ficar \u00e0 mesa. A carta junta saladas frescas, entradas para partilhar, hamb\u00fargueres, pizzas, pinsas, massas, wraps, focaccias e pratos de peixe e carne, criando op\u00e7\u00f5es para todos os gostos e para qualquer momento do dia. Seja para um almo\u00e7o leve, um snack tardio ou um jantar descontra\u00eddo, a proposta combina variedade, sabor e escolhas pensadas para toda a fam\u00edlia.<\/li>\n<\/ul>\n<\/div>\n<\/div>\n<\/div>\n\n\n\n<div class=\"gb-accordion__item dng-accord-icon-item gb-accordion__item-f08d28bd\" data-aos=\"fade-up\" data-aos-duration=\"1600\" data-aos-anchor-placement=\"center-bottom\">\n<div role=\"button\" tabindex=\"0\" class=\"gb-accordion__toggle gb-accordion__toggle-ce14da2b\" id=\"gb-accordion-toggle-ce14da2b\">\n<a class=\"gb-text-42768b71\"><span class=\"gb-shape\"><svg aria-hidden=\"true\" role=\"img\" height=\"1em\" width=\"1em\" viewBox=\"0 0 384 512\" xmlns=\"http:\/\/www.w3.org\/2000\/svg\"><path fill=\"currentColor\" d=\"M172.268 501.67C26.97 291.031 0 269.413 0 192 0 85.961 85.961 0 192 0s192 85.961 192 192c0 77.413-26.97 99.031-172.268 309.67-9.535 13.774-29.93 13.773-39.464 0zM192 272c44.183 0 80-35.817 80-80s-35.817-80-80-80-80 35.817-80 80 35.817 80 80 80z\"><\/path><\/svg><\/span><\/a>\n\n\n\n<h4 class=\"gb-text gb-text-6f700e19\">Localiza\u00e7\u00e3o<\/h4>\n\n\n\n<span class=\"gb-accordion__toggle-icon gb-accordion__toggle-icon-8583e419\"><span class=\"gb-accordion__toggle-icon-open\">\n<svg width=\"18\" height=\"18\" viewBox=\"0 0 18 18\" fill=\"none\" xmlns=\"http:\/\/www.w3.org\/2000\/svg\">\n<path d=\"M9 17L9 1\" stroke=\"#1E1E1E\" stroke-width=\"1.54\" stroke-linecap=\"round\"><\/path>\n<path d=\"M1 9L17 9\" stroke=\"#1E1E1E\" stroke-width=\"1.54\" stroke-linecap=\"round\"><\/path>\n<\/svg>\n<\/span><span class=\"gb-accordion__toggle-icon-close\"><svg width=\"24\" height=\"24\" viewBox=\"0 0 23 24\" fill=\"none\" xmlns=\"http:\/\/www.w3.org\/2000\/svg\">\n<path d=\"M16.9704 17.6565L5.65674 6.34277\" stroke=\"#1E1E1E\" stroke-width=\"1.54\" stroke-linecap=\"round\"><\/path>\n<path d=\"M5.65699 17.6565L16.9707 6.34277\" stroke=\"#1E1E1E\" stroke-width=\"1.54\" stroke-linecap=\"round\"><\/path>\n<\/svg>\n<\/span><\/span>\n<\/div>\n\n\n\n<div class=\"gb-accordion__content\" id=\"gb-accordion-content-bb73cec7\">\n<div class=\"gb-element-11800b43 body2 lineHeight40\">\n<ul class=\"wp-block-list\">\n<li>O Ria encontra-se localizado junto \u00e0 Piscina Pequena e ao Health Club. O acesso ao espa\u00e7o poder\u00e1 ser efetuado a p\u00e9, a partir da rece\u00e7\u00e3o, ou atrav\u00e9s da entrada situada a poente, junto ao Health Club.<\/li>\n<\/ul>\n\n\n\n<figure class=\"wp-block-image size-full\"><img loading=\"lazy\" decoding=\"async\" width=\"842\" height=\"359\" src=\"https:\/\/goldenclubcabanas.com\/wp-content\/uploads\/2026\/04\/ria-mapa.webp\" alt=\"\" class=\"wp-image-7684\" srcset=\"https:\/\/goldenclubcabanas.com\/wp-content\/uploads\/2026\/04\/ria-mapa.webp 842w, https:\/\/goldenclubcabanas.com\/wp-content\/uploads\/2026\/04\/ria-mapa-300x128.webp 300w, https:\/\/goldenclubcabanas.com\/wp-content\/uploads\/2026\/04\/ria-mapa-768x327.webp 768w\" sizes=\"auto, (max-width: 842px) 100vw, 842px\" \/><\/figure>\n<\/div>\n<\/div>\n<\/div>\n<\/div>\n<\/div>\n<\/div>\n<\/div>\n<\/div>\n\n\n\n<div class=\"dng-padding-y-100 gb-element-773c6281\">\n<div class=\"dng-content-section gb-element-1626c6c2\">\n<div class=\"gb-element-be2c4fe3\">\n<div class=\"dng-col-7 gb-element-c45690f7\">\n<figure class=\"wp-block-image size-full\"><img loading=\"lazy\" decoding=\"async\" width=\"1024\" height=\"724\" src=\"https:\/\/goldenclubcabanas.com\/wp-content\/uploads\/2026\/03\/ria-cta.webp\" alt=\"\" class=\"wp-image-7678\" srcset=\"https:\/\/goldenclubcabanas.com\/wp-content\/uploads\/2026\/03\/ria-cta.webp 1024w, https:\/\/goldenclubcabanas.com\/wp-content\/uploads\/2026\/03\/ria-cta-300x212.webp 300w, https:\/\/goldenclubcabanas.com\/wp-content\/uploads\/2026\/03\/ria-cta-768x543.webp 768w\" sizes=\"auto, (max-width: 1024px) 100vw, 1024px\" \/><\/figure>\n<\/div>\n<\/div>\n\n\n\n<div class=\"dng-content-top-card dng-width-45 gb-element-4071d729\">\n<h3 class=\"gb-text gb-text-dc137e93\">Vista aberta. Mesa posta. Boas f\u00e9rias.<\/h3>\n\n\n\n<p class=\"gb-text dng-mb-40 body2\">No Ria, a melhor parte \u00e9 simples: sentar, escolher, provar e aproveitar a luz da Ria Formosa. Um espa\u00e7o para celebrar os pequenos momentos \u2014 com calma, com sabor e com vontade de voltar amanh\u00e3.<\/p>\n\n\n\n<a class=\"gb-text dng-gpc-btn gb-text-fcc0ab06 button-text btn-gold-outline dng-button\" href=\"https:\/\/goldenclubcabanas.com\/wp-content\/uploads\/2026\/04\/Menu-Ria-1.pdf\" target=\"_blank\" rel=\"noopener\">Consultar Menu<\/a>\n<\/div>\n<\/div>\n<\/div>\n","protected":false},"excerpt":{"rendered":"<p>Restaurante Ria Um espa\u00e7o leve e luminoso, com esplanada aberta sobre a paisagem da Ria, para almo\u00e7os tranquilos, jantares descontra\u00eddos e brindes ao p\u00f4r do sol. O cen\u00e1rio perfeito para saborear Do primeiro caf\u00e9 ao final do dia, o Ria acompanha o ritmo das suas f\u00e9rias. Com a Ria Formosa sempre em pano de fundo, &#8230; <a title=\"Restaurante Ria\" class=\"read-more\" href=\"https:\/\/goldenclubcabanas.com\/pt-pt\/restaurante-ria\/\" aria-label=\"Leia mais sobre Restaurante Ria\">Ler mais<\/a><\/p>\n","protected":false},"author":9,"featured_media":0,"parent":0,"menu_order":56,"comment_status":"closed","ping_status":"closed","template":"","meta":{"_acf_changed":false,"footnotes":""},"class_list":["post-7584","page","type-page","status-publish"],"acf":[],"yoast_head":"<!-- This site is optimized with the Yoast SEO Premium plugin v25.9 (Yoast SEO v25.9) - https:\/\/yoast.com\/wordpress\/plugins\/seo\/ -->\n<title>Restaurante Bar Ria - Golden Club Cabanas<\/title>\n<meta name=\"description\" content=\"Descubra o Restaurante Ria no Golden Club Cabanas, com uma oferta variada, ambiente acolhedor e sabores que celebram a gastronomia local.\" \/>\n<meta name=\"robots\" content=\"index, follow, max-snippet:-1, max-image-preview:large, max-video-preview:-1\" \/>\n<link rel=\"canonical\" href=\"https:\/\/goldenclubcabanas.com\/pt-pt\/restaurante-ria\/\" \/>\n<meta property=\"og:locale\" content=\"pt_PT\" \/>\n<meta property=\"og:type\" content=\"article\" \/>\n<meta property=\"og:title\" content=\"Restaurante Ria\" \/>\n<meta property=\"og:description\" content=\"Descubra o Restaurante Ria no Golden Club Cabanas, com uma oferta variada, ambiente acolhedor e sabores que celebram a gastronomia local.\" \/>\n<meta property=\"og:url\" content=\"https:\/\/goldenclubcabanas.com\/pt-pt\/restaurante-ria\/\" \/>\n<meta property=\"og:site_name\" content=\"Golden Club Cabanas Aparthotel Algarve, Portugal\" \/>\n<meta property=\"article:modified_time\" content=\"2026-05-05T15:54:25+00:00\" \/>\n<meta property=\"og:image\" content=\"https:\/\/goldenclubcabanas.com\/wp-content\/uploads\/2026\/03\/comida-ria-2.webp\" \/>\n<meta name=\"twitter:card\" content=\"summary_large_image\" \/>\n<meta name=\"twitter:label1\" content=\"Tempo estimado de leitura\" \/>\n\t<meta name=\"twitter:data1\" content=\"3 minutos\" \/>\n<script type=\"application\/ld+json\" class=\"yoast-schema-graph\">{\"@context\":\"https:\/\/schema.org\",\"@graph\":[{\"@type\":\"WebPage\",\"@id\":\"https:\/\/goldenclubcabanas.com\/pt-pt\/restaurante-ria\/\",\"url\":\"https:\/\/goldenclubcabanas.com\/pt-pt\/restaurante-ria\/\",\"name\":\"Restaurante Bar Ria - Golden Club Cabanas\",\"isPartOf\":{\"@id\":\"https:\/\/goldenclubcabanas.com\/en\/#website\"},\"primaryImageOfPage\":{\"@id\":\"https:\/\/goldenclubcabanas.com\/pt-pt\/restaurante-ria\/#primaryimage\"},\"image\":{\"@id\":\"https:\/\/goldenclubcabanas.com\/pt-pt\/restaurante-ria\/#primaryimage\"},\"thumbnailUrl\":\"https:\/\/goldenclubcabanas.com\/wp-content\/uploads\/2026\/03\/comida-ria-2.webp\",\"datePublished\":\"2026-03-31T16:58:43+00:00\",\"dateModified\":\"2026-05-05T15:54:25+00:00\",\"description\":\"Descubra o Restaurante Ria no Golden Club Cabanas, com uma oferta variada, ambiente acolhedor e sabores que celebram a gastronomia local.\",\"breadcrumb\":{\"@id\":\"https:\/\/goldenclubcabanas.com\/pt-pt\/restaurante-ria\/#breadcrumb\"},\"inLanguage\":\"pt-PT\",\"potentialAction\":[{\"@type\":\"ReadAction\",\"target\":[\"https:\/\/goldenclubcabanas.com\/pt-pt\/restaurante-ria\/\"]}]},{\"@type\":\"ImageObject\",\"inLanguage\":\"pt-PT\",\"@id\":\"https:\/\/goldenclubcabanas.com\/pt-pt\/restaurante-ria\/#primaryimage\",\"url\":\"https:\/\/goldenclubcabanas.com\/wp-content\/uploads\/2026\/03\/comida-ria-2.webp\",\"contentUrl\":\"https:\/\/goldenclubcabanas.com\/wp-content\/uploads\/2026\/03\/comida-ria-2.webp\"},{\"@type\":\"BreadcrumbList\",\"@id\":\"https:\/\/goldenclubcabanas.com\/pt-pt\/restaurante-ria\/#breadcrumb\",\"itemListElement\":[{\"@type\":\"ListItem\",\"position\":1,\"name\":\"In\u00edcio\",\"item\":\"https:\/\/goldenclubcabanas.com\/pt-pt\/\"},{\"@type\":\"ListItem\",\"position\":2,\"name\":\"Restaurante Ria\"}]},{\"@type\":\"WebSite\",\"@id\":\"https:\/\/goldenclubcabanas.com\/en\/#website\",\"url\":\"https:\/\/goldenclubcabanas.com\/en\/\",\"name\":\"Golden Club Cabanas\",\"description\":\"\",\"potentialAction\":[{\"@type\":\"SearchAction\",\"target\":{\"@type\":\"EntryPoint\",\"urlTemplate\":\"https:\/\/goldenclubcabanas.com\/en\/?s={search_term_string}\"},\"query-input\":{\"@type\":\"PropertyValueSpecification\",\"valueRequired\":true,\"valueName\":\"search_term_string\"}}],\"inLanguage\":\"pt-PT\"}]}<\/script>\n<!-- \/ Yoast SEO Premium plugin. -->","yoast_head_json":{"title":"Restaurante Bar Ria - Golden Club Cabanas","description":"Descubra o Restaurante Ria no Golden Club Cabanas, com uma oferta variada, ambiente acolhedor e sabores que celebram a gastronomia local.","robots":{"index":"index","follow":"follow","max-snippet":"max-snippet:-1","max-image-preview":"max-image-preview:large","max-video-preview":"max-video-preview:-1"},"canonical":"https:\/\/goldenclubcabanas.com\/pt-pt\/restaurante-ria\/","og_locale":"pt_PT","og_type":"article","og_title":"Restaurante Ria","og_description":"Descubra o Restaurante Ria no Golden Club Cabanas, com uma oferta variada, ambiente acolhedor e sabores que celebram a gastronomia local.","og_url":"https:\/\/goldenclubcabanas.com\/pt-pt\/restaurante-ria\/","og_site_name":"Golden Club Cabanas Aparthotel Algarve, Portugal","article_modified_time":"2026-05-05T15:54:25+00:00","og_image":[{"url":"https:\/\/goldenclubcabanas.com\/wp-content\/uploads\/2026\/03\/comida-ria-2.webp","type":"","width":"","height":""}],"twitter_card":"summary_large_image","twitter_misc":{"Tempo estimado de leitura":"3 minutos"},"schema":{"@context":"https:\/\/schema.org","@graph":[{"@type":"WebPage","@id":"https:\/\/goldenclubcabanas.com\/pt-pt\/restaurante-ria\/","url":"https:\/\/goldenclubcabanas.com\/pt-pt\/restaurante-ria\/","name":"Restaurante Bar Ria - Golden Club Cabanas","isPartOf":{"@id":"https:\/\/goldenclubcabanas.com\/en\/#website"},"primaryImageOfPage":{"@id":"https:\/\/goldenclubcabanas.com\/pt-pt\/restaurante-ria\/#primaryimage"},"image":{"@id":"https:\/\/goldenclubcabanas.com\/pt-pt\/restaurante-ria\/#primaryimage"},"thumbnailUrl":"https:\/\/goldenclubcabanas.com\/wp-content\/uploads\/2026\/03\/comida-ria-2.webp","datePublished":"2026-03-31T16:58:43+00:00","dateModified":"2026-05-05T15:54:25+00:00","description":"Descubra o Restaurante Ria no Golden Club Cabanas, com uma oferta variada, ambiente acolhedor e sabores que celebram a gastronomia local.","breadcrumb":{"@id":"https:\/\/goldenclubcabanas.com\/pt-pt\/restaurante-ria\/#breadcrumb"},"inLanguage":"pt-PT","potentialAction":[{"@type":"ReadAction","target":["https:\/\/goldenclubcabanas.com\/pt-pt\/restaurante-ria\/"]}]},{"@type":"ImageObject","inLanguage":"pt-PT","@id":"https:\/\/goldenclubcabanas.com\/pt-pt\/restaurante-ria\/#primaryimage","url":"https:\/\/goldenclubcabanas.com\/wp-content\/uploads\/2026\/03\/comida-ria-2.webp","contentUrl":"https:\/\/goldenclubcabanas.com\/wp-content\/uploads\/2026\/03\/comida-ria-2.webp"},{"@type":"BreadcrumbList","@id":"https:\/\/goldenclubcabanas.com\/pt-pt\/restaurante-ria\/#breadcrumb","itemListElement":[{"@type":"ListItem","position":1,"name":"In\u00edcio","item":"https:\/\/goldenclubcabanas.com\/pt-pt\/"},{"@type":"ListItem","position":2,"name":"Restaurante Ria"}]},{"@type":"WebSite","@id":"https:\/\/goldenclubcabanas.com\/en\/#website","url":"https:\/\/goldenclubcabanas.com\/en\/","name":"Golden Club Cabanas","description":"","potentialAction":[{"@type":"SearchAction","target":{"@type":"EntryPoint","urlTemplate":"https:\/\/goldenclubcabanas.com\/en\/?s={search_term_string}"},"query-input":{"@type":"PropertyValueSpecification","valueRequired":true,"valueName":"search_term_string"}}],"inLanguage":"pt-PT"}]}},"_links":{"self":[{"href":"https:\/\/goldenclubcabanas.com\/pt-pt\/wp-json\/wp\/v2\/pages\/7584","targetHints":{"allow":["GET"]}}],"collection":[{"href":"https:\/\/goldenclubcabanas.com\/pt-pt\/wp-json\/wp\/v2\/pages"}],"about":[{"href":"https:\/\/goldenclubcabanas.com\/pt-pt\/wp-json\/wp\/v2\/types\/page"}],"author":[{"embeddable":true,"href":"https:\/\/goldenclubcabanas.com\/pt-pt\/wp-json\/wp\/v2\/users\/9"}],"replies":[{"embeddable":true,"href":"https:\/\/goldenclubcabanas.com\/pt-pt\/wp-json\/wp\/v2\/comments?post=7584"}],"version-history":[{"count":8,"href":"https:\/\/goldenclubcabanas.com\/pt-pt\/wp-json\/wp\/v2\/pages\/7584\/revisions"}],"predecessor-version":[{"id":7748,"href":"https:\/\/goldenclubcabanas.com\/pt-pt\/wp-json\/wp\/v2\/pages\/7584\/revisions\/7748"}],"wp:attachment":[{"href":"https:\/\/goldenclubcabanas.com\/pt-pt\/wp-json\/wp\/v2\/media?parent=7584"}],"curies":[{"name":"wp","href":"https:\/\/api.w.org\/{rel}","templated":true}]}}