{"id":765,"date":"2025-05-02T09:43:29","date_gmt":"2025-05-02T09:43:29","guid":{"rendered":"https:\/\/goldenclubcabanas.com\/?page_id=765"},"modified":"2026-03-19T16:30:27","modified_gmt":"2026-03-19T16:30:27","slug":"kids-club","status":"publish","type":"page","link":"https:\/\/goldenclubcabanas.com\/pt-pt\/resort-algarve-tudo-incluido\/kids-club\/","title":{"rendered":"Kids club"},"content":{"rendered":"\n<div class=\"dng-hero-section gb-element-46afd053\">\n<div class=\"dng-content-section gb-element-399894b7\">\n<h1 class=\"gb-text lg-font gb-text-092fc453\" data-aos=\"fade-up\" data-aos-anchor-placement=\"top-bottom\" data-aos-duration=\"1500\">Kids Club<\/h1>\n\n\n\n<p class=\"gb-text gb-text-ef0676c9 body1\" data-aos-anchor-placement=\"top-bottom\" data-aos=\"fade-up\" data-aos-duration=\"2000\">Desfrute de um hotel com anima\u00e7\u00e3o infantil, onde as crian\u00e7as vivem aventuras no Kids Club com atividades criativas e muita divers\u00e3o.<\/p>\n<\/div>\n<\/div>\n\n\n\n<div class=\"dng-section-space\">\n<div class=\"dng-content-section no-overflow\">\n<h2 class=\"gb-text dng-mb-20 gb-text-9008e9b4 title1\" data-aos=\"fade-up\" data-aos-duration=\"1400\" data-aos-anchor-placement=\"center-bottom\">Anima\u00e7\u00e3o infantil &#8211; onde a divers\u00e3o come\u00e7a<\/h2>\n\n\n\n<p class=\"gb-text dng-mb-40 gb-text-d7b8a268 body2\" data-aos=\"fade-up\" data-aos-duration=\"1600\" data-aos-anchor-placement=\"center-bottom\">O Golden Club Cabanas \u00e9 o hotel com Kids Club ideal para f\u00e9rias em fam\u00edlia cheias de alegria! Aqui, as crian\u00e7as podem juntar-se ao Leo, o nosso simp\u00e1tico camale\u00e3o da Ria Formosa, e embarcar numa aventura divertida todos os dias. Temos um programa semanal recheado de atividades criativas como dan\u00e7a, culin\u00e1ria, teatro, artes e muito mais. Para al\u00e9m disso, n\u00e3o faltam espa\u00e7os para brincar: trampolim, insufl\u00e1vel, baloi\u00e7o, pir\u00e2mide de cordas e uma sala interior totalmente equipada para momentos inesquec\u00edveis.<\/p>\n\n\n\n<div class=\"dng-gap-24 gb-element-52e48081\">\n<div class=\"dng-col-3\">\n<figure class=\"wp-block-image size-full\"><img loading=\"lazy\" decoding=\"async\" width=\"726\" height=\"768\" src=\"https:\/\/goldenclubcabanas.com\/wp-content\/uploads\/2025\/10\/kids-club-galeria-inicial-1.webp\" alt=\"\" class=\"wp-image-6021\" srcset=\"https:\/\/goldenclubcabanas.com\/wp-content\/uploads\/2025\/10\/kids-club-galeria-inicial-1.webp 726w, https:\/\/goldenclubcabanas.com\/wp-content\/uploads\/2025\/10\/kids-club-galeria-inicial-1-284x300.webp 284w\" sizes=\"auto, (max-width: 726px) 100vw, 726px\" \/><\/figure>\n<\/div>\n\n\n\n<div class=\"dng-col-3\">\n<figure class=\"wp-block-image size-full\"><img loading=\"lazy\" decoding=\"async\" width=\"726\" height=\"768\" src=\"https:\/\/goldenclubcabanas.com\/wp-content\/uploads\/2025\/10\/kids-club-galeria-inicial-2.webp\" alt=\"\" class=\"wp-image-6025\" srcset=\"https:\/\/goldenclubcabanas.com\/wp-content\/uploads\/2025\/10\/kids-club-galeria-inicial-2.webp 726w, https:\/\/goldenclubcabanas.com\/wp-content\/uploads\/2025\/10\/kids-club-galeria-inicial-2-284x300.webp 284w\" sizes=\"auto, (max-width: 726px) 100vw, 726px\" \/><\/figure>\n<\/div>\n\n\n\n<div class=\"dng-col-3\">\n<figure class=\"wp-block-image size-full\"><img loading=\"lazy\" decoding=\"async\" width=\"726\" height=\"768\" src=\"https:\/\/goldenclubcabanas.com\/wp-content\/uploads\/2025\/10\/kids-club-galeria-inicial-3.webp\" alt=\"\" class=\"wp-image-6029\" srcset=\"https:\/\/goldenclubcabanas.com\/wp-content\/uploads\/2025\/10\/kids-club-galeria-inicial-3.webp 726w, https:\/\/goldenclubcabanas.com\/wp-content\/uploads\/2025\/10\/kids-club-galeria-inicial-3-284x300.webp 284w\" sizes=\"auto, (max-width: 726px) 100vw, 726px\" \/><\/figure>\n<\/div>\n<\/div>\n<\/div>\n<\/div>\n\n\n\n<div class=\"gb-element-9c6b1a8d\">\n<div class=\"dng-content-section\">\n<div class=\"gb-element-921b6d95\">\n<h2 class=\"gb-text gb-text-b211fb4a title1\" data-aos=\"fade-up\" data-aos-duration=\"2000\" data-aos-anchor-placement=\"center-bottom\">Atividades para Crian\u00e7as em Ambiente Seguro<\/h2>\n\n\n\n<p class=\"gb-text gb-text-841a452e body2\" data-aos=\"fade-up\" data-aos-duration=\"2000\" data-aos-anchor-placement=\"center-bottom\">O nosso Kids Club recebe crian\u00e7as dos 3 aos 12 anos e funciona com hor\u00e1rios adaptados \u00e0 \u00e9poca do ano: de dezembro a abril, est\u00e1 aberto de quarta-feira a domingo; de maio a outubro, funciona todos os dias. O espa\u00e7o \u00e9 supervisionado por uma equipa profissional, que garante momentos seguros e inesquec\u00edveis, em portugu\u00eas, espanhol e ingl\u00eas. Os hor\u00e1rios poder\u00e3o sofrer altera\u00e7\u00f5es sem aviso pr\u00e9vio.<br><em>Nota: Crian\u00e7as menores de 3 anos devem estar sempre acompanhadas pelos pais, e crian\u00e7as com 3 anos s\u00f3 podem ficar ao encargo dos animadores se j\u00e1 n\u00e3o utilizarem fralda<\/em>.<\/p>\n<\/div>\n<\/div>\n<\/div>\n\n\n\r\n<div id=\"dng-c-images-slider-block_ecb8a16fef4f6f8cfa534cdf78e0a0c6\" class=\"dng-c-images-slider gcc-section-space\">\r\n                <div class=\"dngImages_slider _leftOffset owl-carousel owl-theme\">\r\n                            <div class=\"dngImages_slider-item\">\r\n                    <img loading=\"lazy\" decoding=\"async\" width=\"726\" height=\"768\" src=\"https:\/\/goldenclubcabanas.com\/wp-content\/uploads\/2025\/10\/kids-club-galeria-1.webp\" class=\"attachment-full size-full\" alt=\"\" srcset=\"https:\/\/goldenclubcabanas.com\/wp-content\/uploads\/2025\/10\/kids-club-galeria-1.webp 726w, https:\/\/goldenclubcabanas.com\/wp-content\/uploads\/2025\/10\/kids-club-galeria-1-284x300.webp 284w\" sizes=\"auto, (max-width: 726px) 100vw, 726px\" \/>                <\/div>\r\n                            <div class=\"dngImages_slider-item\">\r\n                    <img loading=\"lazy\" decoding=\"async\" width=\"726\" height=\"768\" src=\"https:\/\/goldenclubcabanas.com\/wp-content\/uploads\/2025\/10\/kids-club-galeria-5.webp\" class=\"attachment-full size-full\" alt=\"\" srcset=\"https:\/\/goldenclubcabanas.com\/wp-content\/uploads\/2025\/10\/kids-club-galeria-5.webp 726w, https:\/\/goldenclubcabanas.com\/wp-content\/uploads\/2025\/10\/kids-club-galeria-5-284x300.webp 284w\" sizes=\"auto, (max-width: 726px) 100vw, 726px\" \/>                <\/div>\r\n                            <div class=\"dngImages_slider-item\">\r\n                    <img loading=\"lazy\" decoding=\"async\" width=\"726\" height=\"768\" src=\"https:\/\/goldenclubcabanas.com\/wp-content\/uploads\/2025\/10\/kids-club-galeria-3.webp\" class=\"attachment-full size-full\" alt=\"\" srcset=\"https:\/\/goldenclubcabanas.com\/wp-content\/uploads\/2025\/10\/kids-club-galeria-3.webp 726w, https:\/\/goldenclubcabanas.com\/wp-content\/uploads\/2025\/10\/kids-club-galeria-3-284x300.webp 284w\" sizes=\"auto, (max-width: 726px) 100vw, 726px\" \/>                <\/div>\r\n                            <div class=\"dngImages_slider-item\">\r\n                    <img loading=\"lazy\" decoding=\"async\" width=\"726\" height=\"768\" src=\"https:\/\/goldenclubcabanas.com\/wp-content\/uploads\/2025\/10\/kids-club-galeria-4.webp\" class=\"attachment-full size-full\" alt=\"\" srcset=\"https:\/\/goldenclubcabanas.com\/wp-content\/uploads\/2025\/10\/kids-club-galeria-4.webp 726w, https:\/\/goldenclubcabanas.com\/wp-content\/uploads\/2025\/10\/kids-club-galeria-4-284x300.webp 284w\" sizes=\"auto, (max-width: 726px) 100vw, 726px\" \/>                <\/div>\r\n                    <\/div>\r\n    <\/div>\n\n\n<div class=\"no-overflow\">\n<figure class=\"wp-block-image size-large dng-img dng-img-full\"><img loading=\"lazy\" decoding=\"async\" width=\"1024\" height=\"329\" src=\"https:\/\/goldenclubcabanas.com\/wp-content\/uploads\/2025\/08\/kids-club-separador-1024x329.jpg\" alt=\"\" class=\"wp-image-4234\" style=\"object-fit:cover\" srcset=\"https:\/\/goldenclubcabanas.com\/wp-content\/uploads\/2025\/08\/kids-club-separador-1024x329.jpg 1024w, https:\/\/goldenclubcabanas.com\/wp-content\/uploads\/2025\/08\/kids-club-separador-300x96.jpg 300w, https:\/\/goldenclubcabanas.com\/wp-content\/uploads\/2025\/08\/kids-club-separador-768x247.jpg 768w, https:\/\/goldenclubcabanas.com\/wp-content\/uploads\/2025\/08\/kids-club-separador-1536x494.jpg 1536w, https:\/\/goldenclubcabanas.com\/wp-content\/uploads\/2025\/08\/kids-club-separador-2048x658.jpg 2048w\" sizes=\"auto, (max-width: 1024px) 100vw, 1024px\" \/><\/figure>\n<\/div>\n\n\n\n<div class=\"dng-section-space gb-element-eab2b1b9 _rightOffset\">\n<div class=\"gb-element-1dc59586\">\n<div class=\"max-730 gb-element-c02673e3\">\n<div class=\"gb-element-0446e00a\">\n<div class=\"no-overflow gb-element-428ddfb8\">\n<figure class=\"wp-block-image size-full dng-img dng-img-546\"><img loading=\"lazy\" decoding=\"async\" width=\"1059\" height=\"1638\" src=\"https:\/\/goldenclubcabanas.com\/wp-content\/uploads\/2025\/08\/kids-club-leo-new.jpg\" alt=\"\" class=\"wp-image-4243\" srcset=\"https:\/\/goldenclubcabanas.com\/wp-content\/uploads\/2025\/08\/kids-club-leo-new.jpg 1059w, https:\/\/goldenclubcabanas.com\/wp-content\/uploads\/2025\/08\/kids-club-leo-new-194x300.jpg 194w, https:\/\/goldenclubcabanas.com\/wp-content\/uploads\/2025\/08\/kids-club-leo-new-662x1024.jpg 662w, https:\/\/goldenclubcabanas.com\/wp-content\/uploads\/2025\/08\/kids-club-leo-new-768x1188.jpg 768w, https:\/\/goldenclubcabanas.com\/wp-content\/uploads\/2025\/08\/kids-club-leo-new-993x1536.jpg 993w\" sizes=\"auto, (max-width: 1059px) 100vw, 1059px\" \/><\/figure>\n<\/div>\n\n\n\n<div class=\"gb-element-1486fc50\">\n<figure class=\"wp-block-image size-full dng-img dng-img-546\"><img loading=\"lazy\" decoding=\"async\" width=\"662\" height=\"1024\" src=\"https:\/\/goldenclubcabanas.com\/wp-content\/uploads\/2025\/10\/leo-2.webp\" alt=\"\" class=\"wp-image-6016\" srcset=\"https:\/\/goldenclubcabanas.com\/wp-content\/uploads\/2025\/10\/leo-2.webp 662w, https:\/\/goldenclubcabanas.com\/wp-content\/uploads\/2025\/10\/leo-2-194x300.webp 194w\" sizes=\"auto, (max-width: 662px) 100vw, 662px\" \/><\/figure>\n<\/div>\n<\/div>\n<\/div>\n\n\n\n<div class=\"no-overflow gb-element-8cc29fdb\">\n<h2 class=\"gb-text gb-text-8ad52138 title1\" data-aos=\"fade-up\" data-aos-delay=\"200\" data-aos-duration=\"800\" data-aos-anchor-placement=\"bottom-bottom\">Aventura com o Leo, a Mascote do Golden Club Cabanas<\/h2>\n\n\n\n<p class=\"gb-text gb-text-971ce492 body2\" data-aos=\"fade-up\" data-aos-duration=\"900\" data-aos-delay=\"300\" data-aos-anchor-placement=\"bottom-bottom\">Ol\u00e1! Eu sou o Leo, a mascote do Golden Club Cabanas!<br>Adoro fazer novos amigos e mostrar a todos o lugar incr\u00edvel onde vivo: a Ria Formosa! Como sou um camale\u00e3o muito traquina, estou sempre a preparar novas brincadeiras e aventuras. Vem visitar a minha Casa da Crian\u00e7a, onde a divers\u00e3o \u00e9 garantida e n\u00e3o tem fim! As tuas f\u00e9rias v\u00e3o ser inesquec\u00edveis, com muitas risadas e novas descobertas.<br>F\u00e9rias cheias de divers\u00e3o? \u00c9 com o Leo, o camale\u00e3o!<\/p>\n<\/div>\n<\/div>\n<\/div>\n\n\n\n<div class=\"gb-element-64411031\">\n<div class=\"dng-content-section no-overflow gb-element-da6fec9e\">\n<div class=\"gb-element-495743a8\">\n<div class=\"gb-element-8163cea4\">\n<div class=\"dng-img dng-img-500\">\n<img loading=\"lazy\" decoding=\"async\" width=\"747\" height=\"389\" class=\"gb-media-34982411\" src=\"https:\/\/goldenclubcabanas.com\/wp-content\/uploads\/2025\/05\/kids-club-festas-aniversario.jpg\" title=\"nota_img\" data-aos=\"zoom-in\" srcset=\"https:\/\/goldenclubcabanas.com\/wp-content\/uploads\/2025\/05\/kids-club-festas-aniversario.jpg 747w, https:\/\/goldenclubcabanas.com\/wp-content\/uploads\/2025\/05\/kids-club-festas-aniversario-300x156.jpg 300w\" sizes=\"auto, (max-width: 747px) 100vw, 747px\" \/>\n<\/div>\n<\/div>\n\n\n\n<div class=\"gb-element-2d9fae42\">\n<h3 class=\"gb-text gb-text-9b3f823a\">Festas de Anivers\u00e1rio no Kids Club<\/h3>\n\n\n\n<p class=\"gb-text body2\">Se procura um local para realizar festas de anivers\u00e1rio em Tavira, o Kids Club do Golden Club Cabanas \u00e9 o local ideal. Temos uma equipa de animadores experientes preparada para realizar os sonhos dos mais novos.<\/p>\n\n\n\n<a class=\"dng-gpc-btn gb-text-0a553eaf button-text btn-gold-outline dng-button\" href=\"https:\/\/goldenclubcabanas.com\/pt-pt\/festas-aniversario-tavira\/\"><span class=\"gb-text\">entrar em contacto<\/span><span class=\"gb-shape\"><svg width=\"50\" height=\"25\" viewBox=\"0 0 24 25\" fill=\"none\" xmlns=\"http:\/\/www.w3.org\/2000\/svg\">\n<path d=\"M23.542 11.392L18.825 6.67505L18.118 7.38205L22.736 12H0V13H22.734L18.117 17.617L18.824 18.324L23.542 13.606C24.152 12.996 24.152 12.002 23.542 11.392Z\" fill=\"#1E1E1E\"><\/path>\n<\/svg>\n<\/span><\/a>\n<\/div>\n<\/div>\n<\/div>\n<\/div>\n","protected":false},"excerpt":{"rendered":"<p>Kids Club Desfrute de um hotel com anima\u00e7\u00e3o infantil, onde as crian\u00e7as vivem aventuras no Kids Club com atividades criativas e muita divers\u00e3o. Anima\u00e7\u00e3o infantil &#8211; onde a divers\u00e3o come\u00e7a O Golden Club Cabanas \u00e9 o hotel com Kids Club ideal para f\u00e9rias em fam\u00edlia cheias de alegria! Aqui, as crian\u00e7as podem juntar-se ao Leo, &#8230; <a title=\"Kids club\" class=\"read-more\" href=\"https:\/\/goldenclubcabanas.com\/pt-pt\/resort-algarve-tudo-incluido\/kids-club\/\" aria-label=\"Leia mais sobre Kids club\">Ler mais<\/a><\/p>\n","protected":false},"author":2,"featured_media":0,"parent":531,"menu_order":80,"comment_status":"closed","ping_status":"closed","template":"","meta":{"_acf_changed":false,"footnotes":""},"class_list":["post-765","page","type-page","status-publish"],"acf":[],"yoast_head":"<!-- This site is optimized with the Yoast SEO Premium plugin v25.9 (Yoast SEO v25.9) - https:\/\/yoast.com\/wordpress\/plugins\/seo\/ -->\n<title>Kids Club - Atividades para as Crian\u00e7as no Algarve<\/title>\n<meta name=\"description\" content=\"O para\u00edso dos mais pequenos! O nosso Kids Club oferece atividades para crian\u00e7as no Algarve, jogos e divers\u00e3o para que tenham umas f\u00e9rias inesquec\u00edveis.\" \/>\n<meta name=\"robots\" content=\"index, follow, max-snippet:-1, max-image-preview:large, max-video-preview:-1\" \/>\n<link rel=\"canonical\" href=\"https:\/\/goldenclubcabanas.com\/pt-pt\/resort-algarve-tudo-incluido\/kids-club\/\" \/>\n<meta property=\"og:locale\" content=\"pt_PT\" \/>\n<meta property=\"og:type\" content=\"article\" \/>\n<meta property=\"og:title\" content=\"Kids club\" \/>\n<meta property=\"og:description\" content=\"O para\u00edso dos mais pequenos! O nosso Kids Club oferece atividades para crian\u00e7as no Algarve, jogos e divers\u00e3o para que tenham umas f\u00e9rias inesquec\u00edveis.\" \/>\n<meta property=\"og:url\" content=\"https:\/\/goldenclubcabanas.com\/pt-pt\/resort-algarve-tudo-incluido\/kids-club\/\" \/>\n<meta property=\"og:site_name\" content=\"Golden Club Cabanas Aparthotel Algarve, Portugal\" \/>\n<meta property=\"article:modified_time\" content=\"2026-03-19T16:30:27+00:00\" \/>\n<meta property=\"og:image\" content=\"https:\/\/goldenclubcabanas.com\/wp-content\/uploads\/2025\/10\/kids-club-galeria-inicial-1.webp\" \/>\n\t<meta property=\"og:image:width\" content=\"726\" \/>\n\t<meta property=\"og:image:height\" content=\"768\" \/>\n\t<meta property=\"og:image:type\" content=\"image\/webp\" \/>\n<meta name=\"twitter:card\" content=\"summary_large_image\" \/>\n<meta name=\"twitter:label1\" content=\"Tempo estimado de leitura\" \/>\n\t<meta name=\"twitter:data1\" content=\"4 minutos\" \/>\n<script type=\"application\/ld+json\" class=\"yoast-schema-graph\">{\"@context\":\"https:\/\/schema.org\",\"@graph\":[{\"@type\":\"WebPage\",\"@id\":\"https:\/\/goldenclubcabanas.com\/pt-pt\/resort-algarve-tudo-incluido\/kids-club\/\",\"url\":\"https:\/\/goldenclubcabanas.com\/pt-pt\/resort-algarve-tudo-incluido\/kids-club\/\",\"name\":\"Kids Club - Atividades para as Crian\u00e7as no Algarve\",\"isPartOf\":{\"@id\":\"https:\/\/goldenclubcabanas.com\/en\/#website\"},\"primaryImageOfPage\":{\"@id\":\"https:\/\/goldenclubcabanas.com\/pt-pt\/resort-algarve-tudo-incluido\/kids-club\/#primaryimage\"},\"image\":{\"@id\":\"https:\/\/goldenclubcabanas.com\/pt-pt\/resort-algarve-tudo-incluido\/kids-club\/#primaryimage\"},\"thumbnailUrl\":\"https:\/\/goldenclubcabanas.com\/wp-content\/uploads\/2025\/10\/kids-club-galeria-inicial-1.webp\",\"datePublished\":\"2025-05-02T09:43:29+00:00\",\"dateModified\":\"2026-03-19T16:30:27+00:00\",\"description\":\"O para\u00edso dos mais pequenos! O nosso Kids Club oferece atividades para crian\u00e7as no Algarve, jogos e divers\u00e3o para que tenham umas f\u00e9rias inesquec\u00edveis.\",\"breadcrumb\":{\"@id\":\"https:\/\/goldenclubcabanas.com\/pt-pt\/resort-algarve-tudo-incluido\/kids-club\/#breadcrumb\"},\"inLanguage\":\"pt-PT\",\"potentialAction\":[{\"@type\":\"ReadAction\",\"target\":[\"https:\/\/goldenclubcabanas.com\/pt-pt\/resort-algarve-tudo-incluido\/kids-club\/\"]}]},{\"@type\":\"ImageObject\",\"inLanguage\":\"pt-PT\",\"@id\":\"https:\/\/goldenclubcabanas.com\/pt-pt\/resort-algarve-tudo-incluido\/kids-club\/#primaryimage\",\"url\":\"https:\/\/goldenclubcabanas.com\/wp-content\/uploads\/2025\/10\/kids-club-galeria-inicial-1.webp\",\"contentUrl\":\"https:\/\/goldenclubcabanas.com\/wp-content\/uploads\/2025\/10\/kids-club-galeria-inicial-1.webp\"},{\"@type\":\"BreadcrumbList\",\"@id\":\"https:\/\/goldenclubcabanas.com\/pt-pt\/resort-algarve-tudo-incluido\/kids-club\/#breadcrumb\",\"itemListElement\":[{\"@type\":\"ListItem\",\"position\":1,\"name\":\"In\u00edcio\",\"item\":\"https:\/\/goldenclubcabanas.com\/pt-pt\/\"},{\"@type\":\"ListItem\",\"position\":2,\"name\":\"Resort\",\"item\":\"https:\/\/goldenclubcabanas.com\/pt-pt\/resort-algarve-tudo-incluido\/\"},{\"@type\":\"ListItem\",\"position\":3,\"name\":\"Kids club\"}]},{\"@type\":\"WebSite\",\"@id\":\"https:\/\/goldenclubcabanas.com\/en\/#website\",\"url\":\"https:\/\/goldenclubcabanas.com\/en\/\",\"name\":\"Golden Club Cabanas\",\"description\":\"\",\"potentialAction\":[{\"@type\":\"SearchAction\",\"target\":{\"@type\":\"EntryPoint\",\"urlTemplate\":\"https:\/\/goldenclubcabanas.com\/en\/?s={search_term_string}\"},\"query-input\":{\"@type\":\"PropertyValueSpecification\",\"valueRequired\":true,\"valueName\":\"search_term_string\"}}],\"inLanguage\":\"pt-PT\"}]}<\/script>\n<!-- \/ Yoast SEO Premium plugin. -->","yoast_head_json":{"title":"Kids Club - Atividades para as Crian\u00e7as no Algarve","description":"O para\u00edso dos mais pequenos! O nosso Kids Club oferece atividades para crian\u00e7as no Algarve, jogos e divers\u00e3o para que tenham umas f\u00e9rias inesquec\u00edveis.","robots":{"index":"index","follow":"follow","max-snippet":"max-snippet:-1","max-image-preview":"max-image-preview:large","max-video-preview":"max-video-preview:-1"},"canonical":"https:\/\/goldenclubcabanas.com\/pt-pt\/resort-algarve-tudo-incluido\/kids-club\/","og_locale":"pt_PT","og_type":"article","og_title":"Kids club","og_description":"O para\u00edso dos mais pequenos! O nosso Kids Club oferece atividades para crian\u00e7as no Algarve, jogos e divers\u00e3o para que tenham umas f\u00e9rias inesquec\u00edveis.","og_url":"https:\/\/goldenclubcabanas.com\/pt-pt\/resort-algarve-tudo-incluido\/kids-club\/","og_site_name":"Golden Club Cabanas Aparthotel Algarve, Portugal","article_modified_time":"2026-03-19T16:30:27+00:00","og_image":[{"width":726,"height":768,"url":"https:\/\/goldenclubcabanas.com\/wp-content\/uploads\/2025\/10\/kids-club-galeria-inicial-1.webp","type":"image\/webp"}],"twitter_card":"summary_large_image","twitter_misc":{"Tempo estimado de leitura":"4 minutos"},"schema":{"@context":"https:\/\/schema.org","@graph":[{"@type":"WebPage","@id":"https:\/\/goldenclubcabanas.com\/pt-pt\/resort-algarve-tudo-incluido\/kids-club\/","url":"https:\/\/goldenclubcabanas.com\/pt-pt\/resort-algarve-tudo-incluido\/kids-club\/","name":"Kids Club - Atividades para as Crian\u00e7as no Algarve","isPartOf":{"@id":"https:\/\/goldenclubcabanas.com\/en\/#website"},"primaryImageOfPage":{"@id":"https:\/\/goldenclubcabanas.com\/pt-pt\/resort-algarve-tudo-incluido\/kids-club\/#primaryimage"},"image":{"@id":"https:\/\/goldenclubcabanas.com\/pt-pt\/resort-algarve-tudo-incluido\/kids-club\/#primaryimage"},"thumbnailUrl":"https:\/\/goldenclubcabanas.com\/wp-content\/uploads\/2025\/10\/kids-club-galeria-inicial-1.webp","datePublished":"2025-05-02T09:43:29+00:00","dateModified":"2026-03-19T16:30:27+00:00","description":"O para\u00edso dos mais pequenos! O nosso Kids Club oferece atividades para crian\u00e7as no Algarve, jogos e divers\u00e3o para que tenham umas f\u00e9rias inesquec\u00edveis.","breadcrumb":{"@id":"https:\/\/goldenclubcabanas.com\/pt-pt\/resort-algarve-tudo-incluido\/kids-club\/#breadcrumb"},"inLanguage":"pt-PT","potentialAction":[{"@type":"ReadAction","target":["https:\/\/goldenclubcabanas.com\/pt-pt\/resort-algarve-tudo-incluido\/kids-club\/"]}]},{"@type":"ImageObject","inLanguage":"pt-PT","@id":"https:\/\/goldenclubcabanas.com\/pt-pt\/resort-algarve-tudo-incluido\/kids-club\/#primaryimage","url":"https:\/\/goldenclubcabanas.com\/wp-content\/uploads\/2025\/10\/kids-club-galeria-inicial-1.webp","contentUrl":"https:\/\/goldenclubcabanas.com\/wp-content\/uploads\/2025\/10\/kids-club-galeria-inicial-1.webp"},{"@type":"BreadcrumbList","@id":"https:\/\/goldenclubcabanas.com\/pt-pt\/resort-algarve-tudo-incluido\/kids-club\/#breadcrumb","itemListElement":[{"@type":"ListItem","position":1,"name":"In\u00edcio","item":"https:\/\/goldenclubcabanas.com\/pt-pt\/"},{"@type":"ListItem","position":2,"name":"Resort","item":"https:\/\/goldenclubcabanas.com\/pt-pt\/resort-algarve-tudo-incluido\/"},{"@type":"ListItem","position":3,"name":"Kids club"}]},{"@type":"WebSite","@id":"https:\/\/goldenclubcabanas.com\/en\/#website","url":"https:\/\/goldenclubcabanas.com\/en\/","name":"Golden Club Cabanas","description":"","potentialAction":[{"@type":"SearchAction","target":{"@type":"EntryPoint","urlTemplate":"https:\/\/goldenclubcabanas.com\/en\/?s={search_term_string}"},"query-input":{"@type":"PropertyValueSpecification","valueRequired":true,"valueName":"search_term_string"}}],"inLanguage":"pt-PT"}]}},"_links":{"self":[{"href":"https:\/\/goldenclubcabanas.com\/pt-pt\/wp-json\/wp\/v2\/pages\/765","targetHints":{"allow":["GET"]}}],"collection":[{"href":"https:\/\/goldenclubcabanas.com\/pt-pt\/wp-json\/wp\/v2\/pages"}],"about":[{"href":"https:\/\/goldenclubcabanas.com\/pt-pt\/wp-json\/wp\/v2\/types\/page"}],"author":[{"embeddable":true,"href":"https:\/\/goldenclubcabanas.com\/pt-pt\/wp-json\/wp\/v2\/users\/2"}],"replies":[{"embeddable":true,"href":"https:\/\/goldenclubcabanas.com\/pt-pt\/wp-json\/wp\/v2\/comments?post=765"}],"version-history":[{"count":20,"href":"https:\/\/goldenclubcabanas.com\/pt-pt\/wp-json\/wp\/v2\/pages\/765\/revisions"}],"predecessor-version":[{"id":7646,"href":"https:\/\/goldenclubcabanas.com\/pt-pt\/wp-json\/wp\/v2\/pages\/765\/revisions\/7646"}],"up":[{"embeddable":true,"href":"https:\/\/goldenclubcabanas.com\/pt-pt\/wp-json\/wp\/v2\/pages\/531"}],"wp:attachment":[{"href":"https:\/\/goldenclubcabanas.com\/pt-pt\/wp-json\/wp\/v2\/media?parent=765"}],"curies":[{"name":"wp","href":"https:\/\/api.w.org\/{rel}","templated":true}]}}