{"id":769,"date":"2025-05-02T09:53:14","date_gmt":"2025-05-02T09:53:14","guid":{"rendered":"https:\/\/goldenclubcabanas.com\/?page_id=769"},"modified":"2026-03-19T16:32:51","modified_gmt":"2026-03-19T16:32:51","slug":"animacao","status":"publish","type":"page","link":"https:\/\/goldenclubcabanas.com\/pt-pt\/resort-algarve-tudo-incluido\/animacao\/","title":{"rendered":"Anima\u00e7\u00e3o"},"content":{"rendered":"\n<div class=\"dng-hero-section gb-element-46afd053\">\n<div class=\"dng-content-section gb-element-399894b7\">\n<h1 class=\"gb-text lg-font gb-text-092fc453\" data-aos=\"fade-up\" data-aos-anchor-placement=\"top-bottom\" data-aos-duration=\"1500\">Anima\u00e7\u00e3o para toda a fam\u00edlia<\/h1>\n\n\n\n<p class=\"gb-text gb-text-ef0676c9 body1\" data-aos-anchor-placement=\"top-bottom\" data-aos=\"fade-up\" data-aos-duration=\"2000\">No nosso hotel com anima\u00e7\u00e3o no Algarve, h\u00e1 atividades para todos, com desporto, m\u00fasica e muita divers\u00e3o durante todo o ano.<\/p>\n<\/div>\n<\/div>\n\n\n\n<div class=\"dng-section-space\">\n<div class=\"dng-content-section no-overflow\">\n<h2 class=\"gb-text gb-text-34cc2d33 title1\" data-aos=\"fade-up\" data-aos-duration=\"1000\" data-aos-anchor-placement=\"center-bottom\">Alegria, bem-estar e energia sem limites<\/h2>\n\n\n\n<p class=\"gb-text gb-text-faa0d48c body2\" data-aos=\"fade-up\" data-aos-duration=\"1400\" data-aos-anchor-placement=\"center-bottom\">No Golden Club Cabanas, cada dia traz uma nova forma de se divertir. Das atividades desportivas ao ar livre durante o dia aos espet\u00e1culos e momentos musicais \u00e0 noite, temos uma programa\u00e7\u00e3o pensada para todas as idades e gostos. Seja em fam\u00edlia, em casal ou entre amigos, h\u00e1 sempre algo a acontecer \u2013 desde aulas de dan\u00e7a, torneios e jogos, at\u00e9 noites tem\u00e1ticas com m\u00fasica ao vivo, artistas convidados e muito mais. No ver\u00e3o ou no inverno, garantimos uma estadia cheia de energia, boa disposi\u00e7\u00e3o e mem\u00f3rias inesquec\u00edveis.<\/p>\n\n\n\n<div class=\"gb-element-ab626a7d\" data-aos=\"fade-up\" data-aos-duration=\"1600\" data-aos-anchor-placement=\"center-bottom\">\n<img loading=\"lazy\" decoding=\"async\" width=\"2560\" height=\"845\" class=\"gb-media-7e86c891\" src=\"https:\/\/goldenclubcabanas.com\/wp-content\/uploads\/2025\/10\/animacao-separador.webp\" title=\"animacao-separador\" srcset=\"https:\/\/goldenclubcabanas.com\/wp-content\/uploads\/2025\/10\/animacao-separador.webp 2560w, https:\/\/goldenclubcabanas.com\/wp-content\/uploads\/2025\/10\/animacao-separador-300x99.webp 300w, https:\/\/goldenclubcabanas.com\/wp-content\/uploads\/2025\/10\/animacao-separador-1024x338.webp 1024w, https:\/\/goldenclubcabanas.com\/wp-content\/uploads\/2025\/10\/animacao-separador-768x254.webp 768w, https:\/\/goldenclubcabanas.com\/wp-content\/uploads\/2025\/10\/animacao-separador-1536x507.webp 1536w, https:\/\/goldenclubcabanas.com\/wp-content\/uploads\/2025\/10\/animacao-separador-2048x676.webp 2048w\" sizes=\"auto, (max-width: 2560px) 100vw, 2560px\" \/>\n<\/div>\n<\/div>\n<\/div>\n\n\n\r\n<div id=\"dng-c-images-slider-block_b65ee580110896320c55920f2a4c7848\" class=\"dng-c-images-slider gcc-section-space\">\r\n            <div class=\"dng-content-section\">\r\n            <div class=\"dng-imgSlider_content overflow-none\">\r\n                                    <h2 class=\"title1\" data-aos=\"fade-up\" data-aos-duration=\"2000\" data-aos-anchor-placement=\"center-bottom\">Anima\u00e7\u00e3o desportiva<\/h2>\r\n                                    <p class=\"body2\" data-aos=\"fade-up\" data-aos-duration=\"2200\" data-aos-anchor-placement=\"center-bottom\">Com equipamentos variados, pode manter-se ativo ou relaxar durante as suas f\u00e9rias. Ao longo do ano, disponibilizamos um programa de anima\u00e7\u00e3o com atividades adaptadas \u00e0 \u00e9poca e pensadas para diferentes idades e prefer\u00eancias. Aproveite tamb\u00e9m os trilhos e o passadi\u00e7o da marginal de Cabanas, ideais para caminhadas, corridas ou momentos de lazer ao ar livre.<\/p>\r\n                            <\/div>\r\n        <\/div>\r\n                <div class=\"dngImages_slider _leftOffset owl-carousel owl-theme\">\r\n                            <div class=\"dngImages_slider-item\">\r\n                    <img loading=\"lazy\" decoding=\"async\" width=\"1200\" height=\"1290\" src=\"https:\/\/goldenclubcabanas.com\/wp-content\/uploads\/2025\/08\/animacao-galeria-desportiva-1-new.jpg\" class=\"attachment-full size-full\" alt=\"\" srcset=\"https:\/\/goldenclubcabanas.com\/wp-content\/uploads\/2025\/08\/animacao-galeria-desportiva-1-new.jpg 1200w, https:\/\/goldenclubcabanas.com\/wp-content\/uploads\/2025\/08\/animacao-galeria-desportiva-1-new-279x300.jpg 279w, https:\/\/goldenclubcabanas.com\/wp-content\/uploads\/2025\/08\/animacao-galeria-desportiva-1-new-953x1024.jpg 953w, https:\/\/goldenclubcabanas.com\/wp-content\/uploads\/2025\/08\/animacao-galeria-desportiva-1-new-768x826.jpg 768w\" sizes=\"auto, (max-width: 1200px) 100vw, 1200px\" \/>                <\/div>\r\n                            <div class=\"dngImages_slider-item\">\r\n                    <img loading=\"lazy\" decoding=\"async\" width=\"1200\" height=\"1290\" src=\"https:\/\/goldenclubcabanas.com\/wp-content\/uploads\/2025\/08\/animacao-galeria-desportiva-2-new.jpg\" class=\"attachment-full size-full\" alt=\"\" srcset=\"https:\/\/goldenclubcabanas.com\/wp-content\/uploads\/2025\/08\/animacao-galeria-desportiva-2-new.jpg 1200w, https:\/\/goldenclubcabanas.com\/wp-content\/uploads\/2025\/08\/animacao-galeria-desportiva-2-new-279x300.jpg 279w, https:\/\/goldenclubcabanas.com\/wp-content\/uploads\/2025\/08\/animacao-galeria-desportiva-2-new-953x1024.jpg 953w, https:\/\/goldenclubcabanas.com\/wp-content\/uploads\/2025\/08\/animacao-galeria-desportiva-2-new-768x826.jpg 768w\" sizes=\"auto, (max-width: 1200px) 100vw, 1200px\" \/>                <\/div>\r\n                            <div class=\"dngImages_slider-item\">\r\n                    <img loading=\"lazy\" decoding=\"async\" width=\"1200\" height=\"1290\" src=\"https:\/\/goldenclubcabanas.com\/wp-content\/uploads\/2025\/08\/animacao-galeria-desportiva-3-new.jpg\" class=\"attachment-full size-full\" alt=\"\" srcset=\"https:\/\/goldenclubcabanas.com\/wp-content\/uploads\/2025\/08\/animacao-galeria-desportiva-3-new.jpg 1200w, https:\/\/goldenclubcabanas.com\/wp-content\/uploads\/2025\/08\/animacao-galeria-desportiva-3-new-279x300.jpg 279w, https:\/\/goldenclubcabanas.com\/wp-content\/uploads\/2025\/08\/animacao-galeria-desportiva-3-new-953x1024.jpg 953w, https:\/\/goldenclubcabanas.com\/wp-content\/uploads\/2025\/08\/animacao-galeria-desportiva-3-new-768x826.jpg 768w\" sizes=\"auto, (max-width: 1200px) 100vw, 1200px\" \/>                <\/div>\r\n                            <div class=\"dngImages_slider-item\">\r\n                    <img loading=\"lazy\" decoding=\"async\" width=\"1200\" height=\"1290\" src=\"https:\/\/goldenclubcabanas.com\/wp-content\/uploads\/2025\/08\/animacao-galeria-desportiva-4-new.jpg\" class=\"attachment-full size-full\" alt=\"\" srcset=\"https:\/\/goldenclubcabanas.com\/wp-content\/uploads\/2025\/08\/animacao-galeria-desportiva-4-new.jpg 1200w, https:\/\/goldenclubcabanas.com\/wp-content\/uploads\/2025\/08\/animacao-galeria-desportiva-4-new-279x300.jpg 279w, https:\/\/goldenclubcabanas.com\/wp-content\/uploads\/2025\/08\/animacao-galeria-desportiva-4-new-953x1024.jpg 953w, https:\/\/goldenclubcabanas.com\/wp-content\/uploads\/2025\/08\/animacao-galeria-desportiva-4-new-768x826.jpg 768w\" sizes=\"auto, (max-width: 1200px) 100vw, 1200px\" \/>                <\/div>\r\n                    <\/div>\r\n    <\/div>\n\n\n<div class=\"gb-element-6ddf7e4d\">\n<div class=\"dng-content-section no-overflow\">\n<h2 class=\"gb-text dng-mb-20 gb-text-9fbd4645 title1\" data-aos=\"fade-up\" data-aos-duration=\"1400\" data-aos-anchor-placement=\"center-bottom\">Anima\u00e7\u00e3o Noturna<\/h2>\n\n\n\n<p class=\"gb-text dng-mb-40 gb-text-58653924 body2\" data-aos=\"fade-up\" data-aos-duration=\"1600\" data-aos-anchor-placement=\"center-bottom\">De abril a outubro, disponibilizamos um programa de anima\u00e7\u00e3o pensado para proporcionar momentos de entretenimento e conv\u00edvio durante a sua estadia. De novembro a mar\u00e7o, continuamos a oferecer um programa de anima\u00e7\u00e3o adaptado \u00e0 \u00e9poca do ano, com op\u00e7\u00f5es cuidadosamente preparadas para este per\u00edodo. Os hor\u00e1rios e atividades poder\u00e3o sofrer altera\u00e7\u00f5es sem aviso pr\u00e9vio.<\/p>\n\n\n\n<div class=\"dng-gap-24 gb-element-c543cad0\">\n<div class=\"dng-col-3 dng-img\">\n<img loading=\"lazy\" decoding=\"async\" width=\"523\" height=\"553\" class=\"gb-media-05e0437a\" src=\"https:\/\/goldenclubcabanas.com\/wp-content\/uploads\/2025\/10\/animacao-noturna.webp\" title=\"animacao-noturna\" data-aos=\"fade-up\" data-aos-duration=\"1500\" data-aos-anchor-placement=\"center-bottom\" srcset=\"https:\/\/goldenclubcabanas.com\/wp-content\/uploads\/2025\/10\/animacao-noturna.webp 523w, https:\/\/goldenclubcabanas.com\/wp-content\/uploads\/2025\/10\/animacao-noturna-284x300.webp 284w\" sizes=\"auto, (max-width: 523px) 100vw, 523px\" \/>\n<\/div>\n\n\n\n<div class=\"dng-col-3 dng-img\">\n<img loading=\"lazy\" decoding=\"async\" width=\"523\" height=\"553\" class=\"gb-media-528c6ce5\" src=\"https:\/\/goldenclubcabanas.com\/wp-content\/uploads\/2025\/10\/animacao-noturna-2.webp\" title=\"animacao-noturna-2\" data-aos=\"fade-up\" data-aos-anchor-placement=\"center-bottom\" data-aos-duration=\"1800\" srcset=\"https:\/\/goldenclubcabanas.com\/wp-content\/uploads\/2025\/10\/animacao-noturna-2.webp 523w, https:\/\/goldenclubcabanas.com\/wp-content\/uploads\/2025\/10\/animacao-noturna-2-284x300.webp 284w\" sizes=\"auto, (max-width: 523px) 100vw, 523px\" \/>\n<\/div>\n\n\n\n<div class=\"dng-col-3 dng-img\">\n<img loading=\"lazy\" decoding=\"async\" width=\"523\" height=\"553\" class=\"gb-media-20923148\" src=\"https:\/\/goldenclubcabanas.com\/wp-content\/uploads\/2025\/10\/animacao-noturna-3.webp\" title=\"animacao-noturna-3\" data-aos=\"fade-up\" data-aos-anchor-placement=\"center-bottom\" data-aos-duration=\"2100\" srcset=\"https:\/\/goldenclubcabanas.com\/wp-content\/uploads\/2025\/10\/animacao-noturna-3.webp 523w, https:\/\/goldenclubcabanas.com\/wp-content\/uploads\/2025\/10\/animacao-noturna-3-284x300.webp 284w\" sizes=\"auto, (max-width: 523px) 100vw, 523px\" \/>\n<\/div>\n<\/div>\n<\/div>\n<\/div>\n","protected":false},"excerpt":{"rendered":"<p>Anima\u00e7\u00e3o para toda a fam\u00edlia No nosso hotel com anima\u00e7\u00e3o no Algarve, h\u00e1 atividades para todos, com desporto, m\u00fasica e muita divers\u00e3o durante todo o ano. Alegria, bem-estar e energia sem limites No Golden Club Cabanas, cada dia traz uma nova forma de se divertir. Das atividades desportivas ao ar livre durante o dia aos &#8230; <a title=\"Anima\u00e7\u00e3o\" class=\"read-more\" href=\"https:\/\/goldenclubcabanas.com\/pt-pt\/resort-algarve-tudo-incluido\/animacao\/\" aria-label=\"Leia mais sobre Anima\u00e7\u00e3o\">Ler mais<\/a><\/p>\n","protected":false},"author":2,"featured_media":0,"parent":531,"menu_order":1,"comment_status":"closed","ping_status":"closed","template":"","meta":{"_acf_changed":false,"footnotes":""},"class_list":["post-769","page","type-page","status-publish"],"acf":[],"yoast_head":"<!-- This site is optimized with the Yoast SEO Premium plugin v25.9 (Yoast SEO v25.9) - https:\/\/yoast.com\/wordpress\/plugins\/seo\/ -->\n<title>Anima\u00e7\u00e3o para Toda a Fam\u00edlia | Golden Club Cabanas<\/title>\n<meta name=\"description\" content=\"Divers\u00e3o garantida! Conhe\u00e7a o nosso programa de anima\u00e7\u00e3o com atividades, desportos, m\u00fasica ao vivo e espet\u00e1culos para adultos e crian\u00e7as.\" \/>\n<meta name=\"robots\" content=\"index, follow, max-snippet:-1, max-image-preview:large, max-video-preview:-1\" \/>\n<link rel=\"canonical\" href=\"https:\/\/goldenclubcabanas.com\/pt-pt\/resort-algarve-tudo-incluido\/animacao\/\" \/>\n<meta property=\"og:locale\" content=\"pt_PT\" \/>\n<meta property=\"og:type\" content=\"article\" \/>\n<meta property=\"og:title\" content=\"Anima\u00e7\u00e3o\" \/>\n<meta property=\"og:description\" content=\"Divers\u00e3o garantida! Conhe\u00e7a o nosso programa de anima\u00e7\u00e3o com atividades, desportos, m\u00fasica ao vivo e espet\u00e1culos para adultos e crian\u00e7as.\" \/>\n<meta property=\"og:url\" content=\"https:\/\/goldenclubcabanas.com\/pt-pt\/resort-algarve-tudo-incluido\/animacao\/\" \/>\n<meta property=\"og:site_name\" content=\"Golden Club Cabanas Aparthotel Algarve, Portugal\" \/>\n<meta property=\"article:modified_time\" content=\"2026-03-19T16:32:51+00:00\" \/>\n<meta property=\"og:image\" content=\"https:\/\/goldenclubcabanas.com\/wp-content\/uploads\/2025\/10\/animacao-separador.webp\" \/>\n<meta name=\"twitter:card\" content=\"summary_large_image\" \/>\n<meta name=\"twitter:label1\" content=\"Tempo estimado de leitura\" \/>\n\t<meta name=\"twitter:data1\" content=\"2 minutos\" \/>\n<script type=\"application\/ld+json\" class=\"yoast-schema-graph\">{\"@context\":\"https:\/\/schema.org\",\"@graph\":[{\"@type\":\"WebPage\",\"@id\":\"https:\/\/goldenclubcabanas.com\/pt-pt\/resort-algarve-tudo-incluido\/animacao\/\",\"url\":\"https:\/\/goldenclubcabanas.com\/pt-pt\/resort-algarve-tudo-incluido\/animacao\/\",\"name\":\"Anima\u00e7\u00e3o para Toda a Fam\u00edlia | Golden Club Cabanas\",\"isPartOf\":{\"@id\":\"https:\/\/goldenclubcabanas.com\/en\/#website\"},\"primaryImageOfPage\":{\"@id\":\"https:\/\/goldenclubcabanas.com\/pt-pt\/resort-algarve-tudo-incluido\/animacao\/#primaryimage\"},\"image\":{\"@id\":\"https:\/\/goldenclubcabanas.com\/pt-pt\/resort-algarve-tudo-incluido\/animacao\/#primaryimage\"},\"thumbnailUrl\":\"https:\/\/goldenclubcabanas.com\/wp-content\/uploads\/2025\/10\/animacao-separador.webp\",\"datePublished\":\"2025-05-02T09:53:14+00:00\",\"dateModified\":\"2026-03-19T16:32:51+00:00\",\"description\":\"Divers\u00e3o garantida! Conhe\u00e7a o nosso programa de anima\u00e7\u00e3o com atividades, desportos, m\u00fasica ao vivo e espet\u00e1culos para adultos e crian\u00e7as.\",\"breadcrumb\":{\"@id\":\"https:\/\/goldenclubcabanas.com\/pt-pt\/resort-algarve-tudo-incluido\/animacao\/#breadcrumb\"},\"inLanguage\":\"pt-PT\",\"potentialAction\":[{\"@type\":\"ReadAction\",\"target\":[\"https:\/\/goldenclubcabanas.com\/pt-pt\/resort-algarve-tudo-incluido\/animacao\/\"]}]},{\"@type\":\"ImageObject\",\"inLanguage\":\"pt-PT\",\"@id\":\"https:\/\/goldenclubcabanas.com\/pt-pt\/resort-algarve-tudo-incluido\/animacao\/#primaryimage\",\"url\":\"https:\/\/goldenclubcabanas.com\/wp-content\/uploads\/2025\/10\/animacao-separador.webp\",\"contentUrl\":\"https:\/\/goldenclubcabanas.com\/wp-content\/uploads\/2025\/10\/animacao-separador.webp\"},{\"@type\":\"BreadcrumbList\",\"@id\":\"https:\/\/goldenclubcabanas.com\/pt-pt\/resort-algarve-tudo-incluido\/animacao\/#breadcrumb\",\"itemListElement\":[{\"@type\":\"ListItem\",\"position\":1,\"name\":\"In\u00edcio\",\"item\":\"https:\/\/goldenclubcabanas.com\/pt-pt\/\"},{\"@type\":\"ListItem\",\"position\":2,\"name\":\"Resort\",\"item\":\"https:\/\/goldenclubcabanas.com\/pt-pt\/resort-algarve-tudo-incluido\/\"},{\"@type\":\"ListItem\",\"position\":3,\"name\":\"Anima\u00e7\u00e3o\"}]},{\"@type\":\"WebSite\",\"@id\":\"https:\/\/goldenclubcabanas.com\/en\/#website\",\"url\":\"https:\/\/goldenclubcabanas.com\/en\/\",\"name\":\"Golden Club Cabanas\",\"description\":\"\",\"potentialAction\":[{\"@type\":\"SearchAction\",\"target\":{\"@type\":\"EntryPoint\",\"urlTemplate\":\"https:\/\/goldenclubcabanas.com\/en\/?s={search_term_string}\"},\"query-input\":{\"@type\":\"PropertyValueSpecification\",\"valueRequired\":true,\"valueName\":\"search_term_string\"}}],\"inLanguage\":\"pt-PT\"}]}<\/script>\n<!-- \/ Yoast SEO Premium plugin. -->","yoast_head_json":{"title":"Anima\u00e7\u00e3o para Toda a Fam\u00edlia | Golden Club Cabanas","description":"Divers\u00e3o garantida! Conhe\u00e7a o nosso programa de anima\u00e7\u00e3o com atividades, desportos, m\u00fasica ao vivo e espet\u00e1culos para adultos e crian\u00e7as.","robots":{"index":"index","follow":"follow","max-snippet":"max-snippet:-1","max-image-preview":"max-image-preview:large","max-video-preview":"max-video-preview:-1"},"canonical":"https:\/\/goldenclubcabanas.com\/pt-pt\/resort-algarve-tudo-incluido\/animacao\/","og_locale":"pt_PT","og_type":"article","og_title":"Anima\u00e7\u00e3o","og_description":"Divers\u00e3o garantida! Conhe\u00e7a o nosso programa de anima\u00e7\u00e3o com atividades, desportos, m\u00fasica ao vivo e espet\u00e1culos para adultos e crian\u00e7as.","og_url":"https:\/\/goldenclubcabanas.com\/pt-pt\/resort-algarve-tudo-incluido\/animacao\/","og_site_name":"Golden Club Cabanas Aparthotel Algarve, Portugal","article_modified_time":"2026-03-19T16:32:51+00:00","og_image":[{"url":"https:\/\/goldenclubcabanas.com\/wp-content\/uploads\/2025\/10\/animacao-separador.webp","type":"","width":"","height":""}],"twitter_card":"summary_large_image","twitter_misc":{"Tempo estimado de leitura":"2 minutos"},"schema":{"@context":"https:\/\/schema.org","@graph":[{"@type":"WebPage","@id":"https:\/\/goldenclubcabanas.com\/pt-pt\/resort-algarve-tudo-incluido\/animacao\/","url":"https:\/\/goldenclubcabanas.com\/pt-pt\/resort-algarve-tudo-incluido\/animacao\/","name":"Anima\u00e7\u00e3o para Toda a Fam\u00edlia | Golden Club Cabanas","isPartOf":{"@id":"https:\/\/goldenclubcabanas.com\/en\/#website"},"primaryImageOfPage":{"@id":"https:\/\/goldenclubcabanas.com\/pt-pt\/resort-algarve-tudo-incluido\/animacao\/#primaryimage"},"image":{"@id":"https:\/\/goldenclubcabanas.com\/pt-pt\/resort-algarve-tudo-incluido\/animacao\/#primaryimage"},"thumbnailUrl":"https:\/\/goldenclubcabanas.com\/wp-content\/uploads\/2025\/10\/animacao-separador.webp","datePublished":"2025-05-02T09:53:14+00:00","dateModified":"2026-03-19T16:32:51+00:00","description":"Divers\u00e3o garantida! Conhe\u00e7a o nosso programa de anima\u00e7\u00e3o com atividades, desportos, m\u00fasica ao vivo e espet\u00e1culos para adultos e crian\u00e7as.","breadcrumb":{"@id":"https:\/\/goldenclubcabanas.com\/pt-pt\/resort-algarve-tudo-incluido\/animacao\/#breadcrumb"},"inLanguage":"pt-PT","potentialAction":[{"@type":"ReadAction","target":["https:\/\/goldenclubcabanas.com\/pt-pt\/resort-algarve-tudo-incluido\/animacao\/"]}]},{"@type":"ImageObject","inLanguage":"pt-PT","@id":"https:\/\/goldenclubcabanas.com\/pt-pt\/resort-algarve-tudo-incluido\/animacao\/#primaryimage","url":"https:\/\/goldenclubcabanas.com\/wp-content\/uploads\/2025\/10\/animacao-separador.webp","contentUrl":"https:\/\/goldenclubcabanas.com\/wp-content\/uploads\/2025\/10\/animacao-separador.webp"},{"@type":"BreadcrumbList","@id":"https:\/\/goldenclubcabanas.com\/pt-pt\/resort-algarve-tudo-incluido\/animacao\/#breadcrumb","itemListElement":[{"@type":"ListItem","position":1,"name":"In\u00edcio","item":"https:\/\/goldenclubcabanas.com\/pt-pt\/"},{"@type":"ListItem","position":2,"name":"Resort","item":"https:\/\/goldenclubcabanas.com\/pt-pt\/resort-algarve-tudo-incluido\/"},{"@type":"ListItem","position":3,"name":"Anima\u00e7\u00e3o"}]},{"@type":"WebSite","@id":"https:\/\/goldenclubcabanas.com\/en\/#website","url":"https:\/\/goldenclubcabanas.com\/en\/","name":"Golden Club Cabanas","description":"","potentialAction":[{"@type":"SearchAction","target":{"@type":"EntryPoint","urlTemplate":"https:\/\/goldenclubcabanas.com\/en\/?s={search_term_string}"},"query-input":{"@type":"PropertyValueSpecification","valueRequired":true,"valueName":"search_term_string"}}],"inLanguage":"pt-PT"}]}},"_links":{"self":[{"href":"https:\/\/goldenclubcabanas.com\/pt-pt\/wp-json\/wp\/v2\/pages\/769","targetHints":{"allow":["GET"]}}],"collection":[{"href":"https:\/\/goldenclubcabanas.com\/pt-pt\/wp-json\/wp\/v2\/pages"}],"about":[{"href":"https:\/\/goldenclubcabanas.com\/pt-pt\/wp-json\/wp\/v2\/types\/page"}],"author":[{"embeddable":true,"href":"https:\/\/goldenclubcabanas.com\/pt-pt\/wp-json\/wp\/v2\/users\/2"}],"replies":[{"embeddable":true,"href":"https:\/\/goldenclubcabanas.com\/pt-pt\/wp-json\/wp\/v2\/comments?post=769"}],"version-history":[{"count":17,"href":"https:\/\/goldenclubcabanas.com\/pt-pt\/wp-json\/wp\/v2\/pages\/769\/revisions"}],"predecessor-version":[{"id":7650,"href":"https:\/\/goldenclubcabanas.com\/pt-pt\/wp-json\/wp\/v2\/pages\/769\/revisions\/7650"}],"up":[{"embeddable":true,"href":"https:\/\/goldenclubcabanas.com\/pt-pt\/wp-json\/wp\/v2\/pages\/531"}],"wp:attachment":[{"href":"https:\/\/goldenclubcabanas.com\/pt-pt\/wp-json\/wp\/v2\/media?parent=769"}],"curies":[{"name":"wp","href":"https:\/\/api.w.org\/{rel}","templated":true}]}}