{"id":773,"date":"2025-05-04T06:32:33","date_gmt":"2025-05-04T06:32:33","guid":{"rendered":"https:\/\/goldenclubcabanas.com\/?page_id=773"},"modified":"2025-10-14T14:35:22","modified_gmt":"2025-10-14T14:35:22","slug":"apartamentos-ferias-algarve","status":"publish","type":"page","link":"https:\/\/goldenclubcabanas.com\/pt-pt\/apartamentos-ferias-algarve\/","title":{"rendered":"Apartamentos de F\u00e9rias"},"content":{"rendered":"\n<div class=\"dng-hero-section gb-element-075f99d4\">\n<div class=\"dng-content-section gb-element-48530abf\">\n<h1 class=\"gb-text lg-font gb-text-9853ec2c\" data-aos=\"fade-up\" data-aos-anchor-placement=\"top-bottom\" data-aos-duration=\"1500\">Apartamentos de f\u00e9rias no Algarve<\/h1>\n\n\n\n<p class=\"gb-text gb-text-633da2c6 body1\" data-aos-anchor-placement=\"top-bottom\" data-aos=\"fade-up\" data-aos-duration=\"2000\">O Golden Club Cabanas oferece apartamentos de f\u00e9rias no Algarve que juntam conforto, liberdade e servi\u00e7os de hotel, ideais para momentos em fam\u00edlia ou com amigos.<\/p>\n<\/div>\n<\/div>\n\n\n\n<div class=\"dng-section-space\">\n<div class=\"dng-content-section no-overflow\">\n<h3 class=\"gb-text gb-text-bd994d1a\" data-aos=\"fade-up\" data-aos-duration=\"1800\" data-aos-anchor-placement=\"center-bottom\">O conforto de um apartamento com os servi\u00e7os de um hotel<\/h3>\n\n\n\n<p class=\"gb-text gb-text-ff389e8b\" data-aos=\"fade-up\" data-aos-achoer-placement=\"center-bottom\" data-aos-duration=\"2000\">Se procura apartamentos de f\u00e9rias no Algarve que combinem liberdade, espa\u00e7o e conforto, o Golden Club Cabanas \u00e9 a escolha ideal. Os nossos apartamentos oferecem-lhe mais espa\u00e7o para partilhar momentos com a fam\u00edlia ou amigos do que um quarto de hotel convencional, al\u00e9m da vantagem de poder preparar as suas pr\u00f3prias refei\u00e7\u00f5es.<br><br>Disponibilizamos v\u00e1rios tipos de apartamentos de f\u00e9rias no Algarve, situados em edif\u00edcios de tr\u00eas andares rodeados por jardins. Todos foram concebidos a pensar nas suas f\u00e9rias de praia e natureza, com um estilo \u201cclean\u201d, simples e funcional que privilegia a comodidade.<\/p>\n<\/div>\n<\/div>\n\n\n\n<div class=\"gb-element-2a801595\">\n<div class=\"gb-element-589505ef\">\n<div class=\"gb-element-15c31e47\" style=\"--inline-bg-image: url(data)\" data-aos=\"fade-right\" data-aos-duration=\"2000\" data-aos-anchor-placement=\"center-bottom\">\n<h2 class=\"gb-text gb-text-381490b7 title1\">Apartamentos Sunrise<\/h2>\n\n\n\n<p class=\"gb-text gb-text-99ef8849 body2\">Situados na parte nascente (Sunrise) do Golden Club Cabanas, temos est\u00fadios com capacidade para 2 adultos e 1 ou 2 crian\u00e7as, equipados e decorados num estilo simples, agrad\u00e1vel e funcional, com uma excelente rela\u00e7\u00e3o qualidade-pre\u00e7o<\/p>\n\n\n\n<a class=\"dng-gpc-btn gb-text-804d771f button-text btn-gold-outline dng-button\" href=\"https:\/\/goldenclubcabanas.com\/pt-pt\/apartamentos-algarve\/sunrise\/\"><span class=\"gb-text\">ver todos os apartamentos<\/span><span class=\"gb-shape\"><svg width=\"50\" height=\"25\" viewBox=\"0 0 24 25\" fill=\"none\" xmlns=\"http:\/\/www.w3.org\/2000\/svg\">\n<path d=\"M23.542 11.392L18.825 6.67505L18.118 7.38205L22.736 12H0V13H22.734L18.117 17.617L18.824 18.324L23.542 13.606C24.152 12.996 24.152 12.002 23.542 11.392Z\" fill=\"#1E1E1E\"><\/path>\n<\/svg>\n<\/span><\/a>\n<\/div>\n\n\n\n<div class=\"gb-element-c05f378b\">\n<figure class=\"wp-block-image size-full\"><img loading=\"lazy\" decoding=\"async\" width=\"900\" height=\"747\" src=\"https:\/\/goldenclubcabanas.com\/wp-content\/uploads\/2025\/07\/apartamentos-sunrise.jpg\" alt=\"\" class=\"wp-image-2849\" srcset=\"https:\/\/goldenclubcabanas.com\/wp-content\/uploads\/2025\/07\/apartamentos-sunrise.jpg 900w, https:\/\/goldenclubcabanas.com\/wp-content\/uploads\/2025\/07\/apartamentos-sunrise-300x249.jpg 300w, https:\/\/goldenclubcabanas.com\/wp-content\/uploads\/2025\/07\/apartamentos-sunrise-768x637.jpg 768w\" sizes=\"auto, (max-width: 900px) 100vw, 900px\" \/><\/figure>\n<\/div>\n<\/div>\n<\/div>\n\n\n\n<div class=\"gb-element-3b7e4ddd\">\n<div class=\"gb-element-842e10ab\">\n<div class=\"gb-element-53291a2f\" style=\"--inline-bg-image: url(data)\" data-aos-duration=\"2000\" data-aos-anchor-placement=\"center-bottom\" data-aos=\"fade-left\">\n<h2 class=\"gb-text gb-text-cab8c1e4 title1\">Apartamentos Sunset<\/h2>\n\n\n\n<p class=\"gb-text gb-text-e394284b body2\">Nos edif\u00edcios mais modernos a poente (Sunset), disponibilizamos est\u00fadios amplos e apartamentos T1 e T2, ideais para acolher at\u00e9 4 adultos e 2 crian\u00e7as, com uma decora\u00e7\u00e3o mais cuidada, mobili\u00e1rio contempor\u00e2neo e um elevado n\u00edvel de conforto.<\/p>\n\n\n\n<a class=\"dng-gpc-btn gb-text-a36d821f button-text btn-gold-outline dng-button\" href=\"https:\/\/goldenclubcabanas.com\/pt-pt\/apartamentos-algarve\/sunset\/\"><span class=\"gb-text\">ver todos os apartamentos<\/span><span class=\"gb-shape\"><svg width=\"50\" height=\"25\" viewBox=\"0 0 24 25\" fill=\"none\" xmlns=\"http:\/\/www.w3.org\/2000\/svg\">\n<path d=\"M23.542 11.392L18.825 6.67505L18.118 7.38205L22.736 12H0V13H22.734L18.117 17.617L18.824 18.324L23.542 13.606C24.152 12.996 24.152 12.002 23.542 11.392Z\" fill=\"#1E1E1E\"><\/path>\n<\/svg>\n<\/span><\/a>\n<\/div>\n\n\n\n<div class=\"gb-element-e08bf033\">\n<figure class=\"wp-block-image size-large\"><img decoding=\"async\" src=\"https:\/\/goldenclubcabanas.com\/wp-content\/uploads\/2025\/07\/apartamentos-sunset.jpg\" alt=\"\"\/><\/figure>\n<\/div>\n<\/div>\n<\/div>\n\n\n\n<div class=\"dng-section-space gb-element-d578f682\">\n<div class=\"dng-content-section\">\n<h2 class=\"gb-text gb-text-61a1a479 titl1\" data-aos-duration=\"2000\" data-aos-anchor-placement=\"center-bottom\" data-aos=\"fade-up\">Dois setores: Sunrise e Sunset<\/h2>\n\n\n\n<div class=\"gb-element-3b8e4c49\">\n<div class=\"no-overflow gb-element-9063ecf9\">\n<div data-aos=\"fade-up\" data-aos-duration=\"2400\" data-aos-anchor-placement=\"center-bottom\">\n<img loading=\"lazy\" decoding=\"async\" width=\"2184\" height=\"1536\" class=\"dng-img dng-img-384 gb-media-86616656\" src=\"https:\/\/goldenclubcabanas.com\/wp-content\/uploads\/2025\/07\/Frame-1000006042.webp\" title=\"Frame 1000006042\" srcset=\"https:\/\/goldenclubcabanas.com\/wp-content\/uploads\/2025\/07\/Frame-1000006042.webp 2184w, https:\/\/goldenclubcabanas.com\/wp-content\/uploads\/2025\/07\/Frame-1000006042-300x211.webp 300w, https:\/\/goldenclubcabanas.com\/wp-content\/uploads\/2025\/07\/Frame-1000006042-1024x720.webp 1024w, https:\/\/goldenclubcabanas.com\/wp-content\/uploads\/2025\/07\/Frame-1000006042-768x540.webp 768w, https:\/\/goldenclubcabanas.com\/wp-content\/uploads\/2025\/07\/Frame-1000006042-1536x1080.webp 1536w, https:\/\/goldenclubcabanas.com\/wp-content\/uploads\/2025\/07\/Frame-1000006042-2048x1440.webp 2048w\" sizes=\"auto, (max-width: 2184px) 100vw, 2184px\" \/>\n\n\n\n<div class=\"dng-apartment-custom-card\">\n<h3 class=\"gb-text gb-text-8891fc5a\">Sobre os Alojamentos<\/h3>\n\n\n\n<p class=\"gb-text gb-text-df86381b body2\">Est\u00fadios e apartamentos T1\/T2 no Algarve, ideais para fam\u00edlias. Op\u00e7\u00f5es modernas e confort\u00e1veis com vistas para o mar, serra ou jardins. Aproveite piscinas, natureza e passeios para f\u00e9rias perfeitas.<\/p>\n<\/div>\n<\/div>\n<\/div>\n\n\n\n<div class=\"no-overflow gb-element-dd6aabdc\">\n<div data-aos=\"fade-up\" data-aos-anchor-placement=\"center-bottom\" data-aos-duration=\"2800\">\n<img loading=\"lazy\" decoding=\"async\" width=\"1638\" height=\"1152\" class=\"dng-img dng-img-384 gb-media-174a6709\" src=\"https:\/\/goldenclubcabanas.com\/wp-content\/uploads\/2025\/07\/Mask-group.webp\" title=\"Mask group\" srcset=\"https:\/\/goldenclubcabanas.com\/wp-content\/uploads\/2025\/07\/Mask-group.webp 1638w, https:\/\/goldenclubcabanas.com\/wp-content\/uploads\/2025\/07\/Mask-group-300x211.webp 300w, https:\/\/goldenclubcabanas.com\/wp-content\/uploads\/2025\/07\/Mask-group-1024x720.webp 1024w, https:\/\/goldenclubcabanas.com\/wp-content\/uploads\/2025\/07\/Mask-group-768x540.webp 768w, https:\/\/goldenclubcabanas.com\/wp-content\/uploads\/2025\/07\/Mask-group-1536x1080.webp 1536w\" sizes=\"auto, (max-width: 1638px) 100vw, 1638px\" \/>\n\n\n\n<div class=\"dng-apartment-custom-card\">\n<h3 class=\"gb-text gb-text-2cc7d5b5\">Conforto Completo<\/h3>\n\n\n\n<p class=\"gb-text gb-text-7c3339b8 body2\">Todos os apartamentos disp\u00f5em de casa de banho (com chuveiro ou banheira), kitchenette ou cozinha, varanda ou terra\u00e7o, ar condicionado e televis\u00e3o.<\/p>\n<\/div>\n<\/div>\n<\/div>\n<\/div>\n<\/div>\n<\/div>\n","protected":false},"excerpt":{"rendered":"<p>Apartamentos de f\u00e9rias no Algarve O Golden Club Cabanas oferece apartamentos de f\u00e9rias no Algarve que juntam conforto, liberdade e servi\u00e7os de hotel, ideais para momentos em fam\u00edlia ou com amigos. O conforto de um apartamento com os servi\u00e7os de um hotel Se procura apartamentos de f\u00e9rias no Algarve que combinem liberdade, espa\u00e7o e conforto, &#8230; <a title=\"Apartamentos de F\u00e9rias\" class=\"read-more\" href=\"https:\/\/goldenclubcabanas.com\/pt-pt\/apartamentos-ferias-algarve\/\" aria-label=\"Leia mais sobre Apartamentos de F\u00e9rias\">Ler mais<\/a><\/p>\n","protected":false},"author":2,"featured_media":0,"parent":0,"menu_order":5,"comment_status":"closed","ping_status":"closed","template":"","meta":{"_acf_changed":false,"footnotes":""},"class_list":["post-773","page","type-page","status-publish"],"acf":[],"yoast_head":"<!-- This site is optimized with the Yoast SEO Premium plugin v25.9 (Yoast SEO v25.9) - https:\/\/yoast.com\/wordpress\/plugins\/seo\/ -->\n<title>Apartamentos de F\u00e9rias no Algarve | Golden Club Cabanas<\/title>\n<meta name=\"description\" content=\"Confort\u00e1veis e equipados, os nossos apartamentos s\u00e3o a sua casa longe de casa. Escolha entre est\u00fadios, T1 e T2 para as suas f\u00e9rias.\" \/>\n<meta name=\"robots\" content=\"index, follow, max-snippet:-1, max-image-preview:large, max-video-preview:-1\" \/>\n<link rel=\"canonical\" href=\"https:\/\/goldenclubcabanas.com\/pt-pt\/apartamentos-ferias-algarve\/\" \/>\n<meta property=\"og:locale\" content=\"pt_PT\" \/>\n<meta property=\"og:type\" content=\"article\" \/>\n<meta property=\"og:title\" content=\"Apartamentos de F\u00e9rias\" \/>\n<meta property=\"og:description\" content=\"Confort\u00e1veis e equipados, os nossos apartamentos s\u00e3o a sua casa longe de casa. Escolha entre est\u00fadios, T1 e T2 para as suas f\u00e9rias.\" \/>\n<meta property=\"og:url\" content=\"https:\/\/goldenclubcabanas.com\/pt-pt\/apartamentos-ferias-algarve\/\" \/>\n<meta property=\"og:site_name\" content=\"Golden Club Cabanas Aparthotel Algarve, Portugal\" \/>\n<meta property=\"article:modified_time\" content=\"2025-10-14T14:35:22+00:00\" \/>\n<meta property=\"og:image\" content=\"https:\/\/goldenclubcabanas.com\/wp-content\/uploads\/2025\/07\/apartamentos-sunrise.jpg\" \/>\n\t<meta property=\"og:image:width\" content=\"900\" \/>\n\t<meta property=\"og:image:height\" content=\"747\" \/>\n\t<meta property=\"og:image:type\" content=\"image\/jpeg\" \/>\n<meta name=\"twitter:card\" content=\"summary_large_image\" \/>\n<meta name=\"twitter:label1\" content=\"Tempo estimado de leitura\" \/>\n\t<meta name=\"twitter:data1\" content=\"3 minutos\" \/>\n<script type=\"application\/ld+json\" class=\"yoast-schema-graph\">{\"@context\":\"https:\/\/schema.org\",\"@graph\":[{\"@type\":\"WebPage\",\"@id\":\"https:\/\/goldenclubcabanas.com\/pt-pt\/apartamentos-ferias-algarve\/\",\"url\":\"https:\/\/goldenclubcabanas.com\/pt-pt\/apartamentos-ferias-algarve\/\",\"name\":\"Apartamentos de F\u00e9rias no Algarve | Golden Club Cabanas\",\"isPartOf\":{\"@id\":\"https:\/\/goldenclubcabanas.com\/en\/#website\"},\"primaryImageOfPage\":{\"@id\":\"https:\/\/goldenclubcabanas.com\/pt-pt\/apartamentos-ferias-algarve\/#primaryimage\"},\"image\":{\"@id\":\"https:\/\/goldenclubcabanas.com\/pt-pt\/apartamentos-ferias-algarve\/#primaryimage\"},\"thumbnailUrl\":\"https:\/\/goldenclubcabanas.com\/wp-content\/uploads\/2025\/07\/apartamentos-sunrise.jpg\",\"datePublished\":\"2025-05-04T06:32:33+00:00\",\"dateModified\":\"2025-10-14T14:35:22+00:00\",\"description\":\"Confort\u00e1veis e equipados, os nossos apartamentos s\u00e3o a sua casa longe de casa. Escolha entre est\u00fadios, T1 e T2 para as suas f\u00e9rias.\",\"breadcrumb\":{\"@id\":\"https:\/\/goldenclubcabanas.com\/pt-pt\/apartamentos-ferias-algarve\/#breadcrumb\"},\"inLanguage\":\"pt-PT\",\"potentialAction\":[{\"@type\":\"ReadAction\",\"target\":[\"https:\/\/goldenclubcabanas.com\/pt-pt\/apartamentos-ferias-algarve\/\"]}]},{\"@type\":\"ImageObject\",\"inLanguage\":\"pt-PT\",\"@id\":\"https:\/\/goldenclubcabanas.com\/pt-pt\/apartamentos-ferias-algarve\/#primaryimage\",\"url\":\"https:\/\/goldenclubcabanas.com\/wp-content\/uploads\/2025\/07\/apartamentos-sunrise.jpg\",\"contentUrl\":\"https:\/\/goldenclubcabanas.com\/wp-content\/uploads\/2025\/07\/apartamentos-sunrise.jpg\"},{\"@type\":\"BreadcrumbList\",\"@id\":\"https:\/\/goldenclubcabanas.com\/pt-pt\/apartamentos-ferias-algarve\/#breadcrumb\",\"itemListElement\":[{\"@type\":\"ListItem\",\"position\":1,\"name\":\"In\u00edcio\",\"item\":\"https:\/\/goldenclubcabanas.com\/pt-pt\/\"},{\"@type\":\"ListItem\",\"position\":2,\"name\":\"Apartamentos de F\u00e9rias\"}]},{\"@type\":\"WebSite\",\"@id\":\"https:\/\/goldenclubcabanas.com\/en\/#website\",\"url\":\"https:\/\/goldenclubcabanas.com\/en\/\",\"name\":\"Golden Club Cabanas\",\"description\":\"\",\"potentialAction\":[{\"@type\":\"SearchAction\",\"target\":{\"@type\":\"EntryPoint\",\"urlTemplate\":\"https:\/\/goldenclubcabanas.com\/en\/?s={search_term_string}\"},\"query-input\":{\"@type\":\"PropertyValueSpecification\",\"valueRequired\":true,\"valueName\":\"search_term_string\"}}],\"inLanguage\":\"pt-PT\"}]}<\/script>\n<!-- \/ Yoast SEO Premium plugin. -->","yoast_head_json":{"title":"Apartamentos de F\u00e9rias no Algarve | Golden Club Cabanas","description":"Confort\u00e1veis e equipados, os nossos apartamentos s\u00e3o a sua casa longe de casa. Escolha entre est\u00fadios, T1 e T2 para as suas f\u00e9rias.","robots":{"index":"index","follow":"follow","max-snippet":"max-snippet:-1","max-image-preview":"max-image-preview:large","max-video-preview":"max-video-preview:-1"},"canonical":"https:\/\/goldenclubcabanas.com\/pt-pt\/apartamentos-ferias-algarve\/","og_locale":"pt_PT","og_type":"article","og_title":"Apartamentos de F\u00e9rias","og_description":"Confort\u00e1veis e equipados, os nossos apartamentos s\u00e3o a sua casa longe de casa. Escolha entre est\u00fadios, T1 e T2 para as suas f\u00e9rias.","og_url":"https:\/\/goldenclubcabanas.com\/pt-pt\/apartamentos-ferias-algarve\/","og_site_name":"Golden Club Cabanas Aparthotel Algarve, Portugal","article_modified_time":"2025-10-14T14:35:22+00:00","og_image":[{"width":900,"height":747,"url":"https:\/\/goldenclubcabanas.com\/wp-content\/uploads\/2025\/07\/apartamentos-sunrise.jpg","type":"image\/jpeg"}],"twitter_card":"summary_large_image","twitter_misc":{"Tempo estimado de leitura":"3 minutos"},"schema":{"@context":"https:\/\/schema.org","@graph":[{"@type":"WebPage","@id":"https:\/\/goldenclubcabanas.com\/pt-pt\/apartamentos-ferias-algarve\/","url":"https:\/\/goldenclubcabanas.com\/pt-pt\/apartamentos-ferias-algarve\/","name":"Apartamentos de F\u00e9rias no Algarve | Golden Club Cabanas","isPartOf":{"@id":"https:\/\/goldenclubcabanas.com\/en\/#website"},"primaryImageOfPage":{"@id":"https:\/\/goldenclubcabanas.com\/pt-pt\/apartamentos-ferias-algarve\/#primaryimage"},"image":{"@id":"https:\/\/goldenclubcabanas.com\/pt-pt\/apartamentos-ferias-algarve\/#primaryimage"},"thumbnailUrl":"https:\/\/goldenclubcabanas.com\/wp-content\/uploads\/2025\/07\/apartamentos-sunrise.jpg","datePublished":"2025-05-04T06:32:33+00:00","dateModified":"2025-10-14T14:35:22+00:00","description":"Confort\u00e1veis e equipados, os nossos apartamentos s\u00e3o a sua casa longe de casa. Escolha entre est\u00fadios, T1 e T2 para as suas f\u00e9rias.","breadcrumb":{"@id":"https:\/\/goldenclubcabanas.com\/pt-pt\/apartamentos-ferias-algarve\/#breadcrumb"},"inLanguage":"pt-PT","potentialAction":[{"@type":"ReadAction","target":["https:\/\/goldenclubcabanas.com\/pt-pt\/apartamentos-ferias-algarve\/"]}]},{"@type":"ImageObject","inLanguage":"pt-PT","@id":"https:\/\/goldenclubcabanas.com\/pt-pt\/apartamentos-ferias-algarve\/#primaryimage","url":"https:\/\/goldenclubcabanas.com\/wp-content\/uploads\/2025\/07\/apartamentos-sunrise.jpg","contentUrl":"https:\/\/goldenclubcabanas.com\/wp-content\/uploads\/2025\/07\/apartamentos-sunrise.jpg"},{"@type":"BreadcrumbList","@id":"https:\/\/goldenclubcabanas.com\/pt-pt\/apartamentos-ferias-algarve\/#breadcrumb","itemListElement":[{"@type":"ListItem","position":1,"name":"In\u00edcio","item":"https:\/\/goldenclubcabanas.com\/pt-pt\/"},{"@type":"ListItem","position":2,"name":"Apartamentos de F\u00e9rias"}]},{"@type":"WebSite","@id":"https:\/\/goldenclubcabanas.com\/en\/#website","url":"https:\/\/goldenclubcabanas.com\/en\/","name":"Golden Club Cabanas","description":"","potentialAction":[{"@type":"SearchAction","target":{"@type":"EntryPoint","urlTemplate":"https:\/\/goldenclubcabanas.com\/en\/?s={search_term_string}"},"query-input":{"@type":"PropertyValueSpecification","valueRequired":true,"valueName":"search_term_string"}}],"inLanguage":"pt-PT"}]}},"_links":{"self":[{"href":"https:\/\/goldenclubcabanas.com\/pt-pt\/wp-json\/wp\/v2\/pages\/773","targetHints":{"allow":["GET"]}}],"collection":[{"href":"https:\/\/goldenclubcabanas.com\/pt-pt\/wp-json\/wp\/v2\/pages"}],"about":[{"href":"https:\/\/goldenclubcabanas.com\/pt-pt\/wp-json\/wp\/v2\/types\/page"}],"author":[{"embeddable":true,"href":"https:\/\/goldenclubcabanas.com\/pt-pt\/wp-json\/wp\/v2\/users\/2"}],"replies":[{"embeddable":true,"href":"https:\/\/goldenclubcabanas.com\/pt-pt\/wp-json\/wp\/v2\/comments?post=773"}],"version-history":[{"count":20,"href":"https:\/\/goldenclubcabanas.com\/pt-pt\/wp-json\/wp\/v2\/pages\/773\/revisions"}],"predecessor-version":[{"id":6853,"href":"https:\/\/goldenclubcabanas.com\/pt-pt\/wp-json\/wp\/v2\/pages\/773\/revisions\/6853"}],"wp:attachment":[{"href":"https:\/\/goldenclubcabanas.com\/pt-pt\/wp-json\/wp\/v2\/media?parent=773"}],"curies":[{"name":"wp","href":"https:\/\/api.w.org\/{rel}","templated":true}]}}