{"id":850,"date":"2025-05-06T12:57:57","date_gmt":"2025-05-06T12:57:57","guid":{"rendered":"https:\/\/goldenclubcabanas.com\/?page_id=850"},"modified":"2025-10-01T16:50:59","modified_gmt":"2025-10-01T16:50:59","slug":"caminhadas-sotavento-algarvio","status":"publish","type":"page","link":"https:\/\/goldenclubcabanas.com\/pt-pt\/visitar-algarve\/caminhadas-sotavento-algarvio\/","title":{"rendered":"Caminhadas"},"content":{"rendered":"\n<div class=\"dng-hero-section gb-element-46afd053\">\n<div class=\"dng-content-section gb-element-399894b7\">\n<h1 class=\"gb-text lg-font gb-text-092fc453\" data-aos=\"fade-up\" data-aos-anchor-placement=\"top-bottom\" data-aos-duration=\"1500\">Caminhadas no Sotavento Algarvio<\/h1>\n\n\n\n<p class=\"gb-text gb-text-ef0676c9 body1\" data-aos-anchor-placement=\"top-bottom\" data-aos=\"fade-up\" data-aos-duration=\"2000\">Explore trilhos no Sotavento Algarvio, com natureza, hist\u00f3ria e sabores locais em Tavira, Ria Formosa, serra e praias.<\/p>\n<\/div>\n<\/div>\n\n\n\n<div class=\"dng-section-space\">\n<div class=\"dng-content-section no-overflow\">\n<h2 class=\"gb-text gb-text-61582401 title1\" data-aos=\"fade-up\" data-aos-duration=\"1000\" data-aos-anchor-placement=\"center-bottom\">O seu ref\u00fagio ideal ap\u00f3s um dia de aventura<\/h2>\n\n\n\n<p class=\"gb-text gb-text-e3b2dddb body2\" data-aos=\"fade-up\" data-aos-duration=\"1400\" data-aos-anchor-placement=\"center-bottom\">Explore o Sotavento Algarvio em trilhos que ligam praias, montanhas e cidades hist\u00f3ricas. Tavira \u00e9 o ponto de partida ideal, e o Golden Club Cabanas, junto \u00e0 Ria Formosa, oferece conforto, servi\u00e7os de qualidade e acesso f\u00e1cil \u00e0s principais rotas para relaxar ap\u00f3s um dia na natureza.<\/p>\n\n\n\n<div class=\"gb-element-e5d133c8\" data-aos=\"fade-up\" data-aos-duration=\"1600\" data-aos-anchor-placement=\"center-bottom\">\n<figure class=\"wp-block-image size-large is-resized\"><img loading=\"lazy\" decoding=\"async\" width=\"1024\" height=\"352\" src=\"https:\/\/goldenclubcabanas.com\/wp-content\/uploads\/2025\/07\/caminhadas-descricao-incial-1024x352.jpg\" alt=\"\" class=\"wp-image-3233\" style=\"width:1120px;height:auto\" srcset=\"https:\/\/goldenclubcabanas.com\/wp-content\/uploads\/2025\/07\/caminhadas-descricao-incial-1024x352.jpg 1024w, https:\/\/goldenclubcabanas.com\/wp-content\/uploads\/2025\/07\/caminhadas-descricao-incial-300x103.jpg 300w, https:\/\/goldenclubcabanas.com\/wp-content\/uploads\/2025\/07\/caminhadas-descricao-incial-768x264.jpg 768w, https:\/\/goldenclubcabanas.com\/wp-content\/uploads\/2025\/07\/caminhadas-descricao-incial.jpg 1115w\" sizes=\"auto, (max-width: 1024px) 100vw, 1024px\" \/><\/figure>\n<\/div>\n<\/div>\n<\/div>\n\n\n\r\n<div id=\"dng-c-images-slider-block_be514dde7e47e857e35f058b79b766ee\" class=\"dng-c-images-slider gcc-section-space\">\r\n            <div class=\"dng-content-section\">\r\n            <div class=\"dng-imgSlider_content overflow-none\">\r\n                                    <h2 class=\"title1\" data-aos=\"fade-up\" data-aos-duration=\"2000\" data-aos-anchor-placement=\"center-bottom\">Pela praia, pela serra e pela cidade<\/h2>\r\n                                    <p class=\"body2\" data-aos=\"fade-up\" data-aos-duration=\"2200\" data-aos-anchor-placement=\"center-bottom\"> Descubra Tavira a p\u00e9: explore o centro hist\u00f3rico com igrejas, museus e miradouros, atravesse o rio para conhecer jardins, arte e arquitetura local. Fora da cidade, aventure-se por trilhos na Ria Formosa, serra e aldeias tradicionais, entre natureza rica, vest\u00edgios hist\u00f3ricos e paisagens deslumbrantes.<\/p>\r\n                            <\/div>\r\n        <\/div>\r\n                <div class=\"dngImages_slider _leftOffset owl-carousel owl-theme\">\r\n                            <div class=\"dngImages_slider-item\">\r\n                    <img loading=\"lazy\" decoding=\"async\" width=\"356\" height=\"384\" src=\"https:\/\/goldenclubcabanas.com\/wp-content\/uploads\/2025\/07\/caminhadas-square-1.jpg\" class=\"attachment-full size-full\" alt=\"\" srcset=\"https:\/\/goldenclubcabanas.com\/wp-content\/uploads\/2025\/07\/caminhadas-square-1.jpg 356w, https:\/\/goldenclubcabanas.com\/wp-content\/uploads\/2025\/07\/caminhadas-square-1-278x300.jpg 278w\" sizes=\"auto, (max-width: 356px) 100vw, 356px\" \/>                <\/div>\r\n                            <div class=\"dngImages_slider-item\">\r\n                    <img loading=\"lazy\" decoding=\"async\" width=\"356\" height=\"384\" src=\"https:\/\/goldenclubcabanas.com\/wp-content\/uploads\/2025\/07\/caminhadas-square-2.jpg\" class=\"attachment-full size-full\" alt=\"\" srcset=\"https:\/\/goldenclubcabanas.com\/wp-content\/uploads\/2025\/07\/caminhadas-square-2.jpg 356w, https:\/\/goldenclubcabanas.com\/wp-content\/uploads\/2025\/07\/caminhadas-square-2-278x300.jpg 278w\" sizes=\"auto, (max-width: 356px) 100vw, 356px\" \/>                <\/div>\r\n                            <div class=\"dngImages_slider-item\">\r\n                    <img loading=\"lazy\" decoding=\"async\" width=\"356\" height=\"384\" src=\"https:\/\/goldenclubcabanas.com\/wp-content\/uploads\/2025\/07\/caminhadas-square-3.jpg\" class=\"attachment-full size-full\" alt=\"\" srcset=\"https:\/\/goldenclubcabanas.com\/wp-content\/uploads\/2025\/07\/caminhadas-square-3.jpg 356w, https:\/\/goldenclubcabanas.com\/wp-content\/uploads\/2025\/07\/caminhadas-square-3-278x300.jpg 278w\" sizes=\"auto, (max-width: 356px) 100vw, 356px\" \/>                <\/div>\r\n                            <div class=\"dngImages_slider-item\">\r\n                    <img loading=\"lazy\" decoding=\"async\" width=\"356\" height=\"384\" src=\"https:\/\/goldenclubcabanas.com\/wp-content\/uploads\/2025\/07\/caminhadas-square-4.jpg\" class=\"attachment-full size-full\" alt=\"\" srcset=\"https:\/\/goldenclubcabanas.com\/wp-content\/uploads\/2025\/07\/caminhadas-square-4.jpg 356w, https:\/\/goldenclubcabanas.com\/wp-content\/uploads\/2025\/07\/caminhadas-square-4-278x300.jpg 278w\" sizes=\"auto, (max-width: 356px) 100vw, 356px\" \/>                <\/div>\r\n                    <\/div>\r\n    <\/div>\n\n\n<div class=\"gb-element-e690b91e\">\n<div class=\"dng-content-section no-overflow gb-element-da85fb45\">\n<div class=\"gb-element-262e0aef\">\n<div class=\"gb-element-b1364ae3\">\n<div class=\"dng-img dng-img-500\">\n<figure class=\"wp-block-image size-large\"><img loading=\"lazy\" decoding=\"async\" width=\"1024\" height=\"640\" src=\"https:\/\/goldenclubcabanas.com\/wp-content\/uploads\/2025\/07\/caminhadas-cta-1024x640.jpg\" alt=\"\" class=\"wp-image-3958\" srcset=\"https:\/\/goldenclubcabanas.com\/wp-content\/uploads\/2025\/07\/caminhadas-cta-1024x640.jpg 1024w, https:\/\/goldenclubcabanas.com\/wp-content\/uploads\/2025\/07\/caminhadas-cta-300x188.jpg 300w, https:\/\/goldenclubcabanas.com\/wp-content\/uploads\/2025\/07\/caminhadas-cta-768x480.jpg 768w, https:\/\/goldenclubcabanas.com\/wp-content\/uploads\/2025\/07\/caminhadas-cta-1536x960.jpg 1536w, https:\/\/goldenclubcabanas.com\/wp-content\/uploads\/2025\/07\/caminhadas-cta.jpg 2048w\" sizes=\"auto, (max-width: 1024px) 100vw, 1024px\" \/><\/figure>\n<\/div>\n<\/div>\n\n\n\n<div class=\"gb-element-e668d2ad\">\n<h3 class=\"gb-text gb-text-a46ca404\">Hora de partir \u00e0 descoberta?<\/h3>\n\n\n\n<p class=\"gb-text body2\">Reserve agora e experiencie a autenticidade do Sotavento Algarvio enquanto explora cada recanto. Prepare-se para momentos \u00fanicos ao ar livre e comece j\u00e1 a sua aventura!<\/p>\n\n\n\n<a class=\"dng-gpc-btn gb-text-0a553eaf button-text btn-gold-outline dng-button\" href=\"https:\/\/booking.goldenclubcabanas.com\" target=\"_blank\" rel=\"noopener nofollow\"><span class=\"gb-text\">Reservar<\/span><span class=\"gb-shape\"><svg width=\"50\" height=\"25\" viewBox=\"0 0 24 25\" fill=\"none\" xmlns=\"http:\/\/www.w3.org\/2000\/svg\">\n<path d=\"M23.542 11.392L18.825 6.67505L18.118 7.38205L22.736 12H0V13H22.734L18.117 17.617L18.824 18.324L23.542 13.606C24.152 12.996 24.152 12.002 23.542 11.392Z\" fill=\"#1E1E1E\"><\/path>\n<\/svg>\n<\/span><\/a>\n<\/div>\n<\/div>\n<\/div>\n<\/div>\n","protected":false},"excerpt":{"rendered":"<p>Caminhadas no Sotavento Algarvio Explore trilhos no Sotavento Algarvio, com natureza, hist\u00f3ria e sabores locais em Tavira, Ria Formosa, serra e praias. O seu ref\u00fagio ideal ap\u00f3s um dia de aventura Explore o Sotavento Algarvio em trilhos que ligam praias, montanhas e cidades hist\u00f3ricas. Tavira \u00e9 o ponto de partida ideal, e o Golden Club &#8230; <a title=\"Caminhadas\" class=\"read-more\" href=\"https:\/\/goldenclubcabanas.com\/pt-pt\/visitar-algarve\/caminhadas-sotavento-algarvio\/\" aria-label=\"Leia mais sobre Caminhadas\">Ler mais<\/a><\/p>\n","protected":false},"author":2,"featured_media":0,"parent":881,"menu_order":25,"comment_status":"closed","ping_status":"closed","template":"","meta":{"_acf_changed":false,"footnotes":""},"class_list":["post-850","page","type-page","status-publish"],"acf":[],"yoast_head":"<!-- This site is optimized with the Yoast SEO Premium plugin v25.9 (Yoast SEO v25.9) - https:\/\/yoast.com\/wordpress\/plugins\/seo\/ -->\n<title>Trilhos Algarve | Ria Formosa | Golden Club Cabanas<\/title>\n<meta name=\"description\" content=\"Explore a natureza de Cabanas de Tavira a p\u00e9. Descubra os melhores trilhos do Algarve e percursos pedestres no Parque Natural da Ria Formosa.\" \/>\n<meta name=\"robots\" content=\"index, follow, max-snippet:-1, max-image-preview:large, max-video-preview:-1\" \/>\n<link rel=\"canonical\" href=\"https:\/\/goldenclubcabanas.com\/pt-pt\/visitar-algarve\/caminhadas-sotavento-algarvio\/\" \/>\n<meta property=\"og:locale\" content=\"pt_PT\" \/>\n<meta property=\"og:type\" content=\"article\" \/>\n<meta property=\"og:title\" content=\"Caminhadas\" \/>\n<meta property=\"og:description\" content=\"Explore a natureza de Cabanas de Tavira a p\u00e9. Descubra os melhores trilhos do Algarve e percursos pedestres no Parque Natural da Ria Formosa.\" \/>\n<meta property=\"og:url\" content=\"https:\/\/goldenclubcabanas.com\/pt-pt\/visitar-algarve\/caminhadas-sotavento-algarvio\/\" \/>\n<meta property=\"og:site_name\" content=\"Golden Club Cabanas Aparthotel Algarve, Portugal\" \/>\n<meta property=\"article:modified_time\" content=\"2025-10-01T16:50:59+00:00\" \/>\n<meta property=\"og:image\" content=\"https:\/\/goldenclubcabanas.com\/wp-content\/uploads\/2025\/07\/caminhadas-descricao-incial-1024x352.jpg\" \/>\n<meta name=\"twitter:card\" content=\"summary_large_image\" \/>\n<meta name=\"twitter:label1\" content=\"Tempo estimado de leitura\" \/>\n\t<meta name=\"twitter:data1\" content=\"2 minutos\" \/>\n<script type=\"application\/ld+json\" class=\"yoast-schema-graph\">{\"@context\":\"https:\/\/schema.org\",\"@graph\":[{\"@type\":\"WebPage\",\"@id\":\"https:\/\/goldenclubcabanas.com\/pt-pt\/visitar-algarve\/caminhadas-sotavento-algarvio\/\",\"url\":\"https:\/\/goldenclubcabanas.com\/pt-pt\/visitar-algarve\/caminhadas-sotavento-algarvio\/\",\"name\":\"Trilhos Algarve | Ria Formosa | Golden Club Cabanas\",\"isPartOf\":{\"@id\":\"https:\/\/goldenclubcabanas.com\/en\/#website\"},\"primaryImageOfPage\":{\"@id\":\"https:\/\/goldenclubcabanas.com\/pt-pt\/visitar-algarve\/caminhadas-sotavento-algarvio\/#primaryimage\"},\"image\":{\"@id\":\"https:\/\/goldenclubcabanas.com\/pt-pt\/visitar-algarve\/caminhadas-sotavento-algarvio\/#primaryimage\"},\"thumbnailUrl\":\"https:\/\/goldenclubcabanas.com\/wp-content\/uploads\/2025\/07\/caminhadas-descricao-incial-1024x352.jpg\",\"datePublished\":\"2025-05-06T12:57:57+00:00\",\"dateModified\":\"2025-10-01T16:50:59+00:00\",\"description\":\"Explore a natureza de Cabanas de Tavira a p\u00e9. Descubra os melhores trilhos do Algarve e percursos pedestres no Parque Natural da Ria Formosa.\",\"breadcrumb\":{\"@id\":\"https:\/\/goldenclubcabanas.com\/pt-pt\/visitar-algarve\/caminhadas-sotavento-algarvio\/#breadcrumb\"},\"inLanguage\":\"pt-PT\",\"potentialAction\":[{\"@type\":\"ReadAction\",\"target\":[\"https:\/\/goldenclubcabanas.com\/pt-pt\/visitar-algarve\/caminhadas-sotavento-algarvio\/\"]}]},{\"@type\":\"ImageObject\",\"inLanguage\":\"pt-PT\",\"@id\":\"https:\/\/goldenclubcabanas.com\/pt-pt\/visitar-algarve\/caminhadas-sotavento-algarvio\/#primaryimage\",\"url\":\"https:\/\/goldenclubcabanas.com\/wp-content\/uploads\/2025\/07\/caminhadas-descricao-incial-1024x352.jpg\",\"contentUrl\":\"https:\/\/goldenclubcabanas.com\/wp-content\/uploads\/2025\/07\/caminhadas-descricao-incial-1024x352.jpg\"},{\"@type\":\"BreadcrumbList\",\"@id\":\"https:\/\/goldenclubcabanas.com\/pt-pt\/visitar-algarve\/caminhadas-sotavento-algarvio\/#breadcrumb\",\"itemListElement\":[{\"@type\":\"ListItem\",\"position\":1,\"name\":\"In\u00edcio\",\"item\":\"https:\/\/goldenclubcabanas.com\/pt-pt\/\"},{\"@type\":\"ListItem\",\"position\":2,\"name\":\"O que Fazer\",\"item\":\"https:\/\/goldenclubcabanas.com\/pt-pt\/visitar-algarve\/\"},{\"@type\":\"ListItem\",\"position\":3,\"name\":\"Caminhadas\"}]},{\"@type\":\"WebSite\",\"@id\":\"https:\/\/goldenclubcabanas.com\/en\/#website\",\"url\":\"https:\/\/goldenclubcabanas.com\/en\/\",\"name\":\"Golden Club Cabanas\",\"description\":\"\",\"potentialAction\":[{\"@type\":\"SearchAction\",\"target\":{\"@type\":\"EntryPoint\",\"urlTemplate\":\"https:\/\/goldenclubcabanas.com\/en\/?s={search_term_string}\"},\"query-input\":{\"@type\":\"PropertyValueSpecification\",\"valueRequired\":true,\"valueName\":\"search_term_string\"}}],\"inLanguage\":\"pt-PT\"}]}<\/script>\n<!-- \/ Yoast SEO Premium plugin. -->","yoast_head_json":{"title":"Trilhos Algarve | Ria Formosa | Golden Club Cabanas","description":"Explore a natureza de Cabanas de Tavira a p\u00e9. Descubra os melhores trilhos do Algarve e percursos pedestres no Parque Natural da Ria Formosa.","robots":{"index":"index","follow":"follow","max-snippet":"max-snippet:-1","max-image-preview":"max-image-preview:large","max-video-preview":"max-video-preview:-1"},"canonical":"https:\/\/goldenclubcabanas.com\/pt-pt\/visitar-algarve\/caminhadas-sotavento-algarvio\/","og_locale":"pt_PT","og_type":"article","og_title":"Caminhadas","og_description":"Explore a natureza de Cabanas de Tavira a p\u00e9. Descubra os melhores trilhos do Algarve e percursos pedestres no Parque Natural da Ria Formosa.","og_url":"https:\/\/goldenclubcabanas.com\/pt-pt\/visitar-algarve\/caminhadas-sotavento-algarvio\/","og_site_name":"Golden Club Cabanas Aparthotel Algarve, Portugal","article_modified_time":"2025-10-01T16:50:59+00:00","og_image":[{"url":"https:\/\/goldenclubcabanas.com\/wp-content\/uploads\/2025\/07\/caminhadas-descricao-incial-1024x352.jpg","type":"","width":"","height":""}],"twitter_card":"summary_large_image","twitter_misc":{"Tempo estimado de leitura":"2 minutos"},"schema":{"@context":"https:\/\/schema.org","@graph":[{"@type":"WebPage","@id":"https:\/\/goldenclubcabanas.com\/pt-pt\/visitar-algarve\/caminhadas-sotavento-algarvio\/","url":"https:\/\/goldenclubcabanas.com\/pt-pt\/visitar-algarve\/caminhadas-sotavento-algarvio\/","name":"Trilhos Algarve | Ria Formosa | Golden Club Cabanas","isPartOf":{"@id":"https:\/\/goldenclubcabanas.com\/en\/#website"},"primaryImageOfPage":{"@id":"https:\/\/goldenclubcabanas.com\/pt-pt\/visitar-algarve\/caminhadas-sotavento-algarvio\/#primaryimage"},"image":{"@id":"https:\/\/goldenclubcabanas.com\/pt-pt\/visitar-algarve\/caminhadas-sotavento-algarvio\/#primaryimage"},"thumbnailUrl":"https:\/\/goldenclubcabanas.com\/wp-content\/uploads\/2025\/07\/caminhadas-descricao-incial-1024x352.jpg","datePublished":"2025-05-06T12:57:57+00:00","dateModified":"2025-10-01T16:50:59+00:00","description":"Explore a natureza de Cabanas de Tavira a p\u00e9. Descubra os melhores trilhos do Algarve e percursos pedestres no Parque Natural da Ria Formosa.","breadcrumb":{"@id":"https:\/\/goldenclubcabanas.com\/pt-pt\/visitar-algarve\/caminhadas-sotavento-algarvio\/#breadcrumb"},"inLanguage":"pt-PT","potentialAction":[{"@type":"ReadAction","target":["https:\/\/goldenclubcabanas.com\/pt-pt\/visitar-algarve\/caminhadas-sotavento-algarvio\/"]}]},{"@type":"ImageObject","inLanguage":"pt-PT","@id":"https:\/\/goldenclubcabanas.com\/pt-pt\/visitar-algarve\/caminhadas-sotavento-algarvio\/#primaryimage","url":"https:\/\/goldenclubcabanas.com\/wp-content\/uploads\/2025\/07\/caminhadas-descricao-incial-1024x352.jpg","contentUrl":"https:\/\/goldenclubcabanas.com\/wp-content\/uploads\/2025\/07\/caminhadas-descricao-incial-1024x352.jpg"},{"@type":"BreadcrumbList","@id":"https:\/\/goldenclubcabanas.com\/pt-pt\/visitar-algarve\/caminhadas-sotavento-algarvio\/#breadcrumb","itemListElement":[{"@type":"ListItem","position":1,"name":"In\u00edcio","item":"https:\/\/goldenclubcabanas.com\/pt-pt\/"},{"@type":"ListItem","position":2,"name":"O que Fazer","item":"https:\/\/goldenclubcabanas.com\/pt-pt\/visitar-algarve\/"},{"@type":"ListItem","position":3,"name":"Caminhadas"}]},{"@type":"WebSite","@id":"https:\/\/goldenclubcabanas.com\/en\/#website","url":"https:\/\/goldenclubcabanas.com\/en\/","name":"Golden Club Cabanas","description":"","potentialAction":[{"@type":"SearchAction","target":{"@type":"EntryPoint","urlTemplate":"https:\/\/goldenclubcabanas.com\/en\/?s={search_term_string}"},"query-input":{"@type":"PropertyValueSpecification","valueRequired":true,"valueName":"search_term_string"}}],"inLanguage":"pt-PT"}]}},"_links":{"self":[{"href":"https:\/\/goldenclubcabanas.com\/pt-pt\/wp-json\/wp\/v2\/pages\/850","targetHints":{"allow":["GET"]}}],"collection":[{"href":"https:\/\/goldenclubcabanas.com\/pt-pt\/wp-json\/wp\/v2\/pages"}],"about":[{"href":"https:\/\/goldenclubcabanas.com\/pt-pt\/wp-json\/wp\/v2\/types\/page"}],"author":[{"embeddable":true,"href":"https:\/\/goldenclubcabanas.com\/pt-pt\/wp-json\/wp\/v2\/users\/2"}],"replies":[{"embeddable":true,"href":"https:\/\/goldenclubcabanas.com\/pt-pt\/wp-json\/wp\/v2\/comments?post=850"}],"version-history":[{"count":7,"href":"https:\/\/goldenclubcabanas.com\/pt-pt\/wp-json\/wp\/v2\/pages\/850\/revisions"}],"predecessor-version":[{"id":4373,"href":"https:\/\/goldenclubcabanas.com\/pt-pt\/wp-json\/wp\/v2\/pages\/850\/revisions\/4373"}],"up":[{"embeddable":true,"href":"https:\/\/goldenclubcabanas.com\/pt-pt\/wp-json\/wp\/v2\/pages\/881"}],"wp:attachment":[{"href":"https:\/\/goldenclubcabanas.com\/pt-pt\/wp-json\/wp\/v2\/media?parent=850"}],"curies":[{"name":"wp","href":"https:\/\/api.w.org\/{rel}","templated":true}]}}