{"id":852,"date":"2025-05-06T12:59:36","date_gmt":"2025-05-06T12:59:36","guid":{"rendered":"https:\/\/goldenclubcabanas.com\/?page_id=852"},"modified":"2025-10-01T16:51:12","modified_gmt":"2025-10-01T16:51:12","slug":"ferias-ciclismo-algarve","status":"publish","type":"page","link":"https:\/\/goldenclubcabanas.com\/pt-pt\/visitar-algarve\/ferias-ciclismo-algarve\/","title":{"rendered":"Cycling"},"content":{"rendered":"\n<div class=\"dng-hero-section gb-element-46afd053\">\n<div class=\"dng-content-section gb-element-399894b7\">\n<h1 class=\"gb-text lg-font gb-text-092fc453\" data-aos=\"fade-up\" data-aos-anchor-placement=\"top-bottom\" data-aos-duration=\"1500\">F\u00e9rias de ciclismo no Algarve<\/h1>\n\n\n\n<p class=\"gb-text gb-text-ef0676c9 body1\" data-aos-anchor-placement=\"top-bottom\" data-aos=\"fade-up\" data-aos-duration=\"2000\">O Golden Club Cabanas \u00e9 bike-friendly e fica junto \u00e0 Ecovia do Algarve, ideal para ciclismo de estrada, BTT e passeios pela costa.<\/p>\n<\/div>\n<\/div>\n\n\n\n<div class=\"dng-section-space\">\n<div class=\"dng-content-section no-overflow\">\n<h2 class=\"gb-text gb-text-d12869c9 title1\" data-aos=\"fade-up\" data-aos-duration=\"1000\" data-aos-anchor-placement=\"center-bottom\">Entre serras e costa, o Algarve sobre duas rodas<\/h2>\n\n\n\n<p class=\"gb-text gb-text-6e1ca6c5 body2\" data-aos=\"fade-up\" data-aos-duration=\"1400\" data-aos-anchor-placement=\"center-bottom\">O Sotavento Algarvio \u00e9 ideal para ciclismo de estrada e BTT, com percursos entre serras, aldeias e costa. O Golden Club Cabanas \u00e9 um hotel bike-friendly que oferece conforto, apoio de garagem e todas as comodidades para<\/p>\n\n\n\n<div class=\"gb-element-49cc988e\" data-aos=\"fade-up\" data-aos-duration=\"1600\" data-aos-anchor-placement=\"center-bottom\">\n<figure class=\"wp-block-image size-large is-resized\"><img loading=\"lazy\" decoding=\"async\" width=\"1024\" height=\"352\" src=\"https:\/\/goldenclubcabanas.com\/wp-content\/uploads\/2025\/07\/cycling-descricao-incial-1024x352.jpg\" alt=\"\" class=\"wp-image-3965\" style=\"width:1120px;height:auto\" srcset=\"https:\/\/goldenclubcabanas.com\/wp-content\/uploads\/2025\/07\/cycling-descricao-incial-1024x352.jpg 1024w, https:\/\/goldenclubcabanas.com\/wp-content\/uploads\/2025\/07\/cycling-descricao-incial-300x103.jpg 300w, https:\/\/goldenclubcabanas.com\/wp-content\/uploads\/2025\/07\/cycling-descricao-incial-768x264.jpg 768w, https:\/\/goldenclubcabanas.com\/wp-content\/uploads\/2025\/07\/cycling-descricao-incial.jpg 1115w\" sizes=\"auto, (max-width: 1024px) 100vw, 1024px\" \/><\/figure>\n<\/div>\n<\/div>\n<\/div>\n\n\n\r\n<div id=\"dng-c-images-slider-block_11c2b756b0776eef3a194753b03c0c1b\" class=\"dng-c-images-slider gcc-section-space\">\r\n            <div class=\"dng-content-section\">\r\n            <div class=\"dng-imgSlider_content overflow-none\">\r\n                                    <h2 class=\"title1\" data-aos=\"fade-up\" data-aos-duration=\"2000\" data-aos-anchor-placement=\"center-bottom\">Tudo o que precisa para f\u00e9rias de ciclismo<\/h2>\r\n                                    <p class=\"body2\" data-aos=\"fade-up\" data-aos-duration=\"2200\" data-aos-anchor-placement=\"center-bottom\">O Golden Club Cabanas oferece condi\u00e7\u00f5es ideais para f\u00e9rias de ciclismo. Conta com garagem fechada para maior seguran\u00e7a, zona de lavagem de bicicletas, compressor para enchimento de pneus, aluguer de equipamentos, servi\u00e7o de massagens, kit de primeiros socorros, parcerias com empresas especializadas em cycling e passeios autoguiados com partida direta do hotel.<\/p>\r\n                            <\/div>\r\n        <\/div>\r\n                <div class=\"dngImages_slider _leftOffset owl-carousel owl-theme\">\r\n                            <div class=\"dngImages_slider-item\">\r\n                    <img loading=\"lazy\" decoding=\"async\" width=\"356\" height=\"384\" src=\"https:\/\/goldenclubcabanas.com\/wp-content\/uploads\/2025\/07\/cycling-square-1.jpg\" class=\"attachment-full size-full\" alt=\"\" srcset=\"https:\/\/goldenclubcabanas.com\/wp-content\/uploads\/2025\/07\/cycling-square-1.jpg 356w, https:\/\/goldenclubcabanas.com\/wp-content\/uploads\/2025\/07\/cycling-square-1-278x300.jpg 278w\" sizes=\"auto, (max-width: 356px) 100vw, 356px\" \/>                <\/div>\r\n                            <div class=\"dngImages_slider-item\">\r\n                    <img loading=\"lazy\" decoding=\"async\" width=\"356\" height=\"384\" src=\"https:\/\/goldenclubcabanas.com\/wp-content\/uploads\/2025\/07\/cycling-square-2.jpg\" class=\"attachment-full size-full\" alt=\"\" srcset=\"https:\/\/goldenclubcabanas.com\/wp-content\/uploads\/2025\/07\/cycling-square-2.jpg 356w, https:\/\/goldenclubcabanas.com\/wp-content\/uploads\/2025\/07\/cycling-square-2-278x300.jpg 278w\" sizes=\"auto, (max-width: 356px) 100vw, 356px\" \/>                <\/div>\r\n                            <div class=\"dngImages_slider-item\">\r\n                    <img loading=\"lazy\" decoding=\"async\" width=\"356\" height=\"384\" src=\"https:\/\/goldenclubcabanas.com\/wp-content\/uploads\/2025\/07\/cycling-square-3.jpg\" class=\"attachment-full size-full\" alt=\"\" srcset=\"https:\/\/goldenclubcabanas.com\/wp-content\/uploads\/2025\/07\/cycling-square-3.jpg 356w, https:\/\/goldenclubcabanas.com\/wp-content\/uploads\/2025\/07\/cycling-square-3-278x300.jpg 278w\" sizes=\"auto, (max-width: 356px) 100vw, 356px\" \/>                <\/div>\r\n                            <div class=\"dngImages_slider-item\">\r\n                    <img loading=\"lazy\" decoding=\"async\" width=\"356\" height=\"384\" src=\"https:\/\/goldenclubcabanas.com\/wp-content\/uploads\/2025\/07\/cycling-square-4.jpg\" class=\"attachment-full size-full\" alt=\"\" srcset=\"https:\/\/goldenclubcabanas.com\/wp-content\/uploads\/2025\/07\/cycling-square-4.jpg 356w, https:\/\/goldenclubcabanas.com\/wp-content\/uploads\/2025\/07\/cycling-square-4-278x300.jpg 278w\" sizes=\"auto, (max-width: 356px) 100vw, 356px\" \/>                <\/div>\r\n                    <\/div>\r\n    <\/div>\n\n\n<div class=\"gb-element-639d2133\">\n<div class=\"dng-content-section no-overflow gb-element-dacefb0c\">\n<div class=\"gb-element-23c2b4d5\">\n<div class=\"gb-element-6cb94c45\">\n<div class=\"dng-img dng-img-500\">\n<figure class=\"wp-block-image size-full\"><img loading=\"lazy\" decoding=\"async\" width=\"747\" height=\"389\" src=\"https:\/\/goldenclubcabanas.com\/wp-content\/uploads\/2025\/07\/cycling-cta.jpg\" alt=\"\" class=\"wp-image-3262\" srcset=\"https:\/\/goldenclubcabanas.com\/wp-content\/uploads\/2025\/07\/cycling-cta.jpg 747w, https:\/\/goldenclubcabanas.com\/wp-content\/uploads\/2025\/07\/cycling-cta-300x156.jpg 300w\" sizes=\"auto, (max-width: 747px) 100vw, 747px\" \/><\/figure>\n<\/div>\n<\/div>\n\n\n\n<div class=\"gb-element-863e0837\">\n<h3 class=\"gb-text gb-text-4c3390d3\">Pronto para pedalar pelo Algarve?<\/h3>\n\n\n\n<p class=\"gb-text body2\">Conforto, paisagens incr\u00edveis e tudo o que precisa para f\u00e9rias de ciclismo no Sotavento Algarvio. Garanta j\u00e1 a sua estadia no Golden Club Cabanas!<\/p>\n\n\n\n<a class=\"dng-gpc-btn gb-text-0a553eaf button-text btn-gold-outline dng-button\" href=\"https:\/\/booking.goldenclubcabanas.com\" target=\"_blank\" rel=\"noopener nofollow\"><span class=\"gb-text\">Reservar<\/span><span class=\"gb-shape\"><svg width=\"50\" height=\"25\" viewBox=\"0 0 24 25\" fill=\"none\" xmlns=\"http:\/\/www.w3.org\/2000\/svg\">\n<path d=\"M23.542 11.392L18.825 6.67505L18.118 7.38205L22.736 12H0V13H22.734L18.117 17.617L18.824 18.324L23.542 13.606C24.152 12.996 24.152 12.002 23.542 11.392Z\" fill=\"#1E1E1E\"><\/path>\n<\/svg>\n<\/span><\/a>\n<\/div>\n<\/div>\n<\/div>\n<\/div>\n","protected":false},"excerpt":{"rendered":"<p>F\u00e9rias de ciclismo no Algarve O Golden Club Cabanas \u00e9 bike-friendly e fica junto \u00e0 Ecovia do Algarve, ideal para ciclismo de estrada, BTT e passeios pela costa. Entre serras e costa, o Algarve sobre duas rodas O Sotavento Algarvio \u00e9 ideal para ciclismo de estrada e BTT, com percursos entre serras, aldeias e costa. &#8230; <a title=\"Cycling\" class=\"read-more\" href=\"https:\/\/goldenclubcabanas.com\/pt-pt\/visitar-algarve\/ferias-ciclismo-algarve\/\" aria-label=\"Leia mais sobre Cycling\">Ler mais<\/a><\/p>\n","protected":false},"author":2,"featured_media":0,"parent":881,"menu_order":44,"comment_status":"closed","ping_status":"closed","template":"","meta":{"_acf_changed":false,"footnotes":""},"class_list":["post-852","page","type-page","status-publish"],"acf":[],"yoast_head":"<!-- This site is optimized with the Yoast SEO Premium plugin v25.9 (Yoast SEO v25.9) - https:\/\/yoast.com\/wordpress\/plugins\/seo\/ -->\n<title>Ciclismo | Ciclovias Algarve | Golden Club Cabanas<\/title>\n<meta name=\"description\" content=\"Explore as ciclovias do Algarve, incluindo a Ecovia Litoral, com partida perto do nosso resort. Aventure-se sobre duas rodas!\" \/>\n<meta name=\"robots\" content=\"index, follow, max-snippet:-1, max-image-preview:large, max-video-preview:-1\" \/>\n<link rel=\"canonical\" href=\"https:\/\/goldenclubcabanas.com\/pt-pt\/visitar-algarve\/ferias-ciclismo-algarve\/\" \/>\n<meta property=\"og:locale\" content=\"pt_PT\" \/>\n<meta property=\"og:type\" content=\"article\" \/>\n<meta property=\"og:title\" content=\"Cycling\" \/>\n<meta property=\"og:description\" content=\"Explore as ciclovias do Algarve, incluindo a Ecovia Litoral, com partida perto do nosso resort. Aventure-se sobre duas rodas!\" \/>\n<meta property=\"og:url\" content=\"https:\/\/goldenclubcabanas.com\/pt-pt\/visitar-algarve\/ferias-ciclismo-algarve\/\" \/>\n<meta property=\"og:site_name\" content=\"Golden Club Cabanas Aparthotel Algarve, Portugal\" \/>\n<meta property=\"article:modified_time\" content=\"2025-10-01T16:51:12+00:00\" \/>\n<meta property=\"og:image\" content=\"https:\/\/goldenclubcabanas.com\/wp-content\/uploads\/2025\/07\/cycling-descricao-incial-1024x352.jpg\" \/>\n<meta name=\"twitter:card\" content=\"summary_large_image\" \/>\n<meta name=\"twitter:label1\" content=\"Tempo estimado de leitura\" \/>\n\t<meta name=\"twitter:data1\" content=\"1 minuto\" \/>\n<script type=\"application\/ld+json\" class=\"yoast-schema-graph\">{\"@context\":\"https:\/\/schema.org\",\"@graph\":[{\"@type\":\"WebPage\",\"@id\":\"https:\/\/goldenclubcabanas.com\/pt-pt\/visitar-algarve\/ferias-ciclismo-algarve\/\",\"url\":\"https:\/\/goldenclubcabanas.com\/pt-pt\/visitar-algarve\/ferias-ciclismo-algarve\/\",\"name\":\"Ciclismo | Ciclovias Algarve | Golden Club Cabanas\",\"isPartOf\":{\"@id\":\"https:\/\/goldenclubcabanas.com\/en\/#website\"},\"primaryImageOfPage\":{\"@id\":\"https:\/\/goldenclubcabanas.com\/pt-pt\/visitar-algarve\/ferias-ciclismo-algarve\/#primaryimage\"},\"image\":{\"@id\":\"https:\/\/goldenclubcabanas.com\/pt-pt\/visitar-algarve\/ferias-ciclismo-algarve\/#primaryimage\"},\"thumbnailUrl\":\"https:\/\/goldenclubcabanas.com\/wp-content\/uploads\/2025\/07\/cycling-descricao-incial-1024x352.jpg\",\"datePublished\":\"2025-05-06T12:59:36+00:00\",\"dateModified\":\"2025-10-01T16:51:12+00:00\",\"description\":\"Explore as ciclovias do Algarve, incluindo a Ecovia Litoral, com partida perto do nosso resort. Aventure-se sobre duas rodas!\",\"breadcrumb\":{\"@id\":\"https:\/\/goldenclubcabanas.com\/pt-pt\/visitar-algarve\/ferias-ciclismo-algarve\/#breadcrumb\"},\"inLanguage\":\"pt-PT\",\"potentialAction\":[{\"@type\":\"ReadAction\",\"target\":[\"https:\/\/goldenclubcabanas.com\/pt-pt\/visitar-algarve\/ferias-ciclismo-algarve\/\"]}]},{\"@type\":\"ImageObject\",\"inLanguage\":\"pt-PT\",\"@id\":\"https:\/\/goldenclubcabanas.com\/pt-pt\/visitar-algarve\/ferias-ciclismo-algarve\/#primaryimage\",\"url\":\"https:\/\/goldenclubcabanas.com\/wp-content\/uploads\/2025\/07\/cycling-descricao-incial-1024x352.jpg\",\"contentUrl\":\"https:\/\/goldenclubcabanas.com\/wp-content\/uploads\/2025\/07\/cycling-descricao-incial-1024x352.jpg\"},{\"@type\":\"BreadcrumbList\",\"@id\":\"https:\/\/goldenclubcabanas.com\/pt-pt\/visitar-algarve\/ferias-ciclismo-algarve\/#breadcrumb\",\"itemListElement\":[{\"@type\":\"ListItem\",\"position\":1,\"name\":\"In\u00edcio\",\"item\":\"https:\/\/goldenclubcabanas.com\/pt-pt\/\"},{\"@type\":\"ListItem\",\"position\":2,\"name\":\"O que Fazer\",\"item\":\"https:\/\/goldenclubcabanas.com\/pt-pt\/visitar-algarve\/\"},{\"@type\":\"ListItem\",\"position\":3,\"name\":\"Cycling\"}]},{\"@type\":\"WebSite\",\"@id\":\"https:\/\/goldenclubcabanas.com\/en\/#website\",\"url\":\"https:\/\/goldenclubcabanas.com\/en\/\",\"name\":\"Golden Club Cabanas\",\"description\":\"\",\"potentialAction\":[{\"@type\":\"SearchAction\",\"target\":{\"@type\":\"EntryPoint\",\"urlTemplate\":\"https:\/\/goldenclubcabanas.com\/en\/?s={search_term_string}\"},\"query-input\":{\"@type\":\"PropertyValueSpecification\",\"valueRequired\":true,\"valueName\":\"search_term_string\"}}],\"inLanguage\":\"pt-PT\"}]}<\/script>\n<!-- \/ Yoast SEO Premium plugin. -->","yoast_head_json":{"title":"Ciclismo | Ciclovias Algarve | Golden Club Cabanas","description":"Explore as ciclovias do Algarve, incluindo a Ecovia Litoral, com partida perto do nosso resort. Aventure-se sobre duas rodas!","robots":{"index":"index","follow":"follow","max-snippet":"max-snippet:-1","max-image-preview":"max-image-preview:large","max-video-preview":"max-video-preview:-1"},"canonical":"https:\/\/goldenclubcabanas.com\/pt-pt\/visitar-algarve\/ferias-ciclismo-algarve\/","og_locale":"pt_PT","og_type":"article","og_title":"Cycling","og_description":"Explore as ciclovias do Algarve, incluindo a Ecovia Litoral, com partida perto do nosso resort. Aventure-se sobre duas rodas!","og_url":"https:\/\/goldenclubcabanas.com\/pt-pt\/visitar-algarve\/ferias-ciclismo-algarve\/","og_site_name":"Golden Club Cabanas Aparthotel Algarve, Portugal","article_modified_time":"2025-10-01T16:51:12+00:00","og_image":[{"url":"https:\/\/goldenclubcabanas.com\/wp-content\/uploads\/2025\/07\/cycling-descricao-incial-1024x352.jpg","type":"","width":"","height":""}],"twitter_card":"summary_large_image","twitter_misc":{"Tempo estimado de leitura":"1 minuto"},"schema":{"@context":"https:\/\/schema.org","@graph":[{"@type":"WebPage","@id":"https:\/\/goldenclubcabanas.com\/pt-pt\/visitar-algarve\/ferias-ciclismo-algarve\/","url":"https:\/\/goldenclubcabanas.com\/pt-pt\/visitar-algarve\/ferias-ciclismo-algarve\/","name":"Ciclismo | Ciclovias Algarve | Golden Club Cabanas","isPartOf":{"@id":"https:\/\/goldenclubcabanas.com\/en\/#website"},"primaryImageOfPage":{"@id":"https:\/\/goldenclubcabanas.com\/pt-pt\/visitar-algarve\/ferias-ciclismo-algarve\/#primaryimage"},"image":{"@id":"https:\/\/goldenclubcabanas.com\/pt-pt\/visitar-algarve\/ferias-ciclismo-algarve\/#primaryimage"},"thumbnailUrl":"https:\/\/goldenclubcabanas.com\/wp-content\/uploads\/2025\/07\/cycling-descricao-incial-1024x352.jpg","datePublished":"2025-05-06T12:59:36+00:00","dateModified":"2025-10-01T16:51:12+00:00","description":"Explore as ciclovias do Algarve, incluindo a Ecovia Litoral, com partida perto do nosso resort. Aventure-se sobre duas rodas!","breadcrumb":{"@id":"https:\/\/goldenclubcabanas.com\/pt-pt\/visitar-algarve\/ferias-ciclismo-algarve\/#breadcrumb"},"inLanguage":"pt-PT","potentialAction":[{"@type":"ReadAction","target":["https:\/\/goldenclubcabanas.com\/pt-pt\/visitar-algarve\/ferias-ciclismo-algarve\/"]}]},{"@type":"ImageObject","inLanguage":"pt-PT","@id":"https:\/\/goldenclubcabanas.com\/pt-pt\/visitar-algarve\/ferias-ciclismo-algarve\/#primaryimage","url":"https:\/\/goldenclubcabanas.com\/wp-content\/uploads\/2025\/07\/cycling-descricao-incial-1024x352.jpg","contentUrl":"https:\/\/goldenclubcabanas.com\/wp-content\/uploads\/2025\/07\/cycling-descricao-incial-1024x352.jpg"},{"@type":"BreadcrumbList","@id":"https:\/\/goldenclubcabanas.com\/pt-pt\/visitar-algarve\/ferias-ciclismo-algarve\/#breadcrumb","itemListElement":[{"@type":"ListItem","position":1,"name":"In\u00edcio","item":"https:\/\/goldenclubcabanas.com\/pt-pt\/"},{"@type":"ListItem","position":2,"name":"O que Fazer","item":"https:\/\/goldenclubcabanas.com\/pt-pt\/visitar-algarve\/"},{"@type":"ListItem","position":3,"name":"Cycling"}]},{"@type":"WebSite","@id":"https:\/\/goldenclubcabanas.com\/en\/#website","url":"https:\/\/goldenclubcabanas.com\/en\/","name":"Golden Club Cabanas","description":"","potentialAction":[{"@type":"SearchAction","target":{"@type":"EntryPoint","urlTemplate":"https:\/\/goldenclubcabanas.com\/en\/?s={search_term_string}"},"query-input":{"@type":"PropertyValueSpecification","valueRequired":true,"valueName":"search_term_string"}}],"inLanguage":"pt-PT"}]}},"_links":{"self":[{"href":"https:\/\/goldenclubcabanas.com\/pt-pt\/wp-json\/wp\/v2\/pages\/852","targetHints":{"allow":["GET"]}}],"collection":[{"href":"https:\/\/goldenclubcabanas.com\/pt-pt\/wp-json\/wp\/v2\/pages"}],"about":[{"href":"https:\/\/goldenclubcabanas.com\/pt-pt\/wp-json\/wp\/v2\/types\/page"}],"author":[{"embeddable":true,"href":"https:\/\/goldenclubcabanas.com\/pt-pt\/wp-json\/wp\/v2\/users\/2"}],"replies":[{"embeddable":true,"href":"https:\/\/goldenclubcabanas.com\/pt-pt\/wp-json\/wp\/v2\/comments?post=852"}],"version-history":[{"count":7,"href":"https:\/\/goldenclubcabanas.com\/pt-pt\/wp-json\/wp\/v2\/pages\/852\/revisions"}],"predecessor-version":[{"id":4376,"href":"https:\/\/goldenclubcabanas.com\/pt-pt\/wp-json\/wp\/v2\/pages\/852\/revisions\/4376"}],"up":[{"embeddable":true,"href":"https:\/\/goldenclubcabanas.com\/pt-pt\/wp-json\/wp\/v2\/pages\/881"}],"wp:attachment":[{"href":"https:\/\/goldenclubcabanas.com\/pt-pt\/wp-json\/wp\/v2\/media?parent=852"}],"curies":[{"name":"wp","href":"https:\/\/api.w.org\/{rel}","templated":true}]}}