{"id":854,"date":"2025-05-06T13:01:40","date_gmt":"2025-05-06T13:01:40","guid":{"rendered":"https:\/\/goldenclubcabanas.com\/?page_id=854"},"modified":"2025-10-01T16:51:42","modified_gmt":"2025-10-01T16:51:42","slug":"de-barco","status":"publish","type":"page","link":"https:\/\/goldenclubcabanas.com\/pt-pt\/visitar-algarve\/de-barco\/","title":{"rendered":"De barco"},"content":{"rendered":"\n<div class=\"dng-hero-section gb-element-46afd053\">\n<div class=\"dng-content-section gb-element-399894b7\">\n<h1 class=\"gb-text lg-font gb-text-092fc453\" data-aos=\"fade-up\" data-aos-anchor-placement=\"top-bottom\" data-aos-duration=\"1500\">Experi\u00eancias de barco no Algarve<\/h1>\n\n\n\n<p class=\"gb-text gb-text-ef0676c9 body1\" data-aos-anchor-placement=\"top-bottom\" data-aos=\"fade-up\" data-aos-duration=\"2000\">A partir do Golden Club Cabanas, explore as \u00e1guas calmas da Ria Formosa em passeios de barco, caiaque ou canoa, rodeado por natureza e vida selvagem.<\/p>\n<\/div>\n<\/div>\n\n\n\n<div class=\"dng-section-space\">\n<div class=\"dng-content-section no-overflow\">\n<h2 class=\"gb-text gb-text-1bce0a18 title1\" data-aos=\"fade-up\" data-aos-duration=\"1000\" data-aos-anchor-placement=\"center-bottom\">O Algarve como nunca a viu<\/h2>\n\n\n\n<p class=\"gb-text gb-text-430765ab body2\" data-aos=\"fade-up\" data-aos-duration=\"1400\" data-aos-anchor-placement=\"center-bottom\">Navegue entre canais, bancos de areia e ilhas paradis\u00edacas. Descubra a riqueza natural do Parque Natural da Ria Formosa enquanto observa aves, visita locais hist\u00f3ricos e relaxa em pleno contacto com a natureza.<\/p>\n\n\n\n<div class=\"gb-element-bc12f85b\" data-aos=\"fade-up\" data-aos-duration=\"1600\" data-aos-anchor-placement=\"center-bottom\">\n<figure class=\"wp-block-image size-large dng-img dng-img-380\"><img loading=\"lazy\" decoding=\"async\" width=\"1024\" height=\"338\" src=\"https:\/\/goldenclubcabanas.com\/wp-content\/uploads\/2025\/08\/barco-descricao-new-1024x338.jpg\" alt=\"\" class=\"wp-image-4248\" style=\"object-fit:cover\" srcset=\"https:\/\/goldenclubcabanas.com\/wp-content\/uploads\/2025\/08\/barco-descricao-new-1024x338.jpg 1024w, https:\/\/goldenclubcabanas.com\/wp-content\/uploads\/2025\/08\/barco-descricao-new-300x99.jpg 300w, https:\/\/goldenclubcabanas.com\/wp-content\/uploads\/2025\/08\/barco-descricao-new-768x254.jpg 768w, https:\/\/goldenclubcabanas.com\/wp-content\/uploads\/2025\/08\/barco-descricao-new-1536x507.jpg 1536w, https:\/\/goldenclubcabanas.com\/wp-content\/uploads\/2025\/08\/barco-descricao-new-2048x677.jpg 2048w\" sizes=\"auto, (max-width: 1024px) 100vw, 1024px\" \/><\/figure>\n<\/div>\n<\/div>\n<\/div>\n\n\n\r\n<div id=\"dng-c-images-slider-block_828868d94f1054f50a5338ef49ae34b0\" class=\"dng-c-images-slider gcc-section-space\">\r\n            <div class=\"dng-content-section\">\r\n            <div class=\"dng-imgSlider_content overflow-none\">\r\n                                    <h2 class=\"title1\" data-aos=\"fade-up\" data-aos-duration=\"2000\" data-aos-anchor-placement=\"center-bottom\">Passeios de barco, caiaque ou canoa<\/h2>\r\n                                    <p class=\"body2\" data-aos=\"fade-up\" data-aos-duration=\"2200\" data-aos-anchor-placement=\"center-bottom\"> Explore a ria a seu ritmo ou num passeio guiado. Embarque numa experi\u00eancia \u00fanica de descoberta: observe flamingos, conhe\u00e7a o ecossistema local e, com sorte, veja golfinhos em mar aberto. As op\u00e7\u00f5es incluem passeios de barco tradicionais, tours com paragens nas ilhas e aventuras em caiaque ou canoa, ideais para toda a fam\u00edlia.<\/p>\r\n                            <\/div>\r\n        <\/div>\r\n                <div class=\"dngImages_slider _leftOffset owl-carousel owl-theme\">\r\n                            <div class=\"dngImages_slider-item\">\r\n                    <img loading=\"lazy\" decoding=\"async\" width=\"356\" height=\"384\" src=\"https:\/\/goldenclubcabanas.com\/wp-content\/uploads\/2025\/07\/barco-square-1.jpg\" class=\"attachment-full size-full\" alt=\"\" srcset=\"https:\/\/goldenclubcabanas.com\/wp-content\/uploads\/2025\/07\/barco-square-1.jpg 356w, https:\/\/goldenclubcabanas.com\/wp-content\/uploads\/2025\/07\/barco-square-1-278x300.jpg 278w\" sizes=\"auto, (max-width: 356px) 100vw, 356px\" \/>                <\/div>\r\n                            <div class=\"dngImages_slider-item\">\r\n                    <img loading=\"lazy\" decoding=\"async\" width=\"356\" height=\"384\" src=\"https:\/\/goldenclubcabanas.com\/wp-content\/uploads\/2025\/07\/barco-square-2.jpg\" class=\"attachment-full size-full\" alt=\"\" srcset=\"https:\/\/goldenclubcabanas.com\/wp-content\/uploads\/2025\/07\/barco-square-2.jpg 356w, https:\/\/goldenclubcabanas.com\/wp-content\/uploads\/2025\/07\/barco-square-2-278x300.jpg 278w\" sizes=\"auto, (max-width: 356px) 100vw, 356px\" \/>                <\/div>\r\n                            <div class=\"dngImages_slider-item\">\r\n                    <img loading=\"lazy\" decoding=\"async\" width=\"356\" height=\"384\" src=\"https:\/\/goldenclubcabanas.com\/wp-content\/uploads\/2025\/07\/barco-square-3.jpg\" class=\"attachment-full size-full\" alt=\"\" srcset=\"https:\/\/goldenclubcabanas.com\/wp-content\/uploads\/2025\/07\/barco-square-3.jpg 356w, https:\/\/goldenclubcabanas.com\/wp-content\/uploads\/2025\/07\/barco-square-3-278x300.jpg 278w\" sizes=\"auto, (max-width: 356px) 100vw, 356px\" \/>                <\/div>\r\n                            <div class=\"dngImages_slider-item\">\r\n                    <img loading=\"lazy\" decoding=\"async\" width=\"356\" height=\"384\" src=\"https:\/\/goldenclubcabanas.com\/wp-content\/uploads\/2025\/07\/barco-square-4.jpg\" class=\"attachment-full size-full\" alt=\"\" srcset=\"https:\/\/goldenclubcabanas.com\/wp-content\/uploads\/2025\/07\/barco-square-4.jpg 356w, https:\/\/goldenclubcabanas.com\/wp-content\/uploads\/2025\/07\/barco-square-4-278x300.jpg 278w\" sizes=\"auto, (max-width: 356px) 100vw, 356px\" \/>                <\/div>\r\n                    <\/div>\r\n    <\/div>\n\n\n<div class=\"gb-element-004d077d\">\n<div class=\"dng-content-section no-overflow gb-element-cf8654bc\">\n<div class=\"gb-element-93202718\">\n<div class=\"gb-element-ea2899d4\">\n<div class=\"dng-img dng-img-500\">\n<figure class=\"wp-block-image size-full\"><img loading=\"lazy\" decoding=\"async\" width=\"1568\" height=\"974\" src=\"https:\/\/goldenclubcabanas.com\/wp-content\/uploads\/2025\/08\/barco-cta-new.jpg\" alt=\"\" class=\"wp-image-4253\" srcset=\"https:\/\/goldenclubcabanas.com\/wp-content\/uploads\/2025\/08\/barco-cta-new.jpg 1568w, https:\/\/goldenclubcabanas.com\/wp-content\/uploads\/2025\/08\/barco-cta-new-300x186.jpg 300w, https:\/\/goldenclubcabanas.com\/wp-content\/uploads\/2025\/08\/barco-cta-new-1024x636.jpg 1024w, https:\/\/goldenclubcabanas.com\/wp-content\/uploads\/2025\/08\/barco-cta-new-768x477.jpg 768w, https:\/\/goldenclubcabanas.com\/wp-content\/uploads\/2025\/08\/barco-cta-new-1536x954.jpg 1536w\" sizes=\"auto, (max-width: 1568px) 100vw, 1568px\" \/><\/figure>\n<\/div>\n<\/div>\n\n\n\n<div class=\"gb-element-de8027e6\">\n<h3 class=\"gb-text gb-text-6eea4dc4\">Aventure-se pelas \u00e1guas da Ria Formosa e do Algarve<\/h3>\n\n\n\n<p class=\"gb-text body2\">Descubra ilhas, canais, aves e golfinhos num passeio de barco, caiaque ou canoa. Explore a beleza natural com as experi\u00eancias que temos dispon\u00edveis na rece\u00e7\u00e3o!<\/p>\n\n\n\n<a class=\"dng-gpc-btn gb-text-0a553eaf button-text btn-gold-outline dng-button\" href=\"https:\/\/booking.goldenclubcabanas.com\" target=\"_blank\" rel=\"noopener\"><span class=\"gb-text\">Reservar<\/span><span class=\"gb-shape\"><svg width=\"50\" height=\"25\" viewBox=\"0 0 24 25\" fill=\"none\" xmlns=\"http:\/\/www.w3.org\/2000\/svg\">\n<path d=\"M23.542 11.392L18.825 6.67505L18.118 7.38205L22.736 12H0V13H22.734L18.117 17.617L18.824 18.324L23.542 13.606C24.152 12.996 24.152 12.002 23.542 11.392Z\" fill=\"#1E1E1E\"><\/path>\n<\/svg>\n<\/span><\/a>\n<\/div>\n<\/div>\n<\/div>\n<\/div>\n","protected":false},"excerpt":{"rendered":"<p>Experi\u00eancias de barco no Algarve A partir do Golden Club Cabanas, explore as \u00e1guas calmas da Ria Formosa em passeios de barco, caiaque ou canoa, rodeado por natureza e vida selvagem. O Algarve como nunca a viu Navegue entre canais, bancos de areia e ilhas paradis\u00edacas. Descubra a riqueza natural do Parque Natural da Ria &#8230; <a title=\"De barco\" class=\"read-more\" href=\"https:\/\/goldenclubcabanas.com\/pt-pt\/visitar-algarve\/de-barco\/\" aria-label=\"Leia mais sobre De barco\">Ler mais<\/a><\/p>\n","protected":false},"author":2,"featured_media":0,"parent":881,"menu_order":48,"comment_status":"closed","ping_status":"closed","template":"","meta":{"_acf_changed":false,"footnotes":""},"class_list":["post-854","page","type-page","status-publish"],"acf":[],"yoast_head":"<!-- This site is optimized with the Yoast SEO Premium plugin v25.9 (Yoast SEO v25.9) - https:\/\/yoast.com\/wordpress\/plugins\/seo\/ -->\n<title>Passeios de Barco na Ria Formosa | Golden Club Cabanas<\/title>\n<meta name=\"description\" content=\"Explore as op\u00e7\u00f5es de passeios de barco na Ria formosa: ilhas, fauna e flora. Marque o seu passeio na rece\u00e7\u00e3o e aproveite o melhor do Algarve.\" \/>\n<meta name=\"robots\" content=\"index, follow, max-snippet:-1, max-image-preview:large, max-video-preview:-1\" \/>\n<link rel=\"canonical\" href=\"https:\/\/goldenclubcabanas.com\/pt-pt\/visitar-algarve\/de-barco\/\" \/>\n<meta property=\"og:locale\" content=\"pt_PT\" \/>\n<meta property=\"og:type\" content=\"article\" \/>\n<meta property=\"og:title\" content=\"De barco\" \/>\n<meta property=\"og:description\" content=\"Explore as op\u00e7\u00f5es de passeios de barco na Ria formosa: ilhas, fauna e flora. Marque o seu passeio na rece\u00e7\u00e3o e aproveite o melhor do Algarve.\" \/>\n<meta property=\"og:url\" content=\"https:\/\/goldenclubcabanas.com\/pt-pt\/visitar-algarve\/de-barco\/\" \/>\n<meta property=\"og:site_name\" content=\"Golden Club Cabanas Aparthotel Algarve, Portugal\" \/>\n<meta property=\"article:modified_time\" content=\"2025-10-01T16:51:42+00:00\" \/>\n<meta property=\"og:image\" content=\"https:\/\/goldenclubcabanas.com\/wp-content\/uploads\/2025\/08\/barco-descricao-new-1024x338.jpg\" \/>\n<meta name=\"twitter:card\" content=\"summary_large_image\" \/>\n<meta name=\"twitter:label1\" content=\"Tempo estimado de leitura\" \/>\n\t<meta name=\"twitter:data1\" content=\"1 minuto\" \/>\n<script type=\"application\/ld+json\" class=\"yoast-schema-graph\">{\"@context\":\"https:\/\/schema.org\",\"@graph\":[{\"@type\":\"WebPage\",\"@id\":\"https:\/\/goldenclubcabanas.com\/pt-pt\/visitar-algarve\/de-barco\/\",\"url\":\"https:\/\/goldenclubcabanas.com\/pt-pt\/visitar-algarve\/de-barco\/\",\"name\":\"Passeios de Barco na Ria Formosa | Golden Club Cabanas\",\"isPartOf\":{\"@id\":\"https:\/\/goldenclubcabanas.com\/en\/#website\"},\"primaryImageOfPage\":{\"@id\":\"https:\/\/goldenclubcabanas.com\/pt-pt\/visitar-algarve\/de-barco\/#primaryimage\"},\"image\":{\"@id\":\"https:\/\/goldenclubcabanas.com\/pt-pt\/visitar-algarve\/de-barco\/#primaryimage\"},\"thumbnailUrl\":\"https:\/\/goldenclubcabanas.com\/wp-content\/uploads\/2025\/08\/barco-descricao-new-1024x338.jpg\",\"datePublished\":\"2025-05-06T13:01:40+00:00\",\"dateModified\":\"2025-10-01T16:51:42+00:00\",\"description\":\"Explore as op\u00e7\u00f5es de passeios de barco na Ria formosa: ilhas, fauna e flora. Marque o seu passeio na rece\u00e7\u00e3o e aproveite o melhor do Algarve.\",\"breadcrumb\":{\"@id\":\"https:\/\/goldenclubcabanas.com\/pt-pt\/visitar-algarve\/de-barco\/#breadcrumb\"},\"inLanguage\":\"pt-PT\",\"potentialAction\":[{\"@type\":\"ReadAction\",\"target\":[\"https:\/\/goldenclubcabanas.com\/pt-pt\/visitar-algarve\/de-barco\/\"]}]},{\"@type\":\"ImageObject\",\"inLanguage\":\"pt-PT\",\"@id\":\"https:\/\/goldenclubcabanas.com\/pt-pt\/visitar-algarve\/de-barco\/#primaryimage\",\"url\":\"https:\/\/goldenclubcabanas.com\/wp-content\/uploads\/2025\/08\/barco-descricao-new-1024x338.jpg\",\"contentUrl\":\"https:\/\/goldenclubcabanas.com\/wp-content\/uploads\/2025\/08\/barco-descricao-new-1024x338.jpg\"},{\"@type\":\"BreadcrumbList\",\"@id\":\"https:\/\/goldenclubcabanas.com\/pt-pt\/visitar-algarve\/de-barco\/#breadcrumb\",\"itemListElement\":[{\"@type\":\"ListItem\",\"position\":1,\"name\":\"In\u00edcio\",\"item\":\"https:\/\/goldenclubcabanas.com\/pt-pt\/\"},{\"@type\":\"ListItem\",\"position\":2,\"name\":\"O que Fazer\",\"item\":\"https:\/\/goldenclubcabanas.com\/pt-pt\/visitar-algarve\/\"},{\"@type\":\"ListItem\",\"position\":3,\"name\":\"De barco\"}]},{\"@type\":\"WebSite\",\"@id\":\"https:\/\/goldenclubcabanas.com\/en\/#website\",\"url\":\"https:\/\/goldenclubcabanas.com\/en\/\",\"name\":\"Golden Club Cabanas\",\"description\":\"\",\"potentialAction\":[{\"@type\":\"SearchAction\",\"target\":{\"@type\":\"EntryPoint\",\"urlTemplate\":\"https:\/\/goldenclubcabanas.com\/en\/?s={search_term_string}\"},\"query-input\":{\"@type\":\"PropertyValueSpecification\",\"valueRequired\":true,\"valueName\":\"search_term_string\"}}],\"inLanguage\":\"pt-PT\"}]}<\/script>\n<!-- \/ Yoast SEO Premium plugin. -->","yoast_head_json":{"title":"Passeios de Barco na Ria Formosa | Golden Club Cabanas","description":"Explore as op\u00e7\u00f5es de passeios de barco na Ria formosa: ilhas, fauna e flora. Marque o seu passeio na rece\u00e7\u00e3o e aproveite o melhor do Algarve.","robots":{"index":"index","follow":"follow","max-snippet":"max-snippet:-1","max-image-preview":"max-image-preview:large","max-video-preview":"max-video-preview:-1"},"canonical":"https:\/\/goldenclubcabanas.com\/pt-pt\/visitar-algarve\/de-barco\/","og_locale":"pt_PT","og_type":"article","og_title":"De barco","og_description":"Explore as op\u00e7\u00f5es de passeios de barco na Ria formosa: ilhas, fauna e flora. Marque o seu passeio na rece\u00e7\u00e3o e aproveite o melhor do Algarve.","og_url":"https:\/\/goldenclubcabanas.com\/pt-pt\/visitar-algarve\/de-barco\/","og_site_name":"Golden Club Cabanas Aparthotel Algarve, Portugal","article_modified_time":"2025-10-01T16:51:42+00:00","og_image":[{"url":"https:\/\/goldenclubcabanas.com\/wp-content\/uploads\/2025\/08\/barco-descricao-new-1024x338.jpg","type":"","width":"","height":""}],"twitter_card":"summary_large_image","twitter_misc":{"Tempo estimado de leitura":"1 minuto"},"schema":{"@context":"https:\/\/schema.org","@graph":[{"@type":"WebPage","@id":"https:\/\/goldenclubcabanas.com\/pt-pt\/visitar-algarve\/de-barco\/","url":"https:\/\/goldenclubcabanas.com\/pt-pt\/visitar-algarve\/de-barco\/","name":"Passeios de Barco na Ria Formosa | Golden Club Cabanas","isPartOf":{"@id":"https:\/\/goldenclubcabanas.com\/en\/#website"},"primaryImageOfPage":{"@id":"https:\/\/goldenclubcabanas.com\/pt-pt\/visitar-algarve\/de-barco\/#primaryimage"},"image":{"@id":"https:\/\/goldenclubcabanas.com\/pt-pt\/visitar-algarve\/de-barco\/#primaryimage"},"thumbnailUrl":"https:\/\/goldenclubcabanas.com\/wp-content\/uploads\/2025\/08\/barco-descricao-new-1024x338.jpg","datePublished":"2025-05-06T13:01:40+00:00","dateModified":"2025-10-01T16:51:42+00:00","description":"Explore as op\u00e7\u00f5es de passeios de barco na Ria formosa: ilhas, fauna e flora. Marque o seu passeio na rece\u00e7\u00e3o e aproveite o melhor do Algarve.","breadcrumb":{"@id":"https:\/\/goldenclubcabanas.com\/pt-pt\/visitar-algarve\/de-barco\/#breadcrumb"},"inLanguage":"pt-PT","potentialAction":[{"@type":"ReadAction","target":["https:\/\/goldenclubcabanas.com\/pt-pt\/visitar-algarve\/de-barco\/"]}]},{"@type":"ImageObject","inLanguage":"pt-PT","@id":"https:\/\/goldenclubcabanas.com\/pt-pt\/visitar-algarve\/de-barco\/#primaryimage","url":"https:\/\/goldenclubcabanas.com\/wp-content\/uploads\/2025\/08\/barco-descricao-new-1024x338.jpg","contentUrl":"https:\/\/goldenclubcabanas.com\/wp-content\/uploads\/2025\/08\/barco-descricao-new-1024x338.jpg"},{"@type":"BreadcrumbList","@id":"https:\/\/goldenclubcabanas.com\/pt-pt\/visitar-algarve\/de-barco\/#breadcrumb","itemListElement":[{"@type":"ListItem","position":1,"name":"In\u00edcio","item":"https:\/\/goldenclubcabanas.com\/pt-pt\/"},{"@type":"ListItem","position":2,"name":"O que Fazer","item":"https:\/\/goldenclubcabanas.com\/pt-pt\/visitar-algarve\/"},{"@type":"ListItem","position":3,"name":"De barco"}]},{"@type":"WebSite","@id":"https:\/\/goldenclubcabanas.com\/en\/#website","url":"https:\/\/goldenclubcabanas.com\/en\/","name":"Golden Club Cabanas","description":"","potentialAction":[{"@type":"SearchAction","target":{"@type":"EntryPoint","urlTemplate":"https:\/\/goldenclubcabanas.com\/en\/?s={search_term_string}"},"query-input":{"@type":"PropertyValueSpecification","valueRequired":true,"valueName":"search_term_string"}}],"inLanguage":"pt-PT"}]}},"_links":{"self":[{"href":"https:\/\/goldenclubcabanas.com\/pt-pt\/wp-json\/wp\/v2\/pages\/854","targetHints":{"allow":["GET"]}}],"collection":[{"href":"https:\/\/goldenclubcabanas.com\/pt-pt\/wp-json\/wp\/v2\/pages"}],"about":[{"href":"https:\/\/goldenclubcabanas.com\/pt-pt\/wp-json\/wp\/v2\/types\/page"}],"author":[{"embeddable":true,"href":"https:\/\/goldenclubcabanas.com\/pt-pt\/wp-json\/wp\/v2\/users\/2"}],"replies":[{"embeddable":true,"href":"https:\/\/goldenclubcabanas.com\/pt-pt\/wp-json\/wp\/v2\/comments?post=854"}],"version-history":[{"count":9,"href":"https:\/\/goldenclubcabanas.com\/pt-pt\/wp-json\/wp\/v2\/pages\/854\/revisions"}],"predecessor-version":[{"id":4377,"href":"https:\/\/goldenclubcabanas.com\/pt-pt\/wp-json\/wp\/v2\/pages\/854\/revisions\/4377"}],"up":[{"embeddable":true,"href":"https:\/\/goldenclubcabanas.com\/pt-pt\/wp-json\/wp\/v2\/pages\/881"}],"wp:attachment":[{"href":"https:\/\/goldenclubcabanas.com\/pt-pt\/wp-json\/wp\/v2\/media?parent=854"}],"curies":[{"name":"wp","href":"https:\/\/api.w.org\/{rel}","templated":true}]}}