{"id":881,"date":"2025-05-08T06:05:18","date_gmt":"2025-05-08T06:05:18","guid":{"rendered":"https:\/\/goldenclubcabanas.com\/?page_id=881"},"modified":"2026-02-11T17:12:49","modified_gmt":"2026-02-11T17:12:49","slug":"visitar-algarve","status":"publish","type":"page","link":"https:\/\/goldenclubcabanas.com\/pt-pt\/visitar-algarve\/","title":{"rendered":"O que Fazer"},"content":{"rendered":"\n<div class=\"dng-hero-section gb-element-ab54fcd9\">\n<div class=\"dng-content-section gb-element-8e8456af\">\n<h1 class=\"gb-text lg-font gb-text-1457c445\" data-aos=\"fade-up\" data-aos-anchor-placement=\"top-bottom\" data-aos-duration=\"1500\">O que fazer no Algarve?<\/h1>\n\n\n\n<p class=\"gb-text gb-text-7468fb38 body1\" data-aos-anchor-placement=\"top-bottom\" data-aos=\"fade-up\" data-aos-duration=\"2000\">A partir de Cabanas de Tavira, descubra a Ria Formosa e o Algarve oriental com as nossas excurs\u00f5es, caminhadas e atividades em parceria com parceiros locais.<\/p>\n<\/div>\n\n\n<\/div>\n\n\n\n<div class=\"dng-section-space\">\n<div class=\"dng-content-section no-overflow\">\n<h2 class=\"gb-text dng-mb-20 gb-text-afd17d0d title1\" data-aos=\"fade-up\" data-aos-duration=\"1400\" data-aos-anchor-placement=\"center-bottom\">Parta \u00e0 descoberta do Algarve com fam\u00edlia e amigos!<\/h2>\n\n\n\n<p class=\"gb-text dng-mb-40 gb-text-290087a1 body2\" data-aos=\"fade-up\" data-aos-duration=\"1600\" data-aos-anchor-placement=\"center-bottom\">Explore a natureza, a hist\u00f3ria, os costumes e os sabores do Algarve em passeios de barco, caminhadas ou trilhos de bicicleta. Experi\u00eancias ativas e aut\u00eanticas que revelam o encanto da Ria Formosa e renovam corpo e mente.<br>F\u00e9rias saud\u00e1veis, cheias de energia e boas mem\u00f3rias.<\/p>\n\n\n\n<div class=\"dng-gap-24 gb-element-52e48081\">\n<div class=\"dng-col-3\">\n<figure class=\"wp-block-image\"><img loading=\"lazy\" decoding=\"async\" width=\"1424\" height=\"1424\" src=\"https:\/\/goldenclubcabanas.com\/wp-content\/uploads\/2025\/05\/img-col1.webp\" alt=\"\" class=\"wp-image-898\" srcset=\"https:\/\/goldenclubcabanas.com\/wp-content\/uploads\/2025\/05\/img-col1.webp 1424w, https:\/\/goldenclubcabanas.com\/wp-content\/uploads\/2025\/05\/img-col1-300x300.webp 300w, https:\/\/goldenclubcabanas.com\/wp-content\/uploads\/2025\/05\/img-col1-1024x1024.webp 1024w, https:\/\/goldenclubcabanas.com\/wp-content\/uploads\/2025\/05\/img-col1-150x150.webp 150w, https:\/\/goldenclubcabanas.com\/wp-content\/uploads\/2025\/05\/img-col1-768x768.webp 768w\" sizes=\"auto, (max-width: 1424px) 100vw, 1424px\" \/><\/figure>\n<\/div>\n\n\n\n<div class=\"dng-col-3\">\n<figure class=\"wp-block-image\"><img loading=\"lazy\" decoding=\"async\" width=\"1424\" height=\"1424\" src=\"https:\/\/goldenclubcabanas.com\/wp-content\/uploads\/2025\/05\/img-col2.webp\" alt=\"\" class=\"wp-image-899\" srcset=\"https:\/\/goldenclubcabanas.com\/wp-content\/uploads\/2025\/05\/img-col2.webp 1424w, https:\/\/goldenclubcabanas.com\/wp-content\/uploads\/2025\/05\/img-col2-300x300.webp 300w, https:\/\/goldenclubcabanas.com\/wp-content\/uploads\/2025\/05\/img-col2-1024x1024.webp 1024w, https:\/\/goldenclubcabanas.com\/wp-content\/uploads\/2025\/05\/img-col2-150x150.webp 150w, https:\/\/goldenclubcabanas.com\/wp-content\/uploads\/2025\/05\/img-col2-768x768.webp 768w\" sizes=\"auto, (max-width: 1424px) 100vw, 1424px\" \/><\/figure>\n<\/div>\n\n\n\n<div class=\"dng-col-3\">\n<figure class=\"wp-block-image size-full\"><img loading=\"lazy\" decoding=\"async\" width=\"356\" height=\"356\" src=\"https:\/\/goldenclubcabanas.com\/wp-content\/uploads\/2025\/07\/oquefazer-square-3.jpg\" alt=\"\" class=\"wp-image-3212\" srcset=\"https:\/\/goldenclubcabanas.com\/wp-content\/uploads\/2025\/07\/oquefazer-square-3.jpg 356w, https:\/\/goldenclubcabanas.com\/wp-content\/uploads\/2025\/07\/oquefazer-square-3-300x300.jpg 300w, https:\/\/goldenclubcabanas.com\/wp-content\/uploads\/2025\/07\/oquefazer-square-3-150x150.jpg 150w\" sizes=\"auto, (max-width: 356px) 100vw, 356px\" \/><\/figure>\n<\/div>\n<\/div>\n<\/div>\n<\/div>\n\n\n\n<div class=\"dng-section-padding gb-element-32c43737\">\n<div class=\"dng-content-section gb-element-eaca5965\">\n<div class=\"gb-element-be640041\" data-aos=\"fade-up\" data-aos-duration=\"1800\" data-aos-anchor-placement=\"center-bottom\">\n<div class=\"dng-col-6\">\n<figure class=\"wp-block-image size-full\"><img loading=\"lazy\" decoding=\"async\" width=\"665\" height=\"470\" src=\"https:\/\/goldenclubcabanas.com\/wp-content\/uploads\/2025\/07\/oquefazer-caminhadas.jpg\" alt=\"\" class=\"wp-image-3192\" srcset=\"https:\/\/goldenclubcabanas.com\/wp-content\/uploads\/2025\/07\/oquefazer-caminhadas.jpg 665w, https:\/\/goldenclubcabanas.com\/wp-content\/uploads\/2025\/07\/oquefazer-caminhadas-300x212.jpg 300w\" sizes=\"auto, (max-width: 665px) 100vw, 665px\" \/><\/figure>\n<\/div>\n\n\n\n<div class=\"dng-col-4\">\n<div class=\"dng-padding-left-70 dng-padding-right-60 gb-element-a8d2aa56\">\n<h3 class=\"gb-text\">CAMINHADAS<\/h3>\n\n\n\n<p class=\"gb-text body2\">A partir do Golden Club Cabanas, caminhe pela praia ou explore trilhos junto \u00e0 ria, passando por laranjais e salinas. Uma experi\u00eancia aut\u00eantica para desfrutar ao seu ritmo, perfeita para fam\u00edlia e amigos.<\/p>\n\n\n\n<a class=\"dng-margin-top-20 btn-green-border dng-gpc-btn gb-text-06d5a826 button-text btn-gold-outline dng-button\" href=\"https:\/\/goldenclubcabanas.com\/pt-pt\/visitar-algarve\/caminhadas-sotavento-algarvio\/\"><span class=\"gb-text\">Saber mais<\/span><span class=\"gb-shape\"><svg width=\"50\" height=\"25\" viewBox=\"0 0 24 25\" fill=\"none\" xmlns=\"http:\/\/www.w3.org\/2000\/svg\">\n<path d=\"M23.542 11.392L18.825 6.67505L18.118 7.38205L22.736 12H0V13H22.734L18.117 17.617L18.824 18.324L23.542 13.606C24.152 12.996 24.152 12.002 23.542 11.392Z\" fill=\"#1E1E1E\"><\/path>\n<\/svg>\n<\/span><\/a>\n<\/div>\n<\/div>\n<\/div>\n\n\n\n<div class=\"gb-element-c419a6e6\" data-aos=\"fade-up\" data-aos-duration=\"1800\" data-aos-anchor-placement=\"center-bottom\">\n<div class=\"dng-col-4 gb-element-7286bf2c\">\n<div class=\"dng-padding-left-70 dng-padding-right-60 gb-element-4669fca6\">\n<h3 class=\"gb-text\">CYCLING<\/h3>\n\n\n\n<p class=\"gb-text body2\">Parta do Golden Club Cabanas e pedale por caminhos que cruzam a ria, laranjais e salinas. Descubra a regi\u00e3o de forma ativa e divertida, ideal para explorar com quem mais gosta.<\/p>\n\n\n\n<a class=\"dng-margin-top-20 btn-blue-border dng-gpc-btn gb-text-47d97552 button-text  dng-button btn-gold-outline\" href=\"https:\/\/goldenclubcabanas.com\/pt-pt\/visitar-algarve\/ferias-ciclismo-algarve\/\"><span class=\"gb-text\">Saber mais<\/span><span class=\"gb-shape\"><svg width=\"50\" height=\"25\" viewBox=\"0 0 24 25\" fill=\"none\" xmlns=\"http:\/\/www.w3.org\/2000\/svg\">\n<path d=\"M23.542 11.392L18.825 6.67505L18.118 7.38205L22.736 12H0V13H22.734L18.117 17.617L18.824 18.324L23.542 13.606C24.152 12.996 24.152 12.002 23.542 11.392Z\" fill=\"#1E1E1E\"><\/path>\n<\/svg>\n<\/span><\/a>\n<\/div>\n<\/div>\n\n\n\n<div class=\"dng-col-6\">\n<figure class=\"wp-block-image size-full\"><img loading=\"lazy\" decoding=\"async\" width=\"665\" height=\"470\" src=\"https:\/\/goldenclubcabanas.com\/wp-content\/uploads\/2025\/07\/oquefazer-cycling.jpg\" alt=\"\" class=\"wp-image-3196\" srcset=\"https:\/\/goldenclubcabanas.com\/wp-content\/uploads\/2025\/07\/oquefazer-cycling.jpg 665w, https:\/\/goldenclubcabanas.com\/wp-content\/uploads\/2025\/07\/oquefazer-cycling-300x212.jpg 300w\" sizes=\"auto, (max-width: 665px) 100vw, 665px\" \/><\/figure>\n<\/div>\n<\/div>\n\n\n\n<div class=\"gb-element-e2fa4e45\" data-aos=\"fade-up\" data-aos-duration=\"1800\" data-aos-anchor-placement=\"center-bottom\">\n<div class=\"dng-col-6\">\n<figure class=\"wp-block-image size-full\"><img loading=\"lazy\" decoding=\"async\" width=\"1330\" height=\"940\" src=\"https:\/\/goldenclubcabanas.com\/wp-content\/uploads\/2025\/07\/oquefazer-barco-new.jpg\" alt=\"\" class=\"wp-image-4113\" srcset=\"https:\/\/goldenclubcabanas.com\/wp-content\/uploads\/2025\/07\/oquefazer-barco-new.jpg 1330w, https:\/\/goldenclubcabanas.com\/wp-content\/uploads\/2025\/07\/oquefazer-barco-new-300x212.jpg 300w, https:\/\/goldenclubcabanas.com\/wp-content\/uploads\/2025\/07\/oquefazer-barco-new-1024x724.jpg 1024w, https:\/\/goldenclubcabanas.com\/wp-content\/uploads\/2025\/07\/oquefazer-barco-new-768x543.jpg 768w\" sizes=\"auto, (max-width: 1330px) 100vw, 1330px\" \/><\/figure>\n<\/div>\n\n\n\n<div class=\"dng-col-4\">\n<div class=\"dng-padding-left-70 dng-padding-right-60 gb-element-10d9689e\">\n<h3 class=\"gb-text\">DE BARCO<\/h3>\n\n\n\n<p class=\"gb-text body2\">Explore a Ria Formosa, suas ilhas, canais e a rica fauna do Parque Natural. Navegue connosco e descubra a hist\u00f3ria, a natureza e as aves que tornam esta regi\u00e3o \u00fanica.<\/p>\n\n\n\n<a class=\"dng-margin-top-20 dng-gpc-btn gb-text-132ecbe1 button-text btn-gold-outline dng-button\" href=\"https:\/\/goldenclubcabanas.com\/pt-pt\/visitar-algarve\/de-barco\/\"><span class=\"gb-text\">Saber mais<\/span><span class=\"gb-shape\"><svg width=\"50\" height=\"25\" viewBox=\"0 0 24 25\" fill=\"none\" xmlns=\"http:\/\/www.w3.org\/2000\/svg\">\n<path d=\"M23.542 11.392L18.825 6.67505L18.118 7.38205L22.736 12H0V13H22.734L18.117 17.617L18.824 18.324L23.542 13.606C24.152 12.996 24.152 12.002 23.542 11.392Z\" fill=\"#1E1E1E\"><\/path>\n<\/svg>\n<\/span><\/a>\n<\/div>\n<\/div>\n<\/div>\n\n\n\n<div class=\"gb-element-431e41ab\" data-aos=\"fade-up\" data-aos-duration=\"1800\" data-aos-anchor-placement=\"center-bottom\">\n<div class=\"dng-col-4 gb-element-8f2c562c\">\n<div class=\"dng-padding-left-70 dng-padding-right-60 gb-element-27089470\">\n<h3 class=\"gb-text\">GOLFE<\/h3>\n\n\n\n<p class=\"gb-text\">A poucos minutos do Golden Club Cabanas, descubra v\u00e1rios campos de golfe de 18 buracos com vistas espetaculares para o mar, sapais, laranjais e as ondulantes serras do Algarve.<\/p>\n\n\n\n<a class=\"dng-margin-top-20 btn-green-border dng-gpc-btn gb-text-4dd6ec72 button-text btn-gold-outline  dng-button\" href=\"https:\/\/goldenclubcabanas.com\/pt-pt\/visitar-algarve\/campos-golfe-algarve\/\"><span class=\"gb-text\">Saber mais<\/span><span class=\"gb-shape\"><svg width=\"50\" height=\"25\" viewBox=\"0 0 24 25\" fill=\"none\" xmlns=\"http:\/\/www.w3.org\/2000\/svg\">\n<path d=\"M23.542 11.392L18.825 6.67505L18.118 7.38205L22.736 12H0V13H22.734L18.117 17.617L18.824 18.324L23.542 13.606C24.152 12.996 24.152 12.002 23.542 11.392Z\" fill=\"#1E1E1E\"><\/path>\n<\/svg>\n<\/span><\/a>\n<\/div>\n<\/div>\n\n\n\n<div class=\"dng-col-6\">\n<figure class=\"wp-block-image size-full\"><img loading=\"lazy\" decoding=\"async\" width=\"665\" height=\"470\" src=\"https:\/\/goldenclubcabanas.com\/wp-content\/uploads\/2025\/07\/oquefazer-golfe.jpg\" alt=\"\" class=\"wp-image-3200\" srcset=\"https:\/\/goldenclubcabanas.com\/wp-content\/uploads\/2025\/07\/oquefazer-golfe.jpg 665w, https:\/\/goldenclubcabanas.com\/wp-content\/uploads\/2025\/07\/oquefazer-golfe-300x212.jpg 300w\" sizes=\"auto, (max-width: 665px) 100vw, 665px\" \/><\/figure>\n<\/div>\n<\/div>\n\n\n\n<div class=\"gb-element-1d74bd14\" data-aos=\"fade-up\" data-aos-duration=\"1800\" data-aos-anchor-placement=\"center-bottom\">\n<div class=\"dng-col-6\">\n<figure class=\"wp-block-image size-full\"><img loading=\"lazy\" decoding=\"async\" width=\"665\" height=\"470\" src=\"https:\/\/goldenclubcabanas.com\/wp-content\/uploads\/2025\/07\/oquefazer-birdwatching.jpg\" alt=\"\" class=\"wp-image-3188\" srcset=\"https:\/\/goldenclubcabanas.com\/wp-content\/uploads\/2025\/07\/oquefazer-birdwatching.jpg 665w, https:\/\/goldenclubcabanas.com\/wp-content\/uploads\/2025\/07\/oquefazer-birdwatching-300x212.jpg 300w\" sizes=\"auto, (max-width: 665px) 100vw, 665px\" \/><\/figure>\n<\/div>\n\n\n\n<div class=\"dng-col-4\">\n<div class=\"dng-padding-left-70 dng-padding-right-60 gb-element-b7f0a1a1\">\n<h3 class=\"gb-text\">OBSERVA\u00c7\u00c3O DE AVES<\/h3>\n\n\n\n<p class=\"gb-text body2\">A Ria Formosa \u00e9 um para\u00edso para ornit\u00f3logos e amantes da natureza, que aqui encontram centenas de milhares de aves para observar num cen\u00e1rio \u00fanico.<\/p>\n\n\n\n<a class=\"dng-margin-top-20 btn-blue-border dng-gpc-btn gb-text-5a9bfa09 button-text btn-gold-outline dng-button\" href=\"https:\/\/goldenclubcabanas.com\/pt-pt\/visitar-algarve\/birdwatching\/\"><span class=\"gb-text\">Saber mais<\/span><span class=\"gb-shape\"><svg width=\"50\" height=\"25\" viewBox=\"0 0 24 25\" fill=\"none\" xmlns=\"http:\/\/www.w3.org\/2000\/svg\">\n<path d=\"M23.542 11.392L18.825 6.67505L18.118 7.38205L22.736 12H0V13H22.734L18.117 17.617L18.824 18.324L23.542 13.606C24.152 12.996 24.152 12.002 23.542 11.392Z\" fill=\"#1E1E1E\"><\/path>\n<\/svg>\n<\/span><\/a>\n<\/div>\n<\/div>\n<\/div>\n\n\n\n<div class=\"gb-element-9eb73cc6\" data-aos=\"fade-up\" data-aos-duration=\"1800\" data-aos-anchor-placement=\"center-bottom\">\n<div class=\"dng-col-4 gb-element-4c718016\">\n<div class=\"dng-padding-left-70 dng-padding-right-60 gb-element-9828f55c\">\n<h3 class=\"gb-text\">VILAS E CIDADES HIST\u00d3RICAS<\/h3>\n\n\n\n<p class=\"gb-text\">Explore com passeios guiados as cidades e vilas do Sotavento Algarvio que revelam a hist\u00f3ria viva e as paisagens \u00fanicas desta regi\u00e3o.<\/p>\n\n\n\n<a class=\"dng-margin-top-20 btn-green-border dng-gpc-btn gb-text-ce451ec1 button-text btn-gold-outline  dng-button\" href=\"https:\/\/goldenclubcabanas.com\/pt-pt\/visitar-algarve\/vilas-e-cidades\/\"><span class=\"gb-text\">Saber mais<\/span><span class=\"gb-shape\"><svg width=\"50\" height=\"25\" viewBox=\"0 0 24 25\" fill=\"none\" xmlns=\"http:\/\/www.w3.org\/2000\/svg\">\n<path d=\"M23.542 11.392L18.825 6.67505L18.118 7.38205L22.736 12H0V13H22.734L18.117 17.617L18.824 18.324L23.542 13.606C24.152 12.996 24.152 12.002 23.542 11.392Z\" fill=\"#1E1E1E\"><\/path>\n<\/svg>\n<\/span><\/a>\n<\/div>\n<\/div>\n\n\n\n<div class=\"dng-col-6\">\n<figure class=\"wp-block-image size-full\"><img loading=\"lazy\" decoding=\"async\" width=\"665\" height=\"470\" src=\"https:\/\/goldenclubcabanas.com\/wp-content\/uploads\/2025\/07\/oquefazer-vilas-cidades.jpg\" alt=\"\" class=\"wp-image-3216\" srcset=\"https:\/\/goldenclubcabanas.com\/wp-content\/uploads\/2025\/07\/oquefazer-vilas-cidades.jpg 665w, https:\/\/goldenclubcabanas.com\/wp-content\/uploads\/2025\/07\/oquefazer-vilas-cidades-300x212.jpg 300w\" sizes=\"auto, (max-width: 665px) 100vw, 665px\" \/><\/figure>\n<\/div>\n<\/div>\n<\/div>\n<\/div>\n","protected":false},"excerpt":{"rendered":"<p>O que fazer no Algarve? A partir de Cabanas de Tavira, descubra a Ria Formosa e o Algarve oriental com as nossas excurs\u00f5es, caminhadas e atividades em parceria com parceiros locais. Parta \u00e0 descoberta do Algarve com fam\u00edlia e amigos! Explore a natureza, a hist\u00f3ria, os costumes e os sabores do Algarve em passeios de &#8230; <a title=\"O que Fazer\" class=\"read-more\" href=\"https:\/\/goldenclubcabanas.com\/pt-pt\/visitar-algarve\/\" aria-label=\"Leia mais sobre O que Fazer\">Ler mais<\/a><\/p>\n","protected":false},"author":2,"featured_media":0,"parent":0,"menu_order":85,"comment_status":"closed","ping_status":"closed","template":"","meta":{"_acf_changed":false,"footnotes":""},"class_list":["post-881","page","type-page","status-publish"],"acf":[],"yoast_head":"<!-- This site is optimized with the Yoast SEO Premium plugin v25.9 (Yoast SEO v25.9) - https:\/\/yoast.com\/wordpress\/plugins\/seo\/ -->\n<title>O Que Fazer em Cabanas de Tavira | Golden Club Cabanas<\/title>\n<meta name=\"description\" content=\"Explore o melhor do Sotavento Algarvio! Descubra passeios na Ria Formosa, golfe, ciclismo e as cidades hist\u00f3ricas perto do nosso resort.\" \/>\n<meta name=\"robots\" content=\"index, follow, max-snippet:-1, max-image-preview:large, max-video-preview:-1\" \/>\n<link rel=\"canonical\" href=\"https:\/\/goldenclubcabanas.com\/pt-pt\/visitar-algarve\/\" \/>\n<meta property=\"og:locale\" content=\"pt_PT\" \/>\n<meta property=\"og:type\" content=\"article\" \/>\n<meta property=\"og:title\" content=\"O que Fazer\" \/>\n<meta property=\"og:description\" content=\"Explore o melhor do Sotavento Algarvio! Descubra passeios na Ria Formosa, golfe, ciclismo e as cidades hist\u00f3ricas perto do nosso resort.\" \/>\n<meta property=\"og:url\" content=\"https:\/\/goldenclubcabanas.com\/pt-pt\/visitar-algarve\/\" \/>\n<meta property=\"og:site_name\" content=\"Golden Club Cabanas Aparthotel Algarve, Portugal\" \/>\n<meta property=\"article:modified_time\" content=\"2026-02-11T17:12:49+00:00\" \/>\n<meta property=\"og:image\" content=\"https:\/\/goldenclubcabanas.com\/wp-content\/uploads\/2025\/05\/img-col1.webp\" \/>\n\t<meta property=\"og:image:width\" content=\"1424\" \/>\n\t<meta property=\"og:image:height\" content=\"1424\" \/>\n\t<meta property=\"og:image:type\" content=\"image\/webp\" \/>\n<meta name=\"twitter:card\" content=\"summary_large_image\" \/>\n<meta name=\"twitter:label1\" content=\"Tempo estimado de leitura\" \/>\n\t<meta name=\"twitter:data1\" content=\"4 minutos\" \/>\n<script type=\"application\/ld+json\" class=\"yoast-schema-graph\">{\"@context\":\"https:\/\/schema.org\",\"@graph\":[{\"@type\":\"WebPage\",\"@id\":\"https:\/\/goldenclubcabanas.com\/pt-pt\/visitar-algarve\/\",\"url\":\"https:\/\/goldenclubcabanas.com\/pt-pt\/visitar-algarve\/\",\"name\":\"O Que Fazer em Cabanas de Tavira | Golden Club Cabanas\",\"isPartOf\":{\"@id\":\"https:\/\/goldenclubcabanas.com\/en\/#website\"},\"primaryImageOfPage\":{\"@id\":\"https:\/\/goldenclubcabanas.com\/pt-pt\/visitar-algarve\/#primaryimage\"},\"image\":{\"@id\":\"https:\/\/goldenclubcabanas.com\/pt-pt\/visitar-algarve\/#primaryimage\"},\"thumbnailUrl\":\"https:\/\/goldenclubcabanas.com\/wp-content\/uploads\/2025\/05\/img-col1.webp\",\"datePublished\":\"2025-05-08T06:05:18+00:00\",\"dateModified\":\"2026-02-11T17:12:49+00:00\",\"description\":\"Explore o melhor do Sotavento Algarvio! Descubra passeios na Ria Formosa, golfe, ciclismo e as cidades hist\u00f3ricas perto do nosso resort.\",\"breadcrumb\":{\"@id\":\"https:\/\/goldenclubcabanas.com\/pt-pt\/visitar-algarve\/#breadcrumb\"},\"inLanguage\":\"pt-PT\",\"potentialAction\":[{\"@type\":\"ReadAction\",\"target\":[\"https:\/\/goldenclubcabanas.com\/pt-pt\/visitar-algarve\/\"]}]},{\"@type\":\"ImageObject\",\"inLanguage\":\"pt-PT\",\"@id\":\"https:\/\/goldenclubcabanas.com\/pt-pt\/visitar-algarve\/#primaryimage\",\"url\":\"https:\/\/goldenclubcabanas.com\/wp-content\/uploads\/2025\/05\/img-col1.webp\",\"contentUrl\":\"https:\/\/goldenclubcabanas.com\/wp-content\/uploads\/2025\/05\/img-col1.webp\"},{\"@type\":\"BreadcrumbList\",\"@id\":\"https:\/\/goldenclubcabanas.com\/pt-pt\/visitar-algarve\/#breadcrumb\",\"itemListElement\":[{\"@type\":\"ListItem\",\"position\":1,\"name\":\"In\u00edcio\",\"item\":\"https:\/\/goldenclubcabanas.com\/pt-pt\/\"},{\"@type\":\"ListItem\",\"position\":2,\"name\":\"O que Fazer\"}]},{\"@type\":\"WebSite\",\"@id\":\"https:\/\/goldenclubcabanas.com\/en\/#website\",\"url\":\"https:\/\/goldenclubcabanas.com\/en\/\",\"name\":\"Golden Club Cabanas\",\"description\":\"\",\"potentialAction\":[{\"@type\":\"SearchAction\",\"target\":{\"@type\":\"EntryPoint\",\"urlTemplate\":\"https:\/\/goldenclubcabanas.com\/en\/?s={search_term_string}\"},\"query-input\":{\"@type\":\"PropertyValueSpecification\",\"valueRequired\":true,\"valueName\":\"search_term_string\"}}],\"inLanguage\":\"pt-PT\"}]}<\/script>\n<!-- \/ Yoast SEO Premium plugin. -->","yoast_head_json":{"title":"O Que Fazer em Cabanas de Tavira | Golden Club Cabanas","description":"Explore o melhor do Sotavento Algarvio! Descubra passeios na Ria Formosa, golfe, ciclismo e as cidades hist\u00f3ricas perto do nosso resort.","robots":{"index":"index","follow":"follow","max-snippet":"max-snippet:-1","max-image-preview":"max-image-preview:large","max-video-preview":"max-video-preview:-1"},"canonical":"https:\/\/goldenclubcabanas.com\/pt-pt\/visitar-algarve\/","og_locale":"pt_PT","og_type":"article","og_title":"O que Fazer","og_description":"Explore o melhor do Sotavento Algarvio! Descubra passeios na Ria Formosa, golfe, ciclismo e as cidades hist\u00f3ricas perto do nosso resort.","og_url":"https:\/\/goldenclubcabanas.com\/pt-pt\/visitar-algarve\/","og_site_name":"Golden Club Cabanas Aparthotel Algarve, Portugal","article_modified_time":"2026-02-11T17:12:49+00:00","og_image":[{"width":1424,"height":1424,"url":"https:\/\/goldenclubcabanas.com\/wp-content\/uploads\/2025\/05\/img-col1.webp","type":"image\/webp"}],"twitter_card":"summary_large_image","twitter_misc":{"Tempo estimado de leitura":"4 minutos"},"schema":{"@context":"https:\/\/schema.org","@graph":[{"@type":"WebPage","@id":"https:\/\/goldenclubcabanas.com\/pt-pt\/visitar-algarve\/","url":"https:\/\/goldenclubcabanas.com\/pt-pt\/visitar-algarve\/","name":"O Que Fazer em Cabanas de Tavira | Golden Club Cabanas","isPartOf":{"@id":"https:\/\/goldenclubcabanas.com\/en\/#website"},"primaryImageOfPage":{"@id":"https:\/\/goldenclubcabanas.com\/pt-pt\/visitar-algarve\/#primaryimage"},"image":{"@id":"https:\/\/goldenclubcabanas.com\/pt-pt\/visitar-algarve\/#primaryimage"},"thumbnailUrl":"https:\/\/goldenclubcabanas.com\/wp-content\/uploads\/2025\/05\/img-col1.webp","datePublished":"2025-05-08T06:05:18+00:00","dateModified":"2026-02-11T17:12:49+00:00","description":"Explore o melhor do Sotavento Algarvio! Descubra passeios na Ria Formosa, golfe, ciclismo e as cidades hist\u00f3ricas perto do nosso resort.","breadcrumb":{"@id":"https:\/\/goldenclubcabanas.com\/pt-pt\/visitar-algarve\/#breadcrumb"},"inLanguage":"pt-PT","potentialAction":[{"@type":"ReadAction","target":["https:\/\/goldenclubcabanas.com\/pt-pt\/visitar-algarve\/"]}]},{"@type":"ImageObject","inLanguage":"pt-PT","@id":"https:\/\/goldenclubcabanas.com\/pt-pt\/visitar-algarve\/#primaryimage","url":"https:\/\/goldenclubcabanas.com\/wp-content\/uploads\/2025\/05\/img-col1.webp","contentUrl":"https:\/\/goldenclubcabanas.com\/wp-content\/uploads\/2025\/05\/img-col1.webp"},{"@type":"BreadcrumbList","@id":"https:\/\/goldenclubcabanas.com\/pt-pt\/visitar-algarve\/#breadcrumb","itemListElement":[{"@type":"ListItem","position":1,"name":"In\u00edcio","item":"https:\/\/goldenclubcabanas.com\/pt-pt\/"},{"@type":"ListItem","position":2,"name":"O que Fazer"}]},{"@type":"WebSite","@id":"https:\/\/goldenclubcabanas.com\/en\/#website","url":"https:\/\/goldenclubcabanas.com\/en\/","name":"Golden Club Cabanas","description":"","potentialAction":[{"@type":"SearchAction","target":{"@type":"EntryPoint","urlTemplate":"https:\/\/goldenclubcabanas.com\/en\/?s={search_term_string}"},"query-input":{"@type":"PropertyValueSpecification","valueRequired":true,"valueName":"search_term_string"}}],"inLanguage":"pt-PT"}]}},"_links":{"self":[{"href":"https:\/\/goldenclubcabanas.com\/pt-pt\/wp-json\/wp\/v2\/pages\/881","targetHints":{"allow":["GET"]}}],"collection":[{"href":"https:\/\/goldenclubcabanas.com\/pt-pt\/wp-json\/wp\/v2\/pages"}],"about":[{"href":"https:\/\/goldenclubcabanas.com\/pt-pt\/wp-json\/wp\/v2\/types\/page"}],"author":[{"embeddable":true,"href":"https:\/\/goldenclubcabanas.com\/pt-pt\/wp-json\/wp\/v2\/users\/2"}],"replies":[{"embeddable":true,"href":"https:\/\/goldenclubcabanas.com\/pt-pt\/wp-json\/wp\/v2\/comments?post=881"}],"version-history":[{"count":19,"href":"https:\/\/goldenclubcabanas.com\/pt-pt\/wp-json\/wp\/v2\/pages\/881\/revisions"}],"predecessor-version":[{"id":7564,"href":"https:\/\/goldenclubcabanas.com\/pt-pt\/wp-json\/wp\/v2\/pages\/881\/revisions\/7564"}],"wp:attachment":[{"href":"https:\/\/goldenclubcabanas.com\/pt-pt\/wp-json\/wp\/v2\/media?parent=881"}],"curies":[{"name":"wp","href":"https:\/\/api.w.org\/{rel}","templated":true}]}}