{"id":968,"date":"2025-05-12T09:51:58","date_gmt":"2025-05-12T09:51:58","guid":{"rendered":"https:\/\/goldenclubcabanas.com\/?page_id=968"},"modified":"2025-10-13T11:18:01","modified_gmt":"2025-10-13T11:18:01","slug":"birdwatching","status":"publish","type":"page","link":"https:\/\/goldenclubcabanas.com\/pt-pt\/visitar-algarve\/birdwatching\/","title":{"rendered":"Birdwatching"},"content":{"rendered":"\n<div class=\"dng-hero-section gb-element-46afd053\">\n<div class=\"dng-content-section gb-element-399894b7\">\n<h1 class=\"gb-text lg-font gb-text-092fc453\" data-aos=\"fade-up\" data-aos-anchor-placement=\"top-bottom\" data-aos-duration=\"1500\">Birdwatching na Ria Formosa<\/h1>\n\n\n\n<p class=\"gb-text gb-text-ef0676c9 body1\" data-aos-anchor-placement=\"top-bottom\" data-aos=\"fade-up\" data-aos-duration=\"2000\">A partir do Golden Club Cabanas, observe flamingos, cegonhas e outras aves num dos melhores destinos de birdwatching do Algarve.<\/p>\n<\/div>\n<\/div>\n\n\n\n<div class=\"dng-section-space\">\n<div class=\"dng-content-section no-overflow\">\n<h2 class=\"gb-text gb-text-d10dd055 title1\" data-aos=\"fade-up\" data-aos-duration=\"1000\" data-aos-anchor-placement=\"center-bottom\">A natureza mais perto de si<\/h2>\n\n\n\n<p class=\"gb-text gb-text-e26297b0 body2\" data-aos=\"fade-up\" data-aos-duration=\"1400\" data-aos-anchor-placement=\"center-bottom\">A Ria Formosa \u00e9 um para\u00edso para observadores de aves, com centenas de esp\u00e9cies ao longo do ano. Perto do Golden Club Cabanas, poder\u00e1 avistar gar\u00e7as, flamingos, pernilongos, andorinhas-do-mar e at\u00e9 o raro caim\u00e3o \u2014 ave s\u00edmbolo da ria. Outono e primavera s\u00e3o ideais para observar aves migrat\u00f3rias que passam ou nidificam nesta regi\u00e3o. Um lugar \u00fanico para os amantes da natureza e da fotografia.<\/p>\n\n\n\n<div class=\"gb-element-f9688e02\" data-aos=\"fade-up\" data-aos-duration=\"1600\" data-aos-anchor-placement=\"center-bottom\">\n<figure class=\"wp-block-image size-large  dng-img dng-img-380\"><img loading=\"lazy\" decoding=\"async\" width=\"1024\" height=\"352\" src=\"https:\/\/goldenclubcabanas.com\/wp-content\/uploads\/2025\/07\/birdwatching-separador-1024x352.jpg\" alt=\"\" class=\"wp-image-3381\" style=\"object-fit:cover\" srcset=\"https:\/\/goldenclubcabanas.com\/wp-content\/uploads\/2025\/07\/birdwatching-separador-1024x352.jpg 1024w, https:\/\/goldenclubcabanas.com\/wp-content\/uploads\/2025\/07\/birdwatching-separador-300x103.jpg 300w, https:\/\/goldenclubcabanas.com\/wp-content\/uploads\/2025\/07\/birdwatching-separador-768x264.jpg 768w, https:\/\/goldenclubcabanas.com\/wp-content\/uploads\/2025\/07\/birdwatching-separador-1536x527.jpg 1536w, https:\/\/goldenclubcabanas.com\/wp-content\/uploads\/2025\/07\/birdwatching-separador.jpg 2048w\" sizes=\"auto, (max-width: 1024px) 100vw, 1024px\" \/><\/figure>\n<\/div>\n<\/div>\n<\/div>\n\n\n\r\n<div id=\"dng-c-images-slider-block_52317edaf302d49a6c62aff8417e4f14\" class=\"dng-c-images-slider gcc-section-space\">\r\n            <div class=\"dng-content-section\">\r\n            <div class=\"dng-imgSlider_content overflow-none\">\r\n                                    <h2 class=\"title1\" data-aos=\"fade-up\" data-aos-duration=\"2000\" data-aos-anchor-placement=\"center-bottom\">Caminhe, observe e surpreenda-se<\/h2>\r\n                                    <p class=\"body2\" data-aos=\"fade-up\" data-aos-duration=\"2200\" data-aos-anchor-placement=\"center-bottom\"> N\u00e3o precisa ir longe para avistar esp\u00e9cies incr\u00edveis \u2014 nas margens da ria, nas salinas ou mesmo nos arredores do hotel, \u00e9 poss\u00edvel ver aves em plena atividade. Al\u00e9m da zona de Cabanas, destacam-se tamb\u00e9m locais como a Quinta de Marim (Olh\u00e3o), Quinta do Ludo (Faro) e Castro Marim, ideais para passeios e observa\u00e7\u00e3o de aves. Traga bin\u00f3culos, m\u00e1quina fotogr\u00e1fica e prepare-se para momentos inesquec\u00edveis em contacto com a vida selvagem.<\/p>\r\n                            <\/div>\r\n        <\/div>\r\n                <div class=\"dngImages_slider _leftOffset owl-carousel owl-theme\">\r\n                            <div class=\"dngImages_slider-item\">\r\n                    <img loading=\"lazy\" decoding=\"async\" width=\"1424\" height=\"1536\" src=\"https:\/\/goldenclubcabanas.com\/wp-content\/uploads\/2025\/07\/birdwatching-square-2.jpg\" class=\"attachment-full size-full\" alt=\"\" srcset=\"https:\/\/goldenclubcabanas.com\/wp-content\/uploads\/2025\/07\/birdwatching-square-2.jpg 1424w, https:\/\/goldenclubcabanas.com\/wp-content\/uploads\/2025\/07\/birdwatching-square-2-278x300.jpg 278w, https:\/\/goldenclubcabanas.com\/wp-content\/uploads\/2025\/07\/birdwatching-square-2-949x1024.jpg 949w, https:\/\/goldenclubcabanas.com\/wp-content\/uploads\/2025\/07\/birdwatching-square-2-768x828.jpg 768w\" sizes=\"auto, (max-width: 1424px) 100vw, 1424px\" \/>                <\/div>\r\n                            <div class=\"dngImages_slider-item\">\r\n                    <img loading=\"lazy\" decoding=\"async\" width=\"1424\" height=\"1536\" src=\"https:\/\/goldenclubcabanas.com\/wp-content\/uploads\/2025\/07\/birdwatching-square-3.jpg\" class=\"attachment-full size-full\" alt=\"\" srcset=\"https:\/\/goldenclubcabanas.com\/wp-content\/uploads\/2025\/07\/birdwatching-square-3.jpg 1424w, https:\/\/goldenclubcabanas.com\/wp-content\/uploads\/2025\/07\/birdwatching-square-3-278x300.jpg 278w, https:\/\/goldenclubcabanas.com\/wp-content\/uploads\/2025\/07\/birdwatching-square-3-949x1024.jpg 949w, https:\/\/goldenclubcabanas.com\/wp-content\/uploads\/2025\/07\/birdwatching-square-3-768x828.jpg 768w\" sizes=\"auto, (max-width: 1424px) 100vw, 1424px\" \/>                <\/div>\r\n                            <div class=\"dngImages_slider-item\">\r\n                    <img loading=\"lazy\" decoding=\"async\" width=\"1424\" height=\"1536\" src=\"https:\/\/goldenclubcabanas.com\/wp-content\/uploads\/2025\/07\/birdwatching-square-4.jpg\" class=\"attachment-full size-full\" alt=\"\" srcset=\"https:\/\/goldenclubcabanas.com\/wp-content\/uploads\/2025\/07\/birdwatching-square-4.jpg 1424w, https:\/\/goldenclubcabanas.com\/wp-content\/uploads\/2025\/07\/birdwatching-square-4-278x300.jpg 278w, https:\/\/goldenclubcabanas.com\/wp-content\/uploads\/2025\/07\/birdwatching-square-4-949x1024.jpg 949w, https:\/\/goldenclubcabanas.com\/wp-content\/uploads\/2025\/07\/birdwatching-square-4-768x828.jpg 768w\" sizes=\"auto, (max-width: 1424px) 100vw, 1424px\" \/>                <\/div>\r\n                    <\/div>\r\n    <\/div>\n\n\n<div class=\"gb-element-4c36e57d\">\n<div class=\"dng-content-section no-overflow gb-element-0d7b6767\">\n<div class=\"gb-element-57819e46\">\n<div class=\"gb-element-501d5597\">\n<div class=\"dng-img dng-img-500\">\n<figure class=\"wp-block-image size-full\"><img loading=\"lazy\" decoding=\"async\" width=\"1024\" height=\"533\" src=\"https:\/\/goldenclubcabanas.com\/wp-content\/uploads\/2025\/07\/cta-birdwatching.jpg\" alt=\"\" class=\"wp-image-3397\" srcset=\"https:\/\/goldenclubcabanas.com\/wp-content\/uploads\/2025\/07\/cta-birdwatching.jpg 1024w, https:\/\/goldenclubcabanas.com\/wp-content\/uploads\/2025\/07\/cta-birdwatching-300x156.jpg 300w, https:\/\/goldenclubcabanas.com\/wp-content\/uploads\/2025\/07\/cta-birdwatching-768x400.jpg 768w\" sizes=\"auto, (max-width: 1024px) 100vw, 1024px\" \/><\/figure>\n<\/div>\n<\/div>\n\n\n\n<div class=\"gb-element-a507f400\">\n<h3 class=\"gb-text gb-text-9fb2b344\">Prepare os bin\u00f3culos<\/h3>\n\n\n\n<p class=\"gb-text body2\">Fique no cora\u00e7\u00e3o da Ria Formosa e aproveite as melhores condi\u00e7\u00f5es para observar aves no seu habitat natural, com trilhos a poucos passos.<\/p>\n\n\n\n<a class=\"dng-gpc-btn gb-text-0a553eaf button-text btn-gold-outline dng-button\" href=\"https:\/\/booking.goldenclubcabanas.com\" target=\"_blank\" rel=\"noopener nofollow\"><span class=\"gb-text\">Reservar<\/span><span class=\"gb-shape\"><svg width=\"50\" height=\"25\" viewBox=\"0 0 24 25\" fill=\"none\" xmlns=\"http:\/\/www.w3.org\/2000\/svg\">\n<path d=\"M23.542 11.392L18.825 6.67505L18.118 7.38205L22.736 12H0V13H22.734L18.117 17.617L18.824 18.324L23.542 13.606C24.152 12.996 24.152 12.002 23.542 11.392Z\" fill=\"#1E1E1E\"><\/path>\n<\/svg>\n<\/span><\/a>\n<\/div>\n<\/div>\n<\/div>\n<\/div>\n","protected":false},"excerpt":{"rendered":"<p>Birdwatching na Ria Formosa A partir do Golden Club Cabanas, observe flamingos, cegonhas e outras aves num dos melhores destinos de birdwatching do Algarve. A natureza mais perto de si A Ria Formosa \u00e9 um para\u00edso para observadores de aves, com centenas de esp\u00e9cies ao longo do ano. Perto do Golden Club Cabanas, poder\u00e1 avistar &#8230; <a title=\"Birdwatching\" class=\"read-more\" href=\"https:\/\/goldenclubcabanas.com\/pt-pt\/visitar-algarve\/birdwatching\/\" aria-label=\"Leia mais sobre Birdwatching\">Ler mais<\/a><\/p>\n","protected":false},"author":2,"featured_media":0,"parent":881,"menu_order":17,"comment_status":"closed","ping_status":"closed","template":"","meta":{"_acf_changed":false,"footnotes":""},"class_list":["post-968","page","type-page","status-publish"],"acf":[],"yoast_head":"<!-- This site is optimized with the Yoast SEO Premium plugin v25.9 (Yoast SEO v25.9) - https:\/\/yoast.com\/wordpress\/plugins\/seo\/ -->\n<title>Observa\u00e7\u00e3o de Aves na Ria Formosa | Golden Club Cabanas<\/title>\n<meta name=\"description\" content=\"A Ria Formosa \u00e9 um santu\u00e1rio para aves. Traga os seus bin\u00f3culos e descubra as esp\u00e9cies residentes e migrat\u00f3rias neste para\u00edso natural.\" \/>\n<meta name=\"robots\" content=\"index, follow, max-snippet:-1, max-image-preview:large, max-video-preview:-1\" \/>\n<link rel=\"canonical\" href=\"https:\/\/goldenclubcabanas.com\/pt-pt\/visitar-algarve\/birdwatching\/\" \/>\n<meta property=\"og:locale\" content=\"pt_PT\" \/>\n<meta property=\"og:type\" content=\"article\" \/>\n<meta property=\"og:title\" content=\"Birdwatching\" \/>\n<meta property=\"og:description\" content=\"A Ria Formosa \u00e9 um santu\u00e1rio para aves. Traga os seus bin\u00f3culos e descubra as esp\u00e9cies residentes e migrat\u00f3rias neste para\u00edso natural.\" \/>\n<meta property=\"og:url\" content=\"https:\/\/goldenclubcabanas.com\/pt-pt\/visitar-algarve\/birdwatching\/\" \/>\n<meta property=\"og:site_name\" content=\"Golden Club Cabanas Aparthotel Algarve, Portugal\" \/>\n<meta property=\"article:modified_time\" content=\"2025-10-13T11:18:01+00:00\" \/>\n<meta property=\"og:image\" content=\"https:\/\/goldenclubcabanas.com\/wp-content\/uploads\/2025\/07\/birdwatching-separador.jpg\" \/>\n\t<meta property=\"og:image:width\" content=\"2048\" \/>\n\t<meta property=\"og:image:height\" content=\"703\" \/>\n\t<meta property=\"og:image:type\" content=\"image\/jpeg\" \/>\n<meta name=\"twitter:card\" content=\"summary_large_image\" \/>\n<meta name=\"twitter:label1\" content=\"Tempo estimado de leitura\" \/>\n\t<meta name=\"twitter:data1\" content=\"2 minutos\" \/>\n<script type=\"application\/ld+json\" class=\"yoast-schema-graph\">{\"@context\":\"https:\/\/schema.org\",\"@graph\":[{\"@type\":\"WebPage\",\"@id\":\"https:\/\/goldenclubcabanas.com\/pt-pt\/visitar-algarve\/birdwatching\/\",\"url\":\"https:\/\/goldenclubcabanas.com\/pt-pt\/visitar-algarve\/birdwatching\/\",\"name\":\"Observa\u00e7\u00e3o de Aves na Ria Formosa | Golden Club Cabanas\",\"isPartOf\":{\"@id\":\"https:\/\/goldenclubcabanas.com\/en\/#website\"},\"primaryImageOfPage\":{\"@id\":\"https:\/\/goldenclubcabanas.com\/pt-pt\/visitar-algarve\/birdwatching\/#primaryimage\"},\"image\":{\"@id\":\"https:\/\/goldenclubcabanas.com\/pt-pt\/visitar-algarve\/birdwatching\/#primaryimage\"},\"thumbnailUrl\":\"https:\/\/goldenclubcabanas.com\/wp-content\/uploads\/2025\/07\/birdwatching-separador-1024x352.jpg\",\"datePublished\":\"2025-05-12T09:51:58+00:00\",\"dateModified\":\"2025-10-13T11:18:01+00:00\",\"description\":\"A Ria Formosa \u00e9 um santu\u00e1rio para aves. Traga os seus bin\u00f3culos e descubra as esp\u00e9cies residentes e migrat\u00f3rias neste para\u00edso natural.\",\"breadcrumb\":{\"@id\":\"https:\/\/goldenclubcabanas.com\/pt-pt\/visitar-algarve\/birdwatching\/#breadcrumb\"},\"inLanguage\":\"pt-PT\",\"potentialAction\":[{\"@type\":\"ReadAction\",\"target\":[\"https:\/\/goldenclubcabanas.com\/pt-pt\/visitar-algarve\/birdwatching\/\"]}]},{\"@type\":\"ImageObject\",\"inLanguage\":\"pt-PT\",\"@id\":\"https:\/\/goldenclubcabanas.com\/pt-pt\/visitar-algarve\/birdwatching\/#primaryimage\",\"url\":\"https:\/\/goldenclubcabanas.com\/wp-content\/uploads\/2025\/07\/birdwatching-separador-1024x352.jpg\",\"contentUrl\":\"https:\/\/goldenclubcabanas.com\/wp-content\/uploads\/2025\/07\/birdwatching-separador-1024x352.jpg\"},{\"@type\":\"BreadcrumbList\",\"@id\":\"https:\/\/goldenclubcabanas.com\/pt-pt\/visitar-algarve\/birdwatching\/#breadcrumb\",\"itemListElement\":[{\"@type\":\"ListItem\",\"position\":1,\"name\":\"In\u00edcio\",\"item\":\"https:\/\/goldenclubcabanas.com\/pt-pt\/\"},{\"@type\":\"ListItem\",\"position\":2,\"name\":\"O que Fazer\",\"item\":\"https:\/\/goldenclubcabanas.com\/pt-pt\/visitar-algarve\/\"},{\"@type\":\"ListItem\",\"position\":3,\"name\":\"Birdwatching\"}]},{\"@type\":\"WebSite\",\"@id\":\"https:\/\/goldenclubcabanas.com\/en\/#website\",\"url\":\"https:\/\/goldenclubcabanas.com\/en\/\",\"name\":\"Golden Club Cabanas\",\"description\":\"\",\"potentialAction\":[{\"@type\":\"SearchAction\",\"target\":{\"@type\":\"EntryPoint\",\"urlTemplate\":\"https:\/\/goldenclubcabanas.com\/en\/?s={search_term_string}\"},\"query-input\":{\"@type\":\"PropertyValueSpecification\",\"valueRequired\":true,\"valueName\":\"search_term_string\"}}],\"inLanguage\":\"pt-PT\"}]}<\/script>\n<!-- \/ Yoast SEO Premium plugin. -->","yoast_head_json":{"title":"Observa\u00e7\u00e3o de Aves na Ria Formosa | Golden Club Cabanas","description":"A Ria Formosa \u00e9 um santu\u00e1rio para aves. Traga os seus bin\u00f3culos e descubra as esp\u00e9cies residentes e migrat\u00f3rias neste para\u00edso natural.","robots":{"index":"index","follow":"follow","max-snippet":"max-snippet:-1","max-image-preview":"max-image-preview:large","max-video-preview":"max-video-preview:-1"},"canonical":"https:\/\/goldenclubcabanas.com\/pt-pt\/visitar-algarve\/birdwatching\/","og_locale":"pt_PT","og_type":"article","og_title":"Birdwatching","og_description":"A Ria Formosa \u00e9 um santu\u00e1rio para aves. Traga os seus bin\u00f3culos e descubra as esp\u00e9cies residentes e migrat\u00f3rias neste para\u00edso natural.","og_url":"https:\/\/goldenclubcabanas.com\/pt-pt\/visitar-algarve\/birdwatching\/","og_site_name":"Golden Club Cabanas Aparthotel Algarve, Portugal","article_modified_time":"2025-10-13T11:18:01+00:00","og_image":[{"width":2048,"height":703,"url":"https:\/\/goldenclubcabanas.com\/wp-content\/uploads\/2025\/07\/birdwatching-separador.jpg","type":"image\/jpeg"}],"twitter_card":"summary_large_image","twitter_misc":{"Tempo estimado de leitura":"2 minutos"},"schema":{"@context":"https:\/\/schema.org","@graph":[{"@type":"WebPage","@id":"https:\/\/goldenclubcabanas.com\/pt-pt\/visitar-algarve\/birdwatching\/","url":"https:\/\/goldenclubcabanas.com\/pt-pt\/visitar-algarve\/birdwatching\/","name":"Observa\u00e7\u00e3o de Aves na Ria Formosa | Golden Club Cabanas","isPartOf":{"@id":"https:\/\/goldenclubcabanas.com\/en\/#website"},"primaryImageOfPage":{"@id":"https:\/\/goldenclubcabanas.com\/pt-pt\/visitar-algarve\/birdwatching\/#primaryimage"},"image":{"@id":"https:\/\/goldenclubcabanas.com\/pt-pt\/visitar-algarve\/birdwatching\/#primaryimage"},"thumbnailUrl":"https:\/\/goldenclubcabanas.com\/wp-content\/uploads\/2025\/07\/birdwatching-separador-1024x352.jpg","datePublished":"2025-05-12T09:51:58+00:00","dateModified":"2025-10-13T11:18:01+00:00","description":"A Ria Formosa \u00e9 um santu\u00e1rio para aves. Traga os seus bin\u00f3culos e descubra as esp\u00e9cies residentes e migrat\u00f3rias neste para\u00edso natural.","breadcrumb":{"@id":"https:\/\/goldenclubcabanas.com\/pt-pt\/visitar-algarve\/birdwatching\/#breadcrumb"},"inLanguage":"pt-PT","potentialAction":[{"@type":"ReadAction","target":["https:\/\/goldenclubcabanas.com\/pt-pt\/visitar-algarve\/birdwatching\/"]}]},{"@type":"ImageObject","inLanguage":"pt-PT","@id":"https:\/\/goldenclubcabanas.com\/pt-pt\/visitar-algarve\/birdwatching\/#primaryimage","url":"https:\/\/goldenclubcabanas.com\/wp-content\/uploads\/2025\/07\/birdwatching-separador-1024x352.jpg","contentUrl":"https:\/\/goldenclubcabanas.com\/wp-content\/uploads\/2025\/07\/birdwatching-separador-1024x352.jpg"},{"@type":"BreadcrumbList","@id":"https:\/\/goldenclubcabanas.com\/pt-pt\/visitar-algarve\/birdwatching\/#breadcrumb","itemListElement":[{"@type":"ListItem","position":1,"name":"In\u00edcio","item":"https:\/\/goldenclubcabanas.com\/pt-pt\/"},{"@type":"ListItem","position":2,"name":"O que Fazer","item":"https:\/\/goldenclubcabanas.com\/pt-pt\/visitar-algarve\/"},{"@type":"ListItem","position":3,"name":"Birdwatching"}]},{"@type":"WebSite","@id":"https:\/\/goldenclubcabanas.com\/en\/#website","url":"https:\/\/goldenclubcabanas.com\/en\/","name":"Golden Club Cabanas","description":"","potentialAction":[{"@type":"SearchAction","target":{"@type":"EntryPoint","urlTemplate":"https:\/\/goldenclubcabanas.com\/en\/?s={search_term_string}"},"query-input":{"@type":"PropertyValueSpecification","valueRequired":true,"valueName":"search_term_string"}}],"inLanguage":"pt-PT"}]}},"_links":{"self":[{"href":"https:\/\/goldenclubcabanas.com\/pt-pt\/wp-json\/wp\/v2\/pages\/968","targetHints":{"allow":["GET"]}}],"collection":[{"href":"https:\/\/goldenclubcabanas.com\/pt-pt\/wp-json\/wp\/v2\/pages"}],"about":[{"href":"https:\/\/goldenclubcabanas.com\/pt-pt\/wp-json\/wp\/v2\/types\/page"}],"author":[{"embeddable":true,"href":"https:\/\/goldenclubcabanas.com\/pt-pt\/wp-json\/wp\/v2\/users\/2"}],"replies":[{"embeddable":true,"href":"https:\/\/goldenclubcabanas.com\/pt-pt\/wp-json\/wp\/v2\/comments?post=968"}],"version-history":[{"count":8,"href":"https:\/\/goldenclubcabanas.com\/pt-pt\/wp-json\/wp\/v2\/pages\/968\/revisions"}],"predecessor-version":[{"id":6657,"href":"https:\/\/goldenclubcabanas.com\/pt-pt\/wp-json\/wp\/v2\/pages\/968\/revisions\/6657"}],"up":[{"embeddable":true,"href":"https:\/\/goldenclubcabanas.com\/pt-pt\/wp-json\/wp\/v2\/pages\/881"}],"wp:attachment":[{"href":"https:\/\/goldenclubcabanas.com\/pt-pt\/wp-json\/wp\/v2\/media?parent=968"}],"curies":[{"name":"wp","href":"https:\/\/api.w.org\/{rel}","templated":true}]}}