{"id":974,"date":"2025-05-12T12:25:04","date_gmt":"2025-05-12T12:25:04","guid":{"rendered":"https:\/\/goldenclubcabanas.com\/?page_id=974"},"modified":"2025-10-23T07:37:19","modified_gmt":"2025-10-23T07:37:19","slug":"promocoes-algarve","status":"publish","type":"page","link":"https:\/\/goldenclubcabanas.com\/pt-pt\/promocoes-algarve\/","title":{"rendered":"Ofertas Especiais"},"content":{"rendered":"\n<div class=\"dng-hero-section gb-element-536236e5\">\n<div class=\"dng-content-section gb-element-8a27e51b\">\n<h1 class=\"gb-text lg-font gb-text-43e7a1fd\" data-aos=\"fade-up\" data-aos-anchor-placement=\"top-bottom\" data-aos-duration=\"1500\">Ofertas especiais para f\u00e9rias no Algarve<\/h1>\n\n\n\n<p class=\"gb-text gb-text-b1cd713a body1\" data-aos-anchor-placement=\"top-bottom\" data-aos=\"fade-up\" data-aos-duration=\"2000\">Aproveite descontos exclusivos e condi\u00e7\u00f5es \u00fanicas para reservar a sua pr\u00f3xima escapadinha no Golden Club Cabanas.<\/p>\n<\/div>\n<\/div>\n\n\n\n<div class=\"gb-element-20dfa7bb\">\n<div class=\"dng-content-section\">\n<h2 class=\"gb-text gb-text-82300738\" data-aos=\"fade-up\" data-aos-duration=\"2200\">Promo\u00e7\u00f5es pensadas para si<\/h2>\n\n\n\n<p class=\"gb-text gb-text-c5618201 body2\" data-aos=\"fade-up\" data-aos-duration=\"2200\">Descubra as nossas ofertas especiais para f\u00e9rias no Algarve, com pacotes para fam\u00edlias, estadias prolongadas, escapadinhas a dois e muito mais. Tudo para que desfrute de conforto e vantagens ao melhor pre\u00e7o.<\/p>\n\n\n\n<div class=\"gb-element-5570743c\"><div class='dng-offer-posts'>\n<div class=\"offer-card\" data-aos=\"fade-up\" data-aos-duration=\"2000\" data-aos-achor-placement=\"center bottom\">\n    <div class=\"offer-card__image\">\n        <a href=\"https:\/\/goldenclubcabanas.com\/pt-pt\/promocoes-algarve\/escapadinha-primavera-algarve\/\" aria-label=\"Escapadinha de Primavera no Algarve\">\n                            <img loading=\"lazy\" decoding=\"async\" width=\"1120\" height=\"550\" src=\"https:\/\/goldenclubcabanas.com\/wp-content\/uploads\/2026\/04\/promo-primavera-golden-2.webp\" class=\"offer-card__thumbnail wp-post-image\" alt=\"Escapadinha de Primavera no Algarve\" srcset=\"https:\/\/goldenclubcabanas.com\/wp-content\/uploads\/2026\/04\/promo-primavera-golden-2.webp 1120w, https:\/\/goldenclubcabanas.com\/wp-content\/uploads\/2026\/04\/promo-primavera-golden-2-300x147.webp 300w, https:\/\/goldenclubcabanas.com\/wp-content\/uploads\/2026\/04\/promo-primavera-golden-2-1024x503.webp 1024w, https:\/\/goldenclubcabanas.com\/wp-content\/uploads\/2026\/04\/promo-primavera-golden-2-768x377.webp 768w\" sizes=\"auto, (max-width: 1120px) 100vw, 1120px\" \/>                    <\/a>\n        <div class=\"offer-badge green-badge\">\n                            <span class=\"offer-badge-text color-white caption\">at\u00e9<\/span>\n                        <span class=\"title1 color-white\">20%<\/span>\n                            <span class=\"offer-badge-text color-white caption\">de desconto<\/span>\n                    <\/div>\n    <\/div>\n\n    <div class=\"offer-card__content\">\n        <div class=\"offer-card__content-inner\">\n            <span class=\"offer-card__date overline color-black\">24 Abril 2026 - 31 Maio 2026<\/span>\n            <h3 class=\"offer-card__title title2\">Escapadinha de Primavera no Algarve<\/h3>\n                            <p class=\"offer-card__description color-black\">\n                    Reserve a sua escapadinha de primavera no Algarve                <\/p>\n                        <a href=\"https:\/\/goldenclubcabanas.com\/pt-pt\/promocoes-algarve\/escapadinha-primavera-algarve\/\" class=\"dng-button btn-green-outline button-text aos-init aos-animate offer-card__cta\">\n                Quero saber mais                <svg class=\"btn__icon\" width=\"24\" height=\"25\" viewBox=\"0 0 24 25\" fill=\"none\" xmlns=\"http:\/\/www.w3.org\/2000\/svg\" aria-hidden=\"true\">\n                    <path d=\"M23.542 11.392L18.825 6.67505L18.118 7.38205L22.736 12H0V13H22.734L18.117 17.617L18.824 18.324L23.542 13.606C24.152 12.996 24.152 12.002 23.542 11.392Z\" fill=\"#1E1E1E\"><\/path>\n                <\/svg>\n            <\/a>\n        <\/div>\n    <\/div>\n<\/div>\n\n<div class=\"offer-card\" data-aos=\"fade-up\" data-aos-duration=\"2000\" data-aos-achor-placement=\"center bottom\">\n    <div class=\"offer-card__image\">\n        <a href=\"https:\/\/goldenclubcabanas.com\/pt-pt\/promocoes-algarve\/oferta-especial-verao\/\" aria-label=\"Oferta Especial de Ver\u00e3o\">\n                            <img loading=\"lazy\" decoding=\"async\" width=\"1120\" height=\"550\" src=\"https:\/\/goldenclubcabanas.com\/wp-content\/uploads\/2025\/04\/ferias-verao-algarve.jpg\" class=\"offer-card__thumbnail wp-post-image\" alt=\"Oferta Especial de Ver\u00e3o\" srcset=\"https:\/\/goldenclubcabanas.com\/wp-content\/uploads\/2025\/04\/ferias-verao-algarve.jpg 1120w, https:\/\/goldenclubcabanas.com\/wp-content\/uploads\/2025\/04\/ferias-verao-algarve-300x147.jpg 300w, https:\/\/goldenclubcabanas.com\/wp-content\/uploads\/2025\/04\/ferias-verao-algarve-1024x503.jpg 1024w, https:\/\/goldenclubcabanas.com\/wp-content\/uploads\/2025\/04\/ferias-verao-algarve-768x377.jpg 768w\" sizes=\"auto, (max-width: 1120px) 100vw, 1120px\" \/>                    <\/a>\n        <div class=\"offer-badge blue-badge\">\n                            <span class=\"offer-badge-text color-white caption\">at\u00e9<\/span>\n                        <span class=\"title1 color-white\">20%<\/span>\n                            <span class=\"offer-badge-text color-white caption\">de desconto<\/span>\n                    <\/div>\n    <\/div>\n\n    <div class=\"offer-card__content\">\n        <div class=\"offer-card__content-inner\">\n            <span class=\"offer-card__date overline color-black\">1 Junho 2026 - 30 Setembro 2026<\/span>\n            <h3 class=\"offer-card__title title2\">Oferta Especial de Ver\u00e3o<\/h3>\n                            <p class=\"offer-card__description color-black\">\n                    Viva as melhores f\u00e9rias de ver\u00e3o no Algarve no Golden Club Cabanas!\r\n                <\/p>\n                        <a href=\"https:\/\/goldenclubcabanas.com\/pt-pt\/promocoes-algarve\/oferta-especial-verao\/\" class=\"dng-button btn-blue-outline button-text aos-init aos-animate offer-card__cta\">\n                Quero saber mais                <svg class=\"btn__icon\" width=\"24\" height=\"25\" viewBox=\"0 0 24 25\" fill=\"none\" xmlns=\"http:\/\/www.w3.org\/2000\/svg\" aria-hidden=\"true\">\n                    <path d=\"M23.542 11.392L18.825 6.67505L18.118 7.38205L22.736 12H0V13H22.734L18.117 17.617L18.824 18.324L23.542 13.606C24.152 12.996 24.152 12.002 23.542 11.392Z\" fill=\"#1E1E1E\"><\/path>\n                <\/svg>\n            <\/a>\n        <\/div>\n    <\/div>\n<\/div>\n\n<div class=\"offer-card\" data-aos=\"fade-up\" data-aos-duration=\"2000\" data-aos-achor-placement=\"center bottom\">\n    <div class=\"offer-card__image\">\n        <a href=\"https:\/\/goldenclubcabanas.com\/pt-pt\/promocoes-algarve\/estadias-longas\/\" aria-label=\"Estadias Longas\">\n                            <img loading=\"lazy\" decoding=\"async\" width=\"1520\" height=\"950\" src=\"https:\/\/goldenclubcabanas.com\/wp-content\/uploads\/2025\/04\/estadias-longas-1.webp\" class=\"offer-card__thumbnail wp-post-image\" alt=\"Estadias Longas\" srcset=\"https:\/\/goldenclubcabanas.com\/wp-content\/uploads\/2025\/04\/estadias-longas-1.webp 1520w, https:\/\/goldenclubcabanas.com\/wp-content\/uploads\/2025\/04\/estadias-longas-1-300x188.webp 300w, https:\/\/goldenclubcabanas.com\/wp-content\/uploads\/2025\/04\/estadias-longas-1-1024x640.webp 1024w, https:\/\/goldenclubcabanas.com\/wp-content\/uploads\/2025\/04\/estadias-longas-1-768x480.webp 768w\" sizes=\"auto, (max-width: 1520px) 100vw, 1520px\" \/>                    <\/a>\n        <div class=\"offer-badge gold-badge\">\n                            <span class=\"offer-badge-text color-white caption\">desde<\/span>\n                        <span class=\"title1 color-white\">28\u20ac<\/span>\n                            <span class=\"offer-badge-text color-white caption\">por apartamento\/noite<\/span>\n                    <\/div>\n    <\/div>\n\n    <div class=\"offer-card__content\">\n        <div class=\"offer-card__content-inner\">\n            <span class=\"offer-card__date overline color-black\">1 Outubro 2025 - 31 Maio 2026<\/span>\n            <h3 class=\"offer-card__title title2\">Estadias Longas<\/h3>\n                            <p class=\"offer-card__description color-black\">\n                    Desfrute do clima ameno do Algarve em pleno Parque Natural da Ria Formosa.                <\/p>\n                        <a href=\"https:\/\/goldenclubcabanas.com\/pt-pt\/promocoes-algarve\/estadias-longas\/\" class=\"dng-button btn-gold-outline button-text aos-init aos-animate offer-card__cta\">\n                Quero saber mais                <svg class=\"btn__icon\" width=\"24\" height=\"25\" viewBox=\"0 0 24 25\" fill=\"none\" xmlns=\"http:\/\/www.w3.org\/2000\/svg\" aria-hidden=\"true\">\n                    <path d=\"M23.542 11.392L18.825 6.67505L18.118 7.38205L22.736 12H0V13H22.734L18.117 17.617L18.824 18.324L23.542 13.606C24.152 12.996 24.152 12.002 23.542 11.392Z\" fill=\"#1E1E1E\"><\/path>\n                <\/svg>\n            <\/a>\n        <\/div>\n    <\/div>\n<\/div>\n<\/div><div class=\"special-offers-pagination dng-pagination\"><\/div>\n<\/div>\n<\/div>\n<\/div>\n\n\n\n<div class=\"gb-element-f1789d1f\">\n<img loading=\"lazy\" decoding=\"async\" width=\"1440\" height=\"517\" class=\"gb-media-f1944823\" src=\"https:\/\/goldenclubcabanas.com\/wp-content\/uploads\/2025\/03\/Mask-group-2.png\" title=\"Mask group (2)\" srcset=\"https:\/\/goldenclubcabanas.com\/wp-content\/uploads\/2025\/03\/Mask-group-2.png 1440w, https:\/\/goldenclubcabanas.com\/wp-content\/uploads\/2025\/03\/Mask-group-2-300x108.png 300w, https:\/\/goldenclubcabanas.com\/wp-content\/uploads\/2025\/03\/Mask-group-2-1024x368.png 1024w, https:\/\/goldenclubcabanas.com\/wp-content\/uploads\/2025\/03\/Mask-group-2-768x276.png 768w\" sizes=\"auto, (max-width: 1440px) 100vw, 1440px\" \/>\n\n\n\n<div class=\"no-overflow gb-element-2e17c4be\">\n<div class=\"gb-element-302b37dd\" data-aos=\"fade-up\" data-aos-duration=\"1000\" data-aos-anchor-placement=\"center-bottom\" data-aos-delay=\"300\">\n<div class=\"gb-element-16be0453\">\n<div class=\"gb-element-c8b7b377\">\n<span class=\"gb-text gb-text-d099f24a overline\">REDES SOCIAIS<\/span>\n\n\n\n<p class=\"gb-text gb-text-ddb46484 title1\">Stay Golden, Stay with Us<\/p>\n<\/div>\n\n\n\n<div class=\"gb-element-39d9c212\">\n<p class=\"gb-text gb-text-d90f44b8 body2\">Siga-nos nas redes sociais e conhe\u00e7a ainda melhor o nosso resort.<\/p>\n\n\n\n<div class=\"gb-element-d4c97b61\">\n<a class=\"gb-text gb-text-32de12a6\" href=\"https:\/\/www.facebook.com\/golden.club.cabanas\" target=\"_blank\" rel=\"noopener\"><\/a>\n\n\n\n<a class=\"gb-text gb-text-fb2bee6d\" href=\"https:\/\/www.instagram.com\/goldenclubcabanas\/\" target=\"_blank\" rel=\"noopener\"><\/a>\n\n\n\n<a class=\"gb-text gb-text-a70e33fe\" href=\"https:\/\/www.linkedin.com\/company\/goldenclubcabanas\/\" target=\"_blank\" rel=\"noopener\"><\/a>\n\n\n\n<a class=\"gb-text gb-text-3ceba00c\" href=\"https:\/\/www.youtube.com\/goldenclubcabanas\" target=\"_blank\" rel=\"noopener\"><\/a>\n\n\n\n<a class=\"gb-text gb-text-38c8ab24\" href=\"https:\/\/x.com\/goldencabanas\/\" target=\"_blank\" rel=\"noopener\"><\/a>\n\n\n\n<a class=\"gb-text gb-text-d85fd7ff\" href=\"https:\/\/pt.pinterest.com\/golden_club\/\" target=\"_blank\" rel=\"noopener\"><\/a>\n\n\n\n<a class=\"gb-text gb-text-c349d08c\" href=\"https:\/\/www.tripadvisor.pt\/Hotel_Review-g1146788-d286998-Reviews-Golden_Club_Cabanas-Cabanas_Tavira_Faro_District_Algarve.html\" target=\"_blank\" rel=\"noopener\"><\/a>\n\n\n\n<a class=\"gb-text gb-text-b30d1697\" href=\"https:\/\/www.tiktok.com\/@golden.club.cabanas\" target=\"_blank\" rel=\"noopener\"><\/a>\n<\/div>\n<\/div>\n<\/div>\n<\/div>\n<\/div>\n<\/div>\n","protected":false},"excerpt":{"rendered":"<p>Ofertas especiais para f\u00e9rias no Algarve Aproveite descontos exclusivos e condi\u00e7\u00f5es \u00fanicas para reservar a sua pr\u00f3xima escapadinha no Golden Club Cabanas. Promo\u00e7\u00f5es pensadas para si Descubra as nossas ofertas especiais para f\u00e9rias no Algarve, com pacotes para fam\u00edlias, estadias prolongadas, escapadinhas a dois e muito mais. Tudo para que desfrute de conforto e vantagens &#8230; <a title=\"Estadias Longas\" class=\"read-more\" href=\"https:\/\/goldenclubcabanas.com\/pt-pt\/promocoes-algarve\/estadias-longas\/\" aria-label=\"Leia mais sobre Estadias Longas\">Ler mais<\/a><\/p>\n","protected":false},"author":2,"featured_media":0,"parent":0,"menu_order":92,"comment_status":"closed","ping_status":"closed","template":"","meta":{"_acf_changed":false,"footnotes":""},"class_list":["post-974","page","type-page","status-publish","hentry"],"acf":[],"yoast_head":"<!-- This site is optimized with the Yoast SEO Premium plugin v25.9 (Yoast SEO v25.9) - https:\/\/yoast.com\/wordpress\/plugins\/seo\/ -->\n<title>Ofertas Especiais e Promo\u00e7\u00f5es | Golden Club Cabanas<\/title>\n<meta name=\"description\" content=\"Aproveite as nossas ofertas exclusivas e pacotes de f\u00e9rias no Algarve. Reserve com anteced\u00eancia e garanta o melhor pre\u00e7o para a sua estadia.\" \/>\n<meta name=\"robots\" content=\"index, follow, max-snippet:-1, max-image-preview:large, max-video-preview:-1\" \/>\n<link rel=\"canonical\" href=\"https:\/\/goldenclubcabanas.com\/pt-pt\/promocoes-algarve\/\" \/>\n<meta property=\"og:locale\" content=\"pt_PT\" \/>\n<meta property=\"og:type\" content=\"article\" \/>\n<meta property=\"og:title\" content=\"Ofertas Especiais\" \/>\n<meta property=\"og:description\" content=\"Aproveite as nossas ofertas exclusivas e pacotes de f\u00e9rias no Algarve. Reserve com anteced\u00eancia e garanta o melhor pre\u00e7o para a sua estadia.\" \/>\n<meta property=\"og:url\" content=\"https:\/\/goldenclubcabanas.com\/pt-pt\/promocoes-algarve\/\" \/>\n<meta property=\"og:site_name\" content=\"Golden Club Cabanas Aparthotel Algarve, Portugal\" \/>\n<meta property=\"article:modified_time\" content=\"2025-10-23T07:37:19+00:00\" \/>\n<meta property=\"og:image\" content=\"https:\/\/goldenclubcabanas.com\/wp-content\/uploads\/2025\/03\/Mask-group-2.png\" \/>\n<meta name=\"twitter:card\" content=\"summary_large_image\" \/>\n<meta name=\"twitter:label1\" content=\"Tempo estimado de leitura\" \/>\n\t<meta name=\"twitter:data1\" content=\"1 minuto\" \/>\n<script type=\"application\/ld+json\" class=\"yoast-schema-graph\">{\"@context\":\"https:\/\/schema.org\",\"@graph\":[{\"@type\":\"WebPage\",\"@id\":\"https:\/\/goldenclubcabanas.com\/pt-pt\/promocoes-algarve\/\",\"url\":\"https:\/\/goldenclubcabanas.com\/pt-pt\/promocoes-algarve\/\",\"name\":\"Ofertas Especiais e Promo\u00e7\u00f5es | Golden Club Cabanas\",\"isPartOf\":{\"@id\":\"https:\/\/goldenclubcabanas.com\/en\/#website\"},\"primaryImageOfPage\":{\"@id\":\"https:\/\/goldenclubcabanas.com\/pt-pt\/promocoes-algarve\/#primaryimage\"},\"image\":{\"@id\":\"https:\/\/goldenclubcabanas.com\/pt-pt\/promocoes-algarve\/#primaryimage\"},\"thumbnailUrl\":\"https:\/\/goldenclubcabanas.com\/wp-content\/uploads\/2025\/03\/Mask-group-2.png\",\"datePublished\":\"2025-05-12T12:25:04+00:00\",\"dateModified\":\"2025-10-23T07:37:19+00:00\",\"description\":\"Aproveite as nossas ofertas exclusivas e pacotes de f\u00e9rias no Algarve. Reserve com anteced\u00eancia e garanta o melhor pre\u00e7o para a sua estadia.\",\"breadcrumb\":{\"@id\":\"https:\/\/goldenclubcabanas.com\/pt-pt\/promocoes-algarve\/#breadcrumb\"},\"inLanguage\":\"pt-PT\",\"potentialAction\":[{\"@type\":\"ReadAction\",\"target\":[\"https:\/\/goldenclubcabanas.com\/pt-pt\/promocoes-algarve\/\"]}]},{\"@type\":\"ImageObject\",\"inLanguage\":\"pt-PT\",\"@id\":\"https:\/\/goldenclubcabanas.com\/pt-pt\/promocoes-algarve\/#primaryimage\",\"url\":\"https:\/\/goldenclubcabanas.com\/wp-content\/uploads\/2025\/03\/Mask-group-2.png\",\"contentUrl\":\"https:\/\/goldenclubcabanas.com\/wp-content\/uploads\/2025\/03\/Mask-group-2.png\"},{\"@type\":\"BreadcrumbList\",\"@id\":\"https:\/\/goldenclubcabanas.com\/pt-pt\/promocoes-algarve\/#breadcrumb\",\"itemListElement\":[{\"@type\":\"ListItem\",\"position\":1,\"name\":\"In\u00edcio\",\"item\":\"https:\/\/goldenclubcabanas.com\/pt-pt\/\"},{\"@type\":\"ListItem\",\"position\":2,\"name\":\"Ofertas Especiais\"}]},{\"@type\":\"WebSite\",\"@id\":\"https:\/\/goldenclubcabanas.com\/en\/#website\",\"url\":\"https:\/\/goldenclubcabanas.com\/en\/\",\"name\":\"Golden Club Cabanas\",\"description\":\"\",\"potentialAction\":[{\"@type\":\"SearchAction\",\"target\":{\"@type\":\"EntryPoint\",\"urlTemplate\":\"https:\/\/goldenclubcabanas.com\/en\/?s={search_term_string}\"},\"query-input\":{\"@type\":\"PropertyValueSpecification\",\"valueRequired\":true,\"valueName\":\"search_term_string\"}}],\"inLanguage\":\"pt-PT\"}]}<\/script>\n<!-- \/ Yoast SEO Premium plugin. -->","yoast_head_json":{"title":"Ofertas Especiais e Promo\u00e7\u00f5es | Golden Club Cabanas","description":"Aproveite as nossas ofertas exclusivas e pacotes de f\u00e9rias no Algarve. Reserve com anteced\u00eancia e garanta o melhor pre\u00e7o para a sua estadia.","robots":{"index":"index","follow":"follow","max-snippet":"max-snippet:-1","max-image-preview":"max-image-preview:large","max-video-preview":"max-video-preview:-1"},"canonical":"https:\/\/goldenclubcabanas.com\/pt-pt\/promocoes-algarve\/","og_locale":"pt_PT","og_type":"article","og_title":"Ofertas Especiais","og_description":"Aproveite as nossas ofertas exclusivas e pacotes de f\u00e9rias no Algarve. Reserve com anteced\u00eancia e garanta o melhor pre\u00e7o para a sua estadia.","og_url":"https:\/\/goldenclubcabanas.com\/pt-pt\/promocoes-algarve\/","og_site_name":"Golden Club Cabanas Aparthotel Algarve, Portugal","article_modified_time":"2025-10-23T07:37:19+00:00","og_image":[{"url":"https:\/\/goldenclubcabanas.com\/wp-content\/uploads\/2025\/03\/Mask-group-2.png","type":"","width":"","height":""}],"twitter_card":"summary_large_image","twitter_misc":{"Tempo estimado de leitura":"1 minuto"},"schema":{"@context":"https:\/\/schema.org","@graph":[{"@type":"WebPage","@id":"https:\/\/goldenclubcabanas.com\/pt-pt\/promocoes-algarve\/","url":"https:\/\/goldenclubcabanas.com\/pt-pt\/promocoes-algarve\/","name":"Ofertas Especiais e Promo\u00e7\u00f5es | Golden Club Cabanas","isPartOf":{"@id":"https:\/\/goldenclubcabanas.com\/en\/#website"},"primaryImageOfPage":{"@id":"https:\/\/goldenclubcabanas.com\/pt-pt\/promocoes-algarve\/#primaryimage"},"image":{"@id":"https:\/\/goldenclubcabanas.com\/pt-pt\/promocoes-algarve\/#primaryimage"},"thumbnailUrl":"https:\/\/goldenclubcabanas.com\/wp-content\/uploads\/2025\/03\/Mask-group-2.png","datePublished":"2025-05-12T12:25:04+00:00","dateModified":"2025-10-23T07:37:19+00:00","description":"Aproveite as nossas ofertas exclusivas e pacotes de f\u00e9rias no Algarve. Reserve com anteced\u00eancia e garanta o melhor pre\u00e7o para a sua estadia.","breadcrumb":{"@id":"https:\/\/goldenclubcabanas.com\/pt-pt\/promocoes-algarve\/#breadcrumb"},"inLanguage":"pt-PT","potentialAction":[{"@type":"ReadAction","target":["https:\/\/goldenclubcabanas.com\/pt-pt\/promocoes-algarve\/"]}]},{"@type":"ImageObject","inLanguage":"pt-PT","@id":"https:\/\/goldenclubcabanas.com\/pt-pt\/promocoes-algarve\/#primaryimage","url":"https:\/\/goldenclubcabanas.com\/wp-content\/uploads\/2025\/03\/Mask-group-2.png","contentUrl":"https:\/\/goldenclubcabanas.com\/wp-content\/uploads\/2025\/03\/Mask-group-2.png"},{"@type":"BreadcrumbList","@id":"https:\/\/goldenclubcabanas.com\/pt-pt\/promocoes-algarve\/#breadcrumb","itemListElement":[{"@type":"ListItem","position":1,"name":"In\u00edcio","item":"https:\/\/goldenclubcabanas.com\/pt-pt\/"},{"@type":"ListItem","position":2,"name":"Ofertas Especiais"}]},{"@type":"WebSite","@id":"https:\/\/goldenclubcabanas.com\/en\/#website","url":"https:\/\/goldenclubcabanas.com\/en\/","name":"Golden Club Cabanas","description":"","potentialAction":[{"@type":"SearchAction","target":{"@type":"EntryPoint","urlTemplate":"https:\/\/goldenclubcabanas.com\/en\/?s={search_term_string}"},"query-input":{"@type":"PropertyValueSpecification","valueRequired":true,"valueName":"search_term_string"}}],"inLanguage":"pt-PT"}]}},"_links":{"self":[{"href":"https:\/\/goldenclubcabanas.com\/pt-pt\/wp-json\/wp\/v2\/pages\/974","targetHints":{"allow":["GET"]}}],"collection":[{"href":"https:\/\/goldenclubcabanas.com\/pt-pt\/wp-json\/wp\/v2\/pages"}],"about":[{"href":"https:\/\/goldenclubcabanas.com\/pt-pt\/wp-json\/wp\/v2\/types\/page"}],"author":[{"embeddable":true,"href":"https:\/\/goldenclubcabanas.com\/pt-pt\/wp-json\/wp\/v2\/users\/2"}],"replies":[{"embeddable":true,"href":"https:\/\/goldenclubcabanas.com\/pt-pt\/wp-json\/wp\/v2\/comments?post=974"}],"version-history":[{"count":14,"href":"https:\/\/goldenclubcabanas.com\/pt-pt\/wp-json\/wp\/v2\/pages\/974\/revisions"}],"predecessor-version":[{"id":7220,"href":"https:\/\/goldenclubcabanas.com\/pt-pt\/wp-json\/wp\/v2\/pages\/974\/revisions\/7220"}],"wp:attachment":[{"href":"https:\/\/goldenclubcabanas.com\/pt-pt\/wp-json\/wp\/v2\/media?parent=974"}],"curies":[{"name":"wp","href":"https:\/\/api.w.org\/{rel}","templated":true}]}}